{"id":3436,"date":"2021-01-17T22:26:34","date_gmt":"2021-01-17T22:26:34","guid":{"rendered":"https:\/\/unitgames.com.ar\/pc-gamers\/?page_id=3436"},"modified":"2021-01-17T22:42:51","modified_gmt":"2021-01-17T22:42:51","slug":"politica-de-privacidad","status":"publish","type":"page","link":"https:\/\/unitgames.com.ar\/pc-gamer\/politica-de-privacidad\/","title":{"rendered":"Politica de Privacidad"},"content":{"rendered":"\t\t<div data-elementor-type=\"wp-page\" data-elementor-id=\"3436\" class=\"elementor elementor-3436\" data-elementor-post-type=\"page\">\n\t\t\t\t\t\t<section class=\"elementor-section elementor-top-section elementor-element elementor-element-6b05bdf elementor-section-boxed elementor-section-height-default elementor-section-height-default wpr-particle-no wpr-jarallax-no wpr-parallax-no wpr-sticky-section-no\" data-id=\"6b05bdf\" data-element_type=\"section\" data-e-type=\"section\">\n\t\t\t\t\t\t<div class=\"elementor-container elementor-column-gap-default\">\n\t\t\t\t\t<div class=\"elementor-column elementor-col-100 elementor-top-column elementor-element elementor-element-c8bbd0b\" data-id=\"c8bbd0b\" data-element_type=\"column\" data-e-type=\"column\">\n\t\t\t<div class=\"elementor-widget-wrap elementor-element-populated\">\n\t\t\t\t\t\t<div class=\"elementor-element elementor-element-92624a6 elementor-widget elementor-widget-heading\" data-id=\"92624a6\" data-element_type=\"widget\" data-e-type=\"widget\" data-widget_type=\"heading.default\">\n\t\t\t\t<div class=\"elementor-widget-container\">\n\t\t\t\t\t<h2 class=\"elementor-heading-title elementor-size-default\">Politica de Privacidad<\/h2>\t\t\t\t<\/div>\n\t\t\t\t<\/div>\n\t\t\t\t\t<\/div>\n\t\t<\/div>\n\t\t\t\t\t<\/div>\n\t\t<\/section>\n\t\t\t\t<section class=\"elementor-section elementor-top-section elementor-element elementor-element-3e1ad19 elementor-section-boxed elementor-section-height-default elementor-section-height-default wpr-particle-no wpr-jarallax-no wpr-parallax-no wpr-sticky-section-no\" data-id=\"3e1ad19\" data-element_type=\"section\" data-e-type=\"section\">\n\t\t\t\t\t\t<div class=\"elementor-container elementor-column-gap-default\">\n\t\t\t\t\t<div class=\"elementor-column elementor-col-66 elementor-top-column elementor-element elementor-element-6868499\" data-id=\"6868499\" data-element_type=\"column\" data-e-type=\"column\">\n\t\t\t<div class=\"elementor-widget-wrap elementor-element-populated\">\n\t\t\t\t\t\t<div class=\"elementor-element elementor-element-720e273 elementor-widget elementor-widget-text-editor\" data-id=\"720e273\" data-element_type=\"widget\" data-e-type=\"widget\" data-widget_type=\"text-editor.default\">\n\t\t\t\t<div class=\"elementor-widget-container\">\n\t\t\t\t\t\t\t\t\t<p><strong>UnitGames.com.ar<\/strong>\u00a0est\u00e1 comprometido a garantizar la confidencialidad de sus servicios en l\u00ednea. El documento que sigue sirve para entender el tratamiento que damos a su informaci\u00f3n personal cuando se suscribe a nuestros servicios.<br \/>Esta Normativa de confidencialidad habla del uso que le damos a la informaci\u00f3n personal que proporciona a <strong>UnitGames.com.ar<\/strong>\u00a0cuando utiliza nuestros servicios.<\/p><p><strong>Recopilaci\u00f3n y uso de informaci\u00f3n:<\/strong><br \/><strong>UnitGames.com.ar<\/strong>\u00a0recoge informaci\u00f3n personal de usuarios que se inscriben para recibir boletines electr\u00f3nicos gratuitos con informaci\u00f3n period\u00edstica o de negocios.<br \/>Cuando se inscribe en los boletines de <strong>UnitGames.com.ar<\/strong>, nosotros le solicitamos los siguientes datos: nombre y apellido, correo electr\u00f3nico, empresa, CUIT y rubro de la empresa.<\/p><p><strong>UnitGames.com.ar utiliza esos datos para:<\/strong><br \/>1. Enviar boletines con ofertas o novedades<br \/>2. Enviar emails con cambios de listas de precios<\/p><p>Usted puede solicitar que se eliminen sus datos de nuestra base para no recibir m\u00e1s nuestros boletines electr\u00f3nicos. Basta con cliquear en alguno de nuestros envios la opcion de \u00abdesuscribirse\u00bb.<\/p><p><strong>UnitGames.com.ar<\/strong> no vende, o intercambia direcciones de correo ni cualquier otra informaci\u00f3n personal, profesional o financiera de nuestros clientes con ninguna otra empresa o entidad.<\/p><p><strong>Uso de cookies:<br \/><\/strong><strong>UnitGames.com.ar<\/strong> puede colocar cookies en su computadora y tener acceso a ellas. <strong>UnitGames.com.ar<\/strong> utiliza cookies solo como modo de identificar dentro de sus servicios a sus usuarios.<\/p><p><strong>Modificaciones a esta Normativa de confidencialidad:<br \/><\/strong><strong>UnitGames.com.ar<\/strong> realiza enmiendas a esta normativa ocasionalmente. Si los cambios que realizamos son importantes y afectan directamente al uso que le damos a la informaci\u00f3n personal de nuestros usuarios, se los haremos saber colocando en nuestras p\u00e1ginas y boletines avisos destacados al respecto.<\/p><p><strong>Dudas o sugerencias:<\/strong><br \/>Si tiene dudas o sugerencias respecto de nuestra Normativa de confidencialidad, puede enviarnos un mensaje a\u00a0<a href=\"mailto:info@unitgames.com.ar\"><strong>info@unitgames.com.ar<\/strong><\/a><\/p>\t\t\t\t\t\t\t\t<\/div>\n\t\t\t\t<\/div>\n\t\t\t\t\t<\/div>\n\t\t<\/div>\n\t\t\t\t<div class=\"elementor-column elementor-col-33 elementor-top-column elementor-element elementor-element-838454e\" data-id=\"838454e\" data-element_type=\"column\" data-e-type=\"column\">\n\t\t\t<div class=\"elementor-widget-wrap\">\n\t\t\t\t\t\t\t<\/div>\n\t\t<\/div>\n\t\t\t\t\t<\/div>\n\t\t<\/section>\n\t\t\t\t<\/div>\n\t\t","protected":false},"excerpt":{"rendered":"<p>Politica de Privacidad UnitGames.com.ar\u00a0est\u00e1 comprometido a garantizar la confidencialidad de sus servicios en l\u00ednea. El documento que sigue sirve para entender el tratamiento que damos a su informaci\u00f3n personal cuando se suscribe a nuestros servicios.Esta Normativa de confidencialidad habla del uso que le damos a la informaci\u00f3n personal que proporciona a UnitGames.com.ar\u00a0cuando utiliza nuestros servicios. Recopilaci\u00f3n y uso de informaci\u00f3n:UnitGames.com.ar\u00a0recoge informaci\u00f3n personal de usuarios que se inscriben para recibir boletines electr\u00f3nicos gratuitos con informaci\u00f3n period\u00edstica o de negocios.Cuando se inscribe en los boletines de UnitGames.com.ar, nosotros le solicitamos los siguientes datos: nombre y apellido, correo electr\u00f3nico, empresa, CUIT y rubro de la empresa. UnitGames.com.ar utiliza esos datos para:1. Enviar boletines con ofertas o novedades2. Enviar emails con cambios de listas de precios Usted puede solicitar que se eliminen sus datos de nuestra base para no recibir m\u00e1s nuestros boletines electr\u00f3nicos. Basta con cliquear en alguno de nuestros envios la opcion de \u00abdesuscribirse\u00bb. UnitGames.com.ar no vende, o intercambia direcciones de correo ni cualquier otra informaci\u00f3n personal, profesional o financiera de nuestros clientes con ninguna otra empresa o entidad. Uso de cookies:UnitGames.com.ar puede colocar cookies en su computadora y tener acceso a ellas. UnitGames.com.ar utiliza cookies solo como modo de identificar dentro de sus servicios a sus usuarios. Modificaciones a esta Normativa de confidencialidad:UnitGames.com.ar realiza enmiendas a esta normativa ocasionalmente. Si los cambios que realizamos son importantes y afectan directamente al uso que le damos a la informaci\u00f3n personal de nuestros usuarios, se los haremos saber colocando en nuestras p\u00e1ginas y boletines avisos destacados al respecto. Dudas o sugerencias:Si tiene dudas o sugerencias respecto de nuestra Normativa de confidencialidad, puede enviarnos un mensaje a\u00a0info@unitgames.com.ar Vista rapida Monitor HP N246v HDMI 23.8&#8243; &#36;22.990,00 A\u00f1adir al carrito Vista rapida Adaptadores para Auriculares PC a PS4 &#36;330,00 A\u00f1adir al carrito Vista rapida Consola SONY PS4 SLIM 1TB &#36;71.500,00 A\u00f1adir al carrito Vista rapida Placa de Video EVGA GEFORCE GTX 1660 Ti SC ULTRA GAMING &#36;50.500,00 A\u00f1adir al carrito<\/p>\n","protected":false},"author":2,"featured_media":0,"parent":0,"menu_order":0,"comment_status":"closed","ping_status":"closed","template":"","meta":{"site-sidebar-layout":"default","site-content-layout":"","ast-site-content-layout":"default","site-content-style":"default","site-sidebar-style":"default","ast-global-header-display":"","ast-banner-title-visibility":"","ast-main-header-display":"","ast-hfb-above-header-display":"","ast-hfb-below-header-display":"","ast-hfb-mobile-header-display":"","site-post-title":"","ast-breadcrumbs-content":"","ast-featured-img":"","footer-sml-layout":"","theme-transparent-header-meta":"","adv-header-id-meta":"","stick-header-meta":"","header-above-stick-meta":"","header-main-stick-meta":"","header-below-stick-meta":"","astra-migrate-meta-layouts":"default","ast-page-background-enabled":"default","ast-page-background-meta":{"desktop":{"background-color":"var(--ast-global-color-5)","background-image":"","background-repeat":"repeat","background-position":"center center","background-size":"auto","background-attachment":"scroll","background-type":"","background-media":"","overlay-type":"","overlay-color":"","overlay-opacity":"","overlay-gradient":""},"tablet":{"background-color":"","background-image":"","background-repeat":"repeat","background-position":"center center","background-size":"auto","background-attachment":"scroll","background-type":"","background-media":"","overlay-type":"","overlay-color":"","overlay-opacity":"","overlay-gradient":""},"mobile":{"background-color":"","background-image":"","background-repeat":"repeat","background-position":"center center","background-size":"auto","background-attachment":"scroll","background-type":"","background-media":"","overlay-type":"","overlay-color":"","overlay-opacity":"","overlay-gradient":""}},"ast-content-background-meta":{"desktop":{"background-color":"var(--ast-global-color-4)","background-image":"","background-repeat":"repeat","background-position":"center center","background-size":"auto","background-attachment":"scroll","background-type":"","background-media":"","overlay-type":"","overlay-color":"","overlay-opacity":"","overlay-gradient":""},"tablet":{"background-color":"var(--ast-global-color-4)","background-image":"","background-repeat":"repeat","background-position":"center center","background-size":"auto","background-attachment":"scroll","background-type":"","background-media":"","overlay-type":"","overlay-color":"","overlay-opacity":"","overlay-gradient":""},"mobile":{"background-color":"var(--ast-global-color-4)","background-image":"","background-repeat":"repeat","background-position":"center center","background-size":"auto","background-attachment":"scroll","background-type":"","background-media":"","overlay-type":"","overlay-color":"","overlay-opacity":"","overlay-gradient":""}},"_joinchat":[],"footnotes":""},"class_list":["post-3436","page","type-page","status-publish","hentry"],"yoast_head":"<!-- This site is optimized with the Yoast SEO plugin v27.3 - https:\/\/yoast.com\/product\/yoast-seo-wordpress\/ -->\n<title>Politica de Privacidad - UnitGames<\/title>\n<meta name=\"robots\" content=\"index, follow, max-snippet:-1, max-image-preview:large, max-video-preview:-1\" \/>\n<link rel=\"canonical\" href=\"https:\/\/unitgames.com.ar\/pc-gamer\/politica-de-privacidad\/\" \/>\n<meta property=\"og:locale\" content=\"es_ES\" \/>\n<meta property=\"og:type\" content=\"article\" \/>\n<meta property=\"og:title\" content=\"Politica de Privacidad - UnitGames\" \/>\n<meta property=\"og:description\" content=\"Politica de Privacidad UnitGames.com.ar\u00a0est\u00e1 comprometido a garantizar la confidencialidad de sus servicios en l\u00ednea. El documento que sigue sirve para entender el tratamiento que damos a su informaci\u00f3n personal cuando se suscribe a nuestros servicios.Esta Normativa de confidencialidad habla del uso que le damos a la informaci\u00f3n personal que proporciona a UnitGames.com.ar\u00a0cuando utiliza nuestros servicios. Recopilaci\u00f3n y uso de informaci\u00f3n:UnitGames.com.ar\u00a0recoge informaci\u00f3n personal de usuarios que se inscriben para recibir boletines electr\u00f3nicos gratuitos con informaci\u00f3n period\u00edstica o de negocios.Cuando se inscribe en los boletines de UnitGames.com.ar, nosotros le solicitamos los siguientes datos: nombre y apellido, correo electr\u00f3nico, empresa, CUIT y rubro de la empresa. UnitGames.com.ar utiliza esos datos para:1. Enviar boletines con ofertas o novedades2. Enviar emails con cambios de listas de precios Usted puede solicitar que se eliminen sus datos de nuestra base para no recibir m\u00e1s nuestros boletines electr\u00f3nicos. Basta con cliquear en alguno de nuestros envios la opcion de \u00abdesuscribirse\u00bb. UnitGames.com.ar no vende, o intercambia direcciones de correo ni cualquier otra informaci\u00f3n personal, profesional o financiera de nuestros clientes con ninguna otra empresa o entidad. Uso de cookies:UnitGames.com.ar puede colocar cookies en su computadora y tener acceso a ellas. UnitGames.com.ar utiliza cookies solo como modo de identificar dentro de sus servicios a sus usuarios. Modificaciones a esta Normativa de confidencialidad:UnitGames.com.ar realiza enmiendas a esta normativa ocasionalmente. Si los cambios que realizamos son importantes y afectan directamente al uso que le damos a la informaci\u00f3n personal de nuestros usuarios, se los haremos saber colocando en nuestras p\u00e1ginas y boletines avisos destacados al respecto. Dudas o sugerencias:Si tiene dudas o sugerencias respecto de nuestra Normativa de confidencialidad, puede enviarnos un mensaje a\u00a0info@unitgames.com.ar Vista rapida Monitor HP N246v HDMI 23.8&#8243; &#036;22.990,00 A\u00f1adir al carrito Vista rapida Adaptadores para Auriculares PC a PS4 &#036;330,00 A\u00f1adir al carrito Vista rapida Consola SONY PS4 SLIM 1TB &#036;71.500,00 A\u00f1adir al carrito Vista rapida Placa de Video EVGA GEFORCE GTX 1660 Ti SC ULTRA GAMING &#036;50.500,00 A\u00f1adir al carrito\" \/>\n<meta property=\"og:url\" content=\"https:\/\/unitgames.com.ar\/pc-gamer\/politica-de-privacidad\/\" \/>\n<meta property=\"og:site_name\" content=\"UnitGames\" \/>\n<meta property=\"article:modified_time\" content=\"2021-01-17T22:42:51+00:00\" \/>\n<meta property=\"og:image\" content=\"https:\/\/unitgames.com.ar\/pc-gamer\/wp-content\/uploads\/2021\/01\/monitor-24-led-hp-n246v-1920x1080-hdmi-dvi-vga-60hz-1rm28aa-D_NQ_NP_836639-MLA31254665822_062019-F-300x300.jpg\" \/>\n<meta name=\"twitter:card\" content=\"summary_large_image\" \/>\n<meta name=\"twitter:label1\" content=\"Tiempo de lectura\" \/>\n\t<meta name=\"twitter:data1\" content=\"3 minutos\" \/>\n<script type=\"application\/ld+json\" class=\"yoast-schema-graph\">{\"@context\":\"https:\\\/\\\/schema.org\",\"@graph\":[{\"@type\":\"WebPage\",\"@id\":\"https:\\\/\\\/unitgames.com.ar\\\/pc-gamer\\\/politica-de-privacidad\\\/\",\"url\":\"https:\\\/\\\/unitgames.com.ar\\\/pc-gamer\\\/politica-de-privacidad\\\/\",\"name\":\"Politica de Privacidad - UnitGames\",\"isPartOf\":{\"@id\":\"https:\\\/\\\/unitgames.com.ar\\\/pc-gamer\\\/#website\"},\"primaryImageOfPage\":{\"@id\":\"https:\\\/\\\/unitgames.com.ar\\\/pc-gamer\\\/politica-de-privacidad\\\/#primaryimage\"},\"image\":{\"@id\":\"https:\\\/\\\/unitgames.com.ar\\\/pc-gamer\\\/politica-de-privacidad\\\/#primaryimage\"},\"thumbnailUrl\":\"https:\\\/\\\/unitgames.com.ar\\\/pc-gamer\\\/wp-content\\\/uploads\\\/2021\\\/01\\\/monitor-24-led-hp-n246v-1920x1080-hdmi-dvi-vga-60hz-1rm28aa-D_NQ_NP_836639-MLA31254665822_062019-F-300x300.jpg\",\"datePublished\":\"2021-01-17T22:26:34+00:00\",\"dateModified\":\"2021-01-17T22:42:51+00:00\",\"inLanguage\":\"es\",\"potentialAction\":[{\"@type\":\"ReadAction\",\"target\":[\"https:\\\/\\\/unitgames.com.ar\\\/pc-gamer\\\/politica-de-privacidad\\\/\"]}]},{\"@type\":\"ImageObject\",\"inLanguage\":\"es\",\"@id\":\"https:\\\/\\\/unitgames.com.ar\\\/pc-gamer\\\/politica-de-privacidad\\\/#primaryimage\",\"url\":\"https:\\\/\\\/unitgames.com.ar\\\/pc-gamer\\\/wp-content\\\/uploads\\\/2021\\\/01\\\/monitor-24-led-hp-n246v-1920x1080-hdmi-dvi-vga-60hz-1rm28aa-D_NQ_NP_836639-MLA31254665822_062019-F.jpg\",\"contentUrl\":\"https:\\\/\\\/unitgames.com.ar\\\/pc-gamer\\\/wp-content\\\/uploads\\\/2021\\\/01\\\/monitor-24-led-hp-n246v-1920x1080-hdmi-dvi-vga-60hz-1rm28aa-D_NQ_NP_836639-MLA31254665822_062019-F.jpg\",\"width\":1000,\"height\":1000},{\"@type\":\"WebSite\",\"@id\":\"https:\\\/\\\/unitgames.com.ar\\\/pc-gamer\\\/#website\",\"url\":\"https:\\\/\\\/unitgames.com.ar\\\/pc-gamer\\\/\",\"name\":\"UnitGames\",\"description\":\"Venta de PC Gamers, Consolas , Servicio Tecnico Especializado. Todos en Accesorios Informaticos y Gamers\",\"publisher\":{\"@id\":\"https:\\\/\\\/unitgames.com.ar\\\/pc-gamer\\\/#organization\"},\"potentialAction\":[{\"@type\":\"SearchAction\",\"target\":{\"@type\":\"EntryPoint\",\"urlTemplate\":\"https:\\\/\\\/unitgames.com.ar\\\/pc-gamer\\\/?s={search_term_string}\"},\"query-input\":{\"@type\":\"PropertyValueSpecification\",\"valueRequired\":true,\"valueName\":\"search_term_string\"}}],\"inLanguage\":\"es\"},{\"@type\":\"Organization\",\"@id\":\"https:\\\/\\\/unitgames.com.ar\\\/pc-gamer\\\/#organization\",\"name\":\"UnitGames\",\"url\":\"https:\\\/\\\/unitgames.com.ar\\\/pc-gamer\\\/\",\"logo\":{\"@type\":\"ImageObject\",\"inLanguage\":\"es\",\"@id\":\"https:\\\/\\\/unitgames.com.ar\\\/pc-gamer\\\/#\\\/schema\\\/logo\\\/image\\\/\",\"url\":\"https:\\\/\\\/unitgames.com.ar\\\/pc-gamer\\\/wp-content\\\/uploads\\\/2021\\\/01\\\/cropped-logoUnitGames2.png\",\"contentUrl\":\"https:\\\/\\\/unitgames.com.ar\\\/pc-gamer\\\/wp-content\\\/uploads\\\/2021\\\/01\\\/cropped-logoUnitGames2.png\",\"width\":152,\"height\":200,\"caption\":\"UnitGames\"},\"image\":{\"@id\":\"https:\\\/\\\/unitgames.com.ar\\\/pc-gamer\\\/#\\\/schema\\\/logo\\\/image\\\/\"}}]}<\/script>\n<!-- \/ Yoast SEO plugin. -->","yoast_head_json":{"title":"Politica de Privacidad - UnitGames","robots":{"index":"index","follow":"follow","max-snippet":"max-snippet:-1","max-image-preview":"max-image-preview:large","max-video-preview":"max-video-preview:-1"},"canonical":"https:\/\/unitgames.com.ar\/pc-gamer\/politica-de-privacidad\/","og_locale":"es_ES","og_type":"article","og_title":"Politica de Privacidad - UnitGames","og_description":"Politica de Privacidad UnitGames.com.ar\u00a0est\u00e1 comprometido a garantizar la confidencialidad de sus servicios en l\u00ednea. El documento que sigue sirve para entender el tratamiento que damos a su informaci\u00f3n personal cuando se suscribe a nuestros servicios.Esta Normativa de confidencialidad habla del uso que le damos a la informaci\u00f3n personal que proporciona a UnitGames.com.ar\u00a0cuando utiliza nuestros servicios. Recopilaci\u00f3n y uso de informaci\u00f3n:UnitGames.com.ar\u00a0recoge informaci\u00f3n personal de usuarios que se inscriben para recibir boletines electr\u00f3nicos gratuitos con informaci\u00f3n period\u00edstica o de negocios.Cuando se inscribe en los boletines de UnitGames.com.ar, nosotros le solicitamos los siguientes datos: nombre y apellido, correo electr\u00f3nico, empresa, CUIT y rubro de la empresa. UnitGames.com.ar utiliza esos datos para:1. Enviar boletines con ofertas o novedades2. Enviar emails con cambios de listas de precios Usted puede solicitar que se eliminen sus datos de nuestra base para no recibir m\u00e1s nuestros boletines electr\u00f3nicos. Basta con cliquear en alguno de nuestros envios la opcion de \u00abdesuscribirse\u00bb. UnitGames.com.ar no vende, o intercambia direcciones de correo ni cualquier otra informaci\u00f3n personal, profesional o financiera de nuestros clientes con ninguna otra empresa o entidad. Uso de cookies:UnitGames.com.ar puede colocar cookies en su computadora y tener acceso a ellas. UnitGames.com.ar utiliza cookies solo como modo de identificar dentro de sus servicios a sus usuarios. Modificaciones a esta Normativa de confidencialidad:UnitGames.com.ar realiza enmiendas a esta normativa ocasionalmente. Si los cambios que realizamos son importantes y afectan directamente al uso que le damos a la informaci\u00f3n personal de nuestros usuarios, se los haremos saber colocando en nuestras p\u00e1ginas y boletines avisos destacados al respecto. Dudas o sugerencias:Si tiene dudas o sugerencias respecto de nuestra Normativa de confidencialidad, puede enviarnos un mensaje a\u00a0info@unitgames.com.ar Vista rapida Monitor HP N246v HDMI 23.8&#8243; &#36;22.990,00 A\u00f1adir al carrito Vista rapida Adaptadores para Auriculares PC a PS4 &#36;330,00 A\u00f1adir al carrito Vista rapida Consola SONY PS4 SLIM 1TB &#36;71.500,00 A\u00f1adir al carrito Vista rapida Placa de Video EVGA GEFORCE GTX 1660 Ti SC ULTRA GAMING &#36;50.500,00 A\u00f1adir al carrito","og_url":"https:\/\/unitgames.com.ar\/pc-gamer\/politica-de-privacidad\/","og_site_name":"UnitGames","article_modified_time":"2021-01-17T22:42:51+00:00","og_image":[{"url":"https:\/\/unitgames.com.ar\/pc-gamer\/wp-content\/uploads\/2021\/01\/monitor-24-led-hp-n246v-1920x1080-hdmi-dvi-vga-60hz-1rm28aa-D_NQ_NP_836639-MLA31254665822_062019-F-300x300.jpg","type":"","width":"","height":""}],"twitter_card":"summary_large_image","twitter_misc":{"Tiempo de lectura":"3 minutos"},"schema":{"@context":"https:\/\/schema.org","@graph":[{"@type":"WebPage","@id":"https:\/\/unitgames.com.ar\/pc-gamer\/politica-de-privacidad\/","url":"https:\/\/unitgames.com.ar\/pc-gamer\/politica-de-privacidad\/","name":"Politica de Privacidad - UnitGames","isPartOf":{"@id":"https:\/\/unitgames.com.ar\/pc-gamer\/#website"},"primaryImageOfPage":{"@id":"https:\/\/unitgames.com.ar\/pc-gamer\/politica-de-privacidad\/#primaryimage"},"image":{"@id":"https:\/\/unitgames.com.ar\/pc-gamer\/politica-de-privacidad\/#primaryimage"},"thumbnailUrl":"https:\/\/unitgames.com.ar\/pc-gamer\/wp-content\/uploads\/2021\/01\/monitor-24-led-hp-n246v-1920x1080-hdmi-dvi-vga-60hz-1rm28aa-D_NQ_NP_836639-MLA31254665822_062019-F-300x300.jpg","datePublished":"2021-01-17T22:26:34+00:00","dateModified":"2021-01-17T22:42:51+00:00","inLanguage":"es","potentialAction":[{"@type":"ReadAction","target":["https:\/\/unitgames.com.ar\/pc-gamer\/politica-de-privacidad\/"]}]},{"@type":"ImageObject","inLanguage":"es","@id":"https:\/\/unitgames.com.ar\/pc-gamer\/politica-de-privacidad\/#primaryimage","url":"https:\/\/unitgames.com.ar\/pc-gamer\/wp-content\/uploads\/2021\/01\/monitor-24-led-hp-n246v-1920x1080-hdmi-dvi-vga-60hz-1rm28aa-D_NQ_NP_836639-MLA31254665822_062019-F.jpg","contentUrl":"https:\/\/unitgames.com.ar\/pc-gamer\/wp-content\/uploads\/2021\/01\/monitor-24-led-hp-n246v-1920x1080-hdmi-dvi-vga-60hz-1rm28aa-D_NQ_NP_836639-MLA31254665822_062019-F.jpg","width":1000,"height":1000},{"@type":"WebSite","@id":"https:\/\/unitgames.com.ar\/pc-gamer\/#website","url":"https:\/\/unitgames.com.ar\/pc-gamer\/","name":"UnitGames","description":"Venta de PC Gamers, Consolas , Servicio Tecnico Especializado. Todos en Accesorios Informaticos y Gamers","publisher":{"@id":"https:\/\/unitgames.com.ar\/pc-gamer\/#organization"},"potentialAction":[{"@type":"SearchAction","target":{"@type":"EntryPoint","urlTemplate":"https:\/\/unitgames.com.ar\/pc-gamer\/?s={search_term_string}"},"query-input":{"@type":"PropertyValueSpecification","valueRequired":true,"valueName":"search_term_string"}}],"inLanguage":"es"},{"@type":"Organization","@id":"https:\/\/unitgames.com.ar\/pc-gamer\/#organization","name":"UnitGames","url":"https:\/\/unitgames.com.ar\/pc-gamer\/","logo":{"@type":"ImageObject","inLanguage":"es","@id":"https:\/\/unitgames.com.ar\/pc-gamer\/#\/schema\/logo\/image\/","url":"https:\/\/unitgames.com.ar\/pc-gamer\/wp-content\/uploads\/2021\/01\/cropped-logoUnitGames2.png","contentUrl":"https:\/\/unitgames.com.ar\/pc-gamer\/wp-content\/uploads\/2021\/01\/cropped-logoUnitGames2.png","width":152,"height":200,"caption":"UnitGames"},"image":{"@id":"https:\/\/unitgames.com.ar\/pc-gamer\/#\/schema\/logo\/image\/"}}]}},"_links":{"self":[{"href":"https:\/\/unitgames.com.ar\/pc-gamer\/wp-json\/wp\/v2\/pages\/3436","targetHints":{"allow":["GET"]}}],"collection":[{"href":"https:\/\/unitgames.com.ar\/pc-gamer\/wp-json\/wp\/v2\/pages"}],"about":[{"href":"https:\/\/unitgames.com.ar\/pc-gamer\/wp-json\/wp\/v2\/types\/page"}],"author":[{"embeddable":true,"href":"https:\/\/unitgames.com.ar\/pc-gamer\/wp-json\/wp\/v2\/users\/2"}],"replies":[{"embeddable":true,"href":"https:\/\/unitgames.com.ar\/pc-gamer\/wp-json\/wp\/v2\/comments?post=3436"}],"version-history":[{"count":0,"href":"https:\/\/unitgames.com.ar\/pc-gamer\/wp-json\/wp\/v2\/pages\/3436\/revisions"}],"wp:attachment":[{"href":"https:\/\/unitgames.com.ar\/pc-gamer\/wp-json\/wp\/v2\/media?parent=3436"}],"curies":[{"name":"wp","href":"https:\/\/api.w.org\/{rel}","templated":true}]}}