{"id":10145,"date":"2023-12-18T12:33:30","date_gmt":"2023-12-18T12:33:30","guid":{"rendered":"https:\/\/unitgames.com.ar\/pc-gamer\/?post_type=product&#038;p=10145"},"modified":"2026-01-09T07:19:52","modified_gmt":"2026-01-09T10:19:52","slug":"teclado-mecanico-redragon-horus-mini-red-switch-negro-wireless","status":"publish","type":"product","link":"https:\/\/unitgames.com.ar\/pc-gamer\/producto\/teclado-mecanico-redragon-horus-mini-red-switch-negro-wireless\/","title":{"rendered":"Teclado Mecanico REDRAGON Horus Mini Red Switch Negro Wireless"},"content":{"rendered":"<p>TECLADO REDRAGON K632 RGB HORUS MINI PRO WIRELESS SW RED LOW PROFILE<\/p>\n<p>Especificaciones T\u00e9cnicas<br \/>\nConexi\u00f3n de 3 modos: aqu\u00ed viene la innovadora tecnolog\u00eda de conexi\u00f3n de 1 modos de 3\u00aa generaci\u00f3n de Redragon, cableado USB-C, modos inal\u00e1mbricos BT 3.0 \/ 5.0 y 2.4Ghz que hacen que la experiencia del usuario se actualice a otro nivel en todos los campos.<br \/>\nHOT-SWAP Low-Profile \u2013 La innovaci\u00f3n transformadora con interruptores de perfil 100% bajo compatibles free-mod intercambiables en caliente Redragon K632 PRO teclado de bajo perfil. El exclusivo dise\u00f1o de estructura exclusiva del z\u00f3calo hace que el montaje del interruptor sea m\u00e1s f\u00e1cil y menos tambaleante.-<\/p>\n<p>60% On-The-Go Type \u2013 Dise\u00f1o compacto est\u00e1ndar 60% con combo liviano de 14.8 oz, lo convierte en un ajuste perfecto para usar sobre la marcha. Ahorre espacio y peso en su equipaje, muy adecuado con computadoras port\u00e1tiles port\u00e1tiles.<\/p>\n<p>30% cortado ultrafino \u2013 Perfil bajo dise\u00f1ado en todo el teclado desde la placa inferior, los interruptores rojos de perfil bajo medio (fuerza de actuaci\u00f3n: 40 g) y las teclas superiores tienen como objetivo acortar la distancia de actuaci\u00f3n tanto como sea posible.<\/p>\n<p>M\u00e1s pr\u00e1ctico adicional: configurado con 4 * 4 teclas macro sobre la marcha y un \u00e1rea de funci\u00f3n dedicada para el control de medios. Conveniente para grabar macros de uso frecuente sin software, reproducir la siguiente canci\u00f3n o simplemente desplazarse para ajustar el volumen.<\/p>\n<p>M\u00e1s detalles Redefinible: junto con el material s\u00f3lido del tanque se encuentra el soporte del controlador de software central Redragon, 16.8 millones de retroiluminaci\u00f3n de colores, reasignaci\u00f3n de teclas est\u00e1ndar y combinaciones de teclas infinitas est\u00e1n disponibles para re-mod personal.<\/p>\n<p>Contenido del paquete<br \/>\nTECLADO REDRAGON HORUS MINI PRO<br \/>\nCABLE USB TIPO C<br \/>\nEXTRACTOR DE KEYCAPS.<br \/>\nEXTRACTOR DE SWITCHES.<br \/>\n4 SWITCHES DE REEMPLAZO<br \/>\nMANUAL DE USO.<br \/>\nSTICKER REDRAGON.<\/p>\n","protected":false},"excerpt":{"rendered":"<p>TECLADO REDRAGON K632 RGB HORUS MINI PRO WIRELESS SW RED LOW PROFILE Especificaciones T\u00e9cnicas Conexi\u00f3n de 3 modos: aqu\u00ed viene la innovadora tecnolog\u00eda de conexi\u00f3n de 1 modos de 3\u00aa generaci\u00f3n de Redragon, cableado USB-C, modos inal\u00e1mbricos BT 3.0 \/ 5.0 y 2.4Ghz que hacen que la experiencia del usuario se actualice a otro nivel en todos los campos. HOT-SWAP Low-Profile \u2013 La innovaci\u00f3n transformadora con interruptores de perfil 100% bajo compatibles free-mod intercambiables en caliente Redragon K632 PRO teclado de bajo perfil. El exclusivo dise\u00f1o de estructura exclusiva del z\u00f3calo hace que el montaje del interruptor sea m\u00e1s f\u00e1cil y menos tambaleante.- 60% On-The-Go Type \u2013 Dise\u00f1o compacto est\u00e1ndar 60% con combo liviano de 14.8 oz, lo convierte en un ajuste perfecto para usar sobre la marcha. Ahorre espacio y peso en su equipaje, muy adecuado con computadoras port\u00e1tiles port\u00e1tiles. 30% cortado ultrafino \u2013 Perfil bajo dise\u00f1ado en todo el teclado desde la placa inferior, los interruptores rojos de perfil bajo medio (fuerza de actuaci\u00f3n: 40 g) y las teclas superiores tienen como objetivo acortar la distancia de actuaci\u00f3n tanto como sea posible. M\u00e1s pr\u00e1ctico adicional: configurado con 4 * 4 teclas macro sobre la marcha y un \u00e1rea de funci\u00f3n dedicada para el control de medios. Conveniente para grabar macros de uso frecuente sin software, reproducir la siguiente canci\u00f3n o simplemente desplazarse para ajustar el volumen. M\u00e1s detalles Redefinible: junto con el material s\u00f3lido del tanque se encuentra el soporte del controlador de software central Redragon, 16.8 millones de retroiluminaci\u00f3n de colores, reasignaci\u00f3n de teclas est\u00e1ndar y combinaciones de teclas infinitas est\u00e1n disponibles para re-mod personal. Contenido del paquete TECLADO REDRAGON HORUS MINI PRO CABLE USB TIPO C EXTRACTOR DE KEYCAPS. EXTRACTOR DE SWITCHES. 4 SWITCHES DE REEMPLAZO MANUAL DE USO. STICKER REDRAGON.<\/p>\n","protected":false},"featured_media":10147,"template":"","meta":{"site-sidebar-layout":"default","site-content-layout":"","ast-site-content-layout":"default","site-content-style":"default","site-sidebar-style":"default","ast-global-header-display":"","ast-banner-title-visibility":"","ast-main-header-display":"","ast-hfb-above-header-display":"","ast-hfb-below-header-display":"","ast-hfb-mobile-header-display":"","site-post-title":"","ast-breadcrumbs-content":"","ast-featured-img":"","footer-sml-layout":"","theme-transparent-header-meta":"default","adv-header-id-meta":"","stick-header-meta":"","header-above-stick-meta":"","header-main-stick-meta":"","header-below-stick-meta":"","astra-migrate-meta-layouts":"set","ast-page-background-enabled":"default","ast-page-background-meta":{"desktop":{"background-color":"var(--ast-global-color-5)","background-image":"","background-repeat":"repeat","background-position":"center center","background-size":"auto","background-attachment":"scroll","background-type":"","background-media":"","overlay-type":"","overlay-color":"","overlay-opacity":"","overlay-gradient":""},"tablet":{"background-color":"","background-image":"","background-repeat":"repeat","background-position":"center center","background-size":"auto","background-attachment":"scroll","background-type":"","background-media":"","overlay-type":"","overlay-color":"","overlay-opacity":"","overlay-gradient":""},"mobile":{"background-color":"","background-image":"","background-repeat":"repeat","background-position":"center center","background-size":"auto","background-attachment":"scroll","background-type":"","background-media":"","overlay-type":"","overlay-color":"","overlay-opacity":"","overlay-gradient":""}},"ast-content-background-meta":{"desktop":{"background-color":"var(--ast-global-color-4)","background-image":"","background-repeat":"repeat","background-position":"center center","background-size":"auto","background-attachment":"scroll","background-type":"","background-media":"","overlay-type":"","overlay-color":"","overlay-opacity":"","overlay-gradient":""},"tablet":{"background-color":"var(--ast-global-color-4)","background-image":"","background-repeat":"repeat","background-position":"center center","background-size":"auto","background-attachment":"scroll","background-type":"","background-media":"","overlay-type":"","overlay-color":"","overlay-opacity":"","overlay-gradient":""},"mobile":{"background-color":"var(--ast-global-color-4)","background-image":"","background-repeat":"repeat","background-position":"center center","background-size":"auto","background-attachment":"scroll","background-type":"","background-media":"","overlay-type":"","overlay-color":"","overlay-opacity":"","overlay-gradient":""}},"_joinchat":[]},"product_brand":[],"product_cat":[92],"product_tag":[],"class_list":{"0":"post-10145","1":"product","2":"type-product","3":"status-publish","4":"has-post-thumbnail","6":"product_cat-teclados-mecanicos","7":"desktop-align-center","8":"tablet-align-left","9":"mobile-align-left","11":"first","12":"outofstock","13":"shipping-taxable","14":"purchasable","15":"product-type-simple"},"yoast_head":"<!-- This site is optimized with the Yoast SEO plugin v27.5 - https:\/\/yoast.com\/product\/yoast-seo-wordpress\/ -->\n<title>Teclado Mecanico REDRAGON Horus Mini Red Switch Negro Wireless - UnitGames<\/title>\n<meta name=\"robots\" content=\"index, follow, max-snippet:-1, max-image-preview:large, max-video-preview:-1\" \/>\n<link rel=\"canonical\" href=\"https:\/\/unitgames.com.ar\/pc-gamer\/producto\/teclado-mecanico-redragon-horus-mini-red-switch-negro-wireless\/\" \/>\n<meta property=\"og:locale\" content=\"es_ES\" \/>\n<meta property=\"og:type\" content=\"article\" \/>\n<meta property=\"og:title\" content=\"Teclado Mecanico REDRAGON Horus Mini Red Switch Negro Wireless - UnitGames\" \/>\n<meta property=\"og:description\" content=\"TECLADO REDRAGON K632 RGB HORUS MINI PRO WIRELESS SW RED LOW PROFILE Especificaciones T\u00e9cnicas Conexi\u00f3n de 3 modos: aqu\u00ed viene la innovadora tecnolog\u00eda de conexi\u00f3n de 1 modos de 3\u00aa generaci\u00f3n de Redragon, cableado USB-C, modos inal\u00e1mbricos BT 3.0 \/ 5.0 y 2.4Ghz que hacen que la experiencia del usuario se actualice a otro nivel en todos los campos. HOT-SWAP Low-Profile \u2013 La innovaci\u00f3n transformadora con interruptores de perfil 100% bajo compatibles free-mod intercambiables en caliente Redragon K632 PRO teclado de bajo perfil. El exclusivo dise\u00f1o de estructura exclusiva del z\u00f3calo hace que el montaje del interruptor sea m\u00e1s f\u00e1cil y menos tambaleante.- 60% On-The-Go Type \u2013 Dise\u00f1o compacto est\u00e1ndar 60% con combo liviano de 14.8 oz, lo convierte en un ajuste perfecto para usar sobre la marcha. Ahorre espacio y peso en su equipaje, muy adecuado con computadoras port\u00e1tiles port\u00e1tiles. 30% cortado ultrafino \u2013 Perfil bajo dise\u00f1ado en todo el teclado desde la placa inferior, los interruptores rojos de perfil bajo medio (fuerza de actuaci\u00f3n: 40 g) y las teclas superiores tienen como objetivo acortar la distancia de actuaci\u00f3n tanto como sea posible. M\u00e1s pr\u00e1ctico adicional: configurado con 4 * 4 teclas macro sobre la marcha y un \u00e1rea de funci\u00f3n dedicada para el control de medios. Conveniente para grabar macros de uso frecuente sin software, reproducir la siguiente canci\u00f3n o simplemente desplazarse para ajustar el volumen. M\u00e1s detalles Redefinible: junto con el material s\u00f3lido del tanque se encuentra el soporte del controlador de software central Redragon, 16.8 millones de retroiluminaci\u00f3n de colores, reasignaci\u00f3n de teclas est\u00e1ndar y combinaciones de teclas infinitas est\u00e1n disponibles para re-mod personal. Contenido del paquete TECLADO REDRAGON HORUS MINI PRO CABLE USB TIPO C EXTRACTOR DE KEYCAPS. EXTRACTOR DE SWITCHES. 4 SWITCHES DE REEMPLAZO MANUAL DE USO. STICKER REDRAGON.\" \/>\n<meta property=\"og:url\" content=\"https:\/\/unitgames.com.ar\/pc-gamer\/producto\/teclado-mecanico-redragon-horus-mini-red-switch-negro-wireless\/\" \/>\n<meta property=\"og:site_name\" content=\"UnitGames\" \/>\n<meta property=\"article:modified_time\" content=\"2026-01-09T10:19:52+00:00\" \/>\n<meta property=\"og:image\" content=\"https:\/\/unitgames.com.ar\/pc-gamer\/wp-content\/uploads\/2023\/12\/Teclado-Mecanico-REDRAGON-Horus-Mini-Red-Switch-Negro-1.png\" \/>\n\t<meta property=\"og:image:width\" content=\"1283\" \/>\n\t<meta property=\"og:image:height\" content=\"1284\" \/>\n\t<meta property=\"og:image:type\" content=\"image\/png\" \/>\n<meta name=\"twitter:card\" content=\"summary_large_image\" \/>\n<meta name=\"twitter:label1\" content=\"Tiempo de lectura\" \/>\n\t<meta name=\"twitter:data1\" content=\"2 minutos\" \/>\n<script type=\"application\/ld+json\" class=\"yoast-schema-graph\">{\"@context\":\"https:\\\/\\\/schema.org\",\"@graph\":[{\"@type\":\"WebPage\",\"@id\":\"https:\\\/\\\/unitgames.com.ar\\\/pc-gamer\\\/producto\\\/teclado-mecanico-redragon-horus-mini-red-switch-negro-wireless\\\/\",\"url\":\"https:\\\/\\\/unitgames.com.ar\\\/pc-gamer\\\/producto\\\/teclado-mecanico-redragon-horus-mini-red-switch-negro-wireless\\\/\",\"name\":\"Teclado Mecanico REDRAGON Horus Mini Red Switch Negro Wireless - UnitGames\",\"isPartOf\":{\"@id\":\"https:\\\/\\\/unitgames.com.ar\\\/pc-gamer\\\/#website\"},\"primaryImageOfPage\":{\"@id\":\"https:\\\/\\\/unitgames.com.ar\\\/pc-gamer\\\/producto\\\/teclado-mecanico-redragon-horus-mini-red-switch-negro-wireless\\\/#primaryimage\"},\"image\":{\"@id\":\"https:\\\/\\\/unitgames.com.ar\\\/pc-gamer\\\/producto\\\/teclado-mecanico-redragon-horus-mini-red-switch-negro-wireless\\\/#primaryimage\"},\"thumbnailUrl\":\"https:\\\/\\\/unitgames.com.ar\\\/pc-gamer\\\/wp-content\\\/uploads\\\/2023\\\/12\\\/Teclado-Mecanico-REDRAGON-Horus-Mini-Red-Switch-Negro-1.png\",\"datePublished\":\"2023-12-18T12:33:30+00:00\",\"dateModified\":\"2026-01-09T10:19:52+00:00\",\"breadcrumb\":{\"@id\":\"https:\\\/\\\/unitgames.com.ar\\\/pc-gamer\\\/producto\\\/teclado-mecanico-redragon-horus-mini-red-switch-negro-wireless\\\/#breadcrumb\"},\"inLanguage\":\"es\",\"potentialAction\":[{\"@type\":\"ReadAction\",\"target\":[\"https:\\\/\\\/unitgames.com.ar\\\/pc-gamer\\\/producto\\\/teclado-mecanico-redragon-horus-mini-red-switch-negro-wireless\\\/\"]}]},{\"@type\":\"ImageObject\",\"inLanguage\":\"es\",\"@id\":\"https:\\\/\\\/unitgames.com.ar\\\/pc-gamer\\\/producto\\\/teclado-mecanico-redragon-horus-mini-red-switch-negro-wireless\\\/#primaryimage\",\"url\":\"https:\\\/\\\/unitgames.com.ar\\\/pc-gamer\\\/wp-content\\\/uploads\\\/2023\\\/12\\\/Teclado-Mecanico-REDRAGON-Horus-Mini-Red-Switch-Negro-1.png\",\"contentUrl\":\"https:\\\/\\\/unitgames.com.ar\\\/pc-gamer\\\/wp-content\\\/uploads\\\/2023\\\/12\\\/Teclado-Mecanico-REDRAGON-Horus-Mini-Red-Switch-Negro-1.png\",\"width\":1283,\"height\":1284},{\"@type\":\"BreadcrumbList\",\"@id\":\"https:\\\/\\\/unitgames.com.ar\\\/pc-gamer\\\/producto\\\/teclado-mecanico-redragon-horus-mini-red-switch-negro-wireless\\\/#breadcrumb\",\"itemListElement\":[{\"@type\":\"ListItem\",\"position\":1,\"name\":\"Tienda\",\"item\":\"https:\\\/\\\/unitgames.com.ar\\\/pc-gamer\\\/tienda\\\/\"},{\"@type\":\"ListItem\",\"position\":2,\"name\":\"Teclado Mecanico REDRAGON Horus Mini Red Switch Negro Wireless\"}]},{\"@type\":\"WebSite\",\"@id\":\"https:\\\/\\\/unitgames.com.ar\\\/pc-gamer\\\/#website\",\"url\":\"https:\\\/\\\/unitgames.com.ar\\\/pc-gamer\\\/\",\"name\":\"UnitGames\",\"description\":\"Venta de PC Gamers, Consolas , Servicio Tecnico Especializado. Todos en Accesorios Informaticos y Gamers\",\"publisher\":{\"@id\":\"https:\\\/\\\/unitgames.com.ar\\\/pc-gamer\\\/#organization\"},\"potentialAction\":[{\"@type\":\"SearchAction\",\"target\":{\"@type\":\"EntryPoint\",\"urlTemplate\":\"https:\\\/\\\/unitgames.com.ar\\\/pc-gamer\\\/?s={search_term_string}\"},\"query-input\":{\"@type\":\"PropertyValueSpecification\",\"valueRequired\":true,\"valueName\":\"search_term_string\"}}],\"inLanguage\":\"es\"},{\"@type\":\"Organization\",\"@id\":\"https:\\\/\\\/unitgames.com.ar\\\/pc-gamer\\\/#organization\",\"name\":\"UnitGames\",\"url\":\"https:\\\/\\\/unitgames.com.ar\\\/pc-gamer\\\/\",\"logo\":{\"@type\":\"ImageObject\",\"inLanguage\":\"es\",\"@id\":\"https:\\\/\\\/unitgames.com.ar\\\/pc-gamer\\\/#\\\/schema\\\/logo\\\/image\\\/\",\"url\":\"https:\\\/\\\/unitgames.com.ar\\\/pc-gamer\\\/wp-content\\\/uploads\\\/2021\\\/01\\\/cropped-logoUnitGames2.png\",\"contentUrl\":\"https:\\\/\\\/unitgames.com.ar\\\/pc-gamer\\\/wp-content\\\/uploads\\\/2021\\\/01\\\/cropped-logoUnitGames2.png\",\"width\":152,\"height\":200,\"caption\":\"UnitGames\"},\"image\":{\"@id\":\"https:\\\/\\\/unitgames.com.ar\\\/pc-gamer\\\/#\\\/schema\\\/logo\\\/image\\\/\"}}]}<\/script>\n<!-- \/ Yoast SEO plugin. -->","yoast_head_json":{"title":"Teclado Mecanico REDRAGON Horus Mini Red Switch Negro Wireless - UnitGames","robots":{"index":"index","follow":"follow","max-snippet":"max-snippet:-1","max-image-preview":"max-image-preview:large","max-video-preview":"max-video-preview:-1"},"canonical":"https:\/\/unitgames.com.ar\/pc-gamer\/producto\/teclado-mecanico-redragon-horus-mini-red-switch-negro-wireless\/","og_locale":"es_ES","og_type":"article","og_title":"Teclado Mecanico REDRAGON Horus Mini Red Switch Negro Wireless - UnitGames","og_description":"TECLADO REDRAGON K632 RGB HORUS MINI PRO WIRELESS SW RED LOW PROFILE Especificaciones T\u00e9cnicas Conexi\u00f3n de 3 modos: aqu\u00ed viene la innovadora tecnolog\u00eda de conexi\u00f3n de 1 modos de 3\u00aa generaci\u00f3n de Redragon, cableado USB-C, modos inal\u00e1mbricos BT 3.0 \/ 5.0 y 2.4Ghz que hacen que la experiencia del usuario se actualice a otro nivel en todos los campos. HOT-SWAP Low-Profile \u2013 La innovaci\u00f3n transformadora con interruptores de perfil 100% bajo compatibles free-mod intercambiables en caliente Redragon K632 PRO teclado de bajo perfil. El exclusivo dise\u00f1o de estructura exclusiva del z\u00f3calo hace que el montaje del interruptor sea m\u00e1s f\u00e1cil y menos tambaleante.- 60% On-The-Go Type \u2013 Dise\u00f1o compacto est\u00e1ndar 60% con combo liviano de 14.8 oz, lo convierte en un ajuste perfecto para usar sobre la marcha. Ahorre espacio y peso en su equipaje, muy adecuado con computadoras port\u00e1tiles port\u00e1tiles. 30% cortado ultrafino \u2013 Perfil bajo dise\u00f1ado en todo el teclado desde la placa inferior, los interruptores rojos de perfil bajo medio (fuerza de actuaci\u00f3n: 40 g) y las teclas superiores tienen como objetivo acortar la distancia de actuaci\u00f3n tanto como sea posible. M\u00e1s pr\u00e1ctico adicional: configurado con 4 * 4 teclas macro sobre la marcha y un \u00e1rea de funci\u00f3n dedicada para el control de medios. Conveniente para grabar macros de uso frecuente sin software, reproducir la siguiente canci\u00f3n o simplemente desplazarse para ajustar el volumen. M\u00e1s detalles Redefinible: junto con el material s\u00f3lido del tanque se encuentra el soporte del controlador de software central Redragon, 16.8 millones de retroiluminaci\u00f3n de colores, reasignaci\u00f3n de teclas est\u00e1ndar y combinaciones de teclas infinitas est\u00e1n disponibles para re-mod personal. Contenido del paquete TECLADO REDRAGON HORUS MINI PRO CABLE USB TIPO C EXTRACTOR DE KEYCAPS. EXTRACTOR DE SWITCHES. 4 SWITCHES DE REEMPLAZO MANUAL DE USO. STICKER REDRAGON.","og_url":"https:\/\/unitgames.com.ar\/pc-gamer\/producto\/teclado-mecanico-redragon-horus-mini-red-switch-negro-wireless\/","og_site_name":"UnitGames","article_modified_time":"2026-01-09T10:19:52+00:00","og_image":[{"width":1283,"height":1284,"url":"https:\/\/unitgames.com.ar\/pc-gamer\/wp-content\/uploads\/2023\/12\/Teclado-Mecanico-REDRAGON-Horus-Mini-Red-Switch-Negro-1.png","type":"image\/png"}],"twitter_card":"summary_large_image","twitter_misc":{"Tiempo de lectura":"2 minutos"},"schema":{"@context":"https:\/\/schema.org","@graph":[{"@type":"WebPage","@id":"https:\/\/unitgames.com.ar\/pc-gamer\/producto\/teclado-mecanico-redragon-horus-mini-red-switch-negro-wireless\/","url":"https:\/\/unitgames.com.ar\/pc-gamer\/producto\/teclado-mecanico-redragon-horus-mini-red-switch-negro-wireless\/","name":"Teclado Mecanico REDRAGON Horus Mini Red Switch Negro Wireless - UnitGames","isPartOf":{"@id":"https:\/\/unitgames.com.ar\/pc-gamer\/#website"},"primaryImageOfPage":{"@id":"https:\/\/unitgames.com.ar\/pc-gamer\/producto\/teclado-mecanico-redragon-horus-mini-red-switch-negro-wireless\/#primaryimage"},"image":{"@id":"https:\/\/unitgames.com.ar\/pc-gamer\/producto\/teclado-mecanico-redragon-horus-mini-red-switch-negro-wireless\/#primaryimage"},"thumbnailUrl":"https:\/\/unitgames.com.ar\/pc-gamer\/wp-content\/uploads\/2023\/12\/Teclado-Mecanico-REDRAGON-Horus-Mini-Red-Switch-Negro-1.png","datePublished":"2023-12-18T12:33:30+00:00","dateModified":"2026-01-09T10:19:52+00:00","breadcrumb":{"@id":"https:\/\/unitgames.com.ar\/pc-gamer\/producto\/teclado-mecanico-redragon-horus-mini-red-switch-negro-wireless\/#breadcrumb"},"inLanguage":"es","potentialAction":[{"@type":"ReadAction","target":["https:\/\/unitgames.com.ar\/pc-gamer\/producto\/teclado-mecanico-redragon-horus-mini-red-switch-negro-wireless\/"]}]},{"@type":"ImageObject","inLanguage":"es","@id":"https:\/\/unitgames.com.ar\/pc-gamer\/producto\/teclado-mecanico-redragon-horus-mini-red-switch-negro-wireless\/#primaryimage","url":"https:\/\/unitgames.com.ar\/pc-gamer\/wp-content\/uploads\/2023\/12\/Teclado-Mecanico-REDRAGON-Horus-Mini-Red-Switch-Negro-1.png","contentUrl":"https:\/\/unitgames.com.ar\/pc-gamer\/wp-content\/uploads\/2023\/12\/Teclado-Mecanico-REDRAGON-Horus-Mini-Red-Switch-Negro-1.png","width":1283,"height":1284},{"@type":"BreadcrumbList","@id":"https:\/\/unitgames.com.ar\/pc-gamer\/producto\/teclado-mecanico-redragon-horus-mini-red-switch-negro-wireless\/#breadcrumb","itemListElement":[{"@type":"ListItem","position":1,"name":"Tienda","item":"https:\/\/unitgames.com.ar\/pc-gamer\/tienda\/"},{"@type":"ListItem","position":2,"name":"Teclado Mecanico REDRAGON Horus Mini Red Switch Negro Wireless"}]},{"@type":"WebSite","@id":"https:\/\/unitgames.com.ar\/pc-gamer\/#website","url":"https:\/\/unitgames.com.ar\/pc-gamer\/","name":"UnitGames","description":"Venta de PC Gamers, Consolas , Servicio Tecnico Especializado. Todos en Accesorios Informaticos y Gamers","publisher":{"@id":"https:\/\/unitgames.com.ar\/pc-gamer\/#organization"},"potentialAction":[{"@type":"SearchAction","target":{"@type":"EntryPoint","urlTemplate":"https:\/\/unitgames.com.ar\/pc-gamer\/?s={search_term_string}"},"query-input":{"@type":"PropertyValueSpecification","valueRequired":true,"valueName":"search_term_string"}}],"inLanguage":"es"},{"@type":"Organization","@id":"https:\/\/unitgames.com.ar\/pc-gamer\/#organization","name":"UnitGames","url":"https:\/\/unitgames.com.ar\/pc-gamer\/","logo":{"@type":"ImageObject","inLanguage":"es","@id":"https:\/\/unitgames.com.ar\/pc-gamer\/#\/schema\/logo\/image\/","url":"https:\/\/unitgames.com.ar\/pc-gamer\/wp-content\/uploads\/2021\/01\/cropped-logoUnitGames2.png","contentUrl":"https:\/\/unitgames.com.ar\/pc-gamer\/wp-content\/uploads\/2021\/01\/cropped-logoUnitGames2.png","width":152,"height":200,"caption":"UnitGames"},"image":{"@id":"https:\/\/unitgames.com.ar\/pc-gamer\/#\/schema\/logo\/image\/"}}]}},"_links":{"self":[{"href":"https:\/\/unitgames.com.ar\/pc-gamer\/wp-json\/wp\/v2\/product\/10145","targetHints":{"allow":["GET"]}}],"collection":[{"href":"https:\/\/unitgames.com.ar\/pc-gamer\/wp-json\/wp\/v2\/product"}],"about":[{"href":"https:\/\/unitgames.com.ar\/pc-gamer\/wp-json\/wp\/v2\/types\/product"}],"version-history":[{"count":0,"href":"https:\/\/unitgames.com.ar\/pc-gamer\/wp-json\/wp\/v2\/product\/10145\/revisions"}],"wp:featuredmedia":[{"embeddable":true,"href":"https:\/\/unitgames.com.ar\/pc-gamer\/wp-json\/wp\/v2\/media\/10147"}],"wp:attachment":[{"href":"https:\/\/unitgames.com.ar\/pc-gamer\/wp-json\/wp\/v2\/media?parent=10145"}],"wp:term":[{"taxonomy":"product_brand","embeddable":true,"href":"https:\/\/unitgames.com.ar\/pc-gamer\/wp-json\/wp\/v2\/product_brand?post=10145"},{"taxonomy":"product_cat","embeddable":true,"href":"https:\/\/unitgames.com.ar\/pc-gamer\/wp-json\/wp\/v2\/product_cat?post=10145"},{"taxonomy":"product_tag","embeddable":true,"href":"https:\/\/unitgames.com.ar\/pc-gamer\/wp-json\/wp\/v2\/product_tag?post=10145"}],"curies":[{"name":"wp","href":"https:\/\/api.w.org\/{rel}","templated":true}]}}