{"id":10150,"date":"2023-12-18T13:01:49","date_gmt":"2023-12-18T13:01:49","guid":{"rendered":"https:\/\/unitgames.com.ar\/pc-gamer\/?post_type=product&#038;p=10150"},"modified":"2026-01-09T07:19:52","modified_gmt":"2026-01-09T10:19:52","slug":"teclado-membrana-redragon-dyaus","status":"publish","type":"product","link":"https:\/\/unitgames.com.ar\/pc-gamer\/producto\/teclado-membrana-redragon-dyaus\/","title":{"rendered":"Teclado Membrana REDRAGON Dyaus"},"content":{"rendered":"<div class=\"hero-product__caption\">\n<h2 class=\"hero-product-title\">Teclado DYAUS 2 K509<\/h2>\n<\/div>\n<div id=\"description\">\n<div class=\"py-4\">\n<p>DYAUS 2 K509 RGB\u00a0Un silencioso teclado de membrana, el Dyaus nos presenta una construcci\u00f3n robusta de aluminio, pl\u00e1stico ABS y teclas de doble inyecci\u00f3n que aseguran una gran durabilidad tanto para jugar como para tipear.\u00a0La retroiluminaci\u00f3n en 7 colores nos permite configurar detalles como la intensidad del brillo, velocidad del efecto de respiraci\u00f3n o apagar completamente la iluminaci\u00f3n, mostrando el detalle de la iluminaci\u00f3n tanto en las teclas como en el borde del cuerpo.<br \/>\nDise\u00f1ado para resistir derrames de l\u00edquidos, 25 teclas libres de conflictos (Key Rollover), 11 teclas multimedia, teclado tipo full con pad num\u00e9rico, conexi\u00f3n USB tratado contra corrosi\u00f3n<\/p>\n<\/div>\n<\/div>\n<hr \/>\n<div id=\"specs\">\n<div class=\"py-2\">\n<h2 class=\"mt-4\">Especificaciones:<\/h2>\n<ul class=\"list-group list-group-flush\">\n<li class=\"list-group-item\">Marca: Redragon<\/li>\n<li class=\"list-group-item\">Modelo: DYAUS 2<\/li>\n<li class=\"list-group-item\">Codigo del fabricante: K509<\/li>\n<li class=\"list-group-item\">Codigo universal del producto: 6950376776570<\/li>\n<li class=\"list-group-item\">Color: Negro<\/li>\n<li class=\"list-group-item\">Tipo de Teclado: Membrana<\/li>\n<li class=\"list-group-item\">Tipo de Switch: Membrana<\/li>\n<li class=\"list-group-item\">Distancia de actuaci\u00f3n: N\/A<\/li>\n<li class=\"list-group-item\">Fuerza de actuaci\u00f3n: N\/A<\/li>\n<li class=\"list-group-item\">Recorrido total: N\/A<\/li>\n<li class=\"list-group-item\">Velocidad de respuesta: N\/A<\/li>\n<li class=\"list-group-item\">Forma de las teclas: Cil\u00edndrica<\/li>\n<li class=\"list-group-item\">Cantidad de teclas: 104<\/li>\n<li class=\"list-group-item\">Cantidad de teclas programables: No<\/li>\n<li class=\"list-group-item\">Con teclas anti-ghost: S\u00ed<\/li>\n<li class=\"list-group-item\">Teclas Multimedia: Si, a tr\u00e1ves de tecla FN<\/li>\n<li class=\"list-group-item\">Teclas Macro Dedicadas: No<\/li>\n<li class=\"list-group-item\">Bloqueo Tecla Windows: Si<\/li>\n<li class=\"list-group-item\">Es gamer: S\u00ed<\/li>\n<li class=\"list-group-item\">Tama\u00f1o teclado: Tama\u00f1o completo<\/li>\n<li class=\"list-group-item\">Reposamu\u00f1ecas: No<\/li>\n<li class=\"list-group-item\">Retroiluminado: Si, 7 colores<\/li>\n<li class=\"list-group-item\">Cable: Goma<\/li>\n<li class=\"list-group-item\">Con cable removible: No<\/li>\n<li class=\"list-group-item\">Largo del cable: 1.8 m<\/li>\n<li class=\"list-group-item\">Construcci\u00f3n: Pl\u00e1stico ABS reforzado y placa de aluminio anodizado<\/li>\n<li class=\"list-group-item\">Anti salpicaduras: Si<\/li>\n<li class=\"list-group-item\">Idioma: Espa\u00f1ol<\/li>\n<li class=\"list-group-item\">Peso: 0.95 kg<\/li>\n<li class=\"list-group-item\">Dimensiones: 44.7\u00d714.5\u00d73.3 cm<\/li>\n<li class=\"list-group-item\">Software: No<\/li>\n<li class=\"list-group-item\">Incluye pilas: No<\/li>\n<li class=\"list-group-item\">Es para una mano: No<\/li>\n<li class=\"list-group-item\">Tipo de conector: USB<\/li>\n<li class=\"list-group-item\">Con recepci\u00f3n inal\u00e1mbrica: No<\/li>\n<li class=\"list-group-item\">Con interfaz USB: Si<\/li>\n<li class=\"list-group-item\">Con Bluetooth: No<\/li>\n<li class=\"list-group-item\">Es ergon\u00f3mica: S\u00ed<\/li>\n<li class=\"list-group-item\">Con touchpad: No<\/li>\n<li class=\"list-group-item\">Con pad num\u00e9rico: Si<\/li>\n<li class=\"list-group-item\">Con trackball: No<\/li>\n<li class=\"list-group-item\">Extras: Teclas de ABS reforzado grabado con l\u00e1ser<\/li>\n<\/ul>\n<\/div>\n<\/div>\n","protected":false},"excerpt":{"rendered":"<p>Teclado DYAUS 2 K509 DYAUS 2 K509 RGB\u00a0Un silencioso teclado de membrana, el Dyaus nos presenta una construcci\u00f3n robusta de aluminio, pl\u00e1stico ABS y teclas de doble inyecci\u00f3n que aseguran una gran durabilidad tanto para jugar como para tipear.\u00a0La retroiluminaci\u00f3n en 7 colores nos permite configurar detalles como la intensidad del brillo, velocidad del efecto de respiraci\u00f3n o apagar completamente la iluminaci\u00f3n, mostrando el detalle de la iluminaci\u00f3n tanto en las teclas como en el borde del cuerpo. Dise\u00f1ado para resistir derrames de l\u00edquidos, 25 teclas libres de conflictos (Key Rollover), 11 teclas multimedia, teclado tipo full con pad num\u00e9rico, conexi\u00f3n USB tratado contra corrosi\u00f3n Especificaciones: Marca: Redragon Modelo: DYAUS 2 Codigo del fabricante: K509 Codigo universal del producto: 6950376776570 Color: Negro Tipo de Teclado: Membrana Tipo de Switch: Membrana Distancia de actuaci\u00f3n: N\/A Fuerza de actuaci\u00f3n: N\/A Recorrido total: N\/A Velocidad de respuesta: N\/A Forma de las teclas: Cil\u00edndrica Cantidad de teclas: 104 Cantidad de teclas programables: No Con teclas anti-ghost: S\u00ed Teclas Multimedia: Si, a tr\u00e1ves de tecla FN Teclas Macro Dedicadas: No Bloqueo Tecla Windows: Si Es gamer: S\u00ed Tama\u00f1o teclado: Tama\u00f1o completo Reposamu\u00f1ecas: No Retroiluminado: Si, 7 colores Cable: Goma Con cable removible: No Largo del cable: 1.8 m Construcci\u00f3n: Pl\u00e1stico ABS reforzado y placa de aluminio anodizado Anti salpicaduras: Si Idioma: Espa\u00f1ol Peso: 0.95 kg Dimensiones: 44.7\u00d714.5\u00d73.3 cm Software: No Incluye pilas: No Es para una mano: No Tipo de conector: USB Con recepci\u00f3n inal\u00e1mbrica: No Con interfaz USB: Si Con Bluetooth: No Es ergon\u00f3mica: S\u00ed Con touchpad: No Con pad num\u00e9rico: Si Con trackball: No Extras: Teclas de ABS reforzado grabado con l\u00e1ser<\/p>\n","protected":false},"featured_media":10157,"template":"","meta":{"site-sidebar-layout":"default","site-content-layout":"","ast-site-content-layout":"default","site-content-style":"default","site-sidebar-style":"default","ast-global-header-display":"","ast-banner-title-visibility":"","ast-main-header-display":"","ast-hfb-above-header-display":"","ast-hfb-below-header-display":"","ast-hfb-mobile-header-display":"","site-post-title":"","ast-breadcrumbs-content":"","ast-featured-img":"","footer-sml-layout":"","theme-transparent-header-meta":"","adv-header-id-meta":"","stick-header-meta":"","header-above-stick-meta":"","header-main-stick-meta":"","header-below-stick-meta":"","astra-migrate-meta-layouts":"default","ast-page-background-enabled":"default","ast-page-background-meta":{"desktop":{"background-color":"var(--ast-global-color-5)","background-image":"","background-repeat":"repeat","background-position":"center center","background-size":"auto","background-attachment":"scroll","background-type":"","background-media":"","overlay-type":"","overlay-color":"","overlay-opacity":"","overlay-gradient":""},"tablet":{"background-color":"","background-image":"","background-repeat":"repeat","background-position":"center center","background-size":"auto","background-attachment":"scroll","background-type":"","background-media":"","overlay-type":"","overlay-color":"","overlay-opacity":"","overlay-gradient":""},"mobile":{"background-color":"","background-image":"","background-repeat":"repeat","background-position":"center center","background-size":"auto","background-attachment":"scroll","background-type":"","background-media":"","overlay-type":"","overlay-color":"","overlay-opacity":"","overlay-gradient":""}},"ast-content-background-meta":{"desktop":{"background-color":"var(--ast-global-color-4)","background-image":"","background-repeat":"repeat","background-position":"center center","background-size":"auto","background-attachment":"scroll","background-type":"","background-media":"","overlay-type":"","overlay-color":"","overlay-opacity":"","overlay-gradient":""},"tablet":{"background-color":"var(--ast-global-color-4)","background-image":"","background-repeat":"repeat","background-position":"center center","background-size":"auto","background-attachment":"scroll","background-type":"","background-media":"","overlay-type":"","overlay-color":"","overlay-opacity":"","overlay-gradient":""},"mobile":{"background-color":"var(--ast-global-color-4)","background-image":"","background-repeat":"repeat","background-position":"center center","background-size":"auto","background-attachment":"scroll","background-type":"","background-media":"","overlay-type":"","overlay-color":"","overlay-opacity":"","overlay-gradient":""}},"_joinchat":[]},"product_brand":[],"product_cat":[93],"product_tag":[],"class_list":{"0":"post-10150","1":"product","2":"type-product","3":"status-publish","4":"has-post-thumbnail","6":"product_cat-teclados-membrana","7":"desktop-align-center","8":"tablet-align-left","9":"mobile-align-left","11":"first","12":"outofstock","13":"shipping-taxable","14":"purchasable","15":"product-type-simple"},"yoast_head":"<!-- This site is optimized with the Yoast SEO plugin v27.3 - https:\/\/yoast.com\/product\/yoast-seo-wordpress\/ -->\n<title>Teclado Membrana REDRAGON Dyaus - UnitGames<\/title>\n<meta name=\"robots\" content=\"index, follow, max-snippet:-1, max-image-preview:large, max-video-preview:-1\" \/>\n<link rel=\"canonical\" href=\"https:\/\/unitgames.com.ar\/pc-gamer\/producto\/teclado-membrana-redragon-dyaus\/\" \/>\n<meta property=\"og:locale\" content=\"es_ES\" \/>\n<meta property=\"og:type\" content=\"article\" \/>\n<meta property=\"og:title\" content=\"Teclado Membrana REDRAGON Dyaus - UnitGames\" \/>\n<meta property=\"og:description\" content=\"Teclado DYAUS 2 K509 DYAUS 2 K509 RGB\u00a0Un silencioso teclado de membrana, el Dyaus nos presenta una construcci\u00f3n robusta de aluminio, pl\u00e1stico ABS y teclas de doble inyecci\u00f3n que aseguran una gran durabilidad tanto para jugar como para tipear.\u00a0La retroiluminaci\u00f3n en 7 colores nos permite configurar detalles como la intensidad del brillo, velocidad del efecto de respiraci\u00f3n o apagar completamente la iluminaci\u00f3n, mostrando el detalle de la iluminaci\u00f3n tanto en las teclas como en el borde del cuerpo. Dise\u00f1ado para resistir derrames de l\u00edquidos, 25 teclas libres de conflictos (Key Rollover), 11 teclas multimedia, teclado tipo full con pad num\u00e9rico, conexi\u00f3n USB tratado contra corrosi\u00f3n Especificaciones: Marca: Redragon Modelo: DYAUS 2 Codigo del fabricante: K509 Codigo universal del producto: 6950376776570 Color: Negro Tipo de Teclado: Membrana Tipo de Switch: Membrana Distancia de actuaci\u00f3n: N\/A Fuerza de actuaci\u00f3n: N\/A Recorrido total: N\/A Velocidad de respuesta: N\/A Forma de las teclas: Cil\u00edndrica Cantidad de teclas: 104 Cantidad de teclas programables: No Con teclas anti-ghost: S\u00ed Teclas Multimedia: Si, a tr\u00e1ves de tecla FN Teclas Macro Dedicadas: No Bloqueo Tecla Windows: Si Es gamer: S\u00ed Tama\u00f1o teclado: Tama\u00f1o completo Reposamu\u00f1ecas: No Retroiluminado: Si, 7 colores Cable: Goma Con cable removible: No Largo del cable: 1.8 m Construcci\u00f3n: Pl\u00e1stico ABS reforzado y placa de aluminio anodizado Anti salpicaduras: Si Idioma: Espa\u00f1ol Peso: 0.95 kg Dimensiones: 44.7\u00d714.5\u00d73.3 cm Software: No Incluye pilas: No Es para una mano: No Tipo de conector: USB Con recepci\u00f3n inal\u00e1mbrica: No Con interfaz USB: Si Con Bluetooth: No Es ergon\u00f3mica: S\u00ed Con touchpad: No Con pad num\u00e9rico: Si Con trackball: No Extras: Teclas de ABS reforzado grabado con l\u00e1ser\" \/>\n<meta property=\"og:url\" content=\"https:\/\/unitgames.com.ar\/pc-gamer\/producto\/teclado-membrana-redragon-dyaus\/\" \/>\n<meta property=\"og:site_name\" content=\"UnitGames\" \/>\n<meta property=\"article:modified_time\" content=\"2026-01-09T10:19:52+00:00\" \/>\n<meta property=\"og:image\" content=\"https:\/\/unitgames.com.ar\/pc-gamer\/wp-content\/uploads\/2023\/12\/Teclado-Membrana-REDRAGON-Dyaus.png\" \/>\n\t<meta property=\"og:image:width\" content=\"1283\" \/>\n\t<meta property=\"og:image:height\" content=\"1284\" \/>\n\t<meta property=\"og:image:type\" content=\"image\/png\" \/>\n<meta name=\"twitter:card\" content=\"summary_large_image\" \/>\n<meta name=\"twitter:label1\" content=\"Tiempo de lectura\" \/>\n\t<meta name=\"twitter:data1\" content=\"2 minutos\" \/>\n<script type=\"application\/ld+json\" class=\"yoast-schema-graph\">{\"@context\":\"https:\\\/\\\/schema.org\",\"@graph\":[{\"@type\":\"WebPage\",\"@id\":\"https:\\\/\\\/unitgames.com.ar\\\/pc-gamer\\\/producto\\\/teclado-membrana-redragon-dyaus\\\/\",\"url\":\"https:\\\/\\\/unitgames.com.ar\\\/pc-gamer\\\/producto\\\/teclado-membrana-redragon-dyaus\\\/\",\"name\":\"Teclado Membrana REDRAGON Dyaus - UnitGames\",\"isPartOf\":{\"@id\":\"https:\\\/\\\/unitgames.com.ar\\\/pc-gamer\\\/#website\"},\"primaryImageOfPage\":{\"@id\":\"https:\\\/\\\/unitgames.com.ar\\\/pc-gamer\\\/producto\\\/teclado-membrana-redragon-dyaus\\\/#primaryimage\"},\"image\":{\"@id\":\"https:\\\/\\\/unitgames.com.ar\\\/pc-gamer\\\/producto\\\/teclado-membrana-redragon-dyaus\\\/#primaryimage\"},\"thumbnailUrl\":\"https:\\\/\\\/unitgames.com.ar\\\/pc-gamer\\\/wp-content\\\/uploads\\\/2023\\\/12\\\/Teclado-Membrana-REDRAGON-Dyaus.png\",\"datePublished\":\"2023-12-18T13:01:49+00:00\",\"dateModified\":\"2026-01-09T10:19:52+00:00\",\"breadcrumb\":{\"@id\":\"https:\\\/\\\/unitgames.com.ar\\\/pc-gamer\\\/producto\\\/teclado-membrana-redragon-dyaus\\\/#breadcrumb\"},\"inLanguage\":\"es\",\"potentialAction\":[{\"@type\":\"ReadAction\",\"target\":[\"https:\\\/\\\/unitgames.com.ar\\\/pc-gamer\\\/producto\\\/teclado-membrana-redragon-dyaus\\\/\"]}]},{\"@type\":\"ImageObject\",\"inLanguage\":\"es\",\"@id\":\"https:\\\/\\\/unitgames.com.ar\\\/pc-gamer\\\/producto\\\/teclado-membrana-redragon-dyaus\\\/#primaryimage\",\"url\":\"https:\\\/\\\/unitgames.com.ar\\\/pc-gamer\\\/wp-content\\\/uploads\\\/2023\\\/12\\\/Teclado-Membrana-REDRAGON-Dyaus.png\",\"contentUrl\":\"https:\\\/\\\/unitgames.com.ar\\\/pc-gamer\\\/wp-content\\\/uploads\\\/2023\\\/12\\\/Teclado-Membrana-REDRAGON-Dyaus.png\",\"width\":1283,\"height\":1284},{\"@type\":\"BreadcrumbList\",\"@id\":\"https:\\\/\\\/unitgames.com.ar\\\/pc-gamer\\\/producto\\\/teclado-membrana-redragon-dyaus\\\/#breadcrumb\",\"itemListElement\":[{\"@type\":\"ListItem\",\"position\":1,\"name\":\"Tienda\",\"item\":\"https:\\\/\\\/unitgames.com.ar\\\/pc-gamer\\\/tienda\\\/\"},{\"@type\":\"ListItem\",\"position\":2,\"name\":\"Teclado Membrana REDRAGON Dyaus\"}]},{\"@type\":\"WebSite\",\"@id\":\"https:\\\/\\\/unitgames.com.ar\\\/pc-gamer\\\/#website\",\"url\":\"https:\\\/\\\/unitgames.com.ar\\\/pc-gamer\\\/\",\"name\":\"UnitGames\",\"description\":\"Venta de PC Gamers, Consolas , Servicio Tecnico Especializado. Todos en Accesorios Informaticos y Gamers\",\"publisher\":{\"@id\":\"https:\\\/\\\/unitgames.com.ar\\\/pc-gamer\\\/#organization\"},\"potentialAction\":[{\"@type\":\"SearchAction\",\"target\":{\"@type\":\"EntryPoint\",\"urlTemplate\":\"https:\\\/\\\/unitgames.com.ar\\\/pc-gamer\\\/?s={search_term_string}\"},\"query-input\":{\"@type\":\"PropertyValueSpecification\",\"valueRequired\":true,\"valueName\":\"search_term_string\"}}],\"inLanguage\":\"es\"},{\"@type\":\"Organization\",\"@id\":\"https:\\\/\\\/unitgames.com.ar\\\/pc-gamer\\\/#organization\",\"name\":\"UnitGames\",\"url\":\"https:\\\/\\\/unitgames.com.ar\\\/pc-gamer\\\/\",\"logo\":{\"@type\":\"ImageObject\",\"inLanguage\":\"es\",\"@id\":\"https:\\\/\\\/unitgames.com.ar\\\/pc-gamer\\\/#\\\/schema\\\/logo\\\/image\\\/\",\"url\":\"https:\\\/\\\/unitgames.com.ar\\\/pc-gamer\\\/wp-content\\\/uploads\\\/2021\\\/01\\\/cropped-logoUnitGames2.png\",\"contentUrl\":\"https:\\\/\\\/unitgames.com.ar\\\/pc-gamer\\\/wp-content\\\/uploads\\\/2021\\\/01\\\/cropped-logoUnitGames2.png\",\"width\":152,\"height\":200,\"caption\":\"UnitGames\"},\"image\":{\"@id\":\"https:\\\/\\\/unitgames.com.ar\\\/pc-gamer\\\/#\\\/schema\\\/logo\\\/image\\\/\"}}]}<\/script>\n<!-- \/ Yoast SEO plugin. -->","yoast_head_json":{"title":"Teclado Membrana REDRAGON Dyaus - UnitGames","robots":{"index":"index","follow":"follow","max-snippet":"max-snippet:-1","max-image-preview":"max-image-preview:large","max-video-preview":"max-video-preview:-1"},"canonical":"https:\/\/unitgames.com.ar\/pc-gamer\/producto\/teclado-membrana-redragon-dyaus\/","og_locale":"es_ES","og_type":"article","og_title":"Teclado Membrana REDRAGON Dyaus - UnitGames","og_description":"Teclado DYAUS 2 K509 DYAUS 2 K509 RGB\u00a0Un silencioso teclado de membrana, el Dyaus nos presenta una construcci\u00f3n robusta de aluminio, pl\u00e1stico ABS y teclas de doble inyecci\u00f3n que aseguran una gran durabilidad tanto para jugar como para tipear.\u00a0La retroiluminaci\u00f3n en 7 colores nos permite configurar detalles como la intensidad del brillo, velocidad del efecto de respiraci\u00f3n o apagar completamente la iluminaci\u00f3n, mostrando el detalle de la iluminaci\u00f3n tanto en las teclas como en el borde del cuerpo. Dise\u00f1ado para resistir derrames de l\u00edquidos, 25 teclas libres de conflictos (Key Rollover), 11 teclas multimedia, teclado tipo full con pad num\u00e9rico, conexi\u00f3n USB tratado contra corrosi\u00f3n Especificaciones: Marca: Redragon Modelo: DYAUS 2 Codigo del fabricante: K509 Codigo universal del producto: 6950376776570 Color: Negro Tipo de Teclado: Membrana Tipo de Switch: Membrana Distancia de actuaci\u00f3n: N\/A Fuerza de actuaci\u00f3n: N\/A Recorrido total: N\/A Velocidad de respuesta: N\/A Forma de las teclas: Cil\u00edndrica Cantidad de teclas: 104 Cantidad de teclas programables: No Con teclas anti-ghost: S\u00ed Teclas Multimedia: Si, a tr\u00e1ves de tecla FN Teclas Macro Dedicadas: No Bloqueo Tecla Windows: Si Es gamer: S\u00ed Tama\u00f1o teclado: Tama\u00f1o completo Reposamu\u00f1ecas: No Retroiluminado: Si, 7 colores Cable: Goma Con cable removible: No Largo del cable: 1.8 m Construcci\u00f3n: Pl\u00e1stico ABS reforzado y placa de aluminio anodizado Anti salpicaduras: Si Idioma: Espa\u00f1ol Peso: 0.95 kg Dimensiones: 44.7\u00d714.5\u00d73.3 cm Software: No Incluye pilas: No Es para una mano: No Tipo de conector: USB Con recepci\u00f3n inal\u00e1mbrica: No Con interfaz USB: Si Con Bluetooth: No Es ergon\u00f3mica: S\u00ed Con touchpad: No Con pad num\u00e9rico: Si Con trackball: No Extras: Teclas de ABS reforzado grabado con l\u00e1ser","og_url":"https:\/\/unitgames.com.ar\/pc-gamer\/producto\/teclado-membrana-redragon-dyaus\/","og_site_name":"UnitGames","article_modified_time":"2026-01-09T10:19:52+00:00","og_image":[{"width":1283,"height":1284,"url":"https:\/\/unitgames.com.ar\/pc-gamer\/wp-content\/uploads\/2023\/12\/Teclado-Membrana-REDRAGON-Dyaus.png","type":"image\/png"}],"twitter_card":"summary_large_image","twitter_misc":{"Tiempo de lectura":"2 minutos"},"schema":{"@context":"https:\/\/schema.org","@graph":[{"@type":"WebPage","@id":"https:\/\/unitgames.com.ar\/pc-gamer\/producto\/teclado-membrana-redragon-dyaus\/","url":"https:\/\/unitgames.com.ar\/pc-gamer\/producto\/teclado-membrana-redragon-dyaus\/","name":"Teclado Membrana REDRAGON Dyaus - UnitGames","isPartOf":{"@id":"https:\/\/unitgames.com.ar\/pc-gamer\/#website"},"primaryImageOfPage":{"@id":"https:\/\/unitgames.com.ar\/pc-gamer\/producto\/teclado-membrana-redragon-dyaus\/#primaryimage"},"image":{"@id":"https:\/\/unitgames.com.ar\/pc-gamer\/producto\/teclado-membrana-redragon-dyaus\/#primaryimage"},"thumbnailUrl":"https:\/\/unitgames.com.ar\/pc-gamer\/wp-content\/uploads\/2023\/12\/Teclado-Membrana-REDRAGON-Dyaus.png","datePublished":"2023-12-18T13:01:49+00:00","dateModified":"2026-01-09T10:19:52+00:00","breadcrumb":{"@id":"https:\/\/unitgames.com.ar\/pc-gamer\/producto\/teclado-membrana-redragon-dyaus\/#breadcrumb"},"inLanguage":"es","potentialAction":[{"@type":"ReadAction","target":["https:\/\/unitgames.com.ar\/pc-gamer\/producto\/teclado-membrana-redragon-dyaus\/"]}]},{"@type":"ImageObject","inLanguage":"es","@id":"https:\/\/unitgames.com.ar\/pc-gamer\/producto\/teclado-membrana-redragon-dyaus\/#primaryimage","url":"https:\/\/unitgames.com.ar\/pc-gamer\/wp-content\/uploads\/2023\/12\/Teclado-Membrana-REDRAGON-Dyaus.png","contentUrl":"https:\/\/unitgames.com.ar\/pc-gamer\/wp-content\/uploads\/2023\/12\/Teclado-Membrana-REDRAGON-Dyaus.png","width":1283,"height":1284},{"@type":"BreadcrumbList","@id":"https:\/\/unitgames.com.ar\/pc-gamer\/producto\/teclado-membrana-redragon-dyaus\/#breadcrumb","itemListElement":[{"@type":"ListItem","position":1,"name":"Tienda","item":"https:\/\/unitgames.com.ar\/pc-gamer\/tienda\/"},{"@type":"ListItem","position":2,"name":"Teclado Membrana REDRAGON Dyaus"}]},{"@type":"WebSite","@id":"https:\/\/unitgames.com.ar\/pc-gamer\/#website","url":"https:\/\/unitgames.com.ar\/pc-gamer\/","name":"UnitGames","description":"Venta de PC Gamers, Consolas , Servicio Tecnico Especializado. Todos en Accesorios Informaticos y Gamers","publisher":{"@id":"https:\/\/unitgames.com.ar\/pc-gamer\/#organization"},"potentialAction":[{"@type":"SearchAction","target":{"@type":"EntryPoint","urlTemplate":"https:\/\/unitgames.com.ar\/pc-gamer\/?s={search_term_string}"},"query-input":{"@type":"PropertyValueSpecification","valueRequired":true,"valueName":"search_term_string"}}],"inLanguage":"es"},{"@type":"Organization","@id":"https:\/\/unitgames.com.ar\/pc-gamer\/#organization","name":"UnitGames","url":"https:\/\/unitgames.com.ar\/pc-gamer\/","logo":{"@type":"ImageObject","inLanguage":"es","@id":"https:\/\/unitgames.com.ar\/pc-gamer\/#\/schema\/logo\/image\/","url":"https:\/\/unitgames.com.ar\/pc-gamer\/wp-content\/uploads\/2021\/01\/cropped-logoUnitGames2.png","contentUrl":"https:\/\/unitgames.com.ar\/pc-gamer\/wp-content\/uploads\/2021\/01\/cropped-logoUnitGames2.png","width":152,"height":200,"caption":"UnitGames"},"image":{"@id":"https:\/\/unitgames.com.ar\/pc-gamer\/#\/schema\/logo\/image\/"}}]}},"_links":{"self":[{"href":"https:\/\/unitgames.com.ar\/pc-gamer\/wp-json\/wp\/v2\/product\/10150","targetHints":{"allow":["GET"]}}],"collection":[{"href":"https:\/\/unitgames.com.ar\/pc-gamer\/wp-json\/wp\/v2\/product"}],"about":[{"href":"https:\/\/unitgames.com.ar\/pc-gamer\/wp-json\/wp\/v2\/types\/product"}],"version-history":[{"count":0,"href":"https:\/\/unitgames.com.ar\/pc-gamer\/wp-json\/wp\/v2\/product\/10150\/revisions"}],"wp:featuredmedia":[{"embeddable":true,"href":"https:\/\/unitgames.com.ar\/pc-gamer\/wp-json\/wp\/v2\/media\/10157"}],"wp:attachment":[{"href":"https:\/\/unitgames.com.ar\/pc-gamer\/wp-json\/wp\/v2\/media?parent=10150"}],"wp:term":[{"taxonomy":"product_brand","embeddable":true,"href":"https:\/\/unitgames.com.ar\/pc-gamer\/wp-json\/wp\/v2\/product_brand?post=10150"},{"taxonomy":"product_cat","embeddable":true,"href":"https:\/\/unitgames.com.ar\/pc-gamer\/wp-json\/wp\/v2\/product_cat?post=10150"},{"taxonomy":"product_tag","embeddable":true,"href":"https:\/\/unitgames.com.ar\/pc-gamer\/wp-json\/wp\/v2\/product_tag?post=10150"}],"curies":[{"name":"wp","href":"https:\/\/api.w.org\/{rel}","templated":true}]}}