{"id":10322,"date":"2024-01-25T13:48:45","date_gmt":"2024-01-25T13:48:45","guid":{"rendered":"https:\/\/unitgames.com.ar\/pc-gamer\/?post_type=product&#038;p=10322"},"modified":"2026-03-27T17:43:34","modified_gmt":"2026-03-27T20:43:34","slug":"auriculares-bluetooth-qcy-t17","status":"publish","type":"product","link":"https:\/\/unitgames.com.ar\/pc-gamer\/producto\/auriculares-bluetooth-qcy-t17\/","title":{"rendered":"Auriculares Bluetooth QCY T17 TWS"},"content":{"rendered":"<p><strong>Est\u00e9tica excelente<\/strong><\/p>\n<div id=\"content_tab_description\" class=\"tab-content tab-description\">\n<div class=\"tab-content-inner\">\n<div class=\"tab-content-scroll\">\n<p>La carcasa impresionante pero minimalista tiene varios detalles perfectos que se adaptan a tu estilo.\u00a0Con \u201calas\u201d en los bordes, estos lindos auriculares se mantienen en su lugar cuando est\u00e1s en movimiento.<\/p>\n<ul>\n<li>Disponen de un malet\u00edn de transporte con una bater\u00eda de 380mAh gracias a la que nunca te quedar\u00e1s sin bater\u00eda.<\/li>\n<li>Son ligeros, de tama\u00f1o peque\u00f1o y discretos, lo que los hace especialmente elegantes.<\/li>\n<li>Gracias a Bluetooth 5.1 disfrutar\u00e1s de llamadas claras y una conexi\u00f3n estable sin interrupciones.<\/li>\n<li>Disfruta de llamadas en est\u00e9reo con un sonido n\u00edtido gracias a la tecnolog\u00eda de cancelaci\u00f3n de ruido.<\/li>\n<li>Disfruta de la mejor experiencia de juego posible sin cables.<\/li>\n<\/ul>\n<p>Son compatibles con la aplicaci\u00f3n QCY, que le ofrece un emparejamiento sencillo, ajustes del ecualizador, as\u00ed como sus propios gestos de control, actualizaci\u00f3n del firmware de sus auriculares, b\u00fasqueda de auriculares, restablecimiento de la configuraci\u00f3n de f\u00e1brica y comprobaci\u00f3n del historial de dispositivos conectados.<\/p>\n<ul>\n<li>Bluetooth 5.1<\/li>\n<li>Soporte de control t\u00e1ctil<\/li>\n<li>Capacidad de la bater\u00eda: 380 mAh<\/li>\n<li>Modo de bajo retraso: simplemente presione tres veces el auricular izquierdo para encenderlo y disfrutar de videos y juegos casi en tiempo real<\/li>\n<li>Cancelaci\u00f3n activa de ruido para llamadas telef\u00f3nicas limpias<\/li>\n<\/ul>\n<\/div>\n<\/div>\n<\/div>\n","protected":false},"excerpt":{"rendered":"<p>Est\u00e9tica excelente La carcasa impresionante pero minimalista tiene varios detalles perfectos que se adaptan a tu estilo.\u00a0Con \u201calas\u201d en los bordes, estos lindos auriculares se mantienen en su lugar cuando est\u00e1s en movimiento. Disponen de un malet\u00edn de transporte con una bater\u00eda de 380mAh gracias a la que nunca te quedar\u00e1s sin bater\u00eda. Son ligeros, de tama\u00f1o peque\u00f1o y discretos, lo que los hace especialmente elegantes. Gracias a Bluetooth 5.1 disfrutar\u00e1s de llamadas claras y una conexi\u00f3n estable sin interrupciones. Disfruta de llamadas en est\u00e9reo con un sonido n\u00edtido gracias a la tecnolog\u00eda de cancelaci\u00f3n de ruido. Disfruta de la mejor experiencia de juego posible sin cables. Son compatibles con la aplicaci\u00f3n QCY, que le ofrece un emparejamiento sencillo, ajustes del ecualizador, as\u00ed como sus propios gestos de control, actualizaci\u00f3n del firmware de sus auriculares, b\u00fasqueda de auriculares, restablecimiento de la configuraci\u00f3n de f\u00e1brica y comprobaci\u00f3n del historial de dispositivos conectados. Bluetooth 5.1 Soporte de control t\u00e1ctil Capacidad de la bater\u00eda: 380 mAh Modo de bajo retraso: simplemente presione tres veces el auricular izquierdo para encenderlo y disfrutar de videos y juegos casi en tiempo real Cancelaci\u00f3n activa de ruido para llamadas telef\u00f3nicas limpias<\/p>\n","protected":false},"featured_media":10324,"template":"","meta":{"site-sidebar-layout":"default","site-content-layout":"","ast-site-content-layout":"default","site-content-style":"default","site-sidebar-style":"default","ast-global-header-display":"","ast-banner-title-visibility":"","ast-main-header-display":"","ast-hfb-above-header-display":"","ast-hfb-below-header-display":"","ast-hfb-mobile-header-display":"","site-post-title":"","ast-breadcrumbs-content":"","ast-featured-img":"","footer-sml-layout":"","theme-transparent-header-meta":"","adv-header-id-meta":"","stick-header-meta":"","header-above-stick-meta":"","header-main-stick-meta":"","header-below-stick-meta":"","astra-migrate-meta-layouts":"default","ast-page-background-enabled":"default","ast-page-background-meta":{"desktop":{"background-color":"var(--ast-global-color-5)","background-image":"","background-repeat":"repeat","background-position":"center center","background-size":"auto","background-attachment":"scroll","background-type":"","background-media":"","overlay-type":"","overlay-color":"","overlay-opacity":"","overlay-gradient":""},"tablet":{"background-color":"","background-image":"","background-repeat":"repeat","background-position":"center center","background-size":"auto","background-attachment":"scroll","background-type":"","background-media":"","overlay-type":"","overlay-color":"","overlay-opacity":"","overlay-gradient":""},"mobile":{"background-color":"","background-image":"","background-repeat":"repeat","background-position":"center center","background-size":"auto","background-attachment":"scroll","background-type":"","background-media":"","overlay-type":"","overlay-color":"","overlay-opacity":"","overlay-gradient":""}},"ast-content-background-meta":{"desktop":{"background-color":"var(--ast-global-color-4)","background-image":"","background-repeat":"repeat","background-position":"center center","background-size":"auto","background-attachment":"scroll","background-type":"","background-media":"","overlay-type":"","overlay-color":"","overlay-opacity":"","overlay-gradient":""},"tablet":{"background-color":"var(--ast-global-color-4)","background-image":"","background-repeat":"repeat","background-position":"center center","background-size":"auto","background-attachment":"scroll","background-type":"","background-media":"","overlay-type":"","overlay-color":"","overlay-opacity":"","overlay-gradient":""},"mobile":{"background-color":"var(--ast-global-color-4)","background-image":"","background-repeat":"repeat","background-position":"center center","background-size":"auto","background-attachment":"scroll","background-type":"","background-media":"","overlay-type":"","overlay-color":"","overlay-opacity":"","overlay-gradient":""}},"_joinchat":[]},"product_brand":[],"product_cat":[60],"product_tag":[],"class_list":{"0":"post-10322","1":"product","2":"type-product","3":"status-publish","4":"has-post-thumbnail","6":"product_cat-auriculares-bluetooth","7":"desktop-align-center","8":"tablet-align-left","9":"mobile-align-left","11":"first","12":"outofstock","13":"shipping-taxable","14":"purchasable","15":"product-type-simple"},"yoast_head":"<!-- This site is optimized with the Yoast SEO plugin v27.5 - https:\/\/yoast.com\/product\/yoast-seo-wordpress\/ -->\n<title>Auriculares Bluetooth QCY T17 TWS - UnitGames<\/title>\n<meta name=\"robots\" content=\"index, follow, max-snippet:-1, max-image-preview:large, max-video-preview:-1\" \/>\n<link rel=\"canonical\" href=\"https:\/\/unitgames.com.ar\/pc-gamer\/producto\/auriculares-bluetooth-qcy-t17\/\" \/>\n<meta property=\"og:locale\" content=\"es_ES\" \/>\n<meta property=\"og:type\" content=\"article\" \/>\n<meta property=\"og:title\" content=\"Auriculares Bluetooth QCY T17 TWS - UnitGames\" \/>\n<meta property=\"og:description\" content=\"Est\u00e9tica excelente La carcasa impresionante pero minimalista tiene varios detalles perfectos que se adaptan a tu estilo.\u00a0Con \u201calas\u201d en los bordes, estos lindos auriculares se mantienen en su lugar cuando est\u00e1s en movimiento. Disponen de un malet\u00edn de transporte con una bater\u00eda de 380mAh gracias a la que nunca te quedar\u00e1s sin bater\u00eda. Son ligeros, de tama\u00f1o peque\u00f1o y discretos, lo que los hace especialmente elegantes. Gracias a Bluetooth 5.1 disfrutar\u00e1s de llamadas claras y una conexi\u00f3n estable sin interrupciones. Disfruta de llamadas en est\u00e9reo con un sonido n\u00edtido gracias a la tecnolog\u00eda de cancelaci\u00f3n de ruido. Disfruta de la mejor experiencia de juego posible sin cables. Son compatibles con la aplicaci\u00f3n QCY, que le ofrece un emparejamiento sencillo, ajustes del ecualizador, as\u00ed como sus propios gestos de control, actualizaci\u00f3n del firmware de sus auriculares, b\u00fasqueda de auriculares, restablecimiento de la configuraci\u00f3n de f\u00e1brica y comprobaci\u00f3n del historial de dispositivos conectados. Bluetooth 5.1 Soporte de control t\u00e1ctil Capacidad de la bater\u00eda: 380 mAh Modo de bajo retraso: simplemente presione tres veces el auricular izquierdo para encenderlo y disfrutar de videos y juegos casi en tiempo real Cancelaci\u00f3n activa de ruido para llamadas telef\u00f3nicas limpias\" \/>\n<meta property=\"og:url\" content=\"https:\/\/unitgames.com.ar\/pc-gamer\/producto\/auriculares-bluetooth-qcy-t17\/\" \/>\n<meta property=\"og:site_name\" content=\"UnitGames\" \/>\n<meta property=\"article:modified_time\" content=\"2026-03-27T20:43:34+00:00\" \/>\n<meta property=\"og:image\" content=\"https:\/\/unitgames.com.ar\/pc-gamer\/wp-content\/uploads\/2024\/01\/Auriculares-Bluetooth-QCY-T17.png\" \/>\n\t<meta property=\"og:image:width\" content=\"1283\" \/>\n\t<meta property=\"og:image:height\" content=\"1283\" \/>\n\t<meta property=\"og:image:type\" content=\"image\/png\" \/>\n<meta name=\"twitter:card\" content=\"summary_large_image\" \/>\n<meta name=\"twitter:label1\" content=\"Tiempo de lectura\" \/>\n\t<meta name=\"twitter:data1\" content=\"2 minutos\" \/>\n<script type=\"application\/ld+json\" class=\"yoast-schema-graph\">{\"@context\":\"https:\\\/\\\/schema.org\",\"@graph\":[{\"@type\":\"WebPage\",\"@id\":\"https:\\\/\\\/unitgames.com.ar\\\/pc-gamer\\\/producto\\\/auriculares-bluetooth-qcy-t17\\\/\",\"url\":\"https:\\\/\\\/unitgames.com.ar\\\/pc-gamer\\\/producto\\\/auriculares-bluetooth-qcy-t17\\\/\",\"name\":\"Auriculares Bluetooth QCY T17 TWS - UnitGames\",\"isPartOf\":{\"@id\":\"https:\\\/\\\/unitgames.com.ar\\\/pc-gamer\\\/#website\"},\"primaryImageOfPage\":{\"@id\":\"https:\\\/\\\/unitgames.com.ar\\\/pc-gamer\\\/producto\\\/auriculares-bluetooth-qcy-t17\\\/#primaryimage\"},\"image\":{\"@id\":\"https:\\\/\\\/unitgames.com.ar\\\/pc-gamer\\\/producto\\\/auriculares-bluetooth-qcy-t17\\\/#primaryimage\"},\"thumbnailUrl\":\"https:\\\/\\\/unitgames.com.ar\\\/pc-gamer\\\/wp-content\\\/uploads\\\/2024\\\/01\\\/Auriculares-Bluetooth-QCY-T17.png\",\"datePublished\":\"2024-01-25T13:48:45+00:00\",\"dateModified\":\"2026-03-27T20:43:34+00:00\",\"breadcrumb\":{\"@id\":\"https:\\\/\\\/unitgames.com.ar\\\/pc-gamer\\\/producto\\\/auriculares-bluetooth-qcy-t17\\\/#breadcrumb\"},\"inLanguage\":\"es\",\"potentialAction\":[{\"@type\":\"ReadAction\",\"target\":[\"https:\\\/\\\/unitgames.com.ar\\\/pc-gamer\\\/producto\\\/auriculares-bluetooth-qcy-t17\\\/\"]}]},{\"@type\":\"ImageObject\",\"inLanguage\":\"es\",\"@id\":\"https:\\\/\\\/unitgames.com.ar\\\/pc-gamer\\\/producto\\\/auriculares-bluetooth-qcy-t17\\\/#primaryimage\",\"url\":\"https:\\\/\\\/unitgames.com.ar\\\/pc-gamer\\\/wp-content\\\/uploads\\\/2024\\\/01\\\/Auriculares-Bluetooth-QCY-T17.png\",\"contentUrl\":\"https:\\\/\\\/unitgames.com.ar\\\/pc-gamer\\\/wp-content\\\/uploads\\\/2024\\\/01\\\/Auriculares-Bluetooth-QCY-T17.png\",\"width\":1283,\"height\":1283},{\"@type\":\"BreadcrumbList\",\"@id\":\"https:\\\/\\\/unitgames.com.ar\\\/pc-gamer\\\/producto\\\/auriculares-bluetooth-qcy-t17\\\/#breadcrumb\",\"itemListElement\":[{\"@type\":\"ListItem\",\"position\":1,\"name\":\"Tienda\",\"item\":\"https:\\\/\\\/unitgames.com.ar\\\/pc-gamer\\\/tienda\\\/\"},{\"@type\":\"ListItem\",\"position\":2,\"name\":\"Auriculares Bluetooth QCY T17 TWS\"}]},{\"@type\":\"WebSite\",\"@id\":\"https:\\\/\\\/unitgames.com.ar\\\/pc-gamer\\\/#website\",\"url\":\"https:\\\/\\\/unitgames.com.ar\\\/pc-gamer\\\/\",\"name\":\"UnitGames\",\"description\":\"Venta de PC Gamers, Consolas , Servicio Tecnico Especializado. Todos en Accesorios Informaticos y Gamers\",\"publisher\":{\"@id\":\"https:\\\/\\\/unitgames.com.ar\\\/pc-gamer\\\/#organization\"},\"potentialAction\":[{\"@type\":\"SearchAction\",\"target\":{\"@type\":\"EntryPoint\",\"urlTemplate\":\"https:\\\/\\\/unitgames.com.ar\\\/pc-gamer\\\/?s={search_term_string}\"},\"query-input\":{\"@type\":\"PropertyValueSpecification\",\"valueRequired\":true,\"valueName\":\"search_term_string\"}}],\"inLanguage\":\"es\"},{\"@type\":\"Organization\",\"@id\":\"https:\\\/\\\/unitgames.com.ar\\\/pc-gamer\\\/#organization\",\"name\":\"UnitGames\",\"url\":\"https:\\\/\\\/unitgames.com.ar\\\/pc-gamer\\\/\",\"logo\":{\"@type\":\"ImageObject\",\"inLanguage\":\"es\",\"@id\":\"https:\\\/\\\/unitgames.com.ar\\\/pc-gamer\\\/#\\\/schema\\\/logo\\\/image\\\/\",\"url\":\"https:\\\/\\\/unitgames.com.ar\\\/pc-gamer\\\/wp-content\\\/uploads\\\/2021\\\/01\\\/cropped-logoUnitGames2.png\",\"contentUrl\":\"https:\\\/\\\/unitgames.com.ar\\\/pc-gamer\\\/wp-content\\\/uploads\\\/2021\\\/01\\\/cropped-logoUnitGames2.png\",\"width\":152,\"height\":200,\"caption\":\"UnitGames\"},\"image\":{\"@id\":\"https:\\\/\\\/unitgames.com.ar\\\/pc-gamer\\\/#\\\/schema\\\/logo\\\/image\\\/\"}}]}<\/script>\n<!-- \/ Yoast SEO plugin. -->","yoast_head_json":{"title":"Auriculares Bluetooth QCY T17 TWS - UnitGames","robots":{"index":"index","follow":"follow","max-snippet":"max-snippet:-1","max-image-preview":"max-image-preview:large","max-video-preview":"max-video-preview:-1"},"canonical":"https:\/\/unitgames.com.ar\/pc-gamer\/producto\/auriculares-bluetooth-qcy-t17\/","og_locale":"es_ES","og_type":"article","og_title":"Auriculares Bluetooth QCY T17 TWS - UnitGames","og_description":"Est\u00e9tica excelente La carcasa impresionante pero minimalista tiene varios detalles perfectos que se adaptan a tu estilo.\u00a0Con \u201calas\u201d en los bordes, estos lindos auriculares se mantienen en su lugar cuando est\u00e1s en movimiento. Disponen de un malet\u00edn de transporte con una bater\u00eda de 380mAh gracias a la que nunca te quedar\u00e1s sin bater\u00eda. Son ligeros, de tama\u00f1o peque\u00f1o y discretos, lo que los hace especialmente elegantes. Gracias a Bluetooth 5.1 disfrutar\u00e1s de llamadas claras y una conexi\u00f3n estable sin interrupciones. Disfruta de llamadas en est\u00e9reo con un sonido n\u00edtido gracias a la tecnolog\u00eda de cancelaci\u00f3n de ruido. Disfruta de la mejor experiencia de juego posible sin cables. Son compatibles con la aplicaci\u00f3n QCY, que le ofrece un emparejamiento sencillo, ajustes del ecualizador, as\u00ed como sus propios gestos de control, actualizaci\u00f3n del firmware de sus auriculares, b\u00fasqueda de auriculares, restablecimiento de la configuraci\u00f3n de f\u00e1brica y comprobaci\u00f3n del historial de dispositivos conectados. Bluetooth 5.1 Soporte de control t\u00e1ctil Capacidad de la bater\u00eda: 380 mAh Modo de bajo retraso: simplemente presione tres veces el auricular izquierdo para encenderlo y disfrutar de videos y juegos casi en tiempo real Cancelaci\u00f3n activa de ruido para llamadas telef\u00f3nicas limpias","og_url":"https:\/\/unitgames.com.ar\/pc-gamer\/producto\/auriculares-bluetooth-qcy-t17\/","og_site_name":"UnitGames","article_modified_time":"2026-03-27T20:43:34+00:00","og_image":[{"width":1283,"height":1283,"url":"https:\/\/unitgames.com.ar\/pc-gamer\/wp-content\/uploads\/2024\/01\/Auriculares-Bluetooth-QCY-T17.png","type":"image\/png"}],"twitter_card":"summary_large_image","twitter_misc":{"Tiempo de lectura":"2 minutos"},"schema":{"@context":"https:\/\/schema.org","@graph":[{"@type":"WebPage","@id":"https:\/\/unitgames.com.ar\/pc-gamer\/producto\/auriculares-bluetooth-qcy-t17\/","url":"https:\/\/unitgames.com.ar\/pc-gamer\/producto\/auriculares-bluetooth-qcy-t17\/","name":"Auriculares Bluetooth QCY T17 TWS - UnitGames","isPartOf":{"@id":"https:\/\/unitgames.com.ar\/pc-gamer\/#website"},"primaryImageOfPage":{"@id":"https:\/\/unitgames.com.ar\/pc-gamer\/producto\/auriculares-bluetooth-qcy-t17\/#primaryimage"},"image":{"@id":"https:\/\/unitgames.com.ar\/pc-gamer\/producto\/auriculares-bluetooth-qcy-t17\/#primaryimage"},"thumbnailUrl":"https:\/\/unitgames.com.ar\/pc-gamer\/wp-content\/uploads\/2024\/01\/Auriculares-Bluetooth-QCY-T17.png","datePublished":"2024-01-25T13:48:45+00:00","dateModified":"2026-03-27T20:43:34+00:00","breadcrumb":{"@id":"https:\/\/unitgames.com.ar\/pc-gamer\/producto\/auriculares-bluetooth-qcy-t17\/#breadcrumb"},"inLanguage":"es","potentialAction":[{"@type":"ReadAction","target":["https:\/\/unitgames.com.ar\/pc-gamer\/producto\/auriculares-bluetooth-qcy-t17\/"]}]},{"@type":"ImageObject","inLanguage":"es","@id":"https:\/\/unitgames.com.ar\/pc-gamer\/producto\/auriculares-bluetooth-qcy-t17\/#primaryimage","url":"https:\/\/unitgames.com.ar\/pc-gamer\/wp-content\/uploads\/2024\/01\/Auriculares-Bluetooth-QCY-T17.png","contentUrl":"https:\/\/unitgames.com.ar\/pc-gamer\/wp-content\/uploads\/2024\/01\/Auriculares-Bluetooth-QCY-T17.png","width":1283,"height":1283},{"@type":"BreadcrumbList","@id":"https:\/\/unitgames.com.ar\/pc-gamer\/producto\/auriculares-bluetooth-qcy-t17\/#breadcrumb","itemListElement":[{"@type":"ListItem","position":1,"name":"Tienda","item":"https:\/\/unitgames.com.ar\/pc-gamer\/tienda\/"},{"@type":"ListItem","position":2,"name":"Auriculares Bluetooth QCY T17 TWS"}]},{"@type":"WebSite","@id":"https:\/\/unitgames.com.ar\/pc-gamer\/#website","url":"https:\/\/unitgames.com.ar\/pc-gamer\/","name":"UnitGames","description":"Venta de PC Gamers, Consolas , Servicio Tecnico Especializado. Todos en Accesorios Informaticos y Gamers","publisher":{"@id":"https:\/\/unitgames.com.ar\/pc-gamer\/#organization"},"potentialAction":[{"@type":"SearchAction","target":{"@type":"EntryPoint","urlTemplate":"https:\/\/unitgames.com.ar\/pc-gamer\/?s={search_term_string}"},"query-input":{"@type":"PropertyValueSpecification","valueRequired":true,"valueName":"search_term_string"}}],"inLanguage":"es"},{"@type":"Organization","@id":"https:\/\/unitgames.com.ar\/pc-gamer\/#organization","name":"UnitGames","url":"https:\/\/unitgames.com.ar\/pc-gamer\/","logo":{"@type":"ImageObject","inLanguage":"es","@id":"https:\/\/unitgames.com.ar\/pc-gamer\/#\/schema\/logo\/image\/","url":"https:\/\/unitgames.com.ar\/pc-gamer\/wp-content\/uploads\/2021\/01\/cropped-logoUnitGames2.png","contentUrl":"https:\/\/unitgames.com.ar\/pc-gamer\/wp-content\/uploads\/2021\/01\/cropped-logoUnitGames2.png","width":152,"height":200,"caption":"UnitGames"},"image":{"@id":"https:\/\/unitgames.com.ar\/pc-gamer\/#\/schema\/logo\/image\/"}}]}},"_links":{"self":[{"href":"https:\/\/unitgames.com.ar\/pc-gamer\/wp-json\/wp\/v2\/product\/10322","targetHints":{"allow":["GET"]}}],"collection":[{"href":"https:\/\/unitgames.com.ar\/pc-gamer\/wp-json\/wp\/v2\/product"}],"about":[{"href":"https:\/\/unitgames.com.ar\/pc-gamer\/wp-json\/wp\/v2\/types\/product"}],"version-history":[{"count":0,"href":"https:\/\/unitgames.com.ar\/pc-gamer\/wp-json\/wp\/v2\/product\/10322\/revisions"}],"wp:featuredmedia":[{"embeddable":true,"href":"https:\/\/unitgames.com.ar\/pc-gamer\/wp-json\/wp\/v2\/media\/10324"}],"wp:attachment":[{"href":"https:\/\/unitgames.com.ar\/pc-gamer\/wp-json\/wp\/v2\/media?parent=10322"}],"wp:term":[{"taxonomy":"product_brand","embeddable":true,"href":"https:\/\/unitgames.com.ar\/pc-gamer\/wp-json\/wp\/v2\/product_brand?post=10322"},{"taxonomy":"product_cat","embeddable":true,"href":"https:\/\/unitgames.com.ar\/pc-gamer\/wp-json\/wp\/v2\/product_cat?post=10322"},{"taxonomy":"product_tag","embeddable":true,"href":"https:\/\/unitgames.com.ar\/pc-gamer\/wp-json\/wp\/v2\/product_tag?post=10322"}],"curies":[{"name":"wp","href":"https:\/\/api.w.org\/{rel}","templated":true}]}}