{"id":10355,"date":"2024-02-08T22:02:17","date_gmt":"2024-02-08T22:02:17","guid":{"rendered":"https:\/\/unitgames.com.ar\/pc-gamer\/?post_type=product&#038;p=10355"},"modified":"2026-01-09T07:19:40","modified_gmt":"2026-01-09T10:19:40","slug":"joystick-pc-xbox-one-series-s-x-njx313-con-cable","status":"publish","type":"product","link":"https:\/\/unitgames.com.ar\/pc-gamer\/producto\/joystick-pc-xbox-one-series-s-x-njx313-con-cable\/","title":{"rendered":"Joystick PC \/ XBOX ONE \/ Series S\/X NJX313 con Cable"},"content":{"rendered":"<p>**CONTROL PRECISO**<br \/>\nEste mando combina funciones revolucionarias mientras conserva precisi\u00f3n, comodidad y exactitud en cada movimiento. Gracias a su ERGONOM\u00cdA especialmente pensada para la posici\u00f3n de tu mano, pod\u00e9s pasar horas jugando con total confort.<\/p>\n<p>**MAYOR COMODIDAD Y ESTILO**<br \/>\nTe permite jugar sin necesidad de que haya cables de por medio. Est\u00e1 pensado no solamente para controlar mejor tus videojuegos, sino tambi\u00e9n para aumentar su realismo y experiencia.<\/p>\n<p>**JUG\u00c1 SIN L\u00cdMITES**<br \/>\nCuenta con CONEXI\u00d3N INAL\u00c1MBRICA de alta tecnolog\u00eda para usarlo en cualquier ordenador o dispositivo; ya no necesitar\u00e1s de aplicaciones de terceros ni cable USB. Adem\u00e1s, posee gran capacidad antiinterferente, f\u00e1cil manejo y se\u00f1al de conexi\u00f3n estable.<\/p>\n<p>**DISE\u00d1O ERGON\u00d3MICO**<br \/>\nBasado en la ergonom\u00eda, las partes de agarre est\u00e1n hechas de material ABS y tienen un tratamiento antideslizante, m\u00e1s f\u00e1cil de agarrar que otros controladores. Puedes controlar el joystick y no ten\u00e9s que preocuparte por el sudor en tus manos. Puedes jugar c\u00f3modamente durante mucho tiempo.<\/p>\n<p>**DIVERTITE POR HORAS DE JUEGO CONTINUO**<br \/>\nBater\u00eda de litio de gran capacidad de almacenamiento. Simplemente carga durante 2 a 3 horas que te proporcionar\u00e1 de 8 a 10 HORAS DE JUEGO CONTINUO, momentos maravillosos y mejor experiencia de juego. Pod\u00e9s ver el estado de la bater\u00eda en el joystick, asi evitas quedarte sin carga en el medio del juego<\/p>\n<p>**PLUG AND PLAY**<br \/>\nCon solo conectarlo ya puede disfrutar de todas sus funciones<\/p>\n<p>***CARACTER\u00cdSTICAS ESPEC\u00cdFICAS***<\/p>\n<p>* Botones X, Y, A, B<br \/>\n* Botones Bumple Izquierdo y Derecho; Gatillos Izquierdo y Derecho<br \/>\n* Botones flecha<br \/>\n* 2 Analogicos<br \/>\n* Led de bateria e identificacion de jugador<br \/>\n* Manual de instrucciones y uso<\/p>\n<p>* Color: Negro<br \/>\n* Material: ABS y Cuero<\/p>\n<p>***COMPATIBILIDADES***<\/p>\n<p>PC<br \/>\nXbox One<br \/>\nXbox One S<br \/>\nXbox Series S<br \/>\nXbox Series X<\/p>\n","protected":false},"excerpt":{"rendered":"<p>**CONTROL PRECISO** Este mando combina funciones revolucionarias mientras conserva precisi\u00f3n, comodidad y exactitud en cada movimiento. Gracias a su ERGONOM\u00cdA especialmente pensada para la posici\u00f3n de tu mano, pod\u00e9s pasar horas jugando con total confort. **MAYOR COMODIDAD Y ESTILO** Te permite jugar sin necesidad de que haya cables de por medio. Est\u00e1 pensado no solamente para controlar mejor tus videojuegos, sino tambi\u00e9n para aumentar su realismo y experiencia. **JUG\u00c1 SIN L\u00cdMITES** Cuenta con CONEXI\u00d3N INAL\u00c1MBRICA de alta tecnolog\u00eda para usarlo en cualquier ordenador o dispositivo; ya no necesitar\u00e1s de aplicaciones de terceros ni cable USB. Adem\u00e1s, posee gran capacidad antiinterferente, f\u00e1cil manejo y se\u00f1al de conexi\u00f3n estable. **DISE\u00d1O ERGON\u00d3MICO** Basado en la ergonom\u00eda, las partes de agarre est\u00e1n hechas de material ABS y tienen un tratamiento antideslizante, m\u00e1s f\u00e1cil de agarrar que otros controladores. Puedes controlar el joystick y no ten\u00e9s que preocuparte por el sudor en tus manos. Puedes jugar c\u00f3modamente durante mucho tiempo. **DIVERTITE POR HORAS DE JUEGO CONTINUO** Bater\u00eda de litio de gran capacidad de almacenamiento. Simplemente carga durante 2 a 3 horas que te proporcionar\u00e1 de 8 a 10 HORAS DE JUEGO CONTINUO, momentos maravillosos y mejor experiencia de juego. Pod\u00e9s ver el estado de la bater\u00eda en el joystick, asi evitas quedarte sin carga en el medio del juego **PLUG AND PLAY** Con solo conectarlo ya puede disfrutar de todas sus funciones ***CARACTER\u00cdSTICAS ESPEC\u00cdFICAS*** * Botones X, Y, A, B * Botones Bumple Izquierdo y Derecho; Gatillos Izquierdo y Derecho * Botones flecha * 2 Analogicos * Led de bateria e identificacion de jugador * Manual de instrucciones y uso * Color: Negro * Material: ABS y Cuero ***COMPATIBILIDADES*** PC Xbox One Xbox One S Xbox Series S Xbox Series X<\/p>\n","protected":false},"featured_media":10356,"template":"","meta":{"site-sidebar-layout":"default","site-content-layout":"","ast-site-content-layout":"default","site-content-style":"default","site-sidebar-style":"default","ast-global-header-display":"","ast-banner-title-visibility":"","ast-main-header-display":"","ast-hfb-above-header-display":"","ast-hfb-below-header-display":"","ast-hfb-mobile-header-display":"","site-post-title":"","ast-breadcrumbs-content":"","ast-featured-img":"","footer-sml-layout":"","theme-transparent-header-meta":"","adv-header-id-meta":"","stick-header-meta":"","header-above-stick-meta":"","header-main-stick-meta":"","header-below-stick-meta":"","astra-migrate-meta-layouts":"default","ast-page-background-enabled":"default","ast-page-background-meta":{"desktop":{"background-color":"var(--ast-global-color-5)","background-image":"","background-repeat":"repeat","background-position":"center center","background-size":"auto","background-attachment":"scroll","background-type":"","background-media":"","overlay-type":"","overlay-color":"","overlay-opacity":"","overlay-gradient":""},"tablet":{"background-color":"","background-image":"","background-repeat":"repeat","background-position":"center center","background-size":"auto","background-attachment":"scroll","background-type":"","background-media":"","overlay-type":"","overlay-color":"","overlay-opacity":"","overlay-gradient":""},"mobile":{"background-color":"","background-image":"","background-repeat":"repeat","background-position":"center center","background-size":"auto","background-attachment":"scroll","background-type":"","background-media":"","overlay-type":"","overlay-color":"","overlay-opacity":"","overlay-gradient":""}},"ast-content-background-meta":{"desktop":{"background-color":"var(--ast-global-color-4)","background-image":"","background-repeat":"repeat","background-position":"center center","background-size":"auto","background-attachment":"scroll","background-type":"","background-media":"","overlay-type":"","overlay-color":"","overlay-opacity":"","overlay-gradient":""},"tablet":{"background-color":"var(--ast-global-color-4)","background-image":"","background-repeat":"repeat","background-position":"center center","background-size":"auto","background-attachment":"scroll","background-type":"","background-media":"","overlay-type":"","overlay-color":"","overlay-opacity":"","overlay-gradient":""},"mobile":{"background-color":"var(--ast-global-color-4)","background-image":"","background-repeat":"repeat","background-position":"center center","background-size":"auto","background-attachment":"scroll","background-type":"","background-media":"","overlay-type":"","overlay-color":"","overlay-opacity":"","overlay-gradient":""}},"_joinchat":[]},"product_brand":[],"product_cat":[82],"product_tag":[],"class_list":{"0":"post-10355","1":"product","2":"type-product","3":"status-publish","4":"has-post-thumbnail","6":"product_cat-joysticks","7":"desktop-align-center","8":"tablet-align-left","9":"mobile-align-left","11":"first","12":"outofstock","13":"shipping-taxable","14":"purchasable","15":"product-type-simple"},"yoast_head":"<!-- This site is optimized with the Yoast SEO plugin v27.3 - https:\/\/yoast.com\/product\/yoast-seo-wordpress\/ -->\n<title>Joystick PC \/ XBOX ONE \/ Series S\/X NJX313 con Cable - UnitGames<\/title>\n<meta name=\"robots\" content=\"index, follow, max-snippet:-1, max-image-preview:large, max-video-preview:-1\" \/>\n<link rel=\"canonical\" href=\"https:\/\/unitgames.com.ar\/pc-gamer\/producto\/joystick-pc-xbox-one-series-s-x-njx313-con-cable\/\" \/>\n<meta property=\"og:locale\" content=\"es_ES\" \/>\n<meta property=\"og:type\" content=\"article\" \/>\n<meta property=\"og:title\" content=\"Joystick PC \/ XBOX ONE \/ Series S\/X NJX313 con Cable - UnitGames\" \/>\n<meta property=\"og:description\" content=\"**CONTROL PRECISO** Este mando combina funciones revolucionarias mientras conserva precisi\u00f3n, comodidad y exactitud en cada movimiento. Gracias a su ERGONOM\u00cdA especialmente pensada para la posici\u00f3n de tu mano, pod\u00e9s pasar horas jugando con total confort. **MAYOR COMODIDAD Y ESTILO** Te permite jugar sin necesidad de que haya cables de por medio. Est\u00e1 pensado no solamente para controlar mejor tus videojuegos, sino tambi\u00e9n para aumentar su realismo y experiencia. **JUG\u00c1 SIN L\u00cdMITES** Cuenta con CONEXI\u00d3N INAL\u00c1MBRICA de alta tecnolog\u00eda para usarlo en cualquier ordenador o dispositivo; ya no necesitar\u00e1s de aplicaciones de terceros ni cable USB. Adem\u00e1s, posee gran capacidad antiinterferente, f\u00e1cil manejo y se\u00f1al de conexi\u00f3n estable. **DISE\u00d1O ERGON\u00d3MICO** Basado en la ergonom\u00eda, las partes de agarre est\u00e1n hechas de material ABS y tienen un tratamiento antideslizante, m\u00e1s f\u00e1cil de agarrar que otros controladores. Puedes controlar el joystick y no ten\u00e9s que preocuparte por el sudor en tus manos. Puedes jugar c\u00f3modamente durante mucho tiempo. **DIVERTITE POR HORAS DE JUEGO CONTINUO** Bater\u00eda de litio de gran capacidad de almacenamiento. Simplemente carga durante 2 a 3 horas que te proporcionar\u00e1 de 8 a 10 HORAS DE JUEGO CONTINUO, momentos maravillosos y mejor experiencia de juego. Pod\u00e9s ver el estado de la bater\u00eda en el joystick, asi evitas quedarte sin carga en el medio del juego **PLUG AND PLAY** Con solo conectarlo ya puede disfrutar de todas sus funciones ***CARACTER\u00cdSTICAS ESPEC\u00cdFICAS*** * Botones X, Y, A, B * Botones Bumple Izquierdo y Derecho; Gatillos Izquierdo y Derecho * Botones flecha * 2 Analogicos * Led de bateria e identificacion de jugador * Manual de instrucciones y uso * Color: Negro * Material: ABS y Cuero ***COMPATIBILIDADES*** PC Xbox One Xbox One S Xbox Series S Xbox Series X\" \/>\n<meta property=\"og:url\" content=\"https:\/\/unitgames.com.ar\/pc-gamer\/producto\/joystick-pc-xbox-one-series-s-x-njx313-con-cable\/\" \/>\n<meta property=\"og:site_name\" content=\"UnitGames\" \/>\n<meta property=\"article:modified_time\" content=\"2026-01-09T10:19:40+00:00\" \/>\n<meta property=\"og:image\" content=\"https:\/\/unitgames.com.ar\/pc-gamer\/wp-content\/uploads\/2024\/02\/Joystick-NJX313-con-Cable.png\" \/>\n\t<meta property=\"og:image:width\" content=\"1283\" \/>\n\t<meta property=\"og:image:height\" content=\"1283\" \/>\n\t<meta property=\"og:image:type\" content=\"image\/png\" \/>\n<meta name=\"twitter:card\" content=\"summary_large_image\" \/>\n<meta name=\"twitter:label1\" content=\"Tiempo de lectura\" \/>\n\t<meta name=\"twitter:data1\" content=\"2 minutos\" \/>\n<script type=\"application\/ld+json\" class=\"yoast-schema-graph\">{\"@context\":\"https:\\\/\\\/schema.org\",\"@graph\":[{\"@type\":\"WebPage\",\"@id\":\"https:\\\/\\\/unitgames.com.ar\\\/pc-gamer\\\/producto\\\/joystick-pc-xbox-one-series-s-x-njx313-con-cable\\\/\",\"url\":\"https:\\\/\\\/unitgames.com.ar\\\/pc-gamer\\\/producto\\\/joystick-pc-xbox-one-series-s-x-njx313-con-cable\\\/\",\"name\":\"Joystick PC \\\/ XBOX ONE \\\/ Series S\\\/X NJX313 con Cable - UnitGames\",\"isPartOf\":{\"@id\":\"https:\\\/\\\/unitgames.com.ar\\\/pc-gamer\\\/#website\"},\"primaryImageOfPage\":{\"@id\":\"https:\\\/\\\/unitgames.com.ar\\\/pc-gamer\\\/producto\\\/joystick-pc-xbox-one-series-s-x-njx313-con-cable\\\/#primaryimage\"},\"image\":{\"@id\":\"https:\\\/\\\/unitgames.com.ar\\\/pc-gamer\\\/producto\\\/joystick-pc-xbox-one-series-s-x-njx313-con-cable\\\/#primaryimage\"},\"thumbnailUrl\":\"https:\\\/\\\/unitgames.com.ar\\\/pc-gamer\\\/wp-content\\\/uploads\\\/2024\\\/02\\\/Joystick-NJX313-con-Cable.png\",\"datePublished\":\"2024-02-08T22:02:17+00:00\",\"dateModified\":\"2026-01-09T10:19:40+00:00\",\"breadcrumb\":{\"@id\":\"https:\\\/\\\/unitgames.com.ar\\\/pc-gamer\\\/producto\\\/joystick-pc-xbox-one-series-s-x-njx313-con-cable\\\/#breadcrumb\"},\"inLanguage\":\"es\",\"potentialAction\":[{\"@type\":\"ReadAction\",\"target\":[\"https:\\\/\\\/unitgames.com.ar\\\/pc-gamer\\\/producto\\\/joystick-pc-xbox-one-series-s-x-njx313-con-cable\\\/\"]}]},{\"@type\":\"ImageObject\",\"inLanguage\":\"es\",\"@id\":\"https:\\\/\\\/unitgames.com.ar\\\/pc-gamer\\\/producto\\\/joystick-pc-xbox-one-series-s-x-njx313-con-cable\\\/#primaryimage\",\"url\":\"https:\\\/\\\/unitgames.com.ar\\\/pc-gamer\\\/wp-content\\\/uploads\\\/2024\\\/02\\\/Joystick-NJX313-con-Cable.png\",\"contentUrl\":\"https:\\\/\\\/unitgames.com.ar\\\/pc-gamer\\\/wp-content\\\/uploads\\\/2024\\\/02\\\/Joystick-NJX313-con-Cable.png\",\"width\":1283,\"height\":1283},{\"@type\":\"BreadcrumbList\",\"@id\":\"https:\\\/\\\/unitgames.com.ar\\\/pc-gamer\\\/producto\\\/joystick-pc-xbox-one-series-s-x-njx313-con-cable\\\/#breadcrumb\",\"itemListElement\":[{\"@type\":\"ListItem\",\"position\":1,\"name\":\"Tienda\",\"item\":\"https:\\\/\\\/unitgames.com.ar\\\/pc-gamer\\\/tienda\\\/\"},{\"@type\":\"ListItem\",\"position\":2,\"name\":\"Joystick PC \\\/ XBOX ONE \\\/ Series S\\\/X NJX313 con Cable\"}]},{\"@type\":\"WebSite\",\"@id\":\"https:\\\/\\\/unitgames.com.ar\\\/pc-gamer\\\/#website\",\"url\":\"https:\\\/\\\/unitgames.com.ar\\\/pc-gamer\\\/\",\"name\":\"UnitGames\",\"description\":\"Venta de PC Gamers, Consolas , Servicio Tecnico Especializado. Todos en Accesorios Informaticos y Gamers\",\"publisher\":{\"@id\":\"https:\\\/\\\/unitgames.com.ar\\\/pc-gamer\\\/#organization\"},\"potentialAction\":[{\"@type\":\"SearchAction\",\"target\":{\"@type\":\"EntryPoint\",\"urlTemplate\":\"https:\\\/\\\/unitgames.com.ar\\\/pc-gamer\\\/?s={search_term_string}\"},\"query-input\":{\"@type\":\"PropertyValueSpecification\",\"valueRequired\":true,\"valueName\":\"search_term_string\"}}],\"inLanguage\":\"es\"},{\"@type\":\"Organization\",\"@id\":\"https:\\\/\\\/unitgames.com.ar\\\/pc-gamer\\\/#organization\",\"name\":\"UnitGames\",\"url\":\"https:\\\/\\\/unitgames.com.ar\\\/pc-gamer\\\/\",\"logo\":{\"@type\":\"ImageObject\",\"inLanguage\":\"es\",\"@id\":\"https:\\\/\\\/unitgames.com.ar\\\/pc-gamer\\\/#\\\/schema\\\/logo\\\/image\\\/\",\"url\":\"https:\\\/\\\/unitgames.com.ar\\\/pc-gamer\\\/wp-content\\\/uploads\\\/2021\\\/01\\\/cropped-logoUnitGames2.png\",\"contentUrl\":\"https:\\\/\\\/unitgames.com.ar\\\/pc-gamer\\\/wp-content\\\/uploads\\\/2021\\\/01\\\/cropped-logoUnitGames2.png\",\"width\":152,\"height\":200,\"caption\":\"UnitGames\"},\"image\":{\"@id\":\"https:\\\/\\\/unitgames.com.ar\\\/pc-gamer\\\/#\\\/schema\\\/logo\\\/image\\\/\"}}]}<\/script>\n<!-- \/ Yoast SEO plugin. -->","yoast_head_json":{"title":"Joystick PC \/ XBOX ONE \/ Series S\/X NJX313 con Cable - UnitGames","robots":{"index":"index","follow":"follow","max-snippet":"max-snippet:-1","max-image-preview":"max-image-preview:large","max-video-preview":"max-video-preview:-1"},"canonical":"https:\/\/unitgames.com.ar\/pc-gamer\/producto\/joystick-pc-xbox-one-series-s-x-njx313-con-cable\/","og_locale":"es_ES","og_type":"article","og_title":"Joystick PC \/ XBOX ONE \/ Series S\/X NJX313 con Cable - UnitGames","og_description":"**CONTROL PRECISO** Este mando combina funciones revolucionarias mientras conserva precisi\u00f3n, comodidad y exactitud en cada movimiento. Gracias a su ERGONOM\u00cdA especialmente pensada para la posici\u00f3n de tu mano, pod\u00e9s pasar horas jugando con total confort. **MAYOR COMODIDAD Y ESTILO** Te permite jugar sin necesidad de que haya cables de por medio. Est\u00e1 pensado no solamente para controlar mejor tus videojuegos, sino tambi\u00e9n para aumentar su realismo y experiencia. **JUG\u00c1 SIN L\u00cdMITES** Cuenta con CONEXI\u00d3N INAL\u00c1MBRICA de alta tecnolog\u00eda para usarlo en cualquier ordenador o dispositivo; ya no necesitar\u00e1s de aplicaciones de terceros ni cable USB. Adem\u00e1s, posee gran capacidad antiinterferente, f\u00e1cil manejo y se\u00f1al de conexi\u00f3n estable. **DISE\u00d1O ERGON\u00d3MICO** Basado en la ergonom\u00eda, las partes de agarre est\u00e1n hechas de material ABS y tienen un tratamiento antideslizante, m\u00e1s f\u00e1cil de agarrar que otros controladores. Puedes controlar el joystick y no ten\u00e9s que preocuparte por el sudor en tus manos. Puedes jugar c\u00f3modamente durante mucho tiempo. **DIVERTITE POR HORAS DE JUEGO CONTINUO** Bater\u00eda de litio de gran capacidad de almacenamiento. Simplemente carga durante 2 a 3 horas que te proporcionar\u00e1 de 8 a 10 HORAS DE JUEGO CONTINUO, momentos maravillosos y mejor experiencia de juego. Pod\u00e9s ver el estado de la bater\u00eda en el joystick, asi evitas quedarte sin carga en el medio del juego **PLUG AND PLAY** Con solo conectarlo ya puede disfrutar de todas sus funciones ***CARACTER\u00cdSTICAS ESPEC\u00cdFICAS*** * Botones X, Y, A, B * Botones Bumple Izquierdo y Derecho; Gatillos Izquierdo y Derecho * Botones flecha * 2 Analogicos * Led de bateria e identificacion de jugador * Manual de instrucciones y uso * Color: Negro * Material: ABS y Cuero ***COMPATIBILIDADES*** PC Xbox One Xbox One S Xbox Series S Xbox Series X","og_url":"https:\/\/unitgames.com.ar\/pc-gamer\/producto\/joystick-pc-xbox-one-series-s-x-njx313-con-cable\/","og_site_name":"UnitGames","article_modified_time":"2026-01-09T10:19:40+00:00","og_image":[{"width":1283,"height":1283,"url":"https:\/\/unitgames.com.ar\/pc-gamer\/wp-content\/uploads\/2024\/02\/Joystick-NJX313-con-Cable.png","type":"image\/png"}],"twitter_card":"summary_large_image","twitter_misc":{"Tiempo de lectura":"2 minutos"},"schema":{"@context":"https:\/\/schema.org","@graph":[{"@type":"WebPage","@id":"https:\/\/unitgames.com.ar\/pc-gamer\/producto\/joystick-pc-xbox-one-series-s-x-njx313-con-cable\/","url":"https:\/\/unitgames.com.ar\/pc-gamer\/producto\/joystick-pc-xbox-one-series-s-x-njx313-con-cable\/","name":"Joystick PC \/ XBOX ONE \/ Series S\/X NJX313 con Cable - UnitGames","isPartOf":{"@id":"https:\/\/unitgames.com.ar\/pc-gamer\/#website"},"primaryImageOfPage":{"@id":"https:\/\/unitgames.com.ar\/pc-gamer\/producto\/joystick-pc-xbox-one-series-s-x-njx313-con-cable\/#primaryimage"},"image":{"@id":"https:\/\/unitgames.com.ar\/pc-gamer\/producto\/joystick-pc-xbox-one-series-s-x-njx313-con-cable\/#primaryimage"},"thumbnailUrl":"https:\/\/unitgames.com.ar\/pc-gamer\/wp-content\/uploads\/2024\/02\/Joystick-NJX313-con-Cable.png","datePublished":"2024-02-08T22:02:17+00:00","dateModified":"2026-01-09T10:19:40+00:00","breadcrumb":{"@id":"https:\/\/unitgames.com.ar\/pc-gamer\/producto\/joystick-pc-xbox-one-series-s-x-njx313-con-cable\/#breadcrumb"},"inLanguage":"es","potentialAction":[{"@type":"ReadAction","target":["https:\/\/unitgames.com.ar\/pc-gamer\/producto\/joystick-pc-xbox-one-series-s-x-njx313-con-cable\/"]}]},{"@type":"ImageObject","inLanguage":"es","@id":"https:\/\/unitgames.com.ar\/pc-gamer\/producto\/joystick-pc-xbox-one-series-s-x-njx313-con-cable\/#primaryimage","url":"https:\/\/unitgames.com.ar\/pc-gamer\/wp-content\/uploads\/2024\/02\/Joystick-NJX313-con-Cable.png","contentUrl":"https:\/\/unitgames.com.ar\/pc-gamer\/wp-content\/uploads\/2024\/02\/Joystick-NJX313-con-Cable.png","width":1283,"height":1283},{"@type":"BreadcrumbList","@id":"https:\/\/unitgames.com.ar\/pc-gamer\/producto\/joystick-pc-xbox-one-series-s-x-njx313-con-cable\/#breadcrumb","itemListElement":[{"@type":"ListItem","position":1,"name":"Tienda","item":"https:\/\/unitgames.com.ar\/pc-gamer\/tienda\/"},{"@type":"ListItem","position":2,"name":"Joystick PC \/ XBOX ONE \/ Series S\/X NJX313 con Cable"}]},{"@type":"WebSite","@id":"https:\/\/unitgames.com.ar\/pc-gamer\/#website","url":"https:\/\/unitgames.com.ar\/pc-gamer\/","name":"UnitGames","description":"Venta de PC Gamers, Consolas , Servicio Tecnico Especializado. Todos en Accesorios Informaticos y Gamers","publisher":{"@id":"https:\/\/unitgames.com.ar\/pc-gamer\/#organization"},"potentialAction":[{"@type":"SearchAction","target":{"@type":"EntryPoint","urlTemplate":"https:\/\/unitgames.com.ar\/pc-gamer\/?s={search_term_string}"},"query-input":{"@type":"PropertyValueSpecification","valueRequired":true,"valueName":"search_term_string"}}],"inLanguage":"es"},{"@type":"Organization","@id":"https:\/\/unitgames.com.ar\/pc-gamer\/#organization","name":"UnitGames","url":"https:\/\/unitgames.com.ar\/pc-gamer\/","logo":{"@type":"ImageObject","inLanguage":"es","@id":"https:\/\/unitgames.com.ar\/pc-gamer\/#\/schema\/logo\/image\/","url":"https:\/\/unitgames.com.ar\/pc-gamer\/wp-content\/uploads\/2021\/01\/cropped-logoUnitGames2.png","contentUrl":"https:\/\/unitgames.com.ar\/pc-gamer\/wp-content\/uploads\/2021\/01\/cropped-logoUnitGames2.png","width":152,"height":200,"caption":"UnitGames"},"image":{"@id":"https:\/\/unitgames.com.ar\/pc-gamer\/#\/schema\/logo\/image\/"}}]}},"_links":{"self":[{"href":"https:\/\/unitgames.com.ar\/pc-gamer\/wp-json\/wp\/v2\/product\/10355","targetHints":{"allow":["GET"]}}],"collection":[{"href":"https:\/\/unitgames.com.ar\/pc-gamer\/wp-json\/wp\/v2\/product"}],"about":[{"href":"https:\/\/unitgames.com.ar\/pc-gamer\/wp-json\/wp\/v2\/types\/product"}],"version-history":[{"count":0,"href":"https:\/\/unitgames.com.ar\/pc-gamer\/wp-json\/wp\/v2\/product\/10355\/revisions"}],"wp:featuredmedia":[{"embeddable":true,"href":"https:\/\/unitgames.com.ar\/pc-gamer\/wp-json\/wp\/v2\/media\/10356"}],"wp:attachment":[{"href":"https:\/\/unitgames.com.ar\/pc-gamer\/wp-json\/wp\/v2\/media?parent=10355"}],"wp:term":[{"taxonomy":"product_brand","embeddable":true,"href":"https:\/\/unitgames.com.ar\/pc-gamer\/wp-json\/wp\/v2\/product_brand?post=10355"},{"taxonomy":"product_cat","embeddable":true,"href":"https:\/\/unitgames.com.ar\/pc-gamer\/wp-json\/wp\/v2\/product_cat?post=10355"},{"taxonomy":"product_tag","embeddable":true,"href":"https:\/\/unitgames.com.ar\/pc-gamer\/wp-json\/wp\/v2\/product_tag?post=10355"}],"curies":[{"name":"wp","href":"https:\/\/api.w.org\/{rel}","templated":true}]}}