{"id":10614,"date":"2024-04-13T01:47:57","date_gmt":"2024-04-13T01:47:57","guid":{"rendered":"https:\/\/unitgames.com.ar\/pc-gamer\/?post_type=product&#038;p=10614"},"modified":"2026-01-09T07:19:11","modified_gmt":"2026-01-09T10:19:11","slug":"consola-y-tv-box-retro-doble-sistema-tx9-pro","status":"publish","type":"product","link":"https:\/\/unitgames.com.ar\/pc-gamer\/producto\/consola-y-tv-box-retro-doble-sistema-tx9-pro\/","title":{"rendered":"Consola y TV BOX Retro Doble Sistema TX9 Pro"},"content":{"rendered":"<h3 class=\"ui-pdp-description__title\">Descripci\u00f3n<\/h3>\n<p class=\"ui-pdp-description__content\">CONSOLA ARCADE MULTI-EMULADORA<\/p>\n<p class=\"ui-pdp-description__content\">CONTIENE JUEGOS DE PSP, N64, CPS1, CPS2, PLAY1, SUPER NINTENDO, GAME BOY, SEGA GENESIS, FAMILY GAME, ATARI, ARCADES Y M\u00c1S!<\/p>\n<p>M\u00c1S DE 10.000 JUEGOS RETRO INTEGRADOS: esta consola de juegos de TV inal\u00e1mbrica incorpora m\u00e1s de 20000 juegos cl\u00e1sicos, lo que trae de vuelta los recuerdos de la infancia al instante. Estos juegos son desafiantes, atractivos y divertidos. Contiene 13 emuladores de consolas diferentes preinstalados en la tarjeta TF de 64 GB. No hay necesidad de descargar e instalar por ti mismo, no requiere Internet, puedes jugar m\u00e1s de 10000 juegos cl\u00e1sicos simplemente conectando al televisor.<\/p>\n<p>Esta mini consola retro es muy sencilla de utilizar, tan solo debe conectarse al televisor mediante el puerto HDMI, y a la consola mini se le debe conectar el adaptador bluetooth para que los mandos inal\u00e1mbricos puedan funcionar de manera perfecta y casi sin retraso alguno en la conexi\u00f3n.<\/p>\n<p>ALTA DEFINICI\u00d3N: soporta salida de video de TV de alta definici\u00f3n 1080P en monitores y proyectores con entrada HDMI. Puedes disfrutar de videojuegos animados e interesantes en la pantalla grande para una experiencia de juego m\u00e1s c\u00f3moda e inmersiva.<\/p>\n<p>2 CONTROLADORES INAL\u00c1MBRICOS: contiene 2 joysticks inal\u00e1mbricos de 2.4 GHz, la conexi\u00f3n es estable y casi cero latencia, la distancia m\u00e1xima de conexi\u00f3n es de 5mts.<\/p>\n<p>F\u00c1CIL DE USAR: Game Stick admite funciones de b\u00fasqueda y favoritos por lo que es m\u00e1s f\u00e1cil encontrar juegos. Adem\u00e1s podr\u00e1s guardar tu progreso en cualquier momento!<\/p>\n<p>ALIMENTACI\u00d3N: Se alimenta por puerto USB, le podes agregar adaptador y cargarlo a la corriente el\u00e9ctrica, como con un celular.<\/p>\n<p>C\u00d3MO CONECTAR<br \/>\n1 \u2013 Conecta la consola por HDMI al televisor.<br \/>\n2 \u2013 Conecta el receptor de los controles (USB).<br \/>\n3 \u2013 Conecta la fuente de alimentaci\u00f3n de carga (cable con entrada USB) en el televisor o una base de carga.<\/p>\n<p>CONTENIDO DE LA CAJA<br \/>\n1 Consola GameStick<br \/>\n2 Joysticks inal\u00e1mbricos<br \/>\n1 Receptor USB para joysticks<br \/>\n1 Memoria Micro SD 64GB (pre-instalada)<br \/>\n1 Cable extensor HDMI<br \/>\n1 Cable alimentaci\u00f3n USB<br \/>\n1 Manual de usuario<\/p>\n<p>REQUISITOS<br \/>\n\u2013 2 pares de pilas AAA para cada joystick (no incluidas)<br \/>\n\u2013 Si no tiene USB disponible en la TV: Adaptador USB a 220V (como el del celular) con una m\u00ednima de 3A.<\/p>\n","protected":false},"excerpt":{"rendered":"<p>Descripci\u00f3n CONSOLA ARCADE MULTI-EMULADORA CONTIENE JUEGOS DE PSP, N64, CPS1, CPS2, PLAY1, SUPER NINTENDO, GAME BOY, SEGA GENESIS, FAMILY GAME, ATARI, ARCADES Y M\u00c1S! M\u00c1S DE 10.000 JUEGOS RETRO INTEGRADOS: esta consola de juegos de TV inal\u00e1mbrica incorpora m\u00e1s de 20000 juegos cl\u00e1sicos, lo que trae de vuelta los recuerdos de la infancia al instante. Estos juegos son desafiantes, atractivos y divertidos. Contiene 13 emuladores de consolas diferentes preinstalados en la tarjeta TF de 64 GB. No hay necesidad de descargar e instalar por ti mismo, no requiere Internet, puedes jugar m\u00e1s de 10000 juegos cl\u00e1sicos simplemente conectando al televisor. Esta mini consola retro es muy sencilla de utilizar, tan solo debe conectarse al televisor mediante el puerto HDMI, y a la consola mini se le debe conectar el adaptador bluetooth para que los mandos inal\u00e1mbricos puedan funcionar de manera perfecta y casi sin retraso alguno en la conexi\u00f3n. ALTA DEFINICI\u00d3N: soporta salida de video de TV de alta definici\u00f3n 1080P en monitores y proyectores con entrada HDMI. Puedes disfrutar de videojuegos animados e interesantes en la pantalla grande para una experiencia de juego m\u00e1s c\u00f3moda e inmersiva. 2 CONTROLADORES INAL\u00c1MBRICOS: contiene 2 joysticks inal\u00e1mbricos de 2.4 GHz, la conexi\u00f3n es estable y casi cero latencia, la distancia m\u00e1xima de conexi\u00f3n es de 5mts. F\u00c1CIL DE USAR: Game Stick admite funciones de b\u00fasqueda y favoritos por lo que es m\u00e1s f\u00e1cil encontrar juegos. Adem\u00e1s podr\u00e1s guardar tu progreso en cualquier momento! ALIMENTACI\u00d3N: Se alimenta por puerto USB, le podes agregar adaptador y cargarlo a la corriente el\u00e9ctrica, como con un celular. C\u00d3MO CONECTAR 1 \u2013 Conecta la consola por HDMI al televisor. 2 \u2013 Conecta el receptor de los controles (USB). 3 \u2013 Conecta la fuente de alimentaci\u00f3n de carga (cable con entrada USB) en el televisor o una base de carga. CONTENIDO DE LA CAJA 1 Consola GameStick 2 Joysticks inal\u00e1mbricos 1 Receptor USB para joysticks 1 Memoria Micro SD 64GB (pre-instalada) 1 Cable extensor HDMI 1 Cable alimentaci\u00f3n USB 1 Manual de usuario REQUISITOS \u2013 2 pares de pilas AAA para cada joystick (no incluidas) \u2013 Si no tiene USB disponible en la TV: Adaptador USB a 220V (como el del celular) con una m\u00ednima de 3A.<\/p>\n","protected":false},"featured_media":10626,"template":"","meta":{"site-sidebar-layout":"default","site-content-layout":"","ast-site-content-layout":"default","site-content-style":"default","site-sidebar-style":"default","ast-global-header-display":"","ast-banner-title-visibility":"","ast-main-header-display":"","ast-hfb-above-header-display":"","ast-hfb-below-header-display":"","ast-hfb-mobile-header-display":"","site-post-title":"","ast-breadcrumbs-content":"","ast-featured-img":"","footer-sml-layout":"","theme-transparent-header-meta":"","adv-header-id-meta":"","stick-header-meta":"","header-above-stick-meta":"","header-main-stick-meta":"","header-below-stick-meta":"","astra-migrate-meta-layouts":"default","ast-page-background-enabled":"default","ast-page-background-meta":{"desktop":{"background-color":"var(--ast-global-color-5)","background-image":"","background-repeat":"repeat","background-position":"center center","background-size":"auto","background-attachment":"scroll","background-type":"","background-media":"","overlay-type":"","overlay-color":"","overlay-opacity":"","overlay-gradient":""},"tablet":{"background-color":"","background-image":"","background-repeat":"repeat","background-position":"center center","background-size":"auto","background-attachment":"scroll","background-type":"","background-media":"","overlay-type":"","overlay-color":"","overlay-opacity":"","overlay-gradient":""},"mobile":{"background-color":"","background-image":"","background-repeat":"repeat","background-position":"center center","background-size":"auto","background-attachment":"scroll","background-type":"","background-media":"","overlay-type":"","overlay-color":"","overlay-opacity":"","overlay-gradient":""}},"ast-content-background-meta":{"desktop":{"background-color":"var(--ast-global-color-4)","background-image":"","background-repeat":"repeat","background-position":"center center","background-size":"auto","background-attachment":"scroll","background-type":"","background-media":"","overlay-type":"","overlay-color":"","overlay-opacity":"","overlay-gradient":""},"tablet":{"background-color":"var(--ast-global-color-4)","background-image":"","background-repeat":"repeat","background-position":"center center","background-size":"auto","background-attachment":"scroll","background-type":"","background-media":"","overlay-type":"","overlay-color":"","overlay-opacity":"","overlay-gradient":""},"mobile":{"background-color":"var(--ast-global-color-4)","background-image":"","background-repeat":"repeat","background-position":"center center","background-size":"auto","background-attachment":"scroll","background-type":"","background-media":"","overlay-type":"","overlay-color":"","overlay-opacity":"","overlay-gradient":""}},"_joinchat":[]},"product_brand":[],"product_cat":[74],"product_tag":[],"class_list":{"0":"post-10614","1":"product","2":"type-product","3":"status-publish","4":"has-post-thumbnail","6":"product_cat-consolas","7":"desktop-align-center","8":"tablet-align-left","9":"mobile-align-left","11":"first","12":"outofstock","13":"shipping-taxable","14":"purchasable","15":"product-type-simple"},"yoast_head":"<!-- This site is optimized with the Yoast SEO plugin v27.3 - https:\/\/yoast.com\/product\/yoast-seo-wordpress\/ -->\n<title>Consola y TV BOX Retro Doble Sistema TX9 Pro - UnitGames<\/title>\n<meta name=\"robots\" content=\"index, follow, max-snippet:-1, max-image-preview:large, max-video-preview:-1\" \/>\n<link rel=\"canonical\" href=\"https:\/\/unitgames.com.ar\/pc-gamer\/producto\/consola-y-tv-box-retro-doble-sistema-tx9-pro\/\" \/>\n<meta property=\"og:locale\" content=\"es_ES\" \/>\n<meta property=\"og:type\" content=\"article\" \/>\n<meta property=\"og:title\" content=\"Consola y TV BOX Retro Doble Sistema TX9 Pro - UnitGames\" \/>\n<meta property=\"og:description\" content=\"Descripci\u00f3n CONSOLA ARCADE MULTI-EMULADORA CONTIENE JUEGOS DE PSP, N64, CPS1, CPS2, PLAY1, SUPER NINTENDO, GAME BOY, SEGA GENESIS, FAMILY GAME, ATARI, ARCADES Y M\u00c1S! M\u00c1S DE 10.000 JUEGOS RETRO INTEGRADOS: esta consola de juegos de TV inal\u00e1mbrica incorpora m\u00e1s de 20000 juegos cl\u00e1sicos, lo que trae de vuelta los recuerdos de la infancia al instante. Estos juegos son desafiantes, atractivos y divertidos. Contiene 13 emuladores de consolas diferentes preinstalados en la tarjeta TF de 64 GB. No hay necesidad de descargar e instalar por ti mismo, no requiere Internet, puedes jugar m\u00e1s de 10000 juegos cl\u00e1sicos simplemente conectando al televisor. Esta mini consola retro es muy sencilla de utilizar, tan solo debe conectarse al televisor mediante el puerto HDMI, y a la consola mini se le debe conectar el adaptador bluetooth para que los mandos inal\u00e1mbricos puedan funcionar de manera perfecta y casi sin retraso alguno en la conexi\u00f3n. ALTA DEFINICI\u00d3N: soporta salida de video de TV de alta definici\u00f3n 1080P en monitores y proyectores con entrada HDMI. Puedes disfrutar de videojuegos animados e interesantes en la pantalla grande para una experiencia de juego m\u00e1s c\u00f3moda e inmersiva. 2 CONTROLADORES INAL\u00c1MBRICOS: contiene 2 joysticks inal\u00e1mbricos de 2.4 GHz, la conexi\u00f3n es estable y casi cero latencia, la distancia m\u00e1xima de conexi\u00f3n es de 5mts. F\u00c1CIL DE USAR: Game Stick admite funciones de b\u00fasqueda y favoritos por lo que es m\u00e1s f\u00e1cil encontrar juegos. Adem\u00e1s podr\u00e1s guardar tu progreso en cualquier momento! ALIMENTACI\u00d3N: Se alimenta por puerto USB, le podes agregar adaptador y cargarlo a la corriente el\u00e9ctrica, como con un celular. C\u00d3MO CONECTAR 1 \u2013 Conecta la consola por HDMI al televisor. 2 \u2013 Conecta el receptor de los controles (USB). 3 \u2013 Conecta la fuente de alimentaci\u00f3n de carga (cable con entrada USB) en el televisor o una base de carga. CONTENIDO DE LA CAJA 1 Consola GameStick 2 Joysticks inal\u00e1mbricos 1 Receptor USB para joysticks 1 Memoria Micro SD 64GB (pre-instalada) 1 Cable extensor HDMI 1 Cable alimentaci\u00f3n USB 1 Manual de usuario REQUISITOS \u2013 2 pares de pilas AAA para cada joystick (no incluidas) \u2013 Si no tiene USB disponible en la TV: Adaptador USB a 220V (como el del celular) con una m\u00ednima de 3A.\" \/>\n<meta property=\"og:url\" content=\"https:\/\/unitgames.com.ar\/pc-gamer\/producto\/consola-y-tv-box-retro-doble-sistema-tx9-pro\/\" \/>\n<meta property=\"og:site_name\" content=\"UnitGames\" \/>\n<meta property=\"article:modified_time\" content=\"2026-01-09T10:19:11+00:00\" \/>\n<meta property=\"og:image\" content=\"https:\/\/unitgames.com.ar\/pc-gamer\/wp-content\/uploads\/2024\/04\/Consola-y-TV-BOX-Retro-Doble-Sistema-TX9-Pro.png\" \/>\n\t<meta property=\"og:image:width\" content=\"1282\" \/>\n\t<meta property=\"og:image:height\" content=\"1285\" \/>\n\t<meta property=\"og:image:type\" content=\"image\/png\" \/>\n<meta name=\"twitter:card\" content=\"summary_large_image\" \/>\n<meta name=\"twitter:label1\" content=\"Tiempo de lectura\" \/>\n\t<meta name=\"twitter:data1\" content=\"2 minutos\" \/>\n<script type=\"application\/ld+json\" class=\"yoast-schema-graph\">{\"@context\":\"https:\\\/\\\/schema.org\",\"@graph\":[{\"@type\":\"WebPage\",\"@id\":\"https:\\\/\\\/unitgames.com.ar\\\/pc-gamer\\\/producto\\\/consola-y-tv-box-retro-doble-sistema-tx9-pro\\\/\",\"url\":\"https:\\\/\\\/unitgames.com.ar\\\/pc-gamer\\\/producto\\\/consola-y-tv-box-retro-doble-sistema-tx9-pro\\\/\",\"name\":\"Consola y TV BOX Retro Doble Sistema TX9 Pro - UnitGames\",\"isPartOf\":{\"@id\":\"https:\\\/\\\/unitgames.com.ar\\\/pc-gamer\\\/#website\"},\"primaryImageOfPage\":{\"@id\":\"https:\\\/\\\/unitgames.com.ar\\\/pc-gamer\\\/producto\\\/consola-y-tv-box-retro-doble-sistema-tx9-pro\\\/#primaryimage\"},\"image\":{\"@id\":\"https:\\\/\\\/unitgames.com.ar\\\/pc-gamer\\\/producto\\\/consola-y-tv-box-retro-doble-sistema-tx9-pro\\\/#primaryimage\"},\"thumbnailUrl\":\"https:\\\/\\\/unitgames.com.ar\\\/pc-gamer\\\/wp-content\\\/uploads\\\/2024\\\/04\\\/Consola-y-TV-BOX-Retro-Doble-Sistema-TX9-Pro.png\",\"datePublished\":\"2024-04-13T01:47:57+00:00\",\"dateModified\":\"2026-01-09T10:19:11+00:00\",\"breadcrumb\":{\"@id\":\"https:\\\/\\\/unitgames.com.ar\\\/pc-gamer\\\/producto\\\/consola-y-tv-box-retro-doble-sistema-tx9-pro\\\/#breadcrumb\"},\"inLanguage\":\"es\",\"potentialAction\":[{\"@type\":\"ReadAction\",\"target\":[\"https:\\\/\\\/unitgames.com.ar\\\/pc-gamer\\\/producto\\\/consola-y-tv-box-retro-doble-sistema-tx9-pro\\\/\"]}]},{\"@type\":\"ImageObject\",\"inLanguage\":\"es\",\"@id\":\"https:\\\/\\\/unitgames.com.ar\\\/pc-gamer\\\/producto\\\/consola-y-tv-box-retro-doble-sistema-tx9-pro\\\/#primaryimage\",\"url\":\"https:\\\/\\\/unitgames.com.ar\\\/pc-gamer\\\/wp-content\\\/uploads\\\/2024\\\/04\\\/Consola-y-TV-BOX-Retro-Doble-Sistema-TX9-Pro.png\",\"contentUrl\":\"https:\\\/\\\/unitgames.com.ar\\\/pc-gamer\\\/wp-content\\\/uploads\\\/2024\\\/04\\\/Consola-y-TV-BOX-Retro-Doble-Sistema-TX9-Pro.png\",\"width\":1282,\"height\":1285},{\"@type\":\"BreadcrumbList\",\"@id\":\"https:\\\/\\\/unitgames.com.ar\\\/pc-gamer\\\/producto\\\/consola-y-tv-box-retro-doble-sistema-tx9-pro\\\/#breadcrumb\",\"itemListElement\":[{\"@type\":\"ListItem\",\"position\":1,\"name\":\"Tienda\",\"item\":\"https:\\\/\\\/unitgames.com.ar\\\/pc-gamer\\\/tienda\\\/\"},{\"@type\":\"ListItem\",\"position\":2,\"name\":\"Consola y TV BOX Retro Doble Sistema TX9 Pro\"}]},{\"@type\":\"WebSite\",\"@id\":\"https:\\\/\\\/unitgames.com.ar\\\/pc-gamer\\\/#website\",\"url\":\"https:\\\/\\\/unitgames.com.ar\\\/pc-gamer\\\/\",\"name\":\"UnitGames\",\"description\":\"Venta de PC Gamers, Consolas , Servicio Tecnico Especializado. Todos en Accesorios Informaticos y Gamers\",\"publisher\":{\"@id\":\"https:\\\/\\\/unitgames.com.ar\\\/pc-gamer\\\/#organization\"},\"potentialAction\":[{\"@type\":\"SearchAction\",\"target\":{\"@type\":\"EntryPoint\",\"urlTemplate\":\"https:\\\/\\\/unitgames.com.ar\\\/pc-gamer\\\/?s={search_term_string}\"},\"query-input\":{\"@type\":\"PropertyValueSpecification\",\"valueRequired\":true,\"valueName\":\"search_term_string\"}}],\"inLanguage\":\"es\"},{\"@type\":\"Organization\",\"@id\":\"https:\\\/\\\/unitgames.com.ar\\\/pc-gamer\\\/#organization\",\"name\":\"UnitGames\",\"url\":\"https:\\\/\\\/unitgames.com.ar\\\/pc-gamer\\\/\",\"logo\":{\"@type\":\"ImageObject\",\"inLanguage\":\"es\",\"@id\":\"https:\\\/\\\/unitgames.com.ar\\\/pc-gamer\\\/#\\\/schema\\\/logo\\\/image\\\/\",\"url\":\"https:\\\/\\\/unitgames.com.ar\\\/pc-gamer\\\/wp-content\\\/uploads\\\/2021\\\/01\\\/cropped-logoUnitGames2.png\",\"contentUrl\":\"https:\\\/\\\/unitgames.com.ar\\\/pc-gamer\\\/wp-content\\\/uploads\\\/2021\\\/01\\\/cropped-logoUnitGames2.png\",\"width\":152,\"height\":200,\"caption\":\"UnitGames\"},\"image\":{\"@id\":\"https:\\\/\\\/unitgames.com.ar\\\/pc-gamer\\\/#\\\/schema\\\/logo\\\/image\\\/\"}}]}<\/script>\n<!-- \/ Yoast SEO plugin. -->","yoast_head_json":{"title":"Consola y TV BOX Retro Doble Sistema TX9 Pro - UnitGames","robots":{"index":"index","follow":"follow","max-snippet":"max-snippet:-1","max-image-preview":"max-image-preview:large","max-video-preview":"max-video-preview:-1"},"canonical":"https:\/\/unitgames.com.ar\/pc-gamer\/producto\/consola-y-tv-box-retro-doble-sistema-tx9-pro\/","og_locale":"es_ES","og_type":"article","og_title":"Consola y TV BOX Retro Doble Sistema TX9 Pro - UnitGames","og_description":"Descripci\u00f3n CONSOLA ARCADE MULTI-EMULADORA CONTIENE JUEGOS DE PSP, N64, CPS1, CPS2, PLAY1, SUPER NINTENDO, GAME BOY, SEGA GENESIS, FAMILY GAME, ATARI, ARCADES Y M\u00c1S! M\u00c1S DE 10.000 JUEGOS RETRO INTEGRADOS: esta consola de juegos de TV inal\u00e1mbrica incorpora m\u00e1s de 20000 juegos cl\u00e1sicos, lo que trae de vuelta los recuerdos de la infancia al instante. Estos juegos son desafiantes, atractivos y divertidos. Contiene 13 emuladores de consolas diferentes preinstalados en la tarjeta TF de 64 GB. No hay necesidad de descargar e instalar por ti mismo, no requiere Internet, puedes jugar m\u00e1s de 10000 juegos cl\u00e1sicos simplemente conectando al televisor. Esta mini consola retro es muy sencilla de utilizar, tan solo debe conectarse al televisor mediante el puerto HDMI, y a la consola mini se le debe conectar el adaptador bluetooth para que los mandos inal\u00e1mbricos puedan funcionar de manera perfecta y casi sin retraso alguno en la conexi\u00f3n. ALTA DEFINICI\u00d3N: soporta salida de video de TV de alta definici\u00f3n 1080P en monitores y proyectores con entrada HDMI. Puedes disfrutar de videojuegos animados e interesantes en la pantalla grande para una experiencia de juego m\u00e1s c\u00f3moda e inmersiva. 2 CONTROLADORES INAL\u00c1MBRICOS: contiene 2 joysticks inal\u00e1mbricos de 2.4 GHz, la conexi\u00f3n es estable y casi cero latencia, la distancia m\u00e1xima de conexi\u00f3n es de 5mts. F\u00c1CIL DE USAR: Game Stick admite funciones de b\u00fasqueda y favoritos por lo que es m\u00e1s f\u00e1cil encontrar juegos. Adem\u00e1s podr\u00e1s guardar tu progreso en cualquier momento! ALIMENTACI\u00d3N: Se alimenta por puerto USB, le podes agregar adaptador y cargarlo a la corriente el\u00e9ctrica, como con un celular. C\u00d3MO CONECTAR 1 \u2013 Conecta la consola por HDMI al televisor. 2 \u2013 Conecta el receptor de los controles (USB). 3 \u2013 Conecta la fuente de alimentaci\u00f3n de carga (cable con entrada USB) en el televisor o una base de carga. CONTENIDO DE LA CAJA 1 Consola GameStick 2 Joysticks inal\u00e1mbricos 1 Receptor USB para joysticks 1 Memoria Micro SD 64GB (pre-instalada) 1 Cable extensor HDMI 1 Cable alimentaci\u00f3n USB 1 Manual de usuario REQUISITOS \u2013 2 pares de pilas AAA para cada joystick (no incluidas) \u2013 Si no tiene USB disponible en la TV: Adaptador USB a 220V (como el del celular) con una m\u00ednima de 3A.","og_url":"https:\/\/unitgames.com.ar\/pc-gamer\/producto\/consola-y-tv-box-retro-doble-sistema-tx9-pro\/","og_site_name":"UnitGames","article_modified_time":"2026-01-09T10:19:11+00:00","og_image":[{"width":1282,"height":1285,"url":"https:\/\/unitgames.com.ar\/pc-gamer\/wp-content\/uploads\/2024\/04\/Consola-y-TV-BOX-Retro-Doble-Sistema-TX9-Pro.png","type":"image\/png"}],"twitter_card":"summary_large_image","twitter_misc":{"Tiempo de lectura":"2 minutos"},"schema":{"@context":"https:\/\/schema.org","@graph":[{"@type":"WebPage","@id":"https:\/\/unitgames.com.ar\/pc-gamer\/producto\/consola-y-tv-box-retro-doble-sistema-tx9-pro\/","url":"https:\/\/unitgames.com.ar\/pc-gamer\/producto\/consola-y-tv-box-retro-doble-sistema-tx9-pro\/","name":"Consola y TV BOX Retro Doble Sistema TX9 Pro - UnitGames","isPartOf":{"@id":"https:\/\/unitgames.com.ar\/pc-gamer\/#website"},"primaryImageOfPage":{"@id":"https:\/\/unitgames.com.ar\/pc-gamer\/producto\/consola-y-tv-box-retro-doble-sistema-tx9-pro\/#primaryimage"},"image":{"@id":"https:\/\/unitgames.com.ar\/pc-gamer\/producto\/consola-y-tv-box-retro-doble-sistema-tx9-pro\/#primaryimage"},"thumbnailUrl":"https:\/\/unitgames.com.ar\/pc-gamer\/wp-content\/uploads\/2024\/04\/Consola-y-TV-BOX-Retro-Doble-Sistema-TX9-Pro.png","datePublished":"2024-04-13T01:47:57+00:00","dateModified":"2026-01-09T10:19:11+00:00","breadcrumb":{"@id":"https:\/\/unitgames.com.ar\/pc-gamer\/producto\/consola-y-tv-box-retro-doble-sistema-tx9-pro\/#breadcrumb"},"inLanguage":"es","potentialAction":[{"@type":"ReadAction","target":["https:\/\/unitgames.com.ar\/pc-gamer\/producto\/consola-y-tv-box-retro-doble-sistema-tx9-pro\/"]}]},{"@type":"ImageObject","inLanguage":"es","@id":"https:\/\/unitgames.com.ar\/pc-gamer\/producto\/consola-y-tv-box-retro-doble-sistema-tx9-pro\/#primaryimage","url":"https:\/\/unitgames.com.ar\/pc-gamer\/wp-content\/uploads\/2024\/04\/Consola-y-TV-BOX-Retro-Doble-Sistema-TX9-Pro.png","contentUrl":"https:\/\/unitgames.com.ar\/pc-gamer\/wp-content\/uploads\/2024\/04\/Consola-y-TV-BOX-Retro-Doble-Sistema-TX9-Pro.png","width":1282,"height":1285},{"@type":"BreadcrumbList","@id":"https:\/\/unitgames.com.ar\/pc-gamer\/producto\/consola-y-tv-box-retro-doble-sistema-tx9-pro\/#breadcrumb","itemListElement":[{"@type":"ListItem","position":1,"name":"Tienda","item":"https:\/\/unitgames.com.ar\/pc-gamer\/tienda\/"},{"@type":"ListItem","position":2,"name":"Consola y TV BOX Retro Doble Sistema TX9 Pro"}]},{"@type":"WebSite","@id":"https:\/\/unitgames.com.ar\/pc-gamer\/#website","url":"https:\/\/unitgames.com.ar\/pc-gamer\/","name":"UnitGames","description":"Venta de PC Gamers, Consolas , Servicio Tecnico Especializado. Todos en Accesorios Informaticos y Gamers","publisher":{"@id":"https:\/\/unitgames.com.ar\/pc-gamer\/#organization"},"potentialAction":[{"@type":"SearchAction","target":{"@type":"EntryPoint","urlTemplate":"https:\/\/unitgames.com.ar\/pc-gamer\/?s={search_term_string}"},"query-input":{"@type":"PropertyValueSpecification","valueRequired":true,"valueName":"search_term_string"}}],"inLanguage":"es"},{"@type":"Organization","@id":"https:\/\/unitgames.com.ar\/pc-gamer\/#organization","name":"UnitGames","url":"https:\/\/unitgames.com.ar\/pc-gamer\/","logo":{"@type":"ImageObject","inLanguage":"es","@id":"https:\/\/unitgames.com.ar\/pc-gamer\/#\/schema\/logo\/image\/","url":"https:\/\/unitgames.com.ar\/pc-gamer\/wp-content\/uploads\/2021\/01\/cropped-logoUnitGames2.png","contentUrl":"https:\/\/unitgames.com.ar\/pc-gamer\/wp-content\/uploads\/2021\/01\/cropped-logoUnitGames2.png","width":152,"height":200,"caption":"UnitGames"},"image":{"@id":"https:\/\/unitgames.com.ar\/pc-gamer\/#\/schema\/logo\/image\/"}}]}},"_links":{"self":[{"href":"https:\/\/unitgames.com.ar\/pc-gamer\/wp-json\/wp\/v2\/product\/10614","targetHints":{"allow":["GET"]}}],"collection":[{"href":"https:\/\/unitgames.com.ar\/pc-gamer\/wp-json\/wp\/v2\/product"}],"about":[{"href":"https:\/\/unitgames.com.ar\/pc-gamer\/wp-json\/wp\/v2\/types\/product"}],"version-history":[{"count":0,"href":"https:\/\/unitgames.com.ar\/pc-gamer\/wp-json\/wp\/v2\/product\/10614\/revisions"}],"wp:featuredmedia":[{"embeddable":true,"href":"https:\/\/unitgames.com.ar\/pc-gamer\/wp-json\/wp\/v2\/media\/10626"}],"wp:attachment":[{"href":"https:\/\/unitgames.com.ar\/pc-gamer\/wp-json\/wp\/v2\/media?parent=10614"}],"wp:term":[{"taxonomy":"product_brand","embeddable":true,"href":"https:\/\/unitgames.com.ar\/pc-gamer\/wp-json\/wp\/v2\/product_brand?post=10614"},{"taxonomy":"product_cat","embeddable":true,"href":"https:\/\/unitgames.com.ar\/pc-gamer\/wp-json\/wp\/v2\/product_cat?post=10614"},{"taxonomy":"product_tag","embeddable":true,"href":"https:\/\/unitgames.com.ar\/pc-gamer\/wp-json\/wp\/v2\/product_tag?post=10614"}],"curies":[{"name":"wp","href":"https:\/\/api.w.org\/{rel}","templated":true}]}}