{"id":10931,"date":"2024-06-24T14:53:14","date_gmt":"2024-06-24T14:53:14","guid":{"rendered":"https:\/\/unitgames.com.ar\/pc-gamer\/?post_type=product&#038;p=10931"},"modified":"2026-01-09T07:18:45","modified_gmt":"2026-01-09T10:18:45","slug":"auriculares-bluetooth-lenovo-lp5-blanco","status":"publish","type":"product","link":"https:\/\/unitgames.com.ar\/pc-gamer\/producto\/auriculares-bluetooth-lenovo-lp5-blanco\/","title":{"rendered":"Auriculares Bluetooth LENOVO LP5 Blanco"},"content":{"rendered":"<p>CONTENIDO DEL PAQUETE:<br \/>\n1X Par de auriculares.<br \/>\n1X Estuche de carga.<br \/>\n1X Manual de usuario.<br \/>\n1X Cable de carga.<br \/>\n2X Pares de tapones para los o\u00eddos.<\/p>\n<p>ESPECIFICACIONES:<\/p>\n<p>Cancelaci\u00f3n de ruido: ENC (cancelaci\u00f3n de ruido ambiental)<br \/>\nDistancia de transmisi\u00f3n: 10m.<br \/>\nVersi\u00f3n BT5,0.<br \/>\nCapacidad de la bater\u00eda de los auriculares (cada uno): 35 mAh.<br \/>\nEstuche de carga capacidad de la bater\u00eda: 250mAh.<br \/>\nDi\u00e1metro de la unidad: 13mm.<br \/>\nResistencia IPX5 (resistente a sudor y salpicaduras)<br \/>\nTiempo de Trabajo: aproximadamente 3.5 horas (depende del volumen de m\u00fasica).<br \/>\nAutonomia estuche de carga: 12 Horas<br \/>\nCargador tipo C.<br \/>\nMicr\u00f3fono: S\u00ed.<br \/>\nTiempo de carga del auricular: 1.5 horas.<br \/>\nSiguiente\/ anterior canci\u00f3n: S\u00ed.<br \/>\nTiempo Stanby: 360 horas.<br \/>\nT\u00e1ctil: S\u00ed.<br \/>\nCortar \/ atender: S\u00ed.<br \/>\nControl de Volumen: S\u00ed.<br \/>\nAsistente de voz: S\u00ed.<\/p>\n","protected":false},"excerpt":{"rendered":"<p>CONTENIDO DEL PAQUETE: 1X Par de auriculares. 1X Estuche de carga. 1X Manual de usuario. 1X Cable de carga. 2X Pares de tapones para los o\u00eddos. ESPECIFICACIONES: Cancelaci\u00f3n de ruido: ENC (cancelaci\u00f3n de ruido ambiental) Distancia de transmisi\u00f3n: 10m. Versi\u00f3n BT5,0. Capacidad de la bater\u00eda de los auriculares (cada uno): 35 mAh. Estuche de carga capacidad de la bater\u00eda: 250mAh. Di\u00e1metro de la unidad: 13mm. Resistencia IPX5 (resistente a sudor y salpicaduras) Tiempo de Trabajo: aproximadamente 3.5 horas (depende del volumen de m\u00fasica). Autonomia estuche de carga: 12 Horas Cargador tipo C. Micr\u00f3fono: S\u00ed. Tiempo de carga del auricular: 1.5 horas. Siguiente\/ anterior canci\u00f3n: S\u00ed. Tiempo Stanby: 360 horas. T\u00e1ctil: S\u00ed. Cortar \/ atender: S\u00ed. Control de Volumen: S\u00ed. Asistente de voz: S\u00ed.<\/p>\n","protected":false},"featured_media":10972,"template":"","meta":{"site-sidebar-layout":"default","site-content-layout":"","ast-site-content-layout":"default","site-content-style":"default","site-sidebar-style":"default","ast-global-header-display":"","ast-banner-title-visibility":"","ast-main-header-display":"","ast-hfb-above-header-display":"","ast-hfb-below-header-display":"","ast-hfb-mobile-header-display":"","site-post-title":"","ast-breadcrumbs-content":"","ast-featured-img":"","footer-sml-layout":"","theme-transparent-header-meta":"","adv-header-id-meta":"","stick-header-meta":"","header-above-stick-meta":"","header-main-stick-meta":"","header-below-stick-meta":"","astra-migrate-meta-layouts":"default","ast-page-background-enabled":"default","ast-page-background-meta":{"desktop":{"background-color":"var(--ast-global-color-5)","background-image":"","background-repeat":"repeat","background-position":"center center","background-size":"auto","background-attachment":"scroll","background-type":"","background-media":"","overlay-type":"","overlay-color":"","overlay-opacity":"","overlay-gradient":""},"tablet":{"background-color":"","background-image":"","background-repeat":"repeat","background-position":"center center","background-size":"auto","background-attachment":"scroll","background-type":"","background-media":"","overlay-type":"","overlay-color":"","overlay-opacity":"","overlay-gradient":""},"mobile":{"background-color":"","background-image":"","background-repeat":"repeat","background-position":"center center","background-size":"auto","background-attachment":"scroll","background-type":"","background-media":"","overlay-type":"","overlay-color":"","overlay-opacity":"","overlay-gradient":""}},"ast-content-background-meta":{"desktop":{"background-color":"var(--ast-global-color-4)","background-image":"","background-repeat":"repeat","background-position":"center center","background-size":"auto","background-attachment":"scroll","background-type":"","background-media":"","overlay-type":"","overlay-color":"","overlay-opacity":"","overlay-gradient":""},"tablet":{"background-color":"var(--ast-global-color-4)","background-image":"","background-repeat":"repeat","background-position":"center center","background-size":"auto","background-attachment":"scroll","background-type":"","background-media":"","overlay-type":"","overlay-color":"","overlay-opacity":"","overlay-gradient":""},"mobile":{"background-color":"var(--ast-global-color-4)","background-image":"","background-repeat":"repeat","background-position":"center center","background-size":"auto","background-attachment":"scroll","background-type":"","background-media":"","overlay-type":"","overlay-color":"","overlay-opacity":"","overlay-gradient":""}},"_joinchat":[]},"product_brand":[],"product_cat":[60],"product_tag":[],"class_list":{"0":"post-10931","1":"product","2":"type-product","3":"status-publish","4":"has-post-thumbnail","6":"product_cat-auriculares-bluetooth","7":"desktop-align-center","8":"tablet-align-left","9":"mobile-align-left","11":"first","12":"instock","13":"shipping-taxable","14":"purchasable","15":"product-type-simple"},"yoast_head":"<!-- This site is optimized with the Yoast SEO plugin v27.3 - https:\/\/yoast.com\/product\/yoast-seo-wordpress\/ -->\n<title>Auriculares Bluetooth LENOVO LP5 Blanco - UnitGames<\/title>\n<meta name=\"robots\" content=\"index, follow, max-snippet:-1, max-image-preview:large, max-video-preview:-1\" \/>\n<link rel=\"canonical\" href=\"https:\/\/unitgames.com.ar\/pc-gamer\/producto\/auriculares-bluetooth-lenovo-lp5-blanco\/\" \/>\n<meta property=\"og:locale\" content=\"es_ES\" \/>\n<meta property=\"og:type\" content=\"article\" \/>\n<meta property=\"og:title\" content=\"Auriculares Bluetooth LENOVO LP5 Blanco - UnitGames\" \/>\n<meta property=\"og:description\" content=\"CONTENIDO DEL PAQUETE: 1X Par de auriculares. 1X Estuche de carga. 1X Manual de usuario. 1X Cable de carga. 2X Pares de tapones para los o\u00eddos. ESPECIFICACIONES: Cancelaci\u00f3n de ruido: ENC (cancelaci\u00f3n de ruido ambiental) Distancia de transmisi\u00f3n: 10m. Versi\u00f3n BT5,0. Capacidad de la bater\u00eda de los auriculares (cada uno): 35 mAh. Estuche de carga capacidad de la bater\u00eda: 250mAh. Di\u00e1metro de la unidad: 13mm. Resistencia IPX5 (resistente a sudor y salpicaduras) Tiempo de Trabajo: aproximadamente 3.5 horas (depende del volumen de m\u00fasica). Autonomia estuche de carga: 12 Horas Cargador tipo C. Micr\u00f3fono: S\u00ed. Tiempo de carga del auricular: 1.5 horas. Siguiente\/ anterior canci\u00f3n: S\u00ed. Tiempo Stanby: 360 horas. T\u00e1ctil: S\u00ed. Cortar \/ atender: S\u00ed. Control de Volumen: S\u00ed. Asistente de voz: S\u00ed.\" \/>\n<meta property=\"og:url\" content=\"https:\/\/unitgames.com.ar\/pc-gamer\/producto\/auriculares-bluetooth-lenovo-lp5-blanco\/\" \/>\n<meta property=\"og:site_name\" content=\"UnitGames\" \/>\n<meta property=\"article:modified_time\" content=\"2026-01-09T10:18:45+00:00\" \/>\n<meta property=\"og:image\" content=\"https:\/\/unitgames.com.ar\/pc-gamer\/wp-content\/uploads\/2024\/06\/Auriculares-Bluetooth-LENOVO-LP5-Blanco.png\" \/>\n\t<meta property=\"og:image:width\" content=\"1263\" \/>\n\t<meta property=\"og:image:height\" content=\"1285\" \/>\n\t<meta property=\"og:image:type\" content=\"image\/png\" \/>\n<meta name=\"twitter:card\" content=\"summary_large_image\" \/>\n<meta name=\"twitter:label1\" content=\"Tiempo de lectura\" \/>\n\t<meta name=\"twitter:data1\" content=\"1 minuto\" \/>\n<script type=\"application\/ld+json\" class=\"yoast-schema-graph\">{\"@context\":\"https:\\\/\\\/schema.org\",\"@graph\":[{\"@type\":\"WebPage\",\"@id\":\"https:\\\/\\\/unitgames.com.ar\\\/pc-gamer\\\/producto\\\/auriculares-bluetooth-lenovo-lp5-blanco\\\/\",\"url\":\"https:\\\/\\\/unitgames.com.ar\\\/pc-gamer\\\/producto\\\/auriculares-bluetooth-lenovo-lp5-blanco\\\/\",\"name\":\"Auriculares Bluetooth LENOVO LP5 Blanco - UnitGames\",\"isPartOf\":{\"@id\":\"https:\\\/\\\/unitgames.com.ar\\\/pc-gamer\\\/#website\"},\"primaryImageOfPage\":{\"@id\":\"https:\\\/\\\/unitgames.com.ar\\\/pc-gamer\\\/producto\\\/auriculares-bluetooth-lenovo-lp5-blanco\\\/#primaryimage\"},\"image\":{\"@id\":\"https:\\\/\\\/unitgames.com.ar\\\/pc-gamer\\\/producto\\\/auriculares-bluetooth-lenovo-lp5-blanco\\\/#primaryimage\"},\"thumbnailUrl\":\"https:\\\/\\\/unitgames.com.ar\\\/pc-gamer\\\/wp-content\\\/uploads\\\/2024\\\/06\\\/Auriculares-Bluetooth-LENOVO-LP5-Blanco.png\",\"datePublished\":\"2024-06-24T14:53:14+00:00\",\"dateModified\":\"2026-01-09T10:18:45+00:00\",\"breadcrumb\":{\"@id\":\"https:\\\/\\\/unitgames.com.ar\\\/pc-gamer\\\/producto\\\/auriculares-bluetooth-lenovo-lp5-blanco\\\/#breadcrumb\"},\"inLanguage\":\"es\",\"potentialAction\":[{\"@type\":\"ReadAction\",\"target\":[\"https:\\\/\\\/unitgames.com.ar\\\/pc-gamer\\\/producto\\\/auriculares-bluetooth-lenovo-lp5-blanco\\\/\"]}]},{\"@type\":\"ImageObject\",\"inLanguage\":\"es\",\"@id\":\"https:\\\/\\\/unitgames.com.ar\\\/pc-gamer\\\/producto\\\/auriculares-bluetooth-lenovo-lp5-blanco\\\/#primaryimage\",\"url\":\"https:\\\/\\\/unitgames.com.ar\\\/pc-gamer\\\/wp-content\\\/uploads\\\/2024\\\/06\\\/Auriculares-Bluetooth-LENOVO-LP5-Blanco.png\",\"contentUrl\":\"https:\\\/\\\/unitgames.com.ar\\\/pc-gamer\\\/wp-content\\\/uploads\\\/2024\\\/06\\\/Auriculares-Bluetooth-LENOVO-LP5-Blanco.png\",\"width\":1263,\"height\":1285},{\"@type\":\"BreadcrumbList\",\"@id\":\"https:\\\/\\\/unitgames.com.ar\\\/pc-gamer\\\/producto\\\/auriculares-bluetooth-lenovo-lp5-blanco\\\/#breadcrumb\",\"itemListElement\":[{\"@type\":\"ListItem\",\"position\":1,\"name\":\"Tienda\",\"item\":\"https:\\\/\\\/unitgames.com.ar\\\/pc-gamer\\\/tienda\\\/\"},{\"@type\":\"ListItem\",\"position\":2,\"name\":\"Auriculares Bluetooth LENOVO LP5 Blanco\"}]},{\"@type\":\"WebSite\",\"@id\":\"https:\\\/\\\/unitgames.com.ar\\\/pc-gamer\\\/#website\",\"url\":\"https:\\\/\\\/unitgames.com.ar\\\/pc-gamer\\\/\",\"name\":\"UnitGames\",\"description\":\"Venta de PC Gamers, Consolas , Servicio Tecnico Especializado. Todos en Accesorios Informaticos y Gamers\",\"publisher\":{\"@id\":\"https:\\\/\\\/unitgames.com.ar\\\/pc-gamer\\\/#organization\"},\"potentialAction\":[{\"@type\":\"SearchAction\",\"target\":{\"@type\":\"EntryPoint\",\"urlTemplate\":\"https:\\\/\\\/unitgames.com.ar\\\/pc-gamer\\\/?s={search_term_string}\"},\"query-input\":{\"@type\":\"PropertyValueSpecification\",\"valueRequired\":true,\"valueName\":\"search_term_string\"}}],\"inLanguage\":\"es\"},{\"@type\":\"Organization\",\"@id\":\"https:\\\/\\\/unitgames.com.ar\\\/pc-gamer\\\/#organization\",\"name\":\"UnitGames\",\"url\":\"https:\\\/\\\/unitgames.com.ar\\\/pc-gamer\\\/\",\"logo\":{\"@type\":\"ImageObject\",\"inLanguage\":\"es\",\"@id\":\"https:\\\/\\\/unitgames.com.ar\\\/pc-gamer\\\/#\\\/schema\\\/logo\\\/image\\\/\",\"url\":\"https:\\\/\\\/unitgames.com.ar\\\/pc-gamer\\\/wp-content\\\/uploads\\\/2021\\\/01\\\/cropped-logoUnitGames2.png\",\"contentUrl\":\"https:\\\/\\\/unitgames.com.ar\\\/pc-gamer\\\/wp-content\\\/uploads\\\/2021\\\/01\\\/cropped-logoUnitGames2.png\",\"width\":152,\"height\":200,\"caption\":\"UnitGames\"},\"image\":{\"@id\":\"https:\\\/\\\/unitgames.com.ar\\\/pc-gamer\\\/#\\\/schema\\\/logo\\\/image\\\/\"}}]}<\/script>\n<!-- \/ Yoast SEO plugin. -->","yoast_head_json":{"title":"Auriculares Bluetooth LENOVO LP5 Blanco - UnitGames","robots":{"index":"index","follow":"follow","max-snippet":"max-snippet:-1","max-image-preview":"max-image-preview:large","max-video-preview":"max-video-preview:-1"},"canonical":"https:\/\/unitgames.com.ar\/pc-gamer\/producto\/auriculares-bluetooth-lenovo-lp5-blanco\/","og_locale":"es_ES","og_type":"article","og_title":"Auriculares Bluetooth LENOVO LP5 Blanco - UnitGames","og_description":"CONTENIDO DEL PAQUETE: 1X Par de auriculares. 1X Estuche de carga. 1X Manual de usuario. 1X Cable de carga. 2X Pares de tapones para los o\u00eddos. ESPECIFICACIONES: Cancelaci\u00f3n de ruido: ENC (cancelaci\u00f3n de ruido ambiental) Distancia de transmisi\u00f3n: 10m. Versi\u00f3n BT5,0. Capacidad de la bater\u00eda de los auriculares (cada uno): 35 mAh. Estuche de carga capacidad de la bater\u00eda: 250mAh. Di\u00e1metro de la unidad: 13mm. Resistencia IPX5 (resistente a sudor y salpicaduras) Tiempo de Trabajo: aproximadamente 3.5 horas (depende del volumen de m\u00fasica). Autonomia estuche de carga: 12 Horas Cargador tipo C. Micr\u00f3fono: S\u00ed. Tiempo de carga del auricular: 1.5 horas. Siguiente\/ anterior canci\u00f3n: S\u00ed. Tiempo Stanby: 360 horas. T\u00e1ctil: S\u00ed. Cortar \/ atender: S\u00ed. Control de Volumen: S\u00ed. Asistente de voz: S\u00ed.","og_url":"https:\/\/unitgames.com.ar\/pc-gamer\/producto\/auriculares-bluetooth-lenovo-lp5-blanco\/","og_site_name":"UnitGames","article_modified_time":"2026-01-09T10:18:45+00:00","og_image":[{"width":1263,"height":1285,"url":"https:\/\/unitgames.com.ar\/pc-gamer\/wp-content\/uploads\/2024\/06\/Auriculares-Bluetooth-LENOVO-LP5-Blanco.png","type":"image\/png"}],"twitter_card":"summary_large_image","twitter_misc":{"Tiempo de lectura":"1 minuto"},"schema":{"@context":"https:\/\/schema.org","@graph":[{"@type":"WebPage","@id":"https:\/\/unitgames.com.ar\/pc-gamer\/producto\/auriculares-bluetooth-lenovo-lp5-blanco\/","url":"https:\/\/unitgames.com.ar\/pc-gamer\/producto\/auriculares-bluetooth-lenovo-lp5-blanco\/","name":"Auriculares Bluetooth LENOVO LP5 Blanco - UnitGames","isPartOf":{"@id":"https:\/\/unitgames.com.ar\/pc-gamer\/#website"},"primaryImageOfPage":{"@id":"https:\/\/unitgames.com.ar\/pc-gamer\/producto\/auriculares-bluetooth-lenovo-lp5-blanco\/#primaryimage"},"image":{"@id":"https:\/\/unitgames.com.ar\/pc-gamer\/producto\/auriculares-bluetooth-lenovo-lp5-blanco\/#primaryimage"},"thumbnailUrl":"https:\/\/unitgames.com.ar\/pc-gamer\/wp-content\/uploads\/2024\/06\/Auriculares-Bluetooth-LENOVO-LP5-Blanco.png","datePublished":"2024-06-24T14:53:14+00:00","dateModified":"2026-01-09T10:18:45+00:00","breadcrumb":{"@id":"https:\/\/unitgames.com.ar\/pc-gamer\/producto\/auriculares-bluetooth-lenovo-lp5-blanco\/#breadcrumb"},"inLanguage":"es","potentialAction":[{"@type":"ReadAction","target":["https:\/\/unitgames.com.ar\/pc-gamer\/producto\/auriculares-bluetooth-lenovo-lp5-blanco\/"]}]},{"@type":"ImageObject","inLanguage":"es","@id":"https:\/\/unitgames.com.ar\/pc-gamer\/producto\/auriculares-bluetooth-lenovo-lp5-blanco\/#primaryimage","url":"https:\/\/unitgames.com.ar\/pc-gamer\/wp-content\/uploads\/2024\/06\/Auriculares-Bluetooth-LENOVO-LP5-Blanco.png","contentUrl":"https:\/\/unitgames.com.ar\/pc-gamer\/wp-content\/uploads\/2024\/06\/Auriculares-Bluetooth-LENOVO-LP5-Blanco.png","width":1263,"height":1285},{"@type":"BreadcrumbList","@id":"https:\/\/unitgames.com.ar\/pc-gamer\/producto\/auriculares-bluetooth-lenovo-lp5-blanco\/#breadcrumb","itemListElement":[{"@type":"ListItem","position":1,"name":"Tienda","item":"https:\/\/unitgames.com.ar\/pc-gamer\/tienda\/"},{"@type":"ListItem","position":2,"name":"Auriculares Bluetooth LENOVO LP5 Blanco"}]},{"@type":"WebSite","@id":"https:\/\/unitgames.com.ar\/pc-gamer\/#website","url":"https:\/\/unitgames.com.ar\/pc-gamer\/","name":"UnitGames","description":"Venta de PC Gamers, Consolas , Servicio Tecnico Especializado. Todos en Accesorios Informaticos y Gamers","publisher":{"@id":"https:\/\/unitgames.com.ar\/pc-gamer\/#organization"},"potentialAction":[{"@type":"SearchAction","target":{"@type":"EntryPoint","urlTemplate":"https:\/\/unitgames.com.ar\/pc-gamer\/?s={search_term_string}"},"query-input":{"@type":"PropertyValueSpecification","valueRequired":true,"valueName":"search_term_string"}}],"inLanguage":"es"},{"@type":"Organization","@id":"https:\/\/unitgames.com.ar\/pc-gamer\/#organization","name":"UnitGames","url":"https:\/\/unitgames.com.ar\/pc-gamer\/","logo":{"@type":"ImageObject","inLanguage":"es","@id":"https:\/\/unitgames.com.ar\/pc-gamer\/#\/schema\/logo\/image\/","url":"https:\/\/unitgames.com.ar\/pc-gamer\/wp-content\/uploads\/2021\/01\/cropped-logoUnitGames2.png","contentUrl":"https:\/\/unitgames.com.ar\/pc-gamer\/wp-content\/uploads\/2021\/01\/cropped-logoUnitGames2.png","width":152,"height":200,"caption":"UnitGames"},"image":{"@id":"https:\/\/unitgames.com.ar\/pc-gamer\/#\/schema\/logo\/image\/"}}]}},"_links":{"self":[{"href":"https:\/\/unitgames.com.ar\/pc-gamer\/wp-json\/wp\/v2\/product\/10931","targetHints":{"allow":["GET"]}}],"collection":[{"href":"https:\/\/unitgames.com.ar\/pc-gamer\/wp-json\/wp\/v2\/product"}],"about":[{"href":"https:\/\/unitgames.com.ar\/pc-gamer\/wp-json\/wp\/v2\/types\/product"}],"version-history":[{"count":0,"href":"https:\/\/unitgames.com.ar\/pc-gamer\/wp-json\/wp\/v2\/product\/10931\/revisions"}],"wp:featuredmedia":[{"embeddable":true,"href":"https:\/\/unitgames.com.ar\/pc-gamer\/wp-json\/wp\/v2\/media\/10972"}],"wp:attachment":[{"href":"https:\/\/unitgames.com.ar\/pc-gamer\/wp-json\/wp\/v2\/media?parent=10931"}],"wp:term":[{"taxonomy":"product_brand","embeddable":true,"href":"https:\/\/unitgames.com.ar\/pc-gamer\/wp-json\/wp\/v2\/product_brand?post=10931"},{"taxonomy":"product_cat","embeddable":true,"href":"https:\/\/unitgames.com.ar\/pc-gamer\/wp-json\/wp\/v2\/product_cat?post=10931"},{"taxonomy":"product_tag","embeddable":true,"href":"https:\/\/unitgames.com.ar\/pc-gamer\/wp-json\/wp\/v2\/product_tag?post=10931"}],"curies":[{"name":"wp","href":"https:\/\/api.w.org\/{rel}","templated":true}]}}