{"id":10933,"date":"2024-06-24T15:07:37","date_gmt":"2024-06-24T15:07:37","guid":{"rendered":"https:\/\/unitgames.com.ar\/pc-gamer\/?post_type=product&#038;p=10933"},"modified":"2026-01-09T07:18:44","modified_gmt":"2026-01-09T10:18:44","slug":"auriculares-bluetooth-lenovo-xt95-pro","status":"publish","type":"product","link":"https:\/\/unitgames.com.ar\/pc-gamer\/producto\/auriculares-bluetooth-lenovo-xt95-pro\/","title":{"rendered":"Auriculares Bluetooth LENOVO XT95 Pro"},"content":{"rendered":"<p><strong>Auriculares Inal\u00e1mbricos XT95 Pro RGB Bluetooth<\/strong><\/p>\n<p>La tecnolog\u00eda BT 5,1 garantiza una mayor velocidad de transferencia de datos, una conexi\u00f3n m\u00e1s estable y r\u00e1pida y un menor consumo de energ\u00eda.<\/p>\n<p>Verdadero dise\u00f1o inal\u00e1mbrico de doble oreja, los canales de los auriculares izquierdo y derecho est\u00e1n separados. Se puede utilizar solo o en pares.<\/p>\n<p>Encendido autom\u00e1tico y emparejamiento r\u00e1pido entre los auriculares izquierdo y derecho una vez que se abre la tapa del estuche de carga. F\u00e1cil y r\u00e1pido de emparejar con dispositivos de audio habilitados para BT.<\/p>\n<p>Dise\u00f1o de control t\u00e1ctil, no m\u00e1s presi\u00f3n en las orejas. F\u00e1cil de controlar m\u00fasica y llamadas y activar el asistente de voz.<\/p>\n<p>Micr\u00f3fono integrado en ambos auriculares con reducci\u00f3n de ruido que permite llamadas con manos libres y ofrece un sonido de conversaci\u00f3n m\u00e1s claro en modo est\u00e9reo.<\/p>\n<p>Un estuche de carga de 300mAh puede cargar y almacenar los auriculares. La bater\u00eda de 30mAh en cada auricular garantiza aproximadamente 4 horas de tiempo de m\u00fasica.<\/p>\n<p>\u2022 Caracter\u00edsticas T\u00e9cnicas:<\/p>\n<p>Marca: Lenovo<br \/>\nN\u00famero de modelo: XT95 Pro<br \/>\nVersi\u00f3n BT: 5,1<br \/>\nDistancia de transmisi\u00f3n: hasta 10m (sin obst\u00e1culos)<br \/>\nDi\u00e1metro de la unidad: 13mm<br \/>\nRango de frecuencia: 20-20KHz<br \/>\nSensibilidad: dB \u00b1 3dB<br \/>\nSensibilidad del micr\u00f3fono: -42dB \u00b1 1dB<br \/>\nImpedancia: 32 Ohms<br \/>\nCapacidad de la bater\u00eda del estuche de carga: 3,7 V 300mAh<br \/>\nCapacidad de la bater\u00eda de los auriculares (cada uno): 3,7 V 30mAh<br \/>\nTiempo de reproducci\u00f3n de m\u00fasica: alrededor de 4 horas (depende del volumen de m\u00fasica)<br \/>\nTiempo de carga de los auriculares: aproximadamente 1,5 horas<br \/>\nTiempo de carga de la caja de carga: aproximadamente 2 horas<br \/>\nColor: NEGRO<br \/>\nVersi\u00f3n: luminosa RGB<br \/>\nPeso del auricular (cada uno): 3,5g<br \/>\nTama\u00f1o del paquete: 14,0 x 9,0 x 3,6 cm<br \/>\nPeso del paquete: 80g<\/p>\n<p>Lista del paquete:<br \/>\n1 x Par de auriculares Lenovo XT95 Pro<br \/>\n1 x Estuche de carga<br \/>\n1 x Cable de carga tipo C<br \/>\n1 x Manual de usuario (ingl\u00e9s\/Chino)<\/p>\n","protected":false},"excerpt":{"rendered":"<p>Auriculares Inal\u00e1mbricos XT95 Pro RGB Bluetooth La tecnolog\u00eda BT 5,1 garantiza una mayor velocidad de transferencia de datos, una conexi\u00f3n m\u00e1s estable y r\u00e1pida y un menor consumo de energ\u00eda. Verdadero dise\u00f1o inal\u00e1mbrico de doble oreja, los canales de los auriculares izquierdo y derecho est\u00e1n separados. Se puede utilizar solo o en pares. Encendido autom\u00e1tico y emparejamiento r\u00e1pido entre los auriculares izquierdo y derecho una vez que se abre la tapa del estuche de carga. F\u00e1cil y r\u00e1pido de emparejar con dispositivos de audio habilitados para BT. Dise\u00f1o de control t\u00e1ctil, no m\u00e1s presi\u00f3n en las orejas. F\u00e1cil de controlar m\u00fasica y llamadas y activar el asistente de voz. Micr\u00f3fono integrado en ambos auriculares con reducci\u00f3n de ruido que permite llamadas con manos libres y ofrece un sonido de conversaci\u00f3n m\u00e1s claro en modo est\u00e9reo. Un estuche de carga de 300mAh puede cargar y almacenar los auriculares. La bater\u00eda de 30mAh en cada auricular garantiza aproximadamente 4 horas de tiempo de m\u00fasica. \u2022 Caracter\u00edsticas T\u00e9cnicas: Marca: Lenovo N\u00famero de modelo: XT95 Pro Versi\u00f3n BT: 5,1 Distancia de transmisi\u00f3n: hasta 10m (sin obst\u00e1culos) Di\u00e1metro de la unidad: 13mm Rango de frecuencia: 20-20KHz Sensibilidad: dB \u00b1 3dB Sensibilidad del micr\u00f3fono: -42dB \u00b1 1dB Impedancia: 32 Ohms Capacidad de la bater\u00eda del estuche de carga: 3,7 V 300mAh Capacidad de la bater\u00eda de los auriculares (cada uno): 3,7 V 30mAh Tiempo de reproducci\u00f3n de m\u00fasica: alrededor de 4 horas (depende del volumen de m\u00fasica) Tiempo de carga de los auriculares: aproximadamente 1,5 horas Tiempo de carga de la caja de carga: aproximadamente 2 horas Color: NEGRO Versi\u00f3n: luminosa RGB Peso del auricular (cada uno): 3,5g Tama\u00f1o del paquete: 14,0 x 9,0 x 3,6 cm Peso del paquete: 80g Lista del paquete: 1 x Par de auriculares Lenovo XT95 Pro 1 x Estuche de carga 1 x Cable de carga tipo C 1 x Manual de usuario (ingl\u00e9s\/Chino)<\/p>\n","protected":false},"featured_media":10961,"template":"","meta":{"site-sidebar-layout":"default","site-content-layout":"","ast-site-content-layout":"default","site-content-style":"default","site-sidebar-style":"default","ast-global-header-display":"","ast-banner-title-visibility":"","ast-main-header-display":"","ast-hfb-above-header-display":"","ast-hfb-below-header-display":"","ast-hfb-mobile-header-display":"","site-post-title":"","ast-breadcrumbs-content":"","ast-featured-img":"","footer-sml-layout":"","theme-transparent-header-meta":"","adv-header-id-meta":"","stick-header-meta":"","header-above-stick-meta":"","header-main-stick-meta":"","header-below-stick-meta":"","astra-migrate-meta-layouts":"default","ast-page-background-enabled":"default","ast-page-background-meta":{"desktop":{"background-color":"var(--ast-global-color-5)","background-image":"","background-repeat":"repeat","background-position":"center center","background-size":"auto","background-attachment":"scroll","background-type":"","background-media":"","overlay-type":"","overlay-color":"","overlay-opacity":"","overlay-gradient":""},"tablet":{"background-color":"","background-image":"","background-repeat":"repeat","background-position":"center center","background-size":"auto","background-attachment":"scroll","background-type":"","background-media":"","overlay-type":"","overlay-color":"","overlay-opacity":"","overlay-gradient":""},"mobile":{"background-color":"","background-image":"","background-repeat":"repeat","background-position":"center center","background-size":"auto","background-attachment":"scroll","background-type":"","background-media":"","overlay-type":"","overlay-color":"","overlay-opacity":"","overlay-gradient":""}},"ast-content-background-meta":{"desktop":{"background-color":"var(--ast-global-color-4)","background-image":"","background-repeat":"repeat","background-position":"center center","background-size":"auto","background-attachment":"scroll","background-type":"","background-media":"","overlay-type":"","overlay-color":"","overlay-opacity":"","overlay-gradient":""},"tablet":{"background-color":"var(--ast-global-color-4)","background-image":"","background-repeat":"repeat","background-position":"center center","background-size":"auto","background-attachment":"scroll","background-type":"","background-media":"","overlay-type":"","overlay-color":"","overlay-opacity":"","overlay-gradient":""},"mobile":{"background-color":"var(--ast-global-color-4)","background-image":"","background-repeat":"repeat","background-position":"center center","background-size":"auto","background-attachment":"scroll","background-type":"","background-media":"","overlay-type":"","overlay-color":"","overlay-opacity":"","overlay-gradient":""}},"_joinchat":[]},"product_brand":[],"product_cat":[60],"product_tag":[],"class_list":{"0":"post-10933","1":"product","2":"type-product","3":"status-publish","4":"has-post-thumbnail","6":"product_cat-auriculares-bluetooth","7":"desktop-align-center","8":"tablet-align-left","9":"mobile-align-left","11":"first","12":"instock","13":"shipping-taxable","14":"purchasable","15":"product-type-simple"},"yoast_head":"<!-- This site is optimized with the Yoast SEO plugin v27.3 - https:\/\/yoast.com\/product\/yoast-seo-wordpress\/ -->\n<title>Auriculares Bluetooth LENOVO XT95 Pro - UnitGames<\/title>\n<meta name=\"robots\" content=\"index, follow, max-snippet:-1, max-image-preview:large, max-video-preview:-1\" \/>\n<link rel=\"canonical\" href=\"https:\/\/unitgames.com.ar\/pc-gamer\/producto\/auriculares-bluetooth-lenovo-xt95-pro\/\" \/>\n<meta property=\"og:locale\" content=\"es_ES\" \/>\n<meta property=\"og:type\" content=\"article\" \/>\n<meta property=\"og:title\" content=\"Auriculares Bluetooth LENOVO XT95 Pro - UnitGames\" \/>\n<meta property=\"og:description\" content=\"Auriculares Inal\u00e1mbricos XT95 Pro RGB Bluetooth La tecnolog\u00eda BT 5,1 garantiza una mayor velocidad de transferencia de datos, una conexi\u00f3n m\u00e1s estable y r\u00e1pida y un menor consumo de energ\u00eda. Verdadero dise\u00f1o inal\u00e1mbrico de doble oreja, los canales de los auriculares izquierdo y derecho est\u00e1n separados. Se puede utilizar solo o en pares. Encendido autom\u00e1tico y emparejamiento r\u00e1pido entre los auriculares izquierdo y derecho una vez que se abre la tapa del estuche de carga. F\u00e1cil y r\u00e1pido de emparejar con dispositivos de audio habilitados para BT. Dise\u00f1o de control t\u00e1ctil, no m\u00e1s presi\u00f3n en las orejas. F\u00e1cil de controlar m\u00fasica y llamadas y activar el asistente de voz. Micr\u00f3fono integrado en ambos auriculares con reducci\u00f3n de ruido que permite llamadas con manos libres y ofrece un sonido de conversaci\u00f3n m\u00e1s claro en modo est\u00e9reo. Un estuche de carga de 300mAh puede cargar y almacenar los auriculares. La bater\u00eda de 30mAh en cada auricular garantiza aproximadamente 4 horas de tiempo de m\u00fasica. \u2022 Caracter\u00edsticas T\u00e9cnicas: Marca: Lenovo N\u00famero de modelo: XT95 Pro Versi\u00f3n BT: 5,1 Distancia de transmisi\u00f3n: hasta 10m (sin obst\u00e1culos) Di\u00e1metro de la unidad: 13mm Rango de frecuencia: 20-20KHz Sensibilidad: dB \u00b1 3dB Sensibilidad del micr\u00f3fono: -42dB \u00b1 1dB Impedancia: 32 Ohms Capacidad de la bater\u00eda del estuche de carga: 3,7 V 300mAh Capacidad de la bater\u00eda de los auriculares (cada uno): 3,7 V 30mAh Tiempo de reproducci\u00f3n de m\u00fasica: alrededor de 4 horas (depende del volumen de m\u00fasica) Tiempo de carga de los auriculares: aproximadamente 1,5 horas Tiempo de carga de la caja de carga: aproximadamente 2 horas Color: NEGRO Versi\u00f3n: luminosa RGB Peso del auricular (cada uno): 3,5g Tama\u00f1o del paquete: 14,0 x 9,0 x 3,6 cm Peso del paquete: 80g Lista del paquete: 1 x Par de auriculares Lenovo XT95 Pro 1 x Estuche de carga 1 x Cable de carga tipo C 1 x Manual de usuario (ingl\u00e9s\/Chino)\" \/>\n<meta property=\"og:url\" content=\"https:\/\/unitgames.com.ar\/pc-gamer\/producto\/auriculares-bluetooth-lenovo-xt95-pro\/\" \/>\n<meta property=\"og:site_name\" content=\"UnitGames\" \/>\n<meta property=\"article:modified_time\" content=\"2026-01-09T10:18:44+00:00\" \/>\n<meta property=\"og:image\" content=\"https:\/\/unitgames.com.ar\/pc-gamer\/wp-content\/uploads\/2024\/06\/Auriculares-Bluetooth-LENOVO-XT95-Pro.png\" \/>\n\t<meta property=\"og:image:width\" content=\"1263\" \/>\n\t<meta property=\"og:image:height\" content=\"1285\" \/>\n\t<meta property=\"og:image:type\" content=\"image\/png\" \/>\n<meta name=\"twitter:card\" content=\"summary_large_image\" \/>\n<meta name=\"twitter:label1\" content=\"Tiempo de lectura\" \/>\n\t<meta name=\"twitter:data1\" content=\"2 minutos\" \/>\n<script type=\"application\/ld+json\" class=\"yoast-schema-graph\">{\"@context\":\"https:\\\/\\\/schema.org\",\"@graph\":[{\"@type\":\"WebPage\",\"@id\":\"https:\\\/\\\/unitgames.com.ar\\\/pc-gamer\\\/producto\\\/auriculares-bluetooth-lenovo-xt95-pro\\\/\",\"url\":\"https:\\\/\\\/unitgames.com.ar\\\/pc-gamer\\\/producto\\\/auriculares-bluetooth-lenovo-xt95-pro\\\/\",\"name\":\"Auriculares Bluetooth LENOVO XT95 Pro - UnitGames\",\"isPartOf\":{\"@id\":\"https:\\\/\\\/unitgames.com.ar\\\/pc-gamer\\\/#website\"},\"primaryImageOfPage\":{\"@id\":\"https:\\\/\\\/unitgames.com.ar\\\/pc-gamer\\\/producto\\\/auriculares-bluetooth-lenovo-xt95-pro\\\/#primaryimage\"},\"image\":{\"@id\":\"https:\\\/\\\/unitgames.com.ar\\\/pc-gamer\\\/producto\\\/auriculares-bluetooth-lenovo-xt95-pro\\\/#primaryimage\"},\"thumbnailUrl\":\"https:\\\/\\\/unitgames.com.ar\\\/pc-gamer\\\/wp-content\\\/uploads\\\/2024\\\/06\\\/Auriculares-Bluetooth-LENOVO-XT95-Pro.png\",\"datePublished\":\"2024-06-24T15:07:37+00:00\",\"dateModified\":\"2026-01-09T10:18:44+00:00\",\"breadcrumb\":{\"@id\":\"https:\\\/\\\/unitgames.com.ar\\\/pc-gamer\\\/producto\\\/auriculares-bluetooth-lenovo-xt95-pro\\\/#breadcrumb\"},\"inLanguage\":\"es\",\"potentialAction\":[{\"@type\":\"ReadAction\",\"target\":[\"https:\\\/\\\/unitgames.com.ar\\\/pc-gamer\\\/producto\\\/auriculares-bluetooth-lenovo-xt95-pro\\\/\"]}]},{\"@type\":\"ImageObject\",\"inLanguage\":\"es\",\"@id\":\"https:\\\/\\\/unitgames.com.ar\\\/pc-gamer\\\/producto\\\/auriculares-bluetooth-lenovo-xt95-pro\\\/#primaryimage\",\"url\":\"https:\\\/\\\/unitgames.com.ar\\\/pc-gamer\\\/wp-content\\\/uploads\\\/2024\\\/06\\\/Auriculares-Bluetooth-LENOVO-XT95-Pro.png\",\"contentUrl\":\"https:\\\/\\\/unitgames.com.ar\\\/pc-gamer\\\/wp-content\\\/uploads\\\/2024\\\/06\\\/Auriculares-Bluetooth-LENOVO-XT95-Pro.png\",\"width\":1263,\"height\":1285},{\"@type\":\"BreadcrumbList\",\"@id\":\"https:\\\/\\\/unitgames.com.ar\\\/pc-gamer\\\/producto\\\/auriculares-bluetooth-lenovo-xt95-pro\\\/#breadcrumb\",\"itemListElement\":[{\"@type\":\"ListItem\",\"position\":1,\"name\":\"Tienda\",\"item\":\"https:\\\/\\\/unitgames.com.ar\\\/pc-gamer\\\/tienda\\\/\"},{\"@type\":\"ListItem\",\"position\":2,\"name\":\"Auriculares Bluetooth LENOVO XT95 Pro\"}]},{\"@type\":\"WebSite\",\"@id\":\"https:\\\/\\\/unitgames.com.ar\\\/pc-gamer\\\/#website\",\"url\":\"https:\\\/\\\/unitgames.com.ar\\\/pc-gamer\\\/\",\"name\":\"UnitGames\",\"description\":\"Venta de PC Gamers, Consolas , Servicio Tecnico Especializado. Todos en Accesorios Informaticos y Gamers\",\"publisher\":{\"@id\":\"https:\\\/\\\/unitgames.com.ar\\\/pc-gamer\\\/#organization\"},\"potentialAction\":[{\"@type\":\"SearchAction\",\"target\":{\"@type\":\"EntryPoint\",\"urlTemplate\":\"https:\\\/\\\/unitgames.com.ar\\\/pc-gamer\\\/?s={search_term_string}\"},\"query-input\":{\"@type\":\"PropertyValueSpecification\",\"valueRequired\":true,\"valueName\":\"search_term_string\"}}],\"inLanguage\":\"es\"},{\"@type\":\"Organization\",\"@id\":\"https:\\\/\\\/unitgames.com.ar\\\/pc-gamer\\\/#organization\",\"name\":\"UnitGames\",\"url\":\"https:\\\/\\\/unitgames.com.ar\\\/pc-gamer\\\/\",\"logo\":{\"@type\":\"ImageObject\",\"inLanguage\":\"es\",\"@id\":\"https:\\\/\\\/unitgames.com.ar\\\/pc-gamer\\\/#\\\/schema\\\/logo\\\/image\\\/\",\"url\":\"https:\\\/\\\/unitgames.com.ar\\\/pc-gamer\\\/wp-content\\\/uploads\\\/2021\\\/01\\\/cropped-logoUnitGames2.png\",\"contentUrl\":\"https:\\\/\\\/unitgames.com.ar\\\/pc-gamer\\\/wp-content\\\/uploads\\\/2021\\\/01\\\/cropped-logoUnitGames2.png\",\"width\":152,\"height\":200,\"caption\":\"UnitGames\"},\"image\":{\"@id\":\"https:\\\/\\\/unitgames.com.ar\\\/pc-gamer\\\/#\\\/schema\\\/logo\\\/image\\\/\"}}]}<\/script>\n<!-- \/ Yoast SEO plugin. -->","yoast_head_json":{"title":"Auriculares Bluetooth LENOVO XT95 Pro - UnitGames","robots":{"index":"index","follow":"follow","max-snippet":"max-snippet:-1","max-image-preview":"max-image-preview:large","max-video-preview":"max-video-preview:-1"},"canonical":"https:\/\/unitgames.com.ar\/pc-gamer\/producto\/auriculares-bluetooth-lenovo-xt95-pro\/","og_locale":"es_ES","og_type":"article","og_title":"Auriculares Bluetooth LENOVO XT95 Pro - UnitGames","og_description":"Auriculares Inal\u00e1mbricos XT95 Pro RGB Bluetooth La tecnolog\u00eda BT 5,1 garantiza una mayor velocidad de transferencia de datos, una conexi\u00f3n m\u00e1s estable y r\u00e1pida y un menor consumo de energ\u00eda. Verdadero dise\u00f1o inal\u00e1mbrico de doble oreja, los canales de los auriculares izquierdo y derecho est\u00e1n separados. Se puede utilizar solo o en pares. Encendido autom\u00e1tico y emparejamiento r\u00e1pido entre los auriculares izquierdo y derecho una vez que se abre la tapa del estuche de carga. F\u00e1cil y r\u00e1pido de emparejar con dispositivos de audio habilitados para BT. Dise\u00f1o de control t\u00e1ctil, no m\u00e1s presi\u00f3n en las orejas. F\u00e1cil de controlar m\u00fasica y llamadas y activar el asistente de voz. Micr\u00f3fono integrado en ambos auriculares con reducci\u00f3n de ruido que permite llamadas con manos libres y ofrece un sonido de conversaci\u00f3n m\u00e1s claro en modo est\u00e9reo. Un estuche de carga de 300mAh puede cargar y almacenar los auriculares. La bater\u00eda de 30mAh en cada auricular garantiza aproximadamente 4 horas de tiempo de m\u00fasica. \u2022 Caracter\u00edsticas T\u00e9cnicas: Marca: Lenovo N\u00famero de modelo: XT95 Pro Versi\u00f3n BT: 5,1 Distancia de transmisi\u00f3n: hasta 10m (sin obst\u00e1culos) Di\u00e1metro de la unidad: 13mm Rango de frecuencia: 20-20KHz Sensibilidad: dB \u00b1 3dB Sensibilidad del micr\u00f3fono: -42dB \u00b1 1dB Impedancia: 32 Ohms Capacidad de la bater\u00eda del estuche de carga: 3,7 V 300mAh Capacidad de la bater\u00eda de los auriculares (cada uno): 3,7 V 30mAh Tiempo de reproducci\u00f3n de m\u00fasica: alrededor de 4 horas (depende del volumen de m\u00fasica) Tiempo de carga de los auriculares: aproximadamente 1,5 horas Tiempo de carga de la caja de carga: aproximadamente 2 horas Color: NEGRO Versi\u00f3n: luminosa RGB Peso del auricular (cada uno): 3,5g Tama\u00f1o del paquete: 14,0 x 9,0 x 3,6 cm Peso del paquete: 80g Lista del paquete: 1 x Par de auriculares Lenovo XT95 Pro 1 x Estuche de carga 1 x Cable de carga tipo C 1 x Manual de usuario (ingl\u00e9s\/Chino)","og_url":"https:\/\/unitgames.com.ar\/pc-gamer\/producto\/auriculares-bluetooth-lenovo-xt95-pro\/","og_site_name":"UnitGames","article_modified_time":"2026-01-09T10:18:44+00:00","og_image":[{"width":1263,"height":1285,"url":"https:\/\/unitgames.com.ar\/pc-gamer\/wp-content\/uploads\/2024\/06\/Auriculares-Bluetooth-LENOVO-XT95-Pro.png","type":"image\/png"}],"twitter_card":"summary_large_image","twitter_misc":{"Tiempo de lectura":"2 minutos"},"schema":{"@context":"https:\/\/schema.org","@graph":[{"@type":"WebPage","@id":"https:\/\/unitgames.com.ar\/pc-gamer\/producto\/auriculares-bluetooth-lenovo-xt95-pro\/","url":"https:\/\/unitgames.com.ar\/pc-gamer\/producto\/auriculares-bluetooth-lenovo-xt95-pro\/","name":"Auriculares Bluetooth LENOVO XT95 Pro - UnitGames","isPartOf":{"@id":"https:\/\/unitgames.com.ar\/pc-gamer\/#website"},"primaryImageOfPage":{"@id":"https:\/\/unitgames.com.ar\/pc-gamer\/producto\/auriculares-bluetooth-lenovo-xt95-pro\/#primaryimage"},"image":{"@id":"https:\/\/unitgames.com.ar\/pc-gamer\/producto\/auriculares-bluetooth-lenovo-xt95-pro\/#primaryimage"},"thumbnailUrl":"https:\/\/unitgames.com.ar\/pc-gamer\/wp-content\/uploads\/2024\/06\/Auriculares-Bluetooth-LENOVO-XT95-Pro.png","datePublished":"2024-06-24T15:07:37+00:00","dateModified":"2026-01-09T10:18:44+00:00","breadcrumb":{"@id":"https:\/\/unitgames.com.ar\/pc-gamer\/producto\/auriculares-bluetooth-lenovo-xt95-pro\/#breadcrumb"},"inLanguage":"es","potentialAction":[{"@type":"ReadAction","target":["https:\/\/unitgames.com.ar\/pc-gamer\/producto\/auriculares-bluetooth-lenovo-xt95-pro\/"]}]},{"@type":"ImageObject","inLanguage":"es","@id":"https:\/\/unitgames.com.ar\/pc-gamer\/producto\/auriculares-bluetooth-lenovo-xt95-pro\/#primaryimage","url":"https:\/\/unitgames.com.ar\/pc-gamer\/wp-content\/uploads\/2024\/06\/Auriculares-Bluetooth-LENOVO-XT95-Pro.png","contentUrl":"https:\/\/unitgames.com.ar\/pc-gamer\/wp-content\/uploads\/2024\/06\/Auriculares-Bluetooth-LENOVO-XT95-Pro.png","width":1263,"height":1285},{"@type":"BreadcrumbList","@id":"https:\/\/unitgames.com.ar\/pc-gamer\/producto\/auriculares-bluetooth-lenovo-xt95-pro\/#breadcrumb","itemListElement":[{"@type":"ListItem","position":1,"name":"Tienda","item":"https:\/\/unitgames.com.ar\/pc-gamer\/tienda\/"},{"@type":"ListItem","position":2,"name":"Auriculares Bluetooth LENOVO XT95 Pro"}]},{"@type":"WebSite","@id":"https:\/\/unitgames.com.ar\/pc-gamer\/#website","url":"https:\/\/unitgames.com.ar\/pc-gamer\/","name":"UnitGames","description":"Venta de PC Gamers, Consolas , Servicio Tecnico Especializado. Todos en Accesorios Informaticos y Gamers","publisher":{"@id":"https:\/\/unitgames.com.ar\/pc-gamer\/#organization"},"potentialAction":[{"@type":"SearchAction","target":{"@type":"EntryPoint","urlTemplate":"https:\/\/unitgames.com.ar\/pc-gamer\/?s={search_term_string}"},"query-input":{"@type":"PropertyValueSpecification","valueRequired":true,"valueName":"search_term_string"}}],"inLanguage":"es"},{"@type":"Organization","@id":"https:\/\/unitgames.com.ar\/pc-gamer\/#organization","name":"UnitGames","url":"https:\/\/unitgames.com.ar\/pc-gamer\/","logo":{"@type":"ImageObject","inLanguage":"es","@id":"https:\/\/unitgames.com.ar\/pc-gamer\/#\/schema\/logo\/image\/","url":"https:\/\/unitgames.com.ar\/pc-gamer\/wp-content\/uploads\/2021\/01\/cropped-logoUnitGames2.png","contentUrl":"https:\/\/unitgames.com.ar\/pc-gamer\/wp-content\/uploads\/2021\/01\/cropped-logoUnitGames2.png","width":152,"height":200,"caption":"UnitGames"},"image":{"@id":"https:\/\/unitgames.com.ar\/pc-gamer\/#\/schema\/logo\/image\/"}}]}},"_links":{"self":[{"href":"https:\/\/unitgames.com.ar\/pc-gamer\/wp-json\/wp\/v2\/product\/10933","targetHints":{"allow":["GET"]}}],"collection":[{"href":"https:\/\/unitgames.com.ar\/pc-gamer\/wp-json\/wp\/v2\/product"}],"about":[{"href":"https:\/\/unitgames.com.ar\/pc-gamer\/wp-json\/wp\/v2\/types\/product"}],"version-history":[{"count":0,"href":"https:\/\/unitgames.com.ar\/pc-gamer\/wp-json\/wp\/v2\/product\/10933\/revisions"}],"wp:featuredmedia":[{"embeddable":true,"href":"https:\/\/unitgames.com.ar\/pc-gamer\/wp-json\/wp\/v2\/media\/10961"}],"wp:attachment":[{"href":"https:\/\/unitgames.com.ar\/pc-gamer\/wp-json\/wp\/v2\/media?parent=10933"}],"wp:term":[{"taxonomy":"product_brand","embeddable":true,"href":"https:\/\/unitgames.com.ar\/pc-gamer\/wp-json\/wp\/v2\/product_brand?post=10933"},{"taxonomy":"product_cat","embeddable":true,"href":"https:\/\/unitgames.com.ar\/pc-gamer\/wp-json\/wp\/v2\/product_cat?post=10933"},{"taxonomy":"product_tag","embeddable":true,"href":"https:\/\/unitgames.com.ar\/pc-gamer\/wp-json\/wp\/v2\/product_tag?post=10933"}],"curies":[{"name":"wp","href":"https:\/\/api.w.org\/{rel}","templated":true}]}}