{"id":11070,"date":"2024-08-01T13:59:53","date_gmt":"2024-08-01T13:59:53","guid":{"rendered":"https:\/\/unitgames.com.ar\/pc-gamer\/?post_type=product&#038;p=11070"},"modified":"2026-04-21T19:10:04","modified_gmt":"2026-04-21T22:10:04","slug":"consola-sony-playstation-5-slim-con-lectora","status":"publish","type":"product","link":"https:\/\/unitgames.com.ar\/pc-gamer\/producto\/consola-sony-playstation-5-slim-con-lectora\/","title":{"rendered":"Consola SONY Playstation 5 Slim con Lectora (PS5) con Returnal y Rachet and Clank"},"content":{"rendered":"<h2 class=\"desc-title\">Descripci\u00f3n<\/h2>\n<div id=\"wc-power-page\">\n<p>Experimenta una carga incre\u00edblemente r\u00e1pida con un SSD de ultra alta velocidad, inmersi\u00f3n m\u00e1s profunda con soporte para retroalimentaci\u00f3n h\u00e1ptica, disparadores adaptativos y audio 3D, y una nueva generaci\u00f3n de incre\u00edbles juegos de PlayStation\u00ae.<\/p>\n<p><strong>-CPU:<\/strong><br \/>\nx86-64-AMD Ryzen&#x2122; Zen 2<br \/>\n8 nucleos\/16 hilos<br \/>\nfrecuencia variable, hasta 3.5GHz<br \/>\n<strong>-GPU<\/strong><br \/>\nMotor de gr\u00e1ficos basado en AMD Radeon &#x2122; RDNA 2<br \/>\nAceleraci\u00f3n Ray Tracing<br \/>\nFrecuencia variable, hasta 2.23 GHz (10.3 teraflops)<br \/>\n<strong>-Memoria:<\/strong>\u00a0GDDR6 16GB. ancho de banda de 448GB\/s<br \/>\n<strong>-SSD:\u00a0<\/strong>825GB. ancho de banda 5.5GB\/s (raw<br \/>\n<strong>-Formato de disco de videojuego PS5:<\/strong>\u00a0Ultra HD Blu-Ray, hasta 100GB\/disco<br \/>\n<strong>-Salida de video:<\/strong>\u00a0Soporte TVs 4K 120H, Tvs 8K\u00e7, VRR(Espec\u00edficamente para HDMI versi\u00f3n 2.1)<br \/>\n<strong>-Audio:<\/strong>\u00a0Tempest 3D AudioTech<\/p>\n<\/div>\n<p>&nbsp;<\/p>\n<h4>Returnal y Rachet and Clank incluido en formato Digital<\/h4>\n","protected":false},"excerpt":{"rendered":"<p>Descripci\u00f3n Experimenta una carga incre\u00edblemente r\u00e1pida con un SSD de ultra alta velocidad, inmersi\u00f3n m\u00e1s profunda con soporte para retroalimentaci\u00f3n h\u00e1ptica, disparadores adaptativos y audio 3D, y una nueva generaci\u00f3n de incre\u00edbles juegos de PlayStation\u00ae. -CPU: x86-64-AMD Ryzen&#x2122; Zen 2 8 nucleos\/16 hilos frecuencia variable, hasta 3.5GHz -GPU Motor de gr\u00e1ficos basado en AMD Radeon &#x2122; RDNA 2 Aceleraci\u00f3n Ray Tracing Frecuencia variable, hasta 2.23 GHz (10.3 teraflops) -Memoria:\u00a0GDDR6 16GB. ancho de banda de 448GB\/s -SSD:\u00a0825GB. ancho de banda 5.5GB\/s (raw -Formato de disco de videojuego PS5:\u00a0Ultra HD Blu-Ray, hasta 100GB\/disco -Salida de video:\u00a0Soporte TVs 4K 120H, Tvs 8K\u00e7, VRR(Espec\u00edficamente para HDMI versi\u00f3n 2.1) -Audio:\u00a0Tempest 3D AudioTech &nbsp; Returnal y Rachet and Clank incluido en formato Digital<\/p>\n","protected":false},"featured_media":19914,"template":"","meta":{"site-sidebar-layout":"default","site-content-layout":"","ast-site-content-layout":"default","site-content-style":"default","site-sidebar-style":"default","ast-global-header-display":"","ast-banner-title-visibility":"","ast-main-header-display":"","ast-hfb-above-header-display":"","ast-hfb-below-header-display":"","ast-hfb-mobile-header-display":"","site-post-title":"","ast-breadcrumbs-content":"","ast-featured-img":"","footer-sml-layout":"","theme-transparent-header-meta":"default","adv-header-id-meta":"","stick-header-meta":"","header-above-stick-meta":"","header-main-stick-meta":"","header-below-stick-meta":"","astra-migrate-meta-layouts":"set","ast-page-background-enabled":"default","ast-page-background-meta":{"desktop":{"background-color":"var(--ast-global-color-5)","background-image":"","background-repeat":"repeat","background-position":"center center","background-size":"auto","background-attachment":"scroll","background-type":"","background-media":"","overlay-type":"","overlay-color":"","overlay-opacity":"","overlay-gradient":""},"tablet":{"background-color":"","background-image":"","background-repeat":"repeat","background-position":"center center","background-size":"auto","background-attachment":"scroll","background-type":"","background-media":"","overlay-type":"","overlay-color":"","overlay-opacity":"","overlay-gradient":""},"mobile":{"background-color":"","background-image":"","background-repeat":"repeat","background-position":"center center","background-size":"auto","background-attachment":"scroll","background-type":"","background-media":"","overlay-type":"","overlay-color":"","overlay-opacity":"","overlay-gradient":""}},"ast-content-background-meta":{"desktop":{"background-color":"var(--ast-global-color-4)","background-image":"","background-repeat":"repeat","background-position":"center center","background-size":"auto","background-attachment":"scroll","background-type":"","background-media":"","overlay-type":"","overlay-color":"","overlay-opacity":"","overlay-gradient":""},"tablet":{"background-color":"var(--ast-global-color-4)","background-image":"","background-repeat":"repeat","background-position":"center center","background-size":"auto","background-attachment":"scroll","background-type":"","background-media":"","overlay-type":"","overlay-color":"","overlay-opacity":"","overlay-gradient":""},"mobile":{"background-color":"var(--ast-global-color-4)","background-image":"","background-repeat":"repeat","background-position":"center center","background-size":"auto","background-attachment":"scroll","background-type":"","background-media":"","overlay-type":"","overlay-color":"","overlay-opacity":"","overlay-gradient":""}},"_joinchat":[]},"product_brand":[],"product_cat":[74],"product_tag":[],"class_list":{"0":"post-11070","1":"product","2":"type-product","3":"status-publish","4":"has-post-thumbnail","6":"product_cat-consolas-retro","7":"desktop-align-center","8":"tablet-align-left","9":"mobile-align-left","11":"first","12":"instock","13":"shipping-taxable","14":"purchasable","15":"product-type-simple"},"yoast_head":"<!-- This site is optimized with the Yoast SEO plugin v27.5 - https:\/\/yoast.com\/product\/yoast-seo-wordpress\/ -->\n<title>Consola SONY Playstation 5 Slim con Lectora (PS5) con Returnal y Rachet and Clank - UnitGames<\/title>\n<meta name=\"robots\" content=\"index, follow, max-snippet:-1, max-image-preview:large, max-video-preview:-1\" \/>\n<link rel=\"canonical\" href=\"https:\/\/unitgames.com.ar\/pc-gamer\/producto\/consola-sony-playstation-5-slim-con-lectora\/\" \/>\n<meta property=\"og:locale\" content=\"es_ES\" \/>\n<meta property=\"og:type\" content=\"article\" \/>\n<meta property=\"og:title\" content=\"Consola SONY Playstation 5 Slim con Lectora (PS5) con Returnal y Rachet and Clank - UnitGames\" \/>\n<meta property=\"og:description\" content=\"Descripci\u00f3n Experimenta una carga incre\u00edblemente r\u00e1pida con un SSD de ultra alta velocidad, inmersi\u00f3n m\u00e1s profunda con soporte para retroalimentaci\u00f3n h\u00e1ptica, disparadores adaptativos y audio 3D, y una nueva generaci\u00f3n de incre\u00edbles juegos de PlayStation\u00ae. -CPU: x86-64-AMD Ryzen&#x2122; Zen 2 8 nucleos\/16 hilos frecuencia variable, hasta 3.5GHz -GPU Motor de gr\u00e1ficos basado en AMD Radeon &#x2122; RDNA 2 Aceleraci\u00f3n Ray Tracing Frecuencia variable, hasta 2.23 GHz (10.3 teraflops) -Memoria:\u00a0GDDR6 16GB. ancho de banda de 448GB\/s -SSD:\u00a0825GB. ancho de banda 5.5GB\/s (raw -Formato de disco de videojuego PS5:\u00a0Ultra HD Blu-Ray, hasta 100GB\/disco -Salida de video:\u00a0Soporte TVs 4K 120H, Tvs 8K\u00e7, VRR(Espec\u00edficamente para HDMI versi\u00f3n 2.1) -Audio:\u00a0Tempest 3D AudioTech &nbsp; Returnal y Rachet and Clank incluido en formato Digital\" \/>\n<meta property=\"og:url\" content=\"https:\/\/unitgames.com.ar\/pc-gamer\/producto\/consola-sony-playstation-5-slim-con-lectora\/\" \/>\n<meta property=\"og:site_name\" content=\"UnitGames\" \/>\n<meta property=\"article:modified_time\" content=\"2026-04-21T22:10:04+00:00\" \/>\n<meta property=\"og:image\" content=\"https:\/\/unitgames.com.ar\/pc-gamer\/wp-content\/uploads\/2024\/08\/Consola-SONY-Playstation-5-Slim-con-Lectora-PS5-con-Returnal-y-Rachet-and-Clank.png\" \/>\n\t<meta property=\"og:image:width\" content=\"1283\" \/>\n\t<meta property=\"og:image:height\" content=\"1283\" \/>\n\t<meta property=\"og:image:type\" content=\"image\/png\" \/>\n<meta name=\"twitter:card\" content=\"summary_large_image\" \/>\n<meta name=\"twitter:label1\" content=\"Tiempo de lectura\" \/>\n\t<meta name=\"twitter:data1\" content=\"1 minuto\" \/>\n<script type=\"application\/ld+json\" class=\"yoast-schema-graph\">{\"@context\":\"https:\\\/\\\/schema.org\",\"@graph\":[{\"@type\":\"WebPage\",\"@id\":\"https:\\\/\\\/unitgames.com.ar\\\/pc-gamer\\\/producto\\\/consola-sony-playstation-5-slim-con-lectora\\\/\",\"url\":\"https:\\\/\\\/unitgames.com.ar\\\/pc-gamer\\\/producto\\\/consola-sony-playstation-5-slim-con-lectora\\\/\",\"name\":\"Consola SONY Playstation 5 Slim con Lectora (PS5) con Returnal y Rachet and Clank - UnitGames\",\"isPartOf\":{\"@id\":\"https:\\\/\\\/unitgames.com.ar\\\/pc-gamer\\\/#website\"},\"primaryImageOfPage\":{\"@id\":\"https:\\\/\\\/unitgames.com.ar\\\/pc-gamer\\\/producto\\\/consola-sony-playstation-5-slim-con-lectora\\\/#primaryimage\"},\"image\":{\"@id\":\"https:\\\/\\\/unitgames.com.ar\\\/pc-gamer\\\/producto\\\/consola-sony-playstation-5-slim-con-lectora\\\/#primaryimage\"},\"thumbnailUrl\":\"https:\\\/\\\/unitgames.com.ar\\\/pc-gamer\\\/wp-content\\\/uploads\\\/2024\\\/08\\\/Consola-SONY-Playstation-5-Slim-con-Lectora-PS5-con-Returnal-y-Rachet-and-Clank.png\",\"datePublished\":\"2024-08-01T13:59:53+00:00\",\"dateModified\":\"2026-04-21T22:10:04+00:00\",\"breadcrumb\":{\"@id\":\"https:\\\/\\\/unitgames.com.ar\\\/pc-gamer\\\/producto\\\/consola-sony-playstation-5-slim-con-lectora\\\/#breadcrumb\"},\"inLanguage\":\"es\",\"potentialAction\":[{\"@type\":\"ReadAction\",\"target\":[\"https:\\\/\\\/unitgames.com.ar\\\/pc-gamer\\\/producto\\\/consola-sony-playstation-5-slim-con-lectora\\\/\"]}]},{\"@type\":\"ImageObject\",\"inLanguage\":\"es\",\"@id\":\"https:\\\/\\\/unitgames.com.ar\\\/pc-gamer\\\/producto\\\/consola-sony-playstation-5-slim-con-lectora\\\/#primaryimage\",\"url\":\"https:\\\/\\\/unitgames.com.ar\\\/pc-gamer\\\/wp-content\\\/uploads\\\/2024\\\/08\\\/Consola-SONY-Playstation-5-Slim-con-Lectora-PS5-con-Returnal-y-Rachet-and-Clank.png\",\"contentUrl\":\"https:\\\/\\\/unitgames.com.ar\\\/pc-gamer\\\/wp-content\\\/uploads\\\/2024\\\/08\\\/Consola-SONY-Playstation-5-Slim-con-Lectora-PS5-con-Returnal-y-Rachet-and-Clank.png\",\"width\":1283,\"height\":1283},{\"@type\":\"BreadcrumbList\",\"@id\":\"https:\\\/\\\/unitgames.com.ar\\\/pc-gamer\\\/producto\\\/consola-sony-playstation-5-slim-con-lectora\\\/#breadcrumb\",\"itemListElement\":[{\"@type\":\"ListItem\",\"position\":1,\"name\":\"Tienda\",\"item\":\"https:\\\/\\\/unitgames.com.ar\\\/pc-gamer\\\/tienda\\\/\"},{\"@type\":\"ListItem\",\"position\":2,\"name\":\"Consola SONY Playstation 5 Slim con Lectora (PS5) con Returnal y Rachet and Clank\"}]},{\"@type\":\"WebSite\",\"@id\":\"https:\\\/\\\/unitgames.com.ar\\\/pc-gamer\\\/#website\",\"url\":\"https:\\\/\\\/unitgames.com.ar\\\/pc-gamer\\\/\",\"name\":\"UnitGames\",\"description\":\"Venta de PC Gamers, Consolas , Servicio Tecnico Especializado. Todos en Accesorios Informaticos y Gamers\",\"publisher\":{\"@id\":\"https:\\\/\\\/unitgames.com.ar\\\/pc-gamer\\\/#organization\"},\"potentialAction\":[{\"@type\":\"SearchAction\",\"target\":{\"@type\":\"EntryPoint\",\"urlTemplate\":\"https:\\\/\\\/unitgames.com.ar\\\/pc-gamer\\\/?s={search_term_string}\"},\"query-input\":{\"@type\":\"PropertyValueSpecification\",\"valueRequired\":true,\"valueName\":\"search_term_string\"}}],\"inLanguage\":\"es\"},{\"@type\":\"Organization\",\"@id\":\"https:\\\/\\\/unitgames.com.ar\\\/pc-gamer\\\/#organization\",\"name\":\"UnitGames\",\"url\":\"https:\\\/\\\/unitgames.com.ar\\\/pc-gamer\\\/\",\"logo\":{\"@type\":\"ImageObject\",\"inLanguage\":\"es\",\"@id\":\"https:\\\/\\\/unitgames.com.ar\\\/pc-gamer\\\/#\\\/schema\\\/logo\\\/image\\\/\",\"url\":\"https:\\\/\\\/unitgames.com.ar\\\/pc-gamer\\\/wp-content\\\/uploads\\\/2021\\\/01\\\/cropped-logoUnitGames2.png\",\"contentUrl\":\"https:\\\/\\\/unitgames.com.ar\\\/pc-gamer\\\/wp-content\\\/uploads\\\/2021\\\/01\\\/cropped-logoUnitGames2.png\",\"width\":152,\"height\":200,\"caption\":\"UnitGames\"},\"image\":{\"@id\":\"https:\\\/\\\/unitgames.com.ar\\\/pc-gamer\\\/#\\\/schema\\\/logo\\\/image\\\/\"}}]}<\/script>\n<!-- \/ Yoast SEO plugin. -->","yoast_head_json":{"title":"Consola SONY Playstation 5 Slim con Lectora (PS5) con Returnal y Rachet and Clank - UnitGames","robots":{"index":"index","follow":"follow","max-snippet":"max-snippet:-1","max-image-preview":"max-image-preview:large","max-video-preview":"max-video-preview:-1"},"canonical":"https:\/\/unitgames.com.ar\/pc-gamer\/producto\/consola-sony-playstation-5-slim-con-lectora\/","og_locale":"es_ES","og_type":"article","og_title":"Consola SONY Playstation 5 Slim con Lectora (PS5) con Returnal y Rachet and Clank - UnitGames","og_description":"Descripci\u00f3n Experimenta una carga incre\u00edblemente r\u00e1pida con un SSD de ultra alta velocidad, inmersi\u00f3n m\u00e1s profunda con soporte para retroalimentaci\u00f3n h\u00e1ptica, disparadores adaptativos y audio 3D, y una nueva generaci\u00f3n de incre\u00edbles juegos de PlayStation\u00ae. -CPU: x86-64-AMD Ryzen&#x2122; Zen 2 8 nucleos\/16 hilos frecuencia variable, hasta 3.5GHz -GPU Motor de gr\u00e1ficos basado en AMD Radeon &#x2122; RDNA 2 Aceleraci\u00f3n Ray Tracing Frecuencia variable, hasta 2.23 GHz (10.3 teraflops) -Memoria:\u00a0GDDR6 16GB. ancho de banda de 448GB\/s -SSD:\u00a0825GB. ancho de banda 5.5GB\/s (raw -Formato de disco de videojuego PS5:\u00a0Ultra HD Blu-Ray, hasta 100GB\/disco -Salida de video:\u00a0Soporte TVs 4K 120H, Tvs 8K\u00e7, VRR(Espec\u00edficamente para HDMI versi\u00f3n 2.1) -Audio:\u00a0Tempest 3D AudioTech &nbsp; Returnal y Rachet and Clank incluido en formato Digital","og_url":"https:\/\/unitgames.com.ar\/pc-gamer\/producto\/consola-sony-playstation-5-slim-con-lectora\/","og_site_name":"UnitGames","article_modified_time":"2026-04-21T22:10:04+00:00","og_image":[{"width":1283,"height":1283,"url":"https:\/\/unitgames.com.ar\/pc-gamer\/wp-content\/uploads\/2024\/08\/Consola-SONY-Playstation-5-Slim-con-Lectora-PS5-con-Returnal-y-Rachet-and-Clank.png","type":"image\/png"}],"twitter_card":"summary_large_image","twitter_misc":{"Tiempo de lectura":"1 minuto"},"schema":{"@context":"https:\/\/schema.org","@graph":[{"@type":"WebPage","@id":"https:\/\/unitgames.com.ar\/pc-gamer\/producto\/consola-sony-playstation-5-slim-con-lectora\/","url":"https:\/\/unitgames.com.ar\/pc-gamer\/producto\/consola-sony-playstation-5-slim-con-lectora\/","name":"Consola SONY Playstation 5 Slim con Lectora (PS5) con Returnal y Rachet and Clank - UnitGames","isPartOf":{"@id":"https:\/\/unitgames.com.ar\/pc-gamer\/#website"},"primaryImageOfPage":{"@id":"https:\/\/unitgames.com.ar\/pc-gamer\/producto\/consola-sony-playstation-5-slim-con-lectora\/#primaryimage"},"image":{"@id":"https:\/\/unitgames.com.ar\/pc-gamer\/producto\/consola-sony-playstation-5-slim-con-lectora\/#primaryimage"},"thumbnailUrl":"https:\/\/unitgames.com.ar\/pc-gamer\/wp-content\/uploads\/2024\/08\/Consola-SONY-Playstation-5-Slim-con-Lectora-PS5-con-Returnal-y-Rachet-and-Clank.png","datePublished":"2024-08-01T13:59:53+00:00","dateModified":"2026-04-21T22:10:04+00:00","breadcrumb":{"@id":"https:\/\/unitgames.com.ar\/pc-gamer\/producto\/consola-sony-playstation-5-slim-con-lectora\/#breadcrumb"},"inLanguage":"es","potentialAction":[{"@type":"ReadAction","target":["https:\/\/unitgames.com.ar\/pc-gamer\/producto\/consola-sony-playstation-5-slim-con-lectora\/"]}]},{"@type":"ImageObject","inLanguage":"es","@id":"https:\/\/unitgames.com.ar\/pc-gamer\/producto\/consola-sony-playstation-5-slim-con-lectora\/#primaryimage","url":"https:\/\/unitgames.com.ar\/pc-gamer\/wp-content\/uploads\/2024\/08\/Consola-SONY-Playstation-5-Slim-con-Lectora-PS5-con-Returnal-y-Rachet-and-Clank.png","contentUrl":"https:\/\/unitgames.com.ar\/pc-gamer\/wp-content\/uploads\/2024\/08\/Consola-SONY-Playstation-5-Slim-con-Lectora-PS5-con-Returnal-y-Rachet-and-Clank.png","width":1283,"height":1283},{"@type":"BreadcrumbList","@id":"https:\/\/unitgames.com.ar\/pc-gamer\/producto\/consola-sony-playstation-5-slim-con-lectora\/#breadcrumb","itemListElement":[{"@type":"ListItem","position":1,"name":"Tienda","item":"https:\/\/unitgames.com.ar\/pc-gamer\/tienda\/"},{"@type":"ListItem","position":2,"name":"Consola SONY Playstation 5 Slim con Lectora (PS5) con Returnal y Rachet and Clank"}]},{"@type":"WebSite","@id":"https:\/\/unitgames.com.ar\/pc-gamer\/#website","url":"https:\/\/unitgames.com.ar\/pc-gamer\/","name":"UnitGames","description":"Venta de PC Gamers, Consolas , Servicio Tecnico Especializado. Todos en Accesorios Informaticos y Gamers","publisher":{"@id":"https:\/\/unitgames.com.ar\/pc-gamer\/#organization"},"potentialAction":[{"@type":"SearchAction","target":{"@type":"EntryPoint","urlTemplate":"https:\/\/unitgames.com.ar\/pc-gamer\/?s={search_term_string}"},"query-input":{"@type":"PropertyValueSpecification","valueRequired":true,"valueName":"search_term_string"}}],"inLanguage":"es"},{"@type":"Organization","@id":"https:\/\/unitgames.com.ar\/pc-gamer\/#organization","name":"UnitGames","url":"https:\/\/unitgames.com.ar\/pc-gamer\/","logo":{"@type":"ImageObject","inLanguage":"es","@id":"https:\/\/unitgames.com.ar\/pc-gamer\/#\/schema\/logo\/image\/","url":"https:\/\/unitgames.com.ar\/pc-gamer\/wp-content\/uploads\/2021\/01\/cropped-logoUnitGames2.png","contentUrl":"https:\/\/unitgames.com.ar\/pc-gamer\/wp-content\/uploads\/2021\/01\/cropped-logoUnitGames2.png","width":152,"height":200,"caption":"UnitGames"},"image":{"@id":"https:\/\/unitgames.com.ar\/pc-gamer\/#\/schema\/logo\/image\/"}}]}},"_links":{"self":[{"href":"https:\/\/unitgames.com.ar\/pc-gamer\/wp-json\/wp\/v2\/product\/11070","targetHints":{"allow":["GET"]}}],"collection":[{"href":"https:\/\/unitgames.com.ar\/pc-gamer\/wp-json\/wp\/v2\/product"}],"about":[{"href":"https:\/\/unitgames.com.ar\/pc-gamer\/wp-json\/wp\/v2\/types\/product"}],"version-history":[{"count":1,"href":"https:\/\/unitgames.com.ar\/pc-gamer\/wp-json\/wp\/v2\/product\/11070\/revisions"}],"predecessor-version":[{"id":20668,"href":"https:\/\/unitgames.com.ar\/pc-gamer\/wp-json\/wp\/v2\/product\/11070\/revisions\/20668"}],"wp:featuredmedia":[{"embeddable":true,"href":"https:\/\/unitgames.com.ar\/pc-gamer\/wp-json\/wp\/v2\/media\/19914"}],"wp:attachment":[{"href":"https:\/\/unitgames.com.ar\/pc-gamer\/wp-json\/wp\/v2\/media?parent=11070"}],"wp:term":[{"taxonomy":"product_brand","embeddable":true,"href":"https:\/\/unitgames.com.ar\/pc-gamer\/wp-json\/wp\/v2\/product_brand?post=11070"},{"taxonomy":"product_cat","embeddable":true,"href":"https:\/\/unitgames.com.ar\/pc-gamer\/wp-json\/wp\/v2\/product_cat?post=11070"},{"taxonomy":"product_tag","embeddable":true,"href":"https:\/\/unitgames.com.ar\/pc-gamer\/wp-json\/wp\/v2\/product_tag?post=11070"}],"curies":[{"name":"wp","href":"https:\/\/api.w.org\/{rel}","templated":true}]}}