{"id":11215,"date":"2024-09-14T14:19:07","date_gmt":"2024-09-14T14:19:07","guid":{"rendered":"https:\/\/unitgames.com.ar\/pc-gamer\/?post_type=product&#038;p=11215"},"modified":"2026-02-05T17:09:59","modified_gmt":"2026-02-05T20:09:59","slug":"convertidor-onn-google-tv-streaming-media","status":"publish","type":"product","link":"https:\/\/unitgames.com.ar\/pc-gamer\/producto\/convertidor-onn-google-tv-streaming-media\/","title":{"rendered":"Convertidor  WATCH ONN Google TV STREAMING MEDIA"},"content":{"rendered":"<p>Onn. Dispositivo de transmisi\u00f3n Full HD de Google TV<\/p>\n<p>Resoluci\u00f3n Full HD<br \/>\nTransmite f\u00e1cilmente tus fotos, v\u00eddeos y m\u00fasica con Chromecast integrado<br \/>\nP\u00eddele a Google que controle tu televisor con tu voz<br \/>\nAccede a pel\u00edculas y programas de TV desde plataformas como Netflix, Google TV, Disney+, MAX y m\u00e1s, MAGIS TV !<br \/>\nF\u00e1cil de configurar<br \/>\nTipo de conector: HDMI, Micro USB<br \/>\nTecnolog\u00edas inal\u00e1mbricas: MIMO WiFi<br \/>\nFunciones de audio: est\u00e9reo<br \/>\nMemoria RAM: 1,5GB<br \/>\nEn la caja encontrar\u00e1s: 1 dispositivo de transmisi\u00f3n, 1 gu\u00eda de inicio r\u00e1pido, 1 cable HDMI<\/p>\n","protected":false},"excerpt":{"rendered":"<p>Onn. Dispositivo de transmisi\u00f3n Full HD de Google TV Resoluci\u00f3n Full HD Transmite f\u00e1cilmente tus fotos, v\u00eddeos y m\u00fasica con Chromecast integrado P\u00eddele a Google que controle tu televisor con tu voz Accede a pel\u00edculas y programas de TV desde plataformas como Netflix, Google TV, Disney+, MAX y m\u00e1s, MAGIS TV ! F\u00e1cil de configurar Tipo de conector: HDMI, Micro USB Tecnolog\u00edas inal\u00e1mbricas: MIMO WiFi Funciones de audio: est\u00e9reo Memoria RAM: 1,5GB En la caja encontrar\u00e1s: 1 dispositivo de transmisi\u00f3n, 1 gu\u00eda de inicio r\u00e1pido, 1 cable HDMI<\/p>\n","protected":false},"featured_media":11216,"template":"","meta":{"site-sidebar-layout":"default","site-content-layout":"","ast-site-content-layout":"default","site-content-style":"default","site-sidebar-style":"default","ast-global-header-display":"","ast-banner-title-visibility":"","ast-main-header-display":"","ast-hfb-above-header-display":"","ast-hfb-below-header-display":"","ast-hfb-mobile-header-display":"","site-post-title":"","ast-breadcrumbs-content":"","ast-featured-img":"","footer-sml-layout":"","theme-transparent-header-meta":"","adv-header-id-meta":"","stick-header-meta":"","header-above-stick-meta":"","header-main-stick-meta":"","header-below-stick-meta":"","astra-migrate-meta-layouts":"default","ast-page-background-enabled":"default","ast-page-background-meta":{"desktop":{"background-color":"var(--ast-global-color-5)","background-image":"","background-repeat":"repeat","background-position":"center center","background-size":"auto","background-attachment":"scroll","background-type":"","background-media":"","overlay-type":"","overlay-color":"","overlay-opacity":"","overlay-gradient":""},"tablet":{"background-color":"","background-image":"","background-repeat":"repeat","background-position":"center center","background-size":"auto","background-attachment":"scroll","background-type":"","background-media":"","overlay-type":"","overlay-color":"","overlay-opacity":"","overlay-gradient":""},"mobile":{"background-color":"","background-image":"","background-repeat":"repeat","background-position":"center center","background-size":"auto","background-attachment":"scroll","background-type":"","background-media":"","overlay-type":"","overlay-color":"","overlay-opacity":"","overlay-gradient":""}},"ast-content-background-meta":{"desktop":{"background-color":"var(--ast-global-color-4)","background-image":"","background-repeat":"repeat","background-position":"center center","background-size":"auto","background-attachment":"scroll","background-type":"","background-media":"","overlay-type":"","overlay-color":"","overlay-opacity":"","overlay-gradient":""},"tablet":{"background-color":"var(--ast-global-color-4)","background-image":"","background-repeat":"repeat","background-position":"center center","background-size":"auto","background-attachment":"scroll","background-type":"","background-media":"","overlay-type":"","overlay-color":"","overlay-opacity":"","overlay-gradient":""},"mobile":{"background-color":"var(--ast-global-color-4)","background-image":"","background-repeat":"repeat","background-position":"center center","background-size":"auto","background-attachment":"scroll","background-type":"","background-media":"","overlay-type":"","overlay-color":"","overlay-opacity":"","overlay-gradient":""}},"_joinchat":[]},"product_brand":[],"product_cat":[115],"product_tag":[],"class_list":{"0":"post-11215","1":"product","2":"type-product","3":"status-publish","4":"has-post-thumbnail","6":"product_cat-streaming-tv","7":"desktop-align-center","8":"tablet-align-left","9":"mobile-align-left","11":"first","12":"outofstock","13":"shipping-taxable","14":"purchasable","15":"product-type-simple"},"yoast_head":"<!-- This site is optimized with the Yoast SEO plugin v27.3 - https:\/\/yoast.com\/product\/yoast-seo-wordpress\/ -->\n<title>Convertidor WATCH ONN Google TV STREAMING MEDIA - UnitGames<\/title>\n<meta name=\"robots\" content=\"index, follow, max-snippet:-1, max-image-preview:large, max-video-preview:-1\" \/>\n<link rel=\"canonical\" href=\"https:\/\/unitgames.com.ar\/pc-gamer\/producto\/convertidor-onn-google-tv-streaming-media\/\" \/>\n<meta property=\"og:locale\" content=\"es_ES\" \/>\n<meta property=\"og:type\" content=\"article\" \/>\n<meta property=\"og:title\" content=\"Convertidor WATCH ONN Google TV STREAMING MEDIA - UnitGames\" \/>\n<meta property=\"og:description\" content=\"Onn. Dispositivo de transmisi\u00f3n Full HD de Google TV Resoluci\u00f3n Full HD Transmite f\u00e1cilmente tus fotos, v\u00eddeos y m\u00fasica con Chromecast integrado P\u00eddele a Google que controle tu televisor con tu voz Accede a pel\u00edculas y programas de TV desde plataformas como Netflix, Google TV, Disney+, MAX y m\u00e1s, MAGIS TV ! F\u00e1cil de configurar Tipo de conector: HDMI, Micro USB Tecnolog\u00edas inal\u00e1mbricas: MIMO WiFi Funciones de audio: est\u00e9reo Memoria RAM: 1,5GB En la caja encontrar\u00e1s: 1 dispositivo de transmisi\u00f3n, 1 gu\u00eda de inicio r\u00e1pido, 1 cable HDMI\" \/>\n<meta property=\"og:url\" content=\"https:\/\/unitgames.com.ar\/pc-gamer\/producto\/convertidor-onn-google-tv-streaming-media\/\" \/>\n<meta property=\"og:site_name\" content=\"UnitGames\" \/>\n<meta property=\"article:modified_time\" content=\"2026-02-05T20:09:59+00:00\" \/>\n<meta property=\"og:image\" content=\"https:\/\/unitgames.com.ar\/pc-gamer\/wp-content\/uploads\/2024\/09\/Convertidor-ONN-Google-TV-STREAMING-MEDIA.png\" \/>\n\t<meta property=\"og:image:width\" content=\"1283\" \/>\n\t<meta property=\"og:image:height\" content=\"1284\" \/>\n\t<meta property=\"og:image:type\" content=\"image\/png\" \/>\n<meta name=\"twitter:card\" content=\"summary_large_image\" \/>\n<meta name=\"twitter:label1\" content=\"Tiempo de lectura\" \/>\n\t<meta name=\"twitter:data1\" content=\"1 minuto\" \/>\n<script type=\"application\/ld+json\" class=\"yoast-schema-graph\">{\"@context\":\"https:\\\/\\\/schema.org\",\"@graph\":[{\"@type\":\"WebPage\",\"@id\":\"https:\\\/\\\/unitgames.com.ar\\\/pc-gamer\\\/producto\\\/convertidor-onn-google-tv-streaming-media\\\/\",\"url\":\"https:\\\/\\\/unitgames.com.ar\\\/pc-gamer\\\/producto\\\/convertidor-onn-google-tv-streaming-media\\\/\",\"name\":\"Convertidor WATCH ONN Google TV STREAMING MEDIA - UnitGames\",\"isPartOf\":{\"@id\":\"https:\\\/\\\/unitgames.com.ar\\\/pc-gamer\\\/#website\"},\"primaryImageOfPage\":{\"@id\":\"https:\\\/\\\/unitgames.com.ar\\\/pc-gamer\\\/producto\\\/convertidor-onn-google-tv-streaming-media\\\/#primaryimage\"},\"image\":{\"@id\":\"https:\\\/\\\/unitgames.com.ar\\\/pc-gamer\\\/producto\\\/convertidor-onn-google-tv-streaming-media\\\/#primaryimage\"},\"thumbnailUrl\":\"https:\\\/\\\/unitgames.com.ar\\\/pc-gamer\\\/wp-content\\\/uploads\\\/2024\\\/09\\\/Convertidor-ONN-Google-TV-STREAMING-MEDIA.png\",\"datePublished\":\"2024-09-14T14:19:07+00:00\",\"dateModified\":\"2026-02-05T20:09:59+00:00\",\"breadcrumb\":{\"@id\":\"https:\\\/\\\/unitgames.com.ar\\\/pc-gamer\\\/producto\\\/convertidor-onn-google-tv-streaming-media\\\/#breadcrumb\"},\"inLanguage\":\"es\",\"potentialAction\":[{\"@type\":\"ReadAction\",\"target\":[\"https:\\\/\\\/unitgames.com.ar\\\/pc-gamer\\\/producto\\\/convertidor-onn-google-tv-streaming-media\\\/\"]}]},{\"@type\":\"ImageObject\",\"inLanguage\":\"es\",\"@id\":\"https:\\\/\\\/unitgames.com.ar\\\/pc-gamer\\\/producto\\\/convertidor-onn-google-tv-streaming-media\\\/#primaryimage\",\"url\":\"https:\\\/\\\/unitgames.com.ar\\\/pc-gamer\\\/wp-content\\\/uploads\\\/2024\\\/09\\\/Convertidor-ONN-Google-TV-STREAMING-MEDIA.png\",\"contentUrl\":\"https:\\\/\\\/unitgames.com.ar\\\/pc-gamer\\\/wp-content\\\/uploads\\\/2024\\\/09\\\/Convertidor-ONN-Google-TV-STREAMING-MEDIA.png\",\"width\":1283,\"height\":1284},{\"@type\":\"BreadcrumbList\",\"@id\":\"https:\\\/\\\/unitgames.com.ar\\\/pc-gamer\\\/producto\\\/convertidor-onn-google-tv-streaming-media\\\/#breadcrumb\",\"itemListElement\":[{\"@type\":\"ListItem\",\"position\":1,\"name\":\"Tienda\",\"item\":\"https:\\\/\\\/unitgames.com.ar\\\/pc-gamer\\\/tienda\\\/\"},{\"@type\":\"ListItem\",\"position\":2,\"name\":\"Convertidor WATCH ONN Google TV STREAMING MEDIA\"}]},{\"@type\":\"WebSite\",\"@id\":\"https:\\\/\\\/unitgames.com.ar\\\/pc-gamer\\\/#website\",\"url\":\"https:\\\/\\\/unitgames.com.ar\\\/pc-gamer\\\/\",\"name\":\"UnitGames\",\"description\":\"Venta de PC Gamers, Consolas , Servicio Tecnico Especializado. Todos en Accesorios Informaticos y Gamers\",\"publisher\":{\"@id\":\"https:\\\/\\\/unitgames.com.ar\\\/pc-gamer\\\/#organization\"},\"potentialAction\":[{\"@type\":\"SearchAction\",\"target\":{\"@type\":\"EntryPoint\",\"urlTemplate\":\"https:\\\/\\\/unitgames.com.ar\\\/pc-gamer\\\/?s={search_term_string}\"},\"query-input\":{\"@type\":\"PropertyValueSpecification\",\"valueRequired\":true,\"valueName\":\"search_term_string\"}}],\"inLanguage\":\"es\"},{\"@type\":\"Organization\",\"@id\":\"https:\\\/\\\/unitgames.com.ar\\\/pc-gamer\\\/#organization\",\"name\":\"UnitGames\",\"url\":\"https:\\\/\\\/unitgames.com.ar\\\/pc-gamer\\\/\",\"logo\":{\"@type\":\"ImageObject\",\"inLanguage\":\"es\",\"@id\":\"https:\\\/\\\/unitgames.com.ar\\\/pc-gamer\\\/#\\\/schema\\\/logo\\\/image\\\/\",\"url\":\"https:\\\/\\\/unitgames.com.ar\\\/pc-gamer\\\/wp-content\\\/uploads\\\/2021\\\/01\\\/cropped-logoUnitGames2.png\",\"contentUrl\":\"https:\\\/\\\/unitgames.com.ar\\\/pc-gamer\\\/wp-content\\\/uploads\\\/2021\\\/01\\\/cropped-logoUnitGames2.png\",\"width\":152,\"height\":200,\"caption\":\"UnitGames\"},\"image\":{\"@id\":\"https:\\\/\\\/unitgames.com.ar\\\/pc-gamer\\\/#\\\/schema\\\/logo\\\/image\\\/\"}}]}<\/script>\n<!-- \/ Yoast SEO plugin. -->","yoast_head_json":{"title":"Convertidor WATCH ONN Google TV STREAMING MEDIA - UnitGames","robots":{"index":"index","follow":"follow","max-snippet":"max-snippet:-1","max-image-preview":"max-image-preview:large","max-video-preview":"max-video-preview:-1"},"canonical":"https:\/\/unitgames.com.ar\/pc-gamer\/producto\/convertidor-onn-google-tv-streaming-media\/","og_locale":"es_ES","og_type":"article","og_title":"Convertidor WATCH ONN Google TV STREAMING MEDIA - UnitGames","og_description":"Onn. Dispositivo de transmisi\u00f3n Full HD de Google TV Resoluci\u00f3n Full HD Transmite f\u00e1cilmente tus fotos, v\u00eddeos y m\u00fasica con Chromecast integrado P\u00eddele a Google que controle tu televisor con tu voz Accede a pel\u00edculas y programas de TV desde plataformas como Netflix, Google TV, Disney+, MAX y m\u00e1s, MAGIS TV ! F\u00e1cil de configurar Tipo de conector: HDMI, Micro USB Tecnolog\u00edas inal\u00e1mbricas: MIMO WiFi Funciones de audio: est\u00e9reo Memoria RAM: 1,5GB En la caja encontrar\u00e1s: 1 dispositivo de transmisi\u00f3n, 1 gu\u00eda de inicio r\u00e1pido, 1 cable HDMI","og_url":"https:\/\/unitgames.com.ar\/pc-gamer\/producto\/convertidor-onn-google-tv-streaming-media\/","og_site_name":"UnitGames","article_modified_time":"2026-02-05T20:09:59+00:00","og_image":[{"width":1283,"height":1284,"url":"https:\/\/unitgames.com.ar\/pc-gamer\/wp-content\/uploads\/2024\/09\/Convertidor-ONN-Google-TV-STREAMING-MEDIA.png","type":"image\/png"}],"twitter_card":"summary_large_image","twitter_misc":{"Tiempo de lectura":"1 minuto"},"schema":{"@context":"https:\/\/schema.org","@graph":[{"@type":"WebPage","@id":"https:\/\/unitgames.com.ar\/pc-gamer\/producto\/convertidor-onn-google-tv-streaming-media\/","url":"https:\/\/unitgames.com.ar\/pc-gamer\/producto\/convertidor-onn-google-tv-streaming-media\/","name":"Convertidor WATCH ONN Google TV STREAMING MEDIA - UnitGames","isPartOf":{"@id":"https:\/\/unitgames.com.ar\/pc-gamer\/#website"},"primaryImageOfPage":{"@id":"https:\/\/unitgames.com.ar\/pc-gamer\/producto\/convertidor-onn-google-tv-streaming-media\/#primaryimage"},"image":{"@id":"https:\/\/unitgames.com.ar\/pc-gamer\/producto\/convertidor-onn-google-tv-streaming-media\/#primaryimage"},"thumbnailUrl":"https:\/\/unitgames.com.ar\/pc-gamer\/wp-content\/uploads\/2024\/09\/Convertidor-ONN-Google-TV-STREAMING-MEDIA.png","datePublished":"2024-09-14T14:19:07+00:00","dateModified":"2026-02-05T20:09:59+00:00","breadcrumb":{"@id":"https:\/\/unitgames.com.ar\/pc-gamer\/producto\/convertidor-onn-google-tv-streaming-media\/#breadcrumb"},"inLanguage":"es","potentialAction":[{"@type":"ReadAction","target":["https:\/\/unitgames.com.ar\/pc-gamer\/producto\/convertidor-onn-google-tv-streaming-media\/"]}]},{"@type":"ImageObject","inLanguage":"es","@id":"https:\/\/unitgames.com.ar\/pc-gamer\/producto\/convertidor-onn-google-tv-streaming-media\/#primaryimage","url":"https:\/\/unitgames.com.ar\/pc-gamer\/wp-content\/uploads\/2024\/09\/Convertidor-ONN-Google-TV-STREAMING-MEDIA.png","contentUrl":"https:\/\/unitgames.com.ar\/pc-gamer\/wp-content\/uploads\/2024\/09\/Convertidor-ONN-Google-TV-STREAMING-MEDIA.png","width":1283,"height":1284},{"@type":"BreadcrumbList","@id":"https:\/\/unitgames.com.ar\/pc-gamer\/producto\/convertidor-onn-google-tv-streaming-media\/#breadcrumb","itemListElement":[{"@type":"ListItem","position":1,"name":"Tienda","item":"https:\/\/unitgames.com.ar\/pc-gamer\/tienda\/"},{"@type":"ListItem","position":2,"name":"Convertidor WATCH ONN Google TV STREAMING MEDIA"}]},{"@type":"WebSite","@id":"https:\/\/unitgames.com.ar\/pc-gamer\/#website","url":"https:\/\/unitgames.com.ar\/pc-gamer\/","name":"UnitGames","description":"Venta de PC Gamers, Consolas , Servicio Tecnico Especializado. Todos en Accesorios Informaticos y Gamers","publisher":{"@id":"https:\/\/unitgames.com.ar\/pc-gamer\/#organization"},"potentialAction":[{"@type":"SearchAction","target":{"@type":"EntryPoint","urlTemplate":"https:\/\/unitgames.com.ar\/pc-gamer\/?s={search_term_string}"},"query-input":{"@type":"PropertyValueSpecification","valueRequired":true,"valueName":"search_term_string"}}],"inLanguage":"es"},{"@type":"Organization","@id":"https:\/\/unitgames.com.ar\/pc-gamer\/#organization","name":"UnitGames","url":"https:\/\/unitgames.com.ar\/pc-gamer\/","logo":{"@type":"ImageObject","inLanguage":"es","@id":"https:\/\/unitgames.com.ar\/pc-gamer\/#\/schema\/logo\/image\/","url":"https:\/\/unitgames.com.ar\/pc-gamer\/wp-content\/uploads\/2021\/01\/cropped-logoUnitGames2.png","contentUrl":"https:\/\/unitgames.com.ar\/pc-gamer\/wp-content\/uploads\/2021\/01\/cropped-logoUnitGames2.png","width":152,"height":200,"caption":"UnitGames"},"image":{"@id":"https:\/\/unitgames.com.ar\/pc-gamer\/#\/schema\/logo\/image\/"}}]}},"_links":{"self":[{"href":"https:\/\/unitgames.com.ar\/pc-gamer\/wp-json\/wp\/v2\/product\/11215","targetHints":{"allow":["GET"]}}],"collection":[{"href":"https:\/\/unitgames.com.ar\/pc-gamer\/wp-json\/wp\/v2\/product"}],"about":[{"href":"https:\/\/unitgames.com.ar\/pc-gamer\/wp-json\/wp\/v2\/types\/product"}],"version-history":[{"count":0,"href":"https:\/\/unitgames.com.ar\/pc-gamer\/wp-json\/wp\/v2\/product\/11215\/revisions"}],"wp:featuredmedia":[{"embeddable":true,"href":"https:\/\/unitgames.com.ar\/pc-gamer\/wp-json\/wp\/v2\/media\/11216"}],"wp:attachment":[{"href":"https:\/\/unitgames.com.ar\/pc-gamer\/wp-json\/wp\/v2\/media?parent=11215"}],"wp:term":[{"taxonomy":"product_brand","embeddable":true,"href":"https:\/\/unitgames.com.ar\/pc-gamer\/wp-json\/wp\/v2\/product_brand?post=11215"},{"taxonomy":"product_cat","embeddable":true,"href":"https:\/\/unitgames.com.ar\/pc-gamer\/wp-json\/wp\/v2\/product_cat?post=11215"},{"taxonomy":"product_tag","embeddable":true,"href":"https:\/\/unitgames.com.ar\/pc-gamer\/wp-json\/wp\/v2\/product_tag?post=11215"}],"curies":[{"name":"wp","href":"https:\/\/api.w.org\/{rel}","templated":true}]}}