{"id":11276,"date":"2024-10-01T14:04:55","date_gmt":"2024-10-01T14:04:55","guid":{"rendered":"https:\/\/unitgames.com.ar\/pc-gamer\/?post_type=product&#038;p=11276"},"modified":"2026-01-17T10:47:01","modified_gmt":"2026-01-17T13:47:01","slug":"mouse-redragon-king-pro-4k-inalambrico-negro","status":"publish","type":"product","link":"https:\/\/unitgames.com.ar\/pc-gamer\/producto\/mouse-redragon-king-pro-4k-inalambrico-negro\/","title":{"rendered":"Mouse Inalambrico REDRAGON K1ng Pro 4K Negro"},"content":{"rendered":"<p>100% enfocado en el rendimiento, el K1ng Pro es nuestro rat\u00f3n<br \/>\ntope de gama para los jugadores m\u00e1s competitivos.<\/p>\n<p><img decoding=\"async\" class=\"emoji\" role=\"img\" src=\"https:\/\/s.w.org\/images\/core\/emoji\/15.0.3\/svg\/25b6.svg\" alt=\"&#x25b6;\" \/>\u00a0Ultra liviano, peque\u00f1o y ergon\u00f3mico.<br \/>\n<img decoding=\"async\" class=\"emoji\" role=\"img\" src=\"https:\/\/s.w.org\/images\/core\/emoji\/15.0.3\/svg\/25b6.svg\" alt=\"&#x25b6;\" \/>\u00a0Doble conexi\u00f3n inal\u00e1mbrica, m\u00e1s cable de paracord.<br \/>\n<img decoding=\"async\" class=\"emoji\" role=\"img\" src=\"https:\/\/s.w.org\/images\/core\/emoji\/15.0.3\/svg\/25b6.svg\" alt=\"&#x25b6;\" \/>\u00a0Sensor premium Pixart 3395.<br \/>\n<img decoding=\"async\" class=\"emoji\" role=\"img\" src=\"https:\/\/s.w.org\/images\/core\/emoji\/15.0.3\/svg\/25b6.svg\" alt=\"&#x25b6;\" \/>\u00a0Switches s\u00faper resistentes: 50 millones de clics.<\/p>\n<p>Descubre todo el poder del rey.<\/p>\n<p class=\"product-section--split__title\"><strong>LIVIANO Y \u00c1GIL<\/strong><\/p>\n<p class=\"product-section--split__description\">Con un peso total de tan s\u00f3lo 50 gramos, un tama\u00f1o<br \/>\nmediano-peque\u00f1o y los cl\u00e1sicos patines de tefl\u00f3n<br \/>\nRedragon, el K1ng Pro se desliza con agilidad y<br \/>\nprecisi\u00f3n. Est\u00e1 preparado para competir al m\u00e1ximo nivel.<\/p>\n<p class=\"product-section--split__title\"><strong>TRIPLE CONEXI\u00d3N<\/strong><\/p>\n<p class=\"product-section--split__description\">El K1ng Pro ofrece tres modalidades de conexi\u00f3n para distintas necesidades.<\/p>\n<p><img decoding=\"async\" class=\"emoji\" role=\"img\" src=\"https:\/\/s.w.org\/images\/core\/emoji\/15.0.3\/svg\/25b6.svg\" alt=\"&#x25b6;\" \/>\u00a0Bluetooth para el uso casual en m\u00faltiples dispositivos.<br \/>\n<img decoding=\"async\" class=\"emoji\" role=\"img\" src=\"https:\/\/s.w.org\/images\/core\/emoji\/15.0.3\/svg\/25b6.svg\" alt=\"&#x25b6;\" \/>\u00a0RF (con dongle USB) para el juego competitivo en modo inal\u00e1mbrico.<br \/>\n<img decoding=\"async\" class=\"emoji\" role=\"img\" src=\"https:\/\/s.w.org\/images\/core\/emoji\/15.0.3\/svg\/25b6.svg\" alt=\"&#x25b6;\" \/>\u00a0Cable de paracord USB-C (con convertidor USB-C\/A) para el juego competitivo<br \/>\nen modo cableado.<\/p>\n<p>\u00a1Todo calculado!<\/p>\n<p class=\"product-section--split__title\"><strong>EL BRILLO, ADENTRO<\/strong><\/p>\n<p class=\"product-section--split__description\">Un factor clave del poder del K1ng Pro es la alta calidad de sus componentes internos, tanto en lo que respecta al sensor como a los switches. En ambos casos, se trata de componentes tope de gama que permiten alcanzar el m\u00e1ximo rendimiento.<\/p>\n<p><img decoding=\"async\" class=\"emoji\" role=\"img\" src=\"https:\/\/s.w.org\/images\/core\/emoji\/15.0.3\/svg\/25b6.svg\" alt=\"&#x25b6;\" \/>\u00a0Sensor \u00f3ptico Pixart 3395. Lo mejor en sensores inal\u00e1mbricos.<br \/>\n<img decoding=\"async\" class=\"emoji\" role=\"img\" src=\"https:\/\/s.w.org\/images\/core\/emoji\/15.0.3\/svg\/25b6.svg\" alt=\"&#x25b6;\" \/>\u00a0Switches principales Huano Blue Shell Blue Dot, para 50 millones de clics.<\/p>\n<p>\u00a1La realeza!<\/p>\n<p class=\"product-section--split__title\"><strong>BATER\u00cdA DE ALTO RENDIMIENTO<\/strong><\/p>\n<p class=\"product-section--split__description\">La bater\u00eda interna de 400 mAh del K1ng Pro le permite alcanzar<br \/>\nuna autonom\u00eda de hasta 7 d\u00edas con una sola carga en modo<br \/>\ninal\u00e1mbrico RF.<\/p>\n<p>&nbsp;<\/p>\n<div class=\"spec\"><span class=\"title\">BOTONES PROGRAMABLES: <\/span><span class=\"value\">5<\/span><\/div>\n<div class=\"spec\"><span class=\"title\">TIPO DE AGARRE: <\/span><span class=\"value\">palm, claw, fingertip<\/span><\/div>\n<div class=\"spec\"><span class=\"title\">ORIENTACI\u00d3N: <\/span><span class=\"value\">Sim\u00e9trico<\/span><\/div>\n<div class=\"spec\"><span class=\"title\">CABLE: <\/span><span class=\"value\">paracord<\/span><\/div>\n<div class=\"spec\"><span class=\"title\">CONEXI\u00d3N: <\/span><span class=\"value\">inal\u00e1mbrica 2.4 GHz con dongle USB-C | Bluetooth | Cableada USB-C a USB-A<\/span><\/div>\n<div class=\"spec\"><span class=\"title\">MODELO SENSOR: <\/span><span class=\"value\">Pixart 3395<\/span><\/div>\n<div class=\"spec\"><span class=\"title\">SWITCHES: <\/span><span class=\"value\">Huano Blue Shell Blue Dot<\/span><\/div>\n<div class=\"spec\"><span class=\"title\">RETROILUMINACI\u00d3N: <\/span><span class=\"value\">no<\/span><\/div>\n<div class=\"spec\"><span class=\"title\">DPI M\u00cdNIMO: <\/span><span class=\"value\">50<\/span><\/div>\n<div class=\"spec\"><span class=\"title\">DPI M\u00c1XIMO: <\/span><span class=\"value\">26000<\/span><\/div>\n<div class=\"spec\"><span class=\"title\">FRECUENCIA DE RESPUESTA: <\/span><span class=\"value\">125 \/ 1000 Hz<\/span><\/div>\n<div class=\"spec\"><span class=\"title\">SISTEMA DE PESAS: <\/span><span class=\"value\">no<\/span><\/div>\n<div class=\"spec\"><span class=\"title\">PESO: <\/span><span class=\"value\">50 g<\/span><\/div>\n<div class=\"spec\"><span class=\"title\">PESO TOTAL CON SISTEMA DE PESAS:<\/span><span class=\"value\">&#8211;<\/span><\/div>\n<div class=\"spec\"><span class=\"title\">DIMENSIONES: <\/span><span class=\"value\">120,8 * 64,3 * 37,9 mm<\/span><\/div>\n<div class=\"spec\"><span class=\"title\">EXTRAS: <\/span><span class=\"value\">bot\u00f3n de DPI en la parte inferior<\/span><\/div>\n<div class=\"spec\"><span class=\"title\">SOFTWARE: <\/span><span class=\"value\">s\u00ed<\/span><\/div>\n<p>&nbsp;<\/p>\n","protected":false},"excerpt":{"rendered":"<p>100% enfocado en el rendimiento, el K1ng Pro es nuestro rat\u00f3n tope de gama para los jugadores m\u00e1s competitivos. \u00a0Ultra liviano, peque\u00f1o y ergon\u00f3mico. \u00a0Doble conexi\u00f3n inal\u00e1mbrica, m\u00e1s cable de paracord. \u00a0Sensor premium Pixart 3395. \u00a0Switches s\u00faper resistentes: 50 millones de clics. Descubre todo el poder del rey. LIVIANO Y \u00c1GIL Con un peso total de tan s\u00f3lo 50 gramos, un tama\u00f1o mediano-peque\u00f1o y los cl\u00e1sicos patines de tefl\u00f3n Redragon, el K1ng Pro se desliza con agilidad y precisi\u00f3n. Est\u00e1 preparado para competir al m\u00e1ximo nivel. TRIPLE CONEXI\u00d3N El K1ng Pro ofrece tres modalidades de conexi\u00f3n para distintas necesidades. \u00a0Bluetooth para el uso casual en m\u00faltiples dispositivos. \u00a0RF (con dongle USB) para el juego competitivo en modo inal\u00e1mbrico. \u00a0Cable de paracord USB-C (con convertidor USB-C\/A) para el juego competitivo en modo cableado. \u00a1Todo calculado! EL BRILLO, ADENTRO Un factor clave del poder del K1ng Pro es la alta calidad de sus componentes internos, tanto en lo que respecta al sensor como a los switches. En ambos casos, se trata de componentes tope de gama que permiten alcanzar el m\u00e1ximo rendimiento. \u00a0Sensor \u00f3ptico Pixart 3395. Lo mejor en sensores inal\u00e1mbricos. \u00a0Switches principales Huano Blue Shell Blue Dot, para 50 millones de clics. \u00a1La realeza! BATER\u00cdA DE ALTO RENDIMIENTO La bater\u00eda interna de 400 mAh del K1ng Pro le permite alcanzar una autonom\u00eda de hasta 7 d\u00edas con una sola carga en modo inal\u00e1mbrico RF. &nbsp; BOTONES PROGRAMABLES: 5 TIPO DE AGARRE: palm, claw, fingertip ORIENTACI\u00d3N: Sim\u00e9trico CABLE: paracord CONEXI\u00d3N: inal\u00e1mbrica 2.4 GHz con dongle USB-C | Bluetooth | Cableada USB-C a USB-A MODELO SENSOR: Pixart 3395 SWITCHES: Huano Blue Shell Blue Dot RETROILUMINACI\u00d3N: no DPI M\u00cdNIMO: 50 DPI M\u00c1XIMO: 26000 FRECUENCIA DE RESPUESTA: 125 \/ 1000 Hz SISTEMA DE PESAS: no PESO: 50 g PESO TOTAL CON SISTEMA DE PESAS:&#8211; DIMENSIONES: 120,8 * 64,3 * 37,9 mm EXTRAS: bot\u00f3n de DPI en la parte inferior SOFTWARE: s\u00ed &nbsp;<\/p>\n","protected":false},"featured_media":11394,"template":"","meta":{"site-sidebar-layout":"default","site-content-layout":"","ast-site-content-layout":"default","site-content-style":"default","site-sidebar-style":"default","ast-global-header-display":"","ast-banner-title-visibility":"","ast-main-header-display":"","ast-hfb-above-header-display":"","ast-hfb-below-header-display":"","ast-hfb-mobile-header-display":"","site-post-title":"","ast-breadcrumbs-content":"","ast-featured-img":"","footer-sml-layout":"","theme-transparent-header-meta":"","adv-header-id-meta":"","stick-header-meta":"","header-above-stick-meta":"","header-main-stick-meta":"","header-below-stick-meta":"","astra-migrate-meta-layouts":"default","ast-page-background-enabled":"default","ast-page-background-meta":{"desktop":{"background-color":"var(--ast-global-color-5)","background-image":"","background-repeat":"repeat","background-position":"center center","background-size":"auto","background-attachment":"scroll","background-type":"","background-media":"","overlay-type":"","overlay-color":"","overlay-opacity":"","overlay-gradient":""},"tablet":{"background-color":"","background-image":"","background-repeat":"repeat","background-position":"center center","background-size":"auto","background-attachment":"scroll","background-type":"","background-media":"","overlay-type":"","overlay-color":"","overlay-opacity":"","overlay-gradient":""},"mobile":{"background-color":"","background-image":"","background-repeat":"repeat","background-position":"center center","background-size":"auto","background-attachment":"scroll","background-type":"","background-media":"","overlay-type":"","overlay-color":"","overlay-opacity":"","overlay-gradient":""}},"ast-content-background-meta":{"desktop":{"background-color":"var(--ast-global-color-4)","background-image":"","background-repeat":"repeat","background-position":"center center","background-size":"auto","background-attachment":"scroll","background-type":"","background-media":"","overlay-type":"","overlay-color":"","overlay-opacity":"","overlay-gradient":""},"tablet":{"background-color":"var(--ast-global-color-4)","background-image":"","background-repeat":"repeat","background-position":"center center","background-size":"auto","background-attachment":"scroll","background-type":"","background-media":"","overlay-type":"","overlay-color":"","overlay-opacity":"","overlay-gradient":""},"mobile":{"background-color":"var(--ast-global-color-4)","background-image":"","background-repeat":"repeat","background-position":"center center","background-size":"auto","background-attachment":"scroll","background-type":"","background-media":"","overlay-type":"","overlay-color":"","overlay-opacity":"","overlay-gradient":""}},"_joinchat":[]},"product_brand":[],"product_cat":[89],"product_tag":[],"class_list":{"0":"post-11276","1":"product","2":"type-product","3":"status-publish","4":"has-post-thumbnail","6":"product_cat-gamers-competitivos","7":"desktop-align-center","8":"tablet-align-left","9":"mobile-align-left","11":"first","12":"instock","13":"shipping-taxable","14":"purchasable","15":"product-type-simple"},"yoast_head":"<!-- This site is optimized with the Yoast SEO plugin v27.5 - https:\/\/yoast.com\/product\/yoast-seo-wordpress\/ -->\n<title>Mouse Inalambrico REDRAGON K1ng Pro 4K Negro - UnitGames<\/title>\n<meta name=\"robots\" content=\"index, follow, max-snippet:-1, max-image-preview:large, max-video-preview:-1\" \/>\n<link rel=\"canonical\" href=\"https:\/\/unitgames.com.ar\/pc-gamer\/producto\/mouse-redragon-king-pro-4k-inalambrico-negro\/\" \/>\n<meta property=\"og:locale\" content=\"es_ES\" \/>\n<meta property=\"og:type\" content=\"article\" \/>\n<meta property=\"og:title\" content=\"Mouse Inalambrico REDRAGON K1ng Pro 4K Negro - UnitGames\" \/>\n<meta property=\"og:description\" content=\"100% enfocado en el rendimiento, el K1ng Pro es nuestro rat\u00f3n tope de gama para los jugadores m\u00e1s competitivos. \u00a0Ultra liviano, peque\u00f1o y ergon\u00f3mico. \u00a0Doble conexi\u00f3n inal\u00e1mbrica, m\u00e1s cable de paracord. \u00a0Sensor premium Pixart 3395. \u00a0Switches s\u00faper resistentes: 50 millones de clics. Descubre todo el poder del rey. LIVIANO Y \u00c1GIL Con un peso total de tan s\u00f3lo 50 gramos, un tama\u00f1o mediano-peque\u00f1o y los cl\u00e1sicos patines de tefl\u00f3n Redragon, el K1ng Pro se desliza con agilidad y precisi\u00f3n. Est\u00e1 preparado para competir al m\u00e1ximo nivel. TRIPLE CONEXI\u00d3N El K1ng Pro ofrece tres modalidades de conexi\u00f3n para distintas necesidades. \u00a0Bluetooth para el uso casual en m\u00faltiples dispositivos. \u00a0RF (con dongle USB) para el juego competitivo en modo inal\u00e1mbrico. \u00a0Cable de paracord USB-C (con convertidor USB-C\/A) para el juego competitivo en modo cableado. \u00a1Todo calculado! EL BRILLO, ADENTRO Un factor clave del poder del K1ng Pro es la alta calidad de sus componentes internos, tanto en lo que respecta al sensor como a los switches. En ambos casos, se trata de componentes tope de gama que permiten alcanzar el m\u00e1ximo rendimiento. \u00a0Sensor \u00f3ptico Pixart 3395. Lo mejor en sensores inal\u00e1mbricos. \u00a0Switches principales Huano Blue Shell Blue Dot, para 50 millones de clics. \u00a1La realeza! BATER\u00cdA DE ALTO RENDIMIENTO La bater\u00eda interna de 400 mAh del K1ng Pro le permite alcanzar una autonom\u00eda de hasta 7 d\u00edas con una sola carga en modo inal\u00e1mbrico RF. &nbsp; BOTONES PROGRAMABLES: 5 TIPO DE AGARRE: palm, claw, fingertip ORIENTACI\u00d3N: Sim\u00e9trico CABLE: paracord CONEXI\u00d3N: inal\u00e1mbrica 2.4 GHz con dongle USB-C | Bluetooth | Cableada USB-C a USB-A MODELO SENSOR: Pixart 3395 SWITCHES: Huano Blue Shell Blue Dot RETROILUMINACI\u00d3N: no DPI M\u00cdNIMO: 50 DPI M\u00c1XIMO: 26000 FRECUENCIA DE RESPUESTA: 125 \/ 1000 Hz SISTEMA DE PESAS: no PESO: 50 g PESO TOTAL CON SISTEMA DE PESAS:&#8211; DIMENSIONES: 120,8 * 64,3 * 37,9 mm EXTRAS: bot\u00f3n de DPI en la parte inferior SOFTWARE: s\u00ed &nbsp;\" \/>\n<meta property=\"og:url\" content=\"https:\/\/unitgames.com.ar\/pc-gamer\/producto\/mouse-redragon-king-pro-4k-inalambrico-negro\/\" \/>\n<meta property=\"og:site_name\" content=\"UnitGames\" \/>\n<meta property=\"article:modified_time\" content=\"2026-01-17T13:47:01+00:00\" \/>\n<meta property=\"og:image\" content=\"https:\/\/unitgames.com.ar\/pc-gamer\/wp-content\/uploads\/2024\/10\/Mouse-REDRAGON-King-Pro-4K-Inalambrico-Negro.png\" \/>\n\t<meta property=\"og:image:width\" content=\"1283\" \/>\n\t<meta property=\"og:image:height\" content=\"1283\" \/>\n\t<meta property=\"og:image:type\" content=\"image\/png\" \/>\n<meta name=\"twitter:card\" content=\"summary_large_image\" \/>\n<meta name=\"twitter:label1\" content=\"Tiempo de lectura\" \/>\n\t<meta name=\"twitter:data1\" content=\"4 minutos\" \/>\n<script type=\"application\/ld+json\" class=\"yoast-schema-graph\">{\"@context\":\"https:\\\/\\\/schema.org\",\"@graph\":[{\"@type\":\"WebPage\",\"@id\":\"https:\\\/\\\/unitgames.com.ar\\\/pc-gamer\\\/producto\\\/mouse-redragon-king-pro-4k-inalambrico-negro\\\/\",\"url\":\"https:\\\/\\\/unitgames.com.ar\\\/pc-gamer\\\/producto\\\/mouse-redragon-king-pro-4k-inalambrico-negro\\\/\",\"name\":\"Mouse Inalambrico REDRAGON K1ng Pro 4K Negro - UnitGames\",\"isPartOf\":{\"@id\":\"https:\\\/\\\/unitgames.com.ar\\\/pc-gamer\\\/#website\"},\"primaryImageOfPage\":{\"@id\":\"https:\\\/\\\/unitgames.com.ar\\\/pc-gamer\\\/producto\\\/mouse-redragon-king-pro-4k-inalambrico-negro\\\/#primaryimage\"},\"image\":{\"@id\":\"https:\\\/\\\/unitgames.com.ar\\\/pc-gamer\\\/producto\\\/mouse-redragon-king-pro-4k-inalambrico-negro\\\/#primaryimage\"},\"thumbnailUrl\":\"https:\\\/\\\/unitgames.com.ar\\\/pc-gamer\\\/wp-content\\\/uploads\\\/2024\\\/10\\\/Mouse-REDRAGON-King-Pro-4K-Inalambrico-Negro.png\",\"datePublished\":\"2024-10-01T14:04:55+00:00\",\"dateModified\":\"2026-01-17T13:47:01+00:00\",\"breadcrumb\":{\"@id\":\"https:\\\/\\\/unitgames.com.ar\\\/pc-gamer\\\/producto\\\/mouse-redragon-king-pro-4k-inalambrico-negro\\\/#breadcrumb\"},\"inLanguage\":\"es\",\"potentialAction\":[{\"@type\":\"ReadAction\",\"target\":[\"https:\\\/\\\/unitgames.com.ar\\\/pc-gamer\\\/producto\\\/mouse-redragon-king-pro-4k-inalambrico-negro\\\/\"]}]},{\"@type\":\"ImageObject\",\"inLanguage\":\"es\",\"@id\":\"https:\\\/\\\/unitgames.com.ar\\\/pc-gamer\\\/producto\\\/mouse-redragon-king-pro-4k-inalambrico-negro\\\/#primaryimage\",\"url\":\"https:\\\/\\\/unitgames.com.ar\\\/pc-gamer\\\/wp-content\\\/uploads\\\/2024\\\/10\\\/Mouse-REDRAGON-King-Pro-4K-Inalambrico-Negro.png\",\"contentUrl\":\"https:\\\/\\\/unitgames.com.ar\\\/pc-gamer\\\/wp-content\\\/uploads\\\/2024\\\/10\\\/Mouse-REDRAGON-King-Pro-4K-Inalambrico-Negro.png\",\"width\":1283,\"height\":1283},{\"@type\":\"BreadcrumbList\",\"@id\":\"https:\\\/\\\/unitgames.com.ar\\\/pc-gamer\\\/producto\\\/mouse-redragon-king-pro-4k-inalambrico-negro\\\/#breadcrumb\",\"itemListElement\":[{\"@type\":\"ListItem\",\"position\":1,\"name\":\"Tienda\",\"item\":\"https:\\\/\\\/unitgames.com.ar\\\/pc-gamer\\\/tienda\\\/\"},{\"@type\":\"ListItem\",\"position\":2,\"name\":\"Mouse Inalambrico REDRAGON K1ng Pro 4K Negro\"}]},{\"@type\":\"WebSite\",\"@id\":\"https:\\\/\\\/unitgames.com.ar\\\/pc-gamer\\\/#website\",\"url\":\"https:\\\/\\\/unitgames.com.ar\\\/pc-gamer\\\/\",\"name\":\"UnitGames\",\"description\":\"Venta de PC Gamers, Consolas , Servicio Tecnico Especializado. Todos en Accesorios Informaticos y Gamers\",\"publisher\":{\"@id\":\"https:\\\/\\\/unitgames.com.ar\\\/pc-gamer\\\/#organization\"},\"potentialAction\":[{\"@type\":\"SearchAction\",\"target\":{\"@type\":\"EntryPoint\",\"urlTemplate\":\"https:\\\/\\\/unitgames.com.ar\\\/pc-gamer\\\/?s={search_term_string}\"},\"query-input\":{\"@type\":\"PropertyValueSpecification\",\"valueRequired\":true,\"valueName\":\"search_term_string\"}}],\"inLanguage\":\"es\"},{\"@type\":\"Organization\",\"@id\":\"https:\\\/\\\/unitgames.com.ar\\\/pc-gamer\\\/#organization\",\"name\":\"UnitGames\",\"url\":\"https:\\\/\\\/unitgames.com.ar\\\/pc-gamer\\\/\",\"logo\":{\"@type\":\"ImageObject\",\"inLanguage\":\"es\",\"@id\":\"https:\\\/\\\/unitgames.com.ar\\\/pc-gamer\\\/#\\\/schema\\\/logo\\\/image\\\/\",\"url\":\"https:\\\/\\\/unitgames.com.ar\\\/pc-gamer\\\/wp-content\\\/uploads\\\/2021\\\/01\\\/cropped-logoUnitGames2.png\",\"contentUrl\":\"https:\\\/\\\/unitgames.com.ar\\\/pc-gamer\\\/wp-content\\\/uploads\\\/2021\\\/01\\\/cropped-logoUnitGames2.png\",\"width\":152,\"height\":200,\"caption\":\"UnitGames\"},\"image\":{\"@id\":\"https:\\\/\\\/unitgames.com.ar\\\/pc-gamer\\\/#\\\/schema\\\/logo\\\/image\\\/\"}}]}<\/script>\n<!-- \/ Yoast SEO plugin. -->","yoast_head_json":{"title":"Mouse Inalambrico REDRAGON K1ng Pro 4K Negro - UnitGames","robots":{"index":"index","follow":"follow","max-snippet":"max-snippet:-1","max-image-preview":"max-image-preview:large","max-video-preview":"max-video-preview:-1"},"canonical":"https:\/\/unitgames.com.ar\/pc-gamer\/producto\/mouse-redragon-king-pro-4k-inalambrico-negro\/","og_locale":"es_ES","og_type":"article","og_title":"Mouse Inalambrico REDRAGON K1ng Pro 4K Negro - UnitGames","og_description":"100% enfocado en el rendimiento, el K1ng Pro es nuestro rat\u00f3n tope de gama para los jugadores m\u00e1s competitivos. \u00a0Ultra liviano, peque\u00f1o y ergon\u00f3mico. \u00a0Doble conexi\u00f3n inal\u00e1mbrica, m\u00e1s cable de paracord. \u00a0Sensor premium Pixart 3395. \u00a0Switches s\u00faper resistentes: 50 millones de clics. Descubre todo el poder del rey. LIVIANO Y \u00c1GIL Con un peso total de tan s\u00f3lo 50 gramos, un tama\u00f1o mediano-peque\u00f1o y los cl\u00e1sicos patines de tefl\u00f3n Redragon, el K1ng Pro se desliza con agilidad y precisi\u00f3n. Est\u00e1 preparado para competir al m\u00e1ximo nivel. TRIPLE CONEXI\u00d3N El K1ng Pro ofrece tres modalidades de conexi\u00f3n para distintas necesidades. \u00a0Bluetooth para el uso casual en m\u00faltiples dispositivos. \u00a0RF (con dongle USB) para el juego competitivo en modo inal\u00e1mbrico. \u00a0Cable de paracord USB-C (con convertidor USB-C\/A) para el juego competitivo en modo cableado. \u00a1Todo calculado! EL BRILLO, ADENTRO Un factor clave del poder del K1ng Pro es la alta calidad de sus componentes internos, tanto en lo que respecta al sensor como a los switches. En ambos casos, se trata de componentes tope de gama que permiten alcanzar el m\u00e1ximo rendimiento. \u00a0Sensor \u00f3ptico Pixart 3395. Lo mejor en sensores inal\u00e1mbricos. \u00a0Switches principales Huano Blue Shell Blue Dot, para 50 millones de clics. \u00a1La realeza! BATER\u00cdA DE ALTO RENDIMIENTO La bater\u00eda interna de 400 mAh del K1ng Pro le permite alcanzar una autonom\u00eda de hasta 7 d\u00edas con una sola carga en modo inal\u00e1mbrico RF. &nbsp; BOTONES PROGRAMABLES: 5 TIPO DE AGARRE: palm, claw, fingertip ORIENTACI\u00d3N: Sim\u00e9trico CABLE: paracord CONEXI\u00d3N: inal\u00e1mbrica 2.4 GHz con dongle USB-C | Bluetooth | Cableada USB-C a USB-A MODELO SENSOR: Pixart 3395 SWITCHES: Huano Blue Shell Blue Dot RETROILUMINACI\u00d3N: no DPI M\u00cdNIMO: 50 DPI M\u00c1XIMO: 26000 FRECUENCIA DE RESPUESTA: 125 \/ 1000 Hz SISTEMA DE PESAS: no PESO: 50 g PESO TOTAL CON SISTEMA DE PESAS:&#8211; DIMENSIONES: 120,8 * 64,3 * 37,9 mm EXTRAS: bot\u00f3n de DPI en la parte inferior SOFTWARE: s\u00ed &nbsp;","og_url":"https:\/\/unitgames.com.ar\/pc-gamer\/producto\/mouse-redragon-king-pro-4k-inalambrico-negro\/","og_site_name":"UnitGames","article_modified_time":"2026-01-17T13:47:01+00:00","og_image":[{"width":1283,"height":1283,"url":"https:\/\/unitgames.com.ar\/pc-gamer\/wp-content\/uploads\/2024\/10\/Mouse-REDRAGON-King-Pro-4K-Inalambrico-Negro.png","type":"image\/png"}],"twitter_card":"summary_large_image","twitter_misc":{"Tiempo de lectura":"4 minutos"},"schema":{"@context":"https:\/\/schema.org","@graph":[{"@type":"WebPage","@id":"https:\/\/unitgames.com.ar\/pc-gamer\/producto\/mouse-redragon-king-pro-4k-inalambrico-negro\/","url":"https:\/\/unitgames.com.ar\/pc-gamer\/producto\/mouse-redragon-king-pro-4k-inalambrico-negro\/","name":"Mouse Inalambrico REDRAGON K1ng Pro 4K Negro - UnitGames","isPartOf":{"@id":"https:\/\/unitgames.com.ar\/pc-gamer\/#website"},"primaryImageOfPage":{"@id":"https:\/\/unitgames.com.ar\/pc-gamer\/producto\/mouse-redragon-king-pro-4k-inalambrico-negro\/#primaryimage"},"image":{"@id":"https:\/\/unitgames.com.ar\/pc-gamer\/producto\/mouse-redragon-king-pro-4k-inalambrico-negro\/#primaryimage"},"thumbnailUrl":"https:\/\/unitgames.com.ar\/pc-gamer\/wp-content\/uploads\/2024\/10\/Mouse-REDRAGON-King-Pro-4K-Inalambrico-Negro.png","datePublished":"2024-10-01T14:04:55+00:00","dateModified":"2026-01-17T13:47:01+00:00","breadcrumb":{"@id":"https:\/\/unitgames.com.ar\/pc-gamer\/producto\/mouse-redragon-king-pro-4k-inalambrico-negro\/#breadcrumb"},"inLanguage":"es","potentialAction":[{"@type":"ReadAction","target":["https:\/\/unitgames.com.ar\/pc-gamer\/producto\/mouse-redragon-king-pro-4k-inalambrico-negro\/"]}]},{"@type":"ImageObject","inLanguage":"es","@id":"https:\/\/unitgames.com.ar\/pc-gamer\/producto\/mouse-redragon-king-pro-4k-inalambrico-negro\/#primaryimage","url":"https:\/\/unitgames.com.ar\/pc-gamer\/wp-content\/uploads\/2024\/10\/Mouse-REDRAGON-King-Pro-4K-Inalambrico-Negro.png","contentUrl":"https:\/\/unitgames.com.ar\/pc-gamer\/wp-content\/uploads\/2024\/10\/Mouse-REDRAGON-King-Pro-4K-Inalambrico-Negro.png","width":1283,"height":1283},{"@type":"BreadcrumbList","@id":"https:\/\/unitgames.com.ar\/pc-gamer\/producto\/mouse-redragon-king-pro-4k-inalambrico-negro\/#breadcrumb","itemListElement":[{"@type":"ListItem","position":1,"name":"Tienda","item":"https:\/\/unitgames.com.ar\/pc-gamer\/tienda\/"},{"@type":"ListItem","position":2,"name":"Mouse Inalambrico REDRAGON K1ng Pro 4K Negro"}]},{"@type":"WebSite","@id":"https:\/\/unitgames.com.ar\/pc-gamer\/#website","url":"https:\/\/unitgames.com.ar\/pc-gamer\/","name":"UnitGames","description":"Venta de PC Gamers, Consolas , Servicio Tecnico Especializado. Todos en Accesorios Informaticos y Gamers","publisher":{"@id":"https:\/\/unitgames.com.ar\/pc-gamer\/#organization"},"potentialAction":[{"@type":"SearchAction","target":{"@type":"EntryPoint","urlTemplate":"https:\/\/unitgames.com.ar\/pc-gamer\/?s={search_term_string}"},"query-input":{"@type":"PropertyValueSpecification","valueRequired":true,"valueName":"search_term_string"}}],"inLanguage":"es"},{"@type":"Organization","@id":"https:\/\/unitgames.com.ar\/pc-gamer\/#organization","name":"UnitGames","url":"https:\/\/unitgames.com.ar\/pc-gamer\/","logo":{"@type":"ImageObject","inLanguage":"es","@id":"https:\/\/unitgames.com.ar\/pc-gamer\/#\/schema\/logo\/image\/","url":"https:\/\/unitgames.com.ar\/pc-gamer\/wp-content\/uploads\/2021\/01\/cropped-logoUnitGames2.png","contentUrl":"https:\/\/unitgames.com.ar\/pc-gamer\/wp-content\/uploads\/2021\/01\/cropped-logoUnitGames2.png","width":152,"height":200,"caption":"UnitGames"},"image":{"@id":"https:\/\/unitgames.com.ar\/pc-gamer\/#\/schema\/logo\/image\/"}}]}},"_links":{"self":[{"href":"https:\/\/unitgames.com.ar\/pc-gamer\/wp-json\/wp\/v2\/product\/11276","targetHints":{"allow":["GET"]}}],"collection":[{"href":"https:\/\/unitgames.com.ar\/pc-gamer\/wp-json\/wp\/v2\/product"}],"about":[{"href":"https:\/\/unitgames.com.ar\/pc-gamer\/wp-json\/wp\/v2\/types\/product"}],"version-history":[{"count":0,"href":"https:\/\/unitgames.com.ar\/pc-gamer\/wp-json\/wp\/v2\/product\/11276\/revisions"}],"wp:featuredmedia":[{"embeddable":true,"href":"https:\/\/unitgames.com.ar\/pc-gamer\/wp-json\/wp\/v2\/media\/11394"}],"wp:attachment":[{"href":"https:\/\/unitgames.com.ar\/pc-gamer\/wp-json\/wp\/v2\/media?parent=11276"}],"wp:term":[{"taxonomy":"product_brand","embeddable":true,"href":"https:\/\/unitgames.com.ar\/pc-gamer\/wp-json\/wp\/v2\/product_brand?post=11276"},{"taxonomy":"product_cat","embeddable":true,"href":"https:\/\/unitgames.com.ar\/pc-gamer\/wp-json\/wp\/v2\/product_cat?post=11276"},{"taxonomy":"product_tag","embeddable":true,"href":"https:\/\/unitgames.com.ar\/pc-gamer\/wp-json\/wp\/v2\/product_tag?post=11276"}],"curies":[{"name":"wp","href":"https:\/\/api.w.org\/{rel}","templated":true}]}}