{"id":11279,"date":"2024-10-01T14:12:06","date_gmt":"2024-10-01T14:12:06","guid":{"rendered":"https:\/\/unitgames.com.ar\/pc-gamer\/?post_type=product&#038;p=11279"},"modified":"2026-01-09T07:18:20","modified_gmt":"2026-01-09T10:18:20","slug":"teclado-mecanico-redragon-ziggs-negro-switch-red","status":"publish","type":"product","link":"https:\/\/unitgames.com.ar\/pc-gamer\/producto\/teclado-mecanico-redragon-ziggs-negro-switch-red\/","title":{"rendered":"Teclado Mecanico REDRAGON Ziggs Negro Switch Red"},"content":{"rendered":"<div><\/div>\n<div>\u00bfQuieres adentrarte al mundo de los teclados compactos y no sabes con qu\u00e9 hacerlo? No busques m\u00e1s, crack. El Ziggs es un teclado compacto con pad num\u00e9rico, switches Redragon intercambiables, retroiluminaci\u00f3n RGB y mucho m\u00e1s\u2026 Una vez que entres a este mundo, no querr\u00e1s salir.<\/div>\n<h4>ESPECIFICACIONES T\u00c9CNICAS<\/h4>\n<ul>\n<li class=\"spec\"><span class=\"title\">TIPO: <\/span><span class=\"value\">mec\u00e1nico<\/span><\/li>\n<li class=\"spec\"><span class=\"title\">SWITCHES: <\/span><span class=\"value\">Redragon Red, lineal sin clic audible, 45 g de fuerza de actuaci\u00f3n<\/span><\/li>\n<li class=\"spec\"><span class=\"title\">TECLAS MULTIMEDIA: <\/span><span class=\"value\">s\u00ed, a trav\u00e9s de tecla FN.<\/span><\/li>\n<li class=\"spec\"><span class=\"title\">TECLAS MACRO DEDICADAS: <\/span><span class=\"value\">no<\/span><\/li>\n<li class=\"spec\"><span class=\"title\">BLOQUEO TECLA WINDOWS: <\/span><span class=\"value\">s\u00ed<\/span><\/li>\n<li class=\"spec\"><span class=\"title\">TAMA\u00d1O: <\/span><span class=\"value\">compacto 94 teclas.<\/span><\/li>\n<li class=\"spec\"><span class=\"title\">REPOSAMU\u00d1ECAS: <\/span><span class=\"value\">no<\/span><\/li>\n<li class=\"spec\"><span class=\"title\">RETROILUMINADO: <\/span><span class=\"value\">S\u00ed, RGB Chroma.<\/span><\/li>\n<li class=\"spec\"><span class=\"title\">CONEXI\u00d3N: <\/span><span class=\"value\">Goma, reforzado. Soporta 12 kg y 10000 flexiones. USB enchapado en oro y filtro anti interferencias.<\/span><\/li>\n<li class=\"spec\"><span class=\"title\">CONSTRUCCI\u00d3N: <\/span><span class=\"value\">Pl\u00e1stico ABS reforzado.<\/span><\/li>\n<li class=\"spec\"><span class=\"title\">ANTI SALPICADURAS: <\/span><span class=\"value\">S\u00ed<\/span><\/li>\n<li class=\"spec\"><span class=\"title\">DISTRIBUCI\u00d3N: <\/span><span class=\"value\">Espa\u00f1ol Latinoam\u00e9rica.<\/span><\/li>\n<li class=\"spec\"><span class=\"title\">PESO: <\/span><span class=\"value\">792 g.<\/span><\/li>\n<li class=\"spec\"><span class=\"title\">DIMENSIONES: <\/span><span class=\"value\">34,8 x 12,3 x 3,5 cm.<\/span><\/li>\n<li class=\"spec\"><span class=\"title\">SOFTWARE: <\/span><span class=\"value\">S\u00ed.<\/span><\/li>\n<\/ul>\n","protected":false},"excerpt":{"rendered":"<p>\u00bfQuieres adentrarte al mundo de los teclados compactos y no sabes con qu\u00e9 hacerlo? No busques m\u00e1s, crack. El Ziggs es un teclado compacto con pad num\u00e9rico, switches Redragon intercambiables, retroiluminaci\u00f3n RGB y mucho m\u00e1s\u2026 Una vez que entres a este mundo, no querr\u00e1s salir. ESPECIFICACIONES T\u00c9CNICAS TIPO: mec\u00e1nico SWITCHES: Redragon Red, lineal sin clic audible, 45 g de fuerza de actuaci\u00f3n TECLAS MULTIMEDIA: s\u00ed, a trav\u00e9s de tecla FN. TECLAS MACRO DEDICADAS: no BLOQUEO TECLA WINDOWS: s\u00ed TAMA\u00d1O: compacto 94 teclas. REPOSAMU\u00d1ECAS: no RETROILUMINADO: S\u00ed, RGB Chroma. CONEXI\u00d3N: Goma, reforzado. Soporta 12 kg y 10000 flexiones. USB enchapado en oro y filtro anti interferencias. CONSTRUCCI\u00d3N: Pl\u00e1stico ABS reforzado. ANTI SALPICADURAS: S\u00ed DISTRIBUCI\u00d3N: Espa\u00f1ol Latinoam\u00e9rica. PESO: 792 g. DIMENSIONES: 34,8 x 12,3 x 3,5 cm. SOFTWARE: S\u00ed.<\/p>\n","protected":false},"featured_media":11382,"template":"","meta":{"site-sidebar-layout":"default","site-content-layout":"","ast-site-content-layout":"default","site-content-style":"default","site-sidebar-style":"default","ast-global-header-display":"","ast-banner-title-visibility":"","ast-main-header-display":"","ast-hfb-above-header-display":"","ast-hfb-below-header-display":"","ast-hfb-mobile-header-display":"","site-post-title":"","ast-breadcrumbs-content":"","ast-featured-img":"","footer-sml-layout":"","theme-transparent-header-meta":"","adv-header-id-meta":"","stick-header-meta":"","header-above-stick-meta":"","header-main-stick-meta":"","header-below-stick-meta":"","astra-migrate-meta-layouts":"default","ast-page-background-enabled":"default","ast-page-background-meta":{"desktop":{"background-color":"var(--ast-global-color-5)","background-image":"","background-repeat":"repeat","background-position":"center center","background-size":"auto","background-attachment":"scroll","background-type":"","background-media":"","overlay-type":"","overlay-color":"","overlay-opacity":"","overlay-gradient":""},"tablet":{"background-color":"","background-image":"","background-repeat":"repeat","background-position":"center center","background-size":"auto","background-attachment":"scroll","background-type":"","background-media":"","overlay-type":"","overlay-color":"","overlay-opacity":"","overlay-gradient":""},"mobile":{"background-color":"","background-image":"","background-repeat":"repeat","background-position":"center center","background-size":"auto","background-attachment":"scroll","background-type":"","background-media":"","overlay-type":"","overlay-color":"","overlay-opacity":"","overlay-gradient":""}},"ast-content-background-meta":{"desktop":{"background-color":"var(--ast-global-color-4)","background-image":"","background-repeat":"repeat","background-position":"center center","background-size":"auto","background-attachment":"scroll","background-type":"","background-media":"","overlay-type":"","overlay-color":"","overlay-opacity":"","overlay-gradient":""},"tablet":{"background-color":"var(--ast-global-color-4)","background-image":"","background-repeat":"repeat","background-position":"center center","background-size":"auto","background-attachment":"scroll","background-type":"","background-media":"","overlay-type":"","overlay-color":"","overlay-opacity":"","overlay-gradient":""},"mobile":{"background-color":"var(--ast-global-color-4)","background-image":"","background-repeat":"repeat","background-position":"center center","background-size":"auto","background-attachment":"scroll","background-type":"","background-media":"","overlay-type":"","overlay-color":"","overlay-opacity":"","overlay-gradient":""}},"_joinchat":[]},"product_brand":[],"product_cat":[92],"product_tag":[],"class_list":{"0":"post-11279","1":"product","2":"type-product","3":"status-publish","4":"has-post-thumbnail","6":"product_cat-teclados-mecanicos","7":"desktop-align-center","8":"tablet-align-left","9":"mobile-align-left","11":"first","12":"outofstock","13":"shipping-taxable","14":"purchasable","15":"product-type-simple"},"yoast_head":"<!-- This site is optimized with the Yoast SEO plugin v27.5 - https:\/\/yoast.com\/product\/yoast-seo-wordpress\/ -->\n<title>Teclado Mecanico REDRAGON Ziggs Negro Switch Red - UnitGames<\/title>\n<meta name=\"robots\" content=\"index, follow, max-snippet:-1, max-image-preview:large, max-video-preview:-1\" \/>\n<link rel=\"canonical\" href=\"https:\/\/unitgames.com.ar\/pc-gamer\/producto\/teclado-mecanico-redragon-ziggs-negro-switch-red\/\" \/>\n<meta property=\"og:locale\" content=\"es_ES\" \/>\n<meta property=\"og:type\" content=\"article\" \/>\n<meta property=\"og:title\" content=\"Teclado Mecanico REDRAGON Ziggs Negro Switch Red - UnitGames\" \/>\n<meta property=\"og:description\" content=\"\u00bfQuieres adentrarte al mundo de los teclados compactos y no sabes con qu\u00e9 hacerlo? No busques m\u00e1s, crack. El Ziggs es un teclado compacto con pad num\u00e9rico, switches Redragon intercambiables, retroiluminaci\u00f3n RGB y mucho m\u00e1s\u2026 Una vez que entres a este mundo, no querr\u00e1s salir. ESPECIFICACIONES T\u00c9CNICAS TIPO: mec\u00e1nico SWITCHES: Redragon Red, lineal sin clic audible, 45 g de fuerza de actuaci\u00f3n TECLAS MULTIMEDIA: s\u00ed, a trav\u00e9s de tecla FN. TECLAS MACRO DEDICADAS: no BLOQUEO TECLA WINDOWS: s\u00ed TAMA\u00d1O: compacto 94 teclas. REPOSAMU\u00d1ECAS: no RETROILUMINADO: S\u00ed, RGB Chroma. CONEXI\u00d3N: Goma, reforzado. Soporta 12 kg y 10000 flexiones. USB enchapado en oro y filtro anti interferencias. CONSTRUCCI\u00d3N: Pl\u00e1stico ABS reforzado. ANTI SALPICADURAS: S\u00ed DISTRIBUCI\u00d3N: Espa\u00f1ol Latinoam\u00e9rica. PESO: 792 g. DIMENSIONES: 34,8 x 12,3 x 3,5 cm. SOFTWARE: S\u00ed.\" \/>\n<meta property=\"og:url\" content=\"https:\/\/unitgames.com.ar\/pc-gamer\/producto\/teclado-mecanico-redragon-ziggs-negro-switch-red\/\" \/>\n<meta property=\"og:site_name\" content=\"UnitGames\" \/>\n<meta property=\"article:modified_time\" content=\"2026-01-09T10:18:20+00:00\" \/>\n<meta property=\"og:image\" content=\"https:\/\/unitgames.com.ar\/pc-gamer\/wp-content\/uploads\/2024\/10\/Teclado-Mecanico-REDRAGON-Ziggs-Negro-Switch-Red.png\" \/>\n\t<meta property=\"og:image:width\" content=\"1283\" \/>\n\t<meta property=\"og:image:height\" content=\"1284\" \/>\n\t<meta property=\"og:image:type\" content=\"image\/png\" \/>\n<meta name=\"twitter:card\" content=\"summary_large_image\" \/>\n<meta name=\"twitter:label1\" content=\"Tiempo de lectura\" \/>\n\t<meta name=\"twitter:data1\" content=\"1 minuto\" \/>\n<script type=\"application\/ld+json\" class=\"yoast-schema-graph\">{\"@context\":\"https:\\\/\\\/schema.org\",\"@graph\":[{\"@type\":\"WebPage\",\"@id\":\"https:\\\/\\\/unitgames.com.ar\\\/pc-gamer\\\/producto\\\/teclado-mecanico-redragon-ziggs-negro-switch-red\\\/\",\"url\":\"https:\\\/\\\/unitgames.com.ar\\\/pc-gamer\\\/producto\\\/teclado-mecanico-redragon-ziggs-negro-switch-red\\\/\",\"name\":\"Teclado Mecanico REDRAGON Ziggs Negro Switch Red - UnitGames\",\"isPartOf\":{\"@id\":\"https:\\\/\\\/unitgames.com.ar\\\/pc-gamer\\\/#website\"},\"primaryImageOfPage\":{\"@id\":\"https:\\\/\\\/unitgames.com.ar\\\/pc-gamer\\\/producto\\\/teclado-mecanico-redragon-ziggs-negro-switch-red\\\/#primaryimage\"},\"image\":{\"@id\":\"https:\\\/\\\/unitgames.com.ar\\\/pc-gamer\\\/producto\\\/teclado-mecanico-redragon-ziggs-negro-switch-red\\\/#primaryimage\"},\"thumbnailUrl\":\"https:\\\/\\\/unitgames.com.ar\\\/pc-gamer\\\/wp-content\\\/uploads\\\/2024\\\/10\\\/Teclado-Mecanico-REDRAGON-Ziggs-Negro-Switch-Red.png\",\"datePublished\":\"2024-10-01T14:12:06+00:00\",\"dateModified\":\"2026-01-09T10:18:20+00:00\",\"breadcrumb\":{\"@id\":\"https:\\\/\\\/unitgames.com.ar\\\/pc-gamer\\\/producto\\\/teclado-mecanico-redragon-ziggs-negro-switch-red\\\/#breadcrumb\"},\"inLanguage\":\"es\",\"potentialAction\":[{\"@type\":\"ReadAction\",\"target\":[\"https:\\\/\\\/unitgames.com.ar\\\/pc-gamer\\\/producto\\\/teclado-mecanico-redragon-ziggs-negro-switch-red\\\/\"]}]},{\"@type\":\"ImageObject\",\"inLanguage\":\"es\",\"@id\":\"https:\\\/\\\/unitgames.com.ar\\\/pc-gamer\\\/producto\\\/teclado-mecanico-redragon-ziggs-negro-switch-red\\\/#primaryimage\",\"url\":\"https:\\\/\\\/unitgames.com.ar\\\/pc-gamer\\\/wp-content\\\/uploads\\\/2024\\\/10\\\/Teclado-Mecanico-REDRAGON-Ziggs-Negro-Switch-Red.png\",\"contentUrl\":\"https:\\\/\\\/unitgames.com.ar\\\/pc-gamer\\\/wp-content\\\/uploads\\\/2024\\\/10\\\/Teclado-Mecanico-REDRAGON-Ziggs-Negro-Switch-Red.png\",\"width\":1283,\"height\":1284},{\"@type\":\"BreadcrumbList\",\"@id\":\"https:\\\/\\\/unitgames.com.ar\\\/pc-gamer\\\/producto\\\/teclado-mecanico-redragon-ziggs-negro-switch-red\\\/#breadcrumb\",\"itemListElement\":[{\"@type\":\"ListItem\",\"position\":1,\"name\":\"Tienda\",\"item\":\"https:\\\/\\\/unitgames.com.ar\\\/pc-gamer\\\/tienda\\\/\"},{\"@type\":\"ListItem\",\"position\":2,\"name\":\"Teclado Mecanico REDRAGON Ziggs Negro Switch Red\"}]},{\"@type\":\"WebSite\",\"@id\":\"https:\\\/\\\/unitgames.com.ar\\\/pc-gamer\\\/#website\",\"url\":\"https:\\\/\\\/unitgames.com.ar\\\/pc-gamer\\\/\",\"name\":\"UnitGames\",\"description\":\"Venta de PC Gamers, Consolas , Servicio Tecnico Especializado. Todos en Accesorios Informaticos y Gamers\",\"publisher\":{\"@id\":\"https:\\\/\\\/unitgames.com.ar\\\/pc-gamer\\\/#organization\"},\"potentialAction\":[{\"@type\":\"SearchAction\",\"target\":{\"@type\":\"EntryPoint\",\"urlTemplate\":\"https:\\\/\\\/unitgames.com.ar\\\/pc-gamer\\\/?s={search_term_string}\"},\"query-input\":{\"@type\":\"PropertyValueSpecification\",\"valueRequired\":true,\"valueName\":\"search_term_string\"}}],\"inLanguage\":\"es\"},{\"@type\":\"Organization\",\"@id\":\"https:\\\/\\\/unitgames.com.ar\\\/pc-gamer\\\/#organization\",\"name\":\"UnitGames\",\"url\":\"https:\\\/\\\/unitgames.com.ar\\\/pc-gamer\\\/\",\"logo\":{\"@type\":\"ImageObject\",\"inLanguage\":\"es\",\"@id\":\"https:\\\/\\\/unitgames.com.ar\\\/pc-gamer\\\/#\\\/schema\\\/logo\\\/image\\\/\",\"url\":\"https:\\\/\\\/unitgames.com.ar\\\/pc-gamer\\\/wp-content\\\/uploads\\\/2021\\\/01\\\/cropped-logoUnitGames2.png\",\"contentUrl\":\"https:\\\/\\\/unitgames.com.ar\\\/pc-gamer\\\/wp-content\\\/uploads\\\/2021\\\/01\\\/cropped-logoUnitGames2.png\",\"width\":152,\"height\":200,\"caption\":\"UnitGames\"},\"image\":{\"@id\":\"https:\\\/\\\/unitgames.com.ar\\\/pc-gamer\\\/#\\\/schema\\\/logo\\\/image\\\/\"}}]}<\/script>\n<!-- \/ Yoast SEO plugin. -->","yoast_head_json":{"title":"Teclado Mecanico REDRAGON Ziggs Negro Switch Red - UnitGames","robots":{"index":"index","follow":"follow","max-snippet":"max-snippet:-1","max-image-preview":"max-image-preview:large","max-video-preview":"max-video-preview:-1"},"canonical":"https:\/\/unitgames.com.ar\/pc-gamer\/producto\/teclado-mecanico-redragon-ziggs-negro-switch-red\/","og_locale":"es_ES","og_type":"article","og_title":"Teclado Mecanico REDRAGON Ziggs Negro Switch Red - UnitGames","og_description":"\u00bfQuieres adentrarte al mundo de los teclados compactos y no sabes con qu\u00e9 hacerlo? No busques m\u00e1s, crack. El Ziggs es un teclado compacto con pad num\u00e9rico, switches Redragon intercambiables, retroiluminaci\u00f3n RGB y mucho m\u00e1s\u2026 Una vez que entres a este mundo, no querr\u00e1s salir. ESPECIFICACIONES T\u00c9CNICAS TIPO: mec\u00e1nico SWITCHES: Redragon Red, lineal sin clic audible, 45 g de fuerza de actuaci\u00f3n TECLAS MULTIMEDIA: s\u00ed, a trav\u00e9s de tecla FN. TECLAS MACRO DEDICADAS: no BLOQUEO TECLA WINDOWS: s\u00ed TAMA\u00d1O: compacto 94 teclas. REPOSAMU\u00d1ECAS: no RETROILUMINADO: S\u00ed, RGB Chroma. CONEXI\u00d3N: Goma, reforzado. Soporta 12 kg y 10000 flexiones. USB enchapado en oro y filtro anti interferencias. CONSTRUCCI\u00d3N: Pl\u00e1stico ABS reforzado. ANTI SALPICADURAS: S\u00ed DISTRIBUCI\u00d3N: Espa\u00f1ol Latinoam\u00e9rica. PESO: 792 g. DIMENSIONES: 34,8 x 12,3 x 3,5 cm. SOFTWARE: S\u00ed.","og_url":"https:\/\/unitgames.com.ar\/pc-gamer\/producto\/teclado-mecanico-redragon-ziggs-negro-switch-red\/","og_site_name":"UnitGames","article_modified_time":"2026-01-09T10:18:20+00:00","og_image":[{"width":1283,"height":1284,"url":"https:\/\/unitgames.com.ar\/pc-gamer\/wp-content\/uploads\/2024\/10\/Teclado-Mecanico-REDRAGON-Ziggs-Negro-Switch-Red.png","type":"image\/png"}],"twitter_card":"summary_large_image","twitter_misc":{"Tiempo de lectura":"1 minuto"},"schema":{"@context":"https:\/\/schema.org","@graph":[{"@type":"WebPage","@id":"https:\/\/unitgames.com.ar\/pc-gamer\/producto\/teclado-mecanico-redragon-ziggs-negro-switch-red\/","url":"https:\/\/unitgames.com.ar\/pc-gamer\/producto\/teclado-mecanico-redragon-ziggs-negro-switch-red\/","name":"Teclado Mecanico REDRAGON Ziggs Negro Switch Red - UnitGames","isPartOf":{"@id":"https:\/\/unitgames.com.ar\/pc-gamer\/#website"},"primaryImageOfPage":{"@id":"https:\/\/unitgames.com.ar\/pc-gamer\/producto\/teclado-mecanico-redragon-ziggs-negro-switch-red\/#primaryimage"},"image":{"@id":"https:\/\/unitgames.com.ar\/pc-gamer\/producto\/teclado-mecanico-redragon-ziggs-negro-switch-red\/#primaryimage"},"thumbnailUrl":"https:\/\/unitgames.com.ar\/pc-gamer\/wp-content\/uploads\/2024\/10\/Teclado-Mecanico-REDRAGON-Ziggs-Negro-Switch-Red.png","datePublished":"2024-10-01T14:12:06+00:00","dateModified":"2026-01-09T10:18:20+00:00","breadcrumb":{"@id":"https:\/\/unitgames.com.ar\/pc-gamer\/producto\/teclado-mecanico-redragon-ziggs-negro-switch-red\/#breadcrumb"},"inLanguage":"es","potentialAction":[{"@type":"ReadAction","target":["https:\/\/unitgames.com.ar\/pc-gamer\/producto\/teclado-mecanico-redragon-ziggs-negro-switch-red\/"]}]},{"@type":"ImageObject","inLanguage":"es","@id":"https:\/\/unitgames.com.ar\/pc-gamer\/producto\/teclado-mecanico-redragon-ziggs-negro-switch-red\/#primaryimage","url":"https:\/\/unitgames.com.ar\/pc-gamer\/wp-content\/uploads\/2024\/10\/Teclado-Mecanico-REDRAGON-Ziggs-Negro-Switch-Red.png","contentUrl":"https:\/\/unitgames.com.ar\/pc-gamer\/wp-content\/uploads\/2024\/10\/Teclado-Mecanico-REDRAGON-Ziggs-Negro-Switch-Red.png","width":1283,"height":1284},{"@type":"BreadcrumbList","@id":"https:\/\/unitgames.com.ar\/pc-gamer\/producto\/teclado-mecanico-redragon-ziggs-negro-switch-red\/#breadcrumb","itemListElement":[{"@type":"ListItem","position":1,"name":"Tienda","item":"https:\/\/unitgames.com.ar\/pc-gamer\/tienda\/"},{"@type":"ListItem","position":2,"name":"Teclado Mecanico REDRAGON Ziggs Negro Switch Red"}]},{"@type":"WebSite","@id":"https:\/\/unitgames.com.ar\/pc-gamer\/#website","url":"https:\/\/unitgames.com.ar\/pc-gamer\/","name":"UnitGames","description":"Venta de PC Gamers, Consolas , Servicio Tecnico Especializado. Todos en Accesorios Informaticos y Gamers","publisher":{"@id":"https:\/\/unitgames.com.ar\/pc-gamer\/#organization"},"potentialAction":[{"@type":"SearchAction","target":{"@type":"EntryPoint","urlTemplate":"https:\/\/unitgames.com.ar\/pc-gamer\/?s={search_term_string}"},"query-input":{"@type":"PropertyValueSpecification","valueRequired":true,"valueName":"search_term_string"}}],"inLanguage":"es"},{"@type":"Organization","@id":"https:\/\/unitgames.com.ar\/pc-gamer\/#organization","name":"UnitGames","url":"https:\/\/unitgames.com.ar\/pc-gamer\/","logo":{"@type":"ImageObject","inLanguage":"es","@id":"https:\/\/unitgames.com.ar\/pc-gamer\/#\/schema\/logo\/image\/","url":"https:\/\/unitgames.com.ar\/pc-gamer\/wp-content\/uploads\/2021\/01\/cropped-logoUnitGames2.png","contentUrl":"https:\/\/unitgames.com.ar\/pc-gamer\/wp-content\/uploads\/2021\/01\/cropped-logoUnitGames2.png","width":152,"height":200,"caption":"UnitGames"},"image":{"@id":"https:\/\/unitgames.com.ar\/pc-gamer\/#\/schema\/logo\/image\/"}}]}},"_links":{"self":[{"href":"https:\/\/unitgames.com.ar\/pc-gamer\/wp-json\/wp\/v2\/product\/11279","targetHints":{"allow":["GET"]}}],"collection":[{"href":"https:\/\/unitgames.com.ar\/pc-gamer\/wp-json\/wp\/v2\/product"}],"about":[{"href":"https:\/\/unitgames.com.ar\/pc-gamer\/wp-json\/wp\/v2\/types\/product"}],"version-history":[{"count":0,"href":"https:\/\/unitgames.com.ar\/pc-gamer\/wp-json\/wp\/v2\/product\/11279\/revisions"}],"wp:featuredmedia":[{"embeddable":true,"href":"https:\/\/unitgames.com.ar\/pc-gamer\/wp-json\/wp\/v2\/media\/11382"}],"wp:attachment":[{"href":"https:\/\/unitgames.com.ar\/pc-gamer\/wp-json\/wp\/v2\/media?parent=11279"}],"wp:term":[{"taxonomy":"product_brand","embeddable":true,"href":"https:\/\/unitgames.com.ar\/pc-gamer\/wp-json\/wp\/v2\/product_brand?post=11279"},{"taxonomy":"product_cat","embeddable":true,"href":"https:\/\/unitgames.com.ar\/pc-gamer\/wp-json\/wp\/v2\/product_cat?post=11279"},{"taxonomy":"product_tag","embeddable":true,"href":"https:\/\/unitgames.com.ar\/pc-gamer\/wp-json\/wp\/v2\/product_tag?post=11279"}],"curies":[{"name":"wp","href":"https:\/\/api.w.org\/{rel}","templated":true}]}}