{"id":11293,"date":"2024-10-01T14:44:01","date_gmt":"2024-10-01T14:44:01","guid":{"rendered":"https:\/\/unitgames.com.ar\/pc-gamer\/?post_type=product&#038;p=11293"},"modified":"2026-01-09T07:18:17","modified_gmt":"2026-01-09T10:18:17","slug":"parlante-portatil-bluetooth-tg-619","status":"publish","type":"product","link":"https:\/\/unitgames.com.ar\/pc-gamer\/producto\/parlante-portatil-bluetooth-tg-619\/","title":{"rendered":"Parlante Portatil Bluetooth TG-619"},"content":{"rendered":"<p>Resistente a salpicaduras T&amp;G TG619 (no sumergible)<\/p>\n<p>Bluetooth: V5.0<br \/>\nRango de transmisi\u00f3n inal\u00e1mbrica: 10M<br \/>\nCapacidad de la bater\u00eda: 1200mAh<br \/>\nVoltaje integrado: 3,7 V<br \/>\nTiempo de reproducci\u00f3n: alrededor de 2H<br \/>\nEspecificaciones del altavoz: 45MM x 2<br \/>\nPotencia del altavoz: 5W x 2<br \/>\nEntrada de carga: 5V\/500mA<br \/>\nTama\u00f1o de la m\u00e1quina \u00fanica: 67*68*172MM<br \/>\nPeso de una sola m\u00e1quina: aproximadamente 363G<br \/>\nColor: Negro, Rojo, Azul, Gris, verde, azul pavo real, 6 colores<br \/>\nFunci\u00f3n: port\u00e1til, funci\u00f3n Bluetooth, compatible con radio FM, USB, tarjeta TF, reproducci\u00f3n auxiliar, funci\u00f3n de llamada, TWS<\/p>\n","protected":false},"excerpt":{"rendered":"<p>Resistente a salpicaduras T&amp;G TG619 (no sumergible) Bluetooth: V5.0 Rango de transmisi\u00f3n inal\u00e1mbrica: 10M Capacidad de la bater\u00eda: 1200mAh Voltaje integrado: 3,7 V Tiempo de reproducci\u00f3n: alrededor de 2H Especificaciones del altavoz: 45MM x 2 Potencia del altavoz: 5W x 2 Entrada de carga: 5V\/500mA Tama\u00f1o de la m\u00e1quina \u00fanica: 67*68*172MM Peso de una sola m\u00e1quina: aproximadamente 363G Color: Negro, Rojo, Azul, Gris, verde, azul pavo real, 6 colores Funci\u00f3n: port\u00e1til, funci\u00f3n Bluetooth, compatible con radio FM, USB, tarjeta TF, reproducci\u00f3n auxiliar, funci\u00f3n de llamada, TWS<\/p>\n","protected":false},"featured_media":11296,"template":"","meta":{"site-sidebar-layout":"default","site-content-layout":"","ast-site-content-layout":"default","site-content-style":"default","site-sidebar-style":"default","ast-global-header-display":"","ast-banner-title-visibility":"","ast-main-header-display":"","ast-hfb-above-header-display":"","ast-hfb-below-header-display":"","ast-hfb-mobile-header-display":"","site-post-title":"","ast-breadcrumbs-content":"","ast-featured-img":"","footer-sml-layout":"","theme-transparent-header-meta":"","adv-header-id-meta":"","stick-header-meta":"","header-above-stick-meta":"","header-main-stick-meta":"","header-below-stick-meta":"","astra-migrate-meta-layouts":"default","ast-page-background-enabled":"default","ast-page-background-meta":{"desktop":{"background-color":"var(--ast-global-color-5)","background-image":"","background-repeat":"repeat","background-position":"center center","background-size":"auto","background-attachment":"scroll","background-type":"","background-media":"","overlay-type":"","overlay-color":"","overlay-opacity":"","overlay-gradient":""},"tablet":{"background-color":"","background-image":"","background-repeat":"repeat","background-position":"center center","background-size":"auto","background-attachment":"scroll","background-type":"","background-media":"","overlay-type":"","overlay-color":"","overlay-opacity":"","overlay-gradient":""},"mobile":{"background-color":"","background-image":"","background-repeat":"repeat","background-position":"center center","background-size":"auto","background-attachment":"scroll","background-type":"","background-media":"","overlay-type":"","overlay-color":"","overlay-opacity":"","overlay-gradient":""}},"ast-content-background-meta":{"desktop":{"background-color":"var(--ast-global-color-4)","background-image":"","background-repeat":"repeat","background-position":"center center","background-size":"auto","background-attachment":"scroll","background-type":"","background-media":"","overlay-type":"","overlay-color":"","overlay-opacity":"","overlay-gradient":""},"tablet":{"background-color":"var(--ast-global-color-4)","background-image":"","background-repeat":"repeat","background-position":"center center","background-size":"auto","background-attachment":"scroll","background-type":"","background-media":"","overlay-type":"","overlay-color":"","overlay-opacity":"","overlay-gradient":""},"mobile":{"background-color":"var(--ast-global-color-4)","background-image":"","background-repeat":"repeat","background-position":"center center","background-size":"auto","background-attachment":"scroll","background-type":"","background-media":"","overlay-type":"","overlay-color":"","overlay-opacity":"","overlay-gradient":""}},"_joinchat":[]},"product_brand":[],"product_cat":[85],"product_tag":[],"class_list":{"0":"post-11293","1":"product","2":"type-product","3":"status-publish","4":"has-post-thumbnail","6":"product_cat-parlantes","7":"desktop-align-center","8":"tablet-align-left","9":"mobile-align-left","11":"first","12":"instock","13":"shipping-taxable","14":"purchasable","15":"product-type-simple"},"yoast_head":"<!-- This site is optimized with the Yoast SEO plugin v27.3 - https:\/\/yoast.com\/product\/yoast-seo-wordpress\/ -->\n<title>Parlante Portatil Bluetooth TG-619 - UnitGames<\/title>\n<meta name=\"robots\" content=\"index, follow, max-snippet:-1, max-image-preview:large, max-video-preview:-1\" \/>\n<link rel=\"canonical\" href=\"https:\/\/unitgames.com.ar\/pc-gamer\/producto\/parlante-portatil-bluetooth-tg-619\/\" \/>\n<meta property=\"og:locale\" content=\"es_ES\" \/>\n<meta property=\"og:type\" content=\"article\" \/>\n<meta property=\"og:title\" content=\"Parlante Portatil Bluetooth TG-619 - UnitGames\" \/>\n<meta property=\"og:description\" content=\"Resistente a salpicaduras T&amp;G TG619 (no sumergible) Bluetooth: V5.0 Rango de transmisi\u00f3n inal\u00e1mbrica: 10M Capacidad de la bater\u00eda: 1200mAh Voltaje integrado: 3,7 V Tiempo de reproducci\u00f3n: alrededor de 2H Especificaciones del altavoz: 45MM x 2 Potencia del altavoz: 5W x 2 Entrada de carga: 5V\/500mA Tama\u00f1o de la m\u00e1quina \u00fanica: 67*68*172MM Peso de una sola m\u00e1quina: aproximadamente 363G Color: Negro, Rojo, Azul, Gris, verde, azul pavo real, 6 colores Funci\u00f3n: port\u00e1til, funci\u00f3n Bluetooth, compatible con radio FM, USB, tarjeta TF, reproducci\u00f3n auxiliar, funci\u00f3n de llamada, TWS\" \/>\n<meta property=\"og:url\" content=\"https:\/\/unitgames.com.ar\/pc-gamer\/producto\/parlante-portatil-bluetooth-tg-619\/\" \/>\n<meta property=\"og:site_name\" content=\"UnitGames\" \/>\n<meta property=\"article:modified_time\" content=\"2026-01-09T10:18:17+00:00\" \/>\n<meta property=\"og:image\" content=\"https:\/\/unitgames.com.ar\/pc-gamer\/wp-content\/uploads\/2024\/10\/Parlante-Portatil-Bluetooth-TG-619.png\" \/>\n\t<meta property=\"og:image:width\" content=\"1283\" \/>\n\t<meta property=\"og:image:height\" content=\"1283\" \/>\n\t<meta property=\"og:image:type\" content=\"image\/png\" \/>\n<meta name=\"twitter:card\" content=\"summary_large_image\" \/>\n<meta name=\"twitter:label1\" content=\"Tiempo de lectura\" \/>\n\t<meta name=\"twitter:data1\" content=\"1 minuto\" \/>\n<script type=\"application\/ld+json\" class=\"yoast-schema-graph\">{\"@context\":\"https:\\\/\\\/schema.org\",\"@graph\":[{\"@type\":\"WebPage\",\"@id\":\"https:\\\/\\\/unitgames.com.ar\\\/pc-gamer\\\/producto\\\/parlante-portatil-bluetooth-tg-619\\\/\",\"url\":\"https:\\\/\\\/unitgames.com.ar\\\/pc-gamer\\\/producto\\\/parlante-portatil-bluetooth-tg-619\\\/\",\"name\":\"Parlante Portatil Bluetooth TG-619 - UnitGames\",\"isPartOf\":{\"@id\":\"https:\\\/\\\/unitgames.com.ar\\\/pc-gamer\\\/#website\"},\"primaryImageOfPage\":{\"@id\":\"https:\\\/\\\/unitgames.com.ar\\\/pc-gamer\\\/producto\\\/parlante-portatil-bluetooth-tg-619\\\/#primaryimage\"},\"image\":{\"@id\":\"https:\\\/\\\/unitgames.com.ar\\\/pc-gamer\\\/producto\\\/parlante-portatil-bluetooth-tg-619\\\/#primaryimage\"},\"thumbnailUrl\":\"https:\\\/\\\/unitgames.com.ar\\\/pc-gamer\\\/wp-content\\\/uploads\\\/2024\\\/10\\\/Parlante-Portatil-Bluetooth-TG-619.png\",\"datePublished\":\"2024-10-01T14:44:01+00:00\",\"dateModified\":\"2026-01-09T10:18:17+00:00\",\"breadcrumb\":{\"@id\":\"https:\\\/\\\/unitgames.com.ar\\\/pc-gamer\\\/producto\\\/parlante-portatil-bluetooth-tg-619\\\/#breadcrumb\"},\"inLanguage\":\"es\",\"potentialAction\":[{\"@type\":\"ReadAction\",\"target\":[\"https:\\\/\\\/unitgames.com.ar\\\/pc-gamer\\\/producto\\\/parlante-portatil-bluetooth-tg-619\\\/\"]}]},{\"@type\":\"ImageObject\",\"inLanguage\":\"es\",\"@id\":\"https:\\\/\\\/unitgames.com.ar\\\/pc-gamer\\\/producto\\\/parlante-portatil-bluetooth-tg-619\\\/#primaryimage\",\"url\":\"https:\\\/\\\/unitgames.com.ar\\\/pc-gamer\\\/wp-content\\\/uploads\\\/2024\\\/10\\\/Parlante-Portatil-Bluetooth-TG-619.png\",\"contentUrl\":\"https:\\\/\\\/unitgames.com.ar\\\/pc-gamer\\\/wp-content\\\/uploads\\\/2024\\\/10\\\/Parlante-Portatil-Bluetooth-TG-619.png\",\"width\":1283,\"height\":1283},{\"@type\":\"BreadcrumbList\",\"@id\":\"https:\\\/\\\/unitgames.com.ar\\\/pc-gamer\\\/producto\\\/parlante-portatil-bluetooth-tg-619\\\/#breadcrumb\",\"itemListElement\":[{\"@type\":\"ListItem\",\"position\":1,\"name\":\"Tienda\",\"item\":\"https:\\\/\\\/unitgames.com.ar\\\/pc-gamer\\\/tienda\\\/\"},{\"@type\":\"ListItem\",\"position\":2,\"name\":\"Parlante Portatil Bluetooth TG-619\"}]},{\"@type\":\"WebSite\",\"@id\":\"https:\\\/\\\/unitgames.com.ar\\\/pc-gamer\\\/#website\",\"url\":\"https:\\\/\\\/unitgames.com.ar\\\/pc-gamer\\\/\",\"name\":\"UnitGames\",\"description\":\"Venta de PC Gamers, Consolas , Servicio Tecnico Especializado. Todos en Accesorios Informaticos y Gamers\",\"publisher\":{\"@id\":\"https:\\\/\\\/unitgames.com.ar\\\/pc-gamer\\\/#organization\"},\"potentialAction\":[{\"@type\":\"SearchAction\",\"target\":{\"@type\":\"EntryPoint\",\"urlTemplate\":\"https:\\\/\\\/unitgames.com.ar\\\/pc-gamer\\\/?s={search_term_string}\"},\"query-input\":{\"@type\":\"PropertyValueSpecification\",\"valueRequired\":true,\"valueName\":\"search_term_string\"}}],\"inLanguage\":\"es\"},{\"@type\":\"Organization\",\"@id\":\"https:\\\/\\\/unitgames.com.ar\\\/pc-gamer\\\/#organization\",\"name\":\"UnitGames\",\"url\":\"https:\\\/\\\/unitgames.com.ar\\\/pc-gamer\\\/\",\"logo\":{\"@type\":\"ImageObject\",\"inLanguage\":\"es\",\"@id\":\"https:\\\/\\\/unitgames.com.ar\\\/pc-gamer\\\/#\\\/schema\\\/logo\\\/image\\\/\",\"url\":\"https:\\\/\\\/unitgames.com.ar\\\/pc-gamer\\\/wp-content\\\/uploads\\\/2021\\\/01\\\/cropped-logoUnitGames2.png\",\"contentUrl\":\"https:\\\/\\\/unitgames.com.ar\\\/pc-gamer\\\/wp-content\\\/uploads\\\/2021\\\/01\\\/cropped-logoUnitGames2.png\",\"width\":152,\"height\":200,\"caption\":\"UnitGames\"},\"image\":{\"@id\":\"https:\\\/\\\/unitgames.com.ar\\\/pc-gamer\\\/#\\\/schema\\\/logo\\\/image\\\/\"}}]}<\/script>\n<!-- \/ Yoast SEO plugin. -->","yoast_head_json":{"title":"Parlante Portatil Bluetooth TG-619 - UnitGames","robots":{"index":"index","follow":"follow","max-snippet":"max-snippet:-1","max-image-preview":"max-image-preview:large","max-video-preview":"max-video-preview:-1"},"canonical":"https:\/\/unitgames.com.ar\/pc-gamer\/producto\/parlante-portatil-bluetooth-tg-619\/","og_locale":"es_ES","og_type":"article","og_title":"Parlante Portatil Bluetooth TG-619 - UnitGames","og_description":"Resistente a salpicaduras T&amp;G TG619 (no sumergible) Bluetooth: V5.0 Rango de transmisi\u00f3n inal\u00e1mbrica: 10M Capacidad de la bater\u00eda: 1200mAh Voltaje integrado: 3,7 V Tiempo de reproducci\u00f3n: alrededor de 2H Especificaciones del altavoz: 45MM x 2 Potencia del altavoz: 5W x 2 Entrada de carga: 5V\/500mA Tama\u00f1o de la m\u00e1quina \u00fanica: 67*68*172MM Peso de una sola m\u00e1quina: aproximadamente 363G Color: Negro, Rojo, Azul, Gris, verde, azul pavo real, 6 colores Funci\u00f3n: port\u00e1til, funci\u00f3n Bluetooth, compatible con radio FM, USB, tarjeta TF, reproducci\u00f3n auxiliar, funci\u00f3n de llamada, TWS","og_url":"https:\/\/unitgames.com.ar\/pc-gamer\/producto\/parlante-portatil-bluetooth-tg-619\/","og_site_name":"UnitGames","article_modified_time":"2026-01-09T10:18:17+00:00","og_image":[{"width":1283,"height":1283,"url":"https:\/\/unitgames.com.ar\/pc-gamer\/wp-content\/uploads\/2024\/10\/Parlante-Portatil-Bluetooth-TG-619.png","type":"image\/png"}],"twitter_card":"summary_large_image","twitter_misc":{"Tiempo de lectura":"1 minuto"},"schema":{"@context":"https:\/\/schema.org","@graph":[{"@type":"WebPage","@id":"https:\/\/unitgames.com.ar\/pc-gamer\/producto\/parlante-portatil-bluetooth-tg-619\/","url":"https:\/\/unitgames.com.ar\/pc-gamer\/producto\/parlante-portatil-bluetooth-tg-619\/","name":"Parlante Portatil Bluetooth TG-619 - UnitGames","isPartOf":{"@id":"https:\/\/unitgames.com.ar\/pc-gamer\/#website"},"primaryImageOfPage":{"@id":"https:\/\/unitgames.com.ar\/pc-gamer\/producto\/parlante-portatil-bluetooth-tg-619\/#primaryimage"},"image":{"@id":"https:\/\/unitgames.com.ar\/pc-gamer\/producto\/parlante-portatil-bluetooth-tg-619\/#primaryimage"},"thumbnailUrl":"https:\/\/unitgames.com.ar\/pc-gamer\/wp-content\/uploads\/2024\/10\/Parlante-Portatil-Bluetooth-TG-619.png","datePublished":"2024-10-01T14:44:01+00:00","dateModified":"2026-01-09T10:18:17+00:00","breadcrumb":{"@id":"https:\/\/unitgames.com.ar\/pc-gamer\/producto\/parlante-portatil-bluetooth-tg-619\/#breadcrumb"},"inLanguage":"es","potentialAction":[{"@type":"ReadAction","target":["https:\/\/unitgames.com.ar\/pc-gamer\/producto\/parlante-portatil-bluetooth-tg-619\/"]}]},{"@type":"ImageObject","inLanguage":"es","@id":"https:\/\/unitgames.com.ar\/pc-gamer\/producto\/parlante-portatil-bluetooth-tg-619\/#primaryimage","url":"https:\/\/unitgames.com.ar\/pc-gamer\/wp-content\/uploads\/2024\/10\/Parlante-Portatil-Bluetooth-TG-619.png","contentUrl":"https:\/\/unitgames.com.ar\/pc-gamer\/wp-content\/uploads\/2024\/10\/Parlante-Portatil-Bluetooth-TG-619.png","width":1283,"height":1283},{"@type":"BreadcrumbList","@id":"https:\/\/unitgames.com.ar\/pc-gamer\/producto\/parlante-portatil-bluetooth-tg-619\/#breadcrumb","itemListElement":[{"@type":"ListItem","position":1,"name":"Tienda","item":"https:\/\/unitgames.com.ar\/pc-gamer\/tienda\/"},{"@type":"ListItem","position":2,"name":"Parlante Portatil Bluetooth TG-619"}]},{"@type":"WebSite","@id":"https:\/\/unitgames.com.ar\/pc-gamer\/#website","url":"https:\/\/unitgames.com.ar\/pc-gamer\/","name":"UnitGames","description":"Venta de PC Gamers, Consolas , Servicio Tecnico Especializado. Todos en Accesorios Informaticos y Gamers","publisher":{"@id":"https:\/\/unitgames.com.ar\/pc-gamer\/#organization"},"potentialAction":[{"@type":"SearchAction","target":{"@type":"EntryPoint","urlTemplate":"https:\/\/unitgames.com.ar\/pc-gamer\/?s={search_term_string}"},"query-input":{"@type":"PropertyValueSpecification","valueRequired":true,"valueName":"search_term_string"}}],"inLanguage":"es"},{"@type":"Organization","@id":"https:\/\/unitgames.com.ar\/pc-gamer\/#organization","name":"UnitGames","url":"https:\/\/unitgames.com.ar\/pc-gamer\/","logo":{"@type":"ImageObject","inLanguage":"es","@id":"https:\/\/unitgames.com.ar\/pc-gamer\/#\/schema\/logo\/image\/","url":"https:\/\/unitgames.com.ar\/pc-gamer\/wp-content\/uploads\/2021\/01\/cropped-logoUnitGames2.png","contentUrl":"https:\/\/unitgames.com.ar\/pc-gamer\/wp-content\/uploads\/2021\/01\/cropped-logoUnitGames2.png","width":152,"height":200,"caption":"UnitGames"},"image":{"@id":"https:\/\/unitgames.com.ar\/pc-gamer\/#\/schema\/logo\/image\/"}}]}},"_links":{"self":[{"href":"https:\/\/unitgames.com.ar\/pc-gamer\/wp-json\/wp\/v2\/product\/11293","targetHints":{"allow":["GET"]}}],"collection":[{"href":"https:\/\/unitgames.com.ar\/pc-gamer\/wp-json\/wp\/v2\/product"}],"about":[{"href":"https:\/\/unitgames.com.ar\/pc-gamer\/wp-json\/wp\/v2\/types\/product"}],"version-history":[{"count":0,"href":"https:\/\/unitgames.com.ar\/pc-gamer\/wp-json\/wp\/v2\/product\/11293\/revisions"}],"wp:featuredmedia":[{"embeddable":true,"href":"https:\/\/unitgames.com.ar\/pc-gamer\/wp-json\/wp\/v2\/media\/11296"}],"wp:attachment":[{"href":"https:\/\/unitgames.com.ar\/pc-gamer\/wp-json\/wp\/v2\/media?parent=11293"}],"wp:term":[{"taxonomy":"product_brand","embeddable":true,"href":"https:\/\/unitgames.com.ar\/pc-gamer\/wp-json\/wp\/v2\/product_brand?post=11293"},{"taxonomy":"product_cat","embeddable":true,"href":"https:\/\/unitgames.com.ar\/pc-gamer\/wp-json\/wp\/v2\/product_cat?post=11293"},{"taxonomy":"product_tag","embeddable":true,"href":"https:\/\/unitgames.com.ar\/pc-gamer\/wp-json\/wp\/v2\/product_tag?post=11293"}],"curies":[{"name":"wp","href":"https:\/\/api.w.org\/{rel}","templated":true}]}}