{"id":11328,"date":"2024-10-02T03:14:06","date_gmt":"2024-10-02T03:14:06","guid":{"rendered":"https:\/\/unitgames.com.ar\/pc-gamer\/?post_type=product&#038;p=11328"},"modified":"2026-01-13T12:40:14","modified_gmt":"2026-01-13T15:40:14","slug":"memoria-micro-sd-hiksemi-128gb-neo-plus-camaras-videovigilancia","status":"publish","type":"product","link":"https:\/\/unitgames.com.ar\/pc-gamer\/producto\/memoria-micro-sd-hiksemi-128gb-neo-plus-camaras-videovigilancia\/","title":{"rendered":"Memoria Micro SD HIKSEMI 128GB NEO PLUS Camaras videovigilancia"},"content":{"rendered":"<pre>Ad\u00e9ntrate en el universo de almacenamiento de datos de alto rendimiento con la Memoria MicroSD Hiksemi Neo Plus HS-TF-E1 (128GB) MicroSDXC Clase 10 95MB\/S. Esta tarjeta microSD est\u00e1 dise\u00f1ada para ofrecerte un mayor rendimiento y una mejor capacidad de almacenamiento. Con velocidades de lectura de hasta 95MB\/s y escritura de 50MB\/s, es perfecta para utilizar en tel\u00e9fonos m\u00f3viles, c\u00e1maras, tablets y m\u00e1s. Adem\u00e1s, su compatibilidad es impresionante, lo que la convierte en una opci\u00f3n ideal para aquellos que necesitan una soluci\u00f3n de almacenamiento r\u00e1pida y confiable. Ya sea que necesites almacenar tus archivos personales o archivos de control industrial, esta memoria microSD te brindar\u00e1 el espacio y el rendimiento que necesitas. Adem\u00e1s, su dise\u00f1o compacto y resistente la hace perfecta para cualquier entorno de trabajo. Protege tus archivos y datos valiosos en cualquier situaci\u00f3n con la Memoria MicroSD Hiksemi Neo Plus HS-TF-E1 (128GB) MicroSDXC Clase 10 95MB\/S!\r\n\r\nRendimiento y capacidad excepcionales con la Memoria MicroSD Hiksemi Neo Plus (128GB). Velocidades de hasta 95MB\/s y resistencia en cualquier entorno. Almacena y protege tus datos con confianza!\r\n\r\n<strong>Ficha t\u00e9cnica<\/strong>\r\n\r\n\u2022 Capacidad: 128 GB\r\n\u2022 Clase 10\r\n\u2022 Velocidad m\u00e1xima de lectura: 95 MB\/s\r\n\u2022 Velocidad m\u00e1xima de escritura: 50 MB\/s\r\n\u2022 Tipo de memoria flash: TLC\r\n\u2022 Formato de archivo del sistema: MicroSDXC\r\n\u2022 Dimensiones: 1,49cm x 1,09cm x 0,1cm\r\n\u2022 Temperatura de trabajo: 0 \u00b0C a 70 \u00b0C\r\n\u2022 Temperatura de almacenamiento: -25 \u00b0C a 85 \u00b0C\r\n\u2022 Compatibilidad: microSDHC, microSDXC, microSDHC UHS-I y microSDXC UHS-I con dispositivos anfitriones.\r\n\r\n<strong>Contenido del empaque<\/strong>\r\n\r\n\u2022 Memoria MicroSD Hiksemi Neo Plus HS-TF-E1 (128GB) MicroSDXC Clase 10 95MB\/S\r\n\u2022 Manual de Uso<\/pre>\n","protected":false},"excerpt":{"rendered":"<p>Ad\u00e9ntrate en el universo de almacenamiento de datos de alto rendimiento con la Memoria MicroSD Hiksemi Neo Plus HS-TF-E1 (128GB) MicroSDXC Clase 10 95MB\/S. Esta tarjeta microSD est\u00e1 dise\u00f1ada para ofrecerte un mayor rendimiento y una mejor capacidad de almacenamiento. Con velocidades de lectura de hasta 95MB\/s y escritura de 50MB\/s, es perfecta para utilizar en tel\u00e9fonos m\u00f3viles, c\u00e1maras, tablets y m\u00e1s. Adem\u00e1s, su compatibilidad es impresionante, lo que la convierte en una opci\u00f3n ideal para aquellos que necesitan una soluci\u00f3n de almacenamiento r\u00e1pida y confiable. Ya sea que necesites almacenar tus archivos personales o archivos de control industrial, esta memoria microSD te brindar\u00e1 el espacio y el rendimiento que necesitas. Adem\u00e1s, su dise\u00f1o compacto y resistente la hace perfecta para cualquier entorno de trabajo. Protege tus archivos y datos valiosos en cualquier situaci\u00f3n con la Memoria MicroSD Hiksemi Neo Plus HS-TF-E1 (128GB) MicroSDXC Clase 10 95MB\/S! Rendimiento y capacidad excepcionales con la Memoria MicroSD Hiksemi Neo Plus (128GB). Velocidades de hasta 95MB\/s y resistencia en cualquier entorno. Almacena y protege tus datos con confianza! Ficha t\u00e9cnica \u2022 Capacidad: 128 GB \u2022 Clase 10 \u2022 Velocidad m\u00e1xima de lectura: 95 MB\/s \u2022 Velocidad m\u00e1xima de escritura: 50 MB\/s \u2022 Tipo de memoria flash: TLC \u2022 Formato de archivo del sistema: MicroSDXC \u2022 Dimensiones: 1,49cm x 1,09cm x 0,1cm \u2022 Temperatura de trabajo: 0 \u00b0C a 70 \u00b0C \u2022 Temperatura de almacenamiento: -25 \u00b0C a 85 \u00b0C \u2022 Compatibilidad: microSDHC, microSDXC, microSDHC UHS-I y microSDXC UHS-I con dispositivos anfitriones. Contenido del empaque \u2022 Memoria MicroSD Hiksemi Neo Plus HS-TF-E1 (128GB) MicroSDXC Clase 10 95MB\/S \u2022 Manual de Uso<\/p>\n","protected":false},"featured_media":11329,"template":"","meta":{"site-sidebar-layout":"default","site-content-layout":"","ast-site-content-layout":"default","site-content-style":"default","site-sidebar-style":"default","ast-global-header-display":"","ast-banner-title-visibility":"","ast-main-header-display":"","ast-hfb-above-header-display":"","ast-hfb-below-header-display":"","ast-hfb-mobile-header-display":"","site-post-title":"","ast-breadcrumbs-content":"","ast-featured-img":"","footer-sml-layout":"","theme-transparent-header-meta":"","adv-header-id-meta":"","stick-header-meta":"","header-above-stick-meta":"","header-main-stick-meta":"","header-below-stick-meta":"","astra-migrate-meta-layouts":"default","ast-page-background-enabled":"default","ast-page-background-meta":{"desktop":{"background-color":"var(--ast-global-color-5)","background-image":"","background-repeat":"repeat","background-position":"center center","background-size":"auto","background-attachment":"scroll","background-type":"","background-media":"","overlay-type":"","overlay-color":"","overlay-opacity":"","overlay-gradient":""},"tablet":{"background-color":"","background-image":"","background-repeat":"repeat","background-position":"center center","background-size":"auto","background-attachment":"scroll","background-type":"","background-media":"","overlay-type":"","overlay-color":"","overlay-opacity":"","overlay-gradient":""},"mobile":{"background-color":"","background-image":"","background-repeat":"repeat","background-position":"center center","background-size":"auto","background-attachment":"scroll","background-type":"","background-media":"","overlay-type":"","overlay-color":"","overlay-opacity":"","overlay-gradient":""}},"ast-content-background-meta":{"desktop":{"background-color":"var(--ast-global-color-4)","background-image":"","background-repeat":"repeat","background-position":"center center","background-size":"auto","background-attachment":"scroll","background-type":"","background-media":"","overlay-type":"","overlay-color":"","overlay-opacity":"","overlay-gradient":""},"tablet":{"background-color":"var(--ast-global-color-4)","background-image":"","background-repeat":"repeat","background-position":"center center","background-size":"auto","background-attachment":"scroll","background-type":"","background-media":"","overlay-type":"","overlay-color":"","overlay-opacity":"","overlay-gradient":""},"mobile":{"background-color":"var(--ast-global-color-4)","background-image":"","background-repeat":"repeat","background-position":"center center","background-size":"auto","background-attachment":"scroll","background-type":"","background-media":"","overlay-type":"","overlay-color":"","overlay-opacity":"","overlay-gradient":""}},"_joinchat":[]},"product_brand":[],"product_cat":[86],"product_tag":[],"class_list":{"0":"post-11328","1":"product","2":"type-product","3":"status-publish","4":"has-post-thumbnail","6":"product_cat-pendrives-memorias-sd","7":"desktop-align-center","8":"tablet-align-left","9":"mobile-align-left","11":"first","12":"instock","13":"shipping-taxable","14":"purchasable","15":"product-type-simple"},"yoast_head":"<!-- This site is optimized with the Yoast SEO plugin v27.3 - https:\/\/yoast.com\/product\/yoast-seo-wordpress\/ -->\n<title>Memoria Micro SD HIKSEMI 128GB NEO PLUS Camaras videovigilancia - UnitGames<\/title>\n<meta name=\"robots\" content=\"index, follow, max-snippet:-1, max-image-preview:large, max-video-preview:-1\" \/>\n<link rel=\"canonical\" href=\"https:\/\/unitgames.com.ar\/pc-gamer\/producto\/memoria-micro-sd-hiksemi-128gb-neo-plus-camaras-videovigilancia\/\" \/>\n<meta property=\"og:locale\" content=\"es_ES\" \/>\n<meta property=\"og:type\" content=\"article\" \/>\n<meta property=\"og:title\" content=\"Memoria Micro SD HIKSEMI 128GB NEO PLUS Camaras videovigilancia - UnitGames\" \/>\n<meta property=\"og:description\" content=\"Ad\u00e9ntrate en el universo de almacenamiento de datos de alto rendimiento con la Memoria MicroSD Hiksemi Neo Plus HS-TF-E1 (128GB) MicroSDXC Clase 10 95MB\/S. Esta tarjeta microSD est\u00e1 dise\u00f1ada para ofrecerte un mayor rendimiento y una mejor capacidad de almacenamiento. Con velocidades de lectura de hasta 95MB\/s y escritura de 50MB\/s, es perfecta para utilizar en tel\u00e9fonos m\u00f3viles, c\u00e1maras, tablets y m\u00e1s. Adem\u00e1s, su compatibilidad es impresionante, lo que la convierte en una opci\u00f3n ideal para aquellos que necesitan una soluci\u00f3n de almacenamiento r\u00e1pida y confiable. Ya sea que necesites almacenar tus archivos personales o archivos de control industrial, esta memoria microSD te brindar\u00e1 el espacio y el rendimiento que necesitas. Adem\u00e1s, su dise\u00f1o compacto y resistente la hace perfecta para cualquier entorno de trabajo. Protege tus archivos y datos valiosos en cualquier situaci\u00f3n con la Memoria MicroSD Hiksemi Neo Plus HS-TF-E1 (128GB) MicroSDXC Clase 10 95MB\/S! Rendimiento y capacidad excepcionales con la Memoria MicroSD Hiksemi Neo Plus (128GB). Velocidades de hasta 95MB\/s y resistencia en cualquier entorno. Almacena y protege tus datos con confianza! Ficha t\u00e9cnica \u2022 Capacidad: 128 GB \u2022 Clase 10 \u2022 Velocidad m\u00e1xima de lectura: 95 MB\/s \u2022 Velocidad m\u00e1xima de escritura: 50 MB\/s \u2022 Tipo de memoria flash: TLC \u2022 Formato de archivo del sistema: MicroSDXC \u2022 Dimensiones: 1,49cm x 1,09cm x 0,1cm \u2022 Temperatura de trabajo: 0 \u00b0C a 70 \u00b0C \u2022 Temperatura de almacenamiento: -25 \u00b0C a 85 \u00b0C \u2022 Compatibilidad: microSDHC, microSDXC, microSDHC UHS-I y microSDXC UHS-I con dispositivos anfitriones. Contenido del empaque \u2022 Memoria MicroSD Hiksemi Neo Plus HS-TF-E1 (128GB) MicroSDXC Clase 10 95MB\/S \u2022 Manual de Uso\" \/>\n<meta property=\"og:url\" content=\"https:\/\/unitgames.com.ar\/pc-gamer\/producto\/memoria-micro-sd-hiksemi-128gb-neo-plus-camaras-videovigilancia\/\" \/>\n<meta property=\"og:site_name\" content=\"UnitGames\" \/>\n<meta property=\"article:modified_time\" content=\"2026-01-13T15:40:14+00:00\" \/>\n<meta property=\"og:image\" content=\"https:\/\/unitgames.com.ar\/pc-gamer\/wp-content\/uploads\/2024\/10\/Memoria-Micro-SD-HIKSEMI-128GB-NEO-PLUS-Camaras-videovigilancia.png\" \/>\n\t<meta property=\"og:image:width\" content=\"1283\" \/>\n\t<meta property=\"og:image:height\" content=\"1283\" \/>\n\t<meta property=\"og:image:type\" content=\"image\/png\" \/>\n<meta name=\"twitter:card\" content=\"summary_large_image\" \/>\n<meta name=\"twitter:label1\" content=\"Tiempo de lectura\" \/>\n\t<meta name=\"twitter:data1\" content=\"1 minuto\" \/>\n<script type=\"application\/ld+json\" class=\"yoast-schema-graph\">{\"@context\":\"https:\\\/\\\/schema.org\",\"@graph\":[{\"@type\":\"WebPage\",\"@id\":\"https:\\\/\\\/unitgames.com.ar\\\/pc-gamer\\\/producto\\\/memoria-micro-sd-hiksemi-128gb-neo-plus-camaras-videovigilancia\\\/\",\"url\":\"https:\\\/\\\/unitgames.com.ar\\\/pc-gamer\\\/producto\\\/memoria-micro-sd-hiksemi-128gb-neo-plus-camaras-videovigilancia\\\/\",\"name\":\"Memoria Micro SD HIKSEMI 128GB NEO PLUS Camaras videovigilancia - UnitGames\",\"isPartOf\":{\"@id\":\"https:\\\/\\\/unitgames.com.ar\\\/pc-gamer\\\/#website\"},\"primaryImageOfPage\":{\"@id\":\"https:\\\/\\\/unitgames.com.ar\\\/pc-gamer\\\/producto\\\/memoria-micro-sd-hiksemi-128gb-neo-plus-camaras-videovigilancia\\\/#primaryimage\"},\"image\":{\"@id\":\"https:\\\/\\\/unitgames.com.ar\\\/pc-gamer\\\/producto\\\/memoria-micro-sd-hiksemi-128gb-neo-plus-camaras-videovigilancia\\\/#primaryimage\"},\"thumbnailUrl\":\"https:\\\/\\\/unitgames.com.ar\\\/pc-gamer\\\/wp-content\\\/uploads\\\/2024\\\/10\\\/Memoria-Micro-SD-HIKSEMI-128GB-NEO-PLUS-Camaras-videovigilancia.png\",\"datePublished\":\"2024-10-02T03:14:06+00:00\",\"dateModified\":\"2026-01-13T15:40:14+00:00\",\"breadcrumb\":{\"@id\":\"https:\\\/\\\/unitgames.com.ar\\\/pc-gamer\\\/producto\\\/memoria-micro-sd-hiksemi-128gb-neo-plus-camaras-videovigilancia\\\/#breadcrumb\"},\"inLanguage\":\"es\",\"potentialAction\":[{\"@type\":\"ReadAction\",\"target\":[\"https:\\\/\\\/unitgames.com.ar\\\/pc-gamer\\\/producto\\\/memoria-micro-sd-hiksemi-128gb-neo-plus-camaras-videovigilancia\\\/\"]}]},{\"@type\":\"ImageObject\",\"inLanguage\":\"es\",\"@id\":\"https:\\\/\\\/unitgames.com.ar\\\/pc-gamer\\\/producto\\\/memoria-micro-sd-hiksemi-128gb-neo-plus-camaras-videovigilancia\\\/#primaryimage\",\"url\":\"https:\\\/\\\/unitgames.com.ar\\\/pc-gamer\\\/wp-content\\\/uploads\\\/2024\\\/10\\\/Memoria-Micro-SD-HIKSEMI-128GB-NEO-PLUS-Camaras-videovigilancia.png\",\"contentUrl\":\"https:\\\/\\\/unitgames.com.ar\\\/pc-gamer\\\/wp-content\\\/uploads\\\/2024\\\/10\\\/Memoria-Micro-SD-HIKSEMI-128GB-NEO-PLUS-Camaras-videovigilancia.png\",\"width\":1283,\"height\":1283},{\"@type\":\"BreadcrumbList\",\"@id\":\"https:\\\/\\\/unitgames.com.ar\\\/pc-gamer\\\/producto\\\/memoria-micro-sd-hiksemi-128gb-neo-plus-camaras-videovigilancia\\\/#breadcrumb\",\"itemListElement\":[{\"@type\":\"ListItem\",\"position\":1,\"name\":\"Tienda\",\"item\":\"https:\\\/\\\/unitgames.com.ar\\\/pc-gamer\\\/tienda\\\/\"},{\"@type\":\"ListItem\",\"position\":2,\"name\":\"Memoria Micro SD HIKSEMI 128GB NEO PLUS Camaras videovigilancia\"}]},{\"@type\":\"WebSite\",\"@id\":\"https:\\\/\\\/unitgames.com.ar\\\/pc-gamer\\\/#website\",\"url\":\"https:\\\/\\\/unitgames.com.ar\\\/pc-gamer\\\/\",\"name\":\"UnitGames\",\"description\":\"Venta de PC Gamers, Consolas , Servicio Tecnico Especializado. Todos en Accesorios Informaticos y Gamers\",\"publisher\":{\"@id\":\"https:\\\/\\\/unitgames.com.ar\\\/pc-gamer\\\/#organization\"},\"potentialAction\":[{\"@type\":\"SearchAction\",\"target\":{\"@type\":\"EntryPoint\",\"urlTemplate\":\"https:\\\/\\\/unitgames.com.ar\\\/pc-gamer\\\/?s={search_term_string}\"},\"query-input\":{\"@type\":\"PropertyValueSpecification\",\"valueRequired\":true,\"valueName\":\"search_term_string\"}}],\"inLanguage\":\"es\"},{\"@type\":\"Organization\",\"@id\":\"https:\\\/\\\/unitgames.com.ar\\\/pc-gamer\\\/#organization\",\"name\":\"UnitGames\",\"url\":\"https:\\\/\\\/unitgames.com.ar\\\/pc-gamer\\\/\",\"logo\":{\"@type\":\"ImageObject\",\"inLanguage\":\"es\",\"@id\":\"https:\\\/\\\/unitgames.com.ar\\\/pc-gamer\\\/#\\\/schema\\\/logo\\\/image\\\/\",\"url\":\"https:\\\/\\\/unitgames.com.ar\\\/pc-gamer\\\/wp-content\\\/uploads\\\/2021\\\/01\\\/cropped-logoUnitGames2.png\",\"contentUrl\":\"https:\\\/\\\/unitgames.com.ar\\\/pc-gamer\\\/wp-content\\\/uploads\\\/2021\\\/01\\\/cropped-logoUnitGames2.png\",\"width\":152,\"height\":200,\"caption\":\"UnitGames\"},\"image\":{\"@id\":\"https:\\\/\\\/unitgames.com.ar\\\/pc-gamer\\\/#\\\/schema\\\/logo\\\/image\\\/\"}}]}<\/script>\n<!-- \/ Yoast SEO plugin. -->","yoast_head_json":{"title":"Memoria Micro SD HIKSEMI 128GB NEO PLUS Camaras videovigilancia - UnitGames","robots":{"index":"index","follow":"follow","max-snippet":"max-snippet:-1","max-image-preview":"max-image-preview:large","max-video-preview":"max-video-preview:-1"},"canonical":"https:\/\/unitgames.com.ar\/pc-gamer\/producto\/memoria-micro-sd-hiksemi-128gb-neo-plus-camaras-videovigilancia\/","og_locale":"es_ES","og_type":"article","og_title":"Memoria Micro SD HIKSEMI 128GB NEO PLUS Camaras videovigilancia - UnitGames","og_description":"Ad\u00e9ntrate en el universo de almacenamiento de datos de alto rendimiento con la Memoria MicroSD Hiksemi Neo Plus HS-TF-E1 (128GB) MicroSDXC Clase 10 95MB\/S. Esta tarjeta microSD est\u00e1 dise\u00f1ada para ofrecerte un mayor rendimiento y una mejor capacidad de almacenamiento. Con velocidades de lectura de hasta 95MB\/s y escritura de 50MB\/s, es perfecta para utilizar en tel\u00e9fonos m\u00f3viles, c\u00e1maras, tablets y m\u00e1s. Adem\u00e1s, su compatibilidad es impresionante, lo que la convierte en una opci\u00f3n ideal para aquellos que necesitan una soluci\u00f3n de almacenamiento r\u00e1pida y confiable. Ya sea que necesites almacenar tus archivos personales o archivos de control industrial, esta memoria microSD te brindar\u00e1 el espacio y el rendimiento que necesitas. Adem\u00e1s, su dise\u00f1o compacto y resistente la hace perfecta para cualquier entorno de trabajo. Protege tus archivos y datos valiosos en cualquier situaci\u00f3n con la Memoria MicroSD Hiksemi Neo Plus HS-TF-E1 (128GB) MicroSDXC Clase 10 95MB\/S! Rendimiento y capacidad excepcionales con la Memoria MicroSD Hiksemi Neo Plus (128GB). Velocidades de hasta 95MB\/s y resistencia en cualquier entorno. Almacena y protege tus datos con confianza! Ficha t\u00e9cnica \u2022 Capacidad: 128 GB \u2022 Clase 10 \u2022 Velocidad m\u00e1xima de lectura: 95 MB\/s \u2022 Velocidad m\u00e1xima de escritura: 50 MB\/s \u2022 Tipo de memoria flash: TLC \u2022 Formato de archivo del sistema: MicroSDXC \u2022 Dimensiones: 1,49cm x 1,09cm x 0,1cm \u2022 Temperatura de trabajo: 0 \u00b0C a 70 \u00b0C \u2022 Temperatura de almacenamiento: -25 \u00b0C a 85 \u00b0C \u2022 Compatibilidad: microSDHC, microSDXC, microSDHC UHS-I y microSDXC UHS-I con dispositivos anfitriones. Contenido del empaque \u2022 Memoria MicroSD Hiksemi Neo Plus HS-TF-E1 (128GB) MicroSDXC Clase 10 95MB\/S \u2022 Manual de Uso","og_url":"https:\/\/unitgames.com.ar\/pc-gamer\/producto\/memoria-micro-sd-hiksemi-128gb-neo-plus-camaras-videovigilancia\/","og_site_name":"UnitGames","article_modified_time":"2026-01-13T15:40:14+00:00","og_image":[{"width":1283,"height":1283,"url":"https:\/\/unitgames.com.ar\/pc-gamer\/wp-content\/uploads\/2024\/10\/Memoria-Micro-SD-HIKSEMI-128GB-NEO-PLUS-Camaras-videovigilancia.png","type":"image\/png"}],"twitter_card":"summary_large_image","twitter_misc":{"Tiempo de lectura":"1 minuto"},"schema":{"@context":"https:\/\/schema.org","@graph":[{"@type":"WebPage","@id":"https:\/\/unitgames.com.ar\/pc-gamer\/producto\/memoria-micro-sd-hiksemi-128gb-neo-plus-camaras-videovigilancia\/","url":"https:\/\/unitgames.com.ar\/pc-gamer\/producto\/memoria-micro-sd-hiksemi-128gb-neo-plus-camaras-videovigilancia\/","name":"Memoria Micro SD HIKSEMI 128GB NEO PLUS Camaras videovigilancia - UnitGames","isPartOf":{"@id":"https:\/\/unitgames.com.ar\/pc-gamer\/#website"},"primaryImageOfPage":{"@id":"https:\/\/unitgames.com.ar\/pc-gamer\/producto\/memoria-micro-sd-hiksemi-128gb-neo-plus-camaras-videovigilancia\/#primaryimage"},"image":{"@id":"https:\/\/unitgames.com.ar\/pc-gamer\/producto\/memoria-micro-sd-hiksemi-128gb-neo-plus-camaras-videovigilancia\/#primaryimage"},"thumbnailUrl":"https:\/\/unitgames.com.ar\/pc-gamer\/wp-content\/uploads\/2024\/10\/Memoria-Micro-SD-HIKSEMI-128GB-NEO-PLUS-Camaras-videovigilancia.png","datePublished":"2024-10-02T03:14:06+00:00","dateModified":"2026-01-13T15:40:14+00:00","breadcrumb":{"@id":"https:\/\/unitgames.com.ar\/pc-gamer\/producto\/memoria-micro-sd-hiksemi-128gb-neo-plus-camaras-videovigilancia\/#breadcrumb"},"inLanguage":"es","potentialAction":[{"@type":"ReadAction","target":["https:\/\/unitgames.com.ar\/pc-gamer\/producto\/memoria-micro-sd-hiksemi-128gb-neo-plus-camaras-videovigilancia\/"]}]},{"@type":"ImageObject","inLanguage":"es","@id":"https:\/\/unitgames.com.ar\/pc-gamer\/producto\/memoria-micro-sd-hiksemi-128gb-neo-plus-camaras-videovigilancia\/#primaryimage","url":"https:\/\/unitgames.com.ar\/pc-gamer\/wp-content\/uploads\/2024\/10\/Memoria-Micro-SD-HIKSEMI-128GB-NEO-PLUS-Camaras-videovigilancia.png","contentUrl":"https:\/\/unitgames.com.ar\/pc-gamer\/wp-content\/uploads\/2024\/10\/Memoria-Micro-SD-HIKSEMI-128GB-NEO-PLUS-Camaras-videovigilancia.png","width":1283,"height":1283},{"@type":"BreadcrumbList","@id":"https:\/\/unitgames.com.ar\/pc-gamer\/producto\/memoria-micro-sd-hiksemi-128gb-neo-plus-camaras-videovigilancia\/#breadcrumb","itemListElement":[{"@type":"ListItem","position":1,"name":"Tienda","item":"https:\/\/unitgames.com.ar\/pc-gamer\/tienda\/"},{"@type":"ListItem","position":2,"name":"Memoria Micro SD HIKSEMI 128GB NEO PLUS Camaras videovigilancia"}]},{"@type":"WebSite","@id":"https:\/\/unitgames.com.ar\/pc-gamer\/#website","url":"https:\/\/unitgames.com.ar\/pc-gamer\/","name":"UnitGames","description":"Venta de PC Gamers, Consolas , Servicio Tecnico Especializado. Todos en Accesorios Informaticos y Gamers","publisher":{"@id":"https:\/\/unitgames.com.ar\/pc-gamer\/#organization"},"potentialAction":[{"@type":"SearchAction","target":{"@type":"EntryPoint","urlTemplate":"https:\/\/unitgames.com.ar\/pc-gamer\/?s={search_term_string}"},"query-input":{"@type":"PropertyValueSpecification","valueRequired":true,"valueName":"search_term_string"}}],"inLanguage":"es"},{"@type":"Organization","@id":"https:\/\/unitgames.com.ar\/pc-gamer\/#organization","name":"UnitGames","url":"https:\/\/unitgames.com.ar\/pc-gamer\/","logo":{"@type":"ImageObject","inLanguage":"es","@id":"https:\/\/unitgames.com.ar\/pc-gamer\/#\/schema\/logo\/image\/","url":"https:\/\/unitgames.com.ar\/pc-gamer\/wp-content\/uploads\/2021\/01\/cropped-logoUnitGames2.png","contentUrl":"https:\/\/unitgames.com.ar\/pc-gamer\/wp-content\/uploads\/2021\/01\/cropped-logoUnitGames2.png","width":152,"height":200,"caption":"UnitGames"},"image":{"@id":"https:\/\/unitgames.com.ar\/pc-gamer\/#\/schema\/logo\/image\/"}}]}},"_links":{"self":[{"href":"https:\/\/unitgames.com.ar\/pc-gamer\/wp-json\/wp\/v2\/product\/11328","targetHints":{"allow":["GET"]}}],"collection":[{"href":"https:\/\/unitgames.com.ar\/pc-gamer\/wp-json\/wp\/v2\/product"}],"about":[{"href":"https:\/\/unitgames.com.ar\/pc-gamer\/wp-json\/wp\/v2\/types\/product"}],"version-history":[{"count":0,"href":"https:\/\/unitgames.com.ar\/pc-gamer\/wp-json\/wp\/v2\/product\/11328\/revisions"}],"wp:featuredmedia":[{"embeddable":true,"href":"https:\/\/unitgames.com.ar\/pc-gamer\/wp-json\/wp\/v2\/media\/11329"}],"wp:attachment":[{"href":"https:\/\/unitgames.com.ar\/pc-gamer\/wp-json\/wp\/v2\/media?parent=11328"}],"wp:term":[{"taxonomy":"product_brand","embeddable":true,"href":"https:\/\/unitgames.com.ar\/pc-gamer\/wp-json\/wp\/v2\/product_brand?post=11328"},{"taxonomy":"product_cat","embeddable":true,"href":"https:\/\/unitgames.com.ar\/pc-gamer\/wp-json\/wp\/v2\/product_cat?post=11328"},{"taxonomy":"product_tag","embeddable":true,"href":"https:\/\/unitgames.com.ar\/pc-gamer\/wp-json\/wp\/v2\/product_tag?post=11328"}],"curies":[{"name":"wp","href":"https:\/\/api.w.org\/{rel}","templated":true}]}}