{"id":11431,"date":"2024-10-10T14:11:50","date_gmt":"2024-10-10T14:11:50","guid":{"rendered":"https:\/\/unitgames.com.ar\/pc-gamer\/?post_type=product&#038;p=11431"},"modified":"2026-01-09T07:18:07","modified_gmt":"2026-01-09T10:18:07","slug":"convertidor-watch-onn-google-tv-4k","status":"publish","type":"product","link":"https:\/\/unitgames.com.ar\/pc-gamer\/producto\/convertidor-watch-onn-google-tv-4k\/","title":{"rendered":"Convertidor  WATCH ONN Google TV 4K"},"content":{"rendered":"<h2 class=\"\" data-sourcepos=\"1:1-1:104\">\u00a1Convert\u00ed tu TV en un centro de entretenimiento inteligente con el Conversor Watch ONN Google TV 4K!<\/h2>\n<p data-sourcepos=\"3:1-3:22\"><strong>\u00bfCansado de la misma programaci\u00f3n aburrida de siempre?<\/strong><\/p>\n<p data-sourcepos=\"5:1-5:95\"><strong>\u00bfBuscas una manera f\u00e1cil y econ\u00f3mica de acceder a miles de pel\u00edculas, series, m\u00fasica y m\u00e1s?<\/strong><\/p>\n<p data-sourcepos=\"7:1-7:60\"><strong>\u00a1Entonces necesitas el Conversor Watch ONN Google TV 4K!<\/strong><\/p>\n<p data-sourcepos=\"9:1-9:42\"><strong>Este incre\u00edble dispositivo te permite:<\/strong><\/p>\n<p data-sourcepos=\"11:1-11:21\"><strong>&#x2705; Transformar tu TV com\u00fan en una Smart TV<\/strong>\u00a0llena de posibilidades.<\/p>\n<p data-sourcepos=\"13:1-13:81\"><strong>&#x2705; Disfrutar de contenido en 4K UHD<\/strong>\u00a0para una experiencia visual impresionante.<\/p>\n<p data-sourcepos=\"15:1-15:3\"><strong>&#8211; Acceder a miles de aplicaciones<\/strong>\u00a0como Netflix, Disney+, HBO Max, Amazon Prime Video, YouTube y muchas m\u00e1s.<\/p>\n<p data-sourcepos=\"17:1-17:113\"><strong>&#8211; Controlar tu Conversor Watch ONN Google TV 4K con tu voz<\/strong>\u00a0usando el control remoto incluido o tu smartphone.<\/p>\n<p data-sourcepos=\"21:1-21:52\"><strong>&#8211; Espejar la pantalla de tu smartphone<\/strong>\u00a0en tu TV.<\/p>\n<p data-sourcepos=\"21:1-21:52\"><strong>Especificaciones t\u00e9cnicas:<\/strong><\/p>\n<p data-sourcepos=\"21:1-21:52\"><strong>Sistema:<\/strong>\u00a0Android TV 10 (32bit).<\/p>\n<p data-sourcepos=\"21:1-21:52\"><strong>Memorias y red:<\/strong>\u00a02GB RAM \/ 8GB eMMC \/ Wifi ac MIMO + Bluetooth.<\/p>\n<p data-sourcepos=\"21:1-21:52\"><strong>Puertos:<\/strong>\u00a0HDMI 2.1 \/ microUSB 2.0 OTG<\/p>\n<p data-sourcepos=\"21:1-21:52\"><strong>Extras:<\/strong>\u00a0Mando BT + IR \/ Manual \/ Cable HDMI \/ Adaptador DC 5V 1A (5W).<\/p>\n<p data-sourcepos=\"21:1-21:52\"><strong>Materiales y medidas:<\/strong>\u00a0Pl\u00e1stico \/ LED estado \/ 70 x 70 x 12 mm \/ 55 gr.<\/p>\n<p data-sourcepos=\"23:1-23:40\"><strong>Y todo esto por un precio incre\u00edble:<\/strong><\/p>\n<p data-sourcepos=\"25:1-25:152\">El Conversor Watch ONN Google TV 4K es la mejor opci\u00f3n para aquellos que buscan una manera f\u00e1cil y econ\u00f3mica de obtener el m\u00e1ximo rendimiento de su TV.<\/p>\n<p data-sourcepos=\"31:1-31:103\">\u00a1No te pierdas la oportunidad de disfrutar de tus pel\u00edculas y series favoritas en la mejor calidad!<\/p>\n","protected":false},"excerpt":{"rendered":"<p>\u00a1Convert\u00ed tu TV en un centro de entretenimiento inteligente con el Conversor Watch ONN Google TV 4K! \u00bfCansado de la misma programaci\u00f3n aburrida de siempre? \u00bfBuscas una manera f\u00e1cil y econ\u00f3mica de acceder a miles de pel\u00edculas, series, m\u00fasica y m\u00e1s? \u00a1Entonces necesitas el Conversor Watch ONN Google TV 4K! Este incre\u00edble dispositivo te permite: &#x2705; Transformar tu TV com\u00fan en una Smart TV\u00a0llena de posibilidades. &#x2705; Disfrutar de contenido en 4K UHD\u00a0para una experiencia visual impresionante. &#8211; Acceder a miles de aplicaciones\u00a0como Netflix, Disney+, HBO Max, Amazon Prime Video, YouTube y muchas m\u00e1s. &#8211; Controlar tu Conversor Watch ONN Google TV 4K con tu voz\u00a0usando el control remoto incluido o tu smartphone. &#8211; Espejar la pantalla de tu smartphone\u00a0en tu TV. Especificaciones t\u00e9cnicas: Sistema:\u00a0Android TV 10 (32bit). Memorias y red:\u00a02GB RAM \/ 8GB eMMC \/ Wifi ac MIMO + Bluetooth. Puertos:\u00a0HDMI 2.1 \/ microUSB 2.0 OTG Extras:\u00a0Mando BT + IR \/ Manual \/ Cable HDMI \/ Adaptador DC 5V 1A (5W). Materiales y medidas:\u00a0Pl\u00e1stico \/ LED estado \/ 70 x 70 x 12 mm \/ 55 gr. Y todo esto por un precio incre\u00edble: El Conversor Watch ONN Google TV 4K es la mejor opci\u00f3n para aquellos que buscan una manera f\u00e1cil y econ\u00f3mica de obtener el m\u00e1ximo rendimiento de su TV. \u00a1No te pierdas la oportunidad de disfrutar de tus pel\u00edculas y series favoritas en la mejor calidad!<\/p>\n","protected":false},"featured_media":11519,"template":"","meta":{"site-sidebar-layout":"default","site-content-layout":"","ast-site-content-layout":"default","site-content-style":"default","site-sidebar-style":"default","ast-global-header-display":"","ast-banner-title-visibility":"","ast-main-header-display":"","ast-hfb-above-header-display":"","ast-hfb-below-header-display":"","ast-hfb-mobile-header-display":"","site-post-title":"","ast-breadcrumbs-content":"","ast-featured-img":"","footer-sml-layout":"","theme-transparent-header-meta":"","adv-header-id-meta":"","stick-header-meta":"","header-above-stick-meta":"","header-main-stick-meta":"","header-below-stick-meta":"","astra-migrate-meta-layouts":"default","ast-page-background-enabled":"default","ast-page-background-meta":{"desktop":{"background-color":"var(--ast-global-color-5)","background-image":"","background-repeat":"repeat","background-position":"center center","background-size":"auto","background-attachment":"scroll","background-type":"","background-media":"","overlay-type":"","overlay-color":"","overlay-opacity":"","overlay-gradient":""},"tablet":{"background-color":"","background-image":"","background-repeat":"repeat","background-position":"center center","background-size":"auto","background-attachment":"scroll","background-type":"","background-media":"","overlay-type":"","overlay-color":"","overlay-opacity":"","overlay-gradient":""},"mobile":{"background-color":"","background-image":"","background-repeat":"repeat","background-position":"center center","background-size":"auto","background-attachment":"scroll","background-type":"","background-media":"","overlay-type":"","overlay-color":"","overlay-opacity":"","overlay-gradient":""}},"ast-content-background-meta":{"desktop":{"background-color":"var(--ast-global-color-4)","background-image":"","background-repeat":"repeat","background-position":"center center","background-size":"auto","background-attachment":"scroll","background-type":"","background-media":"","overlay-type":"","overlay-color":"","overlay-opacity":"","overlay-gradient":""},"tablet":{"background-color":"var(--ast-global-color-4)","background-image":"","background-repeat":"repeat","background-position":"center center","background-size":"auto","background-attachment":"scroll","background-type":"","background-media":"","overlay-type":"","overlay-color":"","overlay-opacity":"","overlay-gradient":""},"mobile":{"background-color":"var(--ast-global-color-4)","background-image":"","background-repeat":"repeat","background-position":"center center","background-size":"auto","background-attachment":"scroll","background-type":"","background-media":"","overlay-type":"","overlay-color":"","overlay-opacity":"","overlay-gradient":""}},"_joinchat":[]},"product_brand":[],"product_cat":[115],"product_tag":[],"class_list":{"0":"post-11431","1":"product","2":"type-product","3":"status-publish","4":"has-post-thumbnail","6":"product_cat-streaming-tv","7":"desktop-align-center","8":"tablet-align-left","9":"mobile-align-left","11":"first","12":"instock","13":"shipping-taxable","14":"purchasable","15":"product-type-simple"},"yoast_head":"<!-- This site is optimized with the Yoast SEO plugin v27.3 - https:\/\/yoast.com\/product\/yoast-seo-wordpress\/ -->\n<title>Convertidor WATCH ONN Google TV 4K - UnitGames<\/title>\n<meta name=\"robots\" content=\"index, follow, max-snippet:-1, max-image-preview:large, max-video-preview:-1\" \/>\n<link rel=\"canonical\" href=\"https:\/\/unitgames.com.ar\/pc-gamer\/producto\/convertidor-watch-onn-google-tv-4k\/\" \/>\n<meta property=\"og:locale\" content=\"es_ES\" \/>\n<meta property=\"og:type\" content=\"article\" \/>\n<meta property=\"og:title\" content=\"Convertidor WATCH ONN Google TV 4K - UnitGames\" \/>\n<meta property=\"og:description\" content=\"\u00a1Convert\u00ed tu TV en un centro de entretenimiento inteligente con el Conversor Watch ONN Google TV 4K! \u00bfCansado de la misma programaci\u00f3n aburrida de siempre? \u00bfBuscas una manera f\u00e1cil y econ\u00f3mica de acceder a miles de pel\u00edculas, series, m\u00fasica y m\u00e1s? \u00a1Entonces necesitas el Conversor Watch ONN Google TV 4K! Este incre\u00edble dispositivo te permite: &#x2705; Transformar tu TV com\u00fan en una Smart TV\u00a0llena de posibilidades. &#x2705; Disfrutar de contenido en 4K UHD\u00a0para una experiencia visual impresionante. &#8211; Acceder a miles de aplicaciones\u00a0como Netflix, Disney+, HBO Max, Amazon Prime Video, YouTube y muchas m\u00e1s. &#8211; Controlar tu Conversor Watch ONN Google TV 4K con tu voz\u00a0usando el control remoto incluido o tu smartphone. &#8211; Espejar la pantalla de tu smartphone\u00a0en tu TV. Especificaciones t\u00e9cnicas: Sistema:\u00a0Android TV 10 (32bit). Memorias y red:\u00a02GB RAM \/ 8GB eMMC \/ Wifi ac MIMO + Bluetooth. Puertos:\u00a0HDMI 2.1 \/ microUSB 2.0 OTG Extras:\u00a0Mando BT + IR \/ Manual \/ Cable HDMI \/ Adaptador DC 5V 1A (5W). Materiales y medidas:\u00a0Pl\u00e1stico \/ LED estado \/ 70 x 70 x 12 mm \/ 55 gr. Y todo esto por un precio incre\u00edble: El Conversor Watch ONN Google TV 4K es la mejor opci\u00f3n para aquellos que buscan una manera f\u00e1cil y econ\u00f3mica de obtener el m\u00e1ximo rendimiento de su TV. \u00a1No te pierdas la oportunidad de disfrutar de tus pel\u00edculas y series favoritas en la mejor calidad!\" \/>\n<meta property=\"og:url\" content=\"https:\/\/unitgames.com.ar\/pc-gamer\/producto\/convertidor-watch-onn-google-tv-4k\/\" \/>\n<meta property=\"og:site_name\" content=\"UnitGames\" \/>\n<meta property=\"article:modified_time\" content=\"2026-01-09T10:18:07+00:00\" \/>\n<meta property=\"og:image\" content=\"https:\/\/unitgames.com.ar\/pc-gamer\/wp-content\/uploads\/2024\/10\/Convertidor-WATCH-ONN-Google-TV-4K.png\" \/>\n\t<meta property=\"og:image:width\" content=\"1283\" \/>\n\t<meta property=\"og:image:height\" content=\"1284\" \/>\n\t<meta property=\"og:image:type\" content=\"image\/png\" \/>\n<meta name=\"twitter:card\" content=\"summary_large_image\" \/>\n<meta name=\"twitter:label1\" content=\"Tiempo de lectura\" \/>\n\t<meta name=\"twitter:data1\" content=\"2 minutos\" \/>\n<script type=\"application\/ld+json\" class=\"yoast-schema-graph\">{\"@context\":\"https:\\\/\\\/schema.org\",\"@graph\":[{\"@type\":\"WebPage\",\"@id\":\"https:\\\/\\\/unitgames.com.ar\\\/pc-gamer\\\/producto\\\/convertidor-watch-onn-google-tv-4k\\\/\",\"url\":\"https:\\\/\\\/unitgames.com.ar\\\/pc-gamer\\\/producto\\\/convertidor-watch-onn-google-tv-4k\\\/\",\"name\":\"Convertidor WATCH ONN Google TV 4K - UnitGames\",\"isPartOf\":{\"@id\":\"https:\\\/\\\/unitgames.com.ar\\\/pc-gamer\\\/#website\"},\"primaryImageOfPage\":{\"@id\":\"https:\\\/\\\/unitgames.com.ar\\\/pc-gamer\\\/producto\\\/convertidor-watch-onn-google-tv-4k\\\/#primaryimage\"},\"image\":{\"@id\":\"https:\\\/\\\/unitgames.com.ar\\\/pc-gamer\\\/producto\\\/convertidor-watch-onn-google-tv-4k\\\/#primaryimage\"},\"thumbnailUrl\":\"https:\\\/\\\/unitgames.com.ar\\\/pc-gamer\\\/wp-content\\\/uploads\\\/2024\\\/10\\\/Convertidor-WATCH-ONN-Google-TV-4K.png\",\"datePublished\":\"2024-10-10T14:11:50+00:00\",\"dateModified\":\"2026-01-09T10:18:07+00:00\",\"breadcrumb\":{\"@id\":\"https:\\\/\\\/unitgames.com.ar\\\/pc-gamer\\\/producto\\\/convertidor-watch-onn-google-tv-4k\\\/#breadcrumb\"},\"inLanguage\":\"es\",\"potentialAction\":[{\"@type\":\"ReadAction\",\"target\":[\"https:\\\/\\\/unitgames.com.ar\\\/pc-gamer\\\/producto\\\/convertidor-watch-onn-google-tv-4k\\\/\"]}]},{\"@type\":\"ImageObject\",\"inLanguage\":\"es\",\"@id\":\"https:\\\/\\\/unitgames.com.ar\\\/pc-gamer\\\/producto\\\/convertidor-watch-onn-google-tv-4k\\\/#primaryimage\",\"url\":\"https:\\\/\\\/unitgames.com.ar\\\/pc-gamer\\\/wp-content\\\/uploads\\\/2024\\\/10\\\/Convertidor-WATCH-ONN-Google-TV-4K.png\",\"contentUrl\":\"https:\\\/\\\/unitgames.com.ar\\\/pc-gamer\\\/wp-content\\\/uploads\\\/2024\\\/10\\\/Convertidor-WATCH-ONN-Google-TV-4K.png\",\"width\":1283,\"height\":1284},{\"@type\":\"BreadcrumbList\",\"@id\":\"https:\\\/\\\/unitgames.com.ar\\\/pc-gamer\\\/producto\\\/convertidor-watch-onn-google-tv-4k\\\/#breadcrumb\",\"itemListElement\":[{\"@type\":\"ListItem\",\"position\":1,\"name\":\"Tienda\",\"item\":\"https:\\\/\\\/unitgames.com.ar\\\/pc-gamer\\\/tienda\\\/\"},{\"@type\":\"ListItem\",\"position\":2,\"name\":\"Convertidor WATCH ONN Google TV 4K\"}]},{\"@type\":\"WebSite\",\"@id\":\"https:\\\/\\\/unitgames.com.ar\\\/pc-gamer\\\/#website\",\"url\":\"https:\\\/\\\/unitgames.com.ar\\\/pc-gamer\\\/\",\"name\":\"UnitGames\",\"description\":\"Venta de PC Gamers, Consolas , Servicio Tecnico Especializado. Todos en Accesorios Informaticos y Gamers\",\"publisher\":{\"@id\":\"https:\\\/\\\/unitgames.com.ar\\\/pc-gamer\\\/#organization\"},\"potentialAction\":[{\"@type\":\"SearchAction\",\"target\":{\"@type\":\"EntryPoint\",\"urlTemplate\":\"https:\\\/\\\/unitgames.com.ar\\\/pc-gamer\\\/?s={search_term_string}\"},\"query-input\":{\"@type\":\"PropertyValueSpecification\",\"valueRequired\":true,\"valueName\":\"search_term_string\"}}],\"inLanguage\":\"es\"},{\"@type\":\"Organization\",\"@id\":\"https:\\\/\\\/unitgames.com.ar\\\/pc-gamer\\\/#organization\",\"name\":\"UnitGames\",\"url\":\"https:\\\/\\\/unitgames.com.ar\\\/pc-gamer\\\/\",\"logo\":{\"@type\":\"ImageObject\",\"inLanguage\":\"es\",\"@id\":\"https:\\\/\\\/unitgames.com.ar\\\/pc-gamer\\\/#\\\/schema\\\/logo\\\/image\\\/\",\"url\":\"https:\\\/\\\/unitgames.com.ar\\\/pc-gamer\\\/wp-content\\\/uploads\\\/2021\\\/01\\\/cropped-logoUnitGames2.png\",\"contentUrl\":\"https:\\\/\\\/unitgames.com.ar\\\/pc-gamer\\\/wp-content\\\/uploads\\\/2021\\\/01\\\/cropped-logoUnitGames2.png\",\"width\":152,\"height\":200,\"caption\":\"UnitGames\"},\"image\":{\"@id\":\"https:\\\/\\\/unitgames.com.ar\\\/pc-gamer\\\/#\\\/schema\\\/logo\\\/image\\\/\"}}]}<\/script>\n<!-- \/ Yoast SEO plugin. -->","yoast_head_json":{"title":"Convertidor WATCH ONN Google TV 4K - UnitGames","robots":{"index":"index","follow":"follow","max-snippet":"max-snippet:-1","max-image-preview":"max-image-preview:large","max-video-preview":"max-video-preview:-1"},"canonical":"https:\/\/unitgames.com.ar\/pc-gamer\/producto\/convertidor-watch-onn-google-tv-4k\/","og_locale":"es_ES","og_type":"article","og_title":"Convertidor WATCH ONN Google TV 4K - UnitGames","og_description":"\u00a1Convert\u00ed tu TV en un centro de entretenimiento inteligente con el Conversor Watch ONN Google TV 4K! \u00bfCansado de la misma programaci\u00f3n aburrida de siempre? \u00bfBuscas una manera f\u00e1cil y econ\u00f3mica de acceder a miles de pel\u00edculas, series, m\u00fasica y m\u00e1s? \u00a1Entonces necesitas el Conversor Watch ONN Google TV 4K! Este incre\u00edble dispositivo te permite: &#x2705; Transformar tu TV com\u00fan en una Smart TV\u00a0llena de posibilidades. &#x2705; Disfrutar de contenido en 4K UHD\u00a0para una experiencia visual impresionante. &#8211; Acceder a miles de aplicaciones\u00a0como Netflix, Disney+, HBO Max, Amazon Prime Video, YouTube y muchas m\u00e1s. &#8211; Controlar tu Conversor Watch ONN Google TV 4K con tu voz\u00a0usando el control remoto incluido o tu smartphone. &#8211; Espejar la pantalla de tu smartphone\u00a0en tu TV. Especificaciones t\u00e9cnicas: Sistema:\u00a0Android TV 10 (32bit). Memorias y red:\u00a02GB RAM \/ 8GB eMMC \/ Wifi ac MIMO + Bluetooth. Puertos:\u00a0HDMI 2.1 \/ microUSB 2.0 OTG Extras:\u00a0Mando BT + IR \/ Manual \/ Cable HDMI \/ Adaptador DC 5V 1A (5W). Materiales y medidas:\u00a0Pl\u00e1stico \/ LED estado \/ 70 x 70 x 12 mm \/ 55 gr. Y todo esto por un precio incre\u00edble: El Conversor Watch ONN Google TV 4K es la mejor opci\u00f3n para aquellos que buscan una manera f\u00e1cil y econ\u00f3mica de obtener el m\u00e1ximo rendimiento de su TV. \u00a1No te pierdas la oportunidad de disfrutar de tus pel\u00edculas y series favoritas en la mejor calidad!","og_url":"https:\/\/unitgames.com.ar\/pc-gamer\/producto\/convertidor-watch-onn-google-tv-4k\/","og_site_name":"UnitGames","article_modified_time":"2026-01-09T10:18:07+00:00","og_image":[{"width":1283,"height":1284,"url":"https:\/\/unitgames.com.ar\/pc-gamer\/wp-content\/uploads\/2024\/10\/Convertidor-WATCH-ONN-Google-TV-4K.png","type":"image\/png"}],"twitter_card":"summary_large_image","twitter_misc":{"Tiempo de lectura":"2 minutos"},"schema":{"@context":"https:\/\/schema.org","@graph":[{"@type":"WebPage","@id":"https:\/\/unitgames.com.ar\/pc-gamer\/producto\/convertidor-watch-onn-google-tv-4k\/","url":"https:\/\/unitgames.com.ar\/pc-gamer\/producto\/convertidor-watch-onn-google-tv-4k\/","name":"Convertidor WATCH ONN Google TV 4K - UnitGames","isPartOf":{"@id":"https:\/\/unitgames.com.ar\/pc-gamer\/#website"},"primaryImageOfPage":{"@id":"https:\/\/unitgames.com.ar\/pc-gamer\/producto\/convertidor-watch-onn-google-tv-4k\/#primaryimage"},"image":{"@id":"https:\/\/unitgames.com.ar\/pc-gamer\/producto\/convertidor-watch-onn-google-tv-4k\/#primaryimage"},"thumbnailUrl":"https:\/\/unitgames.com.ar\/pc-gamer\/wp-content\/uploads\/2024\/10\/Convertidor-WATCH-ONN-Google-TV-4K.png","datePublished":"2024-10-10T14:11:50+00:00","dateModified":"2026-01-09T10:18:07+00:00","breadcrumb":{"@id":"https:\/\/unitgames.com.ar\/pc-gamer\/producto\/convertidor-watch-onn-google-tv-4k\/#breadcrumb"},"inLanguage":"es","potentialAction":[{"@type":"ReadAction","target":["https:\/\/unitgames.com.ar\/pc-gamer\/producto\/convertidor-watch-onn-google-tv-4k\/"]}]},{"@type":"ImageObject","inLanguage":"es","@id":"https:\/\/unitgames.com.ar\/pc-gamer\/producto\/convertidor-watch-onn-google-tv-4k\/#primaryimage","url":"https:\/\/unitgames.com.ar\/pc-gamer\/wp-content\/uploads\/2024\/10\/Convertidor-WATCH-ONN-Google-TV-4K.png","contentUrl":"https:\/\/unitgames.com.ar\/pc-gamer\/wp-content\/uploads\/2024\/10\/Convertidor-WATCH-ONN-Google-TV-4K.png","width":1283,"height":1284},{"@type":"BreadcrumbList","@id":"https:\/\/unitgames.com.ar\/pc-gamer\/producto\/convertidor-watch-onn-google-tv-4k\/#breadcrumb","itemListElement":[{"@type":"ListItem","position":1,"name":"Tienda","item":"https:\/\/unitgames.com.ar\/pc-gamer\/tienda\/"},{"@type":"ListItem","position":2,"name":"Convertidor WATCH ONN Google TV 4K"}]},{"@type":"WebSite","@id":"https:\/\/unitgames.com.ar\/pc-gamer\/#website","url":"https:\/\/unitgames.com.ar\/pc-gamer\/","name":"UnitGames","description":"Venta de PC Gamers, Consolas , Servicio Tecnico Especializado. Todos en Accesorios Informaticos y Gamers","publisher":{"@id":"https:\/\/unitgames.com.ar\/pc-gamer\/#organization"},"potentialAction":[{"@type":"SearchAction","target":{"@type":"EntryPoint","urlTemplate":"https:\/\/unitgames.com.ar\/pc-gamer\/?s={search_term_string}"},"query-input":{"@type":"PropertyValueSpecification","valueRequired":true,"valueName":"search_term_string"}}],"inLanguage":"es"},{"@type":"Organization","@id":"https:\/\/unitgames.com.ar\/pc-gamer\/#organization","name":"UnitGames","url":"https:\/\/unitgames.com.ar\/pc-gamer\/","logo":{"@type":"ImageObject","inLanguage":"es","@id":"https:\/\/unitgames.com.ar\/pc-gamer\/#\/schema\/logo\/image\/","url":"https:\/\/unitgames.com.ar\/pc-gamer\/wp-content\/uploads\/2021\/01\/cropped-logoUnitGames2.png","contentUrl":"https:\/\/unitgames.com.ar\/pc-gamer\/wp-content\/uploads\/2021\/01\/cropped-logoUnitGames2.png","width":152,"height":200,"caption":"UnitGames"},"image":{"@id":"https:\/\/unitgames.com.ar\/pc-gamer\/#\/schema\/logo\/image\/"}}]}},"_links":{"self":[{"href":"https:\/\/unitgames.com.ar\/pc-gamer\/wp-json\/wp\/v2\/product\/11431","targetHints":{"allow":["GET"]}}],"collection":[{"href":"https:\/\/unitgames.com.ar\/pc-gamer\/wp-json\/wp\/v2\/product"}],"about":[{"href":"https:\/\/unitgames.com.ar\/pc-gamer\/wp-json\/wp\/v2\/types\/product"}],"version-history":[{"count":0,"href":"https:\/\/unitgames.com.ar\/pc-gamer\/wp-json\/wp\/v2\/product\/11431\/revisions"}],"wp:featuredmedia":[{"embeddable":true,"href":"https:\/\/unitgames.com.ar\/pc-gamer\/wp-json\/wp\/v2\/media\/11519"}],"wp:attachment":[{"href":"https:\/\/unitgames.com.ar\/pc-gamer\/wp-json\/wp\/v2\/media?parent=11431"}],"wp:term":[{"taxonomy":"product_brand","embeddable":true,"href":"https:\/\/unitgames.com.ar\/pc-gamer\/wp-json\/wp\/v2\/product_brand?post=11431"},{"taxonomy":"product_cat","embeddable":true,"href":"https:\/\/unitgames.com.ar\/pc-gamer\/wp-json\/wp\/v2\/product_cat?post=11431"},{"taxonomy":"product_tag","embeddable":true,"href":"https:\/\/unitgames.com.ar\/pc-gamer\/wp-json\/wp\/v2\/product_tag?post=11431"}],"curies":[{"name":"wp","href":"https:\/\/api.w.org\/{rel}","templated":true}]}}