{"id":11477,"date":"2024-10-20T13:36:11","date_gmt":"2024-10-20T13:36:11","guid":{"rendered":"https:\/\/unitgames.com.ar\/pc-gamer\/?post_type=product&#038;p=11477"},"modified":"2026-01-09T07:18:05","modified_gmt":"2026-01-09T10:18:05","slug":"celular-xiaomi-redmi-a3-4gb-128gb","status":"publish","type":"product","link":"https:\/\/unitgames.com.ar\/pc-gamer\/producto\/celular-xiaomi-redmi-a3-4gb-128gb\/","title":{"rendered":"Celular XIAOMI REDMI A3 4GB \/128GB"},"content":{"rendered":"<p>El\u00a0<strong>Xiaomi Redmi A3<\/strong>\u00a0deja de lado Android (Go Edition) para pasar a utilizar la versi\u00f3n completa del sistema operativo. Con una pantalla HD+ de 6.71 pulgadas, el Redmi A3 est\u00e1 potenciado por un procesador Helio G36 con hasta 6GB de memoria RAM y 128GB de almacenamiento interno. La c\u00e1mara trasera est\u00e1 compuesta de un sensor de 8MP asistido por un sensor de profundidad, mientras que la c\u00e1mara selfie es de 5MP. Una generosa bater\u00eda de 5000 mAh provee la energ\u00eda al Redmi A3, que completa sus caracter\u00edsticas con lector de huellas lateral y Android 14.<\/p>\n<p>Dispositivo liberado para que elijas la compa\u00f1\u00eda telef\u00f3nica que prefieras.<\/p>\n<p>Con reconocimiento facial y sensor de huella dactilar.<\/p>\n<p>Dual Sim<\/p>\n<h2>Ficha t\u00e9cnica<\/h2>\n<table class=\"table table-striped\">\n<tbody>\n<tr>\n<td class=\"text-nowrap\">\u00a0<strong>Pantalla<\/strong><\/td>\n<td>6.71&#8243;, 720 x 1650 pixels<\/td>\n<\/tr>\n<tr>\n<td class=\"text-nowrap\">\u00a0<strong>Procesador<\/strong><\/td>\n<td>Mediatek Helio G36 2.2GHz<\/td>\n<\/tr>\n<tr>\n<td class=\"text-nowrap\">\u00a0<strong>Memoria RAM<\/strong><\/td>\n<td>4GB<\/td>\n<\/tr>\n<tr>\n<td class=\"text-nowrap\">\u00a0<strong>Almacenamiento<\/strong><\/td>\n<td>\/128GB<\/td>\n<\/tr>\n<tr>\n<td class=\"text-nowrap\">\u00a0<strong>Expansi\u00f3n<\/strong><\/td>\n<td>microSD<\/td>\n<\/tr>\n<tr>\n<td class=\"text-nowrap\">\u00a0<strong>C\u00e1mara<\/strong><\/td>\n<td>Dual, 8MP + 0.08MP<\/td>\n<\/tr>\n<tr>\n<td class=\"text-nowrap\">\u00a0<strong>Bater\u00eda<\/strong><\/td>\n<td>5000 mAh<\/td>\n<\/tr>\n<tr>\n<td class=\"text-nowrap\">\u00a0<strong>OS<\/strong><\/td>\n<td>Android 14<\/td>\n<\/tr>\n<tr>\n<td class=\"text-nowrap\">\u00a0<strong>Perfil<\/strong><\/td>\n<td>8.3 mm<\/td>\n<\/tr>\n<tr>\n<td class=\"text-nowrap\">\u00a0<strong>Peso<\/strong><\/td>\n<td>193 g<\/td>\n<\/tr>\n<\/tbody>\n<\/table>\n<p>&nbsp;<\/p>\n","protected":false},"excerpt":{"rendered":"<p>El\u00a0Xiaomi Redmi A3\u00a0deja de lado Android (Go Edition) para pasar a utilizar la versi\u00f3n completa del sistema operativo. Con una pantalla HD+ de 6.71 pulgadas, el Redmi A3 est\u00e1 potenciado por un procesador Helio G36 con hasta 6GB de memoria RAM y 128GB de almacenamiento interno. La c\u00e1mara trasera est\u00e1 compuesta de un sensor de 8MP asistido por un sensor de profundidad, mientras que la c\u00e1mara selfie es de 5MP. Una generosa bater\u00eda de 5000 mAh provee la energ\u00eda al Redmi A3, que completa sus caracter\u00edsticas con lector de huellas lateral y Android 14. Dispositivo liberado para que elijas la compa\u00f1\u00eda telef\u00f3nica que prefieras. Con reconocimiento facial y sensor de huella dactilar. Dual Sim Ficha t\u00e9cnica \u00a0Pantalla 6.71&#8243;, 720 x 1650 pixels \u00a0Procesador Mediatek Helio G36 2.2GHz \u00a0Memoria RAM 4GB \u00a0Almacenamiento \/128GB \u00a0Expansi\u00f3n microSD \u00a0C\u00e1mara Dual, 8MP + 0.08MP \u00a0Bater\u00eda 5000 mAh \u00a0OS Android 14 \u00a0Perfil 8.3 mm \u00a0Peso 193 g &nbsp;<\/p>\n","protected":false},"featured_media":11478,"template":"","meta":{"site-sidebar-layout":"default","site-content-layout":"","ast-site-content-layout":"default","site-content-style":"default","site-sidebar-style":"default","ast-global-header-display":"","ast-banner-title-visibility":"","ast-main-header-display":"","ast-hfb-above-header-display":"","ast-hfb-below-header-display":"","ast-hfb-mobile-header-display":"","site-post-title":"","ast-breadcrumbs-content":"","ast-featured-img":"","footer-sml-layout":"","theme-transparent-header-meta":"","adv-header-id-meta":"","stick-header-meta":"","header-above-stick-meta":"","header-main-stick-meta":"","header-below-stick-meta":"","astra-migrate-meta-layouts":"default","ast-page-background-enabled":"default","ast-page-background-meta":{"desktop":{"background-color":"var(--ast-global-color-5)","background-image":"","background-repeat":"repeat","background-position":"center center","background-size":"auto","background-attachment":"scroll","background-type":"","background-media":"","overlay-type":"","overlay-color":"","overlay-opacity":"","overlay-gradient":""},"tablet":{"background-color":"","background-image":"","background-repeat":"repeat","background-position":"center center","background-size":"auto","background-attachment":"scroll","background-type":"","background-media":"","overlay-type":"","overlay-color":"","overlay-opacity":"","overlay-gradient":""},"mobile":{"background-color":"","background-image":"","background-repeat":"repeat","background-position":"center center","background-size":"auto","background-attachment":"scroll","background-type":"","background-media":"","overlay-type":"","overlay-color":"","overlay-opacity":"","overlay-gradient":""}},"ast-content-background-meta":{"desktop":{"background-color":"var(--ast-global-color-4)","background-image":"","background-repeat":"repeat","background-position":"center center","background-size":"auto","background-attachment":"scroll","background-type":"","background-media":"","overlay-type":"","overlay-color":"","overlay-opacity":"","overlay-gradient":""},"tablet":{"background-color":"var(--ast-global-color-4)","background-image":"","background-repeat":"repeat","background-position":"center center","background-size":"auto","background-attachment":"scroll","background-type":"","background-media":"","overlay-type":"","overlay-color":"","overlay-opacity":"","overlay-gradient":""},"mobile":{"background-color":"var(--ast-global-color-4)","background-image":"","background-repeat":"repeat","background-position":"center center","background-size":"auto","background-attachment":"scroll","background-type":"","background-media":"","overlay-type":"","overlay-color":"","overlay-opacity":"","overlay-gradient":""}},"_joinchat":[]},"product_brand":[],"product_cat":[57],"product_tag":[],"class_list":{"0":"post-11477","1":"product","2":"type-product","3":"status-publish","4":"has-post-thumbnail","6":"product_cat-sin-categoria","7":"desktop-align-center","8":"tablet-align-left","9":"mobile-align-left","11":"first","12":"outofstock","13":"shipping-taxable","14":"purchasable","15":"product-type-simple"},"yoast_head":"<!-- This site is optimized with the Yoast SEO plugin v27.5 - https:\/\/yoast.com\/product\/yoast-seo-wordpress\/ -->\n<title>Celular XIAOMI REDMI A3 4GB \/128GB - UnitGames<\/title>\n<meta name=\"robots\" content=\"index, follow, max-snippet:-1, max-image-preview:large, max-video-preview:-1\" \/>\n<link rel=\"canonical\" href=\"https:\/\/unitgames.com.ar\/pc-gamer\/producto\/celular-xiaomi-redmi-a3-4gb-128gb\/\" \/>\n<meta property=\"og:locale\" content=\"es_ES\" \/>\n<meta property=\"og:type\" content=\"article\" \/>\n<meta property=\"og:title\" content=\"Celular XIAOMI REDMI A3 4GB \/128GB - UnitGames\" \/>\n<meta property=\"og:description\" content=\"El\u00a0Xiaomi Redmi A3\u00a0deja de lado Android (Go Edition) para pasar a utilizar la versi\u00f3n completa del sistema operativo. Con una pantalla HD+ de 6.71 pulgadas, el Redmi A3 est\u00e1 potenciado por un procesador Helio G36 con hasta 6GB de memoria RAM y 128GB de almacenamiento interno. La c\u00e1mara trasera est\u00e1 compuesta de un sensor de 8MP asistido por un sensor de profundidad, mientras que la c\u00e1mara selfie es de 5MP. Una generosa bater\u00eda de 5000 mAh provee la energ\u00eda al Redmi A3, que completa sus caracter\u00edsticas con lector de huellas lateral y Android 14. Dispositivo liberado para que elijas la compa\u00f1\u00eda telef\u00f3nica que prefieras. Con reconocimiento facial y sensor de huella dactilar. Dual Sim Ficha t\u00e9cnica \u00a0Pantalla 6.71&#8243;, 720 x 1650 pixels \u00a0Procesador Mediatek Helio G36 2.2GHz \u00a0Memoria RAM 4GB \u00a0Almacenamiento \/128GB \u00a0Expansi\u00f3n microSD \u00a0C\u00e1mara Dual, 8MP + 0.08MP \u00a0Bater\u00eda 5000 mAh \u00a0OS Android 14 \u00a0Perfil 8.3 mm \u00a0Peso 193 g &nbsp;\" \/>\n<meta property=\"og:url\" content=\"https:\/\/unitgames.com.ar\/pc-gamer\/producto\/celular-xiaomi-redmi-a3-4gb-128gb\/\" \/>\n<meta property=\"og:site_name\" content=\"UnitGames\" \/>\n<meta property=\"article:modified_time\" content=\"2026-01-09T10:18:05+00:00\" \/>\n<meta property=\"og:image\" content=\"https:\/\/unitgames.com.ar\/pc-gamer\/wp-content\/uploads\/2024\/10\/Celular-XIAOMI-REDMI-A3-4GB128GB.png\" \/>\n\t<meta property=\"og:image:width\" content=\"1329\" \/>\n\t<meta property=\"og:image:height\" content=\"1284\" \/>\n\t<meta property=\"og:image:type\" content=\"image\/png\" \/>\n<meta name=\"twitter:card\" content=\"summary_large_image\" \/>\n<meta name=\"twitter:label1\" content=\"Tiempo de lectura\" \/>\n\t<meta name=\"twitter:data1\" content=\"1 minuto\" \/>\n<script type=\"application\/ld+json\" class=\"yoast-schema-graph\">{\"@context\":\"https:\\\/\\\/schema.org\",\"@graph\":[{\"@type\":\"WebPage\",\"@id\":\"https:\\\/\\\/unitgames.com.ar\\\/pc-gamer\\\/producto\\\/celular-xiaomi-redmi-a3-4gb-128gb\\\/\",\"url\":\"https:\\\/\\\/unitgames.com.ar\\\/pc-gamer\\\/producto\\\/celular-xiaomi-redmi-a3-4gb-128gb\\\/\",\"name\":\"Celular XIAOMI REDMI A3 4GB \\\/128GB - UnitGames\",\"isPartOf\":{\"@id\":\"https:\\\/\\\/unitgames.com.ar\\\/pc-gamer\\\/#website\"},\"primaryImageOfPage\":{\"@id\":\"https:\\\/\\\/unitgames.com.ar\\\/pc-gamer\\\/producto\\\/celular-xiaomi-redmi-a3-4gb-128gb\\\/#primaryimage\"},\"image\":{\"@id\":\"https:\\\/\\\/unitgames.com.ar\\\/pc-gamer\\\/producto\\\/celular-xiaomi-redmi-a3-4gb-128gb\\\/#primaryimage\"},\"thumbnailUrl\":\"https:\\\/\\\/unitgames.com.ar\\\/pc-gamer\\\/wp-content\\\/uploads\\\/2024\\\/10\\\/Celular-XIAOMI-REDMI-A3-4GB128GB.png\",\"datePublished\":\"2024-10-20T13:36:11+00:00\",\"dateModified\":\"2026-01-09T10:18:05+00:00\",\"breadcrumb\":{\"@id\":\"https:\\\/\\\/unitgames.com.ar\\\/pc-gamer\\\/producto\\\/celular-xiaomi-redmi-a3-4gb-128gb\\\/#breadcrumb\"},\"inLanguage\":\"es\",\"potentialAction\":[{\"@type\":\"ReadAction\",\"target\":[\"https:\\\/\\\/unitgames.com.ar\\\/pc-gamer\\\/producto\\\/celular-xiaomi-redmi-a3-4gb-128gb\\\/\"]}]},{\"@type\":\"ImageObject\",\"inLanguage\":\"es\",\"@id\":\"https:\\\/\\\/unitgames.com.ar\\\/pc-gamer\\\/producto\\\/celular-xiaomi-redmi-a3-4gb-128gb\\\/#primaryimage\",\"url\":\"https:\\\/\\\/unitgames.com.ar\\\/pc-gamer\\\/wp-content\\\/uploads\\\/2024\\\/10\\\/Celular-XIAOMI-REDMI-A3-4GB128GB.png\",\"contentUrl\":\"https:\\\/\\\/unitgames.com.ar\\\/pc-gamer\\\/wp-content\\\/uploads\\\/2024\\\/10\\\/Celular-XIAOMI-REDMI-A3-4GB128GB.png\",\"width\":1329,\"height\":1284},{\"@type\":\"BreadcrumbList\",\"@id\":\"https:\\\/\\\/unitgames.com.ar\\\/pc-gamer\\\/producto\\\/celular-xiaomi-redmi-a3-4gb-128gb\\\/#breadcrumb\",\"itemListElement\":[{\"@type\":\"ListItem\",\"position\":1,\"name\":\"Tienda\",\"item\":\"https:\\\/\\\/unitgames.com.ar\\\/pc-gamer\\\/tienda\\\/\"},{\"@type\":\"ListItem\",\"position\":2,\"name\":\"Celular XIAOMI REDMI A3 4GB \\\/128GB\"}]},{\"@type\":\"WebSite\",\"@id\":\"https:\\\/\\\/unitgames.com.ar\\\/pc-gamer\\\/#website\",\"url\":\"https:\\\/\\\/unitgames.com.ar\\\/pc-gamer\\\/\",\"name\":\"UnitGames\",\"description\":\"Venta de PC Gamers, Consolas , Servicio Tecnico Especializado. Todos en Accesorios Informaticos y Gamers\",\"publisher\":{\"@id\":\"https:\\\/\\\/unitgames.com.ar\\\/pc-gamer\\\/#organization\"},\"potentialAction\":[{\"@type\":\"SearchAction\",\"target\":{\"@type\":\"EntryPoint\",\"urlTemplate\":\"https:\\\/\\\/unitgames.com.ar\\\/pc-gamer\\\/?s={search_term_string}\"},\"query-input\":{\"@type\":\"PropertyValueSpecification\",\"valueRequired\":true,\"valueName\":\"search_term_string\"}}],\"inLanguage\":\"es\"},{\"@type\":\"Organization\",\"@id\":\"https:\\\/\\\/unitgames.com.ar\\\/pc-gamer\\\/#organization\",\"name\":\"UnitGames\",\"url\":\"https:\\\/\\\/unitgames.com.ar\\\/pc-gamer\\\/\",\"logo\":{\"@type\":\"ImageObject\",\"inLanguage\":\"es\",\"@id\":\"https:\\\/\\\/unitgames.com.ar\\\/pc-gamer\\\/#\\\/schema\\\/logo\\\/image\\\/\",\"url\":\"https:\\\/\\\/unitgames.com.ar\\\/pc-gamer\\\/wp-content\\\/uploads\\\/2021\\\/01\\\/cropped-logoUnitGames2.png\",\"contentUrl\":\"https:\\\/\\\/unitgames.com.ar\\\/pc-gamer\\\/wp-content\\\/uploads\\\/2021\\\/01\\\/cropped-logoUnitGames2.png\",\"width\":152,\"height\":200,\"caption\":\"UnitGames\"},\"image\":{\"@id\":\"https:\\\/\\\/unitgames.com.ar\\\/pc-gamer\\\/#\\\/schema\\\/logo\\\/image\\\/\"}}]}<\/script>\n<!-- \/ Yoast SEO plugin. -->","yoast_head_json":{"title":"Celular XIAOMI REDMI A3 4GB \/128GB - UnitGames","robots":{"index":"index","follow":"follow","max-snippet":"max-snippet:-1","max-image-preview":"max-image-preview:large","max-video-preview":"max-video-preview:-1"},"canonical":"https:\/\/unitgames.com.ar\/pc-gamer\/producto\/celular-xiaomi-redmi-a3-4gb-128gb\/","og_locale":"es_ES","og_type":"article","og_title":"Celular XIAOMI REDMI A3 4GB \/128GB - UnitGames","og_description":"El\u00a0Xiaomi Redmi A3\u00a0deja de lado Android (Go Edition) para pasar a utilizar la versi\u00f3n completa del sistema operativo. Con una pantalla HD+ de 6.71 pulgadas, el Redmi A3 est\u00e1 potenciado por un procesador Helio G36 con hasta 6GB de memoria RAM y 128GB de almacenamiento interno. La c\u00e1mara trasera est\u00e1 compuesta de un sensor de 8MP asistido por un sensor de profundidad, mientras que la c\u00e1mara selfie es de 5MP. Una generosa bater\u00eda de 5000 mAh provee la energ\u00eda al Redmi A3, que completa sus caracter\u00edsticas con lector de huellas lateral y Android 14. Dispositivo liberado para que elijas la compa\u00f1\u00eda telef\u00f3nica que prefieras. Con reconocimiento facial y sensor de huella dactilar. Dual Sim Ficha t\u00e9cnica \u00a0Pantalla 6.71&#8243;, 720 x 1650 pixels \u00a0Procesador Mediatek Helio G36 2.2GHz \u00a0Memoria RAM 4GB \u00a0Almacenamiento \/128GB \u00a0Expansi\u00f3n microSD \u00a0C\u00e1mara Dual, 8MP + 0.08MP \u00a0Bater\u00eda 5000 mAh \u00a0OS Android 14 \u00a0Perfil 8.3 mm \u00a0Peso 193 g &nbsp;","og_url":"https:\/\/unitgames.com.ar\/pc-gamer\/producto\/celular-xiaomi-redmi-a3-4gb-128gb\/","og_site_name":"UnitGames","article_modified_time":"2026-01-09T10:18:05+00:00","og_image":[{"width":1329,"height":1284,"url":"https:\/\/unitgames.com.ar\/pc-gamer\/wp-content\/uploads\/2024\/10\/Celular-XIAOMI-REDMI-A3-4GB128GB.png","type":"image\/png"}],"twitter_card":"summary_large_image","twitter_misc":{"Tiempo de lectura":"1 minuto"},"schema":{"@context":"https:\/\/schema.org","@graph":[{"@type":"WebPage","@id":"https:\/\/unitgames.com.ar\/pc-gamer\/producto\/celular-xiaomi-redmi-a3-4gb-128gb\/","url":"https:\/\/unitgames.com.ar\/pc-gamer\/producto\/celular-xiaomi-redmi-a3-4gb-128gb\/","name":"Celular XIAOMI REDMI A3 4GB \/128GB - UnitGames","isPartOf":{"@id":"https:\/\/unitgames.com.ar\/pc-gamer\/#website"},"primaryImageOfPage":{"@id":"https:\/\/unitgames.com.ar\/pc-gamer\/producto\/celular-xiaomi-redmi-a3-4gb-128gb\/#primaryimage"},"image":{"@id":"https:\/\/unitgames.com.ar\/pc-gamer\/producto\/celular-xiaomi-redmi-a3-4gb-128gb\/#primaryimage"},"thumbnailUrl":"https:\/\/unitgames.com.ar\/pc-gamer\/wp-content\/uploads\/2024\/10\/Celular-XIAOMI-REDMI-A3-4GB128GB.png","datePublished":"2024-10-20T13:36:11+00:00","dateModified":"2026-01-09T10:18:05+00:00","breadcrumb":{"@id":"https:\/\/unitgames.com.ar\/pc-gamer\/producto\/celular-xiaomi-redmi-a3-4gb-128gb\/#breadcrumb"},"inLanguage":"es","potentialAction":[{"@type":"ReadAction","target":["https:\/\/unitgames.com.ar\/pc-gamer\/producto\/celular-xiaomi-redmi-a3-4gb-128gb\/"]}]},{"@type":"ImageObject","inLanguage":"es","@id":"https:\/\/unitgames.com.ar\/pc-gamer\/producto\/celular-xiaomi-redmi-a3-4gb-128gb\/#primaryimage","url":"https:\/\/unitgames.com.ar\/pc-gamer\/wp-content\/uploads\/2024\/10\/Celular-XIAOMI-REDMI-A3-4GB128GB.png","contentUrl":"https:\/\/unitgames.com.ar\/pc-gamer\/wp-content\/uploads\/2024\/10\/Celular-XIAOMI-REDMI-A3-4GB128GB.png","width":1329,"height":1284},{"@type":"BreadcrumbList","@id":"https:\/\/unitgames.com.ar\/pc-gamer\/producto\/celular-xiaomi-redmi-a3-4gb-128gb\/#breadcrumb","itemListElement":[{"@type":"ListItem","position":1,"name":"Tienda","item":"https:\/\/unitgames.com.ar\/pc-gamer\/tienda\/"},{"@type":"ListItem","position":2,"name":"Celular XIAOMI REDMI A3 4GB \/128GB"}]},{"@type":"WebSite","@id":"https:\/\/unitgames.com.ar\/pc-gamer\/#website","url":"https:\/\/unitgames.com.ar\/pc-gamer\/","name":"UnitGames","description":"Venta de PC Gamers, Consolas , Servicio Tecnico Especializado. Todos en Accesorios Informaticos y Gamers","publisher":{"@id":"https:\/\/unitgames.com.ar\/pc-gamer\/#organization"},"potentialAction":[{"@type":"SearchAction","target":{"@type":"EntryPoint","urlTemplate":"https:\/\/unitgames.com.ar\/pc-gamer\/?s={search_term_string}"},"query-input":{"@type":"PropertyValueSpecification","valueRequired":true,"valueName":"search_term_string"}}],"inLanguage":"es"},{"@type":"Organization","@id":"https:\/\/unitgames.com.ar\/pc-gamer\/#organization","name":"UnitGames","url":"https:\/\/unitgames.com.ar\/pc-gamer\/","logo":{"@type":"ImageObject","inLanguage":"es","@id":"https:\/\/unitgames.com.ar\/pc-gamer\/#\/schema\/logo\/image\/","url":"https:\/\/unitgames.com.ar\/pc-gamer\/wp-content\/uploads\/2021\/01\/cropped-logoUnitGames2.png","contentUrl":"https:\/\/unitgames.com.ar\/pc-gamer\/wp-content\/uploads\/2021\/01\/cropped-logoUnitGames2.png","width":152,"height":200,"caption":"UnitGames"},"image":{"@id":"https:\/\/unitgames.com.ar\/pc-gamer\/#\/schema\/logo\/image\/"}}]}},"_links":{"self":[{"href":"https:\/\/unitgames.com.ar\/pc-gamer\/wp-json\/wp\/v2\/product\/11477","targetHints":{"allow":["GET"]}}],"collection":[{"href":"https:\/\/unitgames.com.ar\/pc-gamer\/wp-json\/wp\/v2\/product"}],"about":[{"href":"https:\/\/unitgames.com.ar\/pc-gamer\/wp-json\/wp\/v2\/types\/product"}],"version-history":[{"count":0,"href":"https:\/\/unitgames.com.ar\/pc-gamer\/wp-json\/wp\/v2\/product\/11477\/revisions"}],"wp:featuredmedia":[{"embeddable":true,"href":"https:\/\/unitgames.com.ar\/pc-gamer\/wp-json\/wp\/v2\/media\/11478"}],"wp:attachment":[{"href":"https:\/\/unitgames.com.ar\/pc-gamer\/wp-json\/wp\/v2\/media?parent=11477"}],"wp:term":[{"taxonomy":"product_brand","embeddable":true,"href":"https:\/\/unitgames.com.ar\/pc-gamer\/wp-json\/wp\/v2\/product_brand?post=11477"},{"taxonomy":"product_cat","embeddable":true,"href":"https:\/\/unitgames.com.ar\/pc-gamer\/wp-json\/wp\/v2\/product_cat?post=11477"},{"taxonomy":"product_tag","embeddable":true,"href":"https:\/\/unitgames.com.ar\/pc-gamer\/wp-json\/wp\/v2\/product_tag?post=11477"}],"curies":[{"name":"wp","href":"https:\/\/api.w.org\/{rel}","templated":true}]}}