{"id":11517,"date":"2024-10-25T14:53:43","date_gmt":"2024-10-25T14:53:43","guid":{"rendered":"https:\/\/unitgames.com.ar\/pc-gamer\/?post_type=product&#038;p=11517"},"modified":"2026-01-09T07:18:03","modified_gmt":"2026-01-09T10:18:03","slug":"thermal-pad-cooler-master-2mm","status":"publish","type":"product","link":"https:\/\/unitgames.com.ar\/pc-gamer\/producto\/thermal-pad-cooler-master-2mm\/","title":{"rendered":"Thermal Pad COOLER MASTER 2MM"},"content":{"rendered":"<p>Cooler master Thermal PAD 2.0mm TPX-NOPP-9020-R1 Termico<\/p>\n<p>&#8211; PARCHE T\u00c9RMICO<br \/>\nVERSATILIDAD DE REFRIGERACI\u00d3N EN TODAS PARTES<br \/>\nFormulado con Nanopart\u00edculas Adhesivo de doble cara no t\u00f3xico y no corrosivo Aplicaci\u00f3n vers\u00e1til y f\u00e1cil<\/p>\n<p>&#8211; PARCHE T\u00c9RMICO<br \/>\nLa nueva almohadilla t\u00e9rmica de Cooler Master es una soluci\u00f3n innovadora para la refrigeraci\u00f3n de dispositivos para una amplia gama de dispositivos y componentes electr\u00f3nicos.<\/p>\n<p>&#8211; FORMULADO CON NANOELEMENTOS<br \/>\nConductividad t\u00e9rmica de 13,3 w\/mK para un enfriamiento r\u00e1pido, capaz de generar altos niveles de calor.<\/p>\n<p>&#8211; NO T\u00d3XICO Y NO CORROSIVO<br \/>\nF\u00f3rmula segura y sencilla con propiedades de aislamiento el\u00e9ctrico y resistencia al calor para evitar el endurecimiento.<\/p>\n<p>&#8211; ADHESIVO DE DOBLE CARA<br \/>\nProporciona un contacto perfecto y seguro entre superficies.<\/p>\n<p>&#8211; AMPLIA GAMA DE APLICACIONES<br \/>\nDispositivos electr\u00f3nicos, placas base, componentes (CPU, GPU, USICS, Discos Duros, Disk Drives, m\u00f3dulo IGBT), port\u00e1tiles y productos diversos que requieran refrigeraci\u00f3n.<\/p>\n<p>&#8211; APLICACI\u00d3N VERS\u00c1TIL Y SENCILLA<br \/>\nCorte f\u00e1cilmente al tama\u00f1o perfecto para su aplicaci\u00f3n. Hay disponibles m\u00faltiples opciones de espesor.<\/p>\n<p>Especificaciones<br \/>\nN\u00famero de producto: TPX-NOPP-9020-R1<br \/>\nDimensiones (largo x ancho x alto): 95x45mm<br \/>\nConductividad t\u00e9rmica: 13,3 (W\/mK)<br \/>\nColor: P\u00farpura<br \/>\nDensidad: 3,4 +- 0,2 g\/cc<br \/>\nDureza: 30 &#8211; 60 puntos<br \/>\nCortocircuito: 6KV (1mm)<br \/>\nTemperatura de trabajo: -40 &#8211; 200\u00b0C<br \/>\nTipo de enfriador: Grasa t\u00e9rmica<\/p>\n","protected":false},"excerpt":{"rendered":"<p>Cooler master Thermal PAD 2.0mm TPX-NOPP-9020-R1 Termico &#8211; PARCHE T\u00c9RMICO VERSATILIDAD DE REFRIGERACI\u00d3N EN TODAS PARTES Formulado con Nanopart\u00edculas Adhesivo de doble cara no t\u00f3xico y no corrosivo Aplicaci\u00f3n vers\u00e1til y f\u00e1cil &#8211; PARCHE T\u00c9RMICO La nueva almohadilla t\u00e9rmica de Cooler Master es una soluci\u00f3n innovadora para la refrigeraci\u00f3n de dispositivos para una amplia gama de dispositivos y componentes electr\u00f3nicos. &#8211; FORMULADO CON NANOELEMENTOS Conductividad t\u00e9rmica de 13,3 w\/mK para un enfriamiento r\u00e1pido, capaz de generar altos niveles de calor. &#8211; NO T\u00d3XICO Y NO CORROSIVO F\u00f3rmula segura y sencilla con propiedades de aislamiento el\u00e9ctrico y resistencia al calor para evitar el endurecimiento. &#8211; ADHESIVO DE DOBLE CARA Proporciona un contacto perfecto y seguro entre superficies. &#8211; AMPLIA GAMA DE APLICACIONES Dispositivos electr\u00f3nicos, placas base, componentes (CPU, GPU, USICS, Discos Duros, Disk Drives, m\u00f3dulo IGBT), port\u00e1tiles y productos diversos que requieran refrigeraci\u00f3n. &#8211; APLICACI\u00d3N VERS\u00c1TIL Y SENCILLA Corte f\u00e1cilmente al tama\u00f1o perfecto para su aplicaci\u00f3n. Hay disponibles m\u00faltiples opciones de espesor. Especificaciones N\u00famero de producto: TPX-NOPP-9020-R1 Dimensiones (largo x ancho x alto): 95x45mm Conductividad t\u00e9rmica: 13,3 (W\/mK) Color: P\u00farpura Densidad: 3,4 +- 0,2 g\/cc Dureza: 30 &#8211; 60 puntos Cortocircuito: 6KV (1mm) Temperatura de trabajo: -40 &#8211; 200\u00b0C Tipo de enfriador: Grasa t\u00e9rmica<\/p>\n","protected":false},"featured_media":11552,"template":"","meta":{"site-sidebar-layout":"default","site-content-layout":"","ast-site-content-layout":"default","site-content-style":"default","site-sidebar-style":"default","ast-global-header-display":"","ast-banner-title-visibility":"","ast-main-header-display":"","ast-hfb-above-header-display":"","ast-hfb-below-header-display":"","ast-hfb-mobile-header-display":"","site-post-title":"","ast-breadcrumbs-content":"","ast-featured-img":"","footer-sml-layout":"","theme-transparent-header-meta":"","adv-header-id-meta":"","stick-header-meta":"","header-above-stick-meta":"","header-main-stick-meta":"","header-below-stick-meta":"","astra-migrate-meta-layouts":"default","ast-page-background-enabled":"default","ast-page-background-meta":{"desktop":{"background-color":"var(--ast-global-color-5)","background-image":"","background-repeat":"repeat","background-position":"center center","background-size":"auto","background-attachment":"scroll","background-type":"","background-media":"","overlay-type":"","overlay-color":"","overlay-opacity":"","overlay-gradient":""},"tablet":{"background-color":"","background-image":"","background-repeat":"repeat","background-position":"center center","background-size":"auto","background-attachment":"scroll","background-type":"","background-media":"","overlay-type":"","overlay-color":"","overlay-opacity":"","overlay-gradient":""},"mobile":{"background-color":"","background-image":"","background-repeat":"repeat","background-position":"center center","background-size":"auto","background-attachment":"scroll","background-type":"","background-media":"","overlay-type":"","overlay-color":"","overlay-opacity":"","overlay-gradient":""}},"ast-content-background-meta":{"desktop":{"background-color":"var(--ast-global-color-4)","background-image":"","background-repeat":"repeat","background-position":"center center","background-size":"auto","background-attachment":"scroll","background-type":"","background-media":"","overlay-type":"","overlay-color":"","overlay-opacity":"","overlay-gradient":""},"tablet":{"background-color":"var(--ast-global-color-4)","background-image":"","background-repeat":"repeat","background-position":"center center","background-size":"auto","background-attachment":"scroll","background-type":"","background-media":"","overlay-type":"","overlay-color":"","overlay-opacity":"","overlay-gradient":""},"mobile":{"background-color":"var(--ast-global-color-4)","background-image":"","background-repeat":"repeat","background-position":"center center","background-size":"auto","background-attachment":"scroll","background-type":"","background-media":"","overlay-type":"","overlay-color":"","overlay-opacity":"","overlay-gradient":""}},"_joinchat":[]},"product_brand":[],"product_cat":[102,137],"product_tag":[],"class_list":{"0":"post-11517","1":"product","2":"type-product","3":"status-publish","4":"has-post-thumbnail","6":"product_cat-cables-y-adaptadores","7":"product_cat-pasta-termica","8":"desktop-align-center","9":"tablet-align-left","10":"mobile-align-left","12":"first","13":"instock","14":"shipping-taxable","15":"purchasable","16":"product-type-simple"},"yoast_head":"<!-- This site is optimized with the Yoast SEO plugin v27.5 - https:\/\/yoast.com\/product\/yoast-seo-wordpress\/ -->\n<title>Thermal Pad COOLER MASTER 2MM - UnitGames<\/title>\n<meta name=\"robots\" content=\"index, follow, max-snippet:-1, max-image-preview:large, max-video-preview:-1\" \/>\n<link rel=\"canonical\" href=\"https:\/\/unitgames.com.ar\/pc-gamer\/producto\/thermal-pad-cooler-master-2mm\/\" \/>\n<meta property=\"og:locale\" content=\"es_ES\" \/>\n<meta property=\"og:type\" content=\"article\" \/>\n<meta property=\"og:title\" content=\"Thermal Pad COOLER MASTER 2MM - UnitGames\" \/>\n<meta property=\"og:description\" content=\"Cooler master Thermal PAD 2.0mm TPX-NOPP-9020-R1 Termico &#8211; PARCHE T\u00c9RMICO VERSATILIDAD DE REFRIGERACI\u00d3N EN TODAS PARTES Formulado con Nanopart\u00edculas Adhesivo de doble cara no t\u00f3xico y no corrosivo Aplicaci\u00f3n vers\u00e1til y f\u00e1cil &#8211; PARCHE T\u00c9RMICO La nueva almohadilla t\u00e9rmica de Cooler Master es una soluci\u00f3n innovadora para la refrigeraci\u00f3n de dispositivos para una amplia gama de dispositivos y componentes electr\u00f3nicos. &#8211; FORMULADO CON NANOELEMENTOS Conductividad t\u00e9rmica de 13,3 w\/mK para un enfriamiento r\u00e1pido, capaz de generar altos niveles de calor. &#8211; NO T\u00d3XICO Y NO CORROSIVO F\u00f3rmula segura y sencilla con propiedades de aislamiento el\u00e9ctrico y resistencia al calor para evitar el endurecimiento. &#8211; ADHESIVO DE DOBLE CARA Proporciona un contacto perfecto y seguro entre superficies. &#8211; AMPLIA GAMA DE APLICACIONES Dispositivos electr\u00f3nicos, placas base, componentes (CPU, GPU, USICS, Discos Duros, Disk Drives, m\u00f3dulo IGBT), port\u00e1tiles y productos diversos que requieran refrigeraci\u00f3n. &#8211; APLICACI\u00d3N VERS\u00c1TIL Y SENCILLA Corte f\u00e1cilmente al tama\u00f1o perfecto para su aplicaci\u00f3n. Hay disponibles m\u00faltiples opciones de espesor. Especificaciones N\u00famero de producto: TPX-NOPP-9020-R1 Dimensiones (largo x ancho x alto): 95x45mm Conductividad t\u00e9rmica: 13,3 (W\/mK) Color: P\u00farpura Densidad: 3,4 +- 0,2 g\/cc Dureza: 30 &#8211; 60 puntos Cortocircuito: 6KV (1mm) Temperatura de trabajo: -40 &#8211; 200\u00b0C Tipo de enfriador: Grasa t\u00e9rmica\" \/>\n<meta property=\"og:url\" content=\"https:\/\/unitgames.com.ar\/pc-gamer\/producto\/thermal-pad-cooler-master-2mm\/\" \/>\n<meta property=\"og:site_name\" content=\"UnitGames\" \/>\n<meta property=\"article:modified_time\" content=\"2026-01-09T10:18:03+00:00\" \/>\n<meta property=\"og:image\" content=\"https:\/\/unitgames.com.ar\/pc-gamer\/wp-content\/uploads\/2024\/10\/Thermal-Pad-COOLER-MASTER-2MM.png\" \/>\n\t<meta property=\"og:image:width\" content=\"1263\" \/>\n\t<meta property=\"og:image:height\" content=\"1285\" \/>\n\t<meta property=\"og:image:type\" content=\"image\/png\" \/>\n<meta name=\"twitter:card\" content=\"summary_large_image\" \/>\n<meta name=\"twitter:label1\" content=\"Tiempo de lectura\" \/>\n\t<meta name=\"twitter:data1\" content=\"2 minutos\" \/>\n<script type=\"application\/ld+json\" class=\"yoast-schema-graph\">{\"@context\":\"https:\\\/\\\/schema.org\",\"@graph\":[{\"@type\":\"WebPage\",\"@id\":\"https:\\\/\\\/unitgames.com.ar\\\/pc-gamer\\\/producto\\\/thermal-pad-cooler-master-2mm\\\/\",\"url\":\"https:\\\/\\\/unitgames.com.ar\\\/pc-gamer\\\/producto\\\/thermal-pad-cooler-master-2mm\\\/\",\"name\":\"Thermal Pad COOLER MASTER 2MM - UnitGames\",\"isPartOf\":{\"@id\":\"https:\\\/\\\/unitgames.com.ar\\\/pc-gamer\\\/#website\"},\"primaryImageOfPage\":{\"@id\":\"https:\\\/\\\/unitgames.com.ar\\\/pc-gamer\\\/producto\\\/thermal-pad-cooler-master-2mm\\\/#primaryimage\"},\"image\":{\"@id\":\"https:\\\/\\\/unitgames.com.ar\\\/pc-gamer\\\/producto\\\/thermal-pad-cooler-master-2mm\\\/#primaryimage\"},\"thumbnailUrl\":\"https:\\\/\\\/unitgames.com.ar\\\/pc-gamer\\\/wp-content\\\/uploads\\\/2024\\\/10\\\/Thermal-Pad-COOLER-MASTER-2MM.png\",\"datePublished\":\"2024-10-25T14:53:43+00:00\",\"dateModified\":\"2026-01-09T10:18:03+00:00\",\"breadcrumb\":{\"@id\":\"https:\\\/\\\/unitgames.com.ar\\\/pc-gamer\\\/producto\\\/thermal-pad-cooler-master-2mm\\\/#breadcrumb\"},\"inLanguage\":\"es\",\"potentialAction\":[{\"@type\":\"ReadAction\",\"target\":[\"https:\\\/\\\/unitgames.com.ar\\\/pc-gamer\\\/producto\\\/thermal-pad-cooler-master-2mm\\\/\"]}]},{\"@type\":\"ImageObject\",\"inLanguage\":\"es\",\"@id\":\"https:\\\/\\\/unitgames.com.ar\\\/pc-gamer\\\/producto\\\/thermal-pad-cooler-master-2mm\\\/#primaryimage\",\"url\":\"https:\\\/\\\/unitgames.com.ar\\\/pc-gamer\\\/wp-content\\\/uploads\\\/2024\\\/10\\\/Thermal-Pad-COOLER-MASTER-2MM.png\",\"contentUrl\":\"https:\\\/\\\/unitgames.com.ar\\\/pc-gamer\\\/wp-content\\\/uploads\\\/2024\\\/10\\\/Thermal-Pad-COOLER-MASTER-2MM.png\",\"width\":1263,\"height\":1285},{\"@type\":\"BreadcrumbList\",\"@id\":\"https:\\\/\\\/unitgames.com.ar\\\/pc-gamer\\\/producto\\\/thermal-pad-cooler-master-2mm\\\/#breadcrumb\",\"itemListElement\":[{\"@type\":\"ListItem\",\"position\":1,\"name\":\"Tienda\",\"item\":\"https:\\\/\\\/unitgames.com.ar\\\/pc-gamer\\\/tienda\\\/\"},{\"@type\":\"ListItem\",\"position\":2,\"name\":\"Thermal Pad COOLER MASTER 2MM\"}]},{\"@type\":\"WebSite\",\"@id\":\"https:\\\/\\\/unitgames.com.ar\\\/pc-gamer\\\/#website\",\"url\":\"https:\\\/\\\/unitgames.com.ar\\\/pc-gamer\\\/\",\"name\":\"UnitGames\",\"description\":\"Venta de PC Gamers, Consolas , Servicio Tecnico Especializado. Todos en Accesorios Informaticos y Gamers\",\"publisher\":{\"@id\":\"https:\\\/\\\/unitgames.com.ar\\\/pc-gamer\\\/#organization\"},\"potentialAction\":[{\"@type\":\"SearchAction\",\"target\":{\"@type\":\"EntryPoint\",\"urlTemplate\":\"https:\\\/\\\/unitgames.com.ar\\\/pc-gamer\\\/?s={search_term_string}\"},\"query-input\":{\"@type\":\"PropertyValueSpecification\",\"valueRequired\":true,\"valueName\":\"search_term_string\"}}],\"inLanguage\":\"es\"},{\"@type\":\"Organization\",\"@id\":\"https:\\\/\\\/unitgames.com.ar\\\/pc-gamer\\\/#organization\",\"name\":\"UnitGames\",\"url\":\"https:\\\/\\\/unitgames.com.ar\\\/pc-gamer\\\/\",\"logo\":{\"@type\":\"ImageObject\",\"inLanguage\":\"es\",\"@id\":\"https:\\\/\\\/unitgames.com.ar\\\/pc-gamer\\\/#\\\/schema\\\/logo\\\/image\\\/\",\"url\":\"https:\\\/\\\/unitgames.com.ar\\\/pc-gamer\\\/wp-content\\\/uploads\\\/2021\\\/01\\\/cropped-logoUnitGames2.png\",\"contentUrl\":\"https:\\\/\\\/unitgames.com.ar\\\/pc-gamer\\\/wp-content\\\/uploads\\\/2021\\\/01\\\/cropped-logoUnitGames2.png\",\"width\":152,\"height\":200,\"caption\":\"UnitGames\"},\"image\":{\"@id\":\"https:\\\/\\\/unitgames.com.ar\\\/pc-gamer\\\/#\\\/schema\\\/logo\\\/image\\\/\"}}]}<\/script>\n<!-- \/ Yoast SEO plugin. -->","yoast_head_json":{"title":"Thermal Pad COOLER MASTER 2MM - UnitGames","robots":{"index":"index","follow":"follow","max-snippet":"max-snippet:-1","max-image-preview":"max-image-preview:large","max-video-preview":"max-video-preview:-1"},"canonical":"https:\/\/unitgames.com.ar\/pc-gamer\/producto\/thermal-pad-cooler-master-2mm\/","og_locale":"es_ES","og_type":"article","og_title":"Thermal Pad COOLER MASTER 2MM - UnitGames","og_description":"Cooler master Thermal PAD 2.0mm TPX-NOPP-9020-R1 Termico &#8211; PARCHE T\u00c9RMICO VERSATILIDAD DE REFRIGERACI\u00d3N EN TODAS PARTES Formulado con Nanopart\u00edculas Adhesivo de doble cara no t\u00f3xico y no corrosivo Aplicaci\u00f3n vers\u00e1til y f\u00e1cil &#8211; PARCHE T\u00c9RMICO La nueva almohadilla t\u00e9rmica de Cooler Master es una soluci\u00f3n innovadora para la refrigeraci\u00f3n de dispositivos para una amplia gama de dispositivos y componentes electr\u00f3nicos. &#8211; FORMULADO CON NANOELEMENTOS Conductividad t\u00e9rmica de 13,3 w\/mK para un enfriamiento r\u00e1pido, capaz de generar altos niveles de calor. &#8211; NO T\u00d3XICO Y NO CORROSIVO F\u00f3rmula segura y sencilla con propiedades de aislamiento el\u00e9ctrico y resistencia al calor para evitar el endurecimiento. &#8211; ADHESIVO DE DOBLE CARA Proporciona un contacto perfecto y seguro entre superficies. &#8211; AMPLIA GAMA DE APLICACIONES Dispositivos electr\u00f3nicos, placas base, componentes (CPU, GPU, USICS, Discos Duros, Disk Drives, m\u00f3dulo IGBT), port\u00e1tiles y productos diversos que requieran refrigeraci\u00f3n. &#8211; APLICACI\u00d3N VERS\u00c1TIL Y SENCILLA Corte f\u00e1cilmente al tama\u00f1o perfecto para su aplicaci\u00f3n. Hay disponibles m\u00faltiples opciones de espesor. Especificaciones N\u00famero de producto: TPX-NOPP-9020-R1 Dimensiones (largo x ancho x alto): 95x45mm Conductividad t\u00e9rmica: 13,3 (W\/mK) Color: P\u00farpura Densidad: 3,4 +- 0,2 g\/cc Dureza: 30 &#8211; 60 puntos Cortocircuito: 6KV (1mm) Temperatura de trabajo: -40 &#8211; 200\u00b0C Tipo de enfriador: Grasa t\u00e9rmica","og_url":"https:\/\/unitgames.com.ar\/pc-gamer\/producto\/thermal-pad-cooler-master-2mm\/","og_site_name":"UnitGames","article_modified_time":"2026-01-09T10:18:03+00:00","og_image":[{"width":1263,"height":1285,"url":"https:\/\/unitgames.com.ar\/pc-gamer\/wp-content\/uploads\/2024\/10\/Thermal-Pad-COOLER-MASTER-2MM.png","type":"image\/png"}],"twitter_card":"summary_large_image","twitter_misc":{"Tiempo de lectura":"2 minutos"},"schema":{"@context":"https:\/\/schema.org","@graph":[{"@type":"WebPage","@id":"https:\/\/unitgames.com.ar\/pc-gamer\/producto\/thermal-pad-cooler-master-2mm\/","url":"https:\/\/unitgames.com.ar\/pc-gamer\/producto\/thermal-pad-cooler-master-2mm\/","name":"Thermal Pad COOLER MASTER 2MM - UnitGames","isPartOf":{"@id":"https:\/\/unitgames.com.ar\/pc-gamer\/#website"},"primaryImageOfPage":{"@id":"https:\/\/unitgames.com.ar\/pc-gamer\/producto\/thermal-pad-cooler-master-2mm\/#primaryimage"},"image":{"@id":"https:\/\/unitgames.com.ar\/pc-gamer\/producto\/thermal-pad-cooler-master-2mm\/#primaryimage"},"thumbnailUrl":"https:\/\/unitgames.com.ar\/pc-gamer\/wp-content\/uploads\/2024\/10\/Thermal-Pad-COOLER-MASTER-2MM.png","datePublished":"2024-10-25T14:53:43+00:00","dateModified":"2026-01-09T10:18:03+00:00","breadcrumb":{"@id":"https:\/\/unitgames.com.ar\/pc-gamer\/producto\/thermal-pad-cooler-master-2mm\/#breadcrumb"},"inLanguage":"es","potentialAction":[{"@type":"ReadAction","target":["https:\/\/unitgames.com.ar\/pc-gamer\/producto\/thermal-pad-cooler-master-2mm\/"]}]},{"@type":"ImageObject","inLanguage":"es","@id":"https:\/\/unitgames.com.ar\/pc-gamer\/producto\/thermal-pad-cooler-master-2mm\/#primaryimage","url":"https:\/\/unitgames.com.ar\/pc-gamer\/wp-content\/uploads\/2024\/10\/Thermal-Pad-COOLER-MASTER-2MM.png","contentUrl":"https:\/\/unitgames.com.ar\/pc-gamer\/wp-content\/uploads\/2024\/10\/Thermal-Pad-COOLER-MASTER-2MM.png","width":1263,"height":1285},{"@type":"BreadcrumbList","@id":"https:\/\/unitgames.com.ar\/pc-gamer\/producto\/thermal-pad-cooler-master-2mm\/#breadcrumb","itemListElement":[{"@type":"ListItem","position":1,"name":"Tienda","item":"https:\/\/unitgames.com.ar\/pc-gamer\/tienda\/"},{"@type":"ListItem","position":2,"name":"Thermal Pad COOLER MASTER 2MM"}]},{"@type":"WebSite","@id":"https:\/\/unitgames.com.ar\/pc-gamer\/#website","url":"https:\/\/unitgames.com.ar\/pc-gamer\/","name":"UnitGames","description":"Venta de PC Gamers, Consolas , Servicio Tecnico Especializado. Todos en Accesorios Informaticos y Gamers","publisher":{"@id":"https:\/\/unitgames.com.ar\/pc-gamer\/#organization"},"potentialAction":[{"@type":"SearchAction","target":{"@type":"EntryPoint","urlTemplate":"https:\/\/unitgames.com.ar\/pc-gamer\/?s={search_term_string}"},"query-input":{"@type":"PropertyValueSpecification","valueRequired":true,"valueName":"search_term_string"}}],"inLanguage":"es"},{"@type":"Organization","@id":"https:\/\/unitgames.com.ar\/pc-gamer\/#organization","name":"UnitGames","url":"https:\/\/unitgames.com.ar\/pc-gamer\/","logo":{"@type":"ImageObject","inLanguage":"es","@id":"https:\/\/unitgames.com.ar\/pc-gamer\/#\/schema\/logo\/image\/","url":"https:\/\/unitgames.com.ar\/pc-gamer\/wp-content\/uploads\/2021\/01\/cropped-logoUnitGames2.png","contentUrl":"https:\/\/unitgames.com.ar\/pc-gamer\/wp-content\/uploads\/2021\/01\/cropped-logoUnitGames2.png","width":152,"height":200,"caption":"UnitGames"},"image":{"@id":"https:\/\/unitgames.com.ar\/pc-gamer\/#\/schema\/logo\/image\/"}}]}},"_links":{"self":[{"href":"https:\/\/unitgames.com.ar\/pc-gamer\/wp-json\/wp\/v2\/product\/11517","targetHints":{"allow":["GET"]}}],"collection":[{"href":"https:\/\/unitgames.com.ar\/pc-gamer\/wp-json\/wp\/v2\/product"}],"about":[{"href":"https:\/\/unitgames.com.ar\/pc-gamer\/wp-json\/wp\/v2\/types\/product"}],"version-history":[{"count":0,"href":"https:\/\/unitgames.com.ar\/pc-gamer\/wp-json\/wp\/v2\/product\/11517\/revisions"}],"wp:featuredmedia":[{"embeddable":true,"href":"https:\/\/unitgames.com.ar\/pc-gamer\/wp-json\/wp\/v2\/media\/11552"}],"wp:attachment":[{"href":"https:\/\/unitgames.com.ar\/pc-gamer\/wp-json\/wp\/v2\/media?parent=11517"}],"wp:term":[{"taxonomy":"product_brand","embeddable":true,"href":"https:\/\/unitgames.com.ar\/pc-gamer\/wp-json\/wp\/v2\/product_brand?post=11517"},{"taxonomy":"product_cat","embeddable":true,"href":"https:\/\/unitgames.com.ar\/pc-gamer\/wp-json\/wp\/v2\/product_cat?post=11517"},{"taxonomy":"product_tag","embeddable":true,"href":"https:\/\/unitgames.com.ar\/pc-gamer\/wp-json\/wp\/v2\/product_tag?post=11517"}],"curies":[{"name":"wp","href":"https:\/\/api.w.org\/{rel}","templated":true}]}}