{"id":11529,"date":"2024-10-30T20:50:05","date_gmt":"2024-10-30T20:50:05","guid":{"rendered":"https:\/\/unitgames.com.ar\/pc-gamer\/?post_type=product&#038;p=11529"},"modified":"2026-01-09T07:18:01","modified_gmt":"2026-01-09T10:18:01","slug":"parlante-genius-sw-2-1-350-10w","status":"publish","type":"product","link":"https:\/\/unitgames.com.ar\/pc-gamer\/producto\/parlante-genius-sw-2-1-350-10w\/","title":{"rendered":"Parlante GENIUS SW-2.1 350 10w"},"content":{"rendered":"<table border=\"0\" cellspacing=\"0\" cellpadding=\"0\">\n<colgroup>\n<col width=\"175\" \/>\n<col width=\"899\" \/><\/colgroup>\n<tbody>\n<tr>\n<td width=\"175\" height=\"20\"><strong>Fuente de alimentaci\u00f3n<\/strong><\/td>\n<td width=\"899\">100V &#8211; 240V<\/td>\n<\/tr>\n<tr>\n<td height=\"20\"><strong>Entrada de audio<\/strong><\/td>\n<td>3,5 mm<\/td>\n<\/tr>\n<tr>\n<td height=\"20\"><strong>Potencia total de salida (\uff37)<\/strong><\/td>\n<td>15 W (Subwoofer: 8 W \/ Sat\u00e9lites: 3,5 W x2)<\/td>\n<\/tr>\n<tr>\n<td height=\"20\"><strong>Unidad de controlador<\/strong><\/td>\n<td>Subwoofer: 40 Hz \u2013 160 Hz \/ Sat\u00e9lites: 130 Hz \u2013 20 kHz<\/td>\n<\/tr>\n<tr>\n<td height=\"20\"><strong>S\/N Ratio<\/strong><\/td>\n<td>Subwoofer: \u2267 70 dB \/ Sat\u00e9lites: \u2267 75 dB<\/td>\n<\/tr>\n<tr>\n<td height=\"20\"><strong>Control del volumen<\/strong><\/td>\n<td>S\u00ed<\/td>\n<\/tr>\n<tr>\n<td height=\"20\"><strong>Longitud del cable (m)<\/strong><\/td>\n<td>1,5 m<\/td>\n<\/tr>\n<tr>\n<td height=\"25\"><strong>Otro<\/strong><\/td>\n<td>\u2014<\/td>\n<\/tr>\n<tr>\n<td height=\"20\"><strong>Peso (g)<\/strong><\/td>\n<td class=\"xl65\" width=\"899\">Aprox. Subwoofer: 1253 g, Dos sat\u00e9lites: 662 g<\/td>\n<\/tr>\n<tr>\n<td height=\"20\"><strong>Dimensiones (A x A x P) mm (pulgadas)<\/strong><\/td>\n<td>Subwoofer: 216 x 145 x 158 mm (8,50 x 5,70 x 6,22 pulgadas)<\/td>\n<\/tr>\n<tr>\n<td height=\"25\"><strong>\u00a0<\/strong><\/td>\n<td>Sat\u00e9lite: 84 x 130 x 90 mm (3,30 x 5,12 x 3,54 pulgadas)<\/td>\n<\/tr>\n<tr>\n<td height=\"20\"><strong>Compatible con sistema operativo<\/strong><\/td>\n<td>Computadoras o port\u00e1tiles con Windows\u00ae o mac\u00aeOS \/ Tabletas o tel\u00e9fonos inteligentes \/ Reproductores de MP3<\/td>\n<\/tr>\n<tr>\n<td height=\"20\"><strong>Colores<\/strong><\/td>\n<td>Madera de nogal marr\u00f3n, Madera negra<\/td>\n<\/tr>\n<tr>\n<td height=\"20\"><strong>\u00a0<\/strong><\/td>\n<td class=\"xl65\" width=\"899\">*Las im\u00e1genes y colores de productos que se muestran en el paquete son \u00daNICAMENTE para referencia.<br \/>\nVea los art\u00edculos incluidos para determinar sus caracter\u00edsticas reales.<\/td>\n<\/tr>\n<tr>\n<td height=\"25\"><strong>Contenido de la caja<\/strong><\/td>\n<td>SW-2.1 350 Subwoofer x1<\/td>\n<\/tr>\n<tr>\n<td height=\"20\"><\/td>\n<td>SW-2.1 350 Sat\u00e9lite x2<\/td>\n<\/tr>\n<tr>\n<td height=\"20\"><\/td>\n<td class=\"xl65\" width=\"899\">Cable de alimentaci\u00f3n x1<\/td>\n<\/tr>\n<tr>\n<td height=\"25\"><\/td>\n<td class=\"xl65\" width=\"899\">3.5 mm cable de audio x1<\/td>\n<\/tr>\n<tr>\n<td height=\"20\"><\/td>\n<td>Manual de usuario en varios idiomas<\/td>\n<\/tr>\n<\/tbody>\n<\/table>\n","protected":false},"excerpt":{"rendered":"<p>Fuente de alimentaci\u00f3n 100V &#8211; 240V Entrada de audio 3,5 mm Potencia total de salida (\uff37) 15 W (Subwoofer: 8 W \/ Sat\u00e9lites: 3,5 W x2) Unidad de controlador Subwoofer: 40 Hz \u2013 160 Hz \/ Sat\u00e9lites: 130 Hz \u2013 20 kHz S\/N Ratio Subwoofer: \u2267 70 dB \/ Sat\u00e9lites: \u2267 75 dB Control del volumen S\u00ed Longitud del cable (m) 1,5 m Otro \u2014 Peso (g) Aprox. Subwoofer: 1253 g, Dos sat\u00e9lites: 662 g Dimensiones (A x A x P) mm (pulgadas) Subwoofer: 216 x 145 x 158 mm (8,50 x 5,70 x 6,22 pulgadas) \u00a0 Sat\u00e9lite: 84 x 130 x 90 mm (3,30 x 5,12 x 3,54 pulgadas) Compatible con sistema operativo Computadoras o port\u00e1tiles con Windows\u00ae o mac\u00aeOS \/ Tabletas o tel\u00e9fonos inteligentes \/ Reproductores de MP3 Colores Madera de nogal marr\u00f3n, Madera negra \u00a0 *Las im\u00e1genes y colores de productos que se muestran en el paquete son \u00daNICAMENTE para referencia. Vea los art\u00edculos incluidos para determinar sus caracter\u00edsticas reales. Contenido de la caja SW-2.1 350 Subwoofer x1 SW-2.1 350 Sat\u00e9lite x2 Cable de alimentaci\u00f3n x1 3.5 mm cable de audio x1 Manual de usuario en varios idiomas<\/p>\n","protected":false},"featured_media":11530,"template":"","meta":{"site-sidebar-layout":"default","site-content-layout":"","ast-site-content-layout":"default","site-content-style":"default","site-sidebar-style":"default","ast-global-header-display":"","ast-banner-title-visibility":"","ast-main-header-display":"","ast-hfb-above-header-display":"","ast-hfb-below-header-display":"","ast-hfb-mobile-header-display":"","site-post-title":"","ast-breadcrumbs-content":"","ast-featured-img":"","footer-sml-layout":"","theme-transparent-header-meta":"","adv-header-id-meta":"","stick-header-meta":"","header-above-stick-meta":"","header-main-stick-meta":"","header-below-stick-meta":"","astra-migrate-meta-layouts":"default","ast-page-background-enabled":"default","ast-page-background-meta":{"desktop":{"background-color":"var(--ast-global-color-5)","background-image":"","background-repeat":"repeat","background-position":"center center","background-size":"auto","background-attachment":"scroll","background-type":"","background-media":"","overlay-type":"","overlay-color":"","overlay-opacity":"","overlay-gradient":""},"tablet":{"background-color":"","background-image":"","background-repeat":"repeat","background-position":"center center","background-size":"auto","background-attachment":"scroll","background-type":"","background-media":"","overlay-type":"","overlay-color":"","overlay-opacity":"","overlay-gradient":""},"mobile":{"background-color":"","background-image":"","background-repeat":"repeat","background-position":"center center","background-size":"auto","background-attachment":"scroll","background-type":"","background-media":"","overlay-type":"","overlay-color":"","overlay-opacity":"","overlay-gradient":""}},"ast-content-background-meta":{"desktop":{"background-color":"var(--ast-global-color-4)","background-image":"","background-repeat":"repeat","background-position":"center center","background-size":"auto","background-attachment":"scroll","background-type":"","background-media":"","overlay-type":"","overlay-color":"","overlay-opacity":"","overlay-gradient":""},"tablet":{"background-color":"var(--ast-global-color-4)","background-image":"","background-repeat":"repeat","background-position":"center center","background-size":"auto","background-attachment":"scroll","background-type":"","background-media":"","overlay-type":"","overlay-color":"","overlay-opacity":"","overlay-gradient":""},"mobile":{"background-color":"var(--ast-global-color-4)","background-image":"","background-repeat":"repeat","background-position":"center center","background-size":"auto","background-attachment":"scroll","background-type":"","background-media":"","overlay-type":"","overlay-color":"","overlay-opacity":"","overlay-gradient":""}},"_joinchat":[]},"product_brand":[],"product_cat":[85],"product_tag":[],"class_list":{"0":"post-11529","1":"product","2":"type-product","3":"status-publish","4":"has-post-thumbnail","6":"product_cat-parlantes","7":"desktop-align-center","8":"tablet-align-left","9":"mobile-align-left","11":"first","12":"instock","13":"shipping-taxable","14":"purchasable","15":"product-type-simple"},"yoast_head":"<!-- This site is optimized with the Yoast SEO plugin v27.3 - https:\/\/yoast.com\/product\/yoast-seo-wordpress\/ -->\n<title>Parlante GENIUS SW-2.1 350 10w - UnitGames<\/title>\n<meta name=\"robots\" content=\"index, follow, max-snippet:-1, max-image-preview:large, max-video-preview:-1\" \/>\n<link rel=\"canonical\" href=\"https:\/\/unitgames.com.ar\/pc-gamer\/producto\/parlante-genius-sw-2-1-350-10w\/\" \/>\n<meta property=\"og:locale\" content=\"es_ES\" \/>\n<meta property=\"og:type\" content=\"article\" \/>\n<meta property=\"og:title\" content=\"Parlante GENIUS SW-2.1 350 10w - UnitGames\" \/>\n<meta property=\"og:description\" content=\"Fuente de alimentaci\u00f3n 100V &#8211; 240V Entrada de audio 3,5 mm Potencia total de salida (\uff37) 15 W (Subwoofer: 8 W \/ Sat\u00e9lites: 3,5 W x2) Unidad de controlador Subwoofer: 40 Hz \u2013 160 Hz \/ Sat\u00e9lites: 130 Hz \u2013 20 kHz S\/N Ratio Subwoofer: \u2267 70 dB \/ Sat\u00e9lites: \u2267 75 dB Control del volumen S\u00ed Longitud del cable (m) 1,5 m Otro \u2014 Peso (g) Aprox. Subwoofer: 1253 g, Dos sat\u00e9lites: 662 g Dimensiones (A x A x P) mm (pulgadas) Subwoofer: 216 x 145 x 158 mm (8,50 x 5,70 x 6,22 pulgadas) \u00a0 Sat\u00e9lite: 84 x 130 x 90 mm (3,30 x 5,12 x 3,54 pulgadas) Compatible con sistema operativo Computadoras o port\u00e1tiles con Windows\u00ae o mac\u00aeOS \/ Tabletas o tel\u00e9fonos inteligentes \/ Reproductores de MP3 Colores Madera de nogal marr\u00f3n, Madera negra \u00a0 *Las im\u00e1genes y colores de productos que se muestran en el paquete son \u00daNICAMENTE para referencia. Vea los art\u00edculos incluidos para determinar sus caracter\u00edsticas reales. Contenido de la caja SW-2.1 350 Subwoofer x1 SW-2.1 350 Sat\u00e9lite x2 Cable de alimentaci\u00f3n x1 3.5 mm cable de audio x1 Manual de usuario en varios idiomas\" \/>\n<meta property=\"og:url\" content=\"https:\/\/unitgames.com.ar\/pc-gamer\/producto\/parlante-genius-sw-2-1-350-10w\/\" \/>\n<meta property=\"og:site_name\" content=\"UnitGames\" \/>\n<meta property=\"article:modified_time\" content=\"2026-01-09T10:18:01+00:00\" \/>\n<meta property=\"og:image\" content=\"https:\/\/unitgames.com.ar\/pc-gamer\/wp-content\/uploads\/2024\/10\/Parlante-GENIUS-SW-2.1-350X-10.png\" \/>\n\t<meta property=\"og:image:width\" content=\"1283\" \/>\n\t<meta property=\"og:image:height\" content=\"1283\" \/>\n\t<meta property=\"og:image:type\" content=\"image\/png\" \/>\n<meta name=\"twitter:card\" content=\"summary_large_image\" \/>\n<meta name=\"twitter:label1\" content=\"Tiempo de lectura\" \/>\n\t<meta name=\"twitter:data1\" content=\"2 minutos\" \/>\n<script type=\"application\/ld+json\" class=\"yoast-schema-graph\">{\"@context\":\"https:\\\/\\\/schema.org\",\"@graph\":[{\"@type\":\"WebPage\",\"@id\":\"https:\\\/\\\/unitgames.com.ar\\\/pc-gamer\\\/producto\\\/parlante-genius-sw-2-1-350-10w\\\/\",\"url\":\"https:\\\/\\\/unitgames.com.ar\\\/pc-gamer\\\/producto\\\/parlante-genius-sw-2-1-350-10w\\\/\",\"name\":\"Parlante GENIUS SW-2.1 350 10w - UnitGames\",\"isPartOf\":{\"@id\":\"https:\\\/\\\/unitgames.com.ar\\\/pc-gamer\\\/#website\"},\"primaryImageOfPage\":{\"@id\":\"https:\\\/\\\/unitgames.com.ar\\\/pc-gamer\\\/producto\\\/parlante-genius-sw-2-1-350-10w\\\/#primaryimage\"},\"image\":{\"@id\":\"https:\\\/\\\/unitgames.com.ar\\\/pc-gamer\\\/producto\\\/parlante-genius-sw-2-1-350-10w\\\/#primaryimage\"},\"thumbnailUrl\":\"https:\\\/\\\/unitgames.com.ar\\\/pc-gamer\\\/wp-content\\\/uploads\\\/2024\\\/10\\\/Parlante-GENIUS-SW-2.1-350X-10.png\",\"datePublished\":\"2024-10-30T20:50:05+00:00\",\"dateModified\":\"2026-01-09T10:18:01+00:00\",\"breadcrumb\":{\"@id\":\"https:\\\/\\\/unitgames.com.ar\\\/pc-gamer\\\/producto\\\/parlante-genius-sw-2-1-350-10w\\\/#breadcrumb\"},\"inLanguage\":\"es\",\"potentialAction\":[{\"@type\":\"ReadAction\",\"target\":[\"https:\\\/\\\/unitgames.com.ar\\\/pc-gamer\\\/producto\\\/parlante-genius-sw-2-1-350-10w\\\/\"]}]},{\"@type\":\"ImageObject\",\"inLanguage\":\"es\",\"@id\":\"https:\\\/\\\/unitgames.com.ar\\\/pc-gamer\\\/producto\\\/parlante-genius-sw-2-1-350-10w\\\/#primaryimage\",\"url\":\"https:\\\/\\\/unitgames.com.ar\\\/pc-gamer\\\/wp-content\\\/uploads\\\/2024\\\/10\\\/Parlante-GENIUS-SW-2.1-350X-10.png\",\"contentUrl\":\"https:\\\/\\\/unitgames.com.ar\\\/pc-gamer\\\/wp-content\\\/uploads\\\/2024\\\/10\\\/Parlante-GENIUS-SW-2.1-350X-10.png\",\"width\":1283,\"height\":1283},{\"@type\":\"BreadcrumbList\",\"@id\":\"https:\\\/\\\/unitgames.com.ar\\\/pc-gamer\\\/producto\\\/parlante-genius-sw-2-1-350-10w\\\/#breadcrumb\",\"itemListElement\":[{\"@type\":\"ListItem\",\"position\":1,\"name\":\"Tienda\",\"item\":\"https:\\\/\\\/unitgames.com.ar\\\/pc-gamer\\\/tienda\\\/\"},{\"@type\":\"ListItem\",\"position\":2,\"name\":\"Parlante GENIUS SW-2.1 350 10w\"}]},{\"@type\":\"WebSite\",\"@id\":\"https:\\\/\\\/unitgames.com.ar\\\/pc-gamer\\\/#website\",\"url\":\"https:\\\/\\\/unitgames.com.ar\\\/pc-gamer\\\/\",\"name\":\"UnitGames\",\"description\":\"Venta de PC Gamers, Consolas , Servicio Tecnico Especializado. Todos en Accesorios Informaticos y Gamers\",\"publisher\":{\"@id\":\"https:\\\/\\\/unitgames.com.ar\\\/pc-gamer\\\/#organization\"},\"potentialAction\":[{\"@type\":\"SearchAction\",\"target\":{\"@type\":\"EntryPoint\",\"urlTemplate\":\"https:\\\/\\\/unitgames.com.ar\\\/pc-gamer\\\/?s={search_term_string}\"},\"query-input\":{\"@type\":\"PropertyValueSpecification\",\"valueRequired\":true,\"valueName\":\"search_term_string\"}}],\"inLanguage\":\"es\"},{\"@type\":\"Organization\",\"@id\":\"https:\\\/\\\/unitgames.com.ar\\\/pc-gamer\\\/#organization\",\"name\":\"UnitGames\",\"url\":\"https:\\\/\\\/unitgames.com.ar\\\/pc-gamer\\\/\",\"logo\":{\"@type\":\"ImageObject\",\"inLanguage\":\"es\",\"@id\":\"https:\\\/\\\/unitgames.com.ar\\\/pc-gamer\\\/#\\\/schema\\\/logo\\\/image\\\/\",\"url\":\"https:\\\/\\\/unitgames.com.ar\\\/pc-gamer\\\/wp-content\\\/uploads\\\/2021\\\/01\\\/cropped-logoUnitGames2.png\",\"contentUrl\":\"https:\\\/\\\/unitgames.com.ar\\\/pc-gamer\\\/wp-content\\\/uploads\\\/2021\\\/01\\\/cropped-logoUnitGames2.png\",\"width\":152,\"height\":200,\"caption\":\"UnitGames\"},\"image\":{\"@id\":\"https:\\\/\\\/unitgames.com.ar\\\/pc-gamer\\\/#\\\/schema\\\/logo\\\/image\\\/\"}}]}<\/script>\n<!-- \/ Yoast SEO plugin. -->","yoast_head_json":{"title":"Parlante GENIUS SW-2.1 350 10w - UnitGames","robots":{"index":"index","follow":"follow","max-snippet":"max-snippet:-1","max-image-preview":"max-image-preview:large","max-video-preview":"max-video-preview:-1"},"canonical":"https:\/\/unitgames.com.ar\/pc-gamer\/producto\/parlante-genius-sw-2-1-350-10w\/","og_locale":"es_ES","og_type":"article","og_title":"Parlante GENIUS SW-2.1 350 10w - UnitGames","og_description":"Fuente de alimentaci\u00f3n 100V &#8211; 240V Entrada de audio 3,5 mm Potencia total de salida (\uff37) 15 W (Subwoofer: 8 W \/ Sat\u00e9lites: 3,5 W x2) Unidad de controlador Subwoofer: 40 Hz \u2013 160 Hz \/ Sat\u00e9lites: 130 Hz \u2013 20 kHz S\/N Ratio Subwoofer: \u2267 70 dB \/ Sat\u00e9lites: \u2267 75 dB Control del volumen S\u00ed Longitud del cable (m) 1,5 m Otro \u2014 Peso (g) Aprox. Subwoofer: 1253 g, Dos sat\u00e9lites: 662 g Dimensiones (A x A x P) mm (pulgadas) Subwoofer: 216 x 145 x 158 mm (8,50 x 5,70 x 6,22 pulgadas) \u00a0 Sat\u00e9lite: 84 x 130 x 90 mm (3,30 x 5,12 x 3,54 pulgadas) Compatible con sistema operativo Computadoras o port\u00e1tiles con Windows\u00ae o mac\u00aeOS \/ Tabletas o tel\u00e9fonos inteligentes \/ Reproductores de MP3 Colores Madera de nogal marr\u00f3n, Madera negra \u00a0 *Las im\u00e1genes y colores de productos que se muestran en el paquete son \u00daNICAMENTE para referencia. Vea los art\u00edculos incluidos para determinar sus caracter\u00edsticas reales. Contenido de la caja SW-2.1 350 Subwoofer x1 SW-2.1 350 Sat\u00e9lite x2 Cable de alimentaci\u00f3n x1 3.5 mm cable de audio x1 Manual de usuario en varios idiomas","og_url":"https:\/\/unitgames.com.ar\/pc-gamer\/producto\/parlante-genius-sw-2-1-350-10w\/","og_site_name":"UnitGames","article_modified_time":"2026-01-09T10:18:01+00:00","og_image":[{"width":1283,"height":1283,"url":"https:\/\/unitgames.com.ar\/pc-gamer\/wp-content\/uploads\/2024\/10\/Parlante-GENIUS-SW-2.1-350X-10.png","type":"image\/png"}],"twitter_card":"summary_large_image","twitter_misc":{"Tiempo de lectura":"2 minutos"},"schema":{"@context":"https:\/\/schema.org","@graph":[{"@type":"WebPage","@id":"https:\/\/unitgames.com.ar\/pc-gamer\/producto\/parlante-genius-sw-2-1-350-10w\/","url":"https:\/\/unitgames.com.ar\/pc-gamer\/producto\/parlante-genius-sw-2-1-350-10w\/","name":"Parlante GENIUS SW-2.1 350 10w - UnitGames","isPartOf":{"@id":"https:\/\/unitgames.com.ar\/pc-gamer\/#website"},"primaryImageOfPage":{"@id":"https:\/\/unitgames.com.ar\/pc-gamer\/producto\/parlante-genius-sw-2-1-350-10w\/#primaryimage"},"image":{"@id":"https:\/\/unitgames.com.ar\/pc-gamer\/producto\/parlante-genius-sw-2-1-350-10w\/#primaryimage"},"thumbnailUrl":"https:\/\/unitgames.com.ar\/pc-gamer\/wp-content\/uploads\/2024\/10\/Parlante-GENIUS-SW-2.1-350X-10.png","datePublished":"2024-10-30T20:50:05+00:00","dateModified":"2026-01-09T10:18:01+00:00","breadcrumb":{"@id":"https:\/\/unitgames.com.ar\/pc-gamer\/producto\/parlante-genius-sw-2-1-350-10w\/#breadcrumb"},"inLanguage":"es","potentialAction":[{"@type":"ReadAction","target":["https:\/\/unitgames.com.ar\/pc-gamer\/producto\/parlante-genius-sw-2-1-350-10w\/"]}]},{"@type":"ImageObject","inLanguage":"es","@id":"https:\/\/unitgames.com.ar\/pc-gamer\/producto\/parlante-genius-sw-2-1-350-10w\/#primaryimage","url":"https:\/\/unitgames.com.ar\/pc-gamer\/wp-content\/uploads\/2024\/10\/Parlante-GENIUS-SW-2.1-350X-10.png","contentUrl":"https:\/\/unitgames.com.ar\/pc-gamer\/wp-content\/uploads\/2024\/10\/Parlante-GENIUS-SW-2.1-350X-10.png","width":1283,"height":1283},{"@type":"BreadcrumbList","@id":"https:\/\/unitgames.com.ar\/pc-gamer\/producto\/parlante-genius-sw-2-1-350-10w\/#breadcrumb","itemListElement":[{"@type":"ListItem","position":1,"name":"Tienda","item":"https:\/\/unitgames.com.ar\/pc-gamer\/tienda\/"},{"@type":"ListItem","position":2,"name":"Parlante GENIUS SW-2.1 350 10w"}]},{"@type":"WebSite","@id":"https:\/\/unitgames.com.ar\/pc-gamer\/#website","url":"https:\/\/unitgames.com.ar\/pc-gamer\/","name":"UnitGames","description":"Venta de PC Gamers, Consolas , Servicio Tecnico Especializado. Todos en Accesorios Informaticos y Gamers","publisher":{"@id":"https:\/\/unitgames.com.ar\/pc-gamer\/#organization"},"potentialAction":[{"@type":"SearchAction","target":{"@type":"EntryPoint","urlTemplate":"https:\/\/unitgames.com.ar\/pc-gamer\/?s={search_term_string}"},"query-input":{"@type":"PropertyValueSpecification","valueRequired":true,"valueName":"search_term_string"}}],"inLanguage":"es"},{"@type":"Organization","@id":"https:\/\/unitgames.com.ar\/pc-gamer\/#organization","name":"UnitGames","url":"https:\/\/unitgames.com.ar\/pc-gamer\/","logo":{"@type":"ImageObject","inLanguage":"es","@id":"https:\/\/unitgames.com.ar\/pc-gamer\/#\/schema\/logo\/image\/","url":"https:\/\/unitgames.com.ar\/pc-gamer\/wp-content\/uploads\/2021\/01\/cropped-logoUnitGames2.png","contentUrl":"https:\/\/unitgames.com.ar\/pc-gamer\/wp-content\/uploads\/2021\/01\/cropped-logoUnitGames2.png","width":152,"height":200,"caption":"UnitGames"},"image":{"@id":"https:\/\/unitgames.com.ar\/pc-gamer\/#\/schema\/logo\/image\/"}}]}},"_links":{"self":[{"href":"https:\/\/unitgames.com.ar\/pc-gamer\/wp-json\/wp\/v2\/product\/11529","targetHints":{"allow":["GET"]}}],"collection":[{"href":"https:\/\/unitgames.com.ar\/pc-gamer\/wp-json\/wp\/v2\/product"}],"about":[{"href":"https:\/\/unitgames.com.ar\/pc-gamer\/wp-json\/wp\/v2\/types\/product"}],"version-history":[{"count":0,"href":"https:\/\/unitgames.com.ar\/pc-gamer\/wp-json\/wp\/v2\/product\/11529\/revisions"}],"wp:featuredmedia":[{"embeddable":true,"href":"https:\/\/unitgames.com.ar\/pc-gamer\/wp-json\/wp\/v2\/media\/11530"}],"wp:attachment":[{"href":"https:\/\/unitgames.com.ar\/pc-gamer\/wp-json\/wp\/v2\/media?parent=11529"}],"wp:term":[{"taxonomy":"product_brand","embeddable":true,"href":"https:\/\/unitgames.com.ar\/pc-gamer\/wp-json\/wp\/v2\/product_brand?post=11529"},{"taxonomy":"product_cat","embeddable":true,"href":"https:\/\/unitgames.com.ar\/pc-gamer\/wp-json\/wp\/v2\/product_cat?post=11529"},{"taxonomy":"product_tag","embeddable":true,"href":"https:\/\/unitgames.com.ar\/pc-gamer\/wp-json\/wp\/v2\/product_tag?post=11529"}],"curies":[{"name":"wp","href":"https:\/\/api.w.org\/{rel}","templated":true}]}}