{"id":11576,"date":"2024-11-01T22:05:36","date_gmt":"2024-11-01T22:05:36","guid":{"rendered":"https:\/\/unitgames.com.ar\/pc-gamer\/?post_type=product&#038;p=11576"},"modified":"2026-01-31T21:13:16","modified_gmt":"2026-02-01T00:13:16","slug":"teclado-mecanico-redragon-olaf-rgb","status":"publish","type":"product","link":"https:\/\/unitgames.com.ar\/pc-gamer\/producto\/teclado-mecanico-redragon-olaf-rgb\/","title":{"rendered":"Teclado Mecanico REDRAGON OLAF RGB"},"content":{"rendered":"<p class=\"product-section--split__title\"><strong>CALIDAD PREMIUM PARA GAMERS CL\u00c1SICOS<\/strong><\/p>\n<p class=\"product-section--split__description\">Sumamente estable y robusto, el Olaf es un teclado mec\u00e1nico compacto de 94 teclas y calidad premium construido exclusivamente para ustedes, los jugadores que saben valorar lo bueno.<\/p>\n<p><img decoding=\"async\" class=\"emoji\" role=\"img\" src=\"https:\/\/s.w.org\/images\/core\/emoji\/15.0.3\/svg\/25b6.svg\" alt=\"&#x25b6;\" \/>\u00a0Con estructura completa de aluminio, incluye adem\u00e1s reposamu\u00f1ecas extra\u00edble y soporte para tel\u00e9fono, junto con la cl\u00e1sica iluminaci\u00f3n RGB de excelencia Redragon.<\/p>\n<p class=\"product-section--split__title\"><strong>COMPLEMENTOS ADICIONALES<\/strong><\/p>\n<p class=\"product-section--split__description\"><img decoding=\"async\" class=\"emoji\" role=\"img\" src=\"https:\/\/s.w.org\/images\/core\/emoji\/15.0.3\/svg\/25b6.svg\" alt=\"&#x25b6;\" \/>\u00a0Reposamu\u00f1ecas extra\u00edble con superficie texturada.<br \/>\n<img decoding=\"async\" class=\"emoji\" role=\"img\" src=\"https:\/\/s.w.org\/images\/core\/emoji\/15.0.3\/svg\/25b6.svg\" alt=\"&#x25b6;\" \/>\u00a0Soporte para el tel\u00e9fono.<br \/>\n<img decoding=\"async\" class=\"emoji\" role=\"img\" src=\"https:\/\/s.w.org\/images\/core\/emoji\/15.0.3\/svg\/25b6.svg\" alt=\"&#x25b6;\" \/>\u00a0Keycaps grises extra para reemplazo de las anaranjadas.<\/p>\n<p class=\"product-section--split__title\"><strong>CABLE EXTRA\u00cdBLE CON ADAPTADOR<\/strong><\/p>\n<p class=\"product-section--split__description\">El cable de 1,8 m es extra\u00edble, con conectores USB-C. Incluye,<br \/>\nadem\u00e1s, un adaptador USB-A para que puedas usarlo donde quieras.<\/p>\n<p class=\"product-section--split__title\"><strong>ILUMINACI\u00d3N CONFIGURABLE<\/strong><\/p>\n<p class=\"product-section--split__description\">La brillante iluminaci\u00f3n RGB Chroma del Olaf cuenta con<br \/>\nefectos din\u00e1micos preseteados y posibilidades completas<br \/>\nde personalizaci\u00f3n, tanto desde las teclas de funci\u00f3n como<br \/>\ndesde el software dedicado.<\/p>\n<p class=\"product-section--split__title\"><strong>ULTRA HOT-SWAP<\/strong><\/p>\n<p class=\"product-section--split__description\">Un rasgo sumamente importante del Olaf es su compatibilidad<br \/>\ncon casi todos los switches del mercado (incluyendo switches<br \/>\nde 3\/5 pines), lo que facilita el intercambio y te permite dise\u00f1ar<br \/>\ntu layout exactamente a tu gusto.<\/p>\n<p><img decoding=\"async\" class=\"emoji\" role=\"img\" src=\"https:\/\/s.w.org\/images\/core\/emoji\/15.0.3\/svg\/25b6.svg\" alt=\"&#x25b6;\" \/>\u00a0\u00a1Libertad para la customizaci\u00f3n!<\/p>\n<p>&nbsp;<\/p>\n<div class=\"spec\"><span class=\"title\">TIPO DE TECLADO: <\/span><span class=\"value\">mec\u00e1nico<\/span><\/div>\n<div class=\"spec\"><span class=\"title\">TIPO DE SWITCH: <\/span><span class=\"value\">Redragon Red, lineal, fuerza de actuaci\u00f3n 45 g<\/span><\/div>\n<div class=\"spec\"><span class=\"title\">TECLAS MULTIMEDIA: <\/span><span class=\"value\">S\u00ed, a trav\u00e9s de tecla FN<\/span><\/div>\n<div class=\"spec\"><span class=\"title\">TECLAS MACRO DEDICADAS: <\/span><span class=\"value\">no<\/span><\/div>\n<div class=\"spec\"><span class=\"title\">BLOQUEO TECLA WINDOWS: <\/span><span class=\"value\">s\u00ed<\/span><\/div>\n<div class=\"spec\"><span class=\"title\">TAMA\u00d1O TECLADO: <\/span><span class=\"value\">compacto de 95 teclas<\/span><\/div>\n<div class=\"spec\"><span class=\"title\">REPOSAMU\u00d1ECAS: <\/span><span class=\"value\">s\u00ed<\/span><\/div>\n<div class=\"spec\"><span class=\"title\">RETROILUMINADO: <\/span><span class=\"value\">s\u00ed, RGB Chroma<\/span><\/div>\n<div class=\"spec\"><span class=\"title\">CONEXI\u00d3N: <\/span><span class=\"value\">cable USB-C a USB-C con adaptador USB-A extra\u00edble<\/span><\/div>\n<div class=\"spec\"><span class=\"title\">MATRIZ: <\/span><span class=\"value\">95 teclas 100% anti-ghosting con full key rollover<\/span><\/div>\n<div class=\"spec\"><span class=\"title\">CONSTRUCCI\u00d3N: <\/span><span class=\"value\">aluminio y pl\u00e1stico ABS reforzado<\/span><\/div>\n<div class=\"spec\"><span class=\"title\">ANTI SALPICADURAS: <\/span><span class=\"value\">no<\/span><\/div>\n<div class=\"spec\"><span class=\"title\">DISTRIBUCI\u00d3N: <\/span><span class=\"value\">ingl\u00e9s<\/span><\/div>\n<div class=\"spec\"><span class=\"title\">PESO: <\/span><span class=\"value\">1,357 kg<\/span><\/div>\n<div class=\"spec\"><span class=\"title\">DIMENSIONES: <\/span><span class=\"value\">356 x 198 x 39 mm<\/span><\/div>\n<div class=\"spec\"><span class=\"title\">EXTRAS: <\/span><span class=\"value\">soporte para tel\u00e9fono, keycaps extra ESC y barra espaciadora en color gris<\/span><\/div>\n<div class=\"spec\"><span class=\"title\">SOFTWARE: <\/span><span class=\"value\">s\u00ed<\/span><\/div>\n<p>&nbsp;<\/p>\n<p>&nbsp;<\/p>\n","protected":false},"excerpt":{"rendered":"<p>CALIDAD PREMIUM PARA GAMERS CL\u00c1SICOS Sumamente estable y robusto, el Olaf es un teclado mec\u00e1nico compacto de 94 teclas y calidad premium construido exclusivamente para ustedes, los jugadores que saben valorar lo bueno. \u00a0Con estructura completa de aluminio, incluye adem\u00e1s reposamu\u00f1ecas extra\u00edble y soporte para tel\u00e9fono, junto con la cl\u00e1sica iluminaci\u00f3n RGB de excelencia Redragon. COMPLEMENTOS ADICIONALES \u00a0Reposamu\u00f1ecas extra\u00edble con superficie texturada. \u00a0Soporte para el tel\u00e9fono. \u00a0Keycaps grises extra para reemplazo de las anaranjadas. CABLE EXTRA\u00cdBLE CON ADAPTADOR El cable de 1,8 m es extra\u00edble, con conectores USB-C. Incluye, adem\u00e1s, un adaptador USB-A para que puedas usarlo donde quieras. ILUMINACI\u00d3N CONFIGURABLE La brillante iluminaci\u00f3n RGB Chroma del Olaf cuenta con efectos din\u00e1micos preseteados y posibilidades completas de personalizaci\u00f3n, tanto desde las teclas de funci\u00f3n como desde el software dedicado. ULTRA HOT-SWAP Un rasgo sumamente importante del Olaf es su compatibilidad con casi todos los switches del mercado (incluyendo switches de 3\/5 pines), lo que facilita el intercambio y te permite dise\u00f1ar tu layout exactamente a tu gusto. \u00a0\u00a1Libertad para la customizaci\u00f3n! &nbsp; TIPO DE TECLADO: mec\u00e1nico TIPO DE SWITCH: Redragon Red, lineal, fuerza de actuaci\u00f3n 45 g TECLAS MULTIMEDIA: S\u00ed, a trav\u00e9s de tecla FN TECLAS MACRO DEDICADAS: no BLOQUEO TECLA WINDOWS: s\u00ed TAMA\u00d1O TECLADO: compacto de 95 teclas REPOSAMU\u00d1ECAS: s\u00ed RETROILUMINADO: s\u00ed, RGB Chroma CONEXI\u00d3N: cable USB-C a USB-C con adaptador USB-A extra\u00edble MATRIZ: 95 teclas 100% anti-ghosting con full key rollover CONSTRUCCI\u00d3N: aluminio y pl\u00e1stico ABS reforzado ANTI SALPICADURAS: no DISTRIBUCI\u00d3N: ingl\u00e9s PESO: 1,357 kg DIMENSIONES: 356 x 198 x 39 mm EXTRAS: soporte para tel\u00e9fono, keycaps extra ESC y barra espaciadora en color gris SOFTWARE: s\u00ed &nbsp; &nbsp;<\/p>\n","protected":false},"featured_media":11614,"template":"","meta":{"site-sidebar-layout":"default","site-content-layout":"","ast-site-content-layout":"default","site-content-style":"default","site-sidebar-style":"default","ast-global-header-display":"","ast-banner-title-visibility":"","ast-main-header-display":"","ast-hfb-above-header-display":"","ast-hfb-below-header-display":"","ast-hfb-mobile-header-display":"","site-post-title":"","ast-breadcrumbs-content":"","ast-featured-img":"","footer-sml-layout":"","theme-transparent-header-meta":"default","adv-header-id-meta":"","stick-header-meta":"","header-above-stick-meta":"","header-main-stick-meta":"","header-below-stick-meta":"","astra-migrate-meta-layouts":"set","ast-page-background-enabled":"default","ast-page-background-meta":{"desktop":{"background-color":"var(--ast-global-color-5)","background-image":"","background-repeat":"repeat","background-position":"center center","background-size":"auto","background-attachment":"scroll","background-type":"","background-media":"","overlay-type":"","overlay-color":"","overlay-opacity":"","overlay-gradient":""},"tablet":{"background-color":"","background-image":"","background-repeat":"repeat","background-position":"center center","background-size":"auto","background-attachment":"scroll","background-type":"","background-media":"","overlay-type":"","overlay-color":"","overlay-opacity":"","overlay-gradient":""},"mobile":{"background-color":"","background-image":"","background-repeat":"repeat","background-position":"center center","background-size":"auto","background-attachment":"scroll","background-type":"","background-media":"","overlay-type":"","overlay-color":"","overlay-opacity":"","overlay-gradient":""}},"ast-content-background-meta":{"desktop":{"background-color":"var(--ast-global-color-4)","background-image":"","background-repeat":"repeat","background-position":"center center","background-size":"auto","background-attachment":"scroll","background-type":"","background-media":"","overlay-type":"","overlay-color":"","overlay-opacity":"","overlay-gradient":""},"tablet":{"background-color":"var(--ast-global-color-4)","background-image":"","background-repeat":"repeat","background-position":"center center","background-size":"auto","background-attachment":"scroll","background-type":"","background-media":"","overlay-type":"","overlay-color":"","overlay-opacity":"","overlay-gradient":""},"mobile":{"background-color":"var(--ast-global-color-4)","background-image":"","background-repeat":"repeat","background-position":"center center","background-size":"auto","background-attachment":"scroll","background-type":"","background-media":"","overlay-type":"","overlay-color":"","overlay-opacity":"","overlay-gradient":""}},"_joinchat":[]},"product_brand":[],"product_cat":[92],"product_tag":[],"class_list":{"0":"post-11576","1":"product","2":"type-product","3":"status-publish","4":"has-post-thumbnail","6":"product_cat-teclados-mecanicos","7":"desktop-align-center","8":"tablet-align-left","9":"mobile-align-left","11":"first","12":"instock","13":"shipping-taxable","14":"purchasable","15":"product-type-simple"},"yoast_head":"<!-- This site is optimized with the Yoast SEO plugin v27.5 - https:\/\/yoast.com\/product\/yoast-seo-wordpress\/ -->\n<title>Teclado Mecanico REDRAGON OLAF RGB - UnitGames<\/title>\n<meta name=\"robots\" content=\"index, follow, max-snippet:-1, max-image-preview:large, max-video-preview:-1\" \/>\n<link rel=\"canonical\" href=\"https:\/\/unitgames.com.ar\/pc-gamer\/producto\/teclado-mecanico-redragon-olaf-rgb\/\" \/>\n<meta property=\"og:locale\" content=\"es_ES\" \/>\n<meta property=\"og:type\" content=\"article\" \/>\n<meta property=\"og:title\" content=\"Teclado Mecanico REDRAGON OLAF RGB - UnitGames\" \/>\n<meta property=\"og:description\" content=\"CALIDAD PREMIUM PARA GAMERS CL\u00c1SICOS Sumamente estable y robusto, el Olaf es un teclado mec\u00e1nico compacto de 94 teclas y calidad premium construido exclusivamente para ustedes, los jugadores que saben valorar lo bueno. \u00a0Con estructura completa de aluminio, incluye adem\u00e1s reposamu\u00f1ecas extra\u00edble y soporte para tel\u00e9fono, junto con la cl\u00e1sica iluminaci\u00f3n RGB de excelencia Redragon. COMPLEMENTOS ADICIONALES \u00a0Reposamu\u00f1ecas extra\u00edble con superficie texturada. \u00a0Soporte para el tel\u00e9fono. \u00a0Keycaps grises extra para reemplazo de las anaranjadas. CABLE EXTRA\u00cdBLE CON ADAPTADOR El cable de 1,8 m es extra\u00edble, con conectores USB-C. Incluye, adem\u00e1s, un adaptador USB-A para que puedas usarlo donde quieras. ILUMINACI\u00d3N CONFIGURABLE La brillante iluminaci\u00f3n RGB Chroma del Olaf cuenta con efectos din\u00e1micos preseteados y posibilidades completas de personalizaci\u00f3n, tanto desde las teclas de funci\u00f3n como desde el software dedicado. ULTRA HOT-SWAP Un rasgo sumamente importante del Olaf es su compatibilidad con casi todos los switches del mercado (incluyendo switches de 3\/5 pines), lo que facilita el intercambio y te permite dise\u00f1ar tu layout exactamente a tu gusto. \u00a0\u00a1Libertad para la customizaci\u00f3n! &nbsp; TIPO DE TECLADO: mec\u00e1nico TIPO DE SWITCH: Redragon Red, lineal, fuerza de actuaci\u00f3n 45 g TECLAS MULTIMEDIA: S\u00ed, a trav\u00e9s de tecla FN TECLAS MACRO DEDICADAS: no BLOQUEO TECLA WINDOWS: s\u00ed TAMA\u00d1O TECLADO: compacto de 95 teclas REPOSAMU\u00d1ECAS: s\u00ed RETROILUMINADO: s\u00ed, RGB Chroma CONEXI\u00d3N: cable USB-C a USB-C con adaptador USB-A extra\u00edble MATRIZ: 95 teclas 100% anti-ghosting con full key rollover CONSTRUCCI\u00d3N: aluminio y pl\u00e1stico ABS reforzado ANTI SALPICADURAS: no DISTRIBUCI\u00d3N: ingl\u00e9s PESO: 1,357 kg DIMENSIONES: 356 x 198 x 39 mm EXTRAS: soporte para tel\u00e9fono, keycaps extra ESC y barra espaciadora en color gris SOFTWARE: s\u00ed &nbsp; &nbsp;\" \/>\n<meta property=\"og:url\" content=\"https:\/\/unitgames.com.ar\/pc-gamer\/producto\/teclado-mecanico-redragon-olaf-rgb\/\" \/>\n<meta property=\"og:site_name\" content=\"UnitGames\" \/>\n<meta property=\"article:modified_time\" content=\"2026-02-01T00:13:16+00:00\" \/>\n<meta property=\"og:image\" content=\"https:\/\/unitgames.com.ar\/pc-gamer\/wp-content\/uploads\/2024\/11\/Teclado-Mecanico-REDRAGON-OLAF-RGB.png\" \/>\n\t<meta property=\"og:image:width\" content=\"1283\" \/>\n\t<meta property=\"og:image:height\" content=\"1284\" \/>\n\t<meta property=\"og:image:type\" content=\"image\/png\" \/>\n<meta name=\"twitter:card\" content=\"summary_large_image\" \/>\n<meta name=\"twitter:label1\" content=\"Tiempo de lectura\" \/>\n\t<meta name=\"twitter:data1\" content=\"3 minutos\" \/>\n<script type=\"application\/ld+json\" class=\"yoast-schema-graph\">{\"@context\":\"https:\\\/\\\/schema.org\",\"@graph\":[{\"@type\":\"WebPage\",\"@id\":\"https:\\\/\\\/unitgames.com.ar\\\/pc-gamer\\\/producto\\\/teclado-mecanico-redragon-olaf-rgb\\\/\",\"url\":\"https:\\\/\\\/unitgames.com.ar\\\/pc-gamer\\\/producto\\\/teclado-mecanico-redragon-olaf-rgb\\\/\",\"name\":\"Teclado Mecanico REDRAGON OLAF RGB - UnitGames\",\"isPartOf\":{\"@id\":\"https:\\\/\\\/unitgames.com.ar\\\/pc-gamer\\\/#website\"},\"primaryImageOfPage\":{\"@id\":\"https:\\\/\\\/unitgames.com.ar\\\/pc-gamer\\\/producto\\\/teclado-mecanico-redragon-olaf-rgb\\\/#primaryimage\"},\"image\":{\"@id\":\"https:\\\/\\\/unitgames.com.ar\\\/pc-gamer\\\/producto\\\/teclado-mecanico-redragon-olaf-rgb\\\/#primaryimage\"},\"thumbnailUrl\":\"https:\\\/\\\/unitgames.com.ar\\\/pc-gamer\\\/wp-content\\\/uploads\\\/2024\\\/11\\\/Teclado-Mecanico-REDRAGON-OLAF-RGB.png\",\"datePublished\":\"2024-11-01T22:05:36+00:00\",\"dateModified\":\"2026-02-01T00:13:16+00:00\",\"breadcrumb\":{\"@id\":\"https:\\\/\\\/unitgames.com.ar\\\/pc-gamer\\\/producto\\\/teclado-mecanico-redragon-olaf-rgb\\\/#breadcrumb\"},\"inLanguage\":\"es\",\"potentialAction\":[{\"@type\":\"ReadAction\",\"target\":[\"https:\\\/\\\/unitgames.com.ar\\\/pc-gamer\\\/producto\\\/teclado-mecanico-redragon-olaf-rgb\\\/\"]}]},{\"@type\":\"ImageObject\",\"inLanguage\":\"es\",\"@id\":\"https:\\\/\\\/unitgames.com.ar\\\/pc-gamer\\\/producto\\\/teclado-mecanico-redragon-olaf-rgb\\\/#primaryimage\",\"url\":\"https:\\\/\\\/unitgames.com.ar\\\/pc-gamer\\\/wp-content\\\/uploads\\\/2024\\\/11\\\/Teclado-Mecanico-REDRAGON-OLAF-RGB.png\",\"contentUrl\":\"https:\\\/\\\/unitgames.com.ar\\\/pc-gamer\\\/wp-content\\\/uploads\\\/2024\\\/11\\\/Teclado-Mecanico-REDRAGON-OLAF-RGB.png\",\"width\":1283,\"height\":1284},{\"@type\":\"BreadcrumbList\",\"@id\":\"https:\\\/\\\/unitgames.com.ar\\\/pc-gamer\\\/producto\\\/teclado-mecanico-redragon-olaf-rgb\\\/#breadcrumb\",\"itemListElement\":[{\"@type\":\"ListItem\",\"position\":1,\"name\":\"Tienda\",\"item\":\"https:\\\/\\\/unitgames.com.ar\\\/pc-gamer\\\/tienda\\\/\"},{\"@type\":\"ListItem\",\"position\":2,\"name\":\"Teclado Mecanico REDRAGON OLAF RGB\"}]},{\"@type\":\"WebSite\",\"@id\":\"https:\\\/\\\/unitgames.com.ar\\\/pc-gamer\\\/#website\",\"url\":\"https:\\\/\\\/unitgames.com.ar\\\/pc-gamer\\\/\",\"name\":\"UnitGames\",\"description\":\"Venta de PC Gamers, Consolas , Servicio Tecnico Especializado. Todos en Accesorios Informaticos y Gamers\",\"publisher\":{\"@id\":\"https:\\\/\\\/unitgames.com.ar\\\/pc-gamer\\\/#organization\"},\"potentialAction\":[{\"@type\":\"SearchAction\",\"target\":{\"@type\":\"EntryPoint\",\"urlTemplate\":\"https:\\\/\\\/unitgames.com.ar\\\/pc-gamer\\\/?s={search_term_string}\"},\"query-input\":{\"@type\":\"PropertyValueSpecification\",\"valueRequired\":true,\"valueName\":\"search_term_string\"}}],\"inLanguage\":\"es\"},{\"@type\":\"Organization\",\"@id\":\"https:\\\/\\\/unitgames.com.ar\\\/pc-gamer\\\/#organization\",\"name\":\"UnitGames\",\"url\":\"https:\\\/\\\/unitgames.com.ar\\\/pc-gamer\\\/\",\"logo\":{\"@type\":\"ImageObject\",\"inLanguage\":\"es\",\"@id\":\"https:\\\/\\\/unitgames.com.ar\\\/pc-gamer\\\/#\\\/schema\\\/logo\\\/image\\\/\",\"url\":\"https:\\\/\\\/unitgames.com.ar\\\/pc-gamer\\\/wp-content\\\/uploads\\\/2021\\\/01\\\/cropped-logoUnitGames2.png\",\"contentUrl\":\"https:\\\/\\\/unitgames.com.ar\\\/pc-gamer\\\/wp-content\\\/uploads\\\/2021\\\/01\\\/cropped-logoUnitGames2.png\",\"width\":152,\"height\":200,\"caption\":\"UnitGames\"},\"image\":{\"@id\":\"https:\\\/\\\/unitgames.com.ar\\\/pc-gamer\\\/#\\\/schema\\\/logo\\\/image\\\/\"}}]}<\/script>\n<!-- \/ Yoast SEO plugin. -->","yoast_head_json":{"title":"Teclado Mecanico REDRAGON OLAF RGB - UnitGames","robots":{"index":"index","follow":"follow","max-snippet":"max-snippet:-1","max-image-preview":"max-image-preview:large","max-video-preview":"max-video-preview:-1"},"canonical":"https:\/\/unitgames.com.ar\/pc-gamer\/producto\/teclado-mecanico-redragon-olaf-rgb\/","og_locale":"es_ES","og_type":"article","og_title":"Teclado Mecanico REDRAGON OLAF RGB - UnitGames","og_description":"CALIDAD PREMIUM PARA GAMERS CL\u00c1SICOS Sumamente estable y robusto, el Olaf es un teclado mec\u00e1nico compacto de 94 teclas y calidad premium construido exclusivamente para ustedes, los jugadores que saben valorar lo bueno. \u00a0Con estructura completa de aluminio, incluye adem\u00e1s reposamu\u00f1ecas extra\u00edble y soporte para tel\u00e9fono, junto con la cl\u00e1sica iluminaci\u00f3n RGB de excelencia Redragon. COMPLEMENTOS ADICIONALES \u00a0Reposamu\u00f1ecas extra\u00edble con superficie texturada. \u00a0Soporte para el tel\u00e9fono. \u00a0Keycaps grises extra para reemplazo de las anaranjadas. CABLE EXTRA\u00cdBLE CON ADAPTADOR El cable de 1,8 m es extra\u00edble, con conectores USB-C. Incluye, adem\u00e1s, un adaptador USB-A para que puedas usarlo donde quieras. ILUMINACI\u00d3N CONFIGURABLE La brillante iluminaci\u00f3n RGB Chroma del Olaf cuenta con efectos din\u00e1micos preseteados y posibilidades completas de personalizaci\u00f3n, tanto desde las teclas de funci\u00f3n como desde el software dedicado. ULTRA HOT-SWAP Un rasgo sumamente importante del Olaf es su compatibilidad con casi todos los switches del mercado (incluyendo switches de 3\/5 pines), lo que facilita el intercambio y te permite dise\u00f1ar tu layout exactamente a tu gusto. \u00a0\u00a1Libertad para la customizaci\u00f3n! &nbsp; TIPO DE TECLADO: mec\u00e1nico TIPO DE SWITCH: Redragon Red, lineal, fuerza de actuaci\u00f3n 45 g TECLAS MULTIMEDIA: S\u00ed, a trav\u00e9s de tecla FN TECLAS MACRO DEDICADAS: no BLOQUEO TECLA WINDOWS: s\u00ed TAMA\u00d1O TECLADO: compacto de 95 teclas REPOSAMU\u00d1ECAS: s\u00ed RETROILUMINADO: s\u00ed, RGB Chroma CONEXI\u00d3N: cable USB-C a USB-C con adaptador USB-A extra\u00edble MATRIZ: 95 teclas 100% anti-ghosting con full key rollover CONSTRUCCI\u00d3N: aluminio y pl\u00e1stico ABS reforzado ANTI SALPICADURAS: no DISTRIBUCI\u00d3N: ingl\u00e9s PESO: 1,357 kg DIMENSIONES: 356 x 198 x 39 mm EXTRAS: soporte para tel\u00e9fono, keycaps extra ESC y barra espaciadora en color gris SOFTWARE: s\u00ed &nbsp; &nbsp;","og_url":"https:\/\/unitgames.com.ar\/pc-gamer\/producto\/teclado-mecanico-redragon-olaf-rgb\/","og_site_name":"UnitGames","article_modified_time":"2026-02-01T00:13:16+00:00","og_image":[{"width":1283,"height":1284,"url":"https:\/\/unitgames.com.ar\/pc-gamer\/wp-content\/uploads\/2024\/11\/Teclado-Mecanico-REDRAGON-OLAF-RGB.png","type":"image\/png"}],"twitter_card":"summary_large_image","twitter_misc":{"Tiempo de lectura":"3 minutos"},"schema":{"@context":"https:\/\/schema.org","@graph":[{"@type":"WebPage","@id":"https:\/\/unitgames.com.ar\/pc-gamer\/producto\/teclado-mecanico-redragon-olaf-rgb\/","url":"https:\/\/unitgames.com.ar\/pc-gamer\/producto\/teclado-mecanico-redragon-olaf-rgb\/","name":"Teclado Mecanico REDRAGON OLAF RGB - UnitGames","isPartOf":{"@id":"https:\/\/unitgames.com.ar\/pc-gamer\/#website"},"primaryImageOfPage":{"@id":"https:\/\/unitgames.com.ar\/pc-gamer\/producto\/teclado-mecanico-redragon-olaf-rgb\/#primaryimage"},"image":{"@id":"https:\/\/unitgames.com.ar\/pc-gamer\/producto\/teclado-mecanico-redragon-olaf-rgb\/#primaryimage"},"thumbnailUrl":"https:\/\/unitgames.com.ar\/pc-gamer\/wp-content\/uploads\/2024\/11\/Teclado-Mecanico-REDRAGON-OLAF-RGB.png","datePublished":"2024-11-01T22:05:36+00:00","dateModified":"2026-02-01T00:13:16+00:00","breadcrumb":{"@id":"https:\/\/unitgames.com.ar\/pc-gamer\/producto\/teclado-mecanico-redragon-olaf-rgb\/#breadcrumb"},"inLanguage":"es","potentialAction":[{"@type":"ReadAction","target":["https:\/\/unitgames.com.ar\/pc-gamer\/producto\/teclado-mecanico-redragon-olaf-rgb\/"]}]},{"@type":"ImageObject","inLanguage":"es","@id":"https:\/\/unitgames.com.ar\/pc-gamer\/producto\/teclado-mecanico-redragon-olaf-rgb\/#primaryimage","url":"https:\/\/unitgames.com.ar\/pc-gamer\/wp-content\/uploads\/2024\/11\/Teclado-Mecanico-REDRAGON-OLAF-RGB.png","contentUrl":"https:\/\/unitgames.com.ar\/pc-gamer\/wp-content\/uploads\/2024\/11\/Teclado-Mecanico-REDRAGON-OLAF-RGB.png","width":1283,"height":1284},{"@type":"BreadcrumbList","@id":"https:\/\/unitgames.com.ar\/pc-gamer\/producto\/teclado-mecanico-redragon-olaf-rgb\/#breadcrumb","itemListElement":[{"@type":"ListItem","position":1,"name":"Tienda","item":"https:\/\/unitgames.com.ar\/pc-gamer\/tienda\/"},{"@type":"ListItem","position":2,"name":"Teclado Mecanico REDRAGON OLAF RGB"}]},{"@type":"WebSite","@id":"https:\/\/unitgames.com.ar\/pc-gamer\/#website","url":"https:\/\/unitgames.com.ar\/pc-gamer\/","name":"UnitGames","description":"Venta de PC Gamers, Consolas , Servicio Tecnico Especializado. Todos en Accesorios Informaticos y Gamers","publisher":{"@id":"https:\/\/unitgames.com.ar\/pc-gamer\/#organization"},"potentialAction":[{"@type":"SearchAction","target":{"@type":"EntryPoint","urlTemplate":"https:\/\/unitgames.com.ar\/pc-gamer\/?s={search_term_string}"},"query-input":{"@type":"PropertyValueSpecification","valueRequired":true,"valueName":"search_term_string"}}],"inLanguage":"es"},{"@type":"Organization","@id":"https:\/\/unitgames.com.ar\/pc-gamer\/#organization","name":"UnitGames","url":"https:\/\/unitgames.com.ar\/pc-gamer\/","logo":{"@type":"ImageObject","inLanguage":"es","@id":"https:\/\/unitgames.com.ar\/pc-gamer\/#\/schema\/logo\/image\/","url":"https:\/\/unitgames.com.ar\/pc-gamer\/wp-content\/uploads\/2021\/01\/cropped-logoUnitGames2.png","contentUrl":"https:\/\/unitgames.com.ar\/pc-gamer\/wp-content\/uploads\/2021\/01\/cropped-logoUnitGames2.png","width":152,"height":200,"caption":"UnitGames"},"image":{"@id":"https:\/\/unitgames.com.ar\/pc-gamer\/#\/schema\/logo\/image\/"}}]}},"_links":{"self":[{"href":"https:\/\/unitgames.com.ar\/pc-gamer\/wp-json\/wp\/v2\/product\/11576","targetHints":{"allow":["GET"]}}],"collection":[{"href":"https:\/\/unitgames.com.ar\/pc-gamer\/wp-json\/wp\/v2\/product"}],"about":[{"href":"https:\/\/unitgames.com.ar\/pc-gamer\/wp-json\/wp\/v2\/types\/product"}],"version-history":[{"count":0,"href":"https:\/\/unitgames.com.ar\/pc-gamer\/wp-json\/wp\/v2\/product\/11576\/revisions"}],"wp:featuredmedia":[{"embeddable":true,"href":"https:\/\/unitgames.com.ar\/pc-gamer\/wp-json\/wp\/v2\/media\/11614"}],"wp:attachment":[{"href":"https:\/\/unitgames.com.ar\/pc-gamer\/wp-json\/wp\/v2\/media?parent=11576"}],"wp:term":[{"taxonomy":"product_brand","embeddable":true,"href":"https:\/\/unitgames.com.ar\/pc-gamer\/wp-json\/wp\/v2\/product_brand?post=11576"},{"taxonomy":"product_cat","embeddable":true,"href":"https:\/\/unitgames.com.ar\/pc-gamer\/wp-json\/wp\/v2\/product_cat?post=11576"},{"taxonomy":"product_tag","embeddable":true,"href":"https:\/\/unitgames.com.ar\/pc-gamer\/wp-json\/wp\/v2\/product_tag?post=11576"}],"curies":[{"name":"wp","href":"https:\/\/api.w.org\/{rel}","templated":true}]}}