{"id":11598,"date":"2024-11-01T23:20:30","date_gmt":"2024-11-01T23:20:30","guid":{"rendered":"https:\/\/unitgames.com.ar\/pc-gamer\/?post_type=product&#038;p=11598"},"modified":"2026-01-17T10:42:31","modified_gmt":"2026-01-17T13:42:31","slug":"mouse-redragon-k1ng-1k-black","status":"publish","type":"product","link":"https:\/\/unitgames.com.ar\/pc-gamer\/producto\/mouse-redragon-k1ng-1k-black\/","title":{"rendered":"Mouse REDRAGON K1ng 1K Black"},"content":{"rendered":"<p><strong>El K1ng es un rat\u00f3n h\u00edper competitivo que esquiva los ornamentos<\/strong><br \/>\n<strong>innecesarios para concentrarse plenamente en el rendimiento.<\/strong><\/p>\n<p><img decoding=\"async\" class=\"emoji\" role=\"img\" src=\"https:\/\/s.w.org\/images\/core\/emoji\/15.0.3\/svg\/25b6.svg\" alt=\"&#x25b6;\" \/>\u00a0Ultra liviano, peque\u00f1o y ergon\u00f3mico.<br \/>\n<img decoding=\"async\" class=\"emoji\" role=\"img\" src=\"https:\/\/s.w.org\/images\/core\/emoji\/15.0.3\/svg\/25b6.svg\" alt=\"&#x25b6;\" \/>\u00a0Cable de paracord.<br \/>\n<img decoding=\"async\" class=\"emoji\" role=\"img\" src=\"https:\/\/s.w.org\/images\/core\/emoji\/15.0.3\/svg\/25b6.svg\" alt=\"&#x25b6;\" \/>\u00a0Sensor Pixart 3327.<br \/>\n<img decoding=\"async\" class=\"emoji\" role=\"img\" src=\"https:\/\/s.w.org\/images\/core\/emoji\/15.0.3\/svg\/25b6.svg\" alt=\"&#x25b6;\" \/>\u00a0Switches Huano: 20 millones de clics.<\/p>\n<p class=\"product-section--split__title\"><strong>FLOTA<\/strong><\/p>\n<p class=\"product-section--split__description\">Con apenas 50 gramos de peso, cable premium de paracord y<br \/>\nlos cl\u00e1sicos patines de tefl\u00f3n Redragon, el K1ng se desliza<br \/>\nsobre la alfombrilla con suavidad total para otorgar al jugador<br \/>\nla m\u00e1xima precisi\u00f3n posible.<\/p>\n<p class=\"product-section--split__title\"><strong>RINDE<\/strong><\/p>\n<p class=\"product-section--split__description\">En lo que respecta a elementos internos clave como el sensor o<br \/>\nlos switches, el K1ng entrega: est\u00e1 equipado con componentes<br \/>\nde alta calidad que permiten alcanzar un rendimiento realmente<br \/>\ncompetitivo.<\/p>\n<p><img decoding=\"async\" class=\"emoji\" role=\"img\" src=\"https:\/\/s.w.org\/images\/core\/emoji\/15.0.3\/svg\/25b6.svg\" alt=\"&#x25b6;\" \/>\u00a0Sensor \u00f3ptico Pixart 3327. Un sensor competitivo para gaming y esports.<\/p>\n<p><img decoding=\"async\" class=\"emoji\" role=\"img\" src=\"https:\/\/s.w.org\/images\/core\/emoji\/15.0.3\/svg\/25b6.svg\" alt=\"&#x25b6;\" \/>\u00a0Switches principales Huano, preparados para resistir 20 millones de clics.<\/p>\n<p class=\"product-section--split__title\"><strong>DISE\u00d1O MINIMALISTA<\/strong><\/p>\n<p class=\"product-section--split__description\">Este rat\u00f3n prescinde de ornamentos habituales como la retroiluminaci\u00f3n<br \/>\nRGB para concentrarse al 100% en el rendimiento.<\/p>\n<p>Para optimizar el agarre y evitar los clics en falso, el K1ng rechaza los<br \/>\nt\u00edpicos botones extra de la parte superior, aunque incluye un bot\u00f3n<br \/>\nde DPI en la parte inferior y dos botones laterales.<\/p>\n<p class=\"product-section--split__title\"><strong>SOFTWARE RENOVADO<\/strong><\/p>\n<p class=\"product-section--split__description\">La nueva versi\u00f3n de software cuenta con una interfaz renovada<br \/>\ny permite una mayor personalizaci\u00f3n de las funciones del rat\u00f3n.<br \/>\nPor otra parte, la memoria interna del rat\u00f3n posibilita que las<br \/>\nconfiguraciones queden guardadas para el uso multi dispositivo.<\/p>\n<div class=\"spec\"><span class=\"title\">BOTONES PROGRAMABLES: <\/span><span class=\"value\">5<\/span><\/div>\n<div class=\"spec\"><span class=\"title\">TIPO DE AGARRE: <\/span><span class=\"value\">palm, claw, fingertip<\/span><\/div>\n<div class=\"spec\"><span class=\"title\">ORIENTACI\u00d3N: <\/span><span class=\"value\">sim\u00e9trico<\/span><\/div>\n<div class=\"spec\"><span class=\"title\">CABLE: <\/span><span class=\"value\">paracord<\/span><\/div>\n<div class=\"spec\"><span class=\"title\">CONEXI\u00d3N: <\/span><span class=\"value\">cableada USB-C a USB-A<\/span><\/div>\n<div class=\"spec\"><span class=\"title\">MODELO SENSOR: <\/span><span class=\"value\">Pixart 3327<\/span><\/div>\n<div class=\"spec\"><span class=\"title\">SWITCHES: <\/span><span class=\"value\">Huano Blue Shell Blue Dot<\/span><\/div>\n<div class=\"spec\"><span class=\"title\">RETROILUMINACI\u00d3N: <\/span><span class=\"value\">no<\/span><\/div>\n<div class=\"spec\"><span class=\"title\">DPI M\u00cdNIMO: <\/span><span class=\"value\">2000<\/span><\/div>\n<div class=\"spec\"><span class=\"title\">DPI M\u00c1XIMO: <\/span><span class=\"value\">12400<\/span><\/div>\n<div class=\"spec\"><span class=\"title\">FRECUENCIA DE RESPUESTA:<\/span><span class=\"value\">125 \/ 1000 Hz<\/span><\/div>\n<div class=\"spec\"><span class=\"title\">SISTEMA DE PESAS:<\/span><span class=\"value\">no<\/span><\/div>\n<div class=\"spec\"><span class=\"title\">PESO: <\/span><span class=\"value\">42 g<\/span><\/div>\n<div class=\"spec\"><span class=\"title\">DIMENSIONES: <\/span><span class=\"value\">120,8 * 64,3 * 37,9 mm<\/span><\/div>\n<div class=\"spec\"><span class=\"title\">EXTRAS: <\/span><span class=\"value\">bot\u00f3n de DPI en la parte inferior<\/span><\/div>\n<div class=\"spec\"><span class=\"title\">SOFTWARE: <\/span><span class=\"value\">s\u00ed<\/span><\/div>\n","protected":false},"excerpt":{"rendered":"<p>El K1ng es un rat\u00f3n h\u00edper competitivo que esquiva los ornamentos innecesarios para concentrarse plenamente en el rendimiento. \u00a0Ultra liviano, peque\u00f1o y ergon\u00f3mico. \u00a0Cable de paracord. \u00a0Sensor Pixart 3327. \u00a0Switches Huano: 20 millones de clics. FLOTA Con apenas 50 gramos de peso, cable premium de paracord y los cl\u00e1sicos patines de tefl\u00f3n Redragon, el K1ng se desliza sobre la alfombrilla con suavidad total para otorgar al jugador la m\u00e1xima precisi\u00f3n posible. RINDE En lo que respecta a elementos internos clave como el sensor o los switches, el K1ng entrega: est\u00e1 equipado con componentes de alta calidad que permiten alcanzar un rendimiento realmente competitivo. \u00a0Sensor \u00f3ptico Pixart 3327. Un sensor competitivo para gaming y esports. \u00a0Switches principales Huano, preparados para resistir 20 millones de clics. DISE\u00d1O MINIMALISTA Este rat\u00f3n prescinde de ornamentos habituales como la retroiluminaci\u00f3n RGB para concentrarse al 100% en el rendimiento. Para optimizar el agarre y evitar los clics en falso, el K1ng rechaza los t\u00edpicos botones extra de la parte superior, aunque incluye un bot\u00f3n de DPI en la parte inferior y dos botones laterales. SOFTWARE RENOVADO La nueva versi\u00f3n de software cuenta con una interfaz renovada y permite una mayor personalizaci\u00f3n de las funciones del rat\u00f3n. Por otra parte, la memoria interna del rat\u00f3n posibilita que las configuraciones queden guardadas para el uso multi dispositivo. BOTONES PROGRAMABLES: 5 TIPO DE AGARRE: palm, claw, fingertip ORIENTACI\u00d3N: sim\u00e9trico CABLE: paracord CONEXI\u00d3N: cableada USB-C a USB-A MODELO SENSOR: Pixart 3327 SWITCHES: Huano Blue Shell Blue Dot RETROILUMINACI\u00d3N: no DPI M\u00cdNIMO: 2000 DPI M\u00c1XIMO: 12400 FRECUENCIA DE RESPUESTA:125 \/ 1000 Hz SISTEMA DE PESAS:no PESO: 42 g DIMENSIONES: 120,8 * 64,3 * 37,9 mm EXTRAS: bot\u00f3n de DPI en la parte inferior SOFTWARE: s\u00ed<\/p>\n","protected":false},"featured_media":11594,"template":"","meta":{"site-sidebar-layout":"default","site-content-layout":"","ast-site-content-layout":"default","site-content-style":"default","site-sidebar-style":"default","ast-global-header-display":"","ast-banner-title-visibility":"","ast-main-header-display":"","ast-hfb-above-header-display":"","ast-hfb-below-header-display":"","ast-hfb-mobile-header-display":"","site-post-title":"","ast-breadcrumbs-content":"","ast-featured-img":"","footer-sml-layout":"","theme-transparent-header-meta":"","adv-header-id-meta":"","stick-header-meta":"","header-above-stick-meta":"","header-main-stick-meta":"","header-below-stick-meta":"","astra-migrate-meta-layouts":"default","ast-page-background-enabled":"default","ast-page-background-meta":{"desktop":{"background-color":"var(--ast-global-color-5)","background-image":"","background-repeat":"repeat","background-position":"center center","background-size":"auto","background-attachment":"scroll","background-type":"","background-media":"","overlay-type":"","overlay-color":"","overlay-opacity":"","overlay-gradient":""},"tablet":{"background-color":"","background-image":"","background-repeat":"repeat","background-position":"center center","background-size":"auto","background-attachment":"scroll","background-type":"","background-media":"","overlay-type":"","overlay-color":"","overlay-opacity":"","overlay-gradient":""},"mobile":{"background-color":"","background-image":"","background-repeat":"repeat","background-position":"center center","background-size":"auto","background-attachment":"scroll","background-type":"","background-media":"","overlay-type":"","overlay-color":"","overlay-opacity":"","overlay-gradient":""}},"ast-content-background-meta":{"desktop":{"background-color":"var(--ast-global-color-4)","background-image":"","background-repeat":"repeat","background-position":"center center","background-size":"auto","background-attachment":"scroll","background-type":"","background-media":"","overlay-type":"","overlay-color":"","overlay-opacity":"","overlay-gradient":""},"tablet":{"background-color":"var(--ast-global-color-4)","background-image":"","background-repeat":"repeat","background-position":"center center","background-size":"auto","background-attachment":"scroll","background-type":"","background-media":"","overlay-type":"","overlay-color":"","overlay-opacity":"","overlay-gradient":""},"mobile":{"background-color":"var(--ast-global-color-4)","background-image":"","background-repeat":"repeat","background-position":"center center","background-size":"auto","background-attachment":"scroll","background-type":"","background-media":"","overlay-type":"","overlay-color":"","overlay-opacity":"","overlay-gradient":""}},"_joinchat":[]},"product_brand":[],"product_cat":[89],"product_tag":[],"class_list":{"0":"post-11598","1":"product","2":"type-product","3":"status-publish","4":"has-post-thumbnail","6":"product_cat-gamers-competitivos","7":"desktop-align-center","8":"tablet-align-left","9":"mobile-align-left","11":"first","12":"instock","13":"shipping-taxable","14":"purchasable","15":"product-type-simple"},"yoast_head":"<!-- This site is optimized with the Yoast SEO plugin v27.5 - https:\/\/yoast.com\/product\/yoast-seo-wordpress\/ -->\n<title>Mouse REDRAGON K1ng 1K Black - UnitGames<\/title>\n<meta name=\"robots\" content=\"index, follow, max-snippet:-1, max-image-preview:large, max-video-preview:-1\" \/>\n<link rel=\"canonical\" href=\"https:\/\/unitgames.com.ar\/pc-gamer\/producto\/mouse-redragon-k1ng-1k-black\/\" \/>\n<meta property=\"og:locale\" content=\"es_ES\" \/>\n<meta property=\"og:type\" content=\"article\" \/>\n<meta property=\"og:title\" content=\"Mouse REDRAGON K1ng 1K Black - UnitGames\" \/>\n<meta property=\"og:description\" content=\"El K1ng es un rat\u00f3n h\u00edper competitivo que esquiva los ornamentos innecesarios para concentrarse plenamente en el rendimiento. \u00a0Ultra liviano, peque\u00f1o y ergon\u00f3mico. \u00a0Cable de paracord. \u00a0Sensor Pixart 3327. \u00a0Switches Huano: 20 millones de clics. FLOTA Con apenas 50 gramos de peso, cable premium de paracord y los cl\u00e1sicos patines de tefl\u00f3n Redragon, el K1ng se desliza sobre la alfombrilla con suavidad total para otorgar al jugador la m\u00e1xima precisi\u00f3n posible. RINDE En lo que respecta a elementos internos clave como el sensor o los switches, el K1ng entrega: est\u00e1 equipado con componentes de alta calidad que permiten alcanzar un rendimiento realmente competitivo. \u00a0Sensor \u00f3ptico Pixart 3327. Un sensor competitivo para gaming y esports. \u00a0Switches principales Huano, preparados para resistir 20 millones de clics. DISE\u00d1O MINIMALISTA Este rat\u00f3n prescinde de ornamentos habituales como la retroiluminaci\u00f3n RGB para concentrarse al 100% en el rendimiento. Para optimizar el agarre y evitar los clics en falso, el K1ng rechaza los t\u00edpicos botones extra de la parte superior, aunque incluye un bot\u00f3n de DPI en la parte inferior y dos botones laterales. SOFTWARE RENOVADO La nueva versi\u00f3n de software cuenta con una interfaz renovada y permite una mayor personalizaci\u00f3n de las funciones del rat\u00f3n. Por otra parte, la memoria interna del rat\u00f3n posibilita que las configuraciones queden guardadas para el uso multi dispositivo. BOTONES PROGRAMABLES: 5 TIPO DE AGARRE: palm, claw, fingertip ORIENTACI\u00d3N: sim\u00e9trico CABLE: paracord CONEXI\u00d3N: cableada USB-C a USB-A MODELO SENSOR: Pixart 3327 SWITCHES: Huano Blue Shell Blue Dot RETROILUMINACI\u00d3N: no DPI M\u00cdNIMO: 2000 DPI M\u00c1XIMO: 12400 FRECUENCIA DE RESPUESTA:125 \/ 1000 Hz SISTEMA DE PESAS:no PESO: 42 g DIMENSIONES: 120,8 * 64,3 * 37,9 mm EXTRAS: bot\u00f3n de DPI en la parte inferior SOFTWARE: s\u00ed\" \/>\n<meta property=\"og:url\" content=\"https:\/\/unitgames.com.ar\/pc-gamer\/producto\/mouse-redragon-k1ng-1k-black\/\" \/>\n<meta property=\"og:site_name\" content=\"UnitGames\" \/>\n<meta property=\"article:modified_time\" content=\"2026-01-17T13:42:31+00:00\" \/>\n<meta property=\"og:image\" content=\"https:\/\/unitgames.com.ar\/pc-gamer\/wp-content\/uploads\/2024\/11\/Mouse-REDRAGON-K1ng-1K-Negro.png\" \/>\n\t<meta property=\"og:image:width\" content=\"1283\" \/>\n\t<meta property=\"og:image:height\" content=\"1283\" \/>\n\t<meta property=\"og:image:type\" content=\"image\/png\" \/>\n<meta name=\"twitter:card\" content=\"summary_large_image\" \/>\n<meta name=\"twitter:label1\" content=\"Tiempo de lectura\" \/>\n\t<meta name=\"twitter:data1\" content=\"3 minutos\" \/>\n<script type=\"application\/ld+json\" class=\"yoast-schema-graph\">{\"@context\":\"https:\\\/\\\/schema.org\",\"@graph\":[{\"@type\":\"WebPage\",\"@id\":\"https:\\\/\\\/unitgames.com.ar\\\/pc-gamer\\\/producto\\\/mouse-redragon-k1ng-1k-black\\\/\",\"url\":\"https:\\\/\\\/unitgames.com.ar\\\/pc-gamer\\\/producto\\\/mouse-redragon-k1ng-1k-black\\\/\",\"name\":\"Mouse REDRAGON K1ng 1K Black - UnitGames\",\"isPartOf\":{\"@id\":\"https:\\\/\\\/unitgames.com.ar\\\/pc-gamer\\\/#website\"},\"primaryImageOfPage\":{\"@id\":\"https:\\\/\\\/unitgames.com.ar\\\/pc-gamer\\\/producto\\\/mouse-redragon-k1ng-1k-black\\\/#primaryimage\"},\"image\":{\"@id\":\"https:\\\/\\\/unitgames.com.ar\\\/pc-gamer\\\/producto\\\/mouse-redragon-k1ng-1k-black\\\/#primaryimage\"},\"thumbnailUrl\":\"https:\\\/\\\/unitgames.com.ar\\\/pc-gamer\\\/wp-content\\\/uploads\\\/2024\\\/11\\\/Mouse-REDRAGON-K1ng-1K-Negro.png\",\"datePublished\":\"2024-11-01T23:20:30+00:00\",\"dateModified\":\"2026-01-17T13:42:31+00:00\",\"breadcrumb\":{\"@id\":\"https:\\\/\\\/unitgames.com.ar\\\/pc-gamer\\\/producto\\\/mouse-redragon-k1ng-1k-black\\\/#breadcrumb\"},\"inLanguage\":\"es\",\"potentialAction\":[{\"@type\":\"ReadAction\",\"target\":[\"https:\\\/\\\/unitgames.com.ar\\\/pc-gamer\\\/producto\\\/mouse-redragon-k1ng-1k-black\\\/\"]}]},{\"@type\":\"ImageObject\",\"inLanguage\":\"es\",\"@id\":\"https:\\\/\\\/unitgames.com.ar\\\/pc-gamer\\\/producto\\\/mouse-redragon-k1ng-1k-black\\\/#primaryimage\",\"url\":\"https:\\\/\\\/unitgames.com.ar\\\/pc-gamer\\\/wp-content\\\/uploads\\\/2024\\\/11\\\/Mouse-REDRAGON-K1ng-1K-Negro.png\",\"contentUrl\":\"https:\\\/\\\/unitgames.com.ar\\\/pc-gamer\\\/wp-content\\\/uploads\\\/2024\\\/11\\\/Mouse-REDRAGON-K1ng-1K-Negro.png\",\"width\":1283,\"height\":1283},{\"@type\":\"BreadcrumbList\",\"@id\":\"https:\\\/\\\/unitgames.com.ar\\\/pc-gamer\\\/producto\\\/mouse-redragon-k1ng-1k-black\\\/#breadcrumb\",\"itemListElement\":[{\"@type\":\"ListItem\",\"position\":1,\"name\":\"Tienda\",\"item\":\"https:\\\/\\\/unitgames.com.ar\\\/pc-gamer\\\/tienda\\\/\"},{\"@type\":\"ListItem\",\"position\":2,\"name\":\"Mouse REDRAGON K1ng 1K Black\"}]},{\"@type\":\"WebSite\",\"@id\":\"https:\\\/\\\/unitgames.com.ar\\\/pc-gamer\\\/#website\",\"url\":\"https:\\\/\\\/unitgames.com.ar\\\/pc-gamer\\\/\",\"name\":\"UnitGames\",\"description\":\"Venta de PC Gamers, Consolas , Servicio Tecnico Especializado. Todos en Accesorios Informaticos y Gamers\",\"publisher\":{\"@id\":\"https:\\\/\\\/unitgames.com.ar\\\/pc-gamer\\\/#organization\"},\"potentialAction\":[{\"@type\":\"SearchAction\",\"target\":{\"@type\":\"EntryPoint\",\"urlTemplate\":\"https:\\\/\\\/unitgames.com.ar\\\/pc-gamer\\\/?s={search_term_string}\"},\"query-input\":{\"@type\":\"PropertyValueSpecification\",\"valueRequired\":true,\"valueName\":\"search_term_string\"}}],\"inLanguage\":\"es\"},{\"@type\":\"Organization\",\"@id\":\"https:\\\/\\\/unitgames.com.ar\\\/pc-gamer\\\/#organization\",\"name\":\"UnitGames\",\"url\":\"https:\\\/\\\/unitgames.com.ar\\\/pc-gamer\\\/\",\"logo\":{\"@type\":\"ImageObject\",\"inLanguage\":\"es\",\"@id\":\"https:\\\/\\\/unitgames.com.ar\\\/pc-gamer\\\/#\\\/schema\\\/logo\\\/image\\\/\",\"url\":\"https:\\\/\\\/unitgames.com.ar\\\/pc-gamer\\\/wp-content\\\/uploads\\\/2021\\\/01\\\/cropped-logoUnitGames2.png\",\"contentUrl\":\"https:\\\/\\\/unitgames.com.ar\\\/pc-gamer\\\/wp-content\\\/uploads\\\/2021\\\/01\\\/cropped-logoUnitGames2.png\",\"width\":152,\"height\":200,\"caption\":\"UnitGames\"},\"image\":{\"@id\":\"https:\\\/\\\/unitgames.com.ar\\\/pc-gamer\\\/#\\\/schema\\\/logo\\\/image\\\/\"}}]}<\/script>\n<!-- \/ Yoast SEO plugin. -->","yoast_head_json":{"title":"Mouse REDRAGON K1ng 1K Black - UnitGames","robots":{"index":"index","follow":"follow","max-snippet":"max-snippet:-1","max-image-preview":"max-image-preview:large","max-video-preview":"max-video-preview:-1"},"canonical":"https:\/\/unitgames.com.ar\/pc-gamer\/producto\/mouse-redragon-k1ng-1k-black\/","og_locale":"es_ES","og_type":"article","og_title":"Mouse REDRAGON K1ng 1K Black - UnitGames","og_description":"El K1ng es un rat\u00f3n h\u00edper competitivo que esquiva los ornamentos innecesarios para concentrarse plenamente en el rendimiento. \u00a0Ultra liviano, peque\u00f1o y ergon\u00f3mico. \u00a0Cable de paracord. \u00a0Sensor Pixart 3327. \u00a0Switches Huano: 20 millones de clics. FLOTA Con apenas 50 gramos de peso, cable premium de paracord y los cl\u00e1sicos patines de tefl\u00f3n Redragon, el K1ng se desliza sobre la alfombrilla con suavidad total para otorgar al jugador la m\u00e1xima precisi\u00f3n posible. RINDE En lo que respecta a elementos internos clave como el sensor o los switches, el K1ng entrega: est\u00e1 equipado con componentes de alta calidad que permiten alcanzar un rendimiento realmente competitivo. \u00a0Sensor \u00f3ptico Pixart 3327. Un sensor competitivo para gaming y esports. \u00a0Switches principales Huano, preparados para resistir 20 millones de clics. DISE\u00d1O MINIMALISTA Este rat\u00f3n prescinde de ornamentos habituales como la retroiluminaci\u00f3n RGB para concentrarse al 100% en el rendimiento. Para optimizar el agarre y evitar los clics en falso, el K1ng rechaza los t\u00edpicos botones extra de la parte superior, aunque incluye un bot\u00f3n de DPI en la parte inferior y dos botones laterales. SOFTWARE RENOVADO La nueva versi\u00f3n de software cuenta con una interfaz renovada y permite una mayor personalizaci\u00f3n de las funciones del rat\u00f3n. Por otra parte, la memoria interna del rat\u00f3n posibilita que las configuraciones queden guardadas para el uso multi dispositivo. BOTONES PROGRAMABLES: 5 TIPO DE AGARRE: palm, claw, fingertip ORIENTACI\u00d3N: sim\u00e9trico CABLE: paracord CONEXI\u00d3N: cableada USB-C a USB-A MODELO SENSOR: Pixart 3327 SWITCHES: Huano Blue Shell Blue Dot RETROILUMINACI\u00d3N: no DPI M\u00cdNIMO: 2000 DPI M\u00c1XIMO: 12400 FRECUENCIA DE RESPUESTA:125 \/ 1000 Hz SISTEMA DE PESAS:no PESO: 42 g DIMENSIONES: 120,8 * 64,3 * 37,9 mm EXTRAS: bot\u00f3n de DPI en la parte inferior SOFTWARE: s\u00ed","og_url":"https:\/\/unitgames.com.ar\/pc-gamer\/producto\/mouse-redragon-k1ng-1k-black\/","og_site_name":"UnitGames","article_modified_time":"2026-01-17T13:42:31+00:00","og_image":[{"width":1283,"height":1283,"url":"https:\/\/unitgames.com.ar\/pc-gamer\/wp-content\/uploads\/2024\/11\/Mouse-REDRAGON-K1ng-1K-Negro.png","type":"image\/png"}],"twitter_card":"summary_large_image","twitter_misc":{"Tiempo de lectura":"3 minutos"},"schema":{"@context":"https:\/\/schema.org","@graph":[{"@type":"WebPage","@id":"https:\/\/unitgames.com.ar\/pc-gamer\/producto\/mouse-redragon-k1ng-1k-black\/","url":"https:\/\/unitgames.com.ar\/pc-gamer\/producto\/mouse-redragon-k1ng-1k-black\/","name":"Mouse REDRAGON K1ng 1K Black - UnitGames","isPartOf":{"@id":"https:\/\/unitgames.com.ar\/pc-gamer\/#website"},"primaryImageOfPage":{"@id":"https:\/\/unitgames.com.ar\/pc-gamer\/producto\/mouse-redragon-k1ng-1k-black\/#primaryimage"},"image":{"@id":"https:\/\/unitgames.com.ar\/pc-gamer\/producto\/mouse-redragon-k1ng-1k-black\/#primaryimage"},"thumbnailUrl":"https:\/\/unitgames.com.ar\/pc-gamer\/wp-content\/uploads\/2024\/11\/Mouse-REDRAGON-K1ng-1K-Negro.png","datePublished":"2024-11-01T23:20:30+00:00","dateModified":"2026-01-17T13:42:31+00:00","breadcrumb":{"@id":"https:\/\/unitgames.com.ar\/pc-gamer\/producto\/mouse-redragon-k1ng-1k-black\/#breadcrumb"},"inLanguage":"es","potentialAction":[{"@type":"ReadAction","target":["https:\/\/unitgames.com.ar\/pc-gamer\/producto\/mouse-redragon-k1ng-1k-black\/"]}]},{"@type":"ImageObject","inLanguage":"es","@id":"https:\/\/unitgames.com.ar\/pc-gamer\/producto\/mouse-redragon-k1ng-1k-black\/#primaryimage","url":"https:\/\/unitgames.com.ar\/pc-gamer\/wp-content\/uploads\/2024\/11\/Mouse-REDRAGON-K1ng-1K-Negro.png","contentUrl":"https:\/\/unitgames.com.ar\/pc-gamer\/wp-content\/uploads\/2024\/11\/Mouse-REDRAGON-K1ng-1K-Negro.png","width":1283,"height":1283},{"@type":"BreadcrumbList","@id":"https:\/\/unitgames.com.ar\/pc-gamer\/producto\/mouse-redragon-k1ng-1k-black\/#breadcrumb","itemListElement":[{"@type":"ListItem","position":1,"name":"Tienda","item":"https:\/\/unitgames.com.ar\/pc-gamer\/tienda\/"},{"@type":"ListItem","position":2,"name":"Mouse REDRAGON K1ng 1K Black"}]},{"@type":"WebSite","@id":"https:\/\/unitgames.com.ar\/pc-gamer\/#website","url":"https:\/\/unitgames.com.ar\/pc-gamer\/","name":"UnitGames","description":"Venta de PC Gamers, Consolas , Servicio Tecnico Especializado. Todos en Accesorios Informaticos y Gamers","publisher":{"@id":"https:\/\/unitgames.com.ar\/pc-gamer\/#organization"},"potentialAction":[{"@type":"SearchAction","target":{"@type":"EntryPoint","urlTemplate":"https:\/\/unitgames.com.ar\/pc-gamer\/?s={search_term_string}"},"query-input":{"@type":"PropertyValueSpecification","valueRequired":true,"valueName":"search_term_string"}}],"inLanguage":"es"},{"@type":"Organization","@id":"https:\/\/unitgames.com.ar\/pc-gamer\/#organization","name":"UnitGames","url":"https:\/\/unitgames.com.ar\/pc-gamer\/","logo":{"@type":"ImageObject","inLanguage":"es","@id":"https:\/\/unitgames.com.ar\/pc-gamer\/#\/schema\/logo\/image\/","url":"https:\/\/unitgames.com.ar\/pc-gamer\/wp-content\/uploads\/2021\/01\/cropped-logoUnitGames2.png","contentUrl":"https:\/\/unitgames.com.ar\/pc-gamer\/wp-content\/uploads\/2021\/01\/cropped-logoUnitGames2.png","width":152,"height":200,"caption":"UnitGames"},"image":{"@id":"https:\/\/unitgames.com.ar\/pc-gamer\/#\/schema\/logo\/image\/"}}]}},"_links":{"self":[{"href":"https:\/\/unitgames.com.ar\/pc-gamer\/wp-json\/wp\/v2\/product\/11598","targetHints":{"allow":["GET"]}}],"collection":[{"href":"https:\/\/unitgames.com.ar\/pc-gamer\/wp-json\/wp\/v2\/product"}],"about":[{"href":"https:\/\/unitgames.com.ar\/pc-gamer\/wp-json\/wp\/v2\/types\/product"}],"version-history":[{"count":0,"href":"https:\/\/unitgames.com.ar\/pc-gamer\/wp-json\/wp\/v2\/product\/11598\/revisions"}],"wp:featuredmedia":[{"embeddable":true,"href":"https:\/\/unitgames.com.ar\/pc-gamer\/wp-json\/wp\/v2\/media\/11594"}],"wp:attachment":[{"href":"https:\/\/unitgames.com.ar\/pc-gamer\/wp-json\/wp\/v2\/media?parent=11598"}],"wp:term":[{"taxonomy":"product_brand","embeddable":true,"href":"https:\/\/unitgames.com.ar\/pc-gamer\/wp-json\/wp\/v2\/product_brand?post=11598"},{"taxonomy":"product_cat","embeddable":true,"href":"https:\/\/unitgames.com.ar\/pc-gamer\/wp-json\/wp\/v2\/product_cat?post=11598"},{"taxonomy":"product_tag","embeddable":true,"href":"https:\/\/unitgames.com.ar\/pc-gamer\/wp-json\/wp\/v2\/product_tag?post=11598"}],"curies":[{"name":"wp","href":"https:\/\/api.w.org\/{rel}","templated":true}]}}