{"id":11647,"date":"2024-11-08T15:00:01","date_gmt":"2024-11-08T15:00:01","guid":{"rendered":"https:\/\/unitgames.com.ar\/pc-gamer\/?post_type=product&#038;p=11647"},"modified":"2026-01-09T07:17:52","modified_gmt":"2026-01-09T10:17:52","slug":"mouse-logitech-g309","status":"publish","type":"product","link":"https:\/\/unitgames.com.ar\/pc-gamer\/producto\/mouse-logitech-g309\/","title":{"rendered":"Mouse LOGITECH G309 Black"},"content":{"rendered":"<div class=\"hotspot_odd hotspot_specs_table_row\">\n<div class=\"hotspot_column\">\n<div class=\"pangea-cmp body-copy js-pangea-body-copy aem-margin-options default dc-white tc-white mc-white\" data-aem-id=\"text_editable_1-i15e4661071aa853a69eff794fba75e47\" data-align-desktop=\"center\" data-align-tablet=\"center\" data-align-mobile=\"center\" data-body-size=\"default\">\n<div class=\"aem-content-ctn container\">\n<div class=\"aem-padding-options \" data-aem-id=\"text_editable_1-i15e4661071aa853a69eff794fba75e47-padding-options\">\n<div class=\"content-ctn rte-field constrain-text-width\">\n<h2 class=\"body-copy-title h3 dc-white tc-white mc-white \" data-analytics-title=\"min-limits-max-performance\">L\u00cdMITES M\u00cdNIMOS. DESEMPE\u00d1O M\u00c1XIMO.<\/h2>\n<\/div>\n<\/div>\n<\/div>\n<\/div>\n<div class=\"pangea-cmp divider-wrapper aem-margin-options \" data-theme-desktop=\"theme-light\" data-theme-tablet=\"theme-light\" data-theme-mobile=\"theme-light\" data-style-desktop=\"standard\" data-style-tablet=\"standard\" data-style-mobile=\"standard\" data-direction-desktop=\"horizontal-center\" data-direction-tablet=\"horizontal-center\" data-direction-mobile=\"horizontal-center\" data-aem-id=\"divider-i164066717e7e5f4a6795cbabdb304ca3\">\n<div class=\"aem-content-ctn no-container\">\n<div class=\"aem-padding-options tpbs mpbs\" data-aem-id=\"divider-i164066717e7e5f4a6795cbabdb304ca3-padding-options\">\n<div class=\"divider\">G309 LIGHTSPEED ofrece tecnolog\u00eda inal\u00e1mbrica avanzada, dise\u00f1ada para que todos los jugadores jueguen a su m\u00e1ximo potencial. Optimiza tu rendimiento, minimiza las barreras y sum\u00e9rgete en el juego al m\u00e1ximo.<\/div>\n<\/div>\n<\/div>\n<\/div>\n<\/div>\n<div>\n<h2 class=\"h3 \">FLEXIBILIDAD M\u00c1XIMA<\/h2>\n<p>Conectividad inal\u00e1mbrica dual flexible mediante LIGHTSPEED y Bluetooth. Cada milisegundo cuenta, y la tecnolog\u00eda inal\u00e1mbrica LIGHTSPEED proporciona a tu juego una conexi\u00f3n fluida y confiable, para que juegues con la m\u00e1xima confianza. Juega con tecnolog\u00eda inal\u00e1mbrica de baja latencia para juegos o cambia al Bluetooth universal para disfrutar una flexibilidad inal\u00e1mbrica total.<\/p>\n<\/div>\n<h2 class=\"h3 \">PESO M\u00cdNIMO<\/h2>\n<p>G309 LIGHTSPEED est\u00e1 dise\u00f1ado para sesiones de juego marat\u00f3nicas, con un dise\u00f1o ligero de 86 g (cuando funciona con una sola bater\u00eda AA) que reduce la tensi\u00f3n, ofrece m\u00e1s comodidad y un juego m\u00e1s agradable. Reduce a\u00fan m\u00e1s el peso y optimiza tu juego si eliminas la bater\u00eda AA y lo emparejas con el sistema de carga inal\u00e1mbrica POWERPLAY para disfrutar un peso a\u00fan m\u00e1s ligero de 68 g.<\/p>\n<h2 class=\"h3 \">VELOCIDAD M\u00c1XIMA<\/h2>\n<p>Los interruptores h\u00edbridos LIGHTFORCE combinan lo mejor del dise\u00f1o de los interruptores \u00f3pticos y mec\u00e1nicos, para ofrecer la combinaci\u00f3n definitiva de velocidad y tacto. Los interruptores LIGHTFORCE del G309 Negro LIGHTSPEED detectan el clic \u00f3ptico a la velocidad de la luz, para ofrecer un tiempo de reacci\u00f3n pr\u00e1cticamente instant\u00e1neo, junto con el tacto mec\u00e1nico y la respuesta de accionamiento que te dar\u00e1n confianza en cada clic<\/p>\n<h2 class=\"h3 \">LATENCIA M\u00cdNIMA<\/h2>\n<p>El sensor HERO 25K de G309 LIGHTSPEED te conecta a cada movimiento entre tu mouse y el juego con una precisi\u00f3n por debajo del micr\u00f3n. La mejora de 10 veces en la eficiencia energ\u00e9tica hace que tu bater\u00eda dure a\u00fan m\u00e1s, y el seguimiento de la velocidad IPS 400+ ofrece una precisi\u00f3n milim\u00e9trica con cero suavizado, filtrado o aceleraci\u00f3n.<\/p>\n<h2 class=\"h3 \">BATER\u00cdA M\u00c1XIMA<\/h2>\n<p>El G309 LIGHTSPEED fue dise\u00f1ado como el modelo definitivo para las sesiones de juego marat\u00f3nicas. Juega m\u00e1s de 300 horas con una sola bater\u00eda AA o deshazte por completo de la bater\u00eda y empar\u00e9jala con el sistema de carga inal\u00e1mbrica POWERPLAY para disfrutar una carga pr\u00e1cticamente ilimitada. Conc\u00e9ntrate en el juego, no en la duraci\u00f3n de la bater\u00eda.<\/p>\n<h2 class=\"h3 \">JUEGO AL M\u00c1XIMO<\/h2>\n<p>G309 LIGHTSPEED incluye seis botones programables totalmente personalizables mediante G HUB, lo que te permite optimizar el mouse seg\u00fan tu estilo de juego.<\/p>\n<\/div>\n","protected":false},"excerpt":{"rendered":"<p>L\u00cdMITES M\u00cdNIMOS. DESEMPE\u00d1O M\u00c1XIMO. G309 LIGHTSPEED ofrece tecnolog\u00eda inal\u00e1mbrica avanzada, dise\u00f1ada para que todos los jugadores jueguen a su m\u00e1ximo potencial. Optimiza tu rendimiento, minimiza las barreras y sum\u00e9rgete en el juego al m\u00e1ximo. FLEXIBILIDAD M\u00c1XIMA Conectividad inal\u00e1mbrica dual flexible mediante LIGHTSPEED y Bluetooth. Cada milisegundo cuenta, y la tecnolog\u00eda inal\u00e1mbrica LIGHTSPEED proporciona a tu juego una conexi\u00f3n fluida y confiable, para que juegues con la m\u00e1xima confianza. Juega con tecnolog\u00eda inal\u00e1mbrica de baja latencia para juegos o cambia al Bluetooth universal para disfrutar una flexibilidad inal\u00e1mbrica total. PESO M\u00cdNIMO G309 LIGHTSPEED est\u00e1 dise\u00f1ado para sesiones de juego marat\u00f3nicas, con un dise\u00f1o ligero de 86 g (cuando funciona con una sola bater\u00eda AA) que reduce la tensi\u00f3n, ofrece m\u00e1s comodidad y un juego m\u00e1s agradable. Reduce a\u00fan m\u00e1s el peso y optimiza tu juego si eliminas la bater\u00eda AA y lo emparejas con el sistema de carga inal\u00e1mbrica POWERPLAY para disfrutar un peso a\u00fan m\u00e1s ligero de 68 g. VELOCIDAD M\u00c1XIMA Los interruptores h\u00edbridos LIGHTFORCE combinan lo mejor del dise\u00f1o de los interruptores \u00f3pticos y mec\u00e1nicos, para ofrecer la combinaci\u00f3n definitiva de velocidad y tacto. Los interruptores LIGHTFORCE del G309 Negro LIGHTSPEED detectan el clic \u00f3ptico a la velocidad de la luz, para ofrecer un tiempo de reacci\u00f3n pr\u00e1cticamente instant\u00e1neo, junto con el tacto mec\u00e1nico y la respuesta de accionamiento que te dar\u00e1n confianza en cada clic LATENCIA M\u00cdNIMA El sensor HERO 25K de G309 LIGHTSPEED te conecta a cada movimiento entre tu mouse y el juego con una precisi\u00f3n por debajo del micr\u00f3n. La mejora de 10 veces en la eficiencia energ\u00e9tica hace que tu bater\u00eda dure a\u00fan m\u00e1s, y el seguimiento de la velocidad IPS 400+ ofrece una precisi\u00f3n milim\u00e9trica con cero suavizado, filtrado o aceleraci\u00f3n. BATER\u00cdA M\u00c1XIMA El G309 LIGHTSPEED fue dise\u00f1ado como el modelo definitivo para las sesiones de juego marat\u00f3nicas. Juega m\u00e1s de 300 horas con una sola bater\u00eda AA o deshazte por completo de la bater\u00eda y empar\u00e9jala con el sistema de carga inal\u00e1mbrica POWERPLAY para disfrutar una carga pr\u00e1cticamente ilimitada. Conc\u00e9ntrate en el juego, no en la duraci\u00f3n de la bater\u00eda. JUEGO AL M\u00c1XIMO G309 LIGHTSPEED incluye seis botones programables totalmente personalizables mediante G HUB, lo que te permite optimizar el mouse seg\u00fan tu estilo de juego.<\/p>\n","protected":false},"featured_media":16031,"template":"","meta":{"site-sidebar-layout":"default","site-content-layout":"","ast-site-content-layout":"default","site-content-style":"default","site-sidebar-style":"default","ast-global-header-display":"","ast-banner-title-visibility":"","ast-main-header-display":"","ast-hfb-above-header-display":"","ast-hfb-below-header-display":"","ast-hfb-mobile-header-display":"","site-post-title":"","ast-breadcrumbs-content":"","ast-featured-img":"","footer-sml-layout":"","theme-transparent-header-meta":"default","adv-header-id-meta":"","stick-header-meta":"","header-above-stick-meta":"","header-main-stick-meta":"","header-below-stick-meta":"","astra-migrate-meta-layouts":"set","ast-page-background-enabled":"default","ast-page-background-meta":{"desktop":{"background-color":"var(--ast-global-color-5)","background-image":"","background-repeat":"repeat","background-position":"center center","background-size":"auto","background-attachment":"scroll","background-type":"","background-media":"","overlay-type":"","overlay-color":"","overlay-opacity":"","overlay-gradient":""},"tablet":{"background-color":"","background-image":"","background-repeat":"repeat","background-position":"center center","background-size":"auto","background-attachment":"scroll","background-type":"","background-media":"","overlay-type":"","overlay-color":"","overlay-opacity":"","overlay-gradient":""},"mobile":{"background-color":"","background-image":"","background-repeat":"repeat","background-position":"center center","background-size":"auto","background-attachment":"scroll","background-type":"","background-media":"","overlay-type":"","overlay-color":"","overlay-opacity":"","overlay-gradient":""}},"ast-content-background-meta":{"desktop":{"background-color":"var(--ast-global-color-4)","background-image":"","background-repeat":"repeat","background-position":"center center","background-size":"auto","background-attachment":"scroll","background-type":"","background-media":"","overlay-type":"","overlay-color":"","overlay-opacity":"","overlay-gradient":""},"tablet":{"background-color":"var(--ast-global-color-4)","background-image":"","background-repeat":"repeat","background-position":"center center","background-size":"auto","background-attachment":"scroll","background-type":"","background-media":"","overlay-type":"","overlay-color":"","overlay-opacity":"","overlay-gradient":""},"mobile":{"background-color":"var(--ast-global-color-4)","background-image":"","background-repeat":"repeat","background-position":"center center","background-size":"auto","background-attachment":"scroll","background-type":"","background-media":"","overlay-type":"","overlay-color":"","overlay-opacity":"","overlay-gradient":""}},"_joinchat":[]},"product_brand":[],"product_cat":[89],"product_tag":[],"class_list":{"0":"post-11647","1":"product","2":"type-product","3":"status-publish","4":"has-post-thumbnail","6":"product_cat-gamers-competitivos","7":"desktop-align-center","8":"tablet-align-left","9":"mobile-align-left","11":"first","12":"instock","13":"shipping-taxable","14":"purchasable","15":"product-type-simple"},"yoast_head":"<!-- This site is optimized with the Yoast SEO plugin v27.5 - https:\/\/yoast.com\/product\/yoast-seo-wordpress\/ -->\n<title>Mouse LOGITECH G309 Black - UnitGames<\/title>\n<meta name=\"robots\" content=\"index, follow, max-snippet:-1, max-image-preview:large, max-video-preview:-1\" \/>\n<link rel=\"canonical\" href=\"https:\/\/unitgames.com.ar\/pc-gamer\/producto\/mouse-logitech-g309\/\" \/>\n<meta property=\"og:locale\" content=\"es_ES\" \/>\n<meta property=\"og:type\" content=\"article\" \/>\n<meta property=\"og:title\" content=\"Mouse LOGITECH G309 Black - UnitGames\" \/>\n<meta property=\"og:description\" content=\"L\u00cdMITES M\u00cdNIMOS. DESEMPE\u00d1O M\u00c1XIMO. G309 LIGHTSPEED ofrece tecnolog\u00eda inal\u00e1mbrica avanzada, dise\u00f1ada para que todos los jugadores jueguen a su m\u00e1ximo potencial. Optimiza tu rendimiento, minimiza las barreras y sum\u00e9rgete en el juego al m\u00e1ximo. FLEXIBILIDAD M\u00c1XIMA Conectividad inal\u00e1mbrica dual flexible mediante LIGHTSPEED y Bluetooth. Cada milisegundo cuenta, y la tecnolog\u00eda inal\u00e1mbrica LIGHTSPEED proporciona a tu juego una conexi\u00f3n fluida y confiable, para que juegues con la m\u00e1xima confianza. Juega con tecnolog\u00eda inal\u00e1mbrica de baja latencia para juegos o cambia al Bluetooth universal para disfrutar una flexibilidad inal\u00e1mbrica total. PESO M\u00cdNIMO G309 LIGHTSPEED est\u00e1 dise\u00f1ado para sesiones de juego marat\u00f3nicas, con un dise\u00f1o ligero de 86 g (cuando funciona con una sola bater\u00eda AA) que reduce la tensi\u00f3n, ofrece m\u00e1s comodidad y un juego m\u00e1s agradable. Reduce a\u00fan m\u00e1s el peso y optimiza tu juego si eliminas la bater\u00eda AA y lo emparejas con el sistema de carga inal\u00e1mbrica POWERPLAY para disfrutar un peso a\u00fan m\u00e1s ligero de 68 g. VELOCIDAD M\u00c1XIMA Los interruptores h\u00edbridos LIGHTFORCE combinan lo mejor del dise\u00f1o de los interruptores \u00f3pticos y mec\u00e1nicos, para ofrecer la combinaci\u00f3n definitiva de velocidad y tacto. Los interruptores LIGHTFORCE del G309 Negro LIGHTSPEED detectan el clic \u00f3ptico a la velocidad de la luz, para ofrecer un tiempo de reacci\u00f3n pr\u00e1cticamente instant\u00e1neo, junto con el tacto mec\u00e1nico y la respuesta de accionamiento que te dar\u00e1n confianza en cada clic LATENCIA M\u00cdNIMA El sensor HERO 25K de G309 LIGHTSPEED te conecta a cada movimiento entre tu mouse y el juego con una precisi\u00f3n por debajo del micr\u00f3n. La mejora de 10 veces en la eficiencia energ\u00e9tica hace que tu bater\u00eda dure a\u00fan m\u00e1s, y el seguimiento de la velocidad IPS 400+ ofrece una precisi\u00f3n milim\u00e9trica con cero suavizado, filtrado o aceleraci\u00f3n. BATER\u00cdA M\u00c1XIMA El G309 LIGHTSPEED fue dise\u00f1ado como el modelo definitivo para las sesiones de juego marat\u00f3nicas. Juega m\u00e1s de 300 horas con una sola bater\u00eda AA o deshazte por completo de la bater\u00eda y empar\u00e9jala con el sistema de carga inal\u00e1mbrica POWERPLAY para disfrutar una carga pr\u00e1cticamente ilimitada. Conc\u00e9ntrate en el juego, no en la duraci\u00f3n de la bater\u00eda. JUEGO AL M\u00c1XIMO G309 LIGHTSPEED incluye seis botones programables totalmente personalizables mediante G HUB, lo que te permite optimizar el mouse seg\u00fan tu estilo de juego.\" \/>\n<meta property=\"og:url\" content=\"https:\/\/unitgames.com.ar\/pc-gamer\/producto\/mouse-logitech-g309\/\" \/>\n<meta property=\"og:site_name\" content=\"UnitGames\" \/>\n<meta property=\"article:modified_time\" content=\"2026-01-09T10:17:52+00:00\" \/>\n<meta property=\"og:image\" content=\"https:\/\/unitgames.com.ar\/pc-gamer\/wp-content\/uploads\/2024\/12\/Mouse-LOGITECH-G309-Negro.png\" \/>\n\t<meta property=\"og:image:width\" content=\"1263\" \/>\n\t<meta property=\"og:image:height\" content=\"1285\" \/>\n\t<meta property=\"og:image:type\" content=\"image\/png\" \/>\n<meta name=\"twitter:card\" content=\"summary_large_image\" \/>\n<meta name=\"twitter:label1\" content=\"Tiempo de lectura\" \/>\n\t<meta name=\"twitter:data1\" content=\"2 minutos\" \/>\n<script type=\"application\/ld+json\" class=\"yoast-schema-graph\">{\"@context\":\"https:\\\/\\\/schema.org\",\"@graph\":[{\"@type\":\"WebPage\",\"@id\":\"https:\\\/\\\/unitgames.com.ar\\\/pc-gamer\\\/producto\\\/mouse-logitech-g309\\\/\",\"url\":\"https:\\\/\\\/unitgames.com.ar\\\/pc-gamer\\\/producto\\\/mouse-logitech-g309\\\/\",\"name\":\"Mouse LOGITECH G309 Black - UnitGames\",\"isPartOf\":{\"@id\":\"https:\\\/\\\/unitgames.com.ar\\\/pc-gamer\\\/#website\"},\"primaryImageOfPage\":{\"@id\":\"https:\\\/\\\/unitgames.com.ar\\\/pc-gamer\\\/producto\\\/mouse-logitech-g309\\\/#primaryimage\"},\"image\":{\"@id\":\"https:\\\/\\\/unitgames.com.ar\\\/pc-gamer\\\/producto\\\/mouse-logitech-g309\\\/#primaryimage\"},\"thumbnailUrl\":\"https:\\\/\\\/unitgames.com.ar\\\/pc-gamer\\\/wp-content\\\/uploads\\\/2024\\\/12\\\/Mouse-LOGITECH-G309-Negro.png\",\"datePublished\":\"2024-11-08T15:00:01+00:00\",\"dateModified\":\"2026-01-09T10:17:52+00:00\",\"breadcrumb\":{\"@id\":\"https:\\\/\\\/unitgames.com.ar\\\/pc-gamer\\\/producto\\\/mouse-logitech-g309\\\/#breadcrumb\"},\"inLanguage\":\"es\",\"potentialAction\":[{\"@type\":\"ReadAction\",\"target\":[\"https:\\\/\\\/unitgames.com.ar\\\/pc-gamer\\\/producto\\\/mouse-logitech-g309\\\/\"]}]},{\"@type\":\"ImageObject\",\"inLanguage\":\"es\",\"@id\":\"https:\\\/\\\/unitgames.com.ar\\\/pc-gamer\\\/producto\\\/mouse-logitech-g309\\\/#primaryimage\",\"url\":\"https:\\\/\\\/unitgames.com.ar\\\/pc-gamer\\\/wp-content\\\/uploads\\\/2024\\\/12\\\/Mouse-LOGITECH-G309-Negro.png\",\"contentUrl\":\"https:\\\/\\\/unitgames.com.ar\\\/pc-gamer\\\/wp-content\\\/uploads\\\/2024\\\/12\\\/Mouse-LOGITECH-G309-Negro.png\",\"width\":1263,\"height\":1285},{\"@type\":\"BreadcrumbList\",\"@id\":\"https:\\\/\\\/unitgames.com.ar\\\/pc-gamer\\\/producto\\\/mouse-logitech-g309\\\/#breadcrumb\",\"itemListElement\":[{\"@type\":\"ListItem\",\"position\":1,\"name\":\"Tienda\",\"item\":\"https:\\\/\\\/unitgames.com.ar\\\/pc-gamer\\\/tienda\\\/\"},{\"@type\":\"ListItem\",\"position\":2,\"name\":\"Mouse LOGITECH G309 Black\"}]},{\"@type\":\"WebSite\",\"@id\":\"https:\\\/\\\/unitgames.com.ar\\\/pc-gamer\\\/#website\",\"url\":\"https:\\\/\\\/unitgames.com.ar\\\/pc-gamer\\\/\",\"name\":\"UnitGames\",\"description\":\"Venta de PC Gamers, Consolas , Servicio Tecnico Especializado. Todos en Accesorios Informaticos y Gamers\",\"publisher\":{\"@id\":\"https:\\\/\\\/unitgames.com.ar\\\/pc-gamer\\\/#organization\"},\"potentialAction\":[{\"@type\":\"SearchAction\",\"target\":{\"@type\":\"EntryPoint\",\"urlTemplate\":\"https:\\\/\\\/unitgames.com.ar\\\/pc-gamer\\\/?s={search_term_string}\"},\"query-input\":{\"@type\":\"PropertyValueSpecification\",\"valueRequired\":true,\"valueName\":\"search_term_string\"}}],\"inLanguage\":\"es\"},{\"@type\":\"Organization\",\"@id\":\"https:\\\/\\\/unitgames.com.ar\\\/pc-gamer\\\/#organization\",\"name\":\"UnitGames\",\"url\":\"https:\\\/\\\/unitgames.com.ar\\\/pc-gamer\\\/\",\"logo\":{\"@type\":\"ImageObject\",\"inLanguage\":\"es\",\"@id\":\"https:\\\/\\\/unitgames.com.ar\\\/pc-gamer\\\/#\\\/schema\\\/logo\\\/image\\\/\",\"url\":\"https:\\\/\\\/unitgames.com.ar\\\/pc-gamer\\\/wp-content\\\/uploads\\\/2021\\\/01\\\/cropped-logoUnitGames2.png\",\"contentUrl\":\"https:\\\/\\\/unitgames.com.ar\\\/pc-gamer\\\/wp-content\\\/uploads\\\/2021\\\/01\\\/cropped-logoUnitGames2.png\",\"width\":152,\"height\":200,\"caption\":\"UnitGames\"},\"image\":{\"@id\":\"https:\\\/\\\/unitgames.com.ar\\\/pc-gamer\\\/#\\\/schema\\\/logo\\\/image\\\/\"}}]}<\/script>\n<!-- \/ Yoast SEO plugin. -->","yoast_head_json":{"title":"Mouse LOGITECH G309 Black - UnitGames","robots":{"index":"index","follow":"follow","max-snippet":"max-snippet:-1","max-image-preview":"max-image-preview:large","max-video-preview":"max-video-preview:-1"},"canonical":"https:\/\/unitgames.com.ar\/pc-gamer\/producto\/mouse-logitech-g309\/","og_locale":"es_ES","og_type":"article","og_title":"Mouse LOGITECH G309 Black - UnitGames","og_description":"L\u00cdMITES M\u00cdNIMOS. DESEMPE\u00d1O M\u00c1XIMO. G309 LIGHTSPEED ofrece tecnolog\u00eda inal\u00e1mbrica avanzada, dise\u00f1ada para que todos los jugadores jueguen a su m\u00e1ximo potencial. Optimiza tu rendimiento, minimiza las barreras y sum\u00e9rgete en el juego al m\u00e1ximo. FLEXIBILIDAD M\u00c1XIMA Conectividad inal\u00e1mbrica dual flexible mediante LIGHTSPEED y Bluetooth. Cada milisegundo cuenta, y la tecnolog\u00eda inal\u00e1mbrica LIGHTSPEED proporciona a tu juego una conexi\u00f3n fluida y confiable, para que juegues con la m\u00e1xima confianza. Juega con tecnolog\u00eda inal\u00e1mbrica de baja latencia para juegos o cambia al Bluetooth universal para disfrutar una flexibilidad inal\u00e1mbrica total. PESO M\u00cdNIMO G309 LIGHTSPEED est\u00e1 dise\u00f1ado para sesiones de juego marat\u00f3nicas, con un dise\u00f1o ligero de 86 g (cuando funciona con una sola bater\u00eda AA) que reduce la tensi\u00f3n, ofrece m\u00e1s comodidad y un juego m\u00e1s agradable. Reduce a\u00fan m\u00e1s el peso y optimiza tu juego si eliminas la bater\u00eda AA y lo emparejas con el sistema de carga inal\u00e1mbrica POWERPLAY para disfrutar un peso a\u00fan m\u00e1s ligero de 68 g. VELOCIDAD M\u00c1XIMA Los interruptores h\u00edbridos LIGHTFORCE combinan lo mejor del dise\u00f1o de los interruptores \u00f3pticos y mec\u00e1nicos, para ofrecer la combinaci\u00f3n definitiva de velocidad y tacto. Los interruptores LIGHTFORCE del G309 Negro LIGHTSPEED detectan el clic \u00f3ptico a la velocidad de la luz, para ofrecer un tiempo de reacci\u00f3n pr\u00e1cticamente instant\u00e1neo, junto con el tacto mec\u00e1nico y la respuesta de accionamiento que te dar\u00e1n confianza en cada clic LATENCIA M\u00cdNIMA El sensor HERO 25K de G309 LIGHTSPEED te conecta a cada movimiento entre tu mouse y el juego con una precisi\u00f3n por debajo del micr\u00f3n. La mejora de 10 veces en la eficiencia energ\u00e9tica hace que tu bater\u00eda dure a\u00fan m\u00e1s, y el seguimiento de la velocidad IPS 400+ ofrece una precisi\u00f3n milim\u00e9trica con cero suavizado, filtrado o aceleraci\u00f3n. BATER\u00cdA M\u00c1XIMA El G309 LIGHTSPEED fue dise\u00f1ado como el modelo definitivo para las sesiones de juego marat\u00f3nicas. Juega m\u00e1s de 300 horas con una sola bater\u00eda AA o deshazte por completo de la bater\u00eda y empar\u00e9jala con el sistema de carga inal\u00e1mbrica POWERPLAY para disfrutar una carga pr\u00e1cticamente ilimitada. Conc\u00e9ntrate en el juego, no en la duraci\u00f3n de la bater\u00eda. JUEGO AL M\u00c1XIMO G309 LIGHTSPEED incluye seis botones programables totalmente personalizables mediante G HUB, lo que te permite optimizar el mouse seg\u00fan tu estilo de juego.","og_url":"https:\/\/unitgames.com.ar\/pc-gamer\/producto\/mouse-logitech-g309\/","og_site_name":"UnitGames","article_modified_time":"2026-01-09T10:17:52+00:00","og_image":[{"width":1263,"height":1285,"url":"https:\/\/unitgames.com.ar\/pc-gamer\/wp-content\/uploads\/2024\/12\/Mouse-LOGITECH-G309-Negro.png","type":"image\/png"}],"twitter_card":"summary_large_image","twitter_misc":{"Tiempo de lectura":"2 minutos"},"schema":{"@context":"https:\/\/schema.org","@graph":[{"@type":"WebPage","@id":"https:\/\/unitgames.com.ar\/pc-gamer\/producto\/mouse-logitech-g309\/","url":"https:\/\/unitgames.com.ar\/pc-gamer\/producto\/mouse-logitech-g309\/","name":"Mouse LOGITECH G309 Black - UnitGames","isPartOf":{"@id":"https:\/\/unitgames.com.ar\/pc-gamer\/#website"},"primaryImageOfPage":{"@id":"https:\/\/unitgames.com.ar\/pc-gamer\/producto\/mouse-logitech-g309\/#primaryimage"},"image":{"@id":"https:\/\/unitgames.com.ar\/pc-gamer\/producto\/mouse-logitech-g309\/#primaryimage"},"thumbnailUrl":"https:\/\/unitgames.com.ar\/pc-gamer\/wp-content\/uploads\/2024\/12\/Mouse-LOGITECH-G309-Negro.png","datePublished":"2024-11-08T15:00:01+00:00","dateModified":"2026-01-09T10:17:52+00:00","breadcrumb":{"@id":"https:\/\/unitgames.com.ar\/pc-gamer\/producto\/mouse-logitech-g309\/#breadcrumb"},"inLanguage":"es","potentialAction":[{"@type":"ReadAction","target":["https:\/\/unitgames.com.ar\/pc-gamer\/producto\/mouse-logitech-g309\/"]}]},{"@type":"ImageObject","inLanguage":"es","@id":"https:\/\/unitgames.com.ar\/pc-gamer\/producto\/mouse-logitech-g309\/#primaryimage","url":"https:\/\/unitgames.com.ar\/pc-gamer\/wp-content\/uploads\/2024\/12\/Mouse-LOGITECH-G309-Negro.png","contentUrl":"https:\/\/unitgames.com.ar\/pc-gamer\/wp-content\/uploads\/2024\/12\/Mouse-LOGITECH-G309-Negro.png","width":1263,"height":1285},{"@type":"BreadcrumbList","@id":"https:\/\/unitgames.com.ar\/pc-gamer\/producto\/mouse-logitech-g309\/#breadcrumb","itemListElement":[{"@type":"ListItem","position":1,"name":"Tienda","item":"https:\/\/unitgames.com.ar\/pc-gamer\/tienda\/"},{"@type":"ListItem","position":2,"name":"Mouse LOGITECH G309 Black"}]},{"@type":"WebSite","@id":"https:\/\/unitgames.com.ar\/pc-gamer\/#website","url":"https:\/\/unitgames.com.ar\/pc-gamer\/","name":"UnitGames","description":"Venta de PC Gamers, Consolas , Servicio Tecnico Especializado. Todos en Accesorios Informaticos y Gamers","publisher":{"@id":"https:\/\/unitgames.com.ar\/pc-gamer\/#organization"},"potentialAction":[{"@type":"SearchAction","target":{"@type":"EntryPoint","urlTemplate":"https:\/\/unitgames.com.ar\/pc-gamer\/?s={search_term_string}"},"query-input":{"@type":"PropertyValueSpecification","valueRequired":true,"valueName":"search_term_string"}}],"inLanguage":"es"},{"@type":"Organization","@id":"https:\/\/unitgames.com.ar\/pc-gamer\/#organization","name":"UnitGames","url":"https:\/\/unitgames.com.ar\/pc-gamer\/","logo":{"@type":"ImageObject","inLanguage":"es","@id":"https:\/\/unitgames.com.ar\/pc-gamer\/#\/schema\/logo\/image\/","url":"https:\/\/unitgames.com.ar\/pc-gamer\/wp-content\/uploads\/2021\/01\/cropped-logoUnitGames2.png","contentUrl":"https:\/\/unitgames.com.ar\/pc-gamer\/wp-content\/uploads\/2021\/01\/cropped-logoUnitGames2.png","width":152,"height":200,"caption":"UnitGames"},"image":{"@id":"https:\/\/unitgames.com.ar\/pc-gamer\/#\/schema\/logo\/image\/"}}]}},"_links":{"self":[{"href":"https:\/\/unitgames.com.ar\/pc-gamer\/wp-json\/wp\/v2\/product\/11647","targetHints":{"allow":["GET"]}}],"collection":[{"href":"https:\/\/unitgames.com.ar\/pc-gamer\/wp-json\/wp\/v2\/product"}],"about":[{"href":"https:\/\/unitgames.com.ar\/pc-gamer\/wp-json\/wp\/v2\/types\/product"}],"version-history":[{"count":0,"href":"https:\/\/unitgames.com.ar\/pc-gamer\/wp-json\/wp\/v2\/product\/11647\/revisions"}],"wp:featuredmedia":[{"embeddable":true,"href":"https:\/\/unitgames.com.ar\/pc-gamer\/wp-json\/wp\/v2\/media\/16031"}],"wp:attachment":[{"href":"https:\/\/unitgames.com.ar\/pc-gamer\/wp-json\/wp\/v2\/media?parent=11647"}],"wp:term":[{"taxonomy":"product_brand","embeddable":true,"href":"https:\/\/unitgames.com.ar\/pc-gamer\/wp-json\/wp\/v2\/product_brand?post=11647"},{"taxonomy":"product_cat","embeddable":true,"href":"https:\/\/unitgames.com.ar\/pc-gamer\/wp-json\/wp\/v2\/product_cat?post=11647"},{"taxonomy":"product_tag","embeddable":true,"href":"https:\/\/unitgames.com.ar\/pc-gamer\/wp-json\/wp\/v2\/product_tag?post=11647"}],"curies":[{"name":"wp","href":"https:\/\/api.w.org\/{rel}","templated":true}]}}