{"id":11661,"date":"2024-11-09T23:07:07","date_gmt":"2024-11-09T23:07:07","guid":{"rendered":"https:\/\/unitgames.com.ar\/pc-gamer\/?post_type=product&#038;p=11661"},"modified":"2026-01-09T07:17:50","modified_gmt":"2026-01-09T10:17:50","slug":"teclado-mecanico-vsg-alnilam-white-kailh-red-tkl","status":"publish","type":"product","link":"https:\/\/unitgames.com.ar\/pc-gamer\/producto\/teclado-mecanico-vsg-alnilam-white-kailh-red-tkl\/","title":{"rendered":"Teclado Mecanico VSG  Alnilam White Kailh Red TKL"},"content":{"rendered":"<h2 class=\"banner-slider__slide__title\">ALNILAM 80%<\/h2>\n<h3 class=\"banner-slider__slide__subtitle\">WHITE EDITION<\/h3>\n<p class=\"banner-slider__slide__content\">La luminosidad del sistema estelar de Ori\u00f3n se refleja en la estrella m\u00e1s grande de esta constelaci\u00f3n. Siente el estado de pureza m\u00e1ximo en Alnilam White Edition.<\/p>\n<h2 class=\"banner-slider__slide__title\">DIMENSI\u00d3N TKL<\/h2>\n<p class=\"banner-slider__slide__content\">La estructura de 88 teclas define la identidad de Alnitak, siendo un teclado Ten Key Less con dimensiones compactas de 140 x 360 x 38 mm que se adapta a la espacialidad de los jugadores m\u00e1s aventurados.<\/p>\n<h2 class=\"product-specs__title\">Especificaciones t\u00e9cnicas<\/h2>\n<h4 class=\"product-specs__overview-title\">Resumen<\/h4>\n<ul class=\"product-specs__overview-list\">\n<li class=\"product-specs__overview-list__item\">Connection:\u00a0Al\u00e1mbrico<\/li>\n<li class=\"product-specs__overview-list__item\">Format:\u00a0100%<\/li>\n<li class=\"product-specs__overview-list__item\">Keys:\u00a0105<\/li>\n<li class=\"product-specs__overview-list__item\">Type:\u00a0Mec\u00e1nico<\/li>\n<li class=\"product-specs__overview-list__item\">Weight:\u00a01097<\/li>\n<\/ul>\n<h4 class=\"product-specs__group__title\">Generales<\/h4>\n<p>Tipo: Mec\u00e1nico<br \/>\nFormato: 100%<br \/>\nTama\u00f1o: 440 x 140 x 38 mm<br \/>\nPeso: 1097 g<br \/>\nMaterial del case: ABS<br \/>\nMaterial del plate: Metal<br \/>\nSoftware: S\u00ed<br \/>\nMacros: S\u00ed<br \/>\nTasa de sondeo: 1000 Hz<br \/>\nTipo de montaje: Inferior<br \/>\nN-key rollover: Todas las teclas<br \/>\nElevadores de altura: S\u00ed<br \/>\nAcustizaci\u00f3n: No<br \/>\nRemovedor de teclas: S\u00ed<\/p>\n<h4 class=\"product-specs__group__title\">Teclas<\/h4>\n<p>Distribuci\u00f3n: ISO<br \/>\nRegi\u00f3n: Latinoam\u00e9rica<br \/>\nPerf\u00edl: OEM<br \/>\nMaterial de las teclas: ABS<br \/>\nInyecci\u00f3n: Simple<br \/>\nTipo de anclaje: Cruz<br \/>\nTeclas adicionales: No<\/p>\n<div>\n<h4 class=\"product-specs__group__title\">Teclas<\/h4>\n<p>Tipo de montaje de switches: MX<br \/>\nM\u00e9todo de fijaci\u00f3n del switch: Soldadura<br \/>\nSwitches compatibles: 3<br \/>\nOrientaci\u00f3n: Norte<br \/>\nRemovedor de switches: No<\/p>\n<h4 class=\"product-specs__group__title\">Iluminaci\u00f3n<\/h4>\n<p>Tipo: RGB 16.8 millones de colores<br \/>\nN\u00famero de leds: 105<br \/>\nEfectos: 20<br \/>\nConfiguraci\u00f3n por software: S\u00ed<br \/>\nConfiguraci\u00f3n por hardware: S\u00ed<\/p>\n<\/div>\n<h4 class=\"product-specs__group__title\">Conectividad<\/h4>\n<p>Conexi\u00f3n: Al\u00e1mbrico<br \/>\nInterfaz: USB tipo-A versi\u00f3n 2.2<br \/>\nPlataformas: PC<br \/>\nSO compatibles: Windows, Linux y Mac Os<br \/>\nTipo de cable: Trenzado<br \/>\nCable desmontable: No<br \/>\nLongitud del cable: 1.8 m<br \/>\nDi\u00e1metro del cable: 3.1 mm<br \/>\nConector enchapado en oro: S\u00ed<\/p>\n<div class=\"product-specs__group__items\">\n<div class=\"divider\"><\/div>\n<div class=\"product-specs__group__item\"><\/div>\n<\/div>\n","protected":false},"excerpt":{"rendered":"<p>ALNILAM 80% WHITE EDITION La luminosidad del sistema estelar de Ori\u00f3n se refleja en la estrella m\u00e1s grande de esta constelaci\u00f3n. Siente el estado de pureza m\u00e1ximo en Alnilam White Edition. DIMENSI\u00d3N TKL La estructura de 88 teclas define la identidad de Alnitak, siendo un teclado Ten Key Less con dimensiones compactas de 140 x 360 x 38 mm que se adapta a la espacialidad de los jugadores m\u00e1s aventurados. Especificaciones t\u00e9cnicas Resumen Connection:\u00a0Al\u00e1mbrico Format:\u00a0100% Keys:\u00a0105 Type:\u00a0Mec\u00e1nico Weight:\u00a01097 Generales Tipo: Mec\u00e1nico Formato: 100% Tama\u00f1o: 440 x 140 x 38 mm Peso: 1097 g Material del case: ABS Material del plate: Metal Software: S\u00ed Macros: S\u00ed Tasa de sondeo: 1000 Hz Tipo de montaje: Inferior N-key rollover: Todas las teclas Elevadores de altura: S\u00ed Acustizaci\u00f3n: No Removedor de teclas: S\u00ed Teclas Distribuci\u00f3n: ISO Regi\u00f3n: Latinoam\u00e9rica Perf\u00edl: OEM Material de las teclas: ABS Inyecci\u00f3n: Simple Tipo de anclaje: Cruz Teclas adicionales: No Teclas Tipo de montaje de switches: MX M\u00e9todo de fijaci\u00f3n del switch: Soldadura Switches compatibles: 3 Orientaci\u00f3n: Norte Removedor de switches: No Iluminaci\u00f3n Tipo: RGB 16.8 millones de colores N\u00famero de leds: 105 Efectos: 20 Configuraci\u00f3n por software: S\u00ed Configuraci\u00f3n por hardware: S\u00ed Conectividad Conexi\u00f3n: Al\u00e1mbrico Interfaz: USB tipo-A versi\u00f3n 2.2 Plataformas: PC SO compatibles: Windows, Linux y Mac Os Tipo de cable: Trenzado Cable desmontable: No Longitud del cable: 1.8 m Di\u00e1metro del cable: 3.1 mm Conector enchapado en oro: S\u00ed<\/p>\n","protected":false},"featured_media":11662,"template":"","meta":{"site-sidebar-layout":"default","site-content-layout":"","ast-site-content-layout":"default","site-content-style":"default","site-sidebar-style":"default","ast-global-header-display":"","ast-banner-title-visibility":"","ast-main-header-display":"","ast-hfb-above-header-display":"","ast-hfb-below-header-display":"","ast-hfb-mobile-header-display":"","site-post-title":"","ast-breadcrumbs-content":"","ast-featured-img":"","footer-sml-layout":"","theme-transparent-header-meta":"","adv-header-id-meta":"","stick-header-meta":"","header-above-stick-meta":"","header-main-stick-meta":"","header-below-stick-meta":"","astra-migrate-meta-layouts":"default","ast-page-background-enabled":"default","ast-page-background-meta":{"desktop":{"background-color":"var(--ast-global-color-5)","background-image":"","background-repeat":"repeat","background-position":"center center","background-size":"auto","background-attachment":"scroll","background-type":"","background-media":"","overlay-type":"","overlay-color":"","overlay-opacity":"","overlay-gradient":""},"tablet":{"background-color":"","background-image":"","background-repeat":"repeat","background-position":"center center","background-size":"auto","background-attachment":"scroll","background-type":"","background-media":"","overlay-type":"","overlay-color":"","overlay-opacity":"","overlay-gradient":""},"mobile":{"background-color":"","background-image":"","background-repeat":"repeat","background-position":"center center","background-size":"auto","background-attachment":"scroll","background-type":"","background-media":"","overlay-type":"","overlay-color":"","overlay-opacity":"","overlay-gradient":""}},"ast-content-background-meta":{"desktop":{"background-color":"var(--ast-global-color-4)","background-image":"","background-repeat":"repeat","background-position":"center center","background-size":"auto","background-attachment":"scroll","background-type":"","background-media":"","overlay-type":"","overlay-color":"","overlay-opacity":"","overlay-gradient":""},"tablet":{"background-color":"var(--ast-global-color-4)","background-image":"","background-repeat":"repeat","background-position":"center center","background-size":"auto","background-attachment":"scroll","background-type":"","background-media":"","overlay-type":"","overlay-color":"","overlay-opacity":"","overlay-gradient":""},"mobile":{"background-color":"var(--ast-global-color-4)","background-image":"","background-repeat":"repeat","background-position":"center center","background-size":"auto","background-attachment":"scroll","background-type":"","background-media":"","overlay-type":"","overlay-color":"","overlay-opacity":"","overlay-gradient":""}},"_joinchat":[]},"product_brand":[],"product_cat":[92],"product_tag":[],"class_list":{"0":"post-11661","1":"product","2":"type-product","3":"status-publish","4":"has-post-thumbnail","6":"product_cat-teclados-mecanicos","7":"desktop-align-center","8":"tablet-align-left","9":"mobile-align-left","11":"first","12":"outofstock","13":"shipping-taxable","14":"purchasable","15":"product-type-simple"},"yoast_head":"<!-- This site is optimized with the Yoast SEO plugin v27.3 - https:\/\/yoast.com\/product\/yoast-seo-wordpress\/ -->\n<title>Teclado Mecanico VSG Alnilam White Kailh Red TKL - UnitGames<\/title>\n<meta name=\"robots\" content=\"index, follow, max-snippet:-1, max-image-preview:large, max-video-preview:-1\" \/>\n<link rel=\"canonical\" href=\"https:\/\/unitgames.com.ar\/pc-gamer\/producto\/teclado-mecanico-vsg-alnilam-white-kailh-red-tkl\/\" \/>\n<meta property=\"og:locale\" content=\"es_ES\" \/>\n<meta property=\"og:type\" content=\"article\" \/>\n<meta property=\"og:title\" content=\"Teclado Mecanico VSG Alnilam White Kailh Red TKL - UnitGames\" \/>\n<meta property=\"og:description\" content=\"ALNILAM 80% WHITE EDITION La luminosidad del sistema estelar de Ori\u00f3n se refleja en la estrella m\u00e1s grande de esta constelaci\u00f3n. Siente el estado de pureza m\u00e1ximo en Alnilam White Edition. DIMENSI\u00d3N TKL La estructura de 88 teclas define la identidad de Alnitak, siendo un teclado Ten Key Less con dimensiones compactas de 140 x 360 x 38 mm que se adapta a la espacialidad de los jugadores m\u00e1s aventurados. Especificaciones t\u00e9cnicas Resumen Connection:\u00a0Al\u00e1mbrico Format:\u00a0100% Keys:\u00a0105 Type:\u00a0Mec\u00e1nico Weight:\u00a01097 Generales Tipo: Mec\u00e1nico Formato: 100% Tama\u00f1o: 440 x 140 x 38 mm Peso: 1097 g Material del case: ABS Material del plate: Metal Software: S\u00ed Macros: S\u00ed Tasa de sondeo: 1000 Hz Tipo de montaje: Inferior N-key rollover: Todas las teclas Elevadores de altura: S\u00ed Acustizaci\u00f3n: No Removedor de teclas: S\u00ed Teclas Distribuci\u00f3n: ISO Regi\u00f3n: Latinoam\u00e9rica Perf\u00edl: OEM Material de las teclas: ABS Inyecci\u00f3n: Simple Tipo de anclaje: Cruz Teclas adicionales: No Teclas Tipo de montaje de switches: MX M\u00e9todo de fijaci\u00f3n del switch: Soldadura Switches compatibles: 3 Orientaci\u00f3n: Norte Removedor de switches: No Iluminaci\u00f3n Tipo: RGB 16.8 millones de colores N\u00famero de leds: 105 Efectos: 20 Configuraci\u00f3n por software: S\u00ed Configuraci\u00f3n por hardware: S\u00ed Conectividad Conexi\u00f3n: Al\u00e1mbrico Interfaz: USB tipo-A versi\u00f3n 2.2 Plataformas: PC SO compatibles: Windows, Linux y Mac Os Tipo de cable: Trenzado Cable desmontable: No Longitud del cable: 1.8 m Di\u00e1metro del cable: 3.1 mm Conector enchapado en oro: S\u00ed\" \/>\n<meta property=\"og:url\" content=\"https:\/\/unitgames.com.ar\/pc-gamer\/producto\/teclado-mecanico-vsg-alnilam-white-kailh-red-tkl\/\" \/>\n<meta property=\"og:site_name\" content=\"UnitGames\" \/>\n<meta property=\"article:modified_time\" content=\"2026-01-09T10:17:50+00:00\" \/>\n<meta property=\"og:image\" content=\"https:\/\/unitgames.com.ar\/pc-gamer\/wp-content\/uploads\/2024\/11\/Teclado-Mecanico-VSG-Alnilam-White-Kailh-Red-TKL.png\" \/>\n\t<meta property=\"og:image:width\" content=\"1286\" \/>\n\t<meta property=\"og:image:height\" content=\"1285\" \/>\n\t<meta property=\"og:image:type\" content=\"image\/png\" \/>\n<meta name=\"twitter:card\" content=\"summary_large_image\" \/>\n<meta name=\"twitter:label1\" content=\"Tiempo de lectura\" \/>\n\t<meta name=\"twitter:data1\" content=\"2 minutos\" \/>\n<script type=\"application\/ld+json\" class=\"yoast-schema-graph\">{\"@context\":\"https:\\\/\\\/schema.org\",\"@graph\":[{\"@type\":\"WebPage\",\"@id\":\"https:\\\/\\\/unitgames.com.ar\\\/pc-gamer\\\/producto\\\/teclado-mecanico-vsg-alnilam-white-kailh-red-tkl\\\/\",\"url\":\"https:\\\/\\\/unitgames.com.ar\\\/pc-gamer\\\/producto\\\/teclado-mecanico-vsg-alnilam-white-kailh-red-tkl\\\/\",\"name\":\"Teclado Mecanico VSG Alnilam White Kailh Red TKL - UnitGames\",\"isPartOf\":{\"@id\":\"https:\\\/\\\/unitgames.com.ar\\\/pc-gamer\\\/#website\"},\"primaryImageOfPage\":{\"@id\":\"https:\\\/\\\/unitgames.com.ar\\\/pc-gamer\\\/producto\\\/teclado-mecanico-vsg-alnilam-white-kailh-red-tkl\\\/#primaryimage\"},\"image\":{\"@id\":\"https:\\\/\\\/unitgames.com.ar\\\/pc-gamer\\\/producto\\\/teclado-mecanico-vsg-alnilam-white-kailh-red-tkl\\\/#primaryimage\"},\"thumbnailUrl\":\"https:\\\/\\\/unitgames.com.ar\\\/pc-gamer\\\/wp-content\\\/uploads\\\/2024\\\/11\\\/Teclado-Mecanico-VSG-Alnilam-White-Kailh-Red-TKL.png\",\"datePublished\":\"2024-11-09T23:07:07+00:00\",\"dateModified\":\"2026-01-09T10:17:50+00:00\",\"breadcrumb\":{\"@id\":\"https:\\\/\\\/unitgames.com.ar\\\/pc-gamer\\\/producto\\\/teclado-mecanico-vsg-alnilam-white-kailh-red-tkl\\\/#breadcrumb\"},\"inLanguage\":\"es\",\"potentialAction\":[{\"@type\":\"ReadAction\",\"target\":[\"https:\\\/\\\/unitgames.com.ar\\\/pc-gamer\\\/producto\\\/teclado-mecanico-vsg-alnilam-white-kailh-red-tkl\\\/\"]}]},{\"@type\":\"ImageObject\",\"inLanguage\":\"es\",\"@id\":\"https:\\\/\\\/unitgames.com.ar\\\/pc-gamer\\\/producto\\\/teclado-mecanico-vsg-alnilam-white-kailh-red-tkl\\\/#primaryimage\",\"url\":\"https:\\\/\\\/unitgames.com.ar\\\/pc-gamer\\\/wp-content\\\/uploads\\\/2024\\\/11\\\/Teclado-Mecanico-VSG-Alnilam-White-Kailh-Red-TKL.png\",\"contentUrl\":\"https:\\\/\\\/unitgames.com.ar\\\/pc-gamer\\\/wp-content\\\/uploads\\\/2024\\\/11\\\/Teclado-Mecanico-VSG-Alnilam-White-Kailh-Red-TKL.png\",\"width\":1286,\"height\":1285},{\"@type\":\"BreadcrumbList\",\"@id\":\"https:\\\/\\\/unitgames.com.ar\\\/pc-gamer\\\/producto\\\/teclado-mecanico-vsg-alnilam-white-kailh-red-tkl\\\/#breadcrumb\",\"itemListElement\":[{\"@type\":\"ListItem\",\"position\":1,\"name\":\"Tienda\",\"item\":\"https:\\\/\\\/unitgames.com.ar\\\/pc-gamer\\\/tienda\\\/\"},{\"@type\":\"ListItem\",\"position\":2,\"name\":\"Teclado Mecanico VSG Alnilam White Kailh Red TKL\"}]},{\"@type\":\"WebSite\",\"@id\":\"https:\\\/\\\/unitgames.com.ar\\\/pc-gamer\\\/#website\",\"url\":\"https:\\\/\\\/unitgames.com.ar\\\/pc-gamer\\\/\",\"name\":\"UnitGames\",\"description\":\"Venta de PC Gamers, Consolas , Servicio Tecnico Especializado. Todos en Accesorios Informaticos y Gamers\",\"publisher\":{\"@id\":\"https:\\\/\\\/unitgames.com.ar\\\/pc-gamer\\\/#organization\"},\"potentialAction\":[{\"@type\":\"SearchAction\",\"target\":{\"@type\":\"EntryPoint\",\"urlTemplate\":\"https:\\\/\\\/unitgames.com.ar\\\/pc-gamer\\\/?s={search_term_string}\"},\"query-input\":{\"@type\":\"PropertyValueSpecification\",\"valueRequired\":true,\"valueName\":\"search_term_string\"}}],\"inLanguage\":\"es\"},{\"@type\":\"Organization\",\"@id\":\"https:\\\/\\\/unitgames.com.ar\\\/pc-gamer\\\/#organization\",\"name\":\"UnitGames\",\"url\":\"https:\\\/\\\/unitgames.com.ar\\\/pc-gamer\\\/\",\"logo\":{\"@type\":\"ImageObject\",\"inLanguage\":\"es\",\"@id\":\"https:\\\/\\\/unitgames.com.ar\\\/pc-gamer\\\/#\\\/schema\\\/logo\\\/image\\\/\",\"url\":\"https:\\\/\\\/unitgames.com.ar\\\/pc-gamer\\\/wp-content\\\/uploads\\\/2021\\\/01\\\/cropped-logoUnitGames2.png\",\"contentUrl\":\"https:\\\/\\\/unitgames.com.ar\\\/pc-gamer\\\/wp-content\\\/uploads\\\/2021\\\/01\\\/cropped-logoUnitGames2.png\",\"width\":152,\"height\":200,\"caption\":\"UnitGames\"},\"image\":{\"@id\":\"https:\\\/\\\/unitgames.com.ar\\\/pc-gamer\\\/#\\\/schema\\\/logo\\\/image\\\/\"}}]}<\/script>\n<!-- \/ Yoast SEO plugin. -->","yoast_head_json":{"title":"Teclado Mecanico VSG Alnilam White Kailh Red TKL - UnitGames","robots":{"index":"index","follow":"follow","max-snippet":"max-snippet:-1","max-image-preview":"max-image-preview:large","max-video-preview":"max-video-preview:-1"},"canonical":"https:\/\/unitgames.com.ar\/pc-gamer\/producto\/teclado-mecanico-vsg-alnilam-white-kailh-red-tkl\/","og_locale":"es_ES","og_type":"article","og_title":"Teclado Mecanico VSG Alnilam White Kailh Red TKL - UnitGames","og_description":"ALNILAM 80% WHITE EDITION La luminosidad del sistema estelar de Ori\u00f3n se refleja en la estrella m\u00e1s grande de esta constelaci\u00f3n. Siente el estado de pureza m\u00e1ximo en Alnilam White Edition. DIMENSI\u00d3N TKL La estructura de 88 teclas define la identidad de Alnitak, siendo un teclado Ten Key Less con dimensiones compactas de 140 x 360 x 38 mm que se adapta a la espacialidad de los jugadores m\u00e1s aventurados. Especificaciones t\u00e9cnicas Resumen Connection:\u00a0Al\u00e1mbrico Format:\u00a0100% Keys:\u00a0105 Type:\u00a0Mec\u00e1nico Weight:\u00a01097 Generales Tipo: Mec\u00e1nico Formato: 100% Tama\u00f1o: 440 x 140 x 38 mm Peso: 1097 g Material del case: ABS Material del plate: Metal Software: S\u00ed Macros: S\u00ed Tasa de sondeo: 1000 Hz Tipo de montaje: Inferior N-key rollover: Todas las teclas Elevadores de altura: S\u00ed Acustizaci\u00f3n: No Removedor de teclas: S\u00ed Teclas Distribuci\u00f3n: ISO Regi\u00f3n: Latinoam\u00e9rica Perf\u00edl: OEM Material de las teclas: ABS Inyecci\u00f3n: Simple Tipo de anclaje: Cruz Teclas adicionales: No Teclas Tipo de montaje de switches: MX M\u00e9todo de fijaci\u00f3n del switch: Soldadura Switches compatibles: 3 Orientaci\u00f3n: Norte Removedor de switches: No Iluminaci\u00f3n Tipo: RGB 16.8 millones de colores N\u00famero de leds: 105 Efectos: 20 Configuraci\u00f3n por software: S\u00ed Configuraci\u00f3n por hardware: S\u00ed Conectividad Conexi\u00f3n: Al\u00e1mbrico Interfaz: USB tipo-A versi\u00f3n 2.2 Plataformas: PC SO compatibles: Windows, Linux y Mac Os Tipo de cable: Trenzado Cable desmontable: No Longitud del cable: 1.8 m Di\u00e1metro del cable: 3.1 mm Conector enchapado en oro: S\u00ed","og_url":"https:\/\/unitgames.com.ar\/pc-gamer\/producto\/teclado-mecanico-vsg-alnilam-white-kailh-red-tkl\/","og_site_name":"UnitGames","article_modified_time":"2026-01-09T10:17:50+00:00","og_image":[{"width":1286,"height":1285,"url":"https:\/\/unitgames.com.ar\/pc-gamer\/wp-content\/uploads\/2024\/11\/Teclado-Mecanico-VSG-Alnilam-White-Kailh-Red-TKL.png","type":"image\/png"}],"twitter_card":"summary_large_image","twitter_misc":{"Tiempo de lectura":"2 minutos"},"schema":{"@context":"https:\/\/schema.org","@graph":[{"@type":"WebPage","@id":"https:\/\/unitgames.com.ar\/pc-gamer\/producto\/teclado-mecanico-vsg-alnilam-white-kailh-red-tkl\/","url":"https:\/\/unitgames.com.ar\/pc-gamer\/producto\/teclado-mecanico-vsg-alnilam-white-kailh-red-tkl\/","name":"Teclado Mecanico VSG Alnilam White Kailh Red TKL - UnitGames","isPartOf":{"@id":"https:\/\/unitgames.com.ar\/pc-gamer\/#website"},"primaryImageOfPage":{"@id":"https:\/\/unitgames.com.ar\/pc-gamer\/producto\/teclado-mecanico-vsg-alnilam-white-kailh-red-tkl\/#primaryimage"},"image":{"@id":"https:\/\/unitgames.com.ar\/pc-gamer\/producto\/teclado-mecanico-vsg-alnilam-white-kailh-red-tkl\/#primaryimage"},"thumbnailUrl":"https:\/\/unitgames.com.ar\/pc-gamer\/wp-content\/uploads\/2024\/11\/Teclado-Mecanico-VSG-Alnilam-White-Kailh-Red-TKL.png","datePublished":"2024-11-09T23:07:07+00:00","dateModified":"2026-01-09T10:17:50+00:00","breadcrumb":{"@id":"https:\/\/unitgames.com.ar\/pc-gamer\/producto\/teclado-mecanico-vsg-alnilam-white-kailh-red-tkl\/#breadcrumb"},"inLanguage":"es","potentialAction":[{"@type":"ReadAction","target":["https:\/\/unitgames.com.ar\/pc-gamer\/producto\/teclado-mecanico-vsg-alnilam-white-kailh-red-tkl\/"]}]},{"@type":"ImageObject","inLanguage":"es","@id":"https:\/\/unitgames.com.ar\/pc-gamer\/producto\/teclado-mecanico-vsg-alnilam-white-kailh-red-tkl\/#primaryimage","url":"https:\/\/unitgames.com.ar\/pc-gamer\/wp-content\/uploads\/2024\/11\/Teclado-Mecanico-VSG-Alnilam-White-Kailh-Red-TKL.png","contentUrl":"https:\/\/unitgames.com.ar\/pc-gamer\/wp-content\/uploads\/2024\/11\/Teclado-Mecanico-VSG-Alnilam-White-Kailh-Red-TKL.png","width":1286,"height":1285},{"@type":"BreadcrumbList","@id":"https:\/\/unitgames.com.ar\/pc-gamer\/producto\/teclado-mecanico-vsg-alnilam-white-kailh-red-tkl\/#breadcrumb","itemListElement":[{"@type":"ListItem","position":1,"name":"Tienda","item":"https:\/\/unitgames.com.ar\/pc-gamer\/tienda\/"},{"@type":"ListItem","position":2,"name":"Teclado Mecanico VSG Alnilam White Kailh Red TKL"}]},{"@type":"WebSite","@id":"https:\/\/unitgames.com.ar\/pc-gamer\/#website","url":"https:\/\/unitgames.com.ar\/pc-gamer\/","name":"UnitGames","description":"Venta de PC Gamers, Consolas , Servicio Tecnico Especializado. Todos en Accesorios Informaticos y Gamers","publisher":{"@id":"https:\/\/unitgames.com.ar\/pc-gamer\/#organization"},"potentialAction":[{"@type":"SearchAction","target":{"@type":"EntryPoint","urlTemplate":"https:\/\/unitgames.com.ar\/pc-gamer\/?s={search_term_string}"},"query-input":{"@type":"PropertyValueSpecification","valueRequired":true,"valueName":"search_term_string"}}],"inLanguage":"es"},{"@type":"Organization","@id":"https:\/\/unitgames.com.ar\/pc-gamer\/#organization","name":"UnitGames","url":"https:\/\/unitgames.com.ar\/pc-gamer\/","logo":{"@type":"ImageObject","inLanguage":"es","@id":"https:\/\/unitgames.com.ar\/pc-gamer\/#\/schema\/logo\/image\/","url":"https:\/\/unitgames.com.ar\/pc-gamer\/wp-content\/uploads\/2021\/01\/cropped-logoUnitGames2.png","contentUrl":"https:\/\/unitgames.com.ar\/pc-gamer\/wp-content\/uploads\/2021\/01\/cropped-logoUnitGames2.png","width":152,"height":200,"caption":"UnitGames"},"image":{"@id":"https:\/\/unitgames.com.ar\/pc-gamer\/#\/schema\/logo\/image\/"}}]}},"_links":{"self":[{"href":"https:\/\/unitgames.com.ar\/pc-gamer\/wp-json\/wp\/v2\/product\/11661","targetHints":{"allow":["GET"]}}],"collection":[{"href":"https:\/\/unitgames.com.ar\/pc-gamer\/wp-json\/wp\/v2\/product"}],"about":[{"href":"https:\/\/unitgames.com.ar\/pc-gamer\/wp-json\/wp\/v2\/types\/product"}],"version-history":[{"count":0,"href":"https:\/\/unitgames.com.ar\/pc-gamer\/wp-json\/wp\/v2\/product\/11661\/revisions"}],"wp:featuredmedia":[{"embeddable":true,"href":"https:\/\/unitgames.com.ar\/pc-gamer\/wp-json\/wp\/v2\/media\/11662"}],"wp:attachment":[{"href":"https:\/\/unitgames.com.ar\/pc-gamer\/wp-json\/wp\/v2\/media?parent=11661"}],"wp:term":[{"taxonomy":"product_brand","embeddable":true,"href":"https:\/\/unitgames.com.ar\/pc-gamer\/wp-json\/wp\/v2\/product_brand?post=11661"},{"taxonomy":"product_cat","embeddable":true,"href":"https:\/\/unitgames.com.ar\/pc-gamer\/wp-json\/wp\/v2\/product_cat?post=11661"},{"taxonomy":"product_tag","embeddable":true,"href":"https:\/\/unitgames.com.ar\/pc-gamer\/wp-json\/wp\/v2\/product_tag?post=11661"}],"curies":[{"name":"wp","href":"https:\/\/api.w.org\/{rel}","templated":true}]}}