{"id":11703,"date":"2024-11-20T14:56:43","date_gmt":"2024-11-20T14:56:43","guid":{"rendered":"https:\/\/unitgames.com.ar\/pc-gamer\/?post_type=product&#038;p=11703"},"modified":"2026-01-09T07:17:46","modified_gmt":"2026-01-09T10:17:46","slug":"auricular-inalambrico-netmak-nm-n35-w","status":"publish","type":"product","link":"https:\/\/unitgames.com.ar\/pc-gamer\/producto\/auricular-inalambrico-netmak-nm-n35-w\/","title":{"rendered":"Auricular Inalambrico NETMAK NM-N35-W Blanco"},"content":{"rendered":"<ul>\n<li>Tri Modo:\u00a02.4Ghz LightSpeed con baja latencia \/ BT \/ Aux 3.5mm<\/li>\n<li>Modo 2.4Ghz compatible con PC\/PS4\/PS5<\/li>\n<li>Modo AUX 3.5mm compatible con PC\/PS4\/PS5\/XBOX\/N-Switch\/Celulares<\/li>\n<li>Modo Bluetooth para cualquier dispositivo<\/li>\n<li>Multiconsola: PC-P5 -P4 -X-box -N-Switch-Android.<\/li>\n<li>Orejeras recubiertas en Tela para mayor confort<\/li>\n<li>Modo Reposo: Apagado autom\u00e1tico para mayor duraci\u00f3n.<\/li>\n<li>Micr\u00f3fono desmontable<\/li>\n<li>Alcance inal\u00e1mbrico de 10 m.<\/li>\n<li>Tama\u00f1o del altavoz: 40mm.<\/li>\n<li>Respuesta en frecuencia 20 Hz. 20 kHz.<\/li>\n<li>Duraci\u00f3n aprox: hasta 20hs 50% de volumen.<\/li>\n<li>Ultra livianos: Solo 175gr. (Peso de auriculares en mercado 385gr aprox).<\/li>\n<li>\u00a0Evita dolores cervicales.<\/li>\n<li>Accesorios: Receptor USB, Cable USB-C, Cabie Aux, Manual.<\/li>\n<\/ul>\n","protected":false},"excerpt":{"rendered":"<p>Tri Modo:\u00a02.4Ghz LightSpeed con baja latencia \/ BT \/ Aux 3.5mm Modo 2.4Ghz compatible con PC\/PS4\/PS5 Modo AUX 3.5mm compatible con PC\/PS4\/PS5\/XBOX\/N-Switch\/Celulares Modo Bluetooth para cualquier dispositivo Multiconsola: PC-P5 -P4 -X-box -N-Switch-Android. Orejeras recubiertas en Tela para mayor confort Modo Reposo: Apagado autom\u00e1tico para mayor duraci\u00f3n. Micr\u00f3fono desmontable Alcance inal\u00e1mbrico de 10 m. Tama\u00f1o del altavoz: 40mm. Respuesta en frecuencia 20 Hz. 20 kHz. Duraci\u00f3n aprox: hasta 20hs 50% de volumen. Ultra livianos: Solo 175gr. (Peso de auriculares en mercado 385gr aprox). \u00a0Evita dolores cervicales. Accesorios: Receptor USB, Cable USB-C, Cabie Aux, Manual.<\/p>\n","protected":false},"featured_media":11769,"template":"","meta":{"site-sidebar-layout":"default","site-content-layout":"","ast-site-content-layout":"default","site-content-style":"default","site-sidebar-style":"default","ast-global-header-display":"","ast-banner-title-visibility":"","ast-main-header-display":"","ast-hfb-above-header-display":"","ast-hfb-below-header-display":"","ast-hfb-mobile-header-display":"","site-post-title":"","ast-breadcrumbs-content":"","ast-featured-img":"","footer-sml-layout":"","theme-transparent-header-meta":"default","adv-header-id-meta":"","stick-header-meta":"","header-above-stick-meta":"","header-main-stick-meta":"","header-below-stick-meta":"","astra-migrate-meta-layouts":"set","ast-page-background-enabled":"default","ast-page-background-meta":{"desktop":{"background-color":"var(--ast-global-color-5)","background-image":"","background-repeat":"repeat","background-position":"center center","background-size":"auto","background-attachment":"scroll","background-type":"","background-media":"","overlay-type":"","overlay-color":"","overlay-opacity":"","overlay-gradient":""},"tablet":{"background-color":"","background-image":"","background-repeat":"repeat","background-position":"center center","background-size":"auto","background-attachment":"scroll","background-type":"","background-media":"","overlay-type":"","overlay-color":"","overlay-opacity":"","overlay-gradient":""},"mobile":{"background-color":"","background-image":"","background-repeat":"repeat","background-position":"center center","background-size":"auto","background-attachment":"scroll","background-type":"","background-media":"","overlay-type":"","overlay-color":"","overlay-opacity":"","overlay-gradient":""}},"ast-content-background-meta":{"desktop":{"background-color":"var(--ast-global-color-4)","background-image":"","background-repeat":"repeat","background-position":"center center","background-size":"auto","background-attachment":"scroll","background-type":"","background-media":"","overlay-type":"","overlay-color":"","overlay-opacity":"","overlay-gradient":""},"tablet":{"background-color":"var(--ast-global-color-4)","background-image":"","background-repeat":"repeat","background-position":"center center","background-size":"auto","background-attachment":"scroll","background-type":"","background-media":"","overlay-type":"","overlay-color":"","overlay-opacity":"","overlay-gradient":""},"mobile":{"background-color":"var(--ast-global-color-4)","background-image":"","background-repeat":"repeat","background-position":"center center","background-size":"auto","background-attachment":"scroll","background-type":"","background-media":"","overlay-type":"","overlay-color":"","overlay-opacity":"","overlay-gradient":""}},"_joinchat":[]},"product_brand":[],"product_cat":[81],"product_tag":[],"class_list":{"0":"post-11703","1":"product","2":"type-product","3":"status-publish","4":"has-post-thumbnail","6":"product_cat-auriculares-pc-play-y-xbox","7":"desktop-align-center","8":"tablet-align-left","9":"mobile-align-left","11":"first","12":"outofstock","13":"shipping-taxable","14":"purchasable","15":"product-type-simple"},"yoast_head":"<!-- This site is optimized with the Yoast SEO plugin v27.3 - https:\/\/yoast.com\/product\/yoast-seo-wordpress\/ -->\n<title>Auricular Inalambrico NETMAK NM-N35-W Blanco - UnitGames<\/title>\n<meta name=\"robots\" content=\"index, follow, max-snippet:-1, max-image-preview:large, max-video-preview:-1\" \/>\n<link rel=\"canonical\" href=\"https:\/\/unitgames.com.ar\/pc-gamer\/producto\/auricular-inalambrico-netmak-nm-n35-w\/\" \/>\n<meta property=\"og:locale\" content=\"es_ES\" \/>\n<meta property=\"og:type\" content=\"article\" \/>\n<meta property=\"og:title\" content=\"Auricular Inalambrico NETMAK NM-N35-W Blanco - UnitGames\" \/>\n<meta property=\"og:description\" content=\"Tri Modo:\u00a02.4Ghz LightSpeed con baja latencia \/ BT \/ Aux 3.5mm Modo 2.4Ghz compatible con PC\/PS4\/PS5 Modo AUX 3.5mm compatible con PC\/PS4\/PS5\/XBOX\/N-Switch\/Celulares Modo Bluetooth para cualquier dispositivo Multiconsola: PC-P5 -P4 -X-box -N-Switch-Android. Orejeras recubiertas en Tela para mayor confort Modo Reposo: Apagado autom\u00e1tico para mayor duraci\u00f3n. Micr\u00f3fono desmontable Alcance inal\u00e1mbrico de 10 m. Tama\u00f1o del altavoz: 40mm. Respuesta en frecuencia 20 Hz. 20 kHz. Duraci\u00f3n aprox: hasta 20hs 50% de volumen. Ultra livianos: Solo 175gr. (Peso de auriculares en mercado 385gr aprox). \u00a0Evita dolores cervicales. Accesorios: Receptor USB, Cable USB-C, Cabie Aux, Manual.\" \/>\n<meta property=\"og:url\" content=\"https:\/\/unitgames.com.ar\/pc-gamer\/producto\/auricular-inalambrico-netmak-nm-n35-w\/\" \/>\n<meta property=\"og:site_name\" content=\"UnitGames\" \/>\n<meta property=\"article:modified_time\" content=\"2026-01-09T10:17:46+00:00\" \/>\n<meta property=\"og:image\" content=\"https:\/\/unitgames.com.ar\/pc-gamer\/wp-content\/uploads\/2024\/11\/Auricular-Inalambrico-NETMAK-NM-N35-W.png\" \/>\n\t<meta property=\"og:image:width\" content=\"1263\" \/>\n\t<meta property=\"og:image:height\" content=\"1285\" \/>\n\t<meta property=\"og:image:type\" content=\"image\/png\" \/>\n<meta name=\"twitter:card\" content=\"summary_large_image\" \/>\n<meta name=\"twitter:label1\" content=\"Tiempo de lectura\" \/>\n\t<meta name=\"twitter:data1\" content=\"1 minuto\" \/>\n<script type=\"application\/ld+json\" class=\"yoast-schema-graph\">{\"@context\":\"https:\\\/\\\/schema.org\",\"@graph\":[{\"@type\":\"WebPage\",\"@id\":\"https:\\\/\\\/unitgames.com.ar\\\/pc-gamer\\\/producto\\\/auricular-inalambrico-netmak-nm-n35-w\\\/\",\"url\":\"https:\\\/\\\/unitgames.com.ar\\\/pc-gamer\\\/producto\\\/auricular-inalambrico-netmak-nm-n35-w\\\/\",\"name\":\"Auricular Inalambrico NETMAK NM-N35-W Blanco - UnitGames\",\"isPartOf\":{\"@id\":\"https:\\\/\\\/unitgames.com.ar\\\/pc-gamer\\\/#website\"},\"primaryImageOfPage\":{\"@id\":\"https:\\\/\\\/unitgames.com.ar\\\/pc-gamer\\\/producto\\\/auricular-inalambrico-netmak-nm-n35-w\\\/#primaryimage\"},\"image\":{\"@id\":\"https:\\\/\\\/unitgames.com.ar\\\/pc-gamer\\\/producto\\\/auricular-inalambrico-netmak-nm-n35-w\\\/#primaryimage\"},\"thumbnailUrl\":\"https:\\\/\\\/unitgames.com.ar\\\/pc-gamer\\\/wp-content\\\/uploads\\\/2024\\\/11\\\/Auricular-Inalambrico-NETMAK-NM-N35-W.png\",\"datePublished\":\"2024-11-20T14:56:43+00:00\",\"dateModified\":\"2026-01-09T10:17:46+00:00\",\"breadcrumb\":{\"@id\":\"https:\\\/\\\/unitgames.com.ar\\\/pc-gamer\\\/producto\\\/auricular-inalambrico-netmak-nm-n35-w\\\/#breadcrumb\"},\"inLanguage\":\"es\",\"potentialAction\":[{\"@type\":\"ReadAction\",\"target\":[\"https:\\\/\\\/unitgames.com.ar\\\/pc-gamer\\\/producto\\\/auricular-inalambrico-netmak-nm-n35-w\\\/\"]}]},{\"@type\":\"ImageObject\",\"inLanguage\":\"es\",\"@id\":\"https:\\\/\\\/unitgames.com.ar\\\/pc-gamer\\\/producto\\\/auricular-inalambrico-netmak-nm-n35-w\\\/#primaryimage\",\"url\":\"https:\\\/\\\/unitgames.com.ar\\\/pc-gamer\\\/wp-content\\\/uploads\\\/2024\\\/11\\\/Auricular-Inalambrico-NETMAK-NM-N35-W.png\",\"contentUrl\":\"https:\\\/\\\/unitgames.com.ar\\\/pc-gamer\\\/wp-content\\\/uploads\\\/2024\\\/11\\\/Auricular-Inalambrico-NETMAK-NM-N35-W.png\",\"width\":1263,\"height\":1285},{\"@type\":\"BreadcrumbList\",\"@id\":\"https:\\\/\\\/unitgames.com.ar\\\/pc-gamer\\\/producto\\\/auricular-inalambrico-netmak-nm-n35-w\\\/#breadcrumb\",\"itemListElement\":[{\"@type\":\"ListItem\",\"position\":1,\"name\":\"Tienda\",\"item\":\"https:\\\/\\\/unitgames.com.ar\\\/pc-gamer\\\/tienda\\\/\"},{\"@type\":\"ListItem\",\"position\":2,\"name\":\"Auricular Inalambrico NETMAK NM-N35-W Blanco\"}]},{\"@type\":\"WebSite\",\"@id\":\"https:\\\/\\\/unitgames.com.ar\\\/pc-gamer\\\/#website\",\"url\":\"https:\\\/\\\/unitgames.com.ar\\\/pc-gamer\\\/\",\"name\":\"UnitGames\",\"description\":\"Venta de PC Gamers, Consolas , Servicio Tecnico Especializado. Todos en Accesorios Informaticos y Gamers\",\"publisher\":{\"@id\":\"https:\\\/\\\/unitgames.com.ar\\\/pc-gamer\\\/#organization\"},\"potentialAction\":[{\"@type\":\"SearchAction\",\"target\":{\"@type\":\"EntryPoint\",\"urlTemplate\":\"https:\\\/\\\/unitgames.com.ar\\\/pc-gamer\\\/?s={search_term_string}\"},\"query-input\":{\"@type\":\"PropertyValueSpecification\",\"valueRequired\":true,\"valueName\":\"search_term_string\"}}],\"inLanguage\":\"es\"},{\"@type\":\"Organization\",\"@id\":\"https:\\\/\\\/unitgames.com.ar\\\/pc-gamer\\\/#organization\",\"name\":\"UnitGames\",\"url\":\"https:\\\/\\\/unitgames.com.ar\\\/pc-gamer\\\/\",\"logo\":{\"@type\":\"ImageObject\",\"inLanguage\":\"es\",\"@id\":\"https:\\\/\\\/unitgames.com.ar\\\/pc-gamer\\\/#\\\/schema\\\/logo\\\/image\\\/\",\"url\":\"https:\\\/\\\/unitgames.com.ar\\\/pc-gamer\\\/wp-content\\\/uploads\\\/2021\\\/01\\\/cropped-logoUnitGames2.png\",\"contentUrl\":\"https:\\\/\\\/unitgames.com.ar\\\/pc-gamer\\\/wp-content\\\/uploads\\\/2021\\\/01\\\/cropped-logoUnitGames2.png\",\"width\":152,\"height\":200,\"caption\":\"UnitGames\"},\"image\":{\"@id\":\"https:\\\/\\\/unitgames.com.ar\\\/pc-gamer\\\/#\\\/schema\\\/logo\\\/image\\\/\"}}]}<\/script>\n<!-- \/ Yoast SEO plugin. -->","yoast_head_json":{"title":"Auricular Inalambrico NETMAK NM-N35-W Blanco - UnitGames","robots":{"index":"index","follow":"follow","max-snippet":"max-snippet:-1","max-image-preview":"max-image-preview:large","max-video-preview":"max-video-preview:-1"},"canonical":"https:\/\/unitgames.com.ar\/pc-gamer\/producto\/auricular-inalambrico-netmak-nm-n35-w\/","og_locale":"es_ES","og_type":"article","og_title":"Auricular Inalambrico NETMAK NM-N35-W Blanco - UnitGames","og_description":"Tri Modo:\u00a02.4Ghz LightSpeed con baja latencia \/ BT \/ Aux 3.5mm Modo 2.4Ghz compatible con PC\/PS4\/PS5 Modo AUX 3.5mm compatible con PC\/PS4\/PS5\/XBOX\/N-Switch\/Celulares Modo Bluetooth para cualquier dispositivo Multiconsola: PC-P5 -P4 -X-box -N-Switch-Android. Orejeras recubiertas en Tela para mayor confort Modo Reposo: Apagado autom\u00e1tico para mayor duraci\u00f3n. Micr\u00f3fono desmontable Alcance inal\u00e1mbrico de 10 m. Tama\u00f1o del altavoz: 40mm. Respuesta en frecuencia 20 Hz. 20 kHz. Duraci\u00f3n aprox: hasta 20hs 50% de volumen. Ultra livianos: Solo 175gr. (Peso de auriculares en mercado 385gr aprox). \u00a0Evita dolores cervicales. Accesorios: Receptor USB, Cable USB-C, Cabie Aux, Manual.","og_url":"https:\/\/unitgames.com.ar\/pc-gamer\/producto\/auricular-inalambrico-netmak-nm-n35-w\/","og_site_name":"UnitGames","article_modified_time":"2026-01-09T10:17:46+00:00","og_image":[{"width":1263,"height":1285,"url":"https:\/\/unitgames.com.ar\/pc-gamer\/wp-content\/uploads\/2024\/11\/Auricular-Inalambrico-NETMAK-NM-N35-W.png","type":"image\/png"}],"twitter_card":"summary_large_image","twitter_misc":{"Tiempo de lectura":"1 minuto"},"schema":{"@context":"https:\/\/schema.org","@graph":[{"@type":"WebPage","@id":"https:\/\/unitgames.com.ar\/pc-gamer\/producto\/auricular-inalambrico-netmak-nm-n35-w\/","url":"https:\/\/unitgames.com.ar\/pc-gamer\/producto\/auricular-inalambrico-netmak-nm-n35-w\/","name":"Auricular Inalambrico NETMAK NM-N35-W Blanco - UnitGames","isPartOf":{"@id":"https:\/\/unitgames.com.ar\/pc-gamer\/#website"},"primaryImageOfPage":{"@id":"https:\/\/unitgames.com.ar\/pc-gamer\/producto\/auricular-inalambrico-netmak-nm-n35-w\/#primaryimage"},"image":{"@id":"https:\/\/unitgames.com.ar\/pc-gamer\/producto\/auricular-inalambrico-netmak-nm-n35-w\/#primaryimage"},"thumbnailUrl":"https:\/\/unitgames.com.ar\/pc-gamer\/wp-content\/uploads\/2024\/11\/Auricular-Inalambrico-NETMAK-NM-N35-W.png","datePublished":"2024-11-20T14:56:43+00:00","dateModified":"2026-01-09T10:17:46+00:00","breadcrumb":{"@id":"https:\/\/unitgames.com.ar\/pc-gamer\/producto\/auricular-inalambrico-netmak-nm-n35-w\/#breadcrumb"},"inLanguage":"es","potentialAction":[{"@type":"ReadAction","target":["https:\/\/unitgames.com.ar\/pc-gamer\/producto\/auricular-inalambrico-netmak-nm-n35-w\/"]}]},{"@type":"ImageObject","inLanguage":"es","@id":"https:\/\/unitgames.com.ar\/pc-gamer\/producto\/auricular-inalambrico-netmak-nm-n35-w\/#primaryimage","url":"https:\/\/unitgames.com.ar\/pc-gamer\/wp-content\/uploads\/2024\/11\/Auricular-Inalambrico-NETMAK-NM-N35-W.png","contentUrl":"https:\/\/unitgames.com.ar\/pc-gamer\/wp-content\/uploads\/2024\/11\/Auricular-Inalambrico-NETMAK-NM-N35-W.png","width":1263,"height":1285},{"@type":"BreadcrumbList","@id":"https:\/\/unitgames.com.ar\/pc-gamer\/producto\/auricular-inalambrico-netmak-nm-n35-w\/#breadcrumb","itemListElement":[{"@type":"ListItem","position":1,"name":"Tienda","item":"https:\/\/unitgames.com.ar\/pc-gamer\/tienda\/"},{"@type":"ListItem","position":2,"name":"Auricular Inalambrico NETMAK NM-N35-W Blanco"}]},{"@type":"WebSite","@id":"https:\/\/unitgames.com.ar\/pc-gamer\/#website","url":"https:\/\/unitgames.com.ar\/pc-gamer\/","name":"UnitGames","description":"Venta de PC Gamers, Consolas , Servicio Tecnico Especializado. Todos en Accesorios Informaticos y Gamers","publisher":{"@id":"https:\/\/unitgames.com.ar\/pc-gamer\/#organization"},"potentialAction":[{"@type":"SearchAction","target":{"@type":"EntryPoint","urlTemplate":"https:\/\/unitgames.com.ar\/pc-gamer\/?s={search_term_string}"},"query-input":{"@type":"PropertyValueSpecification","valueRequired":true,"valueName":"search_term_string"}}],"inLanguage":"es"},{"@type":"Organization","@id":"https:\/\/unitgames.com.ar\/pc-gamer\/#organization","name":"UnitGames","url":"https:\/\/unitgames.com.ar\/pc-gamer\/","logo":{"@type":"ImageObject","inLanguage":"es","@id":"https:\/\/unitgames.com.ar\/pc-gamer\/#\/schema\/logo\/image\/","url":"https:\/\/unitgames.com.ar\/pc-gamer\/wp-content\/uploads\/2021\/01\/cropped-logoUnitGames2.png","contentUrl":"https:\/\/unitgames.com.ar\/pc-gamer\/wp-content\/uploads\/2021\/01\/cropped-logoUnitGames2.png","width":152,"height":200,"caption":"UnitGames"},"image":{"@id":"https:\/\/unitgames.com.ar\/pc-gamer\/#\/schema\/logo\/image\/"}}]}},"_links":{"self":[{"href":"https:\/\/unitgames.com.ar\/pc-gamer\/wp-json\/wp\/v2\/product\/11703","targetHints":{"allow":["GET"]}}],"collection":[{"href":"https:\/\/unitgames.com.ar\/pc-gamer\/wp-json\/wp\/v2\/product"}],"about":[{"href":"https:\/\/unitgames.com.ar\/pc-gamer\/wp-json\/wp\/v2\/types\/product"}],"version-history":[{"count":0,"href":"https:\/\/unitgames.com.ar\/pc-gamer\/wp-json\/wp\/v2\/product\/11703\/revisions"}],"wp:featuredmedia":[{"embeddable":true,"href":"https:\/\/unitgames.com.ar\/pc-gamer\/wp-json\/wp\/v2\/media\/11769"}],"wp:attachment":[{"href":"https:\/\/unitgames.com.ar\/pc-gamer\/wp-json\/wp\/v2\/media?parent=11703"}],"wp:term":[{"taxonomy":"product_brand","embeddable":true,"href":"https:\/\/unitgames.com.ar\/pc-gamer\/wp-json\/wp\/v2\/product_brand?post=11703"},{"taxonomy":"product_cat","embeddable":true,"href":"https:\/\/unitgames.com.ar\/pc-gamer\/wp-json\/wp\/v2\/product_cat?post=11703"},{"taxonomy":"product_tag","embeddable":true,"href":"https:\/\/unitgames.com.ar\/pc-gamer\/wp-json\/wp\/v2\/product_tag?post=11703"}],"curies":[{"name":"wp","href":"https:\/\/api.w.org\/{rel}","templated":true}]}}