{"id":11725,"date":"2024-11-27T15:23:36","date_gmt":"2024-11-27T15:23:36","guid":{"rendered":"https:\/\/unitgames.com.ar\/pc-gamer\/?post_type=product&#038;p=11725"},"modified":"2026-01-09T07:17:45","modified_gmt":"2026-01-09T10:17:45","slug":"fuente-thermaltake-smart-rgb-600w-80-plus-white","status":"publish","type":"product","link":"https:\/\/unitgames.com.ar\/pc-gamer\/producto\/fuente-thermaltake-smart-rgb-600w-80-plus-white\/","title":{"rendered":"Fuente THERMALTAKE SMART RGB 600W 80 Plus White"},"content":{"rendered":"<div class=\"ti\">Smart RGB 600W<\/div>\n<div class=\"txt\">\n<p>Thermaltake, como pionero que incorpora luces RGB en PSU, ha lanzado la serie Thermaltake Smart RGB, que viene con un concentrador de ventilador RGB preinstalado de 256 colores con 15 modos de iluminaci\u00f3n para elegir y memoria incorporada.<\/p>\n<table id=\"product-attribute-specs-table\" class=\"data table additional-attributes\">\n<caption class=\"table-caption\">M\u00e1s Informaci\u00f3n<\/caption>\n<tbody>\n<tr>\n<th class=\"col label\" scope=\"row\">P\/N<\/th>\n<td class=\"col data\" data-th=\"P\/N\">PS-SPR-0600NHSAWE-1<\/td>\n<\/tr>\n<tr>\n<th class=\"col label\" scope=\"row\">WATTS<\/th>\n<td class=\"col data\" data-th=\"watts\">600W<\/td>\n<\/tr>\n<tr>\n<th class=\"col label\" scope=\"row\">VENTILADOR RGB<\/th>\n<td class=\"col data\" data-th=\"Ventilador RGB\">S\u00ed<\/td>\n<\/tr>\n<tr>\n<th class=\"col label\" scope=\"row\">FACTOR DE FORMA<\/th>\n<td class=\"col data\" data-th=\"Factor de forma\">ATX<\/td>\n<\/tr>\n<tr>\n<th class=\"col label\" scope=\"row\">MODELO<\/th>\n<td class=\"col data\" data-th=\"Modelo\">SPR-600AH2NK-2<\/td>\n<\/tr>\n<tr>\n<th class=\"col label\" scope=\"row\">TIPO<\/th>\n<td class=\"col data\" data-th=\"Tipo\">Intel ATX 12V 2.3<\/td>\n<\/tr>\n<tr>\n<th class=\"col label\" scope=\"row\">MAX. OUTPUT CAPACITY<\/th>\n<td class=\"col data\" data-th=\"Max. Output Capacity\">600W<\/td>\n<\/tr>\n<tr>\n<th class=\"col label\" scope=\"row\">COLOR<\/th>\n<td class=\"col data\" data-th=\"Color\">Black<\/td>\n<\/tr>\n<tr>\n<th class=\"col label\" scope=\"row\">PFC (POWER FACTOR CORRECTION)<\/th>\n<td class=\"col data\" data-th=\"PFC (Power Factor Correction)\">Active PFC<\/td>\n<\/tr>\n<tr>\n<th class=\"col label\" scope=\"row\">POWER GOOD SIGNAL<\/th>\n<td class=\"col data\" data-th=\"Power Good Signal\">100-500 msec<\/td>\n<\/tr>\n<tr>\n<th class=\"col label\" scope=\"row\">HOLD UP TIME<\/th>\n<td class=\"col data\" data-th=\"Hold Up Time\">16msec (minimum) within 60% load<\/td>\n<\/tr>\n<tr>\n<th class=\"col label\" scope=\"row\">INPUT CURRENT<\/th>\n<td class=\"col data\" data-th=\"Input Current\">7A max<\/td>\n<\/tr>\n<tr>\n<th class=\"col label\" scope=\"row\">INPUT FREQUENCY RANGE<\/th>\n<td class=\"col data\" data-th=\"Input Frequency Range\">50 Hz &#8211; 60 Hz<\/td>\n<\/tr>\n<tr>\n<th class=\"col label\" scope=\"row\">INPUT VOLTAGE<\/th>\n<td class=\"col data\" data-th=\"Input Voltage\">230 Vac<\/td>\n<\/tr>\n<tr>\n<th class=\"col label\" scope=\"row\">OPERATING TEMPERATURE<\/th>\n<td class=\"col data\" data-th=\"Operating Temperature\">5\u2103 to +40\u2103<\/td>\n<\/tr>\n<tr>\n<th class=\"col label\" scope=\"row\">OPERATING HUMIDITY<\/th>\n<td class=\"col data\" data-th=\"Operating Humidity\">20% to 85%,non-condensing<\/td>\n<\/tr>\n<tr>\n<th class=\"col label\" scope=\"row\">STORAGE TEMPERATURE<\/th>\n<td class=\"col data\" data-th=\"Storage Temperature\">-40 \u2103 to +55 \u2103<\/td>\n<\/tr>\n<tr>\n<th class=\"col label\" scope=\"row\">STORAGE HUMIDITY<\/th>\n<td class=\"col data\" data-th=\"Storage Humidity\">10% to 95%, non-condensing<\/td>\n<\/tr>\n<tr>\n<th class=\"col label\" scope=\"row\">SISTEMA DE REFRIGERACI\u00d3N<\/th>\n<td class=\"col data\" data-th=\"SISTEMA DE REFRIGERACI\u00d3N\">120mm Fan: 1800 R.P.M. \u00b1 10%<\/td>\n<\/tr>\n<tr>\n<th class=\"col label\" scope=\"row\">EFFICIENCY<\/th>\n<td class=\"col data\" data-th=\"Efficiency\">82-86% efficiency @ 20-100% load<\/td>\n<\/tr>\n<tr>\n<th class=\"col label\" scope=\"row\">MTBF<\/th>\n<td class=\"col data\" data-th=\"MTBF\">100,000 hrs minimum<\/td>\n<\/tr>\n<tr>\n<th class=\"col label\" scope=\"row\">SAFETY APPROVAL<\/th>\n<td class=\"col data\" data-th=\"Safety Approval\">CE\/CB\/TUV\/ EAC<\/td>\n<\/tr>\n<\/tbody>\n<\/table>\n<\/div>\n<p>&nbsp;<\/p>\n","protected":false},"excerpt":{"rendered":"<p>Smart RGB 600W Thermaltake, como pionero que incorpora luces RGB en PSU, ha lanzado la serie Thermaltake Smart RGB, que viene con un concentrador de ventilador RGB preinstalado de 256 colores con 15 modos de iluminaci\u00f3n para elegir y memoria incorporada. M\u00e1s Informaci\u00f3n P\/N PS-SPR-0600NHSAWE-1 WATTS 600W VENTILADOR RGB S\u00ed FACTOR DE FORMA ATX MODELO SPR-600AH2NK-2 TIPO Intel ATX 12V 2.3 MAX. OUTPUT CAPACITY 600W COLOR Black PFC (POWER FACTOR CORRECTION) Active PFC POWER GOOD SIGNAL 100-500 msec HOLD UP TIME 16msec (minimum) within 60% load INPUT CURRENT 7A max INPUT FREQUENCY RANGE 50 Hz &#8211; 60 Hz INPUT VOLTAGE 230 Vac OPERATING TEMPERATURE 5\u2103 to +40\u2103 OPERATING HUMIDITY 20% to 85%,non-condensing STORAGE TEMPERATURE -40 \u2103 to +55 \u2103 STORAGE HUMIDITY 10% to 95%, non-condensing SISTEMA DE REFRIGERACI\u00d3N 120mm Fan: 1800 R.P.M. \u00b1 10% EFFICIENCY 82-86% efficiency @ 20-100% load MTBF 100,000 hrs minimum SAFETY APPROVAL CE\/CB\/TUV\/ EAC &nbsp;<\/p>\n","protected":false},"featured_media":11730,"template":"","meta":{"site-sidebar-layout":"default","site-content-layout":"","ast-site-content-layout":"default","site-content-style":"default","site-sidebar-style":"default","ast-global-header-display":"","ast-banner-title-visibility":"","ast-main-header-display":"","ast-hfb-above-header-display":"","ast-hfb-below-header-display":"","ast-hfb-mobile-header-display":"","site-post-title":"","ast-breadcrumbs-content":"","ast-featured-img":"","footer-sml-layout":"","theme-transparent-header-meta":"default","adv-header-id-meta":"","stick-header-meta":"","header-above-stick-meta":"","header-main-stick-meta":"","header-below-stick-meta":"","astra-migrate-meta-layouts":"set","ast-page-background-enabled":"default","ast-page-background-meta":{"desktop":{"background-color":"var(--ast-global-color-5)","background-image":"","background-repeat":"repeat","background-position":"center center","background-size":"auto","background-attachment":"scroll","background-type":"","background-media":"","overlay-type":"","overlay-color":"","overlay-opacity":"","overlay-gradient":""},"tablet":{"background-color":"","background-image":"","background-repeat":"repeat","background-position":"center center","background-size":"auto","background-attachment":"scroll","background-type":"","background-media":"","overlay-type":"","overlay-color":"","overlay-opacity":"","overlay-gradient":""},"mobile":{"background-color":"","background-image":"","background-repeat":"repeat","background-position":"center center","background-size":"auto","background-attachment":"scroll","background-type":"","background-media":"","overlay-type":"","overlay-color":"","overlay-opacity":"","overlay-gradient":""}},"ast-content-background-meta":{"desktop":{"background-color":"var(--ast-global-color-4)","background-image":"","background-repeat":"repeat","background-position":"center center","background-size":"auto","background-attachment":"scroll","background-type":"","background-media":"","overlay-type":"","overlay-color":"","overlay-opacity":"","overlay-gradient":""},"tablet":{"background-color":"var(--ast-global-color-4)","background-image":"","background-repeat":"repeat","background-position":"center center","background-size":"auto","background-attachment":"scroll","background-type":"","background-media":"","overlay-type":"","overlay-color":"","overlay-opacity":"","overlay-gradient":""},"mobile":{"background-color":"var(--ast-global-color-4)","background-image":"","background-repeat":"repeat","background-position":"center center","background-size":"auto","background-attachment":"scroll","background-type":"","background-media":"","overlay-type":"","overlay-color":"","overlay-opacity":"","overlay-gradient":""}},"_joinchat":[]},"product_brand":[],"product_cat":[65],"product_tag":[],"class_list":{"0":"post-11725","1":"product","2":"type-product","3":"status-publish","4":"has-post-thumbnail","6":"product_cat-fuentes","7":"desktop-align-center","8":"tablet-align-left","9":"mobile-align-left","11":"first","12":"instock","13":"shipping-taxable","14":"purchasable","15":"product-type-simple"},"yoast_head":"<!-- This site is optimized with the Yoast SEO plugin v27.5 - https:\/\/yoast.com\/product\/yoast-seo-wordpress\/ -->\n<title>Fuente THERMALTAKE SMART RGB 600W 80 Plus White - UnitGames<\/title>\n<meta name=\"robots\" content=\"index, follow, max-snippet:-1, max-image-preview:large, max-video-preview:-1\" \/>\n<link rel=\"canonical\" href=\"https:\/\/unitgames.com.ar\/pc-gamer\/producto\/fuente-thermaltake-smart-rgb-600w-80-plus-white\/\" \/>\n<meta property=\"og:locale\" content=\"es_ES\" \/>\n<meta property=\"og:type\" content=\"article\" \/>\n<meta property=\"og:title\" content=\"Fuente THERMALTAKE SMART RGB 600W 80 Plus White - UnitGames\" \/>\n<meta property=\"og:description\" content=\"Smart RGB 600W Thermaltake, como pionero que incorpora luces RGB en PSU, ha lanzado la serie Thermaltake Smart RGB, que viene con un concentrador de ventilador RGB preinstalado de 256 colores con 15 modos de iluminaci\u00f3n para elegir y memoria incorporada. M\u00e1s Informaci\u00f3n P\/N PS-SPR-0600NHSAWE-1 WATTS 600W VENTILADOR RGB S\u00ed FACTOR DE FORMA ATX MODELO SPR-600AH2NK-2 TIPO Intel ATX 12V 2.3 MAX. OUTPUT CAPACITY 600W COLOR Black PFC (POWER FACTOR CORRECTION) Active PFC POWER GOOD SIGNAL 100-500 msec HOLD UP TIME 16msec (minimum) within 60% load INPUT CURRENT 7A max INPUT FREQUENCY RANGE 50 Hz &#8211; 60 Hz INPUT VOLTAGE 230 Vac OPERATING TEMPERATURE 5\u2103 to +40\u2103 OPERATING HUMIDITY 20% to 85%,non-condensing STORAGE TEMPERATURE -40 \u2103 to +55 \u2103 STORAGE HUMIDITY 10% to 95%, non-condensing SISTEMA DE REFRIGERACI\u00d3N 120mm Fan: 1800 R.P.M. \u00b1 10% EFFICIENCY 82-86% efficiency @ 20-100% load MTBF 100,000 hrs minimum SAFETY APPROVAL CE\/CB\/TUV\/ EAC &nbsp;\" \/>\n<meta property=\"og:url\" content=\"https:\/\/unitgames.com.ar\/pc-gamer\/producto\/fuente-thermaltake-smart-rgb-600w-80-plus-white\/\" \/>\n<meta property=\"og:site_name\" content=\"UnitGames\" \/>\n<meta property=\"article:modified_time\" content=\"2026-01-09T10:17:45+00:00\" \/>\n<meta property=\"og:image\" content=\"https:\/\/unitgames.com.ar\/pc-gamer\/wp-content\/uploads\/2024\/11\/Fuente-THERMALTAKE-SMART-RGB-600W-80-Plus-White.png\" \/>\n\t<meta property=\"og:image:width\" content=\"1283\" \/>\n\t<meta property=\"og:image:height\" content=\"1284\" \/>\n\t<meta property=\"og:image:type\" content=\"image\/png\" \/>\n<meta name=\"twitter:card\" content=\"summary_large_image\" \/>\n<meta name=\"twitter:label1\" content=\"Tiempo de lectura\" \/>\n\t<meta name=\"twitter:data1\" content=\"1 minuto\" \/>\n<script type=\"application\/ld+json\" class=\"yoast-schema-graph\">{\"@context\":\"https:\\\/\\\/schema.org\",\"@graph\":[{\"@type\":\"WebPage\",\"@id\":\"https:\\\/\\\/unitgames.com.ar\\\/pc-gamer\\\/producto\\\/fuente-thermaltake-smart-rgb-600w-80-plus-white\\\/\",\"url\":\"https:\\\/\\\/unitgames.com.ar\\\/pc-gamer\\\/producto\\\/fuente-thermaltake-smart-rgb-600w-80-plus-white\\\/\",\"name\":\"Fuente THERMALTAKE SMART RGB 600W 80 Plus White - UnitGames\",\"isPartOf\":{\"@id\":\"https:\\\/\\\/unitgames.com.ar\\\/pc-gamer\\\/#website\"},\"primaryImageOfPage\":{\"@id\":\"https:\\\/\\\/unitgames.com.ar\\\/pc-gamer\\\/producto\\\/fuente-thermaltake-smart-rgb-600w-80-plus-white\\\/#primaryimage\"},\"image\":{\"@id\":\"https:\\\/\\\/unitgames.com.ar\\\/pc-gamer\\\/producto\\\/fuente-thermaltake-smart-rgb-600w-80-plus-white\\\/#primaryimage\"},\"thumbnailUrl\":\"https:\\\/\\\/unitgames.com.ar\\\/pc-gamer\\\/wp-content\\\/uploads\\\/2024\\\/11\\\/Fuente-THERMALTAKE-SMART-RGB-600W-80-Plus-White.png\",\"datePublished\":\"2024-11-27T15:23:36+00:00\",\"dateModified\":\"2026-01-09T10:17:45+00:00\",\"breadcrumb\":{\"@id\":\"https:\\\/\\\/unitgames.com.ar\\\/pc-gamer\\\/producto\\\/fuente-thermaltake-smart-rgb-600w-80-plus-white\\\/#breadcrumb\"},\"inLanguage\":\"es\",\"potentialAction\":[{\"@type\":\"ReadAction\",\"target\":[\"https:\\\/\\\/unitgames.com.ar\\\/pc-gamer\\\/producto\\\/fuente-thermaltake-smart-rgb-600w-80-plus-white\\\/\"]}]},{\"@type\":\"ImageObject\",\"inLanguage\":\"es\",\"@id\":\"https:\\\/\\\/unitgames.com.ar\\\/pc-gamer\\\/producto\\\/fuente-thermaltake-smart-rgb-600w-80-plus-white\\\/#primaryimage\",\"url\":\"https:\\\/\\\/unitgames.com.ar\\\/pc-gamer\\\/wp-content\\\/uploads\\\/2024\\\/11\\\/Fuente-THERMALTAKE-SMART-RGB-600W-80-Plus-White.png\",\"contentUrl\":\"https:\\\/\\\/unitgames.com.ar\\\/pc-gamer\\\/wp-content\\\/uploads\\\/2024\\\/11\\\/Fuente-THERMALTAKE-SMART-RGB-600W-80-Plus-White.png\",\"width\":1283,\"height\":1284},{\"@type\":\"BreadcrumbList\",\"@id\":\"https:\\\/\\\/unitgames.com.ar\\\/pc-gamer\\\/producto\\\/fuente-thermaltake-smart-rgb-600w-80-plus-white\\\/#breadcrumb\",\"itemListElement\":[{\"@type\":\"ListItem\",\"position\":1,\"name\":\"Tienda\",\"item\":\"https:\\\/\\\/unitgames.com.ar\\\/pc-gamer\\\/tienda\\\/\"},{\"@type\":\"ListItem\",\"position\":2,\"name\":\"Fuente THERMALTAKE SMART RGB 600W 80 Plus White\"}]},{\"@type\":\"WebSite\",\"@id\":\"https:\\\/\\\/unitgames.com.ar\\\/pc-gamer\\\/#website\",\"url\":\"https:\\\/\\\/unitgames.com.ar\\\/pc-gamer\\\/\",\"name\":\"UnitGames\",\"description\":\"Venta de PC Gamers, Consolas , Servicio Tecnico Especializado. Todos en Accesorios Informaticos y Gamers\",\"publisher\":{\"@id\":\"https:\\\/\\\/unitgames.com.ar\\\/pc-gamer\\\/#organization\"},\"potentialAction\":[{\"@type\":\"SearchAction\",\"target\":{\"@type\":\"EntryPoint\",\"urlTemplate\":\"https:\\\/\\\/unitgames.com.ar\\\/pc-gamer\\\/?s={search_term_string}\"},\"query-input\":{\"@type\":\"PropertyValueSpecification\",\"valueRequired\":true,\"valueName\":\"search_term_string\"}}],\"inLanguage\":\"es\"},{\"@type\":\"Organization\",\"@id\":\"https:\\\/\\\/unitgames.com.ar\\\/pc-gamer\\\/#organization\",\"name\":\"UnitGames\",\"url\":\"https:\\\/\\\/unitgames.com.ar\\\/pc-gamer\\\/\",\"logo\":{\"@type\":\"ImageObject\",\"inLanguage\":\"es\",\"@id\":\"https:\\\/\\\/unitgames.com.ar\\\/pc-gamer\\\/#\\\/schema\\\/logo\\\/image\\\/\",\"url\":\"https:\\\/\\\/unitgames.com.ar\\\/pc-gamer\\\/wp-content\\\/uploads\\\/2021\\\/01\\\/cropped-logoUnitGames2.png\",\"contentUrl\":\"https:\\\/\\\/unitgames.com.ar\\\/pc-gamer\\\/wp-content\\\/uploads\\\/2021\\\/01\\\/cropped-logoUnitGames2.png\",\"width\":152,\"height\":200,\"caption\":\"UnitGames\"},\"image\":{\"@id\":\"https:\\\/\\\/unitgames.com.ar\\\/pc-gamer\\\/#\\\/schema\\\/logo\\\/image\\\/\"}}]}<\/script>\n<!-- \/ Yoast SEO plugin. -->","yoast_head_json":{"title":"Fuente THERMALTAKE SMART RGB 600W 80 Plus White - UnitGames","robots":{"index":"index","follow":"follow","max-snippet":"max-snippet:-1","max-image-preview":"max-image-preview:large","max-video-preview":"max-video-preview:-1"},"canonical":"https:\/\/unitgames.com.ar\/pc-gamer\/producto\/fuente-thermaltake-smart-rgb-600w-80-plus-white\/","og_locale":"es_ES","og_type":"article","og_title":"Fuente THERMALTAKE SMART RGB 600W 80 Plus White - UnitGames","og_description":"Smart RGB 600W Thermaltake, como pionero que incorpora luces RGB en PSU, ha lanzado la serie Thermaltake Smart RGB, que viene con un concentrador de ventilador RGB preinstalado de 256 colores con 15 modos de iluminaci\u00f3n para elegir y memoria incorporada. M\u00e1s Informaci\u00f3n P\/N PS-SPR-0600NHSAWE-1 WATTS 600W VENTILADOR RGB S\u00ed FACTOR DE FORMA ATX MODELO SPR-600AH2NK-2 TIPO Intel ATX 12V 2.3 MAX. OUTPUT CAPACITY 600W COLOR Black PFC (POWER FACTOR CORRECTION) Active PFC POWER GOOD SIGNAL 100-500 msec HOLD UP TIME 16msec (minimum) within 60% load INPUT CURRENT 7A max INPUT FREQUENCY RANGE 50 Hz &#8211; 60 Hz INPUT VOLTAGE 230 Vac OPERATING TEMPERATURE 5\u2103 to +40\u2103 OPERATING HUMIDITY 20% to 85%,non-condensing STORAGE TEMPERATURE -40 \u2103 to +55 \u2103 STORAGE HUMIDITY 10% to 95%, non-condensing SISTEMA DE REFRIGERACI\u00d3N 120mm Fan: 1800 R.P.M. \u00b1 10% EFFICIENCY 82-86% efficiency @ 20-100% load MTBF 100,000 hrs minimum SAFETY APPROVAL CE\/CB\/TUV\/ EAC &nbsp;","og_url":"https:\/\/unitgames.com.ar\/pc-gamer\/producto\/fuente-thermaltake-smart-rgb-600w-80-plus-white\/","og_site_name":"UnitGames","article_modified_time":"2026-01-09T10:17:45+00:00","og_image":[{"width":1283,"height":1284,"url":"https:\/\/unitgames.com.ar\/pc-gamer\/wp-content\/uploads\/2024\/11\/Fuente-THERMALTAKE-SMART-RGB-600W-80-Plus-White.png","type":"image\/png"}],"twitter_card":"summary_large_image","twitter_misc":{"Tiempo de lectura":"1 minuto"},"schema":{"@context":"https:\/\/schema.org","@graph":[{"@type":"WebPage","@id":"https:\/\/unitgames.com.ar\/pc-gamer\/producto\/fuente-thermaltake-smart-rgb-600w-80-plus-white\/","url":"https:\/\/unitgames.com.ar\/pc-gamer\/producto\/fuente-thermaltake-smart-rgb-600w-80-plus-white\/","name":"Fuente THERMALTAKE SMART RGB 600W 80 Plus White - UnitGames","isPartOf":{"@id":"https:\/\/unitgames.com.ar\/pc-gamer\/#website"},"primaryImageOfPage":{"@id":"https:\/\/unitgames.com.ar\/pc-gamer\/producto\/fuente-thermaltake-smart-rgb-600w-80-plus-white\/#primaryimage"},"image":{"@id":"https:\/\/unitgames.com.ar\/pc-gamer\/producto\/fuente-thermaltake-smart-rgb-600w-80-plus-white\/#primaryimage"},"thumbnailUrl":"https:\/\/unitgames.com.ar\/pc-gamer\/wp-content\/uploads\/2024\/11\/Fuente-THERMALTAKE-SMART-RGB-600W-80-Plus-White.png","datePublished":"2024-11-27T15:23:36+00:00","dateModified":"2026-01-09T10:17:45+00:00","breadcrumb":{"@id":"https:\/\/unitgames.com.ar\/pc-gamer\/producto\/fuente-thermaltake-smart-rgb-600w-80-plus-white\/#breadcrumb"},"inLanguage":"es","potentialAction":[{"@type":"ReadAction","target":["https:\/\/unitgames.com.ar\/pc-gamer\/producto\/fuente-thermaltake-smart-rgb-600w-80-plus-white\/"]}]},{"@type":"ImageObject","inLanguage":"es","@id":"https:\/\/unitgames.com.ar\/pc-gamer\/producto\/fuente-thermaltake-smart-rgb-600w-80-plus-white\/#primaryimage","url":"https:\/\/unitgames.com.ar\/pc-gamer\/wp-content\/uploads\/2024\/11\/Fuente-THERMALTAKE-SMART-RGB-600W-80-Plus-White.png","contentUrl":"https:\/\/unitgames.com.ar\/pc-gamer\/wp-content\/uploads\/2024\/11\/Fuente-THERMALTAKE-SMART-RGB-600W-80-Plus-White.png","width":1283,"height":1284},{"@type":"BreadcrumbList","@id":"https:\/\/unitgames.com.ar\/pc-gamer\/producto\/fuente-thermaltake-smart-rgb-600w-80-plus-white\/#breadcrumb","itemListElement":[{"@type":"ListItem","position":1,"name":"Tienda","item":"https:\/\/unitgames.com.ar\/pc-gamer\/tienda\/"},{"@type":"ListItem","position":2,"name":"Fuente THERMALTAKE SMART RGB 600W 80 Plus White"}]},{"@type":"WebSite","@id":"https:\/\/unitgames.com.ar\/pc-gamer\/#website","url":"https:\/\/unitgames.com.ar\/pc-gamer\/","name":"UnitGames","description":"Venta de PC Gamers, Consolas , Servicio Tecnico Especializado. Todos en Accesorios Informaticos y Gamers","publisher":{"@id":"https:\/\/unitgames.com.ar\/pc-gamer\/#organization"},"potentialAction":[{"@type":"SearchAction","target":{"@type":"EntryPoint","urlTemplate":"https:\/\/unitgames.com.ar\/pc-gamer\/?s={search_term_string}"},"query-input":{"@type":"PropertyValueSpecification","valueRequired":true,"valueName":"search_term_string"}}],"inLanguage":"es"},{"@type":"Organization","@id":"https:\/\/unitgames.com.ar\/pc-gamer\/#organization","name":"UnitGames","url":"https:\/\/unitgames.com.ar\/pc-gamer\/","logo":{"@type":"ImageObject","inLanguage":"es","@id":"https:\/\/unitgames.com.ar\/pc-gamer\/#\/schema\/logo\/image\/","url":"https:\/\/unitgames.com.ar\/pc-gamer\/wp-content\/uploads\/2021\/01\/cropped-logoUnitGames2.png","contentUrl":"https:\/\/unitgames.com.ar\/pc-gamer\/wp-content\/uploads\/2021\/01\/cropped-logoUnitGames2.png","width":152,"height":200,"caption":"UnitGames"},"image":{"@id":"https:\/\/unitgames.com.ar\/pc-gamer\/#\/schema\/logo\/image\/"}}]}},"_links":{"self":[{"href":"https:\/\/unitgames.com.ar\/pc-gamer\/wp-json\/wp\/v2\/product\/11725","targetHints":{"allow":["GET"]}}],"collection":[{"href":"https:\/\/unitgames.com.ar\/pc-gamer\/wp-json\/wp\/v2\/product"}],"about":[{"href":"https:\/\/unitgames.com.ar\/pc-gamer\/wp-json\/wp\/v2\/types\/product"}],"version-history":[{"count":0,"href":"https:\/\/unitgames.com.ar\/pc-gamer\/wp-json\/wp\/v2\/product\/11725\/revisions"}],"wp:featuredmedia":[{"embeddable":true,"href":"https:\/\/unitgames.com.ar\/pc-gamer\/wp-json\/wp\/v2\/media\/11730"}],"wp:attachment":[{"href":"https:\/\/unitgames.com.ar\/pc-gamer\/wp-json\/wp\/v2\/media?parent=11725"}],"wp:term":[{"taxonomy":"product_brand","embeddable":true,"href":"https:\/\/unitgames.com.ar\/pc-gamer\/wp-json\/wp\/v2\/product_brand?post=11725"},{"taxonomy":"product_cat","embeddable":true,"href":"https:\/\/unitgames.com.ar\/pc-gamer\/wp-json\/wp\/v2\/product_cat?post=11725"},{"taxonomy":"product_tag","embeddable":true,"href":"https:\/\/unitgames.com.ar\/pc-gamer\/wp-json\/wp\/v2\/product_tag?post=11725"}],"curies":[{"name":"wp","href":"https:\/\/api.w.org\/{rel}","templated":true}]}}