{"id":11935,"date":"2024-12-18T14:00:22","date_gmt":"2024-12-18T14:00:22","guid":{"rendered":"https:\/\/unitgames.com.ar\/pc-gamer\/?post_type=product&#038;p=11935"},"modified":"2026-01-09T07:17:36","modified_gmt":"2026-01-09T10:17:36","slug":"mouse-xtech-marvel-ghost-spider","status":"publish","type":"product","link":"https:\/\/unitgames.com.ar\/pc-gamer\/producto\/mouse-xtech-marvel-ghost-spider\/","title":{"rendered":"Mouse XTECH Marvel Ghost Spider"},"content":{"rendered":"<h3>Caracter\u00edsticas<\/h3>\n<ul>\n<li>Mouse \u00f3ptico 3D de 7 botones para videojuegos, con resoluci\u00f3n ajustable hasta 2400DPI<\/li>\n<li>Retroiluminaci\u00f3n con efecto c\u00edclico y 4 modos: lento\/r\u00e1pido\/est\u00e1tico\/apagado<\/li>\n<li>Cubierta ergon\u00f3mica que ofrece comodidad y evita la fatiga en las manos durante juegos prolongados<\/li>\n<li>Fabricado con materiales duraderos para soportar intensas sesiones de juego<\/li>\n<li>Controla tus movimientos con 7 botones programables mediante software<\/li>\n<li>Apropiado para videojuegos en PC<\/li>\n<li>Dise\u00f1o Marvel, un complemento perfecto para tu colecci\u00f3n.<\/li>\n<\/ul>\n<h3>Especificaciones<\/h3>\n<ul>\n<li><strong>Tipo:\u00a0<\/strong>Mouse 3D al\u00e1mbrico de 7 botones para videojuegos<\/li>\n<li><strong>Sensor:\u00a0<\/strong>\u00d3ptico<\/li>\n<li><strong>Resoluci\u00f3n:\u00a0<\/strong>\u00a0Configuraci\u00f3n seleccionable: 800DPI,\u00a01200DPI, 1600DPI, 2400 DPI<\/li>\n<li><strong>Tipo de agarre:\u00a0<\/strong>De palma<\/li>\n<li><strong>Velocidad de respuesta:\u00a0<\/strong>125Hz<\/li>\n<li><strong>Interfaz:\u00a0<\/strong>USB<\/li>\n<li><strong>Software:\u00a0<\/strong>Solamente para Windows<\/li>\n<li><strong>N\u00famero de botones:\u00a0<\/strong>7<\/li>\n<li><strong>Botones programables:\u00a0<\/strong>7 mediante software<\/li>\n<li><strong>Iluminaci\u00f3n de fondo:\u00a0<\/strong>Efecto c\u00edclico y 4 modos: lento\/veloz\/est\u00e1tico\/apagado<\/li>\n<li><strong>Frecuencia de imagen:\u00a0<\/strong>6000 cuadros\/seg<\/li>\n<li><strong>Velocidad m\u00e1xima:\u00a0<\/strong>32IPS<\/li>\n<li><strong>Aceleraci\u00f3n m\u00e1xima:\u00a0<\/strong>15G<\/li>\n<li><strong>Requisitos del sistema:\u00a0<\/strong>Familia Windows<\/li>\n<li><strong>Tipo de cable:\u00a0<\/strong>Trenzado<\/li>\n<li><strong>Longitud del cable:\u00a0<\/strong>1,5m<\/li>\n<li><strong>Dimensiones (LaxAnxAl):\u00a0<\/strong>12,4x7x4cm<\/li>\n<li><strong>Peso:<\/strong>\u00a0118g<\/li>\n<\/ul>\n","protected":false},"excerpt":{"rendered":"<p>Caracter\u00edsticas Mouse \u00f3ptico 3D de 7 botones para videojuegos, con resoluci\u00f3n ajustable hasta 2400DPI Retroiluminaci\u00f3n con efecto c\u00edclico y 4 modos: lento\/r\u00e1pido\/est\u00e1tico\/apagado Cubierta ergon\u00f3mica que ofrece comodidad y evita la fatiga en las manos durante juegos prolongados Fabricado con materiales duraderos para soportar intensas sesiones de juego Controla tus movimientos con 7 botones programables mediante software Apropiado para videojuegos en PC Dise\u00f1o Marvel, un complemento perfecto para tu colecci\u00f3n. Especificaciones Tipo:\u00a0Mouse 3D al\u00e1mbrico de 7 botones para videojuegos Sensor:\u00a0\u00d3ptico Resoluci\u00f3n:\u00a0\u00a0Configuraci\u00f3n seleccionable: 800DPI,\u00a01200DPI, 1600DPI, 2400 DPI Tipo de agarre:\u00a0De palma Velocidad de respuesta:\u00a0125Hz Interfaz:\u00a0USB Software:\u00a0Solamente para Windows N\u00famero de botones:\u00a07 Botones programables:\u00a07 mediante software Iluminaci\u00f3n de fondo:\u00a0Efecto c\u00edclico y 4 modos: lento\/veloz\/est\u00e1tico\/apagado Frecuencia de imagen:\u00a06000 cuadros\/seg Velocidad m\u00e1xima:\u00a032IPS Aceleraci\u00f3n m\u00e1xima:\u00a015G Requisitos del sistema:\u00a0Familia Windows Tipo de cable:\u00a0Trenzado Longitud del cable:\u00a01,5m Dimensiones (LaxAnxAl):\u00a012,4x7x4cm Peso:\u00a0118g<\/p>\n","protected":false},"featured_media":12048,"template":"","meta":{"site-sidebar-layout":"default","site-content-layout":"","ast-site-content-layout":"default","site-content-style":"default","site-sidebar-style":"default","ast-global-header-display":"","ast-banner-title-visibility":"","ast-main-header-display":"","ast-hfb-above-header-display":"","ast-hfb-below-header-display":"","ast-hfb-mobile-header-display":"","site-post-title":"","ast-breadcrumbs-content":"","ast-featured-img":"","footer-sml-layout":"","theme-transparent-header-meta":"","adv-header-id-meta":"","stick-header-meta":"","header-above-stick-meta":"","header-main-stick-meta":"","header-below-stick-meta":"","astra-migrate-meta-layouts":"default","ast-page-background-enabled":"default","ast-page-background-meta":{"desktop":{"background-color":"var(--ast-global-color-5)","background-image":"","background-repeat":"repeat","background-position":"center center","background-size":"auto","background-attachment":"scroll","background-type":"","background-media":"","overlay-type":"","overlay-color":"","overlay-opacity":"","overlay-gradient":""},"tablet":{"background-color":"","background-image":"","background-repeat":"repeat","background-position":"center center","background-size":"auto","background-attachment":"scroll","background-type":"","background-media":"","overlay-type":"","overlay-color":"","overlay-opacity":"","overlay-gradient":""},"mobile":{"background-color":"","background-image":"","background-repeat":"repeat","background-position":"center center","background-size":"auto","background-attachment":"scroll","background-type":"","background-media":"","overlay-type":"","overlay-color":"","overlay-opacity":"","overlay-gradient":""}},"ast-content-background-meta":{"desktop":{"background-color":"var(--ast-global-color-4)","background-image":"","background-repeat":"repeat","background-position":"center center","background-size":"auto","background-attachment":"scroll","background-type":"","background-media":"","overlay-type":"","overlay-color":"","overlay-opacity":"","overlay-gradient":""},"tablet":{"background-color":"var(--ast-global-color-4)","background-image":"","background-repeat":"repeat","background-position":"center center","background-size":"auto","background-attachment":"scroll","background-type":"","background-media":"","overlay-type":"","overlay-color":"","overlay-opacity":"","overlay-gradient":""},"mobile":{"background-color":"var(--ast-global-color-4)","background-image":"","background-repeat":"repeat","background-position":"center center","background-size":"auto","background-attachment":"scroll","background-type":"","background-media":"","overlay-type":"","overlay-color":"","overlay-opacity":"","overlay-gradient":""}},"_joinchat":[]},"product_brand":[],"product_cat":[89],"product_tag":[],"class_list":{"0":"post-11935","1":"product","2":"type-product","3":"status-publish","4":"has-post-thumbnail","6":"product_cat-gamers-competitivos","7":"desktop-align-center","8":"tablet-align-left","9":"mobile-align-left","11":"first","12":"instock","13":"shipping-taxable","14":"purchasable","15":"product-type-simple"},"yoast_head":"<!-- This site is optimized with the Yoast SEO plugin v27.5 - https:\/\/yoast.com\/product\/yoast-seo-wordpress\/ -->\n<title>Mouse XTECH Marvel Ghost Spider - UnitGames<\/title>\n<meta name=\"robots\" content=\"index, follow, max-snippet:-1, max-image-preview:large, max-video-preview:-1\" \/>\n<link rel=\"canonical\" href=\"https:\/\/unitgames.com.ar\/pc-gamer\/producto\/mouse-xtech-marvel-ghost-spider\/\" \/>\n<meta property=\"og:locale\" content=\"es_ES\" \/>\n<meta property=\"og:type\" content=\"article\" \/>\n<meta property=\"og:title\" content=\"Mouse XTECH Marvel Ghost Spider - UnitGames\" \/>\n<meta property=\"og:description\" content=\"Caracter\u00edsticas Mouse \u00f3ptico 3D de 7 botones para videojuegos, con resoluci\u00f3n ajustable hasta 2400DPI Retroiluminaci\u00f3n con efecto c\u00edclico y 4 modos: lento\/r\u00e1pido\/est\u00e1tico\/apagado Cubierta ergon\u00f3mica que ofrece comodidad y evita la fatiga en las manos durante juegos prolongados Fabricado con materiales duraderos para soportar intensas sesiones de juego Controla tus movimientos con 7 botones programables mediante software Apropiado para videojuegos en PC Dise\u00f1o Marvel, un complemento perfecto para tu colecci\u00f3n. Especificaciones Tipo:\u00a0Mouse 3D al\u00e1mbrico de 7 botones para videojuegos Sensor:\u00a0\u00d3ptico Resoluci\u00f3n:\u00a0\u00a0Configuraci\u00f3n seleccionable: 800DPI,\u00a01200DPI, 1600DPI, 2400 DPI Tipo de agarre:\u00a0De palma Velocidad de respuesta:\u00a0125Hz Interfaz:\u00a0USB Software:\u00a0Solamente para Windows N\u00famero de botones:\u00a07 Botones programables:\u00a07 mediante software Iluminaci\u00f3n de fondo:\u00a0Efecto c\u00edclico y 4 modos: lento\/veloz\/est\u00e1tico\/apagado Frecuencia de imagen:\u00a06000 cuadros\/seg Velocidad m\u00e1xima:\u00a032IPS Aceleraci\u00f3n m\u00e1xima:\u00a015G Requisitos del sistema:\u00a0Familia Windows Tipo de cable:\u00a0Trenzado Longitud del cable:\u00a01,5m Dimensiones (LaxAnxAl):\u00a012,4x7x4cm Peso:\u00a0118g\" \/>\n<meta property=\"og:url\" content=\"https:\/\/unitgames.com.ar\/pc-gamer\/producto\/mouse-xtech-marvel-ghost-spider\/\" \/>\n<meta property=\"og:site_name\" content=\"UnitGames\" \/>\n<meta property=\"article:modified_time\" content=\"2026-01-09T10:17:36+00:00\" \/>\n<meta property=\"og:image\" content=\"https:\/\/unitgames.com.ar\/pc-gamer\/wp-content\/uploads\/2024\/12\/Mouse-XTECH-Marvel-Ghost-Spider.png\" \/>\n\t<meta property=\"og:image:width\" content=\"2564\" \/>\n\t<meta property=\"og:image:height\" content=\"2571\" \/>\n\t<meta property=\"og:image:type\" content=\"image\/png\" \/>\n<meta name=\"twitter:card\" content=\"summary_large_image\" \/>\n<meta name=\"twitter:label1\" content=\"Tiempo de lectura\" \/>\n\t<meta name=\"twitter:data1\" content=\"1 minuto\" \/>\n<script type=\"application\/ld+json\" class=\"yoast-schema-graph\">{\"@context\":\"https:\\\/\\\/schema.org\",\"@graph\":[{\"@type\":\"WebPage\",\"@id\":\"https:\\\/\\\/unitgames.com.ar\\\/pc-gamer\\\/producto\\\/mouse-xtech-marvel-ghost-spider\\\/\",\"url\":\"https:\\\/\\\/unitgames.com.ar\\\/pc-gamer\\\/producto\\\/mouse-xtech-marvel-ghost-spider\\\/\",\"name\":\"Mouse XTECH Marvel Ghost Spider - UnitGames\",\"isPartOf\":{\"@id\":\"https:\\\/\\\/unitgames.com.ar\\\/pc-gamer\\\/#website\"},\"primaryImageOfPage\":{\"@id\":\"https:\\\/\\\/unitgames.com.ar\\\/pc-gamer\\\/producto\\\/mouse-xtech-marvel-ghost-spider\\\/#primaryimage\"},\"image\":{\"@id\":\"https:\\\/\\\/unitgames.com.ar\\\/pc-gamer\\\/producto\\\/mouse-xtech-marvel-ghost-spider\\\/#primaryimage\"},\"thumbnailUrl\":\"https:\\\/\\\/unitgames.com.ar\\\/pc-gamer\\\/wp-content\\\/uploads\\\/2024\\\/12\\\/Mouse-XTECH-Marvel-Ghost-Spider.png\",\"datePublished\":\"2024-12-18T14:00:22+00:00\",\"dateModified\":\"2026-01-09T10:17:36+00:00\",\"breadcrumb\":{\"@id\":\"https:\\\/\\\/unitgames.com.ar\\\/pc-gamer\\\/producto\\\/mouse-xtech-marvel-ghost-spider\\\/#breadcrumb\"},\"inLanguage\":\"es\",\"potentialAction\":[{\"@type\":\"ReadAction\",\"target\":[\"https:\\\/\\\/unitgames.com.ar\\\/pc-gamer\\\/producto\\\/mouse-xtech-marvel-ghost-spider\\\/\"]}]},{\"@type\":\"ImageObject\",\"inLanguage\":\"es\",\"@id\":\"https:\\\/\\\/unitgames.com.ar\\\/pc-gamer\\\/producto\\\/mouse-xtech-marvel-ghost-spider\\\/#primaryimage\",\"url\":\"https:\\\/\\\/unitgames.com.ar\\\/pc-gamer\\\/wp-content\\\/uploads\\\/2024\\\/12\\\/Mouse-XTECH-Marvel-Ghost-Spider.png\",\"contentUrl\":\"https:\\\/\\\/unitgames.com.ar\\\/pc-gamer\\\/wp-content\\\/uploads\\\/2024\\\/12\\\/Mouse-XTECH-Marvel-Ghost-Spider.png\",\"width\":2564,\"height\":2571},{\"@type\":\"BreadcrumbList\",\"@id\":\"https:\\\/\\\/unitgames.com.ar\\\/pc-gamer\\\/producto\\\/mouse-xtech-marvel-ghost-spider\\\/#breadcrumb\",\"itemListElement\":[{\"@type\":\"ListItem\",\"position\":1,\"name\":\"Tienda\",\"item\":\"https:\\\/\\\/unitgames.com.ar\\\/pc-gamer\\\/tienda\\\/\"},{\"@type\":\"ListItem\",\"position\":2,\"name\":\"Mouse XTECH Marvel Ghost Spider\"}]},{\"@type\":\"WebSite\",\"@id\":\"https:\\\/\\\/unitgames.com.ar\\\/pc-gamer\\\/#website\",\"url\":\"https:\\\/\\\/unitgames.com.ar\\\/pc-gamer\\\/\",\"name\":\"UnitGames\",\"description\":\"Venta de PC Gamers, Consolas , Servicio Tecnico Especializado. Todos en Accesorios Informaticos y Gamers\",\"publisher\":{\"@id\":\"https:\\\/\\\/unitgames.com.ar\\\/pc-gamer\\\/#organization\"},\"potentialAction\":[{\"@type\":\"SearchAction\",\"target\":{\"@type\":\"EntryPoint\",\"urlTemplate\":\"https:\\\/\\\/unitgames.com.ar\\\/pc-gamer\\\/?s={search_term_string}\"},\"query-input\":{\"@type\":\"PropertyValueSpecification\",\"valueRequired\":true,\"valueName\":\"search_term_string\"}}],\"inLanguage\":\"es\"},{\"@type\":\"Organization\",\"@id\":\"https:\\\/\\\/unitgames.com.ar\\\/pc-gamer\\\/#organization\",\"name\":\"UnitGames\",\"url\":\"https:\\\/\\\/unitgames.com.ar\\\/pc-gamer\\\/\",\"logo\":{\"@type\":\"ImageObject\",\"inLanguage\":\"es\",\"@id\":\"https:\\\/\\\/unitgames.com.ar\\\/pc-gamer\\\/#\\\/schema\\\/logo\\\/image\\\/\",\"url\":\"https:\\\/\\\/unitgames.com.ar\\\/pc-gamer\\\/wp-content\\\/uploads\\\/2021\\\/01\\\/cropped-logoUnitGames2.png\",\"contentUrl\":\"https:\\\/\\\/unitgames.com.ar\\\/pc-gamer\\\/wp-content\\\/uploads\\\/2021\\\/01\\\/cropped-logoUnitGames2.png\",\"width\":152,\"height\":200,\"caption\":\"UnitGames\"},\"image\":{\"@id\":\"https:\\\/\\\/unitgames.com.ar\\\/pc-gamer\\\/#\\\/schema\\\/logo\\\/image\\\/\"}}]}<\/script>\n<!-- \/ Yoast SEO plugin. -->","yoast_head_json":{"title":"Mouse XTECH Marvel Ghost Spider - UnitGames","robots":{"index":"index","follow":"follow","max-snippet":"max-snippet:-1","max-image-preview":"max-image-preview:large","max-video-preview":"max-video-preview:-1"},"canonical":"https:\/\/unitgames.com.ar\/pc-gamer\/producto\/mouse-xtech-marvel-ghost-spider\/","og_locale":"es_ES","og_type":"article","og_title":"Mouse XTECH Marvel Ghost Spider - UnitGames","og_description":"Caracter\u00edsticas Mouse \u00f3ptico 3D de 7 botones para videojuegos, con resoluci\u00f3n ajustable hasta 2400DPI Retroiluminaci\u00f3n con efecto c\u00edclico y 4 modos: lento\/r\u00e1pido\/est\u00e1tico\/apagado Cubierta ergon\u00f3mica que ofrece comodidad y evita la fatiga en las manos durante juegos prolongados Fabricado con materiales duraderos para soportar intensas sesiones de juego Controla tus movimientos con 7 botones programables mediante software Apropiado para videojuegos en PC Dise\u00f1o Marvel, un complemento perfecto para tu colecci\u00f3n. Especificaciones Tipo:\u00a0Mouse 3D al\u00e1mbrico de 7 botones para videojuegos Sensor:\u00a0\u00d3ptico Resoluci\u00f3n:\u00a0\u00a0Configuraci\u00f3n seleccionable: 800DPI,\u00a01200DPI, 1600DPI, 2400 DPI Tipo de agarre:\u00a0De palma Velocidad de respuesta:\u00a0125Hz Interfaz:\u00a0USB Software:\u00a0Solamente para Windows N\u00famero de botones:\u00a07 Botones programables:\u00a07 mediante software Iluminaci\u00f3n de fondo:\u00a0Efecto c\u00edclico y 4 modos: lento\/veloz\/est\u00e1tico\/apagado Frecuencia de imagen:\u00a06000 cuadros\/seg Velocidad m\u00e1xima:\u00a032IPS Aceleraci\u00f3n m\u00e1xima:\u00a015G Requisitos del sistema:\u00a0Familia Windows Tipo de cable:\u00a0Trenzado Longitud del cable:\u00a01,5m Dimensiones (LaxAnxAl):\u00a012,4x7x4cm Peso:\u00a0118g","og_url":"https:\/\/unitgames.com.ar\/pc-gamer\/producto\/mouse-xtech-marvel-ghost-spider\/","og_site_name":"UnitGames","article_modified_time":"2026-01-09T10:17:36+00:00","og_image":[{"width":2564,"height":2571,"url":"https:\/\/unitgames.com.ar\/pc-gamer\/wp-content\/uploads\/2024\/12\/Mouse-XTECH-Marvel-Ghost-Spider.png","type":"image\/png"}],"twitter_card":"summary_large_image","twitter_misc":{"Tiempo de lectura":"1 minuto"},"schema":{"@context":"https:\/\/schema.org","@graph":[{"@type":"WebPage","@id":"https:\/\/unitgames.com.ar\/pc-gamer\/producto\/mouse-xtech-marvel-ghost-spider\/","url":"https:\/\/unitgames.com.ar\/pc-gamer\/producto\/mouse-xtech-marvel-ghost-spider\/","name":"Mouse XTECH Marvel Ghost Spider - UnitGames","isPartOf":{"@id":"https:\/\/unitgames.com.ar\/pc-gamer\/#website"},"primaryImageOfPage":{"@id":"https:\/\/unitgames.com.ar\/pc-gamer\/producto\/mouse-xtech-marvel-ghost-spider\/#primaryimage"},"image":{"@id":"https:\/\/unitgames.com.ar\/pc-gamer\/producto\/mouse-xtech-marvel-ghost-spider\/#primaryimage"},"thumbnailUrl":"https:\/\/unitgames.com.ar\/pc-gamer\/wp-content\/uploads\/2024\/12\/Mouse-XTECH-Marvel-Ghost-Spider.png","datePublished":"2024-12-18T14:00:22+00:00","dateModified":"2026-01-09T10:17:36+00:00","breadcrumb":{"@id":"https:\/\/unitgames.com.ar\/pc-gamer\/producto\/mouse-xtech-marvel-ghost-spider\/#breadcrumb"},"inLanguage":"es","potentialAction":[{"@type":"ReadAction","target":["https:\/\/unitgames.com.ar\/pc-gamer\/producto\/mouse-xtech-marvel-ghost-spider\/"]}]},{"@type":"ImageObject","inLanguage":"es","@id":"https:\/\/unitgames.com.ar\/pc-gamer\/producto\/mouse-xtech-marvel-ghost-spider\/#primaryimage","url":"https:\/\/unitgames.com.ar\/pc-gamer\/wp-content\/uploads\/2024\/12\/Mouse-XTECH-Marvel-Ghost-Spider.png","contentUrl":"https:\/\/unitgames.com.ar\/pc-gamer\/wp-content\/uploads\/2024\/12\/Mouse-XTECH-Marvel-Ghost-Spider.png","width":2564,"height":2571},{"@type":"BreadcrumbList","@id":"https:\/\/unitgames.com.ar\/pc-gamer\/producto\/mouse-xtech-marvel-ghost-spider\/#breadcrumb","itemListElement":[{"@type":"ListItem","position":1,"name":"Tienda","item":"https:\/\/unitgames.com.ar\/pc-gamer\/tienda\/"},{"@type":"ListItem","position":2,"name":"Mouse XTECH Marvel Ghost Spider"}]},{"@type":"WebSite","@id":"https:\/\/unitgames.com.ar\/pc-gamer\/#website","url":"https:\/\/unitgames.com.ar\/pc-gamer\/","name":"UnitGames","description":"Venta de PC Gamers, Consolas , Servicio Tecnico Especializado. Todos en Accesorios Informaticos y Gamers","publisher":{"@id":"https:\/\/unitgames.com.ar\/pc-gamer\/#organization"},"potentialAction":[{"@type":"SearchAction","target":{"@type":"EntryPoint","urlTemplate":"https:\/\/unitgames.com.ar\/pc-gamer\/?s={search_term_string}"},"query-input":{"@type":"PropertyValueSpecification","valueRequired":true,"valueName":"search_term_string"}}],"inLanguage":"es"},{"@type":"Organization","@id":"https:\/\/unitgames.com.ar\/pc-gamer\/#organization","name":"UnitGames","url":"https:\/\/unitgames.com.ar\/pc-gamer\/","logo":{"@type":"ImageObject","inLanguage":"es","@id":"https:\/\/unitgames.com.ar\/pc-gamer\/#\/schema\/logo\/image\/","url":"https:\/\/unitgames.com.ar\/pc-gamer\/wp-content\/uploads\/2021\/01\/cropped-logoUnitGames2.png","contentUrl":"https:\/\/unitgames.com.ar\/pc-gamer\/wp-content\/uploads\/2021\/01\/cropped-logoUnitGames2.png","width":152,"height":200,"caption":"UnitGames"},"image":{"@id":"https:\/\/unitgames.com.ar\/pc-gamer\/#\/schema\/logo\/image\/"}}]}},"_links":{"self":[{"href":"https:\/\/unitgames.com.ar\/pc-gamer\/wp-json\/wp\/v2\/product\/11935","targetHints":{"allow":["GET"]}}],"collection":[{"href":"https:\/\/unitgames.com.ar\/pc-gamer\/wp-json\/wp\/v2\/product"}],"about":[{"href":"https:\/\/unitgames.com.ar\/pc-gamer\/wp-json\/wp\/v2\/types\/product"}],"version-history":[{"count":0,"href":"https:\/\/unitgames.com.ar\/pc-gamer\/wp-json\/wp\/v2\/product\/11935\/revisions"}],"wp:featuredmedia":[{"embeddable":true,"href":"https:\/\/unitgames.com.ar\/pc-gamer\/wp-json\/wp\/v2\/media\/12048"}],"wp:attachment":[{"href":"https:\/\/unitgames.com.ar\/pc-gamer\/wp-json\/wp\/v2\/media?parent=11935"}],"wp:term":[{"taxonomy":"product_brand","embeddable":true,"href":"https:\/\/unitgames.com.ar\/pc-gamer\/wp-json\/wp\/v2\/product_brand?post=11935"},{"taxonomy":"product_cat","embeddable":true,"href":"https:\/\/unitgames.com.ar\/pc-gamer\/wp-json\/wp\/v2\/product_cat?post=11935"},{"taxonomy":"product_tag","embeddable":true,"href":"https:\/\/unitgames.com.ar\/pc-gamer\/wp-json\/wp\/v2\/product_tag?post=11935"}],"curies":[{"name":"wp","href":"https:\/\/api.w.org\/{rel}","templated":true}]}}