{"id":11937,"date":"2024-12-18T14:12:18","date_gmt":"2024-12-18T14:12:18","guid":{"rendered":"https:\/\/unitgames.com.ar\/pc-gamer\/?post_type=product&#038;p=11937"},"modified":"2026-01-09T07:17:34","modified_gmt":"2026-01-09T10:17:34","slug":"mouse-xtech-swarm-gaming","status":"publish","type":"product","link":"https:\/\/unitgames.com.ar\/pc-gamer\/producto\/mouse-xtech-swarm-gaming\/","title":{"rendered":"Mouse XTECH Swarm Gaming"},"content":{"rendered":"<h3>Caracter\u00edsticas<\/h3>\n<div>\n<ul>\n<li>Dise\u00f1o de panal ultraligero que satisface las necesidades de los jugadores<\/li>\n<li>Carcasa ergon\u00f3mica brinda comodidad y mantiene tus manos libres de cansancio<\/li>\n<li>Resoluci\u00f3n seleccionable de 1000\/1600\/3200\/6400 DPI ofrece movimientos precisos<\/li>\n<li>Iluminaci\u00f3n RGB, modo c\u00edclico cambia de colores al oprimir el bot\u00f3n de DPI<\/li>\n<li>Pr\u00e1ctico cable antienredos<\/li>\n<\/ul>\n<\/div>\n<h3>Especificaciones<\/h3>\n<div>\n<ul>\n<li><strong>Tipo:<\/strong>\u00a0Mouse 3D de 6 botones con cable para videojuegos<\/li>\n<li><strong>Sensor:<\/strong>\u00a0\u00d3ptico<\/li>\n<li><strong>Resoluci\u00f3n:<\/strong>\u00a01000\/1600 (predeterminado) 3200\/6400 DPI<\/li>\n<li><strong>Interfaz:\u00a0<\/strong>USB 2.0<\/li>\n<li><strong>N\u00famero de botones:\u00a0<\/strong>6<\/li>\n<li><strong>Tipo de agarre:<\/strong>\u00a0Dise\u00f1o para derechos<\/li>\n<li><strong>Iluminaci\u00f3n de fondo:<\/strong>\u00a0RGB, modo c\u00edclico<\/li>\n<li><strong>Velocidad de respuesta:<\/strong>\u00a0125Hz<\/li>\n<li><strong>Velocidad m\u00e1xima:<\/strong>\u00a032IPS<\/li>\n<li><strong>Aceleraci\u00f3n m\u00e1xima:<\/strong>\u00a012G<\/li>\n<li><strong>Requisitos del sistema:<\/strong>\u00a0Windows XP\/Vista\/7\/10: MacOS High Sierra, iOS<\/li>\n<li><strong>Tipo de cable:<\/strong>\u00a0Trenzado<\/li>\n<li><strong>Longitud del cable:\u00a0<\/strong>1,8m<\/li>\n<li><strong>Dimensiones (LaxAnxAl):\u00a0<\/strong>12,4&#215;6,3&#215;3,8cm<\/li>\n<li><strong>Peso:<\/strong>\u00a059,5g<\/li>\n<\/ul>\n<\/div>\n","protected":false},"excerpt":{"rendered":"<p>Caracter\u00edsticas Dise\u00f1o de panal ultraligero que satisface las necesidades de los jugadores Carcasa ergon\u00f3mica brinda comodidad y mantiene tus manos libres de cansancio Resoluci\u00f3n seleccionable de 1000\/1600\/3200\/6400 DPI ofrece movimientos precisos Iluminaci\u00f3n RGB, modo c\u00edclico cambia de colores al oprimir el bot\u00f3n de DPI Pr\u00e1ctico cable antienredos Especificaciones Tipo:\u00a0Mouse 3D de 6 botones con cable para videojuegos Sensor:\u00a0\u00d3ptico Resoluci\u00f3n:\u00a01000\/1600 (predeterminado) 3200\/6400 DPI Interfaz:\u00a0USB 2.0 N\u00famero de botones:\u00a06 Tipo de agarre:\u00a0Dise\u00f1o para derechos Iluminaci\u00f3n de fondo:\u00a0RGB, modo c\u00edclico Velocidad de respuesta:\u00a0125Hz Velocidad m\u00e1xima:\u00a032IPS Aceleraci\u00f3n m\u00e1xima:\u00a012G Requisitos del sistema:\u00a0Windows XP\/Vista\/7\/10: MacOS High Sierra, iOS Tipo de cable:\u00a0Trenzado Longitud del cable:\u00a01,8m Dimensiones (LaxAnxAl):\u00a012,4&#215;6,3&#215;3,8cm Peso:\u00a059,5g<\/p>\n","protected":false},"featured_media":12005,"template":"","meta":{"site-sidebar-layout":"default","site-content-layout":"","ast-site-content-layout":"default","site-content-style":"default","site-sidebar-style":"default","ast-global-header-display":"","ast-banner-title-visibility":"","ast-main-header-display":"","ast-hfb-above-header-display":"","ast-hfb-below-header-display":"","ast-hfb-mobile-header-display":"","site-post-title":"","ast-breadcrumbs-content":"","ast-featured-img":"","footer-sml-layout":"","theme-transparent-header-meta":"","adv-header-id-meta":"","stick-header-meta":"","header-above-stick-meta":"","header-main-stick-meta":"","header-below-stick-meta":"","astra-migrate-meta-layouts":"default","ast-page-background-enabled":"default","ast-page-background-meta":{"desktop":{"background-color":"var(--ast-global-color-5)","background-image":"","background-repeat":"repeat","background-position":"center center","background-size":"auto","background-attachment":"scroll","background-type":"","background-media":"","overlay-type":"","overlay-color":"","overlay-opacity":"","overlay-gradient":""},"tablet":{"background-color":"","background-image":"","background-repeat":"repeat","background-position":"center center","background-size":"auto","background-attachment":"scroll","background-type":"","background-media":"","overlay-type":"","overlay-color":"","overlay-opacity":"","overlay-gradient":""},"mobile":{"background-color":"","background-image":"","background-repeat":"repeat","background-position":"center center","background-size":"auto","background-attachment":"scroll","background-type":"","background-media":"","overlay-type":"","overlay-color":"","overlay-opacity":"","overlay-gradient":""}},"ast-content-background-meta":{"desktop":{"background-color":"var(--ast-global-color-4)","background-image":"","background-repeat":"repeat","background-position":"center center","background-size":"auto","background-attachment":"scroll","background-type":"","background-media":"","overlay-type":"","overlay-color":"","overlay-opacity":"","overlay-gradient":""},"tablet":{"background-color":"var(--ast-global-color-4)","background-image":"","background-repeat":"repeat","background-position":"center center","background-size":"auto","background-attachment":"scroll","background-type":"","background-media":"","overlay-type":"","overlay-color":"","overlay-opacity":"","overlay-gradient":""},"mobile":{"background-color":"var(--ast-global-color-4)","background-image":"","background-repeat":"repeat","background-position":"center center","background-size":"auto","background-attachment":"scroll","background-type":"","background-media":"","overlay-type":"","overlay-color":"","overlay-opacity":"","overlay-gradient":""}},"_joinchat":[]},"product_brand":[],"product_cat":[89],"product_tag":[],"class_list":{"0":"post-11937","1":"product","2":"type-product","3":"status-publish","4":"has-post-thumbnail","6":"product_cat-gamers-competitivos","7":"desktop-align-center","8":"tablet-align-left","9":"mobile-align-left","11":"first","12":"instock","13":"shipping-taxable","14":"purchasable","15":"product-type-simple"},"yoast_head":"<!-- This site is optimized with the Yoast SEO plugin v27.5 - https:\/\/yoast.com\/product\/yoast-seo-wordpress\/ -->\n<title>Mouse XTECH Swarm Gaming - UnitGames<\/title>\n<meta name=\"robots\" content=\"index, follow, max-snippet:-1, max-image-preview:large, max-video-preview:-1\" \/>\n<link rel=\"canonical\" href=\"https:\/\/unitgames.com.ar\/pc-gamer\/producto\/mouse-xtech-swarm-gaming\/\" \/>\n<meta property=\"og:locale\" content=\"es_ES\" \/>\n<meta property=\"og:type\" content=\"article\" \/>\n<meta property=\"og:title\" content=\"Mouse XTECH Swarm Gaming - UnitGames\" \/>\n<meta property=\"og:description\" content=\"Caracter\u00edsticas Dise\u00f1o de panal ultraligero que satisface las necesidades de los jugadores Carcasa ergon\u00f3mica brinda comodidad y mantiene tus manos libres de cansancio Resoluci\u00f3n seleccionable de 1000\/1600\/3200\/6400 DPI ofrece movimientos precisos Iluminaci\u00f3n RGB, modo c\u00edclico cambia de colores al oprimir el bot\u00f3n de DPI Pr\u00e1ctico cable antienredos Especificaciones Tipo:\u00a0Mouse 3D de 6 botones con cable para videojuegos Sensor:\u00a0\u00d3ptico Resoluci\u00f3n:\u00a01000\/1600 (predeterminado) 3200\/6400 DPI Interfaz:\u00a0USB 2.0 N\u00famero de botones:\u00a06 Tipo de agarre:\u00a0Dise\u00f1o para derechos Iluminaci\u00f3n de fondo:\u00a0RGB, modo c\u00edclico Velocidad de respuesta:\u00a0125Hz Velocidad m\u00e1xima:\u00a032IPS Aceleraci\u00f3n m\u00e1xima:\u00a012G Requisitos del sistema:\u00a0Windows XP\/Vista\/7\/10: MacOS High Sierra, iOS Tipo de cable:\u00a0Trenzado Longitud del cable:\u00a01,8m Dimensiones (LaxAnxAl):\u00a012,4&#215;6,3&#215;3,8cm Peso:\u00a059,5g\" \/>\n<meta property=\"og:url\" content=\"https:\/\/unitgames.com.ar\/pc-gamer\/producto\/mouse-xtech-swarm-gaming\/\" \/>\n<meta property=\"og:site_name\" content=\"UnitGames\" \/>\n<meta property=\"article:modified_time\" content=\"2026-01-09T10:17:34+00:00\" \/>\n<meta property=\"og:image\" content=\"https:\/\/unitgames.com.ar\/pc-gamer\/wp-content\/uploads\/2024\/12\/Mouse-XTECH-Swarm-Gaming.png\" \/>\n\t<meta property=\"og:image:width\" content=\"1263\" \/>\n\t<meta property=\"og:image:height\" content=\"1285\" \/>\n\t<meta property=\"og:image:type\" content=\"image\/png\" \/>\n<meta name=\"twitter:card\" content=\"summary_large_image\" \/>\n<meta name=\"twitter:label1\" content=\"Tiempo de lectura\" \/>\n\t<meta name=\"twitter:data1\" content=\"1 minuto\" \/>\n<script type=\"application\/ld+json\" class=\"yoast-schema-graph\">{\"@context\":\"https:\\\/\\\/schema.org\",\"@graph\":[{\"@type\":\"WebPage\",\"@id\":\"https:\\\/\\\/unitgames.com.ar\\\/pc-gamer\\\/producto\\\/mouse-xtech-swarm-gaming\\\/\",\"url\":\"https:\\\/\\\/unitgames.com.ar\\\/pc-gamer\\\/producto\\\/mouse-xtech-swarm-gaming\\\/\",\"name\":\"Mouse XTECH Swarm Gaming - UnitGames\",\"isPartOf\":{\"@id\":\"https:\\\/\\\/unitgames.com.ar\\\/pc-gamer\\\/#website\"},\"primaryImageOfPage\":{\"@id\":\"https:\\\/\\\/unitgames.com.ar\\\/pc-gamer\\\/producto\\\/mouse-xtech-swarm-gaming\\\/#primaryimage\"},\"image\":{\"@id\":\"https:\\\/\\\/unitgames.com.ar\\\/pc-gamer\\\/producto\\\/mouse-xtech-swarm-gaming\\\/#primaryimage\"},\"thumbnailUrl\":\"https:\\\/\\\/unitgames.com.ar\\\/pc-gamer\\\/wp-content\\\/uploads\\\/2024\\\/12\\\/Mouse-XTECH-Swarm-Gaming.png\",\"datePublished\":\"2024-12-18T14:12:18+00:00\",\"dateModified\":\"2026-01-09T10:17:34+00:00\",\"breadcrumb\":{\"@id\":\"https:\\\/\\\/unitgames.com.ar\\\/pc-gamer\\\/producto\\\/mouse-xtech-swarm-gaming\\\/#breadcrumb\"},\"inLanguage\":\"es\",\"potentialAction\":[{\"@type\":\"ReadAction\",\"target\":[\"https:\\\/\\\/unitgames.com.ar\\\/pc-gamer\\\/producto\\\/mouse-xtech-swarm-gaming\\\/\"]}]},{\"@type\":\"ImageObject\",\"inLanguage\":\"es\",\"@id\":\"https:\\\/\\\/unitgames.com.ar\\\/pc-gamer\\\/producto\\\/mouse-xtech-swarm-gaming\\\/#primaryimage\",\"url\":\"https:\\\/\\\/unitgames.com.ar\\\/pc-gamer\\\/wp-content\\\/uploads\\\/2024\\\/12\\\/Mouse-XTECH-Swarm-Gaming.png\",\"contentUrl\":\"https:\\\/\\\/unitgames.com.ar\\\/pc-gamer\\\/wp-content\\\/uploads\\\/2024\\\/12\\\/Mouse-XTECH-Swarm-Gaming.png\",\"width\":1263,\"height\":1285},{\"@type\":\"BreadcrumbList\",\"@id\":\"https:\\\/\\\/unitgames.com.ar\\\/pc-gamer\\\/producto\\\/mouse-xtech-swarm-gaming\\\/#breadcrumb\",\"itemListElement\":[{\"@type\":\"ListItem\",\"position\":1,\"name\":\"Tienda\",\"item\":\"https:\\\/\\\/unitgames.com.ar\\\/pc-gamer\\\/tienda\\\/\"},{\"@type\":\"ListItem\",\"position\":2,\"name\":\"Mouse XTECH Swarm Gaming\"}]},{\"@type\":\"WebSite\",\"@id\":\"https:\\\/\\\/unitgames.com.ar\\\/pc-gamer\\\/#website\",\"url\":\"https:\\\/\\\/unitgames.com.ar\\\/pc-gamer\\\/\",\"name\":\"UnitGames\",\"description\":\"Venta de PC Gamers, Consolas , Servicio Tecnico Especializado. Todos en Accesorios Informaticos y Gamers\",\"publisher\":{\"@id\":\"https:\\\/\\\/unitgames.com.ar\\\/pc-gamer\\\/#organization\"},\"potentialAction\":[{\"@type\":\"SearchAction\",\"target\":{\"@type\":\"EntryPoint\",\"urlTemplate\":\"https:\\\/\\\/unitgames.com.ar\\\/pc-gamer\\\/?s={search_term_string}\"},\"query-input\":{\"@type\":\"PropertyValueSpecification\",\"valueRequired\":true,\"valueName\":\"search_term_string\"}}],\"inLanguage\":\"es\"},{\"@type\":\"Organization\",\"@id\":\"https:\\\/\\\/unitgames.com.ar\\\/pc-gamer\\\/#organization\",\"name\":\"UnitGames\",\"url\":\"https:\\\/\\\/unitgames.com.ar\\\/pc-gamer\\\/\",\"logo\":{\"@type\":\"ImageObject\",\"inLanguage\":\"es\",\"@id\":\"https:\\\/\\\/unitgames.com.ar\\\/pc-gamer\\\/#\\\/schema\\\/logo\\\/image\\\/\",\"url\":\"https:\\\/\\\/unitgames.com.ar\\\/pc-gamer\\\/wp-content\\\/uploads\\\/2021\\\/01\\\/cropped-logoUnitGames2.png\",\"contentUrl\":\"https:\\\/\\\/unitgames.com.ar\\\/pc-gamer\\\/wp-content\\\/uploads\\\/2021\\\/01\\\/cropped-logoUnitGames2.png\",\"width\":152,\"height\":200,\"caption\":\"UnitGames\"},\"image\":{\"@id\":\"https:\\\/\\\/unitgames.com.ar\\\/pc-gamer\\\/#\\\/schema\\\/logo\\\/image\\\/\"}}]}<\/script>\n<!-- \/ Yoast SEO plugin. -->","yoast_head_json":{"title":"Mouse XTECH Swarm Gaming - UnitGames","robots":{"index":"index","follow":"follow","max-snippet":"max-snippet:-1","max-image-preview":"max-image-preview:large","max-video-preview":"max-video-preview:-1"},"canonical":"https:\/\/unitgames.com.ar\/pc-gamer\/producto\/mouse-xtech-swarm-gaming\/","og_locale":"es_ES","og_type":"article","og_title":"Mouse XTECH Swarm Gaming - UnitGames","og_description":"Caracter\u00edsticas Dise\u00f1o de panal ultraligero que satisface las necesidades de los jugadores Carcasa ergon\u00f3mica brinda comodidad y mantiene tus manos libres de cansancio Resoluci\u00f3n seleccionable de 1000\/1600\/3200\/6400 DPI ofrece movimientos precisos Iluminaci\u00f3n RGB, modo c\u00edclico cambia de colores al oprimir el bot\u00f3n de DPI Pr\u00e1ctico cable antienredos Especificaciones Tipo:\u00a0Mouse 3D de 6 botones con cable para videojuegos Sensor:\u00a0\u00d3ptico Resoluci\u00f3n:\u00a01000\/1600 (predeterminado) 3200\/6400 DPI Interfaz:\u00a0USB 2.0 N\u00famero de botones:\u00a06 Tipo de agarre:\u00a0Dise\u00f1o para derechos Iluminaci\u00f3n de fondo:\u00a0RGB, modo c\u00edclico Velocidad de respuesta:\u00a0125Hz Velocidad m\u00e1xima:\u00a032IPS Aceleraci\u00f3n m\u00e1xima:\u00a012G Requisitos del sistema:\u00a0Windows XP\/Vista\/7\/10: MacOS High Sierra, iOS Tipo de cable:\u00a0Trenzado Longitud del cable:\u00a01,8m Dimensiones (LaxAnxAl):\u00a012,4&#215;6,3&#215;3,8cm Peso:\u00a059,5g","og_url":"https:\/\/unitgames.com.ar\/pc-gamer\/producto\/mouse-xtech-swarm-gaming\/","og_site_name":"UnitGames","article_modified_time":"2026-01-09T10:17:34+00:00","og_image":[{"width":1263,"height":1285,"url":"https:\/\/unitgames.com.ar\/pc-gamer\/wp-content\/uploads\/2024\/12\/Mouse-XTECH-Swarm-Gaming.png","type":"image\/png"}],"twitter_card":"summary_large_image","twitter_misc":{"Tiempo de lectura":"1 minuto"},"schema":{"@context":"https:\/\/schema.org","@graph":[{"@type":"WebPage","@id":"https:\/\/unitgames.com.ar\/pc-gamer\/producto\/mouse-xtech-swarm-gaming\/","url":"https:\/\/unitgames.com.ar\/pc-gamer\/producto\/mouse-xtech-swarm-gaming\/","name":"Mouse XTECH Swarm Gaming - UnitGames","isPartOf":{"@id":"https:\/\/unitgames.com.ar\/pc-gamer\/#website"},"primaryImageOfPage":{"@id":"https:\/\/unitgames.com.ar\/pc-gamer\/producto\/mouse-xtech-swarm-gaming\/#primaryimage"},"image":{"@id":"https:\/\/unitgames.com.ar\/pc-gamer\/producto\/mouse-xtech-swarm-gaming\/#primaryimage"},"thumbnailUrl":"https:\/\/unitgames.com.ar\/pc-gamer\/wp-content\/uploads\/2024\/12\/Mouse-XTECH-Swarm-Gaming.png","datePublished":"2024-12-18T14:12:18+00:00","dateModified":"2026-01-09T10:17:34+00:00","breadcrumb":{"@id":"https:\/\/unitgames.com.ar\/pc-gamer\/producto\/mouse-xtech-swarm-gaming\/#breadcrumb"},"inLanguage":"es","potentialAction":[{"@type":"ReadAction","target":["https:\/\/unitgames.com.ar\/pc-gamer\/producto\/mouse-xtech-swarm-gaming\/"]}]},{"@type":"ImageObject","inLanguage":"es","@id":"https:\/\/unitgames.com.ar\/pc-gamer\/producto\/mouse-xtech-swarm-gaming\/#primaryimage","url":"https:\/\/unitgames.com.ar\/pc-gamer\/wp-content\/uploads\/2024\/12\/Mouse-XTECH-Swarm-Gaming.png","contentUrl":"https:\/\/unitgames.com.ar\/pc-gamer\/wp-content\/uploads\/2024\/12\/Mouse-XTECH-Swarm-Gaming.png","width":1263,"height":1285},{"@type":"BreadcrumbList","@id":"https:\/\/unitgames.com.ar\/pc-gamer\/producto\/mouse-xtech-swarm-gaming\/#breadcrumb","itemListElement":[{"@type":"ListItem","position":1,"name":"Tienda","item":"https:\/\/unitgames.com.ar\/pc-gamer\/tienda\/"},{"@type":"ListItem","position":2,"name":"Mouse XTECH Swarm Gaming"}]},{"@type":"WebSite","@id":"https:\/\/unitgames.com.ar\/pc-gamer\/#website","url":"https:\/\/unitgames.com.ar\/pc-gamer\/","name":"UnitGames","description":"Venta de PC Gamers, Consolas , Servicio Tecnico Especializado. Todos en Accesorios Informaticos y Gamers","publisher":{"@id":"https:\/\/unitgames.com.ar\/pc-gamer\/#organization"},"potentialAction":[{"@type":"SearchAction","target":{"@type":"EntryPoint","urlTemplate":"https:\/\/unitgames.com.ar\/pc-gamer\/?s={search_term_string}"},"query-input":{"@type":"PropertyValueSpecification","valueRequired":true,"valueName":"search_term_string"}}],"inLanguage":"es"},{"@type":"Organization","@id":"https:\/\/unitgames.com.ar\/pc-gamer\/#organization","name":"UnitGames","url":"https:\/\/unitgames.com.ar\/pc-gamer\/","logo":{"@type":"ImageObject","inLanguage":"es","@id":"https:\/\/unitgames.com.ar\/pc-gamer\/#\/schema\/logo\/image\/","url":"https:\/\/unitgames.com.ar\/pc-gamer\/wp-content\/uploads\/2021\/01\/cropped-logoUnitGames2.png","contentUrl":"https:\/\/unitgames.com.ar\/pc-gamer\/wp-content\/uploads\/2021\/01\/cropped-logoUnitGames2.png","width":152,"height":200,"caption":"UnitGames"},"image":{"@id":"https:\/\/unitgames.com.ar\/pc-gamer\/#\/schema\/logo\/image\/"}}]}},"_links":{"self":[{"href":"https:\/\/unitgames.com.ar\/pc-gamer\/wp-json\/wp\/v2\/product\/11937","targetHints":{"allow":["GET"]}}],"collection":[{"href":"https:\/\/unitgames.com.ar\/pc-gamer\/wp-json\/wp\/v2\/product"}],"about":[{"href":"https:\/\/unitgames.com.ar\/pc-gamer\/wp-json\/wp\/v2\/types\/product"}],"version-history":[{"count":0,"href":"https:\/\/unitgames.com.ar\/pc-gamer\/wp-json\/wp\/v2\/product\/11937\/revisions"}],"wp:featuredmedia":[{"embeddable":true,"href":"https:\/\/unitgames.com.ar\/pc-gamer\/wp-json\/wp\/v2\/media\/12005"}],"wp:attachment":[{"href":"https:\/\/unitgames.com.ar\/pc-gamer\/wp-json\/wp\/v2\/media?parent=11937"}],"wp:term":[{"taxonomy":"product_brand","embeddable":true,"href":"https:\/\/unitgames.com.ar\/pc-gamer\/wp-json\/wp\/v2\/product_brand?post=11937"},{"taxonomy":"product_cat","embeddable":true,"href":"https:\/\/unitgames.com.ar\/pc-gamer\/wp-json\/wp\/v2\/product_cat?post=11937"},{"taxonomy":"product_tag","embeddable":true,"href":"https:\/\/unitgames.com.ar\/pc-gamer\/wp-json\/wp\/v2\/product_tag?post=11937"}],"curies":[{"name":"wp","href":"https:\/\/api.w.org\/{rel}","templated":true}]}}