{"id":11951,"date":"2024-12-19T15:13:47","date_gmt":"2024-12-19T15:13:47","guid":{"rendered":"https:\/\/unitgames.com.ar\/pc-gamer\/?post_type=product&#038;p=11951"},"modified":"2026-03-10T12:37:18","modified_gmt":"2026-03-10T15:37:18","slug":"usb-wireless-tp-link-archer-t2u-ac600-nano","status":"publish","type":"product","link":"https:\/\/unitgames.com.ar\/pc-gamer\/producto\/usb-wireless-tp-link-archer-t2u-ac600-nano\/","title":{"rendered":"USB Wireless TP-LINK Archer T2U\u00a0AC600 Nano Dual Band"},"content":{"rendered":"<ul>\n<li>\n<div class=\"box title\">\n<h2>Adaptador inal\u00e1mbrico USB de banda dual AC600<\/h2>\n<\/div>\n<div class=\"box highlights\">\n<ul>\n<li>Velocidad inal\u00e1mbrica ultra-r\u00e1pida de 600 (433 + 150) Mbps con 802.11ac<\/li>\n<li>Una peque\u00f1a manera de conseguir conexiones Wi-Fi r\u00e1pidas de nueva generaci\u00f3n<\/li>\n<li>Conexiones de banda dual para la transmisi\u00f3n de v\u00eddeo de alta definici\u00f3n sin demoras y juegos<\/li>\n<li>Seguridad avanzada: Soporta 64\/128 WEP, WPA, WPA2\/WPA-PSK\/WPA2-PSK (TKIP\/AES)<\/li>\n<li>Soporta Windows 10\/8.1\/8\/7\/XP, Mac OS X\u00a010.7~10.11 y Linux<\/li>\n<\/ul>\n<\/div>\n<\/li>\n<\/ul>\n","protected":false},"excerpt":{"rendered":"<p>Adaptador inal\u00e1mbrico USB de banda dual AC600 Velocidad inal\u00e1mbrica ultra-r\u00e1pida de 600 (433 + 150) Mbps con 802.11ac Una peque\u00f1a manera de conseguir conexiones Wi-Fi r\u00e1pidas de nueva generaci\u00f3n Conexiones de banda dual para la transmisi\u00f3n de v\u00eddeo de alta definici\u00f3n sin demoras y juegos Seguridad avanzada: Soporta 64\/128 WEP, WPA, WPA2\/WPA-PSK\/WPA2-PSK (TKIP\/AES) Soporta Windows 10\/8.1\/8\/7\/XP, Mac OS X\u00a010.7~10.11 y Linux<\/p>\n","protected":false},"featured_media":5986,"template":"","meta":{"site-sidebar-layout":"default","site-content-layout":"","ast-site-content-layout":"default","site-content-style":"default","site-sidebar-style":"default","ast-global-header-display":"","ast-banner-title-visibility":"","ast-main-header-display":"","ast-hfb-above-header-display":"","ast-hfb-below-header-display":"","ast-hfb-mobile-header-display":"","site-post-title":"","ast-breadcrumbs-content":"","ast-featured-img":"","footer-sml-layout":"","theme-transparent-header-meta":"","adv-header-id-meta":"","stick-header-meta":"","header-above-stick-meta":"","header-main-stick-meta":"","header-below-stick-meta":"","astra-migrate-meta-layouts":"default","ast-page-background-enabled":"default","ast-page-background-meta":{"desktop":{"background-color":"var(--ast-global-color-5)","background-image":"","background-repeat":"repeat","background-position":"center center","background-size":"auto","background-attachment":"scroll","background-type":"","background-media":"","overlay-type":"","overlay-color":"","overlay-opacity":"","overlay-gradient":""},"tablet":{"background-color":"","background-image":"","background-repeat":"repeat","background-position":"center center","background-size":"auto","background-attachment":"scroll","background-type":"","background-media":"","overlay-type":"","overlay-color":"","overlay-opacity":"","overlay-gradient":""},"mobile":{"background-color":"","background-image":"","background-repeat":"repeat","background-position":"center center","background-size":"auto","background-attachment":"scroll","background-type":"","background-media":"","overlay-type":"","overlay-color":"","overlay-opacity":"","overlay-gradient":""}},"ast-content-background-meta":{"desktop":{"background-color":"var(--ast-global-color-4)","background-image":"","background-repeat":"repeat","background-position":"center center","background-size":"auto","background-attachment":"scroll","background-type":"","background-media":"","overlay-type":"","overlay-color":"","overlay-opacity":"","overlay-gradient":""},"tablet":{"background-color":"var(--ast-global-color-4)","background-image":"","background-repeat":"repeat","background-position":"center center","background-size":"auto","background-attachment":"scroll","background-type":"","background-media":"","overlay-type":"","overlay-color":"","overlay-opacity":"","overlay-gradient":""},"mobile":{"background-color":"var(--ast-global-color-4)","background-image":"","background-repeat":"repeat","background-position":"center center","background-size":"auto","background-attachment":"scroll","background-type":"","background-media":"","overlay-type":"","overlay-color":"","overlay-opacity":"","overlay-gradient":""}},"_joinchat":[]},"product_brand":[],"product_cat":[73,142],"product_tag":[],"class_list":{"0":"post-11951","1":"product","2":"type-product","3":"status-publish","4":"has-post-thumbnail","6":"product_cat-conectividad","7":"product_cat-placa-wifi-y-red","8":"desktop-align-center","9":"tablet-align-left","10":"mobile-align-left","12":"first","13":"instock","14":"shipping-taxable","15":"purchasable","16":"product-type-simple"},"yoast_head":"<!-- This site is optimized with the Yoast SEO plugin v27.3 - https:\/\/yoast.com\/product\/yoast-seo-wordpress\/ -->\n<title>USB Wireless TP-LINK Archer T2U\u00a0AC600 Nano Dual Band - UnitGames<\/title>\n<meta name=\"robots\" content=\"index, follow, max-snippet:-1, max-image-preview:large, max-video-preview:-1\" \/>\n<link rel=\"canonical\" href=\"https:\/\/unitgames.com.ar\/pc-gamer\/producto\/usb-wireless-tp-link-archer-t2u-ac600-nano\/\" \/>\n<meta property=\"og:locale\" content=\"es_ES\" \/>\n<meta property=\"og:type\" content=\"article\" \/>\n<meta property=\"og:title\" content=\"USB Wireless TP-LINK Archer T2U\u00a0AC600 Nano Dual Band - UnitGames\" \/>\n<meta property=\"og:description\" content=\"Adaptador inal\u00e1mbrico USB de banda dual AC600 Velocidad inal\u00e1mbrica ultra-r\u00e1pida de 600 (433 + 150) Mbps con 802.11ac Una peque\u00f1a manera de conseguir conexiones Wi-Fi r\u00e1pidas de nueva generaci\u00f3n Conexiones de banda dual para la transmisi\u00f3n de v\u00eddeo de alta definici\u00f3n sin demoras y juegos Seguridad avanzada: Soporta 64\/128 WEP, WPA, WPA2\/WPA-PSK\/WPA2-PSK (TKIP\/AES) Soporta Windows 10\/8.1\/8\/7\/XP, Mac OS X\u00a010.7~10.11 y Linux\" \/>\n<meta property=\"og:url\" content=\"https:\/\/unitgames.com.ar\/pc-gamer\/producto\/usb-wireless-tp-link-archer-t2u-ac600-nano\/\" \/>\n<meta property=\"og:site_name\" content=\"UnitGames\" \/>\n<meta property=\"article:modified_time\" content=\"2026-03-10T15:37:18+00:00\" \/>\n<meta property=\"og:image\" content=\"https:\/\/unitgames.com.ar\/pc-gamer\/wp-content\/uploads\/2021\/09\/usb-tp-link-archer-t2u-nano-ac600-2-bandas-red-wifi.jpg\" \/>\n\t<meta property=\"og:image:width\" content=\"816\" \/>\n\t<meta property=\"og:image:height\" content=\"666\" \/>\n\t<meta property=\"og:image:type\" content=\"image\/jpeg\" \/>\n<meta name=\"twitter:card\" content=\"summary_large_image\" \/>\n<meta name=\"twitter:label1\" content=\"Tiempo de lectura\" \/>\n\t<meta name=\"twitter:data1\" content=\"1 minuto\" \/>\n<script type=\"application\/ld+json\" class=\"yoast-schema-graph\">{\"@context\":\"https:\\\/\\\/schema.org\",\"@graph\":[{\"@type\":\"WebPage\",\"@id\":\"https:\\\/\\\/unitgames.com.ar\\\/pc-gamer\\\/producto\\\/usb-wireless-tp-link-archer-t2u-ac600-nano\\\/\",\"url\":\"https:\\\/\\\/unitgames.com.ar\\\/pc-gamer\\\/producto\\\/usb-wireless-tp-link-archer-t2u-ac600-nano\\\/\",\"name\":\"USB Wireless TP-LINK Archer T2U\u00a0AC600 Nano Dual Band - UnitGames\",\"isPartOf\":{\"@id\":\"https:\\\/\\\/unitgames.com.ar\\\/pc-gamer\\\/#website\"},\"primaryImageOfPage\":{\"@id\":\"https:\\\/\\\/unitgames.com.ar\\\/pc-gamer\\\/producto\\\/usb-wireless-tp-link-archer-t2u-ac600-nano\\\/#primaryimage\"},\"image\":{\"@id\":\"https:\\\/\\\/unitgames.com.ar\\\/pc-gamer\\\/producto\\\/usb-wireless-tp-link-archer-t2u-ac600-nano\\\/#primaryimage\"},\"thumbnailUrl\":\"https:\\\/\\\/unitgames.com.ar\\\/pc-gamer\\\/wp-content\\\/uploads\\\/2021\\\/09\\\/usb-tp-link-archer-t2u-nano-ac600-2-bandas-red-wifi.jpg\",\"datePublished\":\"2024-12-19T15:13:47+00:00\",\"dateModified\":\"2026-03-10T15:37:18+00:00\",\"breadcrumb\":{\"@id\":\"https:\\\/\\\/unitgames.com.ar\\\/pc-gamer\\\/producto\\\/usb-wireless-tp-link-archer-t2u-ac600-nano\\\/#breadcrumb\"},\"inLanguage\":\"es\",\"potentialAction\":[{\"@type\":\"ReadAction\",\"target\":[\"https:\\\/\\\/unitgames.com.ar\\\/pc-gamer\\\/producto\\\/usb-wireless-tp-link-archer-t2u-ac600-nano\\\/\"]}]},{\"@type\":\"ImageObject\",\"inLanguage\":\"es\",\"@id\":\"https:\\\/\\\/unitgames.com.ar\\\/pc-gamer\\\/producto\\\/usb-wireless-tp-link-archer-t2u-ac600-nano\\\/#primaryimage\",\"url\":\"https:\\\/\\\/unitgames.com.ar\\\/pc-gamer\\\/wp-content\\\/uploads\\\/2021\\\/09\\\/usb-tp-link-archer-t2u-nano-ac600-2-bandas-red-wifi.jpg\",\"contentUrl\":\"https:\\\/\\\/unitgames.com.ar\\\/pc-gamer\\\/wp-content\\\/uploads\\\/2021\\\/09\\\/usb-tp-link-archer-t2u-nano-ac600-2-bandas-red-wifi.jpg\",\"width\":816,\"height\":666},{\"@type\":\"BreadcrumbList\",\"@id\":\"https:\\\/\\\/unitgames.com.ar\\\/pc-gamer\\\/producto\\\/usb-wireless-tp-link-archer-t2u-ac600-nano\\\/#breadcrumb\",\"itemListElement\":[{\"@type\":\"ListItem\",\"position\":1,\"name\":\"Tienda\",\"item\":\"https:\\\/\\\/unitgames.com.ar\\\/pc-gamer\\\/tienda\\\/\"},{\"@type\":\"ListItem\",\"position\":2,\"name\":\"USB Wireless TP-LINK Archer T2U\u00a0AC600 Nano Dual Band\"}]},{\"@type\":\"WebSite\",\"@id\":\"https:\\\/\\\/unitgames.com.ar\\\/pc-gamer\\\/#website\",\"url\":\"https:\\\/\\\/unitgames.com.ar\\\/pc-gamer\\\/\",\"name\":\"UnitGames\",\"description\":\"Venta de PC Gamers, Consolas , Servicio Tecnico Especializado. Todos en Accesorios Informaticos y Gamers\",\"publisher\":{\"@id\":\"https:\\\/\\\/unitgames.com.ar\\\/pc-gamer\\\/#organization\"},\"potentialAction\":[{\"@type\":\"SearchAction\",\"target\":{\"@type\":\"EntryPoint\",\"urlTemplate\":\"https:\\\/\\\/unitgames.com.ar\\\/pc-gamer\\\/?s={search_term_string}\"},\"query-input\":{\"@type\":\"PropertyValueSpecification\",\"valueRequired\":true,\"valueName\":\"search_term_string\"}}],\"inLanguage\":\"es\"},{\"@type\":\"Organization\",\"@id\":\"https:\\\/\\\/unitgames.com.ar\\\/pc-gamer\\\/#organization\",\"name\":\"UnitGames\",\"url\":\"https:\\\/\\\/unitgames.com.ar\\\/pc-gamer\\\/\",\"logo\":{\"@type\":\"ImageObject\",\"inLanguage\":\"es\",\"@id\":\"https:\\\/\\\/unitgames.com.ar\\\/pc-gamer\\\/#\\\/schema\\\/logo\\\/image\\\/\",\"url\":\"https:\\\/\\\/unitgames.com.ar\\\/pc-gamer\\\/wp-content\\\/uploads\\\/2021\\\/01\\\/cropped-logoUnitGames2.png\",\"contentUrl\":\"https:\\\/\\\/unitgames.com.ar\\\/pc-gamer\\\/wp-content\\\/uploads\\\/2021\\\/01\\\/cropped-logoUnitGames2.png\",\"width\":152,\"height\":200,\"caption\":\"UnitGames\"},\"image\":{\"@id\":\"https:\\\/\\\/unitgames.com.ar\\\/pc-gamer\\\/#\\\/schema\\\/logo\\\/image\\\/\"}}]}<\/script>\n<!-- \/ Yoast SEO plugin. -->","yoast_head_json":{"title":"USB Wireless TP-LINK Archer T2U\u00a0AC600 Nano Dual Band - UnitGames","robots":{"index":"index","follow":"follow","max-snippet":"max-snippet:-1","max-image-preview":"max-image-preview:large","max-video-preview":"max-video-preview:-1"},"canonical":"https:\/\/unitgames.com.ar\/pc-gamer\/producto\/usb-wireless-tp-link-archer-t2u-ac600-nano\/","og_locale":"es_ES","og_type":"article","og_title":"USB Wireless TP-LINK Archer T2U\u00a0AC600 Nano Dual Band - UnitGames","og_description":"Adaptador inal\u00e1mbrico USB de banda dual AC600 Velocidad inal\u00e1mbrica ultra-r\u00e1pida de 600 (433 + 150) Mbps con 802.11ac Una peque\u00f1a manera de conseguir conexiones Wi-Fi r\u00e1pidas de nueva generaci\u00f3n Conexiones de banda dual para la transmisi\u00f3n de v\u00eddeo de alta definici\u00f3n sin demoras y juegos Seguridad avanzada: Soporta 64\/128 WEP, WPA, WPA2\/WPA-PSK\/WPA2-PSK (TKIP\/AES) Soporta Windows 10\/8.1\/8\/7\/XP, Mac OS X\u00a010.7~10.11 y Linux","og_url":"https:\/\/unitgames.com.ar\/pc-gamer\/producto\/usb-wireless-tp-link-archer-t2u-ac600-nano\/","og_site_name":"UnitGames","article_modified_time":"2026-03-10T15:37:18+00:00","og_image":[{"width":816,"height":666,"url":"https:\/\/unitgames.com.ar\/pc-gamer\/wp-content\/uploads\/2021\/09\/usb-tp-link-archer-t2u-nano-ac600-2-bandas-red-wifi.jpg","type":"image\/jpeg"}],"twitter_card":"summary_large_image","twitter_misc":{"Tiempo de lectura":"1 minuto"},"schema":{"@context":"https:\/\/schema.org","@graph":[{"@type":"WebPage","@id":"https:\/\/unitgames.com.ar\/pc-gamer\/producto\/usb-wireless-tp-link-archer-t2u-ac600-nano\/","url":"https:\/\/unitgames.com.ar\/pc-gamer\/producto\/usb-wireless-tp-link-archer-t2u-ac600-nano\/","name":"USB Wireless TP-LINK Archer T2U\u00a0AC600 Nano Dual Band - UnitGames","isPartOf":{"@id":"https:\/\/unitgames.com.ar\/pc-gamer\/#website"},"primaryImageOfPage":{"@id":"https:\/\/unitgames.com.ar\/pc-gamer\/producto\/usb-wireless-tp-link-archer-t2u-ac600-nano\/#primaryimage"},"image":{"@id":"https:\/\/unitgames.com.ar\/pc-gamer\/producto\/usb-wireless-tp-link-archer-t2u-ac600-nano\/#primaryimage"},"thumbnailUrl":"https:\/\/unitgames.com.ar\/pc-gamer\/wp-content\/uploads\/2021\/09\/usb-tp-link-archer-t2u-nano-ac600-2-bandas-red-wifi.jpg","datePublished":"2024-12-19T15:13:47+00:00","dateModified":"2026-03-10T15:37:18+00:00","breadcrumb":{"@id":"https:\/\/unitgames.com.ar\/pc-gamer\/producto\/usb-wireless-tp-link-archer-t2u-ac600-nano\/#breadcrumb"},"inLanguage":"es","potentialAction":[{"@type":"ReadAction","target":["https:\/\/unitgames.com.ar\/pc-gamer\/producto\/usb-wireless-tp-link-archer-t2u-ac600-nano\/"]}]},{"@type":"ImageObject","inLanguage":"es","@id":"https:\/\/unitgames.com.ar\/pc-gamer\/producto\/usb-wireless-tp-link-archer-t2u-ac600-nano\/#primaryimage","url":"https:\/\/unitgames.com.ar\/pc-gamer\/wp-content\/uploads\/2021\/09\/usb-tp-link-archer-t2u-nano-ac600-2-bandas-red-wifi.jpg","contentUrl":"https:\/\/unitgames.com.ar\/pc-gamer\/wp-content\/uploads\/2021\/09\/usb-tp-link-archer-t2u-nano-ac600-2-bandas-red-wifi.jpg","width":816,"height":666},{"@type":"BreadcrumbList","@id":"https:\/\/unitgames.com.ar\/pc-gamer\/producto\/usb-wireless-tp-link-archer-t2u-ac600-nano\/#breadcrumb","itemListElement":[{"@type":"ListItem","position":1,"name":"Tienda","item":"https:\/\/unitgames.com.ar\/pc-gamer\/tienda\/"},{"@type":"ListItem","position":2,"name":"USB Wireless TP-LINK Archer T2U\u00a0AC600 Nano Dual Band"}]},{"@type":"WebSite","@id":"https:\/\/unitgames.com.ar\/pc-gamer\/#website","url":"https:\/\/unitgames.com.ar\/pc-gamer\/","name":"UnitGames","description":"Venta de PC Gamers, Consolas , Servicio Tecnico Especializado. Todos en Accesorios Informaticos y Gamers","publisher":{"@id":"https:\/\/unitgames.com.ar\/pc-gamer\/#organization"},"potentialAction":[{"@type":"SearchAction","target":{"@type":"EntryPoint","urlTemplate":"https:\/\/unitgames.com.ar\/pc-gamer\/?s={search_term_string}"},"query-input":{"@type":"PropertyValueSpecification","valueRequired":true,"valueName":"search_term_string"}}],"inLanguage":"es"},{"@type":"Organization","@id":"https:\/\/unitgames.com.ar\/pc-gamer\/#organization","name":"UnitGames","url":"https:\/\/unitgames.com.ar\/pc-gamer\/","logo":{"@type":"ImageObject","inLanguage":"es","@id":"https:\/\/unitgames.com.ar\/pc-gamer\/#\/schema\/logo\/image\/","url":"https:\/\/unitgames.com.ar\/pc-gamer\/wp-content\/uploads\/2021\/01\/cropped-logoUnitGames2.png","contentUrl":"https:\/\/unitgames.com.ar\/pc-gamer\/wp-content\/uploads\/2021\/01\/cropped-logoUnitGames2.png","width":152,"height":200,"caption":"UnitGames"},"image":{"@id":"https:\/\/unitgames.com.ar\/pc-gamer\/#\/schema\/logo\/image\/"}}]}},"_links":{"self":[{"href":"https:\/\/unitgames.com.ar\/pc-gamer\/wp-json\/wp\/v2\/product\/11951","targetHints":{"allow":["GET"]}}],"collection":[{"href":"https:\/\/unitgames.com.ar\/pc-gamer\/wp-json\/wp\/v2\/product"}],"about":[{"href":"https:\/\/unitgames.com.ar\/pc-gamer\/wp-json\/wp\/v2\/types\/product"}],"version-history":[{"count":0,"href":"https:\/\/unitgames.com.ar\/pc-gamer\/wp-json\/wp\/v2\/product\/11951\/revisions"}],"wp:featuredmedia":[{"embeddable":true,"href":"https:\/\/unitgames.com.ar\/pc-gamer\/wp-json\/wp\/v2\/media\/5986"}],"wp:attachment":[{"href":"https:\/\/unitgames.com.ar\/pc-gamer\/wp-json\/wp\/v2\/media?parent=11951"}],"wp:term":[{"taxonomy":"product_brand","embeddable":true,"href":"https:\/\/unitgames.com.ar\/pc-gamer\/wp-json\/wp\/v2\/product_brand?post=11951"},{"taxonomy":"product_cat","embeddable":true,"href":"https:\/\/unitgames.com.ar\/pc-gamer\/wp-json\/wp\/v2\/product_cat?post=11951"},{"taxonomy":"product_tag","embeddable":true,"href":"https:\/\/unitgames.com.ar\/pc-gamer\/wp-json\/wp\/v2\/product_tag?post=11951"}],"curies":[{"name":"wp","href":"https:\/\/api.w.org\/{rel}","templated":true}]}}