{"id":11988,"date":"2024-12-22T22:18:08","date_gmt":"2024-12-22T22:18:08","guid":{"rendered":"https:\/\/unitgames.com.ar\/pc-gamer\/?post_type=product&#038;p=11988"},"modified":"2026-01-09T07:17:27","modified_gmt":"2026-01-09T10:17:27","slug":"auriculares-noga-stormer-grid","status":"publish","type":"product","link":"https:\/\/unitgames.com.ar\/pc-gamer\/producto\/auriculares-noga-stormer-grid\/","title":{"rendered":"Auriculares NOGA Stormer Grid"},"content":{"rendered":"<div>Los Auriculares ST-GRID te brindan sonido, dise\u00f1o y confort gamer.<\/div>\n<div>Confortables y ajustables, poseen almohadillas de gran suavidad que te permitir\u00e1n disfrutar de tu juegos y tu m\u00fasica.<\/div>\n<div>Gran dise\u00f1o con LEDS y comodidad \u00f3ptima para largas sesiones de juegos.<\/div>\n<div>Micr\u00f3fono incorporado para comunicarte online con tus compa\u00f1eros de equipo.<\/div>\n<div>Cable con conector USB y con 2 miniplug 3.5 mm Stereo Audio\/Mic. para PC.<\/div>\n<div>Incluye Cable Adaptador para Consolas.<\/div>\n<div><\/div>\n<div>\n<div>&#8211; Auriculares Gamer de Alta Performance<\/div>\n<div>&#8211; Sonido High Quality sin distorsi\u00f3n<\/div>\n<div>&#8211; Speakers din\u00e1micos de 50 mm de di\u00e1metro<\/div>\n<div>&#8211; Acolchados con reducci\u00f3n pasiva de ruidos<\/div>\n<div>&#8211; Micr\u00f3fono incorporado en auricular izquierdo<\/div>\n<div>&#8211; Control de Volumen de f\u00e1cil manejo en auricular izquierdo<\/div>\n<div>&#8211; Posee LEDS color azul<\/div>\n<div>&#8211; Conexi\u00f3n USB 2.0 y con 2 miniplug 3.5 mm Stereo Audio\/Mic. para PC.<\/div>\n<div>&#8211; Incluye Cable Adaptador para Consolas (2 miniplug a 1 miniplug)<\/div>\n<div>&#8211; Longitud del Cable: 2,1 metros<\/div>\n<\/div>\n","protected":false},"excerpt":{"rendered":"<p>Los Auriculares ST-GRID te brindan sonido, dise\u00f1o y confort gamer. Confortables y ajustables, poseen almohadillas de gran suavidad que te permitir\u00e1n disfrutar de tu juegos y tu m\u00fasica. Gran dise\u00f1o con LEDS y comodidad \u00f3ptima para largas sesiones de juegos. Micr\u00f3fono incorporado para comunicarte online con tus compa\u00f1eros de equipo. Cable con conector USB y con 2 miniplug 3.5 mm Stereo Audio\/Mic. para PC. Incluye Cable Adaptador para Consolas. &#8211; Auriculares Gamer de Alta Performance &#8211; Sonido High Quality sin distorsi\u00f3n &#8211; Speakers din\u00e1micos de 50 mm de di\u00e1metro &#8211; Acolchados con reducci\u00f3n pasiva de ruidos &#8211; Micr\u00f3fono incorporado en auricular izquierdo &#8211; Control de Volumen de f\u00e1cil manejo en auricular izquierdo &#8211; Posee LEDS color azul &#8211; Conexi\u00f3n USB 2.0 y con 2 miniplug 3.5 mm Stereo Audio\/Mic. para PC. &#8211; Incluye Cable Adaptador para Consolas (2 miniplug a 1 miniplug) &#8211; Longitud del Cable: 2,1 metros<\/p>\n","protected":false},"featured_media":11997,"template":"","meta":{"site-sidebar-layout":"default","site-content-layout":"","ast-site-content-layout":"default","site-content-style":"default","site-sidebar-style":"default","ast-global-header-display":"","ast-banner-title-visibility":"","ast-main-header-display":"","ast-hfb-above-header-display":"","ast-hfb-below-header-display":"","ast-hfb-mobile-header-display":"","site-post-title":"","ast-breadcrumbs-content":"","ast-featured-img":"","footer-sml-layout":"","theme-transparent-header-meta":"","adv-header-id-meta":"","stick-header-meta":"","header-above-stick-meta":"","header-main-stick-meta":"","header-below-stick-meta":"","astra-migrate-meta-layouts":"default","ast-page-background-enabled":"default","ast-page-background-meta":{"desktop":{"background-color":"var(--ast-global-color-5)","background-image":"","background-repeat":"repeat","background-position":"center center","background-size":"auto","background-attachment":"scroll","background-type":"","background-media":"","overlay-type":"","overlay-color":"","overlay-opacity":"","overlay-gradient":""},"tablet":{"background-color":"","background-image":"","background-repeat":"repeat","background-position":"center center","background-size":"auto","background-attachment":"scroll","background-type":"","background-media":"","overlay-type":"","overlay-color":"","overlay-opacity":"","overlay-gradient":""},"mobile":{"background-color":"","background-image":"","background-repeat":"repeat","background-position":"center center","background-size":"auto","background-attachment":"scroll","background-type":"","background-media":"","overlay-type":"","overlay-color":"","overlay-opacity":"","overlay-gradient":""}},"ast-content-background-meta":{"desktop":{"background-color":"var(--ast-global-color-4)","background-image":"","background-repeat":"repeat","background-position":"center center","background-size":"auto","background-attachment":"scroll","background-type":"","background-media":"","overlay-type":"","overlay-color":"","overlay-opacity":"","overlay-gradient":""},"tablet":{"background-color":"var(--ast-global-color-4)","background-image":"","background-repeat":"repeat","background-position":"center center","background-size":"auto","background-attachment":"scroll","background-type":"","background-media":"","overlay-type":"","overlay-color":"","overlay-opacity":"","overlay-gradient":""},"mobile":{"background-color":"var(--ast-global-color-4)","background-image":"","background-repeat":"repeat","background-position":"center center","background-size":"auto","background-attachment":"scroll","background-type":"","background-media":"","overlay-type":"","overlay-color":"","overlay-opacity":"","overlay-gradient":""}},"_joinchat":[]},"product_brand":[],"product_cat":[81],"product_tag":[],"class_list":{"0":"post-11988","1":"product","2":"type-product","3":"status-publish","4":"has-post-thumbnail","6":"product_cat-auriculares-pc-play-xbox-celular","7":"desktop-align-center","8":"tablet-align-left","9":"mobile-align-left","11":"first","12":"outofstock","13":"shipping-taxable","14":"purchasable","15":"product-type-simple"},"yoast_head":"<!-- This site is optimized with the Yoast SEO plugin v27.5 - https:\/\/yoast.com\/product\/yoast-seo-wordpress\/ -->\n<title>Auriculares NOGA Stormer Grid - UnitGames<\/title>\n<meta name=\"robots\" content=\"index, follow, max-snippet:-1, max-image-preview:large, max-video-preview:-1\" \/>\n<link rel=\"canonical\" href=\"https:\/\/unitgames.com.ar\/pc-gamer\/producto\/auriculares-noga-stormer-grid\/\" \/>\n<meta property=\"og:locale\" content=\"es_ES\" \/>\n<meta property=\"og:type\" content=\"article\" \/>\n<meta property=\"og:title\" content=\"Auriculares NOGA Stormer Grid - UnitGames\" \/>\n<meta property=\"og:description\" content=\"Los Auriculares ST-GRID te brindan sonido, dise\u00f1o y confort gamer. Confortables y ajustables, poseen almohadillas de gran suavidad que te permitir\u00e1n disfrutar de tu juegos y tu m\u00fasica. Gran dise\u00f1o con LEDS y comodidad \u00f3ptima para largas sesiones de juegos. Micr\u00f3fono incorporado para comunicarte online con tus compa\u00f1eros de equipo. Cable con conector USB y con 2 miniplug 3.5 mm Stereo Audio\/Mic. para PC. Incluye Cable Adaptador para Consolas. &#8211; Auriculares Gamer de Alta Performance &#8211; Sonido High Quality sin distorsi\u00f3n &#8211; Speakers din\u00e1micos de 50 mm de di\u00e1metro &#8211; Acolchados con reducci\u00f3n pasiva de ruidos &#8211; Micr\u00f3fono incorporado en auricular izquierdo &#8211; Control de Volumen de f\u00e1cil manejo en auricular izquierdo &#8211; Posee LEDS color azul &#8211; Conexi\u00f3n USB 2.0 y con 2 miniplug 3.5 mm Stereo Audio\/Mic. para PC. &#8211; Incluye Cable Adaptador para Consolas (2 miniplug a 1 miniplug) &#8211; Longitud del Cable: 2,1 metros\" \/>\n<meta property=\"og:url\" content=\"https:\/\/unitgames.com.ar\/pc-gamer\/producto\/auriculares-noga-stormer-grid\/\" \/>\n<meta property=\"og:site_name\" content=\"UnitGames\" \/>\n<meta property=\"article:modified_time\" content=\"2026-01-09T10:17:27+00:00\" \/>\n<meta property=\"og:image\" content=\"https:\/\/unitgames.com.ar\/pc-gamer\/wp-content\/uploads\/2024\/12\/Auriculares-NOGA-Stormer-Grid.png\" \/>\n\t<meta property=\"og:image:width\" content=\"1263\" \/>\n\t<meta property=\"og:image:height\" content=\"1285\" \/>\n\t<meta property=\"og:image:type\" content=\"image\/png\" \/>\n<meta name=\"twitter:card\" content=\"summary_large_image\" \/>\n<meta name=\"twitter:label1\" content=\"Tiempo de lectura\" \/>\n\t<meta name=\"twitter:data1\" content=\"1 minuto\" \/>\n<script type=\"application\/ld+json\" class=\"yoast-schema-graph\">{\"@context\":\"https:\\\/\\\/schema.org\",\"@graph\":[{\"@type\":\"WebPage\",\"@id\":\"https:\\\/\\\/unitgames.com.ar\\\/pc-gamer\\\/producto\\\/auriculares-noga-stormer-grid\\\/\",\"url\":\"https:\\\/\\\/unitgames.com.ar\\\/pc-gamer\\\/producto\\\/auriculares-noga-stormer-grid\\\/\",\"name\":\"Auriculares NOGA Stormer Grid - UnitGames\",\"isPartOf\":{\"@id\":\"https:\\\/\\\/unitgames.com.ar\\\/pc-gamer\\\/#website\"},\"primaryImageOfPage\":{\"@id\":\"https:\\\/\\\/unitgames.com.ar\\\/pc-gamer\\\/producto\\\/auriculares-noga-stormer-grid\\\/#primaryimage\"},\"image\":{\"@id\":\"https:\\\/\\\/unitgames.com.ar\\\/pc-gamer\\\/producto\\\/auriculares-noga-stormer-grid\\\/#primaryimage\"},\"thumbnailUrl\":\"https:\\\/\\\/unitgames.com.ar\\\/pc-gamer\\\/wp-content\\\/uploads\\\/2024\\\/12\\\/Auriculares-NOGA-Stormer-Grid.png\",\"datePublished\":\"2024-12-22T22:18:08+00:00\",\"dateModified\":\"2026-01-09T10:17:27+00:00\",\"breadcrumb\":{\"@id\":\"https:\\\/\\\/unitgames.com.ar\\\/pc-gamer\\\/producto\\\/auriculares-noga-stormer-grid\\\/#breadcrumb\"},\"inLanguage\":\"es\",\"potentialAction\":[{\"@type\":\"ReadAction\",\"target\":[\"https:\\\/\\\/unitgames.com.ar\\\/pc-gamer\\\/producto\\\/auriculares-noga-stormer-grid\\\/\"]}]},{\"@type\":\"ImageObject\",\"inLanguage\":\"es\",\"@id\":\"https:\\\/\\\/unitgames.com.ar\\\/pc-gamer\\\/producto\\\/auriculares-noga-stormer-grid\\\/#primaryimage\",\"url\":\"https:\\\/\\\/unitgames.com.ar\\\/pc-gamer\\\/wp-content\\\/uploads\\\/2024\\\/12\\\/Auriculares-NOGA-Stormer-Grid.png\",\"contentUrl\":\"https:\\\/\\\/unitgames.com.ar\\\/pc-gamer\\\/wp-content\\\/uploads\\\/2024\\\/12\\\/Auriculares-NOGA-Stormer-Grid.png\",\"width\":1263,\"height\":1285},{\"@type\":\"BreadcrumbList\",\"@id\":\"https:\\\/\\\/unitgames.com.ar\\\/pc-gamer\\\/producto\\\/auriculares-noga-stormer-grid\\\/#breadcrumb\",\"itemListElement\":[{\"@type\":\"ListItem\",\"position\":1,\"name\":\"Tienda\",\"item\":\"https:\\\/\\\/unitgames.com.ar\\\/pc-gamer\\\/tienda\\\/\"},{\"@type\":\"ListItem\",\"position\":2,\"name\":\"Auriculares NOGA Stormer Grid\"}]},{\"@type\":\"WebSite\",\"@id\":\"https:\\\/\\\/unitgames.com.ar\\\/pc-gamer\\\/#website\",\"url\":\"https:\\\/\\\/unitgames.com.ar\\\/pc-gamer\\\/\",\"name\":\"UnitGames\",\"description\":\"Venta de PC Gamers, Consolas , Servicio Tecnico Especializado. Todos en Accesorios Informaticos y Gamers\",\"publisher\":{\"@id\":\"https:\\\/\\\/unitgames.com.ar\\\/pc-gamer\\\/#organization\"},\"potentialAction\":[{\"@type\":\"SearchAction\",\"target\":{\"@type\":\"EntryPoint\",\"urlTemplate\":\"https:\\\/\\\/unitgames.com.ar\\\/pc-gamer\\\/?s={search_term_string}\"},\"query-input\":{\"@type\":\"PropertyValueSpecification\",\"valueRequired\":true,\"valueName\":\"search_term_string\"}}],\"inLanguage\":\"es\"},{\"@type\":\"Organization\",\"@id\":\"https:\\\/\\\/unitgames.com.ar\\\/pc-gamer\\\/#organization\",\"name\":\"UnitGames\",\"url\":\"https:\\\/\\\/unitgames.com.ar\\\/pc-gamer\\\/\",\"logo\":{\"@type\":\"ImageObject\",\"inLanguage\":\"es\",\"@id\":\"https:\\\/\\\/unitgames.com.ar\\\/pc-gamer\\\/#\\\/schema\\\/logo\\\/image\\\/\",\"url\":\"https:\\\/\\\/unitgames.com.ar\\\/pc-gamer\\\/wp-content\\\/uploads\\\/2021\\\/01\\\/cropped-logoUnitGames2.png\",\"contentUrl\":\"https:\\\/\\\/unitgames.com.ar\\\/pc-gamer\\\/wp-content\\\/uploads\\\/2021\\\/01\\\/cropped-logoUnitGames2.png\",\"width\":152,\"height\":200,\"caption\":\"UnitGames\"},\"image\":{\"@id\":\"https:\\\/\\\/unitgames.com.ar\\\/pc-gamer\\\/#\\\/schema\\\/logo\\\/image\\\/\"}}]}<\/script>\n<!-- \/ Yoast SEO plugin. -->","yoast_head_json":{"title":"Auriculares NOGA Stormer Grid - UnitGames","robots":{"index":"index","follow":"follow","max-snippet":"max-snippet:-1","max-image-preview":"max-image-preview:large","max-video-preview":"max-video-preview:-1"},"canonical":"https:\/\/unitgames.com.ar\/pc-gamer\/producto\/auriculares-noga-stormer-grid\/","og_locale":"es_ES","og_type":"article","og_title":"Auriculares NOGA Stormer Grid - UnitGames","og_description":"Los Auriculares ST-GRID te brindan sonido, dise\u00f1o y confort gamer. Confortables y ajustables, poseen almohadillas de gran suavidad que te permitir\u00e1n disfrutar de tu juegos y tu m\u00fasica. Gran dise\u00f1o con LEDS y comodidad \u00f3ptima para largas sesiones de juegos. Micr\u00f3fono incorporado para comunicarte online con tus compa\u00f1eros de equipo. Cable con conector USB y con 2 miniplug 3.5 mm Stereo Audio\/Mic. para PC. Incluye Cable Adaptador para Consolas. &#8211; Auriculares Gamer de Alta Performance &#8211; Sonido High Quality sin distorsi\u00f3n &#8211; Speakers din\u00e1micos de 50 mm de di\u00e1metro &#8211; Acolchados con reducci\u00f3n pasiva de ruidos &#8211; Micr\u00f3fono incorporado en auricular izquierdo &#8211; Control de Volumen de f\u00e1cil manejo en auricular izquierdo &#8211; Posee LEDS color azul &#8211; Conexi\u00f3n USB 2.0 y con 2 miniplug 3.5 mm Stereo Audio\/Mic. para PC. &#8211; Incluye Cable Adaptador para Consolas (2 miniplug a 1 miniplug) &#8211; Longitud del Cable: 2,1 metros","og_url":"https:\/\/unitgames.com.ar\/pc-gamer\/producto\/auriculares-noga-stormer-grid\/","og_site_name":"UnitGames","article_modified_time":"2026-01-09T10:17:27+00:00","og_image":[{"width":1263,"height":1285,"url":"https:\/\/unitgames.com.ar\/pc-gamer\/wp-content\/uploads\/2024\/12\/Auriculares-NOGA-Stormer-Grid.png","type":"image\/png"}],"twitter_card":"summary_large_image","twitter_misc":{"Tiempo de lectura":"1 minuto"},"schema":{"@context":"https:\/\/schema.org","@graph":[{"@type":"WebPage","@id":"https:\/\/unitgames.com.ar\/pc-gamer\/producto\/auriculares-noga-stormer-grid\/","url":"https:\/\/unitgames.com.ar\/pc-gamer\/producto\/auriculares-noga-stormer-grid\/","name":"Auriculares NOGA Stormer Grid - UnitGames","isPartOf":{"@id":"https:\/\/unitgames.com.ar\/pc-gamer\/#website"},"primaryImageOfPage":{"@id":"https:\/\/unitgames.com.ar\/pc-gamer\/producto\/auriculares-noga-stormer-grid\/#primaryimage"},"image":{"@id":"https:\/\/unitgames.com.ar\/pc-gamer\/producto\/auriculares-noga-stormer-grid\/#primaryimage"},"thumbnailUrl":"https:\/\/unitgames.com.ar\/pc-gamer\/wp-content\/uploads\/2024\/12\/Auriculares-NOGA-Stormer-Grid.png","datePublished":"2024-12-22T22:18:08+00:00","dateModified":"2026-01-09T10:17:27+00:00","breadcrumb":{"@id":"https:\/\/unitgames.com.ar\/pc-gamer\/producto\/auriculares-noga-stormer-grid\/#breadcrumb"},"inLanguage":"es","potentialAction":[{"@type":"ReadAction","target":["https:\/\/unitgames.com.ar\/pc-gamer\/producto\/auriculares-noga-stormer-grid\/"]}]},{"@type":"ImageObject","inLanguage":"es","@id":"https:\/\/unitgames.com.ar\/pc-gamer\/producto\/auriculares-noga-stormer-grid\/#primaryimage","url":"https:\/\/unitgames.com.ar\/pc-gamer\/wp-content\/uploads\/2024\/12\/Auriculares-NOGA-Stormer-Grid.png","contentUrl":"https:\/\/unitgames.com.ar\/pc-gamer\/wp-content\/uploads\/2024\/12\/Auriculares-NOGA-Stormer-Grid.png","width":1263,"height":1285},{"@type":"BreadcrumbList","@id":"https:\/\/unitgames.com.ar\/pc-gamer\/producto\/auriculares-noga-stormer-grid\/#breadcrumb","itemListElement":[{"@type":"ListItem","position":1,"name":"Tienda","item":"https:\/\/unitgames.com.ar\/pc-gamer\/tienda\/"},{"@type":"ListItem","position":2,"name":"Auriculares NOGA Stormer Grid"}]},{"@type":"WebSite","@id":"https:\/\/unitgames.com.ar\/pc-gamer\/#website","url":"https:\/\/unitgames.com.ar\/pc-gamer\/","name":"UnitGames","description":"Venta de PC Gamers, Consolas , Servicio Tecnico Especializado. Todos en Accesorios Informaticos y Gamers","publisher":{"@id":"https:\/\/unitgames.com.ar\/pc-gamer\/#organization"},"potentialAction":[{"@type":"SearchAction","target":{"@type":"EntryPoint","urlTemplate":"https:\/\/unitgames.com.ar\/pc-gamer\/?s={search_term_string}"},"query-input":{"@type":"PropertyValueSpecification","valueRequired":true,"valueName":"search_term_string"}}],"inLanguage":"es"},{"@type":"Organization","@id":"https:\/\/unitgames.com.ar\/pc-gamer\/#organization","name":"UnitGames","url":"https:\/\/unitgames.com.ar\/pc-gamer\/","logo":{"@type":"ImageObject","inLanguage":"es","@id":"https:\/\/unitgames.com.ar\/pc-gamer\/#\/schema\/logo\/image\/","url":"https:\/\/unitgames.com.ar\/pc-gamer\/wp-content\/uploads\/2021\/01\/cropped-logoUnitGames2.png","contentUrl":"https:\/\/unitgames.com.ar\/pc-gamer\/wp-content\/uploads\/2021\/01\/cropped-logoUnitGames2.png","width":152,"height":200,"caption":"UnitGames"},"image":{"@id":"https:\/\/unitgames.com.ar\/pc-gamer\/#\/schema\/logo\/image\/"}}]}},"_links":{"self":[{"href":"https:\/\/unitgames.com.ar\/pc-gamer\/wp-json\/wp\/v2\/product\/11988","targetHints":{"allow":["GET"]}}],"collection":[{"href":"https:\/\/unitgames.com.ar\/pc-gamer\/wp-json\/wp\/v2\/product"}],"about":[{"href":"https:\/\/unitgames.com.ar\/pc-gamer\/wp-json\/wp\/v2\/types\/product"}],"version-history":[{"count":0,"href":"https:\/\/unitgames.com.ar\/pc-gamer\/wp-json\/wp\/v2\/product\/11988\/revisions"}],"wp:featuredmedia":[{"embeddable":true,"href":"https:\/\/unitgames.com.ar\/pc-gamer\/wp-json\/wp\/v2\/media\/11997"}],"wp:attachment":[{"href":"https:\/\/unitgames.com.ar\/pc-gamer\/wp-json\/wp\/v2\/media?parent=11988"}],"wp:term":[{"taxonomy":"product_brand","embeddable":true,"href":"https:\/\/unitgames.com.ar\/pc-gamer\/wp-json\/wp\/v2\/product_brand?post=11988"},{"taxonomy":"product_cat","embeddable":true,"href":"https:\/\/unitgames.com.ar\/pc-gamer\/wp-json\/wp\/v2\/product_cat?post=11988"},{"taxonomy":"product_tag","embeddable":true,"href":"https:\/\/unitgames.com.ar\/pc-gamer\/wp-json\/wp\/v2\/product_tag?post=11988"}],"curies":[{"name":"wp","href":"https:\/\/api.w.org\/{rel}","templated":true}]}}