{"id":12053,"date":"2024-12-23T14:44:03","date_gmt":"2024-12-23T14:44:03","guid":{"rendered":"https:\/\/unitgames.com.ar\/pc-gamer\/?post_type=product&#038;p=12053"},"modified":"2026-01-31T21:04:35","modified_gmt":"2026-02-01T00:04:35","slug":"teclado-mecanico-redragon-eisa-inhalambrico-white-blue","status":"publish","type":"product","link":"https:\/\/unitgames.com.ar\/pc-gamer\/producto\/teclado-mecanico-redragon-eisa-inhalambrico-white-blue\/","title":{"rendered":"Teclado Mecanico Inalambrico REDRAGON EISA White\/Blue"},"content":{"rendered":"<div class=\"spec\"><span class=\"title\">Tipo de teclado: <\/span><span class=\"value\">Teclado mec\u00e1nico<\/span><\/div>\n<div class=\"spec\"><span class=\"title\">Tipo de switch: <\/span><span class=\"value\">Redragon red, lineal sin click audible, fuerza de actuaci\u00f3n de 50 gramos<\/span><\/div>\n<div class=\"spec\"><span class=\"title\">Tecla multimedia: <\/span><span class=\"value\">S\u00ed, a trav\u00e9s de FN<\/span><\/div>\n<div class=\"spec\"><span class=\"title\">Tecla macro dedicadas: <\/span><span class=\"value\">No<\/span><\/div>\n<div class=\"spec\"><span class=\"title\">Bloque tecla window: <\/span><span class=\"value\">S\u00ed<\/span><\/div>\n<div class=\"spec\"><span class=\"title\">Tama\u00f1o teclado: <\/span><span class=\"value\">96% (98 teclas)<\/span><\/div>\n<div class=\"spec\"><span class=\"title\">Reposamu\u00f1ecas: <\/span><span class=\"value\">No<\/span><\/div>\n<div class=\"spec\"><span class=\"title\">Retriluminado: <\/span><span class=\"value\">S\u00ed, RGB chroma<\/span><\/div>\n<div class=\"spec\"><span class=\"title\">Conexi\u00f3n: <\/span><span class=\"value\">cable USB Type-C, PVC, extra\u00edble dongle nano USB 2.4 ghz, bluetooth 5.0.<\/span><\/div>\n<div class=\"spec\"><span class=\"title\">Matriz: <\/span><span class=\"value\">100% Anti-Ghosting con Full Key Rollover<\/span><\/div>\n<div class=\"spec\"><span class=\"title\">Construcci\u00f3n: <\/span><span class=\"value\">Dise\u00f1o tipo Gasket. Placa de policarbonato, amortiguadores de silicona y espuma<\/span><\/div>\n<div class=\"spec\"><span class=\"title\">Anti salpicaduras: <\/span><span class=\"value\">No<\/span><\/div>\n<div class=\"spec\"><span class=\"title\">Distribuci\u00f3n: <\/span><span class=\"value\">Ingl\u00e9s<\/span><\/div>\n<div class=\"spec\"><span class=\"title\">Peso: <\/span><span class=\"value\">1.06 kg<\/span><\/div>\n<div class=\"spec\"><span class=\"title\">Dimensiones :<\/span><span class=\"value\">38,7 x 13,5 x 3 cm<\/span><\/div>\n<div class=\"spec\"><span class=\"title\">Extras: <\/span><span class=\"value\">Keycaps formato MDA, colores en gradiente, compatible con Mac<\/span><\/div>\n","protected":false},"excerpt":{"rendered":"<p>Tipo de teclado: Teclado mec\u00e1nico Tipo de switch: Redragon red, lineal sin click audible, fuerza de actuaci\u00f3n de 50 gramos Tecla multimedia: S\u00ed, a trav\u00e9s de FN Tecla macro dedicadas: No Bloque tecla window: S\u00ed Tama\u00f1o teclado: 96% (98 teclas) Reposamu\u00f1ecas: No Retriluminado: S\u00ed, RGB chroma Conexi\u00f3n: cable USB Type-C, PVC, extra\u00edble dongle nano USB 2.4 ghz, bluetooth 5.0. Matriz: 100% Anti-Ghosting con Full Key Rollover Construcci\u00f3n: Dise\u00f1o tipo Gasket. Placa de policarbonato, amortiguadores de silicona y espuma Anti salpicaduras: No Distribuci\u00f3n: Ingl\u00e9s Peso: 1.06 kg Dimensiones :38,7 x 13,5 x 3 cm Extras: Keycaps formato MDA, colores en gradiente, compatible con Mac<\/p>\n","protected":false},"featured_media":12325,"template":"","meta":{"site-sidebar-layout":"default","site-content-layout":"","ast-site-content-layout":"default","site-content-style":"default","site-sidebar-style":"default","ast-global-header-display":"","ast-banner-title-visibility":"","ast-main-header-display":"","ast-hfb-above-header-display":"","ast-hfb-below-header-display":"","ast-hfb-mobile-header-display":"","site-post-title":"","ast-breadcrumbs-content":"","ast-featured-img":"","footer-sml-layout":"","theme-transparent-header-meta":"default","adv-header-id-meta":"","stick-header-meta":"","header-above-stick-meta":"","header-main-stick-meta":"","header-below-stick-meta":"","astra-migrate-meta-layouts":"set","ast-page-background-enabled":"default","ast-page-background-meta":{"desktop":{"background-color":"var(--ast-global-color-5)","background-image":"","background-repeat":"repeat","background-position":"center center","background-size":"auto","background-attachment":"scroll","background-type":"","background-media":"","overlay-type":"","overlay-color":"","overlay-opacity":"","overlay-gradient":""},"tablet":{"background-color":"","background-image":"","background-repeat":"repeat","background-position":"center center","background-size":"auto","background-attachment":"scroll","background-type":"","background-media":"","overlay-type":"","overlay-color":"","overlay-opacity":"","overlay-gradient":""},"mobile":{"background-color":"","background-image":"","background-repeat":"repeat","background-position":"center center","background-size":"auto","background-attachment":"scroll","background-type":"","background-media":"","overlay-type":"","overlay-color":"","overlay-opacity":"","overlay-gradient":""}},"ast-content-background-meta":{"desktop":{"background-color":"var(--ast-global-color-4)","background-image":"","background-repeat":"repeat","background-position":"center center","background-size":"auto","background-attachment":"scroll","background-type":"","background-media":"","overlay-type":"","overlay-color":"","overlay-opacity":"","overlay-gradient":""},"tablet":{"background-color":"var(--ast-global-color-4)","background-image":"","background-repeat":"repeat","background-position":"center center","background-size":"auto","background-attachment":"scroll","background-type":"","background-media":"","overlay-type":"","overlay-color":"","overlay-opacity":"","overlay-gradient":""},"mobile":{"background-color":"var(--ast-global-color-4)","background-image":"","background-repeat":"repeat","background-position":"center center","background-size":"auto","background-attachment":"scroll","background-type":"","background-media":"","overlay-type":"","overlay-color":"","overlay-opacity":"","overlay-gradient":""}},"_joinchat":[]},"product_brand":[],"product_cat":[92],"product_tag":[],"class_list":{"0":"post-12053","1":"product","2":"type-product","3":"status-publish","4":"has-post-thumbnail","6":"product_cat-teclados-mecanicos","7":"desktop-align-center","8":"tablet-align-left","9":"mobile-align-left","11":"first","12":"instock","13":"shipping-taxable","14":"purchasable","15":"product-type-simple"},"yoast_head":"<!-- This site is optimized with the Yoast SEO plugin v27.5 - https:\/\/yoast.com\/product\/yoast-seo-wordpress\/ -->\n<title>Teclado Mecanico Inalambrico REDRAGON EISA White\/Blue - UnitGames<\/title>\n<meta name=\"robots\" content=\"index, follow, max-snippet:-1, max-image-preview:large, max-video-preview:-1\" \/>\n<link rel=\"canonical\" href=\"https:\/\/unitgames.com.ar\/pc-gamer\/producto\/teclado-mecanico-redragon-eisa-inhalambrico-white-blue\/\" \/>\n<meta property=\"og:locale\" content=\"es_ES\" \/>\n<meta property=\"og:type\" content=\"article\" \/>\n<meta property=\"og:title\" content=\"Teclado Mecanico Inalambrico REDRAGON EISA White\/Blue - UnitGames\" \/>\n<meta property=\"og:description\" content=\"Tipo de teclado: Teclado mec\u00e1nico Tipo de switch: Redragon red, lineal sin click audible, fuerza de actuaci\u00f3n de 50 gramos Tecla multimedia: S\u00ed, a trav\u00e9s de FN Tecla macro dedicadas: No Bloque tecla window: S\u00ed Tama\u00f1o teclado: 96% (98 teclas) Reposamu\u00f1ecas: No Retriluminado: S\u00ed, RGB chroma Conexi\u00f3n: cable USB Type-C, PVC, extra\u00edble dongle nano USB 2.4 ghz, bluetooth 5.0. Matriz: 100% Anti-Ghosting con Full Key Rollover Construcci\u00f3n: Dise\u00f1o tipo Gasket. Placa de policarbonato, amortiguadores de silicona y espuma Anti salpicaduras: No Distribuci\u00f3n: Ingl\u00e9s Peso: 1.06 kg Dimensiones :38,7 x 13,5 x 3 cm Extras: Keycaps formato MDA, colores en gradiente, compatible con Mac\" \/>\n<meta property=\"og:url\" content=\"https:\/\/unitgames.com.ar\/pc-gamer\/producto\/teclado-mecanico-redragon-eisa-inhalambrico-white-blue\/\" \/>\n<meta property=\"og:site_name\" content=\"UnitGames\" \/>\n<meta property=\"article:modified_time\" content=\"2026-02-01T00:04:35+00:00\" \/>\n<meta property=\"og:image\" content=\"https:\/\/unitgames.com.ar\/pc-gamer\/wp-content\/uploads\/2024\/12\/Teclado-Mecanico-REDRAGON-EISA-Inhalambrico-White-Blue.png\" \/>\n\t<meta property=\"og:image:width\" content=\"1263\" \/>\n\t<meta property=\"og:image:height\" content=\"1285\" \/>\n\t<meta property=\"og:image:type\" content=\"image\/png\" \/>\n<meta name=\"twitter:card\" content=\"summary_large_image\" \/>\n<meta name=\"twitter:label1\" content=\"Tiempo de lectura\" \/>\n\t<meta name=\"twitter:data1\" content=\"1 minuto\" \/>\n<script type=\"application\/ld+json\" class=\"yoast-schema-graph\">{\"@context\":\"https:\\\/\\\/schema.org\",\"@graph\":[{\"@type\":\"WebPage\",\"@id\":\"https:\\\/\\\/unitgames.com.ar\\\/pc-gamer\\\/producto\\\/teclado-mecanico-redragon-eisa-inhalambrico-white-blue\\\/\",\"url\":\"https:\\\/\\\/unitgames.com.ar\\\/pc-gamer\\\/producto\\\/teclado-mecanico-redragon-eisa-inhalambrico-white-blue\\\/\",\"name\":\"Teclado Mecanico Inalambrico REDRAGON EISA White\\\/Blue - UnitGames\",\"isPartOf\":{\"@id\":\"https:\\\/\\\/unitgames.com.ar\\\/pc-gamer\\\/#website\"},\"primaryImageOfPage\":{\"@id\":\"https:\\\/\\\/unitgames.com.ar\\\/pc-gamer\\\/producto\\\/teclado-mecanico-redragon-eisa-inhalambrico-white-blue\\\/#primaryimage\"},\"image\":{\"@id\":\"https:\\\/\\\/unitgames.com.ar\\\/pc-gamer\\\/producto\\\/teclado-mecanico-redragon-eisa-inhalambrico-white-blue\\\/#primaryimage\"},\"thumbnailUrl\":\"https:\\\/\\\/unitgames.com.ar\\\/pc-gamer\\\/wp-content\\\/uploads\\\/2024\\\/12\\\/Teclado-Mecanico-REDRAGON-EISA-Inhalambrico-White-Blue.png\",\"datePublished\":\"2024-12-23T14:44:03+00:00\",\"dateModified\":\"2026-02-01T00:04:35+00:00\",\"breadcrumb\":{\"@id\":\"https:\\\/\\\/unitgames.com.ar\\\/pc-gamer\\\/producto\\\/teclado-mecanico-redragon-eisa-inhalambrico-white-blue\\\/#breadcrumb\"},\"inLanguage\":\"es\",\"potentialAction\":[{\"@type\":\"ReadAction\",\"target\":[\"https:\\\/\\\/unitgames.com.ar\\\/pc-gamer\\\/producto\\\/teclado-mecanico-redragon-eisa-inhalambrico-white-blue\\\/\"]}]},{\"@type\":\"ImageObject\",\"inLanguage\":\"es\",\"@id\":\"https:\\\/\\\/unitgames.com.ar\\\/pc-gamer\\\/producto\\\/teclado-mecanico-redragon-eisa-inhalambrico-white-blue\\\/#primaryimage\",\"url\":\"https:\\\/\\\/unitgames.com.ar\\\/pc-gamer\\\/wp-content\\\/uploads\\\/2024\\\/12\\\/Teclado-Mecanico-REDRAGON-EISA-Inhalambrico-White-Blue.png\",\"contentUrl\":\"https:\\\/\\\/unitgames.com.ar\\\/pc-gamer\\\/wp-content\\\/uploads\\\/2024\\\/12\\\/Teclado-Mecanico-REDRAGON-EISA-Inhalambrico-White-Blue.png\",\"width\":1263,\"height\":1285},{\"@type\":\"BreadcrumbList\",\"@id\":\"https:\\\/\\\/unitgames.com.ar\\\/pc-gamer\\\/producto\\\/teclado-mecanico-redragon-eisa-inhalambrico-white-blue\\\/#breadcrumb\",\"itemListElement\":[{\"@type\":\"ListItem\",\"position\":1,\"name\":\"Tienda\",\"item\":\"https:\\\/\\\/unitgames.com.ar\\\/pc-gamer\\\/tienda\\\/\"},{\"@type\":\"ListItem\",\"position\":2,\"name\":\"Teclado Mecanico Inalambrico REDRAGON EISA White\\\/Blue\"}]},{\"@type\":\"WebSite\",\"@id\":\"https:\\\/\\\/unitgames.com.ar\\\/pc-gamer\\\/#website\",\"url\":\"https:\\\/\\\/unitgames.com.ar\\\/pc-gamer\\\/\",\"name\":\"UnitGames\",\"description\":\"Venta de PC Gamers, Consolas , Servicio Tecnico Especializado. Todos en Accesorios Informaticos y Gamers\",\"publisher\":{\"@id\":\"https:\\\/\\\/unitgames.com.ar\\\/pc-gamer\\\/#organization\"},\"potentialAction\":[{\"@type\":\"SearchAction\",\"target\":{\"@type\":\"EntryPoint\",\"urlTemplate\":\"https:\\\/\\\/unitgames.com.ar\\\/pc-gamer\\\/?s={search_term_string}\"},\"query-input\":{\"@type\":\"PropertyValueSpecification\",\"valueRequired\":true,\"valueName\":\"search_term_string\"}}],\"inLanguage\":\"es\"},{\"@type\":\"Organization\",\"@id\":\"https:\\\/\\\/unitgames.com.ar\\\/pc-gamer\\\/#organization\",\"name\":\"UnitGames\",\"url\":\"https:\\\/\\\/unitgames.com.ar\\\/pc-gamer\\\/\",\"logo\":{\"@type\":\"ImageObject\",\"inLanguage\":\"es\",\"@id\":\"https:\\\/\\\/unitgames.com.ar\\\/pc-gamer\\\/#\\\/schema\\\/logo\\\/image\\\/\",\"url\":\"https:\\\/\\\/unitgames.com.ar\\\/pc-gamer\\\/wp-content\\\/uploads\\\/2021\\\/01\\\/cropped-logoUnitGames2.png\",\"contentUrl\":\"https:\\\/\\\/unitgames.com.ar\\\/pc-gamer\\\/wp-content\\\/uploads\\\/2021\\\/01\\\/cropped-logoUnitGames2.png\",\"width\":152,\"height\":200,\"caption\":\"UnitGames\"},\"image\":{\"@id\":\"https:\\\/\\\/unitgames.com.ar\\\/pc-gamer\\\/#\\\/schema\\\/logo\\\/image\\\/\"}}]}<\/script>\n<!-- \/ Yoast SEO plugin. -->","yoast_head_json":{"title":"Teclado Mecanico Inalambrico REDRAGON EISA White\/Blue - UnitGames","robots":{"index":"index","follow":"follow","max-snippet":"max-snippet:-1","max-image-preview":"max-image-preview:large","max-video-preview":"max-video-preview:-1"},"canonical":"https:\/\/unitgames.com.ar\/pc-gamer\/producto\/teclado-mecanico-redragon-eisa-inhalambrico-white-blue\/","og_locale":"es_ES","og_type":"article","og_title":"Teclado Mecanico Inalambrico REDRAGON EISA White\/Blue - UnitGames","og_description":"Tipo de teclado: Teclado mec\u00e1nico Tipo de switch: Redragon red, lineal sin click audible, fuerza de actuaci\u00f3n de 50 gramos Tecla multimedia: S\u00ed, a trav\u00e9s de FN Tecla macro dedicadas: No Bloque tecla window: S\u00ed Tama\u00f1o teclado: 96% (98 teclas) Reposamu\u00f1ecas: No Retriluminado: S\u00ed, RGB chroma Conexi\u00f3n: cable USB Type-C, PVC, extra\u00edble dongle nano USB 2.4 ghz, bluetooth 5.0. Matriz: 100% Anti-Ghosting con Full Key Rollover Construcci\u00f3n: Dise\u00f1o tipo Gasket. Placa de policarbonato, amortiguadores de silicona y espuma Anti salpicaduras: No Distribuci\u00f3n: Ingl\u00e9s Peso: 1.06 kg Dimensiones :38,7 x 13,5 x 3 cm Extras: Keycaps formato MDA, colores en gradiente, compatible con Mac","og_url":"https:\/\/unitgames.com.ar\/pc-gamer\/producto\/teclado-mecanico-redragon-eisa-inhalambrico-white-blue\/","og_site_name":"UnitGames","article_modified_time":"2026-02-01T00:04:35+00:00","og_image":[{"width":1263,"height":1285,"url":"https:\/\/unitgames.com.ar\/pc-gamer\/wp-content\/uploads\/2024\/12\/Teclado-Mecanico-REDRAGON-EISA-Inhalambrico-White-Blue.png","type":"image\/png"}],"twitter_card":"summary_large_image","twitter_misc":{"Tiempo de lectura":"1 minuto"},"schema":{"@context":"https:\/\/schema.org","@graph":[{"@type":"WebPage","@id":"https:\/\/unitgames.com.ar\/pc-gamer\/producto\/teclado-mecanico-redragon-eisa-inhalambrico-white-blue\/","url":"https:\/\/unitgames.com.ar\/pc-gamer\/producto\/teclado-mecanico-redragon-eisa-inhalambrico-white-blue\/","name":"Teclado Mecanico Inalambrico REDRAGON EISA White\/Blue - UnitGames","isPartOf":{"@id":"https:\/\/unitgames.com.ar\/pc-gamer\/#website"},"primaryImageOfPage":{"@id":"https:\/\/unitgames.com.ar\/pc-gamer\/producto\/teclado-mecanico-redragon-eisa-inhalambrico-white-blue\/#primaryimage"},"image":{"@id":"https:\/\/unitgames.com.ar\/pc-gamer\/producto\/teclado-mecanico-redragon-eisa-inhalambrico-white-blue\/#primaryimage"},"thumbnailUrl":"https:\/\/unitgames.com.ar\/pc-gamer\/wp-content\/uploads\/2024\/12\/Teclado-Mecanico-REDRAGON-EISA-Inhalambrico-White-Blue.png","datePublished":"2024-12-23T14:44:03+00:00","dateModified":"2026-02-01T00:04:35+00:00","breadcrumb":{"@id":"https:\/\/unitgames.com.ar\/pc-gamer\/producto\/teclado-mecanico-redragon-eisa-inhalambrico-white-blue\/#breadcrumb"},"inLanguage":"es","potentialAction":[{"@type":"ReadAction","target":["https:\/\/unitgames.com.ar\/pc-gamer\/producto\/teclado-mecanico-redragon-eisa-inhalambrico-white-blue\/"]}]},{"@type":"ImageObject","inLanguage":"es","@id":"https:\/\/unitgames.com.ar\/pc-gamer\/producto\/teclado-mecanico-redragon-eisa-inhalambrico-white-blue\/#primaryimage","url":"https:\/\/unitgames.com.ar\/pc-gamer\/wp-content\/uploads\/2024\/12\/Teclado-Mecanico-REDRAGON-EISA-Inhalambrico-White-Blue.png","contentUrl":"https:\/\/unitgames.com.ar\/pc-gamer\/wp-content\/uploads\/2024\/12\/Teclado-Mecanico-REDRAGON-EISA-Inhalambrico-White-Blue.png","width":1263,"height":1285},{"@type":"BreadcrumbList","@id":"https:\/\/unitgames.com.ar\/pc-gamer\/producto\/teclado-mecanico-redragon-eisa-inhalambrico-white-blue\/#breadcrumb","itemListElement":[{"@type":"ListItem","position":1,"name":"Tienda","item":"https:\/\/unitgames.com.ar\/pc-gamer\/tienda\/"},{"@type":"ListItem","position":2,"name":"Teclado Mecanico Inalambrico REDRAGON EISA White\/Blue"}]},{"@type":"WebSite","@id":"https:\/\/unitgames.com.ar\/pc-gamer\/#website","url":"https:\/\/unitgames.com.ar\/pc-gamer\/","name":"UnitGames","description":"Venta de PC Gamers, Consolas , Servicio Tecnico Especializado. Todos en Accesorios Informaticos y Gamers","publisher":{"@id":"https:\/\/unitgames.com.ar\/pc-gamer\/#organization"},"potentialAction":[{"@type":"SearchAction","target":{"@type":"EntryPoint","urlTemplate":"https:\/\/unitgames.com.ar\/pc-gamer\/?s={search_term_string}"},"query-input":{"@type":"PropertyValueSpecification","valueRequired":true,"valueName":"search_term_string"}}],"inLanguage":"es"},{"@type":"Organization","@id":"https:\/\/unitgames.com.ar\/pc-gamer\/#organization","name":"UnitGames","url":"https:\/\/unitgames.com.ar\/pc-gamer\/","logo":{"@type":"ImageObject","inLanguage":"es","@id":"https:\/\/unitgames.com.ar\/pc-gamer\/#\/schema\/logo\/image\/","url":"https:\/\/unitgames.com.ar\/pc-gamer\/wp-content\/uploads\/2021\/01\/cropped-logoUnitGames2.png","contentUrl":"https:\/\/unitgames.com.ar\/pc-gamer\/wp-content\/uploads\/2021\/01\/cropped-logoUnitGames2.png","width":152,"height":200,"caption":"UnitGames"},"image":{"@id":"https:\/\/unitgames.com.ar\/pc-gamer\/#\/schema\/logo\/image\/"}}]}},"_links":{"self":[{"href":"https:\/\/unitgames.com.ar\/pc-gamer\/wp-json\/wp\/v2\/product\/12053","targetHints":{"allow":["GET"]}}],"collection":[{"href":"https:\/\/unitgames.com.ar\/pc-gamer\/wp-json\/wp\/v2\/product"}],"about":[{"href":"https:\/\/unitgames.com.ar\/pc-gamer\/wp-json\/wp\/v2\/types\/product"}],"version-history":[{"count":0,"href":"https:\/\/unitgames.com.ar\/pc-gamer\/wp-json\/wp\/v2\/product\/12053\/revisions"}],"wp:featuredmedia":[{"embeddable":true,"href":"https:\/\/unitgames.com.ar\/pc-gamer\/wp-json\/wp\/v2\/media\/12325"}],"wp:attachment":[{"href":"https:\/\/unitgames.com.ar\/pc-gamer\/wp-json\/wp\/v2\/media?parent=12053"}],"wp:term":[{"taxonomy":"product_brand","embeddable":true,"href":"https:\/\/unitgames.com.ar\/pc-gamer\/wp-json\/wp\/v2\/product_brand?post=12053"},{"taxonomy":"product_cat","embeddable":true,"href":"https:\/\/unitgames.com.ar\/pc-gamer\/wp-json\/wp\/v2\/product_cat?post=12053"},{"taxonomy":"product_tag","embeddable":true,"href":"https:\/\/unitgames.com.ar\/pc-gamer\/wp-json\/wp\/v2\/product_tag?post=12053"}],"curies":[{"name":"wp","href":"https:\/\/api.w.org\/{rel}","templated":true}]}}