{"id":12143,"date":"2025-01-13T15:25:29","date_gmt":"2025-01-13T15:25:29","guid":{"rendered":"https:\/\/unitgames.com.ar\/pc-gamer\/?post_type=product&#038;p=12143"},"modified":"2026-01-09T07:17:09","modified_gmt":"2026-01-09T10:17:09","slug":"auriculares-bluetooth-mooki-sound","status":"publish","type":"product","link":"https:\/\/unitgames.com.ar\/pc-gamer\/producto\/auriculares-bluetooth-mooki-sound\/","title":{"rendered":"Auriculares Bluetooth MOOKI Sound MA-TWS66 Black"},"content":{"rendered":"<p>El Moonki Sound MA-TWS66 es un renovado auricular tipo Earbud de conectividad inal\u00e1mbrica Bluetooth 5.0. Goza de un dise\u00f1o con suaves ganchos de agarre para mayor comodidad en el ajuste. Alcanza privilegiados tiempos de reproducci\u00f3n de alrededor de 12 hs y contiene micr\u00f3fono incorporado con funci\u00f3n manos libres para que nunca te detengas. Tambi\u00e9n incluye estuche compacto de almacenamiento y recarga.<\/p>\n<ul>\n<li><strong>C\u00f3digo<\/strong>\u00a0MA-TWS66<\/li>\n<li><strong>Tipo<\/strong>\u00a0Earbuds Bluetooth<\/li>\n<li><strong>Bluetooth Versi\u00f3n<\/strong>\u00a05.0<\/li>\n<li><strong>Rango de alcance\u00a0<\/strong>10M<\/li>\n<li><strong>Rango de frecuencia<\/strong>\u00a020-20,000Hz<\/li>\n<li><strong>Sensibilidad\u00a0<\/strong>100dB a 1KHz<\/li>\n<li><strong>Impedancia\u00a0<\/strong>16 ohmios \u00b1 15<\/li>\n<li><strong>Drivers<\/strong>\u00a06mm<\/li>\n<li><strong>Dise\u00f1o ergon\u00f3mico para mayor comodidad<\/strong><\/li>\n<li><strong>Micr\u00f3fono incorporado<\/strong><\/li>\n<li><strong>Estuche de carga<\/strong><\/li>\n<li><strong>Entrada de carga<\/strong>\u00a0Micro USB<\/li>\n<li><strong>Bater\u00eda de litio<\/strong>\u00a030 mAh Earbuds &#8211; Base 400 mAh<\/li>\n<li><strong>Tiempo de Carga\u00a0<\/strong>2Hs Aprox.<\/li>\n<li><strong>Reproducci\u00f3n\u00a0<\/strong>Hasta 12 horas (tres ciclos de carga de 4 horas de duraci\u00f3n)<\/li>\n<li><strong>Medidas de la unidad<\/strong>\u00a080 x 50 x 30 mm<\/li>\n<li><strong>Peso de la Unidad<\/strong>\u00a065 Gr<\/li>\n<li><strong>Medidas de la Caja<\/strong>\u00a0100 x 150 x 40 mm<\/li>\n<li><strong>Peso de la Caja\u00a0<\/strong>145 Gr<\/li>\n<li><strong>EAN<\/strong>\u00a07798135511968<\/li>\n<\/ul>\n","protected":false},"excerpt":{"rendered":"<p>El Moonki Sound MA-TWS66 es un renovado auricular tipo Earbud de conectividad inal\u00e1mbrica Bluetooth 5.0. Goza de un dise\u00f1o con suaves ganchos de agarre para mayor comodidad en el ajuste. Alcanza privilegiados tiempos de reproducci\u00f3n de alrededor de 12 hs y contiene micr\u00f3fono incorporado con funci\u00f3n manos libres para que nunca te detengas. Tambi\u00e9n incluye estuche compacto de almacenamiento y recarga. C\u00f3digo\u00a0MA-TWS66 Tipo\u00a0Earbuds Bluetooth Bluetooth Versi\u00f3n\u00a05.0 Rango de alcance\u00a010M Rango de frecuencia\u00a020-20,000Hz Sensibilidad\u00a0100dB a 1KHz Impedancia\u00a016 ohmios \u00b1 15 Drivers\u00a06mm Dise\u00f1o ergon\u00f3mico para mayor comodidad Micr\u00f3fono incorporado Estuche de carga Entrada de carga\u00a0Micro USB Bater\u00eda de litio\u00a030 mAh Earbuds &#8211; Base 400 mAh Tiempo de Carga\u00a02Hs Aprox. Reproducci\u00f3n\u00a0Hasta 12 horas (tres ciclos de carga de 4 horas de duraci\u00f3n) Medidas de la unidad\u00a080 x 50 x 30 mm Peso de la Unidad\u00a065 Gr Medidas de la Caja\u00a0100 x 150 x 40 mm Peso de la Caja\u00a0145 Gr EAN\u00a07798135511968<\/p>\n","protected":false},"featured_media":12152,"template":"","meta":{"site-sidebar-layout":"default","site-content-layout":"","ast-site-content-layout":"default","site-content-style":"default","site-sidebar-style":"default","ast-global-header-display":"","ast-banner-title-visibility":"","ast-main-header-display":"","ast-hfb-above-header-display":"","ast-hfb-below-header-display":"","ast-hfb-mobile-header-display":"","site-post-title":"","ast-breadcrumbs-content":"","ast-featured-img":"","footer-sml-layout":"","theme-transparent-header-meta":"","adv-header-id-meta":"","stick-header-meta":"","header-above-stick-meta":"","header-main-stick-meta":"","header-below-stick-meta":"","astra-migrate-meta-layouts":"default","ast-page-background-enabled":"default","ast-page-background-meta":{"desktop":{"background-color":"var(--ast-global-color-5)","background-image":"","background-repeat":"repeat","background-position":"center center","background-size":"auto","background-attachment":"scroll","background-type":"","background-media":"","overlay-type":"","overlay-color":"","overlay-opacity":"","overlay-gradient":""},"tablet":{"background-color":"","background-image":"","background-repeat":"repeat","background-position":"center center","background-size":"auto","background-attachment":"scroll","background-type":"","background-media":"","overlay-type":"","overlay-color":"","overlay-opacity":"","overlay-gradient":""},"mobile":{"background-color":"","background-image":"","background-repeat":"repeat","background-position":"center center","background-size":"auto","background-attachment":"scroll","background-type":"","background-media":"","overlay-type":"","overlay-color":"","overlay-opacity":"","overlay-gradient":""}},"ast-content-background-meta":{"desktop":{"background-color":"var(--ast-global-color-4)","background-image":"","background-repeat":"repeat","background-position":"center center","background-size":"auto","background-attachment":"scroll","background-type":"","background-media":"","overlay-type":"","overlay-color":"","overlay-opacity":"","overlay-gradient":""},"tablet":{"background-color":"var(--ast-global-color-4)","background-image":"","background-repeat":"repeat","background-position":"center center","background-size":"auto","background-attachment":"scroll","background-type":"","background-media":"","overlay-type":"","overlay-color":"","overlay-opacity":"","overlay-gradient":""},"mobile":{"background-color":"var(--ast-global-color-4)","background-image":"","background-repeat":"repeat","background-position":"center center","background-size":"auto","background-attachment":"scroll","background-type":"","background-media":"","overlay-type":"","overlay-color":"","overlay-opacity":"","overlay-gradient":""}},"_joinchat":[]},"product_brand":[],"product_cat":[60],"product_tag":[],"class_list":{"0":"post-12143","1":"product","2":"type-product","3":"status-publish","4":"has-post-thumbnail","6":"product_cat-auriculares-bluetooth","7":"desktop-align-center","8":"tablet-align-left","9":"mobile-align-left","11":"first","12":"instock","13":"shipping-taxable","14":"purchasable","15":"product-type-simple"},"yoast_head":"<!-- This site is optimized with the Yoast SEO plugin v27.3 - https:\/\/yoast.com\/product\/yoast-seo-wordpress\/ -->\n<title>Auriculares Bluetooth MOOKI Sound MA-TWS66 Black - UnitGames<\/title>\n<meta name=\"robots\" content=\"index, follow, max-snippet:-1, max-image-preview:large, max-video-preview:-1\" \/>\n<link rel=\"canonical\" href=\"https:\/\/unitgames.com.ar\/pc-gamer\/producto\/auriculares-bluetooth-mooki-sound\/\" \/>\n<meta property=\"og:locale\" content=\"es_ES\" \/>\n<meta property=\"og:type\" content=\"article\" \/>\n<meta property=\"og:title\" content=\"Auriculares Bluetooth MOOKI Sound MA-TWS66 Black - UnitGames\" \/>\n<meta property=\"og:description\" content=\"El Moonki Sound MA-TWS66 es un renovado auricular tipo Earbud de conectividad inal\u00e1mbrica Bluetooth 5.0. Goza de un dise\u00f1o con suaves ganchos de agarre para mayor comodidad en el ajuste. Alcanza privilegiados tiempos de reproducci\u00f3n de alrededor de 12 hs y contiene micr\u00f3fono incorporado con funci\u00f3n manos libres para que nunca te detengas. Tambi\u00e9n incluye estuche compacto de almacenamiento y recarga. C\u00f3digo\u00a0MA-TWS66 Tipo\u00a0Earbuds Bluetooth Bluetooth Versi\u00f3n\u00a05.0 Rango de alcance\u00a010M Rango de frecuencia\u00a020-20,000Hz Sensibilidad\u00a0100dB a 1KHz Impedancia\u00a016 ohmios \u00b1 15 Drivers\u00a06mm Dise\u00f1o ergon\u00f3mico para mayor comodidad Micr\u00f3fono incorporado Estuche de carga Entrada de carga\u00a0Micro USB Bater\u00eda de litio\u00a030 mAh Earbuds &#8211; Base 400 mAh Tiempo de Carga\u00a02Hs Aprox. Reproducci\u00f3n\u00a0Hasta 12 horas (tres ciclos de carga de 4 horas de duraci\u00f3n) Medidas de la unidad\u00a080 x 50 x 30 mm Peso de la Unidad\u00a065 Gr Medidas de la Caja\u00a0100 x 150 x 40 mm Peso de la Caja\u00a0145 Gr EAN\u00a07798135511968\" \/>\n<meta property=\"og:url\" content=\"https:\/\/unitgames.com.ar\/pc-gamer\/producto\/auriculares-bluetooth-mooki-sound\/\" \/>\n<meta property=\"og:site_name\" content=\"UnitGames\" \/>\n<meta property=\"article:modified_time\" content=\"2026-01-09T10:17:09+00:00\" \/>\n<meta property=\"og:image\" content=\"https:\/\/unitgames.com.ar\/pc-gamer\/wp-content\/uploads\/2025\/01\/Auriculares-Bluetooth-MOOKI-Sound-MA-TWS66-Black.png\" \/>\n\t<meta property=\"og:image:width\" content=\"1263\" \/>\n\t<meta property=\"og:image:height\" content=\"1285\" \/>\n\t<meta property=\"og:image:type\" content=\"image\/png\" \/>\n<meta name=\"twitter:card\" content=\"summary_large_image\" \/>\n<meta name=\"twitter:label1\" content=\"Tiempo de lectura\" \/>\n\t<meta name=\"twitter:data1\" content=\"1 minuto\" \/>\n<script type=\"application\/ld+json\" class=\"yoast-schema-graph\">{\"@context\":\"https:\\\/\\\/schema.org\",\"@graph\":[{\"@type\":\"WebPage\",\"@id\":\"https:\\\/\\\/unitgames.com.ar\\\/pc-gamer\\\/producto\\\/auriculares-bluetooth-mooki-sound\\\/\",\"url\":\"https:\\\/\\\/unitgames.com.ar\\\/pc-gamer\\\/producto\\\/auriculares-bluetooth-mooki-sound\\\/\",\"name\":\"Auriculares Bluetooth MOOKI Sound MA-TWS66 Black - UnitGames\",\"isPartOf\":{\"@id\":\"https:\\\/\\\/unitgames.com.ar\\\/pc-gamer\\\/#website\"},\"primaryImageOfPage\":{\"@id\":\"https:\\\/\\\/unitgames.com.ar\\\/pc-gamer\\\/producto\\\/auriculares-bluetooth-mooki-sound\\\/#primaryimage\"},\"image\":{\"@id\":\"https:\\\/\\\/unitgames.com.ar\\\/pc-gamer\\\/producto\\\/auriculares-bluetooth-mooki-sound\\\/#primaryimage\"},\"thumbnailUrl\":\"https:\\\/\\\/unitgames.com.ar\\\/pc-gamer\\\/wp-content\\\/uploads\\\/2025\\\/01\\\/Auriculares-Bluetooth-MOOKI-Sound-MA-TWS66-Black.png\",\"datePublished\":\"2025-01-13T15:25:29+00:00\",\"dateModified\":\"2026-01-09T10:17:09+00:00\",\"breadcrumb\":{\"@id\":\"https:\\\/\\\/unitgames.com.ar\\\/pc-gamer\\\/producto\\\/auriculares-bluetooth-mooki-sound\\\/#breadcrumb\"},\"inLanguage\":\"es\",\"potentialAction\":[{\"@type\":\"ReadAction\",\"target\":[\"https:\\\/\\\/unitgames.com.ar\\\/pc-gamer\\\/producto\\\/auriculares-bluetooth-mooki-sound\\\/\"]}]},{\"@type\":\"ImageObject\",\"inLanguage\":\"es\",\"@id\":\"https:\\\/\\\/unitgames.com.ar\\\/pc-gamer\\\/producto\\\/auriculares-bluetooth-mooki-sound\\\/#primaryimage\",\"url\":\"https:\\\/\\\/unitgames.com.ar\\\/pc-gamer\\\/wp-content\\\/uploads\\\/2025\\\/01\\\/Auriculares-Bluetooth-MOOKI-Sound-MA-TWS66-Black.png\",\"contentUrl\":\"https:\\\/\\\/unitgames.com.ar\\\/pc-gamer\\\/wp-content\\\/uploads\\\/2025\\\/01\\\/Auriculares-Bluetooth-MOOKI-Sound-MA-TWS66-Black.png\",\"width\":1263,\"height\":1285},{\"@type\":\"BreadcrumbList\",\"@id\":\"https:\\\/\\\/unitgames.com.ar\\\/pc-gamer\\\/producto\\\/auriculares-bluetooth-mooki-sound\\\/#breadcrumb\",\"itemListElement\":[{\"@type\":\"ListItem\",\"position\":1,\"name\":\"Tienda\",\"item\":\"https:\\\/\\\/unitgames.com.ar\\\/pc-gamer\\\/tienda\\\/\"},{\"@type\":\"ListItem\",\"position\":2,\"name\":\"Auriculares Bluetooth MOOKI Sound MA-TWS66 Black\"}]},{\"@type\":\"WebSite\",\"@id\":\"https:\\\/\\\/unitgames.com.ar\\\/pc-gamer\\\/#website\",\"url\":\"https:\\\/\\\/unitgames.com.ar\\\/pc-gamer\\\/\",\"name\":\"UnitGames\",\"description\":\"Venta de PC Gamers, Consolas , Servicio Tecnico Especializado. Todos en Accesorios Informaticos y Gamers\",\"publisher\":{\"@id\":\"https:\\\/\\\/unitgames.com.ar\\\/pc-gamer\\\/#organization\"},\"potentialAction\":[{\"@type\":\"SearchAction\",\"target\":{\"@type\":\"EntryPoint\",\"urlTemplate\":\"https:\\\/\\\/unitgames.com.ar\\\/pc-gamer\\\/?s={search_term_string}\"},\"query-input\":{\"@type\":\"PropertyValueSpecification\",\"valueRequired\":true,\"valueName\":\"search_term_string\"}}],\"inLanguage\":\"es\"},{\"@type\":\"Organization\",\"@id\":\"https:\\\/\\\/unitgames.com.ar\\\/pc-gamer\\\/#organization\",\"name\":\"UnitGames\",\"url\":\"https:\\\/\\\/unitgames.com.ar\\\/pc-gamer\\\/\",\"logo\":{\"@type\":\"ImageObject\",\"inLanguage\":\"es\",\"@id\":\"https:\\\/\\\/unitgames.com.ar\\\/pc-gamer\\\/#\\\/schema\\\/logo\\\/image\\\/\",\"url\":\"https:\\\/\\\/unitgames.com.ar\\\/pc-gamer\\\/wp-content\\\/uploads\\\/2021\\\/01\\\/cropped-logoUnitGames2.png\",\"contentUrl\":\"https:\\\/\\\/unitgames.com.ar\\\/pc-gamer\\\/wp-content\\\/uploads\\\/2021\\\/01\\\/cropped-logoUnitGames2.png\",\"width\":152,\"height\":200,\"caption\":\"UnitGames\"},\"image\":{\"@id\":\"https:\\\/\\\/unitgames.com.ar\\\/pc-gamer\\\/#\\\/schema\\\/logo\\\/image\\\/\"}}]}<\/script>\n<!-- \/ Yoast SEO plugin. -->","yoast_head_json":{"title":"Auriculares Bluetooth MOOKI Sound MA-TWS66 Black - UnitGames","robots":{"index":"index","follow":"follow","max-snippet":"max-snippet:-1","max-image-preview":"max-image-preview:large","max-video-preview":"max-video-preview:-1"},"canonical":"https:\/\/unitgames.com.ar\/pc-gamer\/producto\/auriculares-bluetooth-mooki-sound\/","og_locale":"es_ES","og_type":"article","og_title":"Auriculares Bluetooth MOOKI Sound MA-TWS66 Black - UnitGames","og_description":"El Moonki Sound MA-TWS66 es un renovado auricular tipo Earbud de conectividad inal\u00e1mbrica Bluetooth 5.0. Goza de un dise\u00f1o con suaves ganchos de agarre para mayor comodidad en el ajuste. Alcanza privilegiados tiempos de reproducci\u00f3n de alrededor de 12 hs y contiene micr\u00f3fono incorporado con funci\u00f3n manos libres para que nunca te detengas. Tambi\u00e9n incluye estuche compacto de almacenamiento y recarga. C\u00f3digo\u00a0MA-TWS66 Tipo\u00a0Earbuds Bluetooth Bluetooth Versi\u00f3n\u00a05.0 Rango de alcance\u00a010M Rango de frecuencia\u00a020-20,000Hz Sensibilidad\u00a0100dB a 1KHz Impedancia\u00a016 ohmios \u00b1 15 Drivers\u00a06mm Dise\u00f1o ergon\u00f3mico para mayor comodidad Micr\u00f3fono incorporado Estuche de carga Entrada de carga\u00a0Micro USB Bater\u00eda de litio\u00a030 mAh Earbuds &#8211; Base 400 mAh Tiempo de Carga\u00a02Hs Aprox. Reproducci\u00f3n\u00a0Hasta 12 horas (tres ciclos de carga de 4 horas de duraci\u00f3n) Medidas de la unidad\u00a080 x 50 x 30 mm Peso de la Unidad\u00a065 Gr Medidas de la Caja\u00a0100 x 150 x 40 mm Peso de la Caja\u00a0145 Gr EAN\u00a07798135511968","og_url":"https:\/\/unitgames.com.ar\/pc-gamer\/producto\/auriculares-bluetooth-mooki-sound\/","og_site_name":"UnitGames","article_modified_time":"2026-01-09T10:17:09+00:00","og_image":[{"width":1263,"height":1285,"url":"https:\/\/unitgames.com.ar\/pc-gamer\/wp-content\/uploads\/2025\/01\/Auriculares-Bluetooth-MOOKI-Sound-MA-TWS66-Black.png","type":"image\/png"}],"twitter_card":"summary_large_image","twitter_misc":{"Tiempo de lectura":"1 minuto"},"schema":{"@context":"https:\/\/schema.org","@graph":[{"@type":"WebPage","@id":"https:\/\/unitgames.com.ar\/pc-gamer\/producto\/auriculares-bluetooth-mooki-sound\/","url":"https:\/\/unitgames.com.ar\/pc-gamer\/producto\/auriculares-bluetooth-mooki-sound\/","name":"Auriculares Bluetooth MOOKI Sound MA-TWS66 Black - UnitGames","isPartOf":{"@id":"https:\/\/unitgames.com.ar\/pc-gamer\/#website"},"primaryImageOfPage":{"@id":"https:\/\/unitgames.com.ar\/pc-gamer\/producto\/auriculares-bluetooth-mooki-sound\/#primaryimage"},"image":{"@id":"https:\/\/unitgames.com.ar\/pc-gamer\/producto\/auriculares-bluetooth-mooki-sound\/#primaryimage"},"thumbnailUrl":"https:\/\/unitgames.com.ar\/pc-gamer\/wp-content\/uploads\/2025\/01\/Auriculares-Bluetooth-MOOKI-Sound-MA-TWS66-Black.png","datePublished":"2025-01-13T15:25:29+00:00","dateModified":"2026-01-09T10:17:09+00:00","breadcrumb":{"@id":"https:\/\/unitgames.com.ar\/pc-gamer\/producto\/auriculares-bluetooth-mooki-sound\/#breadcrumb"},"inLanguage":"es","potentialAction":[{"@type":"ReadAction","target":["https:\/\/unitgames.com.ar\/pc-gamer\/producto\/auriculares-bluetooth-mooki-sound\/"]}]},{"@type":"ImageObject","inLanguage":"es","@id":"https:\/\/unitgames.com.ar\/pc-gamer\/producto\/auriculares-bluetooth-mooki-sound\/#primaryimage","url":"https:\/\/unitgames.com.ar\/pc-gamer\/wp-content\/uploads\/2025\/01\/Auriculares-Bluetooth-MOOKI-Sound-MA-TWS66-Black.png","contentUrl":"https:\/\/unitgames.com.ar\/pc-gamer\/wp-content\/uploads\/2025\/01\/Auriculares-Bluetooth-MOOKI-Sound-MA-TWS66-Black.png","width":1263,"height":1285},{"@type":"BreadcrumbList","@id":"https:\/\/unitgames.com.ar\/pc-gamer\/producto\/auriculares-bluetooth-mooki-sound\/#breadcrumb","itemListElement":[{"@type":"ListItem","position":1,"name":"Tienda","item":"https:\/\/unitgames.com.ar\/pc-gamer\/tienda\/"},{"@type":"ListItem","position":2,"name":"Auriculares Bluetooth MOOKI Sound MA-TWS66 Black"}]},{"@type":"WebSite","@id":"https:\/\/unitgames.com.ar\/pc-gamer\/#website","url":"https:\/\/unitgames.com.ar\/pc-gamer\/","name":"UnitGames","description":"Venta de PC Gamers, Consolas , Servicio Tecnico Especializado. Todos en Accesorios Informaticos y Gamers","publisher":{"@id":"https:\/\/unitgames.com.ar\/pc-gamer\/#organization"},"potentialAction":[{"@type":"SearchAction","target":{"@type":"EntryPoint","urlTemplate":"https:\/\/unitgames.com.ar\/pc-gamer\/?s={search_term_string}"},"query-input":{"@type":"PropertyValueSpecification","valueRequired":true,"valueName":"search_term_string"}}],"inLanguage":"es"},{"@type":"Organization","@id":"https:\/\/unitgames.com.ar\/pc-gamer\/#organization","name":"UnitGames","url":"https:\/\/unitgames.com.ar\/pc-gamer\/","logo":{"@type":"ImageObject","inLanguage":"es","@id":"https:\/\/unitgames.com.ar\/pc-gamer\/#\/schema\/logo\/image\/","url":"https:\/\/unitgames.com.ar\/pc-gamer\/wp-content\/uploads\/2021\/01\/cropped-logoUnitGames2.png","contentUrl":"https:\/\/unitgames.com.ar\/pc-gamer\/wp-content\/uploads\/2021\/01\/cropped-logoUnitGames2.png","width":152,"height":200,"caption":"UnitGames"},"image":{"@id":"https:\/\/unitgames.com.ar\/pc-gamer\/#\/schema\/logo\/image\/"}}]}},"_links":{"self":[{"href":"https:\/\/unitgames.com.ar\/pc-gamer\/wp-json\/wp\/v2\/product\/12143","targetHints":{"allow":["GET"]}}],"collection":[{"href":"https:\/\/unitgames.com.ar\/pc-gamer\/wp-json\/wp\/v2\/product"}],"about":[{"href":"https:\/\/unitgames.com.ar\/pc-gamer\/wp-json\/wp\/v2\/types\/product"}],"version-history":[{"count":0,"href":"https:\/\/unitgames.com.ar\/pc-gamer\/wp-json\/wp\/v2\/product\/12143\/revisions"}],"wp:featuredmedia":[{"embeddable":true,"href":"https:\/\/unitgames.com.ar\/pc-gamer\/wp-json\/wp\/v2\/media\/12152"}],"wp:attachment":[{"href":"https:\/\/unitgames.com.ar\/pc-gamer\/wp-json\/wp\/v2\/media?parent=12143"}],"wp:term":[{"taxonomy":"product_brand","embeddable":true,"href":"https:\/\/unitgames.com.ar\/pc-gamer\/wp-json\/wp\/v2\/product_brand?post=12143"},{"taxonomy":"product_cat","embeddable":true,"href":"https:\/\/unitgames.com.ar\/pc-gamer\/wp-json\/wp\/v2\/product_cat?post=12143"},{"taxonomy":"product_tag","embeddable":true,"href":"https:\/\/unitgames.com.ar\/pc-gamer\/wp-json\/wp\/v2\/product_tag?post=12143"}],"curies":[{"name":"wp","href":"https:\/\/api.w.org\/{rel}","templated":true}]}}