{"id":12177,"date":"2025-01-14T14:45:19","date_gmt":"2025-01-14T14:45:19","guid":{"rendered":"https:\/\/unitgames.com.ar\/pc-gamer\/?post_type=product&#038;p=12177"},"modified":"2026-01-09T07:17:08","modified_gmt":"2026-01-09T10:17:08","slug":"auriculares-bluetooth-mooki-sound-mh-o510","status":"publish","type":"product","link":"https:\/\/unitgames.com.ar\/pc-gamer\/producto\/auriculares-bluetooth-mooki-sound-mh-o510\/","title":{"rendered":"Auriculares Bluetooth MOOKI Sound Mh-O510"},"content":{"rendered":"<p>Auricular vincha con dise\u00f1o plegable. Drivers 10mm. Frecuencia de respuesta 20Hz-20KHz. Bluetooth 4.2. Rango de alcance 10Mts. Capacidad de bater\u00eda 300 mAh. Tiempo de carga 2.5hs. aproximadamente. Tiempo de reproducci\u00f3n H\/10hs.<\/p>\n<div class=\"aremsaprod-store-theme-11XDEGACHQc4-DjChDhkH7\">\n<p class=\"aremsaprod-store-theme-2A7jrWOAjTeqOMcZtWGwrl\">Caracter\u00edsticas generales<\/p>\n<div class=\"aremsaprod-store-theme-1KFlF6NNS47hmp3UpDAG-7\">\n<div class=\"aremsaprod-store-theme-cetCqwXhwacvcFCe4KtBQ\"><span class=\"aremsaprod-store-theme-1swiW4IjVCOTGJG1D66nBC\">Marca <\/span><span class=\"aremsaprod-store-theme-1FI0yaImqsr36x5lFXkzxU\">Moonki Sound<\/span><\/div>\n<div class=\"aremsaprod-store-theme-cetCqwXhwacvcFCe4KtBQ\"><span class=\"aremsaprod-store-theme-1swiW4IjVCOTGJG1D66nBC\">Modelo <\/span><span class=\"aremsaprod-store-theme-1FI0yaImqsr36x5lFXkzxU\">Mh-O510bt<\/span><\/div>\n<div class=\"aremsaprod-store-theme-cetCqwXhwacvcFCe4KtBQ\"><span class=\"aremsaprod-store-theme-1swiW4IjVCOTGJG1D66nBC\">Origen <\/span><span class=\"aremsaprod-store-theme-1FI0yaImqsr36x5lFXkzxU\">China<\/span><\/div>\n<div class=\"aremsaprod-store-theme-cetCqwXhwacvcFCe4KtBQ\"><span class=\"aremsaprod-store-theme-1swiW4IjVCOTGJG1D66nBC\">Garant\u00eda <\/span><span class=\"aremsaprod-store-theme-1FI0yaImqsr36x5lFXkzxU\">6 Meses<\/span><\/div>\n<div class=\"aremsaprod-store-theme-cetCqwXhwacvcFCe4KtBQ\"><span class=\"aremsaprod-store-theme-1swiW4IjVCOTGJG1D66nBC\">Color <\/span><span class=\"aremsaprod-store-theme-1FI0yaImqsr36x5lFXkzxU\">Negro<\/span><\/div>\n<\/div>\n<\/div>\n<div class=\"aremsaprod-store-theme-11XDEGACHQc4-DjChDhkH7\">\n<p class=\"aremsaprod-store-theme-2A7jrWOAjTeqOMcZtWGwrl\">Informaci\u00f3n del producto<\/p>\n<div class=\"aremsaprod-store-theme-1KFlF6NNS47hmp3UpDAG-7\">\n<div class=\"aremsaprod-store-theme-cetCqwXhwacvcFCe4KtBQ\"><span class=\"aremsaprod-store-theme-1swiW4IjVCOTGJG1D66nBC\">Tipo de producto <\/span><span class=\"aremsaprod-store-theme-1FI0yaImqsr36x5lFXkzxU\">Vincha Over ear<\/span><\/div>\n<div class=\"aremsaprod-store-theme-cetCqwXhwacvcFCe4KtBQ\"><span class=\"aremsaprod-store-theme-1swiW4IjVCOTGJG1D66nBC\">Inal\u00e1mbrico <\/span><span class=\"aremsaprod-store-theme-1FI0yaImqsr36x5lFXkzxU\">Si<\/span><\/div>\n<div class=\"aremsaprod-store-theme-cetCqwXhwacvcFCe4KtBQ\"><span class=\"aremsaprod-store-theme-1swiW4IjVCOTGJG1D66nBC\">Micr\u00f3fono <\/span><span class=\"aremsaprod-store-theme-1FI0yaImqsr36x5lFXkzxU\">Si<\/span><\/div>\n<div class=\"aremsaprod-store-theme-cetCqwXhwacvcFCe4KtBQ\"><span class=\"aremsaprod-store-theme-1swiW4IjVCOTGJG1D66nBC\">Control de volumen <\/span><span class=\"aremsaprod-store-theme-1FI0yaImqsr36x5lFXkzxU\">Si<\/span><\/div>\n<\/div>\n<\/div>\n","protected":false},"excerpt":{"rendered":"<p>Auricular vincha con dise\u00f1o plegable. Drivers 10mm. Frecuencia de respuesta 20Hz-20KHz. Bluetooth 4.2. Rango de alcance 10Mts. Capacidad de bater\u00eda 300 mAh. Tiempo de carga 2.5hs. aproximadamente. Tiempo de reproducci\u00f3n H\/10hs. Caracter\u00edsticas generales Marca Moonki Sound Modelo Mh-O510bt Origen China Garant\u00eda 6 Meses Color Negro Informaci\u00f3n del producto Tipo de producto Vincha Over ear Inal\u00e1mbrico Si Micr\u00f3fono Si Control de volumen Si<\/p>\n","protected":false},"featured_media":12203,"template":"","meta":{"site-sidebar-layout":"default","site-content-layout":"","ast-site-content-layout":"default","site-content-style":"default","site-sidebar-style":"default","ast-global-header-display":"","ast-banner-title-visibility":"","ast-main-header-display":"","ast-hfb-above-header-display":"","ast-hfb-below-header-display":"","ast-hfb-mobile-header-display":"","site-post-title":"","ast-breadcrumbs-content":"","ast-featured-img":"","footer-sml-layout":"","theme-transparent-header-meta":"","adv-header-id-meta":"","stick-header-meta":"","header-above-stick-meta":"","header-main-stick-meta":"","header-below-stick-meta":"","astra-migrate-meta-layouts":"default","ast-page-background-enabled":"default","ast-page-background-meta":{"desktop":{"background-color":"var(--ast-global-color-5)","background-image":"","background-repeat":"repeat","background-position":"center center","background-size":"auto","background-attachment":"scroll","background-type":"","background-media":"","overlay-type":"","overlay-color":"","overlay-opacity":"","overlay-gradient":""},"tablet":{"background-color":"","background-image":"","background-repeat":"repeat","background-position":"center center","background-size":"auto","background-attachment":"scroll","background-type":"","background-media":"","overlay-type":"","overlay-color":"","overlay-opacity":"","overlay-gradient":""},"mobile":{"background-color":"","background-image":"","background-repeat":"repeat","background-position":"center center","background-size":"auto","background-attachment":"scroll","background-type":"","background-media":"","overlay-type":"","overlay-color":"","overlay-opacity":"","overlay-gradient":""}},"ast-content-background-meta":{"desktop":{"background-color":"var(--ast-global-color-4)","background-image":"","background-repeat":"repeat","background-position":"center center","background-size":"auto","background-attachment":"scroll","background-type":"","background-media":"","overlay-type":"","overlay-color":"","overlay-opacity":"","overlay-gradient":""},"tablet":{"background-color":"var(--ast-global-color-4)","background-image":"","background-repeat":"repeat","background-position":"center center","background-size":"auto","background-attachment":"scroll","background-type":"","background-media":"","overlay-type":"","overlay-color":"","overlay-opacity":"","overlay-gradient":""},"mobile":{"background-color":"var(--ast-global-color-4)","background-image":"","background-repeat":"repeat","background-position":"center center","background-size":"auto","background-attachment":"scroll","background-type":"","background-media":"","overlay-type":"","overlay-color":"","overlay-opacity":"","overlay-gradient":""}},"_joinchat":[]},"product_brand":[],"product_cat":[60],"product_tag":[],"class_list":{"0":"post-12177","1":"product","2":"type-product","3":"status-publish","4":"has-post-thumbnail","6":"product_cat-auriculares-bluetooth","7":"desktop-align-center","8":"tablet-align-left","9":"mobile-align-left","11":"first","12":"instock","13":"shipping-taxable","14":"purchasable","15":"product-type-simple"},"yoast_head":"<!-- This site is optimized with the Yoast SEO plugin v27.3 - https:\/\/yoast.com\/product\/yoast-seo-wordpress\/ -->\n<title>Auriculares Bluetooth MOOKI Sound Mh-O510 - UnitGames<\/title>\n<meta name=\"robots\" content=\"index, follow, max-snippet:-1, max-image-preview:large, max-video-preview:-1\" \/>\n<link rel=\"canonical\" href=\"https:\/\/unitgames.com.ar\/pc-gamer\/producto\/auriculares-bluetooth-mooki-sound-mh-o510\/\" \/>\n<meta property=\"og:locale\" content=\"es_ES\" \/>\n<meta property=\"og:type\" content=\"article\" \/>\n<meta property=\"og:title\" content=\"Auriculares Bluetooth MOOKI Sound Mh-O510 - UnitGames\" \/>\n<meta property=\"og:description\" content=\"Auricular vincha con dise\u00f1o plegable. Drivers 10mm. Frecuencia de respuesta 20Hz-20KHz. Bluetooth 4.2. Rango de alcance 10Mts. Capacidad de bater\u00eda 300 mAh. Tiempo de carga 2.5hs. aproximadamente. Tiempo de reproducci\u00f3n H\/10hs. Caracter\u00edsticas generales Marca Moonki Sound Modelo Mh-O510bt Origen China Garant\u00eda 6 Meses Color Negro Informaci\u00f3n del producto Tipo de producto Vincha Over ear Inal\u00e1mbrico Si Micr\u00f3fono Si Control de volumen Si\" \/>\n<meta property=\"og:url\" content=\"https:\/\/unitgames.com.ar\/pc-gamer\/producto\/auriculares-bluetooth-mooki-sound-mh-o510\/\" \/>\n<meta property=\"og:site_name\" content=\"UnitGames\" \/>\n<meta property=\"article:modified_time\" content=\"2026-01-09T10:17:08+00:00\" \/>\n<meta property=\"og:image\" content=\"https:\/\/unitgames.com.ar\/pc-gamer\/wp-content\/uploads\/2025\/01\/Auriculares-Bluetooth-MOOKI-Sound-Mh-O510.png\" \/>\n\t<meta property=\"og:image:width\" content=\"1282\" \/>\n\t<meta property=\"og:image:height\" content=\"1285\" \/>\n\t<meta property=\"og:image:type\" content=\"image\/png\" \/>\n<meta name=\"twitter:card\" content=\"summary_large_image\" \/>\n<meta name=\"twitter:label1\" content=\"Tiempo de lectura\" \/>\n\t<meta name=\"twitter:data1\" content=\"1 minuto\" \/>\n<script type=\"application\/ld+json\" class=\"yoast-schema-graph\">{\"@context\":\"https:\\\/\\\/schema.org\",\"@graph\":[{\"@type\":\"WebPage\",\"@id\":\"https:\\\/\\\/unitgames.com.ar\\\/pc-gamer\\\/producto\\\/auriculares-bluetooth-mooki-sound-mh-o510\\\/\",\"url\":\"https:\\\/\\\/unitgames.com.ar\\\/pc-gamer\\\/producto\\\/auriculares-bluetooth-mooki-sound-mh-o510\\\/\",\"name\":\"Auriculares Bluetooth MOOKI Sound Mh-O510 - UnitGames\",\"isPartOf\":{\"@id\":\"https:\\\/\\\/unitgames.com.ar\\\/pc-gamer\\\/#website\"},\"primaryImageOfPage\":{\"@id\":\"https:\\\/\\\/unitgames.com.ar\\\/pc-gamer\\\/producto\\\/auriculares-bluetooth-mooki-sound-mh-o510\\\/#primaryimage\"},\"image\":{\"@id\":\"https:\\\/\\\/unitgames.com.ar\\\/pc-gamer\\\/producto\\\/auriculares-bluetooth-mooki-sound-mh-o510\\\/#primaryimage\"},\"thumbnailUrl\":\"https:\\\/\\\/unitgames.com.ar\\\/pc-gamer\\\/wp-content\\\/uploads\\\/2025\\\/01\\\/Auriculares-Bluetooth-MOOKI-Sound-Mh-O510.png\",\"datePublished\":\"2025-01-14T14:45:19+00:00\",\"dateModified\":\"2026-01-09T10:17:08+00:00\",\"breadcrumb\":{\"@id\":\"https:\\\/\\\/unitgames.com.ar\\\/pc-gamer\\\/producto\\\/auriculares-bluetooth-mooki-sound-mh-o510\\\/#breadcrumb\"},\"inLanguage\":\"es\",\"potentialAction\":[{\"@type\":\"ReadAction\",\"target\":[\"https:\\\/\\\/unitgames.com.ar\\\/pc-gamer\\\/producto\\\/auriculares-bluetooth-mooki-sound-mh-o510\\\/\"]}]},{\"@type\":\"ImageObject\",\"inLanguage\":\"es\",\"@id\":\"https:\\\/\\\/unitgames.com.ar\\\/pc-gamer\\\/producto\\\/auriculares-bluetooth-mooki-sound-mh-o510\\\/#primaryimage\",\"url\":\"https:\\\/\\\/unitgames.com.ar\\\/pc-gamer\\\/wp-content\\\/uploads\\\/2025\\\/01\\\/Auriculares-Bluetooth-MOOKI-Sound-Mh-O510.png\",\"contentUrl\":\"https:\\\/\\\/unitgames.com.ar\\\/pc-gamer\\\/wp-content\\\/uploads\\\/2025\\\/01\\\/Auriculares-Bluetooth-MOOKI-Sound-Mh-O510.png\",\"width\":1282,\"height\":1285},{\"@type\":\"BreadcrumbList\",\"@id\":\"https:\\\/\\\/unitgames.com.ar\\\/pc-gamer\\\/producto\\\/auriculares-bluetooth-mooki-sound-mh-o510\\\/#breadcrumb\",\"itemListElement\":[{\"@type\":\"ListItem\",\"position\":1,\"name\":\"Tienda\",\"item\":\"https:\\\/\\\/unitgames.com.ar\\\/pc-gamer\\\/tienda\\\/\"},{\"@type\":\"ListItem\",\"position\":2,\"name\":\"Auriculares Bluetooth MOOKI Sound Mh-O510\"}]},{\"@type\":\"WebSite\",\"@id\":\"https:\\\/\\\/unitgames.com.ar\\\/pc-gamer\\\/#website\",\"url\":\"https:\\\/\\\/unitgames.com.ar\\\/pc-gamer\\\/\",\"name\":\"UnitGames\",\"description\":\"Venta de PC Gamers, Consolas , Servicio Tecnico Especializado. Todos en Accesorios Informaticos y Gamers\",\"publisher\":{\"@id\":\"https:\\\/\\\/unitgames.com.ar\\\/pc-gamer\\\/#organization\"},\"potentialAction\":[{\"@type\":\"SearchAction\",\"target\":{\"@type\":\"EntryPoint\",\"urlTemplate\":\"https:\\\/\\\/unitgames.com.ar\\\/pc-gamer\\\/?s={search_term_string}\"},\"query-input\":{\"@type\":\"PropertyValueSpecification\",\"valueRequired\":true,\"valueName\":\"search_term_string\"}}],\"inLanguage\":\"es\"},{\"@type\":\"Organization\",\"@id\":\"https:\\\/\\\/unitgames.com.ar\\\/pc-gamer\\\/#organization\",\"name\":\"UnitGames\",\"url\":\"https:\\\/\\\/unitgames.com.ar\\\/pc-gamer\\\/\",\"logo\":{\"@type\":\"ImageObject\",\"inLanguage\":\"es\",\"@id\":\"https:\\\/\\\/unitgames.com.ar\\\/pc-gamer\\\/#\\\/schema\\\/logo\\\/image\\\/\",\"url\":\"https:\\\/\\\/unitgames.com.ar\\\/pc-gamer\\\/wp-content\\\/uploads\\\/2021\\\/01\\\/cropped-logoUnitGames2.png\",\"contentUrl\":\"https:\\\/\\\/unitgames.com.ar\\\/pc-gamer\\\/wp-content\\\/uploads\\\/2021\\\/01\\\/cropped-logoUnitGames2.png\",\"width\":152,\"height\":200,\"caption\":\"UnitGames\"},\"image\":{\"@id\":\"https:\\\/\\\/unitgames.com.ar\\\/pc-gamer\\\/#\\\/schema\\\/logo\\\/image\\\/\"}}]}<\/script>\n<!-- \/ Yoast SEO plugin. -->","yoast_head_json":{"title":"Auriculares Bluetooth MOOKI Sound Mh-O510 - UnitGames","robots":{"index":"index","follow":"follow","max-snippet":"max-snippet:-1","max-image-preview":"max-image-preview:large","max-video-preview":"max-video-preview:-1"},"canonical":"https:\/\/unitgames.com.ar\/pc-gamer\/producto\/auriculares-bluetooth-mooki-sound-mh-o510\/","og_locale":"es_ES","og_type":"article","og_title":"Auriculares Bluetooth MOOKI Sound Mh-O510 - UnitGames","og_description":"Auricular vincha con dise\u00f1o plegable. Drivers 10mm. Frecuencia de respuesta 20Hz-20KHz. Bluetooth 4.2. Rango de alcance 10Mts. Capacidad de bater\u00eda 300 mAh. Tiempo de carga 2.5hs. aproximadamente. Tiempo de reproducci\u00f3n H\/10hs. Caracter\u00edsticas generales Marca Moonki Sound Modelo Mh-O510bt Origen China Garant\u00eda 6 Meses Color Negro Informaci\u00f3n del producto Tipo de producto Vincha Over ear Inal\u00e1mbrico Si Micr\u00f3fono Si Control de volumen Si","og_url":"https:\/\/unitgames.com.ar\/pc-gamer\/producto\/auriculares-bluetooth-mooki-sound-mh-o510\/","og_site_name":"UnitGames","article_modified_time":"2026-01-09T10:17:08+00:00","og_image":[{"width":1282,"height":1285,"url":"https:\/\/unitgames.com.ar\/pc-gamer\/wp-content\/uploads\/2025\/01\/Auriculares-Bluetooth-MOOKI-Sound-Mh-O510.png","type":"image\/png"}],"twitter_card":"summary_large_image","twitter_misc":{"Tiempo de lectura":"1 minuto"},"schema":{"@context":"https:\/\/schema.org","@graph":[{"@type":"WebPage","@id":"https:\/\/unitgames.com.ar\/pc-gamer\/producto\/auriculares-bluetooth-mooki-sound-mh-o510\/","url":"https:\/\/unitgames.com.ar\/pc-gamer\/producto\/auriculares-bluetooth-mooki-sound-mh-o510\/","name":"Auriculares Bluetooth MOOKI Sound Mh-O510 - UnitGames","isPartOf":{"@id":"https:\/\/unitgames.com.ar\/pc-gamer\/#website"},"primaryImageOfPage":{"@id":"https:\/\/unitgames.com.ar\/pc-gamer\/producto\/auriculares-bluetooth-mooki-sound-mh-o510\/#primaryimage"},"image":{"@id":"https:\/\/unitgames.com.ar\/pc-gamer\/producto\/auriculares-bluetooth-mooki-sound-mh-o510\/#primaryimage"},"thumbnailUrl":"https:\/\/unitgames.com.ar\/pc-gamer\/wp-content\/uploads\/2025\/01\/Auriculares-Bluetooth-MOOKI-Sound-Mh-O510.png","datePublished":"2025-01-14T14:45:19+00:00","dateModified":"2026-01-09T10:17:08+00:00","breadcrumb":{"@id":"https:\/\/unitgames.com.ar\/pc-gamer\/producto\/auriculares-bluetooth-mooki-sound-mh-o510\/#breadcrumb"},"inLanguage":"es","potentialAction":[{"@type":"ReadAction","target":["https:\/\/unitgames.com.ar\/pc-gamer\/producto\/auriculares-bluetooth-mooki-sound-mh-o510\/"]}]},{"@type":"ImageObject","inLanguage":"es","@id":"https:\/\/unitgames.com.ar\/pc-gamer\/producto\/auriculares-bluetooth-mooki-sound-mh-o510\/#primaryimage","url":"https:\/\/unitgames.com.ar\/pc-gamer\/wp-content\/uploads\/2025\/01\/Auriculares-Bluetooth-MOOKI-Sound-Mh-O510.png","contentUrl":"https:\/\/unitgames.com.ar\/pc-gamer\/wp-content\/uploads\/2025\/01\/Auriculares-Bluetooth-MOOKI-Sound-Mh-O510.png","width":1282,"height":1285},{"@type":"BreadcrumbList","@id":"https:\/\/unitgames.com.ar\/pc-gamer\/producto\/auriculares-bluetooth-mooki-sound-mh-o510\/#breadcrumb","itemListElement":[{"@type":"ListItem","position":1,"name":"Tienda","item":"https:\/\/unitgames.com.ar\/pc-gamer\/tienda\/"},{"@type":"ListItem","position":2,"name":"Auriculares Bluetooth MOOKI Sound Mh-O510"}]},{"@type":"WebSite","@id":"https:\/\/unitgames.com.ar\/pc-gamer\/#website","url":"https:\/\/unitgames.com.ar\/pc-gamer\/","name":"UnitGames","description":"Venta de PC Gamers, Consolas , Servicio Tecnico Especializado. Todos en Accesorios Informaticos y Gamers","publisher":{"@id":"https:\/\/unitgames.com.ar\/pc-gamer\/#organization"},"potentialAction":[{"@type":"SearchAction","target":{"@type":"EntryPoint","urlTemplate":"https:\/\/unitgames.com.ar\/pc-gamer\/?s={search_term_string}"},"query-input":{"@type":"PropertyValueSpecification","valueRequired":true,"valueName":"search_term_string"}}],"inLanguage":"es"},{"@type":"Organization","@id":"https:\/\/unitgames.com.ar\/pc-gamer\/#organization","name":"UnitGames","url":"https:\/\/unitgames.com.ar\/pc-gamer\/","logo":{"@type":"ImageObject","inLanguage":"es","@id":"https:\/\/unitgames.com.ar\/pc-gamer\/#\/schema\/logo\/image\/","url":"https:\/\/unitgames.com.ar\/pc-gamer\/wp-content\/uploads\/2021\/01\/cropped-logoUnitGames2.png","contentUrl":"https:\/\/unitgames.com.ar\/pc-gamer\/wp-content\/uploads\/2021\/01\/cropped-logoUnitGames2.png","width":152,"height":200,"caption":"UnitGames"},"image":{"@id":"https:\/\/unitgames.com.ar\/pc-gamer\/#\/schema\/logo\/image\/"}}]}},"_links":{"self":[{"href":"https:\/\/unitgames.com.ar\/pc-gamer\/wp-json\/wp\/v2\/product\/12177","targetHints":{"allow":["GET"]}}],"collection":[{"href":"https:\/\/unitgames.com.ar\/pc-gamer\/wp-json\/wp\/v2\/product"}],"about":[{"href":"https:\/\/unitgames.com.ar\/pc-gamer\/wp-json\/wp\/v2\/types\/product"}],"version-history":[{"count":0,"href":"https:\/\/unitgames.com.ar\/pc-gamer\/wp-json\/wp\/v2\/product\/12177\/revisions"}],"wp:featuredmedia":[{"embeddable":true,"href":"https:\/\/unitgames.com.ar\/pc-gamer\/wp-json\/wp\/v2\/media\/12203"}],"wp:attachment":[{"href":"https:\/\/unitgames.com.ar\/pc-gamer\/wp-json\/wp\/v2\/media?parent=12177"}],"wp:term":[{"taxonomy":"product_brand","embeddable":true,"href":"https:\/\/unitgames.com.ar\/pc-gamer\/wp-json\/wp\/v2\/product_brand?post=12177"},{"taxonomy":"product_cat","embeddable":true,"href":"https:\/\/unitgames.com.ar\/pc-gamer\/wp-json\/wp\/v2\/product_cat?post=12177"},{"taxonomy":"product_tag","embeddable":true,"href":"https:\/\/unitgames.com.ar\/pc-gamer\/wp-json\/wp\/v2\/product_tag?post=12177"}],"curies":[{"name":"wp","href":"https:\/\/api.w.org\/{rel}","templated":true}]}}