{"id":12249,"date":"2025-01-16T14:31:32","date_gmt":"2025-01-16T14:31:32","guid":{"rendered":"https:\/\/unitgames.com.ar\/pc-gamer\/?post_type=product&#038;p=12249"},"modified":"2026-01-09T07:16:58","modified_gmt":"2026-01-09T10:16:58","slug":"mouse-logitech-g502-gaming-hero","status":"publish","type":"product","link":"https:\/\/unitgames.com.ar\/pc-gamer\/producto\/mouse-logitech-g502-gaming-hero\/","title":{"rendered":"Mouse LOGITECH G502 Gaming Hero RGB"},"content":{"rendered":"<h2>Mouse Gamer G502 Hero<\/h2>\n<p>Con sensor Hero 16K que ofrece una precisi\u00f3n de pr\u00f3xima generaci\u00f3n y una arquitectura espec\u00edfica. Capaz de m\u00e1s de 400 ips y 100 &#8211; 16.000 dpi, sin suavizado, filtrado ni aceleraci\u00f3n. Ofrece precisi\u00f3n al m\u00e1s alto nivel competitivo y m\u00e1xima uniformidad de respuesta.<\/p>\n<p>Cuenta con 11 botones programables con el software\u00a0Logitech Gaming. Podr\u00e1s construir, agacharte, luchar cuerpo a cuerpo, sanar, etc. pon\u00e9 tus poderes al alcance de tus dedos. Tambi\u00e9n podr\u00e1s guardar hasta cinco perfiles diferentes directamente en el mouse para llevarte tu configuraci\u00f3n a cualquier parte.<\/p>\n<p>Con la tecnolog\u00eda LIGHTSYNC elige un espectro completo de aproximadamente 16,8 millones de colores, y sincroniza efectos y animaciones de iluminaci\u00f3n con otros dispositivos Logitech G. Personalizalo todo de forma r\u00e1pida y sencilla con Logitech Gaming Software.<\/p>\n<p>ESPECIFICACIONES F\u00cdSICAS<br \/>\nAltura: 132 mm<br \/>\nAnchura: 75 mm<br \/>\nProfundidad: 40 mm<br \/>\nPeso: 121 g, s\u00f3lo mouse<br \/>\nPesos adicionales opcionales: hasta 18 g (5 x 3,6 g)<br \/>\nLongitud de cable: 2,10 m<\/p>\n<p>SEGUIMIENTO<br \/>\nSensor: HERO&#x2122;<br \/>\nResoluci\u00f3n: 100 \u2013 16.000 dpi<br \/>\nSin suavizado\/aceleraci\u00f3n\/filtros<br \/>\nAceleraci\u00f3n m\u00e1x.: &gt; 40 G2 (Pruebas realizadas sobre alfombrilla de mouse Logitech G240 para juegos)<br \/>\nVelocidad m\u00e1x.: &gt; 400 ips3 (Pruebas realizadas sobre alfombrilla de mouse Logitech G240 para juegos)<\/p>\n<p>RESPUESTA<br \/>\nFormato de datos USB: 16 bits\/eje<br \/>\nVelocidad de respuesta USB: 1000 Hz (1 ms)<br \/>\nMicroprocesador: 32 bits ARM<\/p>\n<p>DURABILIDAD<br \/>\nBotones principales: 50 millones de clicks<br \/>\nPies de PTFE: Recorrido &gt; 250 km4Pruebas realizadas sobre alfombrilla de mouse Logitech G240 para juegos<\/p>\n<p>OTRAS FUNCIONES<br \/>\n\u00b7 Memoria integrada: 5 perfiles<br \/>\n\u00b7 RGB LIGHTSYNC: 1 zona<br \/>\n\u00b7 Cable trenzado<\/p>\n<p>REQUISITOS<br \/>\nWindows\u00ae 7 o posteriores<br \/>\nmacOS 10.11 o posterior<br \/>\nChrome OS&#x2122;<br \/>\nPuerto USB<br \/>\nConexi\u00f3n a Internet para Logitech Gaming Software (opcional)<\/p>\n","protected":false},"excerpt":{"rendered":"<p>Mouse Gamer G502 Hero Con sensor Hero 16K que ofrece una precisi\u00f3n de pr\u00f3xima generaci\u00f3n y una arquitectura espec\u00edfica. Capaz de m\u00e1s de 400 ips y 100 &#8211; 16.000 dpi, sin suavizado, filtrado ni aceleraci\u00f3n. Ofrece precisi\u00f3n al m\u00e1s alto nivel competitivo y m\u00e1xima uniformidad de respuesta. Cuenta con 11 botones programables con el software\u00a0Logitech Gaming. Podr\u00e1s construir, agacharte, luchar cuerpo a cuerpo, sanar, etc. pon\u00e9 tus poderes al alcance de tus dedos. Tambi\u00e9n podr\u00e1s guardar hasta cinco perfiles diferentes directamente en el mouse para llevarte tu configuraci\u00f3n a cualquier parte. Con la tecnolog\u00eda LIGHTSYNC elige un espectro completo de aproximadamente 16,8 millones de colores, y sincroniza efectos y animaciones de iluminaci\u00f3n con otros dispositivos Logitech G. Personalizalo todo de forma r\u00e1pida y sencilla con Logitech Gaming Software. ESPECIFICACIONES F\u00cdSICAS Altura: 132 mm Anchura: 75 mm Profundidad: 40 mm Peso: 121 g, s\u00f3lo mouse Pesos adicionales opcionales: hasta 18 g (5 x 3,6 g) Longitud de cable: 2,10 m SEGUIMIENTO Sensor: HERO&#x2122; Resoluci\u00f3n: 100 \u2013 16.000 dpi Sin suavizado\/aceleraci\u00f3n\/filtros Aceleraci\u00f3n m\u00e1x.: &gt; 40 G2 (Pruebas realizadas sobre alfombrilla de mouse Logitech G240 para juegos) Velocidad m\u00e1x.: &gt; 400 ips3 (Pruebas realizadas sobre alfombrilla de mouse Logitech G240 para juegos) RESPUESTA Formato de datos USB: 16 bits\/eje Velocidad de respuesta USB: 1000 Hz (1 ms) Microprocesador: 32 bits ARM DURABILIDAD Botones principales: 50 millones de clicks Pies de PTFE: Recorrido &gt; 250 km4Pruebas realizadas sobre alfombrilla de mouse Logitech G240 para juegos OTRAS FUNCIONES \u00b7 Memoria integrada: 5 perfiles \u00b7 RGB LIGHTSYNC: 1 zona \u00b7 Cable trenzado REQUISITOS Windows\u00ae 7 o posteriores macOS 10.11 o posterior Chrome OS&#x2122; Puerto USB Conexi\u00f3n a Internet para Logitech Gaming Software (opcional)<\/p>\n","protected":false},"featured_media":11357,"template":"","meta":{"site-sidebar-layout":"default","site-content-layout":"","ast-site-content-layout":"default","site-content-style":"default","site-sidebar-style":"default","ast-global-header-display":"","ast-banner-title-visibility":"","ast-main-header-display":"","ast-hfb-above-header-display":"","ast-hfb-below-header-display":"","ast-hfb-mobile-header-display":"","site-post-title":"","ast-breadcrumbs-content":"","ast-featured-img":"","footer-sml-layout":"","theme-transparent-header-meta":"default","adv-header-id-meta":"","stick-header-meta":"","header-above-stick-meta":"","header-main-stick-meta":"","header-below-stick-meta":"","astra-migrate-meta-layouts":"set","ast-page-background-enabled":"default","ast-page-background-meta":{"desktop":{"background-color":"var(--ast-global-color-5)","background-image":"","background-repeat":"repeat","background-position":"center center","background-size":"auto","background-attachment":"scroll","background-type":"","background-media":"","overlay-type":"","overlay-color":"","overlay-opacity":"","overlay-gradient":""},"tablet":{"background-color":"","background-image":"","background-repeat":"repeat","background-position":"center center","background-size":"auto","background-attachment":"scroll","background-type":"","background-media":"","overlay-type":"","overlay-color":"","overlay-opacity":"","overlay-gradient":""},"mobile":{"background-color":"","background-image":"","background-repeat":"repeat","background-position":"center center","background-size":"auto","background-attachment":"scroll","background-type":"","background-media":"","overlay-type":"","overlay-color":"","overlay-opacity":"","overlay-gradient":""}},"ast-content-background-meta":{"desktop":{"background-color":"var(--ast-global-color-4)","background-image":"","background-repeat":"repeat","background-position":"center center","background-size":"auto","background-attachment":"scroll","background-type":"","background-media":"","overlay-type":"","overlay-color":"","overlay-opacity":"","overlay-gradient":""},"tablet":{"background-color":"var(--ast-global-color-4)","background-image":"","background-repeat":"repeat","background-position":"center center","background-size":"auto","background-attachment":"scroll","background-type":"","background-media":"","overlay-type":"","overlay-color":"","overlay-opacity":"","overlay-gradient":""},"mobile":{"background-color":"var(--ast-global-color-4)","background-image":"","background-repeat":"repeat","background-position":"center center","background-size":"auto","background-attachment":"scroll","background-type":"","background-media":"","overlay-type":"","overlay-color":"","overlay-opacity":"","overlay-gradient":""}},"_joinchat":[]},"product_brand":[],"product_cat":[89],"product_tag":[],"class_list":{"0":"post-12249","1":"product","2":"type-product","3":"status-publish","4":"has-post-thumbnail","6":"product_cat-gamers-competitivos","7":"desktop-align-center","8":"tablet-align-left","9":"mobile-align-left","11":"first","12":"instock","13":"shipping-taxable","14":"purchasable","15":"product-type-simple"},"yoast_head":"<!-- This site is optimized with the Yoast SEO plugin v27.5 - https:\/\/yoast.com\/product\/yoast-seo-wordpress\/ -->\n<title>Mouse LOGITECH G502 Gaming Hero RGB - UnitGames<\/title>\n<meta name=\"robots\" content=\"index, follow, max-snippet:-1, max-image-preview:large, max-video-preview:-1\" \/>\n<link rel=\"canonical\" href=\"https:\/\/unitgames.com.ar\/pc-gamer\/producto\/mouse-logitech-g502-gaming-hero\/\" \/>\n<meta property=\"og:locale\" content=\"es_ES\" \/>\n<meta property=\"og:type\" content=\"article\" \/>\n<meta property=\"og:title\" content=\"Mouse LOGITECH G502 Gaming Hero RGB - UnitGames\" \/>\n<meta property=\"og:description\" content=\"Mouse Gamer G502 Hero Con sensor Hero 16K que ofrece una precisi\u00f3n de pr\u00f3xima generaci\u00f3n y una arquitectura espec\u00edfica. Capaz de m\u00e1s de 400 ips y 100 &#8211; 16.000 dpi, sin suavizado, filtrado ni aceleraci\u00f3n. Ofrece precisi\u00f3n al m\u00e1s alto nivel competitivo y m\u00e1xima uniformidad de respuesta. Cuenta con 11 botones programables con el software\u00a0Logitech Gaming. Podr\u00e1s construir, agacharte, luchar cuerpo a cuerpo, sanar, etc. pon\u00e9 tus poderes al alcance de tus dedos. Tambi\u00e9n podr\u00e1s guardar hasta cinco perfiles diferentes directamente en el mouse para llevarte tu configuraci\u00f3n a cualquier parte. Con la tecnolog\u00eda LIGHTSYNC elige un espectro completo de aproximadamente 16,8 millones de colores, y sincroniza efectos y animaciones de iluminaci\u00f3n con otros dispositivos Logitech G. Personalizalo todo de forma r\u00e1pida y sencilla con Logitech Gaming Software. ESPECIFICACIONES F\u00cdSICAS Altura: 132 mm Anchura: 75 mm Profundidad: 40 mm Peso: 121 g, s\u00f3lo mouse Pesos adicionales opcionales: hasta 18 g (5 x 3,6 g) Longitud de cable: 2,10 m SEGUIMIENTO Sensor: HERO&#x2122; Resoluci\u00f3n: 100 \u2013 16.000 dpi Sin suavizado\/aceleraci\u00f3n\/filtros Aceleraci\u00f3n m\u00e1x.: &gt; 40 G2 (Pruebas realizadas sobre alfombrilla de mouse Logitech G240 para juegos) Velocidad m\u00e1x.: &gt; 400 ips3 (Pruebas realizadas sobre alfombrilla de mouse Logitech G240 para juegos) RESPUESTA Formato de datos USB: 16 bits\/eje Velocidad de respuesta USB: 1000 Hz (1 ms) Microprocesador: 32 bits ARM DURABILIDAD Botones principales: 50 millones de clicks Pies de PTFE: Recorrido &gt; 250 km4Pruebas realizadas sobre alfombrilla de mouse Logitech G240 para juegos OTRAS FUNCIONES \u00b7 Memoria integrada: 5 perfiles \u00b7 RGB LIGHTSYNC: 1 zona \u00b7 Cable trenzado REQUISITOS Windows\u00ae 7 o posteriores macOS 10.11 o posterior Chrome OS&#x2122; Puerto USB Conexi\u00f3n a Internet para Logitech Gaming Software (opcional)\" \/>\n<meta property=\"og:url\" content=\"https:\/\/unitgames.com.ar\/pc-gamer\/producto\/mouse-logitech-g502-gaming-hero\/\" \/>\n<meta property=\"og:site_name\" content=\"UnitGames\" \/>\n<meta property=\"article:modified_time\" content=\"2026-01-09T10:16:58+00:00\" \/>\n<meta property=\"og:image\" content=\"https:\/\/unitgames.com.ar\/pc-gamer\/wp-content\/uploads\/2022\/09\/Mouse-Inalambrico-LOGITECH-G502-Gaming-LIGHTSPEED.png\" \/>\n\t<meta property=\"og:image:width\" content=\"1283\" \/>\n\t<meta property=\"og:image:height\" content=\"1283\" \/>\n\t<meta property=\"og:image:type\" content=\"image\/png\" \/>\n<meta name=\"twitter:card\" content=\"summary_large_image\" \/>\n<meta name=\"twitter:label1\" content=\"Tiempo de lectura\" \/>\n\t<meta name=\"twitter:data1\" content=\"2 minutos\" \/>\n<script type=\"application\/ld+json\" class=\"yoast-schema-graph\">{\"@context\":\"https:\\\/\\\/schema.org\",\"@graph\":[{\"@type\":\"WebPage\",\"@id\":\"https:\\\/\\\/unitgames.com.ar\\\/pc-gamer\\\/producto\\\/mouse-logitech-g502-gaming-hero\\\/\",\"url\":\"https:\\\/\\\/unitgames.com.ar\\\/pc-gamer\\\/producto\\\/mouse-logitech-g502-gaming-hero\\\/\",\"name\":\"Mouse LOGITECH G502 Gaming Hero RGB - UnitGames\",\"isPartOf\":{\"@id\":\"https:\\\/\\\/unitgames.com.ar\\\/pc-gamer\\\/#website\"},\"primaryImageOfPage\":{\"@id\":\"https:\\\/\\\/unitgames.com.ar\\\/pc-gamer\\\/producto\\\/mouse-logitech-g502-gaming-hero\\\/#primaryimage\"},\"image\":{\"@id\":\"https:\\\/\\\/unitgames.com.ar\\\/pc-gamer\\\/producto\\\/mouse-logitech-g502-gaming-hero\\\/#primaryimage\"},\"thumbnailUrl\":\"https:\\\/\\\/unitgames.com.ar\\\/pc-gamer\\\/wp-content\\\/uploads\\\/2022\\\/09\\\/Mouse-Inalambrico-LOGITECH-G502-Gaming-LIGHTSPEED.png\",\"datePublished\":\"2025-01-16T14:31:32+00:00\",\"dateModified\":\"2026-01-09T10:16:58+00:00\",\"breadcrumb\":{\"@id\":\"https:\\\/\\\/unitgames.com.ar\\\/pc-gamer\\\/producto\\\/mouse-logitech-g502-gaming-hero\\\/#breadcrumb\"},\"inLanguage\":\"es\",\"potentialAction\":[{\"@type\":\"ReadAction\",\"target\":[\"https:\\\/\\\/unitgames.com.ar\\\/pc-gamer\\\/producto\\\/mouse-logitech-g502-gaming-hero\\\/\"]}]},{\"@type\":\"ImageObject\",\"inLanguage\":\"es\",\"@id\":\"https:\\\/\\\/unitgames.com.ar\\\/pc-gamer\\\/producto\\\/mouse-logitech-g502-gaming-hero\\\/#primaryimage\",\"url\":\"https:\\\/\\\/unitgames.com.ar\\\/pc-gamer\\\/wp-content\\\/uploads\\\/2022\\\/09\\\/Mouse-Inalambrico-LOGITECH-G502-Gaming-LIGHTSPEED.png\",\"contentUrl\":\"https:\\\/\\\/unitgames.com.ar\\\/pc-gamer\\\/wp-content\\\/uploads\\\/2022\\\/09\\\/Mouse-Inalambrico-LOGITECH-G502-Gaming-LIGHTSPEED.png\",\"width\":1283,\"height\":1283},{\"@type\":\"BreadcrumbList\",\"@id\":\"https:\\\/\\\/unitgames.com.ar\\\/pc-gamer\\\/producto\\\/mouse-logitech-g502-gaming-hero\\\/#breadcrumb\",\"itemListElement\":[{\"@type\":\"ListItem\",\"position\":1,\"name\":\"Tienda\",\"item\":\"https:\\\/\\\/unitgames.com.ar\\\/pc-gamer\\\/tienda\\\/\"},{\"@type\":\"ListItem\",\"position\":2,\"name\":\"Mouse LOGITECH G502 Gaming Hero RGB\"}]},{\"@type\":\"WebSite\",\"@id\":\"https:\\\/\\\/unitgames.com.ar\\\/pc-gamer\\\/#website\",\"url\":\"https:\\\/\\\/unitgames.com.ar\\\/pc-gamer\\\/\",\"name\":\"UnitGames\",\"description\":\"Venta de PC Gamers, Consolas , Servicio Tecnico Especializado. Todos en Accesorios Informaticos y Gamers\",\"publisher\":{\"@id\":\"https:\\\/\\\/unitgames.com.ar\\\/pc-gamer\\\/#organization\"},\"potentialAction\":[{\"@type\":\"SearchAction\",\"target\":{\"@type\":\"EntryPoint\",\"urlTemplate\":\"https:\\\/\\\/unitgames.com.ar\\\/pc-gamer\\\/?s={search_term_string}\"},\"query-input\":{\"@type\":\"PropertyValueSpecification\",\"valueRequired\":true,\"valueName\":\"search_term_string\"}}],\"inLanguage\":\"es\"},{\"@type\":\"Organization\",\"@id\":\"https:\\\/\\\/unitgames.com.ar\\\/pc-gamer\\\/#organization\",\"name\":\"UnitGames\",\"url\":\"https:\\\/\\\/unitgames.com.ar\\\/pc-gamer\\\/\",\"logo\":{\"@type\":\"ImageObject\",\"inLanguage\":\"es\",\"@id\":\"https:\\\/\\\/unitgames.com.ar\\\/pc-gamer\\\/#\\\/schema\\\/logo\\\/image\\\/\",\"url\":\"https:\\\/\\\/unitgames.com.ar\\\/pc-gamer\\\/wp-content\\\/uploads\\\/2021\\\/01\\\/cropped-logoUnitGames2.png\",\"contentUrl\":\"https:\\\/\\\/unitgames.com.ar\\\/pc-gamer\\\/wp-content\\\/uploads\\\/2021\\\/01\\\/cropped-logoUnitGames2.png\",\"width\":152,\"height\":200,\"caption\":\"UnitGames\"},\"image\":{\"@id\":\"https:\\\/\\\/unitgames.com.ar\\\/pc-gamer\\\/#\\\/schema\\\/logo\\\/image\\\/\"}}]}<\/script>\n<!-- \/ Yoast SEO plugin. -->","yoast_head_json":{"title":"Mouse LOGITECH G502 Gaming Hero RGB - UnitGames","robots":{"index":"index","follow":"follow","max-snippet":"max-snippet:-1","max-image-preview":"max-image-preview:large","max-video-preview":"max-video-preview:-1"},"canonical":"https:\/\/unitgames.com.ar\/pc-gamer\/producto\/mouse-logitech-g502-gaming-hero\/","og_locale":"es_ES","og_type":"article","og_title":"Mouse LOGITECH G502 Gaming Hero RGB - UnitGames","og_description":"Mouse Gamer G502 Hero Con sensor Hero 16K que ofrece una precisi\u00f3n de pr\u00f3xima generaci\u00f3n y una arquitectura espec\u00edfica. Capaz de m\u00e1s de 400 ips y 100 &#8211; 16.000 dpi, sin suavizado, filtrado ni aceleraci\u00f3n. Ofrece precisi\u00f3n al m\u00e1s alto nivel competitivo y m\u00e1xima uniformidad de respuesta. Cuenta con 11 botones programables con el software\u00a0Logitech Gaming. Podr\u00e1s construir, agacharte, luchar cuerpo a cuerpo, sanar, etc. pon\u00e9 tus poderes al alcance de tus dedos. Tambi\u00e9n podr\u00e1s guardar hasta cinco perfiles diferentes directamente en el mouse para llevarte tu configuraci\u00f3n a cualquier parte. Con la tecnolog\u00eda LIGHTSYNC elige un espectro completo de aproximadamente 16,8 millones de colores, y sincroniza efectos y animaciones de iluminaci\u00f3n con otros dispositivos Logitech G. Personalizalo todo de forma r\u00e1pida y sencilla con Logitech Gaming Software. ESPECIFICACIONES F\u00cdSICAS Altura: 132 mm Anchura: 75 mm Profundidad: 40 mm Peso: 121 g, s\u00f3lo mouse Pesos adicionales opcionales: hasta 18 g (5 x 3,6 g) Longitud de cable: 2,10 m SEGUIMIENTO Sensor: HERO&#x2122; Resoluci\u00f3n: 100 \u2013 16.000 dpi Sin suavizado\/aceleraci\u00f3n\/filtros Aceleraci\u00f3n m\u00e1x.: &gt; 40 G2 (Pruebas realizadas sobre alfombrilla de mouse Logitech G240 para juegos) Velocidad m\u00e1x.: &gt; 400 ips3 (Pruebas realizadas sobre alfombrilla de mouse Logitech G240 para juegos) RESPUESTA Formato de datos USB: 16 bits\/eje Velocidad de respuesta USB: 1000 Hz (1 ms) Microprocesador: 32 bits ARM DURABILIDAD Botones principales: 50 millones de clicks Pies de PTFE: Recorrido &gt; 250 km4Pruebas realizadas sobre alfombrilla de mouse Logitech G240 para juegos OTRAS FUNCIONES \u00b7 Memoria integrada: 5 perfiles \u00b7 RGB LIGHTSYNC: 1 zona \u00b7 Cable trenzado REQUISITOS Windows\u00ae 7 o posteriores macOS 10.11 o posterior Chrome OS&#x2122; Puerto USB Conexi\u00f3n a Internet para Logitech Gaming Software (opcional)","og_url":"https:\/\/unitgames.com.ar\/pc-gamer\/producto\/mouse-logitech-g502-gaming-hero\/","og_site_name":"UnitGames","article_modified_time":"2026-01-09T10:16:58+00:00","og_image":[{"width":1283,"height":1283,"url":"https:\/\/unitgames.com.ar\/pc-gamer\/wp-content\/uploads\/2022\/09\/Mouse-Inalambrico-LOGITECH-G502-Gaming-LIGHTSPEED.png","type":"image\/png"}],"twitter_card":"summary_large_image","twitter_misc":{"Tiempo de lectura":"2 minutos"},"schema":{"@context":"https:\/\/schema.org","@graph":[{"@type":"WebPage","@id":"https:\/\/unitgames.com.ar\/pc-gamer\/producto\/mouse-logitech-g502-gaming-hero\/","url":"https:\/\/unitgames.com.ar\/pc-gamer\/producto\/mouse-logitech-g502-gaming-hero\/","name":"Mouse LOGITECH G502 Gaming Hero RGB - UnitGames","isPartOf":{"@id":"https:\/\/unitgames.com.ar\/pc-gamer\/#website"},"primaryImageOfPage":{"@id":"https:\/\/unitgames.com.ar\/pc-gamer\/producto\/mouse-logitech-g502-gaming-hero\/#primaryimage"},"image":{"@id":"https:\/\/unitgames.com.ar\/pc-gamer\/producto\/mouse-logitech-g502-gaming-hero\/#primaryimage"},"thumbnailUrl":"https:\/\/unitgames.com.ar\/pc-gamer\/wp-content\/uploads\/2022\/09\/Mouse-Inalambrico-LOGITECH-G502-Gaming-LIGHTSPEED.png","datePublished":"2025-01-16T14:31:32+00:00","dateModified":"2026-01-09T10:16:58+00:00","breadcrumb":{"@id":"https:\/\/unitgames.com.ar\/pc-gamer\/producto\/mouse-logitech-g502-gaming-hero\/#breadcrumb"},"inLanguage":"es","potentialAction":[{"@type":"ReadAction","target":["https:\/\/unitgames.com.ar\/pc-gamer\/producto\/mouse-logitech-g502-gaming-hero\/"]}]},{"@type":"ImageObject","inLanguage":"es","@id":"https:\/\/unitgames.com.ar\/pc-gamer\/producto\/mouse-logitech-g502-gaming-hero\/#primaryimage","url":"https:\/\/unitgames.com.ar\/pc-gamer\/wp-content\/uploads\/2022\/09\/Mouse-Inalambrico-LOGITECH-G502-Gaming-LIGHTSPEED.png","contentUrl":"https:\/\/unitgames.com.ar\/pc-gamer\/wp-content\/uploads\/2022\/09\/Mouse-Inalambrico-LOGITECH-G502-Gaming-LIGHTSPEED.png","width":1283,"height":1283},{"@type":"BreadcrumbList","@id":"https:\/\/unitgames.com.ar\/pc-gamer\/producto\/mouse-logitech-g502-gaming-hero\/#breadcrumb","itemListElement":[{"@type":"ListItem","position":1,"name":"Tienda","item":"https:\/\/unitgames.com.ar\/pc-gamer\/tienda\/"},{"@type":"ListItem","position":2,"name":"Mouse LOGITECH G502 Gaming Hero RGB"}]},{"@type":"WebSite","@id":"https:\/\/unitgames.com.ar\/pc-gamer\/#website","url":"https:\/\/unitgames.com.ar\/pc-gamer\/","name":"UnitGames","description":"Venta de PC Gamers, Consolas , Servicio Tecnico Especializado. Todos en Accesorios Informaticos y Gamers","publisher":{"@id":"https:\/\/unitgames.com.ar\/pc-gamer\/#organization"},"potentialAction":[{"@type":"SearchAction","target":{"@type":"EntryPoint","urlTemplate":"https:\/\/unitgames.com.ar\/pc-gamer\/?s={search_term_string}"},"query-input":{"@type":"PropertyValueSpecification","valueRequired":true,"valueName":"search_term_string"}}],"inLanguage":"es"},{"@type":"Organization","@id":"https:\/\/unitgames.com.ar\/pc-gamer\/#organization","name":"UnitGames","url":"https:\/\/unitgames.com.ar\/pc-gamer\/","logo":{"@type":"ImageObject","inLanguage":"es","@id":"https:\/\/unitgames.com.ar\/pc-gamer\/#\/schema\/logo\/image\/","url":"https:\/\/unitgames.com.ar\/pc-gamer\/wp-content\/uploads\/2021\/01\/cropped-logoUnitGames2.png","contentUrl":"https:\/\/unitgames.com.ar\/pc-gamer\/wp-content\/uploads\/2021\/01\/cropped-logoUnitGames2.png","width":152,"height":200,"caption":"UnitGames"},"image":{"@id":"https:\/\/unitgames.com.ar\/pc-gamer\/#\/schema\/logo\/image\/"}}]}},"_links":{"self":[{"href":"https:\/\/unitgames.com.ar\/pc-gamer\/wp-json\/wp\/v2\/product\/12249","targetHints":{"allow":["GET"]}}],"collection":[{"href":"https:\/\/unitgames.com.ar\/pc-gamer\/wp-json\/wp\/v2\/product"}],"about":[{"href":"https:\/\/unitgames.com.ar\/pc-gamer\/wp-json\/wp\/v2\/types\/product"}],"version-history":[{"count":0,"href":"https:\/\/unitgames.com.ar\/pc-gamer\/wp-json\/wp\/v2\/product\/12249\/revisions"}],"wp:featuredmedia":[{"embeddable":true,"href":"https:\/\/unitgames.com.ar\/pc-gamer\/wp-json\/wp\/v2\/media\/11357"}],"wp:attachment":[{"href":"https:\/\/unitgames.com.ar\/pc-gamer\/wp-json\/wp\/v2\/media?parent=12249"}],"wp:term":[{"taxonomy":"product_brand","embeddable":true,"href":"https:\/\/unitgames.com.ar\/pc-gamer\/wp-json\/wp\/v2\/product_brand?post=12249"},{"taxonomy":"product_cat","embeddable":true,"href":"https:\/\/unitgames.com.ar\/pc-gamer\/wp-json\/wp\/v2\/product_cat?post=12249"},{"taxonomy":"product_tag","embeddable":true,"href":"https:\/\/unitgames.com.ar\/pc-gamer\/wp-json\/wp\/v2\/product_tag?post=12249"}],"curies":[{"name":"wp","href":"https:\/\/api.w.org\/{rel}","templated":true}]}}