{"id":12260,"date":"2025-01-18T15:43:53","date_gmt":"2025-01-18T15:43:53","guid":{"rendered":"https:\/\/unitgames.com.ar\/pc-gamer\/?post_type=product&#038;p=12260"},"modified":"2026-01-09T07:16:55","modified_gmt":"2026-01-09T10:16:55","slug":"gabinete-thermaltake-view-380-tg-argb-negro","status":"publish","type":"product","link":"https:\/\/unitgames.com.ar\/pc-gamer\/producto\/gabinete-thermaltake-view-380-tg-argb-negro\/","title":{"rendered":"Gabinete THERMALTAKE View 380 TG ARGB Negro"},"content":{"rendered":"<div class=\"product-add-form\">The View 380 TG ARGB Mid Tower Chassis is a dual chamber ATX chassis that supports Hidden-Connector Motherboards from ASUS, MSI and GIGABYTE and comes with four Hydraulic Bearing 120mm ARGB Lite Fans.<\/div>\n<p>&nbsp;<\/p>\n<ul>\n<li><b>Materiales: <\/b>chasis de acero, con pl\u00e1stico ABS cepillado; vidrio templado en el panel lateral izquierdo y Frontal.<\/li>\n<li><b>Soporta motherboards: <\/b>ATX y Micro ATX<\/li>\n<li><b>Puertos de Expansi\u00f3n: <\/b>7<\/li>\n<li><b>Bah\u00edas: <\/b>2 unidades de disco duro de 3,5\u2033 + 2 unidades SSD 2,5\u2033<\/li>\n<li><strong>Puerto I\/O Frontal:<\/strong> USB 3.0\u00d71, USB 2.0\u00d72, Audio + Mic, Boton Power, Boton Reset, Bot\u00f3n RGB<\/li>\n<li><b><b>Cantidad m\u00e1xima para coolers:<\/b><\/b>\n<ul>\n<li><strong>Top<\/strong>: 3 x 120mm, 2 x 120mm, 1 x 120mm,<\/li>\n<li><strong>Right<\/strong>: 3 x 120mm, 2 x 120mm, 1 x 120mm 2 x 140mm, 1 x 140mm<\/li>\n<li><strong>Rear<\/strong>: 1 x 120mm<br \/>\nBottom: 3 x 120mm, 2 x 120mm, 1 x 120mm<\/li>\n<\/ul>\n<\/li>\n<li><b>Controladora ARGB: <\/b>Si<\/li>\n<li><b>Soporte Watercooling: <\/b>Si<\/li>\n<li><b>Altura m\u00e1xima CPU Cooler: <\/b>160 mm<\/li>\n<li><b>Largo m\u00e1ximo GPU: <\/b>415mm<\/li>\n<li><b>Dimensiones: <\/b>456(Alto) x 23\u00a0 (Ancho) x 454 (Largo) cm<\/li>\n<li><strong>Panel superior:\u00a0<\/strong>Con filtro magn\u00e9tico para polvo<\/li>\n<\/ul>\n<p>&nbsp;<\/p>\n<p>&nbsp;<\/p>\n","protected":false},"excerpt":{"rendered":"<p>The View 380 TG ARGB Mid Tower Chassis is a dual chamber ATX chassis that supports Hidden-Connector Motherboards from ASUS, MSI and GIGABYTE and comes with four Hydraulic Bearing 120mm ARGB Lite Fans. &nbsp; Materiales: chasis de acero, con pl\u00e1stico ABS cepillado; vidrio templado en el panel lateral izquierdo y Frontal. Soporta motherboards: ATX y Micro ATX Puertos de Expansi\u00f3n: 7 Bah\u00edas: 2 unidades de disco duro de 3,5\u2033 + 2 unidades SSD 2,5\u2033 Puerto I\/O Frontal: USB 3.0\u00d71, USB 2.0\u00d72, Audio + Mic, Boton Power, Boton Reset, Bot\u00f3n RGB Cantidad m\u00e1xima para coolers: Top: 3 x 120mm, 2 x 120mm, 1 x 120mm, Right: 3 x 120mm, 2 x 120mm, 1 x 120mm 2 x 140mm, 1 x 140mm Rear: 1 x 120mm Bottom: 3 x 120mm, 2 x 120mm, 1 x 120mm Controladora ARGB: Si Soporte Watercooling: Si Altura m\u00e1xima CPU Cooler: 160 mm Largo m\u00e1ximo GPU: 415mm Dimensiones: 456(Alto) x 23\u00a0 (Ancho) x 454 (Largo) cm Panel superior:\u00a0Con filtro magn\u00e9tico para polvo &nbsp; &nbsp;<\/p>\n","protected":false},"featured_media":12506,"template":"","meta":{"site-sidebar-layout":"default","site-content-layout":"","ast-site-content-layout":"default","site-content-style":"default","site-sidebar-style":"default","ast-global-header-display":"","ast-banner-title-visibility":"","ast-main-header-display":"","ast-hfb-above-header-display":"","ast-hfb-below-header-display":"","ast-hfb-mobile-header-display":"","site-post-title":"","ast-breadcrumbs-content":"","ast-featured-img":"","footer-sml-layout":"","theme-transparent-header-meta":"default","adv-header-id-meta":"","stick-header-meta":"","header-above-stick-meta":"","header-main-stick-meta":"","header-below-stick-meta":"","astra-migrate-meta-layouts":"set","ast-page-background-enabled":"default","ast-page-background-meta":{"desktop":{"background-color":"var(--ast-global-color-5)","background-image":"","background-repeat":"repeat","background-position":"center center","background-size":"auto","background-attachment":"scroll","background-type":"","background-media":"","overlay-type":"","overlay-color":"","overlay-opacity":"","overlay-gradient":""},"tablet":{"background-color":"","background-image":"","background-repeat":"repeat","background-position":"center center","background-size":"auto","background-attachment":"scroll","background-type":"","background-media":"","overlay-type":"","overlay-color":"","overlay-opacity":"","overlay-gradient":""},"mobile":{"background-color":"","background-image":"","background-repeat":"repeat","background-position":"center center","background-size":"auto","background-attachment":"scroll","background-type":"","background-media":"","overlay-type":"","overlay-color":"","overlay-opacity":"","overlay-gradient":""}},"ast-content-background-meta":{"desktop":{"background-color":"var(--ast-global-color-4)","background-image":"","background-repeat":"repeat","background-position":"center center","background-size":"auto","background-attachment":"scroll","background-type":"","background-media":"","overlay-type":"","overlay-color":"","overlay-opacity":"","overlay-gradient":""},"tablet":{"background-color":"var(--ast-global-color-4)","background-image":"","background-repeat":"repeat","background-position":"center center","background-size":"auto","background-attachment":"scroll","background-type":"","background-media":"","overlay-type":"","overlay-color":"","overlay-opacity":"","overlay-gradient":""},"mobile":{"background-color":"var(--ast-global-color-4)","background-image":"","background-repeat":"repeat","background-position":"center center","background-size":"auto","background-attachment":"scroll","background-type":"","background-media":"","overlay-type":"","overlay-color":"","overlay-opacity":"","overlay-gradient":""}},"_joinchat":[]},"product_brand":[],"product_cat":[66],"product_tag":[],"class_list":{"0":"post-12260","1":"product","2":"type-product","3":"status-publish","4":"has-post-thumbnail","6":"product_cat-gabinetes","7":"desktop-align-center","8":"tablet-align-left","9":"mobile-align-left","11":"first","12":"instock","13":"shipping-taxable","14":"purchasable","15":"product-type-simple"},"yoast_head":"<!-- This site is optimized with the Yoast SEO plugin v27.3 - https:\/\/yoast.com\/product\/yoast-seo-wordpress\/ -->\n<title>Gabinete THERMALTAKE View 380 TG ARGB Negro - UnitGames<\/title>\n<meta name=\"robots\" content=\"index, follow, max-snippet:-1, max-image-preview:large, max-video-preview:-1\" \/>\n<link rel=\"canonical\" href=\"https:\/\/unitgames.com.ar\/pc-gamer\/producto\/gabinete-thermaltake-view-380-tg-argb-negro\/\" \/>\n<meta property=\"og:locale\" content=\"es_ES\" \/>\n<meta property=\"og:type\" content=\"article\" \/>\n<meta property=\"og:title\" content=\"Gabinete THERMALTAKE View 380 TG ARGB Negro - UnitGames\" \/>\n<meta property=\"og:description\" content=\"The View 380 TG ARGB Mid Tower Chassis is a dual chamber ATX chassis that supports Hidden-Connector Motherboards from ASUS, MSI and GIGABYTE and comes with four Hydraulic Bearing 120mm ARGB Lite Fans. &nbsp; Materiales: chasis de acero, con pl\u00e1stico ABS cepillado; vidrio templado en el panel lateral izquierdo y Frontal. Soporta motherboards: ATX y Micro ATX Puertos de Expansi\u00f3n: 7 Bah\u00edas: 2 unidades de disco duro de 3,5\u2033 + 2 unidades SSD 2,5\u2033 Puerto I\/O Frontal: USB 3.0\u00d71, USB 2.0\u00d72, Audio + Mic, Boton Power, Boton Reset, Bot\u00f3n RGB Cantidad m\u00e1xima para coolers: Top: 3 x 120mm, 2 x 120mm, 1 x 120mm, Right: 3 x 120mm, 2 x 120mm, 1 x 120mm 2 x 140mm, 1 x 140mm Rear: 1 x 120mm Bottom: 3 x 120mm, 2 x 120mm, 1 x 120mm Controladora ARGB: Si Soporte Watercooling: Si Altura m\u00e1xima CPU Cooler: 160 mm Largo m\u00e1ximo GPU: 415mm Dimensiones: 456(Alto) x 23\u00a0 (Ancho) x 454 (Largo) cm Panel superior:\u00a0Con filtro magn\u00e9tico para polvo &nbsp; &nbsp;\" \/>\n<meta property=\"og:url\" content=\"https:\/\/unitgames.com.ar\/pc-gamer\/producto\/gabinete-thermaltake-view-380-tg-argb-negro\/\" \/>\n<meta property=\"og:site_name\" content=\"UnitGames\" \/>\n<meta property=\"article:modified_time\" content=\"2026-01-09T10:16:55+00:00\" \/>\n<meta property=\"og:image\" content=\"https:\/\/unitgames.com.ar\/pc-gamer\/wp-content\/uploads\/2025\/01\/Gabinete-THERMALTAKE-View-380-TG-ARGB-Negro.png\" \/>\n\t<meta property=\"og:image:width\" content=\"1283\" \/>\n\t<meta property=\"og:image:height\" content=\"1283\" \/>\n\t<meta property=\"og:image:type\" content=\"image\/png\" \/>\n<meta name=\"twitter:card\" content=\"summary_large_image\" \/>\n<meta name=\"twitter:label1\" content=\"Tiempo de lectura\" \/>\n\t<meta name=\"twitter:data1\" content=\"1 minuto\" \/>\n<script type=\"application\/ld+json\" class=\"yoast-schema-graph\">{\"@context\":\"https:\\\/\\\/schema.org\",\"@graph\":[{\"@type\":\"WebPage\",\"@id\":\"https:\\\/\\\/unitgames.com.ar\\\/pc-gamer\\\/producto\\\/gabinete-thermaltake-view-380-tg-argb-negro\\\/\",\"url\":\"https:\\\/\\\/unitgames.com.ar\\\/pc-gamer\\\/producto\\\/gabinete-thermaltake-view-380-tg-argb-negro\\\/\",\"name\":\"Gabinete THERMALTAKE View 380 TG ARGB Negro - UnitGames\",\"isPartOf\":{\"@id\":\"https:\\\/\\\/unitgames.com.ar\\\/pc-gamer\\\/#website\"},\"primaryImageOfPage\":{\"@id\":\"https:\\\/\\\/unitgames.com.ar\\\/pc-gamer\\\/producto\\\/gabinete-thermaltake-view-380-tg-argb-negro\\\/#primaryimage\"},\"image\":{\"@id\":\"https:\\\/\\\/unitgames.com.ar\\\/pc-gamer\\\/producto\\\/gabinete-thermaltake-view-380-tg-argb-negro\\\/#primaryimage\"},\"thumbnailUrl\":\"https:\\\/\\\/unitgames.com.ar\\\/pc-gamer\\\/wp-content\\\/uploads\\\/2025\\\/01\\\/Gabinete-THERMALTAKE-View-380-TG-ARGB-Negro.png\",\"datePublished\":\"2025-01-18T15:43:53+00:00\",\"dateModified\":\"2026-01-09T10:16:55+00:00\",\"breadcrumb\":{\"@id\":\"https:\\\/\\\/unitgames.com.ar\\\/pc-gamer\\\/producto\\\/gabinete-thermaltake-view-380-tg-argb-negro\\\/#breadcrumb\"},\"inLanguage\":\"es\",\"potentialAction\":[{\"@type\":\"ReadAction\",\"target\":[\"https:\\\/\\\/unitgames.com.ar\\\/pc-gamer\\\/producto\\\/gabinete-thermaltake-view-380-tg-argb-negro\\\/\"]}]},{\"@type\":\"ImageObject\",\"inLanguage\":\"es\",\"@id\":\"https:\\\/\\\/unitgames.com.ar\\\/pc-gamer\\\/producto\\\/gabinete-thermaltake-view-380-tg-argb-negro\\\/#primaryimage\",\"url\":\"https:\\\/\\\/unitgames.com.ar\\\/pc-gamer\\\/wp-content\\\/uploads\\\/2025\\\/01\\\/Gabinete-THERMALTAKE-View-380-TG-ARGB-Negro.png\",\"contentUrl\":\"https:\\\/\\\/unitgames.com.ar\\\/pc-gamer\\\/wp-content\\\/uploads\\\/2025\\\/01\\\/Gabinete-THERMALTAKE-View-380-TG-ARGB-Negro.png\",\"width\":1283,\"height\":1283},{\"@type\":\"BreadcrumbList\",\"@id\":\"https:\\\/\\\/unitgames.com.ar\\\/pc-gamer\\\/producto\\\/gabinete-thermaltake-view-380-tg-argb-negro\\\/#breadcrumb\",\"itemListElement\":[{\"@type\":\"ListItem\",\"position\":1,\"name\":\"Tienda\",\"item\":\"https:\\\/\\\/unitgames.com.ar\\\/pc-gamer\\\/tienda\\\/\"},{\"@type\":\"ListItem\",\"position\":2,\"name\":\"Gabinete THERMALTAKE View 380 TG ARGB Negro\"}]},{\"@type\":\"WebSite\",\"@id\":\"https:\\\/\\\/unitgames.com.ar\\\/pc-gamer\\\/#website\",\"url\":\"https:\\\/\\\/unitgames.com.ar\\\/pc-gamer\\\/\",\"name\":\"UnitGames\",\"description\":\"Venta de PC Gamers, Consolas , Servicio Tecnico Especializado. Todos en Accesorios Informaticos y Gamers\",\"publisher\":{\"@id\":\"https:\\\/\\\/unitgames.com.ar\\\/pc-gamer\\\/#organization\"},\"potentialAction\":[{\"@type\":\"SearchAction\",\"target\":{\"@type\":\"EntryPoint\",\"urlTemplate\":\"https:\\\/\\\/unitgames.com.ar\\\/pc-gamer\\\/?s={search_term_string}\"},\"query-input\":{\"@type\":\"PropertyValueSpecification\",\"valueRequired\":true,\"valueName\":\"search_term_string\"}}],\"inLanguage\":\"es\"},{\"@type\":\"Organization\",\"@id\":\"https:\\\/\\\/unitgames.com.ar\\\/pc-gamer\\\/#organization\",\"name\":\"UnitGames\",\"url\":\"https:\\\/\\\/unitgames.com.ar\\\/pc-gamer\\\/\",\"logo\":{\"@type\":\"ImageObject\",\"inLanguage\":\"es\",\"@id\":\"https:\\\/\\\/unitgames.com.ar\\\/pc-gamer\\\/#\\\/schema\\\/logo\\\/image\\\/\",\"url\":\"https:\\\/\\\/unitgames.com.ar\\\/pc-gamer\\\/wp-content\\\/uploads\\\/2021\\\/01\\\/cropped-logoUnitGames2.png\",\"contentUrl\":\"https:\\\/\\\/unitgames.com.ar\\\/pc-gamer\\\/wp-content\\\/uploads\\\/2021\\\/01\\\/cropped-logoUnitGames2.png\",\"width\":152,\"height\":200,\"caption\":\"UnitGames\"},\"image\":{\"@id\":\"https:\\\/\\\/unitgames.com.ar\\\/pc-gamer\\\/#\\\/schema\\\/logo\\\/image\\\/\"}}]}<\/script>\n<!-- \/ Yoast SEO plugin. -->","yoast_head_json":{"title":"Gabinete THERMALTAKE View 380 TG ARGB Negro - UnitGames","robots":{"index":"index","follow":"follow","max-snippet":"max-snippet:-1","max-image-preview":"max-image-preview:large","max-video-preview":"max-video-preview:-1"},"canonical":"https:\/\/unitgames.com.ar\/pc-gamer\/producto\/gabinete-thermaltake-view-380-tg-argb-negro\/","og_locale":"es_ES","og_type":"article","og_title":"Gabinete THERMALTAKE View 380 TG ARGB Negro - UnitGames","og_description":"The View 380 TG ARGB Mid Tower Chassis is a dual chamber ATX chassis that supports Hidden-Connector Motherboards from ASUS, MSI and GIGABYTE and comes with four Hydraulic Bearing 120mm ARGB Lite Fans. &nbsp; Materiales: chasis de acero, con pl\u00e1stico ABS cepillado; vidrio templado en el panel lateral izquierdo y Frontal. Soporta motherboards: ATX y Micro ATX Puertos de Expansi\u00f3n: 7 Bah\u00edas: 2 unidades de disco duro de 3,5\u2033 + 2 unidades SSD 2,5\u2033 Puerto I\/O Frontal: USB 3.0\u00d71, USB 2.0\u00d72, Audio + Mic, Boton Power, Boton Reset, Bot\u00f3n RGB Cantidad m\u00e1xima para coolers: Top: 3 x 120mm, 2 x 120mm, 1 x 120mm, Right: 3 x 120mm, 2 x 120mm, 1 x 120mm 2 x 140mm, 1 x 140mm Rear: 1 x 120mm Bottom: 3 x 120mm, 2 x 120mm, 1 x 120mm Controladora ARGB: Si Soporte Watercooling: Si Altura m\u00e1xima CPU Cooler: 160 mm Largo m\u00e1ximo GPU: 415mm Dimensiones: 456(Alto) x 23\u00a0 (Ancho) x 454 (Largo) cm Panel superior:\u00a0Con filtro magn\u00e9tico para polvo &nbsp; &nbsp;","og_url":"https:\/\/unitgames.com.ar\/pc-gamer\/producto\/gabinete-thermaltake-view-380-tg-argb-negro\/","og_site_name":"UnitGames","article_modified_time":"2026-01-09T10:16:55+00:00","og_image":[{"width":1283,"height":1283,"url":"https:\/\/unitgames.com.ar\/pc-gamer\/wp-content\/uploads\/2025\/01\/Gabinete-THERMALTAKE-View-380-TG-ARGB-Negro.png","type":"image\/png"}],"twitter_card":"summary_large_image","twitter_misc":{"Tiempo de lectura":"1 minuto"},"schema":{"@context":"https:\/\/schema.org","@graph":[{"@type":"WebPage","@id":"https:\/\/unitgames.com.ar\/pc-gamer\/producto\/gabinete-thermaltake-view-380-tg-argb-negro\/","url":"https:\/\/unitgames.com.ar\/pc-gamer\/producto\/gabinete-thermaltake-view-380-tg-argb-negro\/","name":"Gabinete THERMALTAKE View 380 TG ARGB Negro - UnitGames","isPartOf":{"@id":"https:\/\/unitgames.com.ar\/pc-gamer\/#website"},"primaryImageOfPage":{"@id":"https:\/\/unitgames.com.ar\/pc-gamer\/producto\/gabinete-thermaltake-view-380-tg-argb-negro\/#primaryimage"},"image":{"@id":"https:\/\/unitgames.com.ar\/pc-gamer\/producto\/gabinete-thermaltake-view-380-tg-argb-negro\/#primaryimage"},"thumbnailUrl":"https:\/\/unitgames.com.ar\/pc-gamer\/wp-content\/uploads\/2025\/01\/Gabinete-THERMALTAKE-View-380-TG-ARGB-Negro.png","datePublished":"2025-01-18T15:43:53+00:00","dateModified":"2026-01-09T10:16:55+00:00","breadcrumb":{"@id":"https:\/\/unitgames.com.ar\/pc-gamer\/producto\/gabinete-thermaltake-view-380-tg-argb-negro\/#breadcrumb"},"inLanguage":"es","potentialAction":[{"@type":"ReadAction","target":["https:\/\/unitgames.com.ar\/pc-gamer\/producto\/gabinete-thermaltake-view-380-tg-argb-negro\/"]}]},{"@type":"ImageObject","inLanguage":"es","@id":"https:\/\/unitgames.com.ar\/pc-gamer\/producto\/gabinete-thermaltake-view-380-tg-argb-negro\/#primaryimage","url":"https:\/\/unitgames.com.ar\/pc-gamer\/wp-content\/uploads\/2025\/01\/Gabinete-THERMALTAKE-View-380-TG-ARGB-Negro.png","contentUrl":"https:\/\/unitgames.com.ar\/pc-gamer\/wp-content\/uploads\/2025\/01\/Gabinete-THERMALTAKE-View-380-TG-ARGB-Negro.png","width":1283,"height":1283},{"@type":"BreadcrumbList","@id":"https:\/\/unitgames.com.ar\/pc-gamer\/producto\/gabinete-thermaltake-view-380-tg-argb-negro\/#breadcrumb","itemListElement":[{"@type":"ListItem","position":1,"name":"Tienda","item":"https:\/\/unitgames.com.ar\/pc-gamer\/tienda\/"},{"@type":"ListItem","position":2,"name":"Gabinete THERMALTAKE View 380 TG ARGB Negro"}]},{"@type":"WebSite","@id":"https:\/\/unitgames.com.ar\/pc-gamer\/#website","url":"https:\/\/unitgames.com.ar\/pc-gamer\/","name":"UnitGames","description":"Venta de PC Gamers, Consolas , Servicio Tecnico Especializado. Todos en Accesorios Informaticos y Gamers","publisher":{"@id":"https:\/\/unitgames.com.ar\/pc-gamer\/#organization"},"potentialAction":[{"@type":"SearchAction","target":{"@type":"EntryPoint","urlTemplate":"https:\/\/unitgames.com.ar\/pc-gamer\/?s={search_term_string}"},"query-input":{"@type":"PropertyValueSpecification","valueRequired":true,"valueName":"search_term_string"}}],"inLanguage":"es"},{"@type":"Organization","@id":"https:\/\/unitgames.com.ar\/pc-gamer\/#organization","name":"UnitGames","url":"https:\/\/unitgames.com.ar\/pc-gamer\/","logo":{"@type":"ImageObject","inLanguage":"es","@id":"https:\/\/unitgames.com.ar\/pc-gamer\/#\/schema\/logo\/image\/","url":"https:\/\/unitgames.com.ar\/pc-gamer\/wp-content\/uploads\/2021\/01\/cropped-logoUnitGames2.png","contentUrl":"https:\/\/unitgames.com.ar\/pc-gamer\/wp-content\/uploads\/2021\/01\/cropped-logoUnitGames2.png","width":152,"height":200,"caption":"UnitGames"},"image":{"@id":"https:\/\/unitgames.com.ar\/pc-gamer\/#\/schema\/logo\/image\/"}}]}},"_links":{"self":[{"href":"https:\/\/unitgames.com.ar\/pc-gamer\/wp-json\/wp\/v2\/product\/12260","targetHints":{"allow":["GET"]}}],"collection":[{"href":"https:\/\/unitgames.com.ar\/pc-gamer\/wp-json\/wp\/v2\/product"}],"about":[{"href":"https:\/\/unitgames.com.ar\/pc-gamer\/wp-json\/wp\/v2\/types\/product"}],"version-history":[{"count":0,"href":"https:\/\/unitgames.com.ar\/pc-gamer\/wp-json\/wp\/v2\/product\/12260\/revisions"}],"wp:featuredmedia":[{"embeddable":true,"href":"https:\/\/unitgames.com.ar\/pc-gamer\/wp-json\/wp\/v2\/media\/12506"}],"wp:attachment":[{"href":"https:\/\/unitgames.com.ar\/pc-gamer\/wp-json\/wp\/v2\/media?parent=12260"}],"wp:term":[{"taxonomy":"product_brand","embeddable":true,"href":"https:\/\/unitgames.com.ar\/pc-gamer\/wp-json\/wp\/v2\/product_brand?post=12260"},{"taxonomy":"product_cat","embeddable":true,"href":"https:\/\/unitgames.com.ar\/pc-gamer\/wp-json\/wp\/v2\/product_cat?post=12260"},{"taxonomy":"product_tag","embeddable":true,"href":"https:\/\/unitgames.com.ar\/pc-gamer\/wp-json\/wp\/v2\/product_tag?post=12260"}],"curies":[{"name":"wp","href":"https:\/\/api.w.org\/{rel}","templated":true}]}}