{"id":12629,"date":"2025-02-15T16:54:23","date_gmt":"2025-02-15T16:54:23","guid":{"rendered":"https:\/\/unitgames.com.ar\/pc-gamer\/?post_type=product&#038;p=12629"},"modified":"2026-01-09T07:16:37","modified_gmt":"2026-01-09T10:16:37","slug":"pasta-termica-evga-frostbite-2-5-gramos","status":"publish","type":"product","link":"https:\/\/unitgames.com.ar\/pc-gamer\/producto\/pasta-termica-evga-frostbite-2-5-gramos\/","title":{"rendered":"Pasta Termica EVGA Frostbite 2.5 Gramos"},"content":{"rendered":"<p>Presentamos la Pasta T\u00e9rmica EVGA Frostbite 2, la nueva generaci\u00f3n en material de interfaz t\u00e9rmica. Dise\u00f1ada para entregar una transferencia de calor altamente eficiente bajo cualquier carga, Frostbite 2 es f\u00e1cil de aplicar para asegurar un contacto t\u00e9rmico \u00f3ptimo entre tu CPU y GPU y su disipador. Ya sea que tengas refrigeraci\u00f3n l\u00edquida o por aire, juegues o hagas overclock, la Pasta T\u00e9rmica EVGA Frostbite 2 mantendr\u00e1 tus temperaturas fr\u00edas como un hielo<\/p>\n<p>&nbsp;<\/p>\n<p>&nbsp;<\/p>\n<ul>\n<li>Breakdown Voltage (V\/mil) 250<\/li>\n<li>Built for High Performance<\/li>\n<li>Color Grey<\/li>\n<li>Easy to Apply<\/li>\n<li>Great Thermal Conductivity<\/li>\n<li>Operating Temperature -40~180 degrees Celsius<\/li>\n<li>Specific Gravity (g\/cm\u00b3) 3<\/li>\n<li>Weight 2.5 Gram Syringe<\/li>\n<\/ul>\n","protected":false},"excerpt":{"rendered":"<p>Presentamos la Pasta T\u00e9rmica EVGA Frostbite 2, la nueva generaci\u00f3n en material de interfaz t\u00e9rmica. Dise\u00f1ada para entregar una transferencia de calor altamente eficiente bajo cualquier carga, Frostbite 2 es f\u00e1cil de aplicar para asegurar un contacto t\u00e9rmico \u00f3ptimo entre tu CPU y GPU y su disipador. Ya sea que tengas refrigeraci\u00f3n l\u00edquida o por aire, juegues o hagas overclock, la Pasta T\u00e9rmica EVGA Frostbite 2 mantendr\u00e1 tus temperaturas fr\u00edas como un hielo &nbsp; &nbsp; Breakdown Voltage (V\/mil) 250 Built for High Performance Color Grey Easy to Apply Great Thermal Conductivity Operating Temperature -40~180 degrees Celsius Specific Gravity (g\/cm\u00b3) 3 Weight 2.5 Gram Syringe<\/p>\n","protected":false},"featured_media":12647,"template":"","meta":{"site-sidebar-layout":"default","site-content-layout":"","ast-site-content-layout":"default","site-content-style":"default","site-sidebar-style":"default","ast-global-header-display":"","ast-banner-title-visibility":"","ast-main-header-display":"","ast-hfb-above-header-display":"","ast-hfb-below-header-display":"","ast-hfb-mobile-header-display":"","site-post-title":"","ast-breadcrumbs-content":"","ast-featured-img":"","footer-sml-layout":"","theme-transparent-header-meta":"","adv-header-id-meta":"","stick-header-meta":"","header-above-stick-meta":"","header-main-stick-meta":"","header-below-stick-meta":"","astra-migrate-meta-layouts":"default","ast-page-background-enabled":"default","ast-page-background-meta":{"desktop":{"background-color":"var(--ast-global-color-5)","background-image":"","background-repeat":"repeat","background-position":"center center","background-size":"auto","background-attachment":"scroll","background-type":"","background-media":"","overlay-type":"","overlay-color":"","overlay-opacity":"","overlay-gradient":""},"tablet":{"background-color":"","background-image":"","background-repeat":"repeat","background-position":"center center","background-size":"auto","background-attachment":"scroll","background-type":"","background-media":"","overlay-type":"","overlay-color":"","overlay-opacity":"","overlay-gradient":""},"mobile":{"background-color":"","background-image":"","background-repeat":"repeat","background-position":"center center","background-size":"auto","background-attachment":"scroll","background-type":"","background-media":"","overlay-type":"","overlay-color":"","overlay-opacity":"","overlay-gradient":""}},"ast-content-background-meta":{"desktop":{"background-color":"var(--ast-global-color-4)","background-image":"","background-repeat":"repeat","background-position":"center center","background-size":"auto","background-attachment":"scroll","background-type":"","background-media":"","overlay-type":"","overlay-color":"","overlay-opacity":"","overlay-gradient":""},"tablet":{"background-color":"var(--ast-global-color-4)","background-image":"","background-repeat":"repeat","background-position":"center center","background-size":"auto","background-attachment":"scroll","background-type":"","background-media":"","overlay-type":"","overlay-color":"","overlay-opacity":"","overlay-gradient":""},"mobile":{"background-color":"var(--ast-global-color-4)","background-image":"","background-repeat":"repeat","background-position":"center center","background-size":"auto","background-attachment":"scroll","background-type":"","background-media":"","overlay-type":"","overlay-color":"","overlay-opacity":"","overlay-gradient":""}},"_joinchat":[]},"product_brand":[],"product_cat":[102,137],"product_tag":[],"class_list":{"0":"post-12629","1":"product","2":"type-product","3":"status-publish","4":"has-post-thumbnail","6":"product_cat-cables-y-adaptadores","7":"product_cat-pasta-termica","8":"desktop-align-center","9":"tablet-align-left","10":"mobile-align-left","12":"first","13":"instock","14":"shipping-taxable","15":"purchasable","16":"product-type-simple"},"yoast_head":"<!-- This site is optimized with the Yoast SEO plugin v27.5 - https:\/\/yoast.com\/product\/yoast-seo-wordpress\/ -->\n<title>Pasta Termica EVGA Frostbite 2.5 Gramos - UnitGames<\/title>\n<meta name=\"robots\" content=\"index, follow, max-snippet:-1, max-image-preview:large, max-video-preview:-1\" \/>\n<link rel=\"canonical\" href=\"https:\/\/unitgames.com.ar\/pc-gamer\/producto\/pasta-termica-evga-frostbite-2-5-gramos\/\" \/>\n<meta property=\"og:locale\" content=\"es_ES\" \/>\n<meta property=\"og:type\" content=\"article\" \/>\n<meta property=\"og:title\" content=\"Pasta Termica EVGA Frostbite 2.5 Gramos - UnitGames\" \/>\n<meta property=\"og:description\" content=\"Presentamos la Pasta T\u00e9rmica EVGA Frostbite 2, la nueva generaci\u00f3n en material de interfaz t\u00e9rmica. Dise\u00f1ada para entregar una transferencia de calor altamente eficiente bajo cualquier carga, Frostbite 2 es f\u00e1cil de aplicar para asegurar un contacto t\u00e9rmico \u00f3ptimo entre tu CPU y GPU y su disipador. Ya sea que tengas refrigeraci\u00f3n l\u00edquida o por aire, juegues o hagas overclock, la Pasta T\u00e9rmica EVGA Frostbite 2 mantendr\u00e1 tus temperaturas fr\u00edas como un hielo &nbsp; &nbsp; Breakdown Voltage (V\/mil) 250 Built for High Performance Color Grey Easy to Apply Great Thermal Conductivity Operating Temperature -40~180 degrees Celsius Specific Gravity (g\/cm\u00b3) 3 Weight 2.5 Gram Syringe\" \/>\n<meta property=\"og:url\" content=\"https:\/\/unitgames.com.ar\/pc-gamer\/producto\/pasta-termica-evga-frostbite-2-5-gramos\/\" \/>\n<meta property=\"og:site_name\" content=\"UnitGames\" \/>\n<meta property=\"article:modified_time\" content=\"2026-01-09T10:16:37+00:00\" \/>\n<meta property=\"og:image\" content=\"https:\/\/unitgames.com.ar\/pc-gamer\/wp-content\/uploads\/2025\/02\/Pasta-Termica-EVGA-Frostbite-2.png\" \/>\n\t<meta property=\"og:image:width\" content=\"1283\" \/>\n\t<meta property=\"og:image:height\" content=\"1283\" \/>\n\t<meta property=\"og:image:type\" content=\"image\/png\" \/>\n<meta name=\"twitter:card\" content=\"summary_large_image\" \/>\n<meta name=\"twitter:label1\" content=\"Tiempo de lectura\" \/>\n\t<meta name=\"twitter:data1\" content=\"1 minuto\" \/>\n<script type=\"application\/ld+json\" class=\"yoast-schema-graph\">{\"@context\":\"https:\\\/\\\/schema.org\",\"@graph\":[{\"@type\":\"WebPage\",\"@id\":\"https:\\\/\\\/unitgames.com.ar\\\/pc-gamer\\\/producto\\\/pasta-termica-evga-frostbite-2-5-gramos\\\/\",\"url\":\"https:\\\/\\\/unitgames.com.ar\\\/pc-gamer\\\/producto\\\/pasta-termica-evga-frostbite-2-5-gramos\\\/\",\"name\":\"Pasta Termica EVGA Frostbite 2.5 Gramos - UnitGames\",\"isPartOf\":{\"@id\":\"https:\\\/\\\/unitgames.com.ar\\\/pc-gamer\\\/#website\"},\"primaryImageOfPage\":{\"@id\":\"https:\\\/\\\/unitgames.com.ar\\\/pc-gamer\\\/producto\\\/pasta-termica-evga-frostbite-2-5-gramos\\\/#primaryimage\"},\"image\":{\"@id\":\"https:\\\/\\\/unitgames.com.ar\\\/pc-gamer\\\/producto\\\/pasta-termica-evga-frostbite-2-5-gramos\\\/#primaryimage\"},\"thumbnailUrl\":\"https:\\\/\\\/unitgames.com.ar\\\/pc-gamer\\\/wp-content\\\/uploads\\\/2025\\\/02\\\/Pasta-Termica-EVGA-Frostbite-2.png\",\"datePublished\":\"2025-02-15T16:54:23+00:00\",\"dateModified\":\"2026-01-09T10:16:37+00:00\",\"breadcrumb\":{\"@id\":\"https:\\\/\\\/unitgames.com.ar\\\/pc-gamer\\\/producto\\\/pasta-termica-evga-frostbite-2-5-gramos\\\/#breadcrumb\"},\"inLanguage\":\"es\",\"potentialAction\":[{\"@type\":\"ReadAction\",\"target\":[\"https:\\\/\\\/unitgames.com.ar\\\/pc-gamer\\\/producto\\\/pasta-termica-evga-frostbite-2-5-gramos\\\/\"]}]},{\"@type\":\"ImageObject\",\"inLanguage\":\"es\",\"@id\":\"https:\\\/\\\/unitgames.com.ar\\\/pc-gamer\\\/producto\\\/pasta-termica-evga-frostbite-2-5-gramos\\\/#primaryimage\",\"url\":\"https:\\\/\\\/unitgames.com.ar\\\/pc-gamer\\\/wp-content\\\/uploads\\\/2025\\\/02\\\/Pasta-Termica-EVGA-Frostbite-2.png\",\"contentUrl\":\"https:\\\/\\\/unitgames.com.ar\\\/pc-gamer\\\/wp-content\\\/uploads\\\/2025\\\/02\\\/Pasta-Termica-EVGA-Frostbite-2.png\",\"width\":1283,\"height\":1283},{\"@type\":\"BreadcrumbList\",\"@id\":\"https:\\\/\\\/unitgames.com.ar\\\/pc-gamer\\\/producto\\\/pasta-termica-evga-frostbite-2-5-gramos\\\/#breadcrumb\",\"itemListElement\":[{\"@type\":\"ListItem\",\"position\":1,\"name\":\"Tienda\",\"item\":\"https:\\\/\\\/unitgames.com.ar\\\/pc-gamer\\\/tienda\\\/\"},{\"@type\":\"ListItem\",\"position\":2,\"name\":\"Pasta Termica EVGA Frostbite 2.5 Gramos\"}]},{\"@type\":\"WebSite\",\"@id\":\"https:\\\/\\\/unitgames.com.ar\\\/pc-gamer\\\/#website\",\"url\":\"https:\\\/\\\/unitgames.com.ar\\\/pc-gamer\\\/\",\"name\":\"UnitGames\",\"description\":\"Venta de PC Gamers, Consolas , Servicio Tecnico Especializado. Todos en Accesorios Informaticos y Gamers\",\"publisher\":{\"@id\":\"https:\\\/\\\/unitgames.com.ar\\\/pc-gamer\\\/#organization\"},\"potentialAction\":[{\"@type\":\"SearchAction\",\"target\":{\"@type\":\"EntryPoint\",\"urlTemplate\":\"https:\\\/\\\/unitgames.com.ar\\\/pc-gamer\\\/?s={search_term_string}\"},\"query-input\":{\"@type\":\"PropertyValueSpecification\",\"valueRequired\":true,\"valueName\":\"search_term_string\"}}],\"inLanguage\":\"es\"},{\"@type\":\"Organization\",\"@id\":\"https:\\\/\\\/unitgames.com.ar\\\/pc-gamer\\\/#organization\",\"name\":\"UnitGames\",\"url\":\"https:\\\/\\\/unitgames.com.ar\\\/pc-gamer\\\/\",\"logo\":{\"@type\":\"ImageObject\",\"inLanguage\":\"es\",\"@id\":\"https:\\\/\\\/unitgames.com.ar\\\/pc-gamer\\\/#\\\/schema\\\/logo\\\/image\\\/\",\"url\":\"https:\\\/\\\/unitgames.com.ar\\\/pc-gamer\\\/wp-content\\\/uploads\\\/2021\\\/01\\\/cropped-logoUnitGames2.png\",\"contentUrl\":\"https:\\\/\\\/unitgames.com.ar\\\/pc-gamer\\\/wp-content\\\/uploads\\\/2021\\\/01\\\/cropped-logoUnitGames2.png\",\"width\":152,\"height\":200,\"caption\":\"UnitGames\"},\"image\":{\"@id\":\"https:\\\/\\\/unitgames.com.ar\\\/pc-gamer\\\/#\\\/schema\\\/logo\\\/image\\\/\"}}]}<\/script>\n<!-- \/ Yoast SEO plugin. -->","yoast_head_json":{"title":"Pasta Termica EVGA Frostbite 2.5 Gramos - UnitGames","robots":{"index":"index","follow":"follow","max-snippet":"max-snippet:-1","max-image-preview":"max-image-preview:large","max-video-preview":"max-video-preview:-1"},"canonical":"https:\/\/unitgames.com.ar\/pc-gamer\/producto\/pasta-termica-evga-frostbite-2-5-gramos\/","og_locale":"es_ES","og_type":"article","og_title":"Pasta Termica EVGA Frostbite 2.5 Gramos - UnitGames","og_description":"Presentamos la Pasta T\u00e9rmica EVGA Frostbite 2, la nueva generaci\u00f3n en material de interfaz t\u00e9rmica. Dise\u00f1ada para entregar una transferencia de calor altamente eficiente bajo cualquier carga, Frostbite 2 es f\u00e1cil de aplicar para asegurar un contacto t\u00e9rmico \u00f3ptimo entre tu CPU y GPU y su disipador. Ya sea que tengas refrigeraci\u00f3n l\u00edquida o por aire, juegues o hagas overclock, la Pasta T\u00e9rmica EVGA Frostbite 2 mantendr\u00e1 tus temperaturas fr\u00edas como un hielo &nbsp; &nbsp; Breakdown Voltage (V\/mil) 250 Built for High Performance Color Grey Easy to Apply Great Thermal Conductivity Operating Temperature -40~180 degrees Celsius Specific Gravity (g\/cm\u00b3) 3 Weight 2.5 Gram Syringe","og_url":"https:\/\/unitgames.com.ar\/pc-gamer\/producto\/pasta-termica-evga-frostbite-2-5-gramos\/","og_site_name":"UnitGames","article_modified_time":"2026-01-09T10:16:37+00:00","og_image":[{"width":1283,"height":1283,"url":"https:\/\/unitgames.com.ar\/pc-gamer\/wp-content\/uploads\/2025\/02\/Pasta-Termica-EVGA-Frostbite-2.png","type":"image\/png"}],"twitter_card":"summary_large_image","twitter_misc":{"Tiempo de lectura":"1 minuto"},"schema":{"@context":"https:\/\/schema.org","@graph":[{"@type":"WebPage","@id":"https:\/\/unitgames.com.ar\/pc-gamer\/producto\/pasta-termica-evga-frostbite-2-5-gramos\/","url":"https:\/\/unitgames.com.ar\/pc-gamer\/producto\/pasta-termica-evga-frostbite-2-5-gramos\/","name":"Pasta Termica EVGA Frostbite 2.5 Gramos - UnitGames","isPartOf":{"@id":"https:\/\/unitgames.com.ar\/pc-gamer\/#website"},"primaryImageOfPage":{"@id":"https:\/\/unitgames.com.ar\/pc-gamer\/producto\/pasta-termica-evga-frostbite-2-5-gramos\/#primaryimage"},"image":{"@id":"https:\/\/unitgames.com.ar\/pc-gamer\/producto\/pasta-termica-evga-frostbite-2-5-gramos\/#primaryimage"},"thumbnailUrl":"https:\/\/unitgames.com.ar\/pc-gamer\/wp-content\/uploads\/2025\/02\/Pasta-Termica-EVGA-Frostbite-2.png","datePublished":"2025-02-15T16:54:23+00:00","dateModified":"2026-01-09T10:16:37+00:00","breadcrumb":{"@id":"https:\/\/unitgames.com.ar\/pc-gamer\/producto\/pasta-termica-evga-frostbite-2-5-gramos\/#breadcrumb"},"inLanguage":"es","potentialAction":[{"@type":"ReadAction","target":["https:\/\/unitgames.com.ar\/pc-gamer\/producto\/pasta-termica-evga-frostbite-2-5-gramos\/"]}]},{"@type":"ImageObject","inLanguage":"es","@id":"https:\/\/unitgames.com.ar\/pc-gamer\/producto\/pasta-termica-evga-frostbite-2-5-gramos\/#primaryimage","url":"https:\/\/unitgames.com.ar\/pc-gamer\/wp-content\/uploads\/2025\/02\/Pasta-Termica-EVGA-Frostbite-2.png","contentUrl":"https:\/\/unitgames.com.ar\/pc-gamer\/wp-content\/uploads\/2025\/02\/Pasta-Termica-EVGA-Frostbite-2.png","width":1283,"height":1283},{"@type":"BreadcrumbList","@id":"https:\/\/unitgames.com.ar\/pc-gamer\/producto\/pasta-termica-evga-frostbite-2-5-gramos\/#breadcrumb","itemListElement":[{"@type":"ListItem","position":1,"name":"Tienda","item":"https:\/\/unitgames.com.ar\/pc-gamer\/tienda\/"},{"@type":"ListItem","position":2,"name":"Pasta Termica EVGA Frostbite 2.5 Gramos"}]},{"@type":"WebSite","@id":"https:\/\/unitgames.com.ar\/pc-gamer\/#website","url":"https:\/\/unitgames.com.ar\/pc-gamer\/","name":"UnitGames","description":"Venta de PC Gamers, Consolas , Servicio Tecnico Especializado. Todos en Accesorios Informaticos y Gamers","publisher":{"@id":"https:\/\/unitgames.com.ar\/pc-gamer\/#organization"},"potentialAction":[{"@type":"SearchAction","target":{"@type":"EntryPoint","urlTemplate":"https:\/\/unitgames.com.ar\/pc-gamer\/?s={search_term_string}"},"query-input":{"@type":"PropertyValueSpecification","valueRequired":true,"valueName":"search_term_string"}}],"inLanguage":"es"},{"@type":"Organization","@id":"https:\/\/unitgames.com.ar\/pc-gamer\/#organization","name":"UnitGames","url":"https:\/\/unitgames.com.ar\/pc-gamer\/","logo":{"@type":"ImageObject","inLanguage":"es","@id":"https:\/\/unitgames.com.ar\/pc-gamer\/#\/schema\/logo\/image\/","url":"https:\/\/unitgames.com.ar\/pc-gamer\/wp-content\/uploads\/2021\/01\/cropped-logoUnitGames2.png","contentUrl":"https:\/\/unitgames.com.ar\/pc-gamer\/wp-content\/uploads\/2021\/01\/cropped-logoUnitGames2.png","width":152,"height":200,"caption":"UnitGames"},"image":{"@id":"https:\/\/unitgames.com.ar\/pc-gamer\/#\/schema\/logo\/image\/"}}]}},"_links":{"self":[{"href":"https:\/\/unitgames.com.ar\/pc-gamer\/wp-json\/wp\/v2\/product\/12629","targetHints":{"allow":["GET"]}}],"collection":[{"href":"https:\/\/unitgames.com.ar\/pc-gamer\/wp-json\/wp\/v2\/product"}],"about":[{"href":"https:\/\/unitgames.com.ar\/pc-gamer\/wp-json\/wp\/v2\/types\/product"}],"version-history":[{"count":0,"href":"https:\/\/unitgames.com.ar\/pc-gamer\/wp-json\/wp\/v2\/product\/12629\/revisions"}],"wp:featuredmedia":[{"embeddable":true,"href":"https:\/\/unitgames.com.ar\/pc-gamer\/wp-json\/wp\/v2\/media\/12647"}],"wp:attachment":[{"href":"https:\/\/unitgames.com.ar\/pc-gamer\/wp-json\/wp\/v2\/media?parent=12629"}],"wp:term":[{"taxonomy":"product_brand","embeddable":true,"href":"https:\/\/unitgames.com.ar\/pc-gamer\/wp-json\/wp\/v2\/product_brand?post=12629"},{"taxonomy":"product_cat","embeddable":true,"href":"https:\/\/unitgames.com.ar\/pc-gamer\/wp-json\/wp\/v2\/product_cat?post=12629"},{"taxonomy":"product_tag","embeddable":true,"href":"https:\/\/unitgames.com.ar\/pc-gamer\/wp-json\/wp\/v2\/product_tag?post=12629"}],"curies":[{"name":"wp","href":"https:\/\/api.w.org\/{rel}","templated":true}]}}