{"id":12724,"date":"2025-02-16T00:47:29","date_gmt":"2025-02-16T00:47:29","guid":{"rendered":"https:\/\/unitgames.com.ar\/pc-gamer\/?post_type=product&#038;p=12724"},"modified":"2026-01-09T07:16:36","modified_gmt":"2026-01-09T10:16:36","slug":"parlante-genius-sp-hf280-negro","status":"publish","type":"product","link":"https:\/\/unitgames.com.ar\/pc-gamer\/producto\/parlante-genius-sp-hf280-negro\/","title":{"rendered":"Parlante GENIUS SP-HF280 Madera"},"content":{"rendered":"<div class=\"ui-pdp-container__row ui-pdp-container__row--description\">\n<div class=\"ui-pdp-description\">\n<table class=\"wp-dark-mode-bg-image\" border=\"0\" cellspacing=\"0\" cellpadding=\"0\">\n<tbody class=\"wp-dark-mode-bg-image\">\n<tr class=\"wp-dark-mode-bg-image\">\n<td class=\"wp-dark-mode-bg-image\" width=\"252\" height=\"20\"><strong class=\"wp-dark-mode-bg-image\">Conexi\u00f3n<\/strong><\/td>\n<td class=\"wp-dark-mode-bg-image\" width=\"714\">USB<\/td>\n<\/tr>\n<tr class=\"wp-dark-mode-bg-image\">\n<td class=\"wp-dark-mode-bg-image\" height=\"20\"><strong class=\"wp-dark-mode-bg-image\">Potencia m\u00e1xima total (W)<\/strong><\/td>\n<td class=\"wp-dark-mode-bg-image\">6 W (3 W x 2)<\/td>\n<\/tr>\n<tr class=\"wp-dark-mode-bg-image\">\n<td class=\"wp-dark-mode-bg-image\" height=\"20\"><strong class=\"wp-dark-mode-bg-image\">Unidad de potencia<\/strong><\/td>\n<td class=\"wp-dark-mode-bg-image\">3\u2033<\/td>\n<\/tr>\n<tr class=\"wp-dark-mode-bg-image\">\n<td class=\"wp-dark-mode-bg-image\" height=\"20\"><strong class=\"wp-dark-mode-bg-image\">Fuente de alimentaci\u00f3n<\/strong><\/td>\n<td class=\"wp-dark-mode-bg-image\">Conector USB para equipos port\u00e1tiles o de escritorio<\/td>\n<\/tr>\n<tr class=\"wp-dark-mode-bg-image\">\n<td class=\"wp-dark-mode-bg-image\" height=\"20\"><strong class=\"wp-dark-mode-bg-image\">Control de volumen<\/strong><\/td>\n<td class=\"wp-dark-mode-bg-image\">S\u00cd<\/td>\n<\/tr>\n<tr class=\"wp-dark-mode-bg-image\">\n<td class=\"wp-dark-mode-bg-image\" height=\"20\"><strong class=\"wp-dark-mode-bg-image\">Entrada de audio<\/strong><\/td>\n<td class=\"wp-dark-mode-bg-image\">3.5 mm<\/td>\n<\/tr>\n<tr class=\"wp-dark-mode-bg-image\">\n<td class=\"wp-dark-mode-bg-image\" height=\"20\"><strong class=\"wp-dark-mode-bg-image\">Respuesta frecuente<\/strong><\/td>\n<td class=\"wp-dark-mode-bg-image\">100 HZ \u2013 20 KHZ<\/td>\n<\/tr>\n<tr class=\"wp-dark-mode-bg-image\">\n<td class=\"wp-dark-mode-bg-image\" height=\"20\"><strong class=\"wp-dark-mode-bg-image\">Longitud de cable<\/strong><\/td>\n<td class=\"wp-dark-mode-bg-image\">1.2 m<\/td>\n<\/tr>\n<tr class=\"wp-dark-mode-bg-image\">\n<td class=\"wp-dark-mode-bg-image\" height=\"20\"><strong class=\"wp-dark-mode-bg-image\">Peso (g)<\/strong><\/td>\n<td class=\"wp-dark-mode-bg-image\">Aprox. 731.50 g<\/td>\n<\/tr>\n<tr class=\"wp-dark-mode-bg-image\">\n<td class=\"wp-dark-mode-bg-image\" height=\"20\"><strong class=\"wp-dark-mode-bg-image\">Dimensiones (A x A x P) mm (pulgadas)<\/strong><\/td>\n<td class=\"wp-dark-mode-bg-image\">102 x 140 x 102 mm (4.02 x 5.51 x 4.02 pulgadas)<\/td>\n<\/tr>\n<tr class=\"wp-dark-mode-bg-image\">\n<td class=\"wp-dark-mode-bg-image\" height=\"20\"><strong class=\"wp-dark-mode-bg-image\">Requisitos del sistema<\/strong><\/td>\n<td class=\"wp-dark-mode-bg-image\">Windows\u00ae or Mac\u00ae OS computers or laptops \/ Tablets or smartphones \/ MP3 players<\/td>\n<\/tr>\n<tr class=\"wp-dark-mode-bg-image\">\n<td class=\"wp-dark-mode-bg-image\" height=\"20\"><strong class=\"wp-dark-mode-bg-image\">Colores<\/strong><\/td>\n<td class=\"wp-dark-mode-bg-image\">Wood,<\/td>\n<\/tr>\n<tr class=\"wp-dark-mode-bg-image\">\n<td class=\"wp-dark-mode-bg-image\" height=\"20\"><strong class=\"wp-dark-mode-bg-image\">Contenido de la caja<\/strong><\/td>\n<td class=\"wp-dark-mode-bg-image\">SP-HF280<\/td>\n<\/tr>\n<tr class=\"wp-dark-mode-bg-image\">\n<td class=\"wp-dark-mode-bg-image\" height=\"20\"><\/td>\n<td class=\"wp-dark-mode-bg-image\">Gu\u00eda r\u00e1pida en varios idiomas<\/td>\n<\/tr>\n<\/tbody>\n<\/table>\n<\/div>\n<\/div>\n<div class=\"ui-pdp-container__row ui-pdp-container__row--questions\">\n<div id=\"questions\" class=\"ui-pdp-questions\"><\/div>\n<\/div>\n","protected":false},"excerpt":{"rendered":"<p>Conexi\u00f3n USB Potencia m\u00e1xima total (W) 6 W (3 W x 2) Unidad de potencia 3\u2033 Fuente de alimentaci\u00f3n Conector USB para equipos port\u00e1tiles o de escritorio Control de volumen S\u00cd Entrada de audio 3.5 mm Respuesta frecuente 100 HZ \u2013 20 KHZ Longitud de cable 1.2 m Peso (g) Aprox. 731.50 g Dimensiones (A x A x P) mm (pulgadas) 102 x 140 x 102 mm (4.02 x 5.51 x 4.02 pulgadas) Requisitos del sistema Windows\u00ae or Mac\u00ae OS computers or laptops \/ Tablets or smartphones \/ MP3 players Colores Wood, Contenido de la caja SP-HF280 Gu\u00eda r\u00e1pida en varios idiomas<\/p>\n","protected":false},"featured_media":12725,"template":"","meta":{"site-sidebar-layout":"default","site-content-layout":"","ast-site-content-layout":"default","site-content-style":"default","site-sidebar-style":"default","ast-global-header-display":"","ast-banner-title-visibility":"","ast-main-header-display":"","ast-hfb-above-header-display":"","ast-hfb-below-header-display":"","ast-hfb-mobile-header-display":"","site-post-title":"","ast-breadcrumbs-content":"","ast-featured-img":"","footer-sml-layout":"","theme-transparent-header-meta":"default","adv-header-id-meta":"","stick-header-meta":"","header-above-stick-meta":"","header-main-stick-meta":"","header-below-stick-meta":"","astra-migrate-meta-layouts":"set","ast-page-background-enabled":"default","ast-page-background-meta":{"desktop":{"background-color":"var(--ast-global-color-5)","background-image":"","background-repeat":"repeat","background-position":"center center","background-size":"auto","background-attachment":"scroll","background-type":"","background-media":"","overlay-type":"","overlay-color":"","overlay-opacity":"","overlay-gradient":""},"tablet":{"background-color":"","background-image":"","background-repeat":"repeat","background-position":"center center","background-size":"auto","background-attachment":"scroll","background-type":"","background-media":"","overlay-type":"","overlay-color":"","overlay-opacity":"","overlay-gradient":""},"mobile":{"background-color":"","background-image":"","background-repeat":"repeat","background-position":"center center","background-size":"auto","background-attachment":"scroll","background-type":"","background-media":"","overlay-type":"","overlay-color":"","overlay-opacity":"","overlay-gradient":""}},"ast-content-background-meta":{"desktop":{"background-color":"var(--ast-global-color-4)","background-image":"","background-repeat":"repeat","background-position":"center center","background-size":"auto","background-attachment":"scroll","background-type":"","background-media":"","overlay-type":"","overlay-color":"","overlay-opacity":"","overlay-gradient":""},"tablet":{"background-color":"var(--ast-global-color-4)","background-image":"","background-repeat":"repeat","background-position":"center center","background-size":"auto","background-attachment":"scroll","background-type":"","background-media":"","overlay-type":"","overlay-color":"","overlay-opacity":"","overlay-gradient":""},"mobile":{"background-color":"var(--ast-global-color-4)","background-image":"","background-repeat":"repeat","background-position":"center center","background-size":"auto","background-attachment":"scroll","background-type":"","background-media":"","overlay-type":"","overlay-color":"","overlay-opacity":"","overlay-gradient":""}},"_joinchat":[]},"product_brand":[],"product_cat":[85],"product_tag":[],"class_list":{"0":"post-12724","1":"product","2":"type-product","3":"status-publish","4":"has-post-thumbnail","6":"product_cat-parlantes","7":"desktop-align-center","8":"tablet-align-left","9":"mobile-align-left","11":"first","12":"instock","13":"shipping-taxable","14":"purchasable","15":"product-type-simple"},"yoast_head":"<!-- This site is optimized with the Yoast SEO plugin v27.3 - https:\/\/yoast.com\/product\/yoast-seo-wordpress\/ -->\n<title>Parlante GENIUS SP-HF280 Madera - UnitGames<\/title>\n<meta name=\"robots\" content=\"index, follow, max-snippet:-1, max-image-preview:large, max-video-preview:-1\" \/>\n<link rel=\"canonical\" href=\"https:\/\/unitgames.com.ar\/pc-gamer\/producto\/parlante-genius-sp-hf280-negro\/\" \/>\n<meta property=\"og:locale\" content=\"es_ES\" \/>\n<meta property=\"og:type\" content=\"article\" \/>\n<meta property=\"og:title\" content=\"Parlante GENIUS SP-HF280 Madera - UnitGames\" \/>\n<meta property=\"og:description\" content=\"Conexi\u00f3n USB Potencia m\u00e1xima total (W) 6 W (3 W x 2) Unidad de potencia 3\u2033 Fuente de alimentaci\u00f3n Conector USB para equipos port\u00e1tiles o de escritorio Control de volumen S\u00cd Entrada de audio 3.5 mm Respuesta frecuente 100 HZ \u2013 20 KHZ Longitud de cable 1.2 m Peso (g) Aprox. 731.50 g Dimensiones (A x A x P) mm (pulgadas) 102 x 140 x 102 mm (4.02 x 5.51 x 4.02 pulgadas) Requisitos del sistema Windows\u00ae or Mac\u00ae OS computers or laptops \/ Tablets or smartphones \/ MP3 players Colores Wood, Contenido de la caja SP-HF280 Gu\u00eda r\u00e1pida en varios idiomas\" \/>\n<meta property=\"og:url\" content=\"https:\/\/unitgames.com.ar\/pc-gamer\/producto\/parlante-genius-sp-hf280-negro\/\" \/>\n<meta property=\"og:site_name\" content=\"UnitGames\" \/>\n<meta property=\"article:modified_time\" content=\"2026-01-09T10:16:36+00:00\" \/>\n<meta property=\"og:image\" content=\"https:\/\/unitgames.com.ar\/pc-gamer\/wp-content\/uploads\/2025\/02\/Parlante-GENIUS-SP-HF208-Negro.png\" \/>\n\t<meta property=\"og:image:width\" content=\"1263\" \/>\n\t<meta property=\"og:image:height\" content=\"1285\" \/>\n\t<meta property=\"og:image:type\" content=\"image\/png\" \/>\n<meta name=\"twitter:card\" content=\"summary_large_image\" \/>\n<meta name=\"twitter:label1\" content=\"Tiempo de lectura\" \/>\n\t<meta name=\"twitter:data1\" content=\"1 minuto\" \/>\n<script type=\"application\/ld+json\" class=\"yoast-schema-graph\">{\"@context\":\"https:\\\/\\\/schema.org\",\"@graph\":[{\"@type\":\"WebPage\",\"@id\":\"https:\\\/\\\/unitgames.com.ar\\\/pc-gamer\\\/producto\\\/parlante-genius-sp-hf280-negro\\\/\",\"url\":\"https:\\\/\\\/unitgames.com.ar\\\/pc-gamer\\\/producto\\\/parlante-genius-sp-hf280-negro\\\/\",\"name\":\"Parlante GENIUS SP-HF280 Madera - UnitGames\",\"isPartOf\":{\"@id\":\"https:\\\/\\\/unitgames.com.ar\\\/pc-gamer\\\/#website\"},\"primaryImageOfPage\":{\"@id\":\"https:\\\/\\\/unitgames.com.ar\\\/pc-gamer\\\/producto\\\/parlante-genius-sp-hf280-negro\\\/#primaryimage\"},\"image\":{\"@id\":\"https:\\\/\\\/unitgames.com.ar\\\/pc-gamer\\\/producto\\\/parlante-genius-sp-hf280-negro\\\/#primaryimage\"},\"thumbnailUrl\":\"https:\\\/\\\/unitgames.com.ar\\\/pc-gamer\\\/wp-content\\\/uploads\\\/2025\\\/02\\\/Parlante-GENIUS-SP-HF208-Negro.png\",\"datePublished\":\"2025-02-16T00:47:29+00:00\",\"dateModified\":\"2026-01-09T10:16:36+00:00\",\"breadcrumb\":{\"@id\":\"https:\\\/\\\/unitgames.com.ar\\\/pc-gamer\\\/producto\\\/parlante-genius-sp-hf280-negro\\\/#breadcrumb\"},\"inLanguage\":\"es\",\"potentialAction\":[{\"@type\":\"ReadAction\",\"target\":[\"https:\\\/\\\/unitgames.com.ar\\\/pc-gamer\\\/producto\\\/parlante-genius-sp-hf280-negro\\\/\"]}]},{\"@type\":\"ImageObject\",\"inLanguage\":\"es\",\"@id\":\"https:\\\/\\\/unitgames.com.ar\\\/pc-gamer\\\/producto\\\/parlante-genius-sp-hf280-negro\\\/#primaryimage\",\"url\":\"https:\\\/\\\/unitgames.com.ar\\\/pc-gamer\\\/wp-content\\\/uploads\\\/2025\\\/02\\\/Parlante-GENIUS-SP-HF208-Negro.png\",\"contentUrl\":\"https:\\\/\\\/unitgames.com.ar\\\/pc-gamer\\\/wp-content\\\/uploads\\\/2025\\\/02\\\/Parlante-GENIUS-SP-HF208-Negro.png\",\"width\":1263,\"height\":1285},{\"@type\":\"BreadcrumbList\",\"@id\":\"https:\\\/\\\/unitgames.com.ar\\\/pc-gamer\\\/producto\\\/parlante-genius-sp-hf280-negro\\\/#breadcrumb\",\"itemListElement\":[{\"@type\":\"ListItem\",\"position\":1,\"name\":\"Tienda\",\"item\":\"https:\\\/\\\/unitgames.com.ar\\\/pc-gamer\\\/tienda\\\/\"},{\"@type\":\"ListItem\",\"position\":2,\"name\":\"Parlante GENIUS SP-HF280 Madera\"}]},{\"@type\":\"WebSite\",\"@id\":\"https:\\\/\\\/unitgames.com.ar\\\/pc-gamer\\\/#website\",\"url\":\"https:\\\/\\\/unitgames.com.ar\\\/pc-gamer\\\/\",\"name\":\"UnitGames\",\"description\":\"Venta de PC Gamers, Consolas , Servicio Tecnico Especializado. Todos en Accesorios Informaticos y Gamers\",\"publisher\":{\"@id\":\"https:\\\/\\\/unitgames.com.ar\\\/pc-gamer\\\/#organization\"},\"potentialAction\":[{\"@type\":\"SearchAction\",\"target\":{\"@type\":\"EntryPoint\",\"urlTemplate\":\"https:\\\/\\\/unitgames.com.ar\\\/pc-gamer\\\/?s={search_term_string}\"},\"query-input\":{\"@type\":\"PropertyValueSpecification\",\"valueRequired\":true,\"valueName\":\"search_term_string\"}}],\"inLanguage\":\"es\"},{\"@type\":\"Organization\",\"@id\":\"https:\\\/\\\/unitgames.com.ar\\\/pc-gamer\\\/#organization\",\"name\":\"UnitGames\",\"url\":\"https:\\\/\\\/unitgames.com.ar\\\/pc-gamer\\\/\",\"logo\":{\"@type\":\"ImageObject\",\"inLanguage\":\"es\",\"@id\":\"https:\\\/\\\/unitgames.com.ar\\\/pc-gamer\\\/#\\\/schema\\\/logo\\\/image\\\/\",\"url\":\"https:\\\/\\\/unitgames.com.ar\\\/pc-gamer\\\/wp-content\\\/uploads\\\/2021\\\/01\\\/cropped-logoUnitGames2.png\",\"contentUrl\":\"https:\\\/\\\/unitgames.com.ar\\\/pc-gamer\\\/wp-content\\\/uploads\\\/2021\\\/01\\\/cropped-logoUnitGames2.png\",\"width\":152,\"height\":200,\"caption\":\"UnitGames\"},\"image\":{\"@id\":\"https:\\\/\\\/unitgames.com.ar\\\/pc-gamer\\\/#\\\/schema\\\/logo\\\/image\\\/\"}}]}<\/script>\n<!-- \/ Yoast SEO plugin. -->","yoast_head_json":{"title":"Parlante GENIUS SP-HF280 Madera - UnitGames","robots":{"index":"index","follow":"follow","max-snippet":"max-snippet:-1","max-image-preview":"max-image-preview:large","max-video-preview":"max-video-preview:-1"},"canonical":"https:\/\/unitgames.com.ar\/pc-gamer\/producto\/parlante-genius-sp-hf280-negro\/","og_locale":"es_ES","og_type":"article","og_title":"Parlante GENIUS SP-HF280 Madera - UnitGames","og_description":"Conexi\u00f3n USB Potencia m\u00e1xima total (W) 6 W (3 W x 2) Unidad de potencia 3\u2033 Fuente de alimentaci\u00f3n Conector USB para equipos port\u00e1tiles o de escritorio Control de volumen S\u00cd Entrada de audio 3.5 mm Respuesta frecuente 100 HZ \u2013 20 KHZ Longitud de cable 1.2 m Peso (g) Aprox. 731.50 g Dimensiones (A x A x P) mm (pulgadas) 102 x 140 x 102 mm (4.02 x 5.51 x 4.02 pulgadas) Requisitos del sistema Windows\u00ae or Mac\u00ae OS computers or laptops \/ Tablets or smartphones \/ MP3 players Colores Wood, Contenido de la caja SP-HF280 Gu\u00eda r\u00e1pida en varios idiomas","og_url":"https:\/\/unitgames.com.ar\/pc-gamer\/producto\/parlante-genius-sp-hf280-negro\/","og_site_name":"UnitGames","article_modified_time":"2026-01-09T10:16:36+00:00","og_image":[{"width":1263,"height":1285,"url":"https:\/\/unitgames.com.ar\/pc-gamer\/wp-content\/uploads\/2025\/02\/Parlante-GENIUS-SP-HF208-Negro.png","type":"image\/png"}],"twitter_card":"summary_large_image","twitter_misc":{"Tiempo de lectura":"1 minuto"},"schema":{"@context":"https:\/\/schema.org","@graph":[{"@type":"WebPage","@id":"https:\/\/unitgames.com.ar\/pc-gamer\/producto\/parlante-genius-sp-hf280-negro\/","url":"https:\/\/unitgames.com.ar\/pc-gamer\/producto\/parlante-genius-sp-hf280-negro\/","name":"Parlante GENIUS SP-HF280 Madera - UnitGames","isPartOf":{"@id":"https:\/\/unitgames.com.ar\/pc-gamer\/#website"},"primaryImageOfPage":{"@id":"https:\/\/unitgames.com.ar\/pc-gamer\/producto\/parlante-genius-sp-hf280-negro\/#primaryimage"},"image":{"@id":"https:\/\/unitgames.com.ar\/pc-gamer\/producto\/parlante-genius-sp-hf280-negro\/#primaryimage"},"thumbnailUrl":"https:\/\/unitgames.com.ar\/pc-gamer\/wp-content\/uploads\/2025\/02\/Parlante-GENIUS-SP-HF208-Negro.png","datePublished":"2025-02-16T00:47:29+00:00","dateModified":"2026-01-09T10:16:36+00:00","breadcrumb":{"@id":"https:\/\/unitgames.com.ar\/pc-gamer\/producto\/parlante-genius-sp-hf280-negro\/#breadcrumb"},"inLanguage":"es","potentialAction":[{"@type":"ReadAction","target":["https:\/\/unitgames.com.ar\/pc-gamer\/producto\/parlante-genius-sp-hf280-negro\/"]}]},{"@type":"ImageObject","inLanguage":"es","@id":"https:\/\/unitgames.com.ar\/pc-gamer\/producto\/parlante-genius-sp-hf280-negro\/#primaryimage","url":"https:\/\/unitgames.com.ar\/pc-gamer\/wp-content\/uploads\/2025\/02\/Parlante-GENIUS-SP-HF208-Negro.png","contentUrl":"https:\/\/unitgames.com.ar\/pc-gamer\/wp-content\/uploads\/2025\/02\/Parlante-GENIUS-SP-HF208-Negro.png","width":1263,"height":1285},{"@type":"BreadcrumbList","@id":"https:\/\/unitgames.com.ar\/pc-gamer\/producto\/parlante-genius-sp-hf280-negro\/#breadcrumb","itemListElement":[{"@type":"ListItem","position":1,"name":"Tienda","item":"https:\/\/unitgames.com.ar\/pc-gamer\/tienda\/"},{"@type":"ListItem","position":2,"name":"Parlante GENIUS SP-HF280 Madera"}]},{"@type":"WebSite","@id":"https:\/\/unitgames.com.ar\/pc-gamer\/#website","url":"https:\/\/unitgames.com.ar\/pc-gamer\/","name":"UnitGames","description":"Venta de PC Gamers, Consolas , Servicio Tecnico Especializado. Todos en Accesorios Informaticos y Gamers","publisher":{"@id":"https:\/\/unitgames.com.ar\/pc-gamer\/#organization"},"potentialAction":[{"@type":"SearchAction","target":{"@type":"EntryPoint","urlTemplate":"https:\/\/unitgames.com.ar\/pc-gamer\/?s={search_term_string}"},"query-input":{"@type":"PropertyValueSpecification","valueRequired":true,"valueName":"search_term_string"}}],"inLanguage":"es"},{"@type":"Organization","@id":"https:\/\/unitgames.com.ar\/pc-gamer\/#organization","name":"UnitGames","url":"https:\/\/unitgames.com.ar\/pc-gamer\/","logo":{"@type":"ImageObject","inLanguage":"es","@id":"https:\/\/unitgames.com.ar\/pc-gamer\/#\/schema\/logo\/image\/","url":"https:\/\/unitgames.com.ar\/pc-gamer\/wp-content\/uploads\/2021\/01\/cropped-logoUnitGames2.png","contentUrl":"https:\/\/unitgames.com.ar\/pc-gamer\/wp-content\/uploads\/2021\/01\/cropped-logoUnitGames2.png","width":152,"height":200,"caption":"UnitGames"},"image":{"@id":"https:\/\/unitgames.com.ar\/pc-gamer\/#\/schema\/logo\/image\/"}}]}},"_links":{"self":[{"href":"https:\/\/unitgames.com.ar\/pc-gamer\/wp-json\/wp\/v2\/product\/12724","targetHints":{"allow":["GET"]}}],"collection":[{"href":"https:\/\/unitgames.com.ar\/pc-gamer\/wp-json\/wp\/v2\/product"}],"about":[{"href":"https:\/\/unitgames.com.ar\/pc-gamer\/wp-json\/wp\/v2\/types\/product"}],"version-history":[{"count":0,"href":"https:\/\/unitgames.com.ar\/pc-gamer\/wp-json\/wp\/v2\/product\/12724\/revisions"}],"wp:featuredmedia":[{"embeddable":true,"href":"https:\/\/unitgames.com.ar\/pc-gamer\/wp-json\/wp\/v2\/media\/12725"}],"wp:attachment":[{"href":"https:\/\/unitgames.com.ar\/pc-gamer\/wp-json\/wp\/v2\/media?parent=12724"}],"wp:term":[{"taxonomy":"product_brand","embeddable":true,"href":"https:\/\/unitgames.com.ar\/pc-gamer\/wp-json\/wp\/v2\/product_brand?post=12724"},{"taxonomy":"product_cat","embeddable":true,"href":"https:\/\/unitgames.com.ar\/pc-gamer\/wp-json\/wp\/v2\/product_cat?post=12724"},{"taxonomy":"product_tag","embeddable":true,"href":"https:\/\/unitgames.com.ar\/pc-gamer\/wp-json\/wp\/v2\/product_tag?post=12724"}],"curies":[{"name":"wp","href":"https:\/\/api.w.org\/{rel}","templated":true}]}}