{"id":12731,"date":"2025-02-16T00:57:11","date_gmt":"2025-02-16T00:57:11","guid":{"rendered":"https:\/\/unitgames.com.ar\/pc-gamer\/?post_type=product&#038;p=12731"},"modified":"2026-01-09T07:16:35","modified_gmt":"2026-01-09T10:16:35","slug":"teclado-mouse-genius-km-160","status":"publish","type":"product","link":"https:\/\/unitgames.com.ar\/pc-gamer\/producto\/teclado-mouse-genius-km-160\/","title":{"rendered":"Teclado + Mouse  GENIUS KM-160"},"content":{"rendered":"<p>Marca Genius<br \/>\nModelo KM-160<br \/>\nOtras caracter\u00edsticas<br \/>\nModelo del teclado: KB-115<br \/>\nModelo del mouse: DX-160<br \/>\nTipo de sensor del mouse: \u00d3ptico<br \/>\nResoluci\u00f3n del sensor del mouse: 1000 dpi<br \/>\nIncluye mouse pad: No<br \/>\nIncluye auriculares: No<br \/>\nIncluye parlantes: No<br \/>\nIncluye bater\u00eda: No<br \/>\nEs inal\u00e1mbrico: No<br \/>\nEs recargable: No<br \/>\nEs gamer: No<br \/>\nIdioma del teclado: Ingl\u00e9s US<br \/>\nConexi\u00f3n del teclado: USB<br \/>\nAltura del teclado: 157.5 mm<br \/>\nAncho del teclado: 460 mm<br \/>\nProfundidad del teclado: 27 mm<br \/>\nPeso del teclado: 570 g<br \/>\nLargo del cable del teclado: 1.5 m<br \/>\nCon conexi\u00f3n bluetooth para teclado: No<br \/>\nCon reposa mu\u00f1eca: No<br \/>\nCon teclas anti-ghost: No<br \/>\nConexi\u00f3n del mouse: USB<br \/>\nAltura del mouse: 100 mm<br \/>\nAncho del mouse: 58 mm<br \/>\nProfundidad del mouse: 37.8 mm<br \/>\nPeso del mouse: 85 g<br \/>\nLargo del cable del mouse: 1.5 m<br \/>\nCantidad de botones del mouse: 3<br \/>\nCon conexi\u00f3n bluetooth para mouse: No<br \/>\nSistema operativo compatible: Windows 7 y versiones superiores<\/p>\n","protected":false},"excerpt":{"rendered":"<p>Marca Genius Modelo KM-160 Otras caracter\u00edsticas Modelo del teclado: KB-115 Modelo del mouse: DX-160 Tipo de sensor del mouse: \u00d3ptico Resoluci\u00f3n del sensor del mouse: 1000 dpi Incluye mouse pad: No Incluye auriculares: No Incluye parlantes: No Incluye bater\u00eda: No Es inal\u00e1mbrico: No Es recargable: No Es gamer: No Idioma del teclado: Ingl\u00e9s US Conexi\u00f3n del teclado: USB Altura del teclado: 157.5 mm Ancho del teclado: 460 mm Profundidad del teclado: 27 mm Peso del teclado: 570 g Largo del cable del teclado: 1.5 m Con conexi\u00f3n bluetooth para teclado: No Con reposa mu\u00f1eca: No Con teclas anti-ghost: No Conexi\u00f3n del mouse: USB Altura del mouse: 100 mm Ancho del mouse: 58 mm Profundidad del mouse: 37.8 mm Peso del mouse: 85 g Largo del cable del mouse: 1.5 m Cantidad de botones del mouse: 3 Con conexi\u00f3n bluetooth para mouse: No Sistema operativo compatible: Windows 7 y versiones superiores<\/p>\n","protected":false},"featured_media":12732,"template":"","meta":{"site-sidebar-layout":"default","site-content-layout":"","ast-site-content-layout":"default","site-content-style":"default","site-sidebar-style":"default","ast-global-header-display":"","ast-banner-title-visibility":"","ast-main-header-display":"","ast-hfb-above-header-display":"","ast-hfb-below-header-display":"","ast-hfb-mobile-header-display":"","site-post-title":"","ast-breadcrumbs-content":"","ast-featured-img":"","footer-sml-layout":"","theme-transparent-header-meta":"","adv-header-id-meta":"","stick-header-meta":"","header-above-stick-meta":"","header-main-stick-meta":"","header-below-stick-meta":"","astra-migrate-meta-layouts":"default","ast-page-background-enabled":"default","ast-page-background-meta":{"desktop":{"background-color":"var(--ast-global-color-5)","background-image":"","background-repeat":"repeat","background-position":"center center","background-size":"auto","background-attachment":"scroll","background-type":"","background-media":"","overlay-type":"","overlay-color":"","overlay-opacity":"","overlay-gradient":""},"tablet":{"background-color":"","background-image":"","background-repeat":"repeat","background-position":"center center","background-size":"auto","background-attachment":"scroll","background-type":"","background-media":"","overlay-type":"","overlay-color":"","overlay-opacity":"","overlay-gradient":""},"mobile":{"background-color":"","background-image":"","background-repeat":"repeat","background-position":"center center","background-size":"auto","background-attachment":"scroll","background-type":"","background-media":"","overlay-type":"","overlay-color":"","overlay-opacity":"","overlay-gradient":""}},"ast-content-background-meta":{"desktop":{"background-color":"var(--ast-global-color-4)","background-image":"","background-repeat":"repeat","background-position":"center center","background-size":"auto","background-attachment":"scroll","background-type":"","background-media":"","overlay-type":"","overlay-color":"","overlay-opacity":"","overlay-gradient":""},"tablet":{"background-color":"var(--ast-global-color-4)","background-image":"","background-repeat":"repeat","background-position":"center center","background-size":"auto","background-attachment":"scroll","background-type":"","background-media":"","overlay-type":"","overlay-color":"","overlay-opacity":"","overlay-gradient":""},"mobile":{"background-color":"var(--ast-global-color-4)","background-image":"","background-repeat":"repeat","background-position":"center center","background-size":"auto","background-attachment":"scroll","background-type":"","background-media":"","overlay-type":"","overlay-color":"","overlay-opacity":"","overlay-gradient":""}},"_joinchat":[]},"product_brand":[],"product_cat":[88,93],"product_tag":[],"class_list":{"0":"post-12731","1":"product","2":"type-product","3":"status-publish","4":"has-post-thumbnail","6":"product_cat-comun","7":"product_cat-teclados-membrana","8":"desktop-align-center","9":"tablet-align-left","10":"mobile-align-left","12":"first","13":"instock","14":"shipping-taxable","15":"purchasable","16":"product-type-simple"},"yoast_head":"<!-- This site is optimized with the Yoast SEO plugin v27.5 - https:\/\/yoast.com\/product\/yoast-seo-wordpress\/ -->\n<title>Teclado + Mouse GENIUS KM-160 - UnitGames<\/title>\n<meta name=\"robots\" content=\"index, follow, max-snippet:-1, max-image-preview:large, max-video-preview:-1\" \/>\n<link rel=\"canonical\" href=\"https:\/\/unitgames.com.ar\/pc-gamer\/producto\/teclado-mouse-genius-km-160\/\" \/>\n<meta property=\"og:locale\" content=\"es_ES\" \/>\n<meta property=\"og:type\" content=\"article\" \/>\n<meta property=\"og:title\" content=\"Teclado + Mouse GENIUS KM-160 - UnitGames\" \/>\n<meta property=\"og:description\" content=\"Marca Genius Modelo KM-160 Otras caracter\u00edsticas Modelo del teclado: KB-115 Modelo del mouse: DX-160 Tipo de sensor del mouse: \u00d3ptico Resoluci\u00f3n del sensor del mouse: 1000 dpi Incluye mouse pad: No Incluye auriculares: No Incluye parlantes: No Incluye bater\u00eda: No Es inal\u00e1mbrico: No Es recargable: No Es gamer: No Idioma del teclado: Ingl\u00e9s US Conexi\u00f3n del teclado: USB Altura del teclado: 157.5 mm Ancho del teclado: 460 mm Profundidad del teclado: 27 mm Peso del teclado: 570 g Largo del cable del teclado: 1.5 m Con conexi\u00f3n bluetooth para teclado: No Con reposa mu\u00f1eca: No Con teclas anti-ghost: No Conexi\u00f3n del mouse: USB Altura del mouse: 100 mm Ancho del mouse: 58 mm Profundidad del mouse: 37.8 mm Peso del mouse: 85 g Largo del cable del mouse: 1.5 m Cantidad de botones del mouse: 3 Con conexi\u00f3n bluetooth para mouse: No Sistema operativo compatible: Windows 7 y versiones superiores\" \/>\n<meta property=\"og:url\" content=\"https:\/\/unitgames.com.ar\/pc-gamer\/producto\/teclado-mouse-genius-km-160\/\" \/>\n<meta property=\"og:site_name\" content=\"UnitGames\" \/>\n<meta property=\"article:modified_time\" content=\"2026-01-09T10:16:35+00:00\" \/>\n<meta property=\"og:image\" content=\"https:\/\/unitgames.com.ar\/pc-gamer\/wp-content\/uploads\/2025\/02\/Teclado-Mouse-GENIUS-KM-160.png\" \/>\n\t<meta property=\"og:image:width\" content=\"1332\" \/>\n\t<meta property=\"og:image:height\" content=\"1285\" \/>\n\t<meta property=\"og:image:type\" content=\"image\/png\" \/>\n<meta name=\"twitter:card\" content=\"summary_large_image\" \/>\n<meta name=\"twitter:label1\" content=\"Tiempo de lectura\" \/>\n\t<meta name=\"twitter:data1\" content=\"1 minuto\" \/>\n<script type=\"application\/ld+json\" class=\"yoast-schema-graph\">{\"@context\":\"https:\\\/\\\/schema.org\",\"@graph\":[{\"@type\":\"WebPage\",\"@id\":\"https:\\\/\\\/unitgames.com.ar\\\/pc-gamer\\\/producto\\\/teclado-mouse-genius-km-160\\\/\",\"url\":\"https:\\\/\\\/unitgames.com.ar\\\/pc-gamer\\\/producto\\\/teclado-mouse-genius-km-160\\\/\",\"name\":\"Teclado + Mouse GENIUS KM-160 - UnitGames\",\"isPartOf\":{\"@id\":\"https:\\\/\\\/unitgames.com.ar\\\/pc-gamer\\\/#website\"},\"primaryImageOfPage\":{\"@id\":\"https:\\\/\\\/unitgames.com.ar\\\/pc-gamer\\\/producto\\\/teclado-mouse-genius-km-160\\\/#primaryimage\"},\"image\":{\"@id\":\"https:\\\/\\\/unitgames.com.ar\\\/pc-gamer\\\/producto\\\/teclado-mouse-genius-km-160\\\/#primaryimage\"},\"thumbnailUrl\":\"https:\\\/\\\/unitgames.com.ar\\\/pc-gamer\\\/wp-content\\\/uploads\\\/2025\\\/02\\\/Teclado-Mouse-GENIUS-KM-160.png\",\"datePublished\":\"2025-02-16T00:57:11+00:00\",\"dateModified\":\"2026-01-09T10:16:35+00:00\",\"breadcrumb\":{\"@id\":\"https:\\\/\\\/unitgames.com.ar\\\/pc-gamer\\\/producto\\\/teclado-mouse-genius-km-160\\\/#breadcrumb\"},\"inLanguage\":\"es\",\"potentialAction\":[{\"@type\":\"ReadAction\",\"target\":[\"https:\\\/\\\/unitgames.com.ar\\\/pc-gamer\\\/producto\\\/teclado-mouse-genius-km-160\\\/\"]}]},{\"@type\":\"ImageObject\",\"inLanguage\":\"es\",\"@id\":\"https:\\\/\\\/unitgames.com.ar\\\/pc-gamer\\\/producto\\\/teclado-mouse-genius-km-160\\\/#primaryimage\",\"url\":\"https:\\\/\\\/unitgames.com.ar\\\/pc-gamer\\\/wp-content\\\/uploads\\\/2025\\\/02\\\/Teclado-Mouse-GENIUS-KM-160.png\",\"contentUrl\":\"https:\\\/\\\/unitgames.com.ar\\\/pc-gamer\\\/wp-content\\\/uploads\\\/2025\\\/02\\\/Teclado-Mouse-GENIUS-KM-160.png\",\"width\":1332,\"height\":1285},{\"@type\":\"BreadcrumbList\",\"@id\":\"https:\\\/\\\/unitgames.com.ar\\\/pc-gamer\\\/producto\\\/teclado-mouse-genius-km-160\\\/#breadcrumb\",\"itemListElement\":[{\"@type\":\"ListItem\",\"position\":1,\"name\":\"Tienda\",\"item\":\"https:\\\/\\\/unitgames.com.ar\\\/pc-gamer\\\/tienda\\\/\"},{\"@type\":\"ListItem\",\"position\":2,\"name\":\"Teclado + Mouse GENIUS KM-160\"}]},{\"@type\":\"WebSite\",\"@id\":\"https:\\\/\\\/unitgames.com.ar\\\/pc-gamer\\\/#website\",\"url\":\"https:\\\/\\\/unitgames.com.ar\\\/pc-gamer\\\/\",\"name\":\"UnitGames\",\"description\":\"Venta de PC Gamers, Consolas , Servicio Tecnico Especializado. Todos en Accesorios Informaticos y Gamers\",\"publisher\":{\"@id\":\"https:\\\/\\\/unitgames.com.ar\\\/pc-gamer\\\/#organization\"},\"potentialAction\":[{\"@type\":\"SearchAction\",\"target\":{\"@type\":\"EntryPoint\",\"urlTemplate\":\"https:\\\/\\\/unitgames.com.ar\\\/pc-gamer\\\/?s={search_term_string}\"},\"query-input\":{\"@type\":\"PropertyValueSpecification\",\"valueRequired\":true,\"valueName\":\"search_term_string\"}}],\"inLanguage\":\"es\"},{\"@type\":\"Organization\",\"@id\":\"https:\\\/\\\/unitgames.com.ar\\\/pc-gamer\\\/#organization\",\"name\":\"UnitGames\",\"url\":\"https:\\\/\\\/unitgames.com.ar\\\/pc-gamer\\\/\",\"logo\":{\"@type\":\"ImageObject\",\"inLanguage\":\"es\",\"@id\":\"https:\\\/\\\/unitgames.com.ar\\\/pc-gamer\\\/#\\\/schema\\\/logo\\\/image\\\/\",\"url\":\"https:\\\/\\\/unitgames.com.ar\\\/pc-gamer\\\/wp-content\\\/uploads\\\/2021\\\/01\\\/cropped-logoUnitGames2.png\",\"contentUrl\":\"https:\\\/\\\/unitgames.com.ar\\\/pc-gamer\\\/wp-content\\\/uploads\\\/2021\\\/01\\\/cropped-logoUnitGames2.png\",\"width\":152,\"height\":200,\"caption\":\"UnitGames\"},\"image\":{\"@id\":\"https:\\\/\\\/unitgames.com.ar\\\/pc-gamer\\\/#\\\/schema\\\/logo\\\/image\\\/\"}}]}<\/script>\n<!-- \/ Yoast SEO plugin. -->","yoast_head_json":{"title":"Teclado + Mouse GENIUS KM-160 - UnitGames","robots":{"index":"index","follow":"follow","max-snippet":"max-snippet:-1","max-image-preview":"max-image-preview:large","max-video-preview":"max-video-preview:-1"},"canonical":"https:\/\/unitgames.com.ar\/pc-gamer\/producto\/teclado-mouse-genius-km-160\/","og_locale":"es_ES","og_type":"article","og_title":"Teclado + Mouse GENIUS KM-160 - UnitGames","og_description":"Marca Genius Modelo KM-160 Otras caracter\u00edsticas Modelo del teclado: KB-115 Modelo del mouse: DX-160 Tipo de sensor del mouse: \u00d3ptico Resoluci\u00f3n del sensor del mouse: 1000 dpi Incluye mouse pad: No Incluye auriculares: No Incluye parlantes: No Incluye bater\u00eda: No Es inal\u00e1mbrico: No Es recargable: No Es gamer: No Idioma del teclado: Ingl\u00e9s US Conexi\u00f3n del teclado: USB Altura del teclado: 157.5 mm Ancho del teclado: 460 mm Profundidad del teclado: 27 mm Peso del teclado: 570 g Largo del cable del teclado: 1.5 m Con conexi\u00f3n bluetooth para teclado: No Con reposa mu\u00f1eca: No Con teclas anti-ghost: No Conexi\u00f3n del mouse: USB Altura del mouse: 100 mm Ancho del mouse: 58 mm Profundidad del mouse: 37.8 mm Peso del mouse: 85 g Largo del cable del mouse: 1.5 m Cantidad de botones del mouse: 3 Con conexi\u00f3n bluetooth para mouse: No Sistema operativo compatible: Windows 7 y versiones superiores","og_url":"https:\/\/unitgames.com.ar\/pc-gamer\/producto\/teclado-mouse-genius-km-160\/","og_site_name":"UnitGames","article_modified_time":"2026-01-09T10:16:35+00:00","og_image":[{"width":1332,"height":1285,"url":"https:\/\/unitgames.com.ar\/pc-gamer\/wp-content\/uploads\/2025\/02\/Teclado-Mouse-GENIUS-KM-160.png","type":"image\/png"}],"twitter_card":"summary_large_image","twitter_misc":{"Tiempo de lectura":"1 minuto"},"schema":{"@context":"https:\/\/schema.org","@graph":[{"@type":"WebPage","@id":"https:\/\/unitgames.com.ar\/pc-gamer\/producto\/teclado-mouse-genius-km-160\/","url":"https:\/\/unitgames.com.ar\/pc-gamer\/producto\/teclado-mouse-genius-km-160\/","name":"Teclado + Mouse GENIUS KM-160 - UnitGames","isPartOf":{"@id":"https:\/\/unitgames.com.ar\/pc-gamer\/#website"},"primaryImageOfPage":{"@id":"https:\/\/unitgames.com.ar\/pc-gamer\/producto\/teclado-mouse-genius-km-160\/#primaryimage"},"image":{"@id":"https:\/\/unitgames.com.ar\/pc-gamer\/producto\/teclado-mouse-genius-km-160\/#primaryimage"},"thumbnailUrl":"https:\/\/unitgames.com.ar\/pc-gamer\/wp-content\/uploads\/2025\/02\/Teclado-Mouse-GENIUS-KM-160.png","datePublished":"2025-02-16T00:57:11+00:00","dateModified":"2026-01-09T10:16:35+00:00","breadcrumb":{"@id":"https:\/\/unitgames.com.ar\/pc-gamer\/producto\/teclado-mouse-genius-km-160\/#breadcrumb"},"inLanguage":"es","potentialAction":[{"@type":"ReadAction","target":["https:\/\/unitgames.com.ar\/pc-gamer\/producto\/teclado-mouse-genius-km-160\/"]}]},{"@type":"ImageObject","inLanguage":"es","@id":"https:\/\/unitgames.com.ar\/pc-gamer\/producto\/teclado-mouse-genius-km-160\/#primaryimage","url":"https:\/\/unitgames.com.ar\/pc-gamer\/wp-content\/uploads\/2025\/02\/Teclado-Mouse-GENIUS-KM-160.png","contentUrl":"https:\/\/unitgames.com.ar\/pc-gamer\/wp-content\/uploads\/2025\/02\/Teclado-Mouse-GENIUS-KM-160.png","width":1332,"height":1285},{"@type":"BreadcrumbList","@id":"https:\/\/unitgames.com.ar\/pc-gamer\/producto\/teclado-mouse-genius-km-160\/#breadcrumb","itemListElement":[{"@type":"ListItem","position":1,"name":"Tienda","item":"https:\/\/unitgames.com.ar\/pc-gamer\/tienda\/"},{"@type":"ListItem","position":2,"name":"Teclado + Mouse GENIUS KM-160"}]},{"@type":"WebSite","@id":"https:\/\/unitgames.com.ar\/pc-gamer\/#website","url":"https:\/\/unitgames.com.ar\/pc-gamer\/","name":"UnitGames","description":"Venta de PC Gamers, Consolas , Servicio Tecnico Especializado. Todos en Accesorios Informaticos y Gamers","publisher":{"@id":"https:\/\/unitgames.com.ar\/pc-gamer\/#organization"},"potentialAction":[{"@type":"SearchAction","target":{"@type":"EntryPoint","urlTemplate":"https:\/\/unitgames.com.ar\/pc-gamer\/?s={search_term_string}"},"query-input":{"@type":"PropertyValueSpecification","valueRequired":true,"valueName":"search_term_string"}}],"inLanguage":"es"},{"@type":"Organization","@id":"https:\/\/unitgames.com.ar\/pc-gamer\/#organization","name":"UnitGames","url":"https:\/\/unitgames.com.ar\/pc-gamer\/","logo":{"@type":"ImageObject","inLanguage":"es","@id":"https:\/\/unitgames.com.ar\/pc-gamer\/#\/schema\/logo\/image\/","url":"https:\/\/unitgames.com.ar\/pc-gamer\/wp-content\/uploads\/2021\/01\/cropped-logoUnitGames2.png","contentUrl":"https:\/\/unitgames.com.ar\/pc-gamer\/wp-content\/uploads\/2021\/01\/cropped-logoUnitGames2.png","width":152,"height":200,"caption":"UnitGames"},"image":{"@id":"https:\/\/unitgames.com.ar\/pc-gamer\/#\/schema\/logo\/image\/"}}]}},"_links":{"self":[{"href":"https:\/\/unitgames.com.ar\/pc-gamer\/wp-json\/wp\/v2\/product\/12731","targetHints":{"allow":["GET"]}}],"collection":[{"href":"https:\/\/unitgames.com.ar\/pc-gamer\/wp-json\/wp\/v2\/product"}],"about":[{"href":"https:\/\/unitgames.com.ar\/pc-gamer\/wp-json\/wp\/v2\/types\/product"}],"version-history":[{"count":0,"href":"https:\/\/unitgames.com.ar\/pc-gamer\/wp-json\/wp\/v2\/product\/12731\/revisions"}],"wp:featuredmedia":[{"embeddable":true,"href":"https:\/\/unitgames.com.ar\/pc-gamer\/wp-json\/wp\/v2\/media\/12732"}],"wp:attachment":[{"href":"https:\/\/unitgames.com.ar\/pc-gamer\/wp-json\/wp\/v2\/media?parent=12731"}],"wp:term":[{"taxonomy":"product_brand","embeddable":true,"href":"https:\/\/unitgames.com.ar\/pc-gamer\/wp-json\/wp\/v2\/product_brand?post=12731"},{"taxonomy":"product_cat","embeddable":true,"href":"https:\/\/unitgames.com.ar\/pc-gamer\/wp-json\/wp\/v2\/product_cat?post=12731"},{"taxonomy":"product_tag","embeddable":true,"href":"https:\/\/unitgames.com.ar\/pc-gamer\/wp-json\/wp\/v2\/product_tag?post=12731"}],"curies":[{"name":"wp","href":"https:\/\/api.w.org\/{rel}","templated":true}]}}