{"id":12776,"date":"2025-02-18T03:09:26","date_gmt":"2025-02-18T03:09:26","guid":{"rendered":"https:\/\/unitgames.com.ar\/pc-gamer\/?post_type=product&#038;p=12776"},"modified":"2026-01-09T07:16:26","modified_gmt":"2026-01-09T10:16:26","slug":"auriculares-redragon-cronus-rgb-black","status":"publish","type":"product","link":"https:\/\/unitgames.com.ar\/pc-gamer\/producto\/auriculares-redragon-cronus-rgb-black\/","title":{"rendered":"Auriculares REDRAGON Cronus RGB Black"},"content":{"rendered":"<p>MARCA: Redragon<br \/>\nMODELO: Cronus H211-RGB<\/p>\n<p>Disfrute de una experiencia de juego inmersiva con el Redragon Cronus. Con un confort excepcional, los auriculares Cronus no solo proporcionan comodidad, sino que tambi\u00e9n mejoran la ac\u00fastica gracias a sus almohadillas recubiertas de cuero sint\u00e9tico. Su diadema totalmente cubierta en cuero sint\u00e9tico garantiza a\u00fan m\u00e1s comodidad para el usuario, y su iluminaci\u00f3n lateral no solo a\u00f1ade estilo, sino que tambi\u00e9n aumenta los FPS en juegos competitivos.<\/p>\n<p>Elegante<br \/>\nLa iluminaci\u00f3n del Redragon Cronus har\u00e1 que tu setup sea a\u00fan m\u00e1s elegante, adem\u00e1s de aumentar tus FPS, asegurando que superes a tus enemigos en el juego.<\/p>\n<p>Earpads de Cuero Sint\u00e9tico<br \/>\nEl Cronus cuenta con almohadillas de cuero sint\u00e9tico, a\u00f1adiendo m\u00e1s comodidad y una ac\u00fastica ideal, mejorando la experiencia de juego para los usuarios.<\/p>\n<p>Adaptador 3.5mm de 1 a 2 conectores<br \/>\nEl Redragon Cronus es compatible con varias plataformas gracias a su conexi\u00f3n 3.5mm y su adaptador incluido.<\/p>\n<p>Micr\u00f3fono<br \/>\nPara mejorar a\u00fan m\u00e1s tu experiencia, el Redragon Cronus tiene un micr\u00f3fono ajustable.<\/p>\n<p>Especificaciones T\u00e9cnicas:<br \/>\n&#8211; Di\u00e1metro del driver: 40 mm<br \/>\n&#8211; Material de las almohadillas: Cuero sint\u00e9tico<br \/>\n&#8211; Sensibilidad: 115\u00b13dB<br \/>\n&#8211; Frecuencia de respuesta: 20Hz ~ 20KHz<br \/>\n&#8211; Impedancia del audio: 32 Ohm \u00b115%<br \/>\n&#8211; Conexi\u00f3n: 3.5mm (audio) y USB (Led)<br \/>\n&#8211; Peso bruto (g): 529<br \/>\n&#8211; Peso neto (g): 432<br \/>\n&#8211; Dimensiones del embalaje: 210mm (L) x 190mm (A) x 100mm (P)<\/p>\n","protected":false},"excerpt":{"rendered":"<p>MARCA: Redragon MODELO: Cronus H211-RGB Disfrute de una experiencia de juego inmersiva con el Redragon Cronus. Con un confort excepcional, los auriculares Cronus no solo proporcionan comodidad, sino que tambi\u00e9n mejoran la ac\u00fastica gracias a sus almohadillas recubiertas de cuero sint\u00e9tico. Su diadema totalmente cubierta en cuero sint\u00e9tico garantiza a\u00fan m\u00e1s comodidad para el usuario, y su iluminaci\u00f3n lateral no solo a\u00f1ade estilo, sino que tambi\u00e9n aumenta los FPS en juegos competitivos. Elegante La iluminaci\u00f3n del Redragon Cronus har\u00e1 que tu setup sea a\u00fan m\u00e1s elegante, adem\u00e1s de aumentar tus FPS, asegurando que superes a tus enemigos en el juego. Earpads de Cuero Sint\u00e9tico El Cronus cuenta con almohadillas de cuero sint\u00e9tico, a\u00f1adiendo m\u00e1s comodidad y una ac\u00fastica ideal, mejorando la experiencia de juego para los usuarios. Adaptador 3.5mm de 1 a 2 conectores El Redragon Cronus es compatible con varias plataformas gracias a su conexi\u00f3n 3.5mm y su adaptador incluido. Micr\u00f3fono Para mejorar a\u00fan m\u00e1s tu experiencia, el Redragon Cronus tiene un micr\u00f3fono ajustable. Especificaciones T\u00e9cnicas: &#8211; Di\u00e1metro del driver: 40 mm &#8211; Material de las almohadillas: Cuero sint\u00e9tico &#8211; Sensibilidad: 115\u00b13dB &#8211; Frecuencia de respuesta: 20Hz ~ 20KHz &#8211; Impedancia del audio: 32 Ohm \u00b115% &#8211; Conexi\u00f3n: 3.5mm (audio) y USB (Led) &#8211; Peso bruto (g): 529 &#8211; Peso neto (g): 432 &#8211; Dimensiones del embalaje: 210mm (L) x 190mm (A) x 100mm (P)<\/p>\n","protected":false},"featured_media":12777,"template":"","meta":{"site-sidebar-layout":"default","site-content-layout":"","ast-site-content-layout":"default","site-content-style":"default","site-sidebar-style":"default","ast-global-header-display":"","ast-banner-title-visibility":"","ast-main-header-display":"","ast-hfb-above-header-display":"","ast-hfb-below-header-display":"","ast-hfb-mobile-header-display":"","site-post-title":"","ast-breadcrumbs-content":"","ast-featured-img":"","footer-sml-layout":"","theme-transparent-header-meta":"default","adv-header-id-meta":"","stick-header-meta":"","header-above-stick-meta":"","header-main-stick-meta":"","header-below-stick-meta":"","astra-migrate-meta-layouts":"set","ast-page-background-enabled":"default","ast-page-background-meta":{"desktop":{"background-color":"var(--ast-global-color-5)","background-image":"","background-repeat":"repeat","background-position":"center center","background-size":"auto","background-attachment":"scroll","background-type":"","background-media":"","overlay-type":"","overlay-color":"","overlay-opacity":"","overlay-gradient":""},"tablet":{"background-color":"","background-image":"","background-repeat":"repeat","background-position":"center center","background-size":"auto","background-attachment":"scroll","background-type":"","background-media":"","overlay-type":"","overlay-color":"","overlay-opacity":"","overlay-gradient":""},"mobile":{"background-color":"","background-image":"","background-repeat":"repeat","background-position":"center center","background-size":"auto","background-attachment":"scroll","background-type":"","background-media":"","overlay-type":"","overlay-color":"","overlay-opacity":"","overlay-gradient":""}},"ast-content-background-meta":{"desktop":{"background-color":"var(--ast-global-color-4)","background-image":"","background-repeat":"repeat","background-position":"center center","background-size":"auto","background-attachment":"scroll","background-type":"","background-media":"","overlay-type":"","overlay-color":"","overlay-opacity":"","overlay-gradient":""},"tablet":{"background-color":"var(--ast-global-color-4)","background-image":"","background-repeat":"repeat","background-position":"center center","background-size":"auto","background-attachment":"scroll","background-type":"","background-media":"","overlay-type":"","overlay-color":"","overlay-opacity":"","overlay-gradient":""},"mobile":{"background-color":"var(--ast-global-color-4)","background-image":"","background-repeat":"repeat","background-position":"center center","background-size":"auto","background-attachment":"scroll","background-type":"","background-media":"","overlay-type":"","overlay-color":"","overlay-opacity":"","overlay-gradient":""}},"_joinchat":[]},"product_brand":[],"product_cat":[81],"product_tag":[],"class_list":{"0":"post-12776","1":"product","2":"type-product","3":"status-publish","4":"has-post-thumbnail","6":"product_cat-auriculares-pc-play-y-xbox","7":"desktop-align-center","8":"tablet-align-left","9":"mobile-align-left","11":"first","12":"outofstock","13":"shipping-taxable","14":"purchasable","15":"product-type-simple"},"yoast_head":"<!-- This site is optimized with the Yoast SEO plugin v27.3 - https:\/\/yoast.com\/product\/yoast-seo-wordpress\/ -->\n<title>Auriculares REDRAGON Cronus RGB Black - UnitGames<\/title>\n<meta name=\"robots\" content=\"index, follow, max-snippet:-1, max-image-preview:large, max-video-preview:-1\" \/>\n<link rel=\"canonical\" href=\"https:\/\/unitgames.com.ar\/pc-gamer\/producto\/auriculares-redragon-cronus-rgb-black\/\" \/>\n<meta property=\"og:locale\" content=\"es_ES\" \/>\n<meta property=\"og:type\" content=\"article\" \/>\n<meta property=\"og:title\" content=\"Auriculares REDRAGON Cronus RGB Black - UnitGames\" \/>\n<meta property=\"og:description\" content=\"MARCA: Redragon MODELO: Cronus H211-RGB Disfrute de una experiencia de juego inmersiva con el Redragon Cronus. Con un confort excepcional, los auriculares Cronus no solo proporcionan comodidad, sino que tambi\u00e9n mejoran la ac\u00fastica gracias a sus almohadillas recubiertas de cuero sint\u00e9tico. Su diadema totalmente cubierta en cuero sint\u00e9tico garantiza a\u00fan m\u00e1s comodidad para el usuario, y su iluminaci\u00f3n lateral no solo a\u00f1ade estilo, sino que tambi\u00e9n aumenta los FPS en juegos competitivos. Elegante La iluminaci\u00f3n del Redragon Cronus har\u00e1 que tu setup sea a\u00fan m\u00e1s elegante, adem\u00e1s de aumentar tus FPS, asegurando que superes a tus enemigos en el juego. Earpads de Cuero Sint\u00e9tico El Cronus cuenta con almohadillas de cuero sint\u00e9tico, a\u00f1adiendo m\u00e1s comodidad y una ac\u00fastica ideal, mejorando la experiencia de juego para los usuarios. Adaptador 3.5mm de 1 a 2 conectores El Redragon Cronus es compatible con varias plataformas gracias a su conexi\u00f3n 3.5mm y su adaptador incluido. Micr\u00f3fono Para mejorar a\u00fan m\u00e1s tu experiencia, el Redragon Cronus tiene un micr\u00f3fono ajustable. Especificaciones T\u00e9cnicas: &#8211; Di\u00e1metro del driver: 40 mm &#8211; Material de las almohadillas: Cuero sint\u00e9tico &#8211; Sensibilidad: 115\u00b13dB &#8211; Frecuencia de respuesta: 20Hz ~ 20KHz &#8211; Impedancia del audio: 32 Ohm \u00b115% &#8211; Conexi\u00f3n: 3.5mm (audio) y USB (Led) &#8211; Peso bruto (g): 529 &#8211; Peso neto (g): 432 &#8211; Dimensiones del embalaje: 210mm (L) x 190mm (A) x 100mm (P)\" \/>\n<meta property=\"og:url\" content=\"https:\/\/unitgames.com.ar\/pc-gamer\/producto\/auriculares-redragon-cronus-rgb-black\/\" \/>\n<meta property=\"og:site_name\" content=\"UnitGames\" \/>\n<meta property=\"article:modified_time\" content=\"2026-01-09T10:16:26+00:00\" \/>\n<meta property=\"og:image\" content=\"https:\/\/unitgames.com.ar\/pc-gamer\/wp-content\/uploads\/2025\/02\/Auriculares-REDRAGON-Cronus-RGB-Black.png\" \/>\n\t<meta property=\"og:image:width\" content=\"1263\" \/>\n\t<meta property=\"og:image:height\" content=\"1285\" \/>\n\t<meta property=\"og:image:type\" content=\"image\/png\" \/>\n<meta name=\"twitter:card\" content=\"summary_large_image\" \/>\n<meta name=\"twitter:label1\" content=\"Tiempo de lectura\" \/>\n\t<meta name=\"twitter:data1\" content=\"2 minutos\" \/>\n<script type=\"application\/ld+json\" class=\"yoast-schema-graph\">{\"@context\":\"https:\\\/\\\/schema.org\",\"@graph\":[{\"@type\":\"WebPage\",\"@id\":\"https:\\\/\\\/unitgames.com.ar\\\/pc-gamer\\\/producto\\\/auriculares-redragon-cronus-rgb-black\\\/\",\"url\":\"https:\\\/\\\/unitgames.com.ar\\\/pc-gamer\\\/producto\\\/auriculares-redragon-cronus-rgb-black\\\/\",\"name\":\"Auriculares REDRAGON Cronus RGB Black - UnitGames\",\"isPartOf\":{\"@id\":\"https:\\\/\\\/unitgames.com.ar\\\/pc-gamer\\\/#website\"},\"primaryImageOfPage\":{\"@id\":\"https:\\\/\\\/unitgames.com.ar\\\/pc-gamer\\\/producto\\\/auriculares-redragon-cronus-rgb-black\\\/#primaryimage\"},\"image\":{\"@id\":\"https:\\\/\\\/unitgames.com.ar\\\/pc-gamer\\\/producto\\\/auriculares-redragon-cronus-rgb-black\\\/#primaryimage\"},\"thumbnailUrl\":\"https:\\\/\\\/unitgames.com.ar\\\/pc-gamer\\\/wp-content\\\/uploads\\\/2025\\\/02\\\/Auriculares-REDRAGON-Cronus-RGB-Black.png\",\"datePublished\":\"2025-02-18T03:09:26+00:00\",\"dateModified\":\"2026-01-09T10:16:26+00:00\",\"breadcrumb\":{\"@id\":\"https:\\\/\\\/unitgames.com.ar\\\/pc-gamer\\\/producto\\\/auriculares-redragon-cronus-rgb-black\\\/#breadcrumb\"},\"inLanguage\":\"es\",\"potentialAction\":[{\"@type\":\"ReadAction\",\"target\":[\"https:\\\/\\\/unitgames.com.ar\\\/pc-gamer\\\/producto\\\/auriculares-redragon-cronus-rgb-black\\\/\"]}]},{\"@type\":\"ImageObject\",\"inLanguage\":\"es\",\"@id\":\"https:\\\/\\\/unitgames.com.ar\\\/pc-gamer\\\/producto\\\/auriculares-redragon-cronus-rgb-black\\\/#primaryimage\",\"url\":\"https:\\\/\\\/unitgames.com.ar\\\/pc-gamer\\\/wp-content\\\/uploads\\\/2025\\\/02\\\/Auriculares-REDRAGON-Cronus-RGB-Black.png\",\"contentUrl\":\"https:\\\/\\\/unitgames.com.ar\\\/pc-gamer\\\/wp-content\\\/uploads\\\/2025\\\/02\\\/Auriculares-REDRAGON-Cronus-RGB-Black.png\",\"width\":1263,\"height\":1285},{\"@type\":\"BreadcrumbList\",\"@id\":\"https:\\\/\\\/unitgames.com.ar\\\/pc-gamer\\\/producto\\\/auriculares-redragon-cronus-rgb-black\\\/#breadcrumb\",\"itemListElement\":[{\"@type\":\"ListItem\",\"position\":1,\"name\":\"Tienda\",\"item\":\"https:\\\/\\\/unitgames.com.ar\\\/pc-gamer\\\/tienda\\\/\"},{\"@type\":\"ListItem\",\"position\":2,\"name\":\"Auriculares REDRAGON Cronus RGB Black\"}]},{\"@type\":\"WebSite\",\"@id\":\"https:\\\/\\\/unitgames.com.ar\\\/pc-gamer\\\/#website\",\"url\":\"https:\\\/\\\/unitgames.com.ar\\\/pc-gamer\\\/\",\"name\":\"UnitGames\",\"description\":\"Venta de PC Gamers, Consolas , Servicio Tecnico Especializado. Todos en Accesorios Informaticos y Gamers\",\"publisher\":{\"@id\":\"https:\\\/\\\/unitgames.com.ar\\\/pc-gamer\\\/#organization\"},\"potentialAction\":[{\"@type\":\"SearchAction\",\"target\":{\"@type\":\"EntryPoint\",\"urlTemplate\":\"https:\\\/\\\/unitgames.com.ar\\\/pc-gamer\\\/?s={search_term_string}\"},\"query-input\":{\"@type\":\"PropertyValueSpecification\",\"valueRequired\":true,\"valueName\":\"search_term_string\"}}],\"inLanguage\":\"es\"},{\"@type\":\"Organization\",\"@id\":\"https:\\\/\\\/unitgames.com.ar\\\/pc-gamer\\\/#organization\",\"name\":\"UnitGames\",\"url\":\"https:\\\/\\\/unitgames.com.ar\\\/pc-gamer\\\/\",\"logo\":{\"@type\":\"ImageObject\",\"inLanguage\":\"es\",\"@id\":\"https:\\\/\\\/unitgames.com.ar\\\/pc-gamer\\\/#\\\/schema\\\/logo\\\/image\\\/\",\"url\":\"https:\\\/\\\/unitgames.com.ar\\\/pc-gamer\\\/wp-content\\\/uploads\\\/2021\\\/01\\\/cropped-logoUnitGames2.png\",\"contentUrl\":\"https:\\\/\\\/unitgames.com.ar\\\/pc-gamer\\\/wp-content\\\/uploads\\\/2021\\\/01\\\/cropped-logoUnitGames2.png\",\"width\":152,\"height\":200,\"caption\":\"UnitGames\"},\"image\":{\"@id\":\"https:\\\/\\\/unitgames.com.ar\\\/pc-gamer\\\/#\\\/schema\\\/logo\\\/image\\\/\"}}]}<\/script>\n<!-- \/ Yoast SEO plugin. -->","yoast_head_json":{"title":"Auriculares REDRAGON Cronus RGB Black - UnitGames","robots":{"index":"index","follow":"follow","max-snippet":"max-snippet:-1","max-image-preview":"max-image-preview:large","max-video-preview":"max-video-preview:-1"},"canonical":"https:\/\/unitgames.com.ar\/pc-gamer\/producto\/auriculares-redragon-cronus-rgb-black\/","og_locale":"es_ES","og_type":"article","og_title":"Auriculares REDRAGON Cronus RGB Black - UnitGames","og_description":"MARCA: Redragon MODELO: Cronus H211-RGB Disfrute de una experiencia de juego inmersiva con el Redragon Cronus. Con un confort excepcional, los auriculares Cronus no solo proporcionan comodidad, sino que tambi\u00e9n mejoran la ac\u00fastica gracias a sus almohadillas recubiertas de cuero sint\u00e9tico. Su diadema totalmente cubierta en cuero sint\u00e9tico garantiza a\u00fan m\u00e1s comodidad para el usuario, y su iluminaci\u00f3n lateral no solo a\u00f1ade estilo, sino que tambi\u00e9n aumenta los FPS en juegos competitivos. Elegante La iluminaci\u00f3n del Redragon Cronus har\u00e1 que tu setup sea a\u00fan m\u00e1s elegante, adem\u00e1s de aumentar tus FPS, asegurando que superes a tus enemigos en el juego. Earpads de Cuero Sint\u00e9tico El Cronus cuenta con almohadillas de cuero sint\u00e9tico, a\u00f1adiendo m\u00e1s comodidad y una ac\u00fastica ideal, mejorando la experiencia de juego para los usuarios. Adaptador 3.5mm de 1 a 2 conectores El Redragon Cronus es compatible con varias plataformas gracias a su conexi\u00f3n 3.5mm y su adaptador incluido. Micr\u00f3fono Para mejorar a\u00fan m\u00e1s tu experiencia, el Redragon Cronus tiene un micr\u00f3fono ajustable. Especificaciones T\u00e9cnicas: &#8211; Di\u00e1metro del driver: 40 mm &#8211; Material de las almohadillas: Cuero sint\u00e9tico &#8211; Sensibilidad: 115\u00b13dB &#8211; Frecuencia de respuesta: 20Hz ~ 20KHz &#8211; Impedancia del audio: 32 Ohm \u00b115% &#8211; Conexi\u00f3n: 3.5mm (audio) y USB (Led) &#8211; Peso bruto (g): 529 &#8211; Peso neto (g): 432 &#8211; Dimensiones del embalaje: 210mm (L) x 190mm (A) x 100mm (P)","og_url":"https:\/\/unitgames.com.ar\/pc-gamer\/producto\/auriculares-redragon-cronus-rgb-black\/","og_site_name":"UnitGames","article_modified_time":"2026-01-09T10:16:26+00:00","og_image":[{"width":1263,"height":1285,"url":"https:\/\/unitgames.com.ar\/pc-gamer\/wp-content\/uploads\/2025\/02\/Auriculares-REDRAGON-Cronus-RGB-Black.png","type":"image\/png"}],"twitter_card":"summary_large_image","twitter_misc":{"Tiempo de lectura":"2 minutos"},"schema":{"@context":"https:\/\/schema.org","@graph":[{"@type":"WebPage","@id":"https:\/\/unitgames.com.ar\/pc-gamer\/producto\/auriculares-redragon-cronus-rgb-black\/","url":"https:\/\/unitgames.com.ar\/pc-gamer\/producto\/auriculares-redragon-cronus-rgb-black\/","name":"Auriculares REDRAGON Cronus RGB Black - UnitGames","isPartOf":{"@id":"https:\/\/unitgames.com.ar\/pc-gamer\/#website"},"primaryImageOfPage":{"@id":"https:\/\/unitgames.com.ar\/pc-gamer\/producto\/auriculares-redragon-cronus-rgb-black\/#primaryimage"},"image":{"@id":"https:\/\/unitgames.com.ar\/pc-gamer\/producto\/auriculares-redragon-cronus-rgb-black\/#primaryimage"},"thumbnailUrl":"https:\/\/unitgames.com.ar\/pc-gamer\/wp-content\/uploads\/2025\/02\/Auriculares-REDRAGON-Cronus-RGB-Black.png","datePublished":"2025-02-18T03:09:26+00:00","dateModified":"2026-01-09T10:16:26+00:00","breadcrumb":{"@id":"https:\/\/unitgames.com.ar\/pc-gamer\/producto\/auriculares-redragon-cronus-rgb-black\/#breadcrumb"},"inLanguage":"es","potentialAction":[{"@type":"ReadAction","target":["https:\/\/unitgames.com.ar\/pc-gamer\/producto\/auriculares-redragon-cronus-rgb-black\/"]}]},{"@type":"ImageObject","inLanguage":"es","@id":"https:\/\/unitgames.com.ar\/pc-gamer\/producto\/auriculares-redragon-cronus-rgb-black\/#primaryimage","url":"https:\/\/unitgames.com.ar\/pc-gamer\/wp-content\/uploads\/2025\/02\/Auriculares-REDRAGON-Cronus-RGB-Black.png","contentUrl":"https:\/\/unitgames.com.ar\/pc-gamer\/wp-content\/uploads\/2025\/02\/Auriculares-REDRAGON-Cronus-RGB-Black.png","width":1263,"height":1285},{"@type":"BreadcrumbList","@id":"https:\/\/unitgames.com.ar\/pc-gamer\/producto\/auriculares-redragon-cronus-rgb-black\/#breadcrumb","itemListElement":[{"@type":"ListItem","position":1,"name":"Tienda","item":"https:\/\/unitgames.com.ar\/pc-gamer\/tienda\/"},{"@type":"ListItem","position":2,"name":"Auriculares REDRAGON Cronus RGB Black"}]},{"@type":"WebSite","@id":"https:\/\/unitgames.com.ar\/pc-gamer\/#website","url":"https:\/\/unitgames.com.ar\/pc-gamer\/","name":"UnitGames","description":"Venta de PC Gamers, Consolas , Servicio Tecnico Especializado. Todos en Accesorios Informaticos y Gamers","publisher":{"@id":"https:\/\/unitgames.com.ar\/pc-gamer\/#organization"},"potentialAction":[{"@type":"SearchAction","target":{"@type":"EntryPoint","urlTemplate":"https:\/\/unitgames.com.ar\/pc-gamer\/?s={search_term_string}"},"query-input":{"@type":"PropertyValueSpecification","valueRequired":true,"valueName":"search_term_string"}}],"inLanguage":"es"},{"@type":"Organization","@id":"https:\/\/unitgames.com.ar\/pc-gamer\/#organization","name":"UnitGames","url":"https:\/\/unitgames.com.ar\/pc-gamer\/","logo":{"@type":"ImageObject","inLanguage":"es","@id":"https:\/\/unitgames.com.ar\/pc-gamer\/#\/schema\/logo\/image\/","url":"https:\/\/unitgames.com.ar\/pc-gamer\/wp-content\/uploads\/2021\/01\/cropped-logoUnitGames2.png","contentUrl":"https:\/\/unitgames.com.ar\/pc-gamer\/wp-content\/uploads\/2021\/01\/cropped-logoUnitGames2.png","width":152,"height":200,"caption":"UnitGames"},"image":{"@id":"https:\/\/unitgames.com.ar\/pc-gamer\/#\/schema\/logo\/image\/"}}]}},"_links":{"self":[{"href":"https:\/\/unitgames.com.ar\/pc-gamer\/wp-json\/wp\/v2\/product\/12776","targetHints":{"allow":["GET"]}}],"collection":[{"href":"https:\/\/unitgames.com.ar\/pc-gamer\/wp-json\/wp\/v2\/product"}],"about":[{"href":"https:\/\/unitgames.com.ar\/pc-gamer\/wp-json\/wp\/v2\/types\/product"}],"version-history":[{"count":0,"href":"https:\/\/unitgames.com.ar\/pc-gamer\/wp-json\/wp\/v2\/product\/12776\/revisions"}],"wp:featuredmedia":[{"embeddable":true,"href":"https:\/\/unitgames.com.ar\/pc-gamer\/wp-json\/wp\/v2\/media\/12777"}],"wp:attachment":[{"href":"https:\/\/unitgames.com.ar\/pc-gamer\/wp-json\/wp\/v2\/media?parent=12776"}],"wp:term":[{"taxonomy":"product_brand","embeddable":true,"href":"https:\/\/unitgames.com.ar\/pc-gamer\/wp-json\/wp\/v2\/product_brand?post=12776"},{"taxonomy":"product_cat","embeddable":true,"href":"https:\/\/unitgames.com.ar\/pc-gamer\/wp-json\/wp\/v2\/product_cat?post=12776"},{"taxonomy":"product_tag","embeddable":true,"href":"https:\/\/unitgames.com.ar\/pc-gamer\/wp-json\/wp\/v2\/product_tag?post=12776"}],"curies":[{"name":"wp","href":"https:\/\/api.w.org\/{rel}","templated":true}]}}