{"id":12789,"date":"2025-02-18T03:32:11","date_gmt":"2025-02-18T03:32:11","guid":{"rendered":"https:\/\/unitgames.com.ar\/pc-gamer\/?post_type=product&#038;p=12789"},"modified":"2026-04-14T19:38:25","modified_gmt":"2026-04-14T22:38:25","slug":"auriculares-redragon-cybill-7-1-usb","status":"publish","type":"product","link":"https:\/\/unitgames.com.ar\/pc-gamer\/producto\/auriculares-redragon-cybill-7-1-usb\/","title":{"rendered":"Auriculares REDRAGON Cybill 7.1 Usb"},"content":{"rendered":"<p>Cautivador sonido envolvente 7.1<br \/>\nDisfruta de una experiencia de juego realmente envolvente con los transductores de 50 mm de alta precisi\u00f3n de los auriculares para juegos Redragon, que dan vida a cada disparo, pisada y explosi\u00f3n.<\/p>\n<p>C\u00f3modo control en l\u00ednea<br \/>\nLos Redragon H312 disponen de control de l\u00ednea independiente con volumen de sonido +\/-, encendido\/apagado de la luz y encendido\/apagado del micr\u00f3fono. Todas las configuraciones se pueden ajustar con una sola mano para satisfacer las diferentes necesidades en cualquier situaci\u00f3n, aseg\u00farese de que puede hacer bien incluso en un juego tenso.<\/p>\n<p>Comunicaci\u00f3n clara y n\u00edtida<br \/>\nDisfruta de conversaciones cristalinas con compa\u00f1eros de equipo o amigos gracias al micr\u00f3fono con supresi\u00f3n de ruido de alta sensibilidad, que elimina el ruido de fondo y la distorsi\u00f3n.<\/p>\n<p>Compatibilidad universal<br \/>\nLos auriculares para juegos Redragon H312 son compatibles con m\u00f3viles, PC y PS3\/PS4\/PS5, por lo que ofrecen experiencias de juego perfectas en varias plataformas. Disfruta de los juegos est\u00e9s donde est\u00e9s sin problemas de compatibilidad.<\/p>\n<p>Ajustable y c\u00f3modo<br \/>\nSu diadema de ajuste libre con marco de acero robusto y ligero liberar\u00e1 tu cabeza de cargas adicionales cuando juegues o escuches m\u00fasica. La fina piel sint\u00e9tica con relleno de espuma viscoel\u00e1stica de alta calidad permite que sus o\u00eddos respiren y los mantiene secos y frescos. No hay de qu\u00e9 preocuparse, incluso despu\u00e9s de horas de uso s\u00f3lo sentir\u00e1 comodidad.<\/p>\n<p>Sumergite en luz y sonido<br \/>\nEleve su experiencia de audio con la vibrante iluminaci\u00f3n RGB, que crea una atm\u00f3sfera apasionante que realza cada momento y lleva su vibraci\u00f3n de juego a un nuevo nivel.<\/p>\n","protected":false},"excerpt":{"rendered":"<p>Cautivador sonido envolvente 7.1 Disfruta de una experiencia de juego realmente envolvente con los transductores de 50 mm de alta precisi\u00f3n de los auriculares para juegos Redragon, que dan vida a cada disparo, pisada y explosi\u00f3n. C\u00f3modo control en l\u00ednea Los Redragon H312 disponen de control de l\u00ednea independiente con volumen de sonido +\/-, encendido\/apagado de la luz y encendido\/apagado del micr\u00f3fono. Todas las configuraciones se pueden ajustar con una sola mano para satisfacer las diferentes necesidades en cualquier situaci\u00f3n, aseg\u00farese de que puede hacer bien incluso en un juego tenso. Comunicaci\u00f3n clara y n\u00edtida Disfruta de conversaciones cristalinas con compa\u00f1eros de equipo o amigos gracias al micr\u00f3fono con supresi\u00f3n de ruido de alta sensibilidad, que elimina el ruido de fondo y la distorsi\u00f3n. Compatibilidad universal Los auriculares para juegos Redragon H312 son compatibles con m\u00f3viles, PC y PS3\/PS4\/PS5, por lo que ofrecen experiencias de juego perfectas en varias plataformas. Disfruta de los juegos est\u00e9s donde est\u00e9s sin problemas de compatibilidad. Ajustable y c\u00f3modo Su diadema de ajuste libre con marco de acero robusto y ligero liberar\u00e1 tu cabeza de cargas adicionales cuando juegues o escuches m\u00fasica. La fina piel sint\u00e9tica con relleno de espuma viscoel\u00e1stica de alta calidad permite que sus o\u00eddos respiren y los mantiene secos y frescos. No hay de qu\u00e9 preocuparse, incluso despu\u00e9s de horas de uso s\u00f3lo sentir\u00e1 comodidad. Sumergite en luz y sonido Eleve su experiencia de audio con la vibrante iluminaci\u00f3n RGB, que crea una atm\u00f3sfera apasionante que realza cada momento y lleva su vibraci\u00f3n de juego a un nuevo nivel.<\/p>\n","protected":false},"featured_media":12794,"template":"","meta":{"site-sidebar-layout":"default","site-content-layout":"","ast-site-content-layout":"default","site-content-style":"default","site-sidebar-style":"default","ast-global-header-display":"","ast-banner-title-visibility":"","ast-main-header-display":"","ast-hfb-above-header-display":"","ast-hfb-below-header-display":"","ast-hfb-mobile-header-display":"","site-post-title":"","ast-breadcrumbs-content":"","ast-featured-img":"","footer-sml-layout":"","theme-transparent-header-meta":"","adv-header-id-meta":"","stick-header-meta":"","header-above-stick-meta":"","header-main-stick-meta":"","header-below-stick-meta":"","astra-migrate-meta-layouts":"default","ast-page-background-enabled":"default","ast-page-background-meta":{"desktop":{"background-color":"var(--ast-global-color-5)","background-image":"","background-repeat":"repeat","background-position":"center center","background-size":"auto","background-attachment":"scroll","background-type":"","background-media":"","overlay-type":"","overlay-color":"","overlay-opacity":"","overlay-gradient":""},"tablet":{"background-color":"","background-image":"","background-repeat":"repeat","background-position":"center center","background-size":"auto","background-attachment":"scroll","background-type":"","background-media":"","overlay-type":"","overlay-color":"","overlay-opacity":"","overlay-gradient":""},"mobile":{"background-color":"","background-image":"","background-repeat":"repeat","background-position":"center center","background-size":"auto","background-attachment":"scroll","background-type":"","background-media":"","overlay-type":"","overlay-color":"","overlay-opacity":"","overlay-gradient":""}},"ast-content-background-meta":{"desktop":{"background-color":"var(--ast-global-color-4)","background-image":"","background-repeat":"repeat","background-position":"center center","background-size":"auto","background-attachment":"scroll","background-type":"","background-media":"","overlay-type":"","overlay-color":"","overlay-opacity":"","overlay-gradient":""},"tablet":{"background-color":"var(--ast-global-color-4)","background-image":"","background-repeat":"repeat","background-position":"center center","background-size":"auto","background-attachment":"scroll","background-type":"","background-media":"","overlay-type":"","overlay-color":"","overlay-opacity":"","overlay-gradient":""},"mobile":{"background-color":"var(--ast-global-color-4)","background-image":"","background-repeat":"repeat","background-position":"center center","background-size":"auto","background-attachment":"scroll","background-type":"","background-media":"","overlay-type":"","overlay-color":"","overlay-opacity":"","overlay-gradient":""}},"_joinchat":[]},"product_brand":[],"product_cat":[81],"product_tag":[],"class_list":{"0":"post-12789","1":"product","2":"type-product","3":"status-publish","4":"has-post-thumbnail","6":"product_cat-auriculares-pc-play-y-xbox","7":"desktop-align-center","8":"tablet-align-left","9":"mobile-align-left","11":"first","12":"instock","13":"shipping-taxable","14":"purchasable","15":"product-type-simple"},"yoast_head":"<!-- This site is optimized with the Yoast SEO plugin v27.3 - https:\/\/yoast.com\/product\/yoast-seo-wordpress\/ -->\n<title>Auriculares REDRAGON Cybill 7.1 Usb - UnitGames<\/title>\n<meta name=\"robots\" content=\"index, follow, max-snippet:-1, max-image-preview:large, max-video-preview:-1\" \/>\n<link rel=\"canonical\" href=\"https:\/\/unitgames.com.ar\/pc-gamer\/producto\/auriculares-redragon-cybill-7-1-usb\/\" \/>\n<meta property=\"og:locale\" content=\"es_ES\" \/>\n<meta property=\"og:type\" content=\"article\" \/>\n<meta property=\"og:title\" content=\"Auriculares REDRAGON Cybill 7.1 Usb - UnitGames\" \/>\n<meta property=\"og:description\" content=\"Cautivador sonido envolvente 7.1 Disfruta de una experiencia de juego realmente envolvente con los transductores de 50 mm de alta precisi\u00f3n de los auriculares para juegos Redragon, que dan vida a cada disparo, pisada y explosi\u00f3n. C\u00f3modo control en l\u00ednea Los Redragon H312 disponen de control de l\u00ednea independiente con volumen de sonido +\/-, encendido\/apagado de la luz y encendido\/apagado del micr\u00f3fono. Todas las configuraciones se pueden ajustar con una sola mano para satisfacer las diferentes necesidades en cualquier situaci\u00f3n, aseg\u00farese de que puede hacer bien incluso en un juego tenso. Comunicaci\u00f3n clara y n\u00edtida Disfruta de conversaciones cristalinas con compa\u00f1eros de equipo o amigos gracias al micr\u00f3fono con supresi\u00f3n de ruido de alta sensibilidad, que elimina el ruido de fondo y la distorsi\u00f3n. Compatibilidad universal Los auriculares para juegos Redragon H312 son compatibles con m\u00f3viles, PC y PS3\/PS4\/PS5, por lo que ofrecen experiencias de juego perfectas en varias plataformas. Disfruta de los juegos est\u00e9s donde est\u00e9s sin problemas de compatibilidad. Ajustable y c\u00f3modo Su diadema de ajuste libre con marco de acero robusto y ligero liberar\u00e1 tu cabeza de cargas adicionales cuando juegues o escuches m\u00fasica. La fina piel sint\u00e9tica con relleno de espuma viscoel\u00e1stica de alta calidad permite que sus o\u00eddos respiren y los mantiene secos y frescos. No hay de qu\u00e9 preocuparse, incluso despu\u00e9s de horas de uso s\u00f3lo sentir\u00e1 comodidad. Sumergite en luz y sonido Eleve su experiencia de audio con la vibrante iluminaci\u00f3n RGB, que crea una atm\u00f3sfera apasionante que realza cada momento y lleva su vibraci\u00f3n de juego a un nuevo nivel.\" \/>\n<meta property=\"og:url\" content=\"https:\/\/unitgames.com.ar\/pc-gamer\/producto\/auriculares-redragon-cybill-7-1-usb\/\" \/>\n<meta property=\"og:site_name\" content=\"UnitGames\" \/>\n<meta property=\"article:modified_time\" content=\"2026-04-14T22:38:25+00:00\" \/>\n<meta property=\"og:image\" content=\"https:\/\/unitgames.com.ar\/pc-gamer\/wp-content\/uploads\/2025\/02\/Cautivador-sonido-envolvente-7.1.png\" \/>\n\t<meta property=\"og:image:width\" content=\"1263\" \/>\n\t<meta property=\"og:image:height\" content=\"1285\" \/>\n\t<meta property=\"og:image:type\" content=\"image\/png\" \/>\n<meta name=\"twitter:card\" content=\"summary_large_image\" \/>\n<meta name=\"twitter:label1\" content=\"Tiempo de lectura\" \/>\n\t<meta name=\"twitter:data1\" content=\"2 minutos\" \/>\n<script type=\"application\/ld+json\" class=\"yoast-schema-graph\">{\"@context\":\"https:\\\/\\\/schema.org\",\"@graph\":[{\"@type\":\"WebPage\",\"@id\":\"https:\\\/\\\/unitgames.com.ar\\\/pc-gamer\\\/producto\\\/auriculares-redragon-cybill-7-1-usb\\\/\",\"url\":\"https:\\\/\\\/unitgames.com.ar\\\/pc-gamer\\\/producto\\\/auriculares-redragon-cybill-7-1-usb\\\/\",\"name\":\"Auriculares REDRAGON Cybill 7.1 Usb - UnitGames\",\"isPartOf\":{\"@id\":\"https:\\\/\\\/unitgames.com.ar\\\/pc-gamer\\\/#website\"},\"primaryImageOfPage\":{\"@id\":\"https:\\\/\\\/unitgames.com.ar\\\/pc-gamer\\\/producto\\\/auriculares-redragon-cybill-7-1-usb\\\/#primaryimage\"},\"image\":{\"@id\":\"https:\\\/\\\/unitgames.com.ar\\\/pc-gamer\\\/producto\\\/auriculares-redragon-cybill-7-1-usb\\\/#primaryimage\"},\"thumbnailUrl\":\"https:\\\/\\\/unitgames.com.ar\\\/pc-gamer\\\/wp-content\\\/uploads\\\/2025\\\/02\\\/Cautivador-sonido-envolvente-7.1.png\",\"datePublished\":\"2025-02-18T03:32:11+00:00\",\"dateModified\":\"2026-04-14T22:38:25+00:00\",\"breadcrumb\":{\"@id\":\"https:\\\/\\\/unitgames.com.ar\\\/pc-gamer\\\/producto\\\/auriculares-redragon-cybill-7-1-usb\\\/#breadcrumb\"},\"inLanguage\":\"es\",\"potentialAction\":[{\"@type\":\"ReadAction\",\"target\":[\"https:\\\/\\\/unitgames.com.ar\\\/pc-gamer\\\/producto\\\/auriculares-redragon-cybill-7-1-usb\\\/\"]}]},{\"@type\":\"ImageObject\",\"inLanguage\":\"es\",\"@id\":\"https:\\\/\\\/unitgames.com.ar\\\/pc-gamer\\\/producto\\\/auriculares-redragon-cybill-7-1-usb\\\/#primaryimage\",\"url\":\"https:\\\/\\\/unitgames.com.ar\\\/pc-gamer\\\/wp-content\\\/uploads\\\/2025\\\/02\\\/Cautivador-sonido-envolvente-7.1.png\",\"contentUrl\":\"https:\\\/\\\/unitgames.com.ar\\\/pc-gamer\\\/wp-content\\\/uploads\\\/2025\\\/02\\\/Cautivador-sonido-envolvente-7.1.png\",\"width\":1263,\"height\":1285},{\"@type\":\"BreadcrumbList\",\"@id\":\"https:\\\/\\\/unitgames.com.ar\\\/pc-gamer\\\/producto\\\/auriculares-redragon-cybill-7-1-usb\\\/#breadcrumb\",\"itemListElement\":[{\"@type\":\"ListItem\",\"position\":1,\"name\":\"Tienda\",\"item\":\"https:\\\/\\\/unitgames.com.ar\\\/pc-gamer\\\/tienda\\\/\"},{\"@type\":\"ListItem\",\"position\":2,\"name\":\"Auriculares REDRAGON Cybill 7.1 Usb\"}]},{\"@type\":\"WebSite\",\"@id\":\"https:\\\/\\\/unitgames.com.ar\\\/pc-gamer\\\/#website\",\"url\":\"https:\\\/\\\/unitgames.com.ar\\\/pc-gamer\\\/\",\"name\":\"UnitGames\",\"description\":\"Venta de PC Gamers, Consolas , Servicio Tecnico Especializado. Todos en Accesorios Informaticos y Gamers\",\"publisher\":{\"@id\":\"https:\\\/\\\/unitgames.com.ar\\\/pc-gamer\\\/#organization\"},\"potentialAction\":[{\"@type\":\"SearchAction\",\"target\":{\"@type\":\"EntryPoint\",\"urlTemplate\":\"https:\\\/\\\/unitgames.com.ar\\\/pc-gamer\\\/?s={search_term_string}\"},\"query-input\":{\"@type\":\"PropertyValueSpecification\",\"valueRequired\":true,\"valueName\":\"search_term_string\"}}],\"inLanguage\":\"es\"},{\"@type\":\"Organization\",\"@id\":\"https:\\\/\\\/unitgames.com.ar\\\/pc-gamer\\\/#organization\",\"name\":\"UnitGames\",\"url\":\"https:\\\/\\\/unitgames.com.ar\\\/pc-gamer\\\/\",\"logo\":{\"@type\":\"ImageObject\",\"inLanguage\":\"es\",\"@id\":\"https:\\\/\\\/unitgames.com.ar\\\/pc-gamer\\\/#\\\/schema\\\/logo\\\/image\\\/\",\"url\":\"https:\\\/\\\/unitgames.com.ar\\\/pc-gamer\\\/wp-content\\\/uploads\\\/2021\\\/01\\\/cropped-logoUnitGames2.png\",\"contentUrl\":\"https:\\\/\\\/unitgames.com.ar\\\/pc-gamer\\\/wp-content\\\/uploads\\\/2021\\\/01\\\/cropped-logoUnitGames2.png\",\"width\":152,\"height\":200,\"caption\":\"UnitGames\"},\"image\":{\"@id\":\"https:\\\/\\\/unitgames.com.ar\\\/pc-gamer\\\/#\\\/schema\\\/logo\\\/image\\\/\"}}]}<\/script>\n<!-- \/ Yoast SEO plugin. -->","yoast_head_json":{"title":"Auriculares REDRAGON Cybill 7.1 Usb - UnitGames","robots":{"index":"index","follow":"follow","max-snippet":"max-snippet:-1","max-image-preview":"max-image-preview:large","max-video-preview":"max-video-preview:-1"},"canonical":"https:\/\/unitgames.com.ar\/pc-gamer\/producto\/auriculares-redragon-cybill-7-1-usb\/","og_locale":"es_ES","og_type":"article","og_title":"Auriculares REDRAGON Cybill 7.1 Usb - UnitGames","og_description":"Cautivador sonido envolvente 7.1 Disfruta de una experiencia de juego realmente envolvente con los transductores de 50 mm de alta precisi\u00f3n de los auriculares para juegos Redragon, que dan vida a cada disparo, pisada y explosi\u00f3n. C\u00f3modo control en l\u00ednea Los Redragon H312 disponen de control de l\u00ednea independiente con volumen de sonido +\/-, encendido\/apagado de la luz y encendido\/apagado del micr\u00f3fono. Todas las configuraciones se pueden ajustar con una sola mano para satisfacer las diferentes necesidades en cualquier situaci\u00f3n, aseg\u00farese de que puede hacer bien incluso en un juego tenso. Comunicaci\u00f3n clara y n\u00edtida Disfruta de conversaciones cristalinas con compa\u00f1eros de equipo o amigos gracias al micr\u00f3fono con supresi\u00f3n de ruido de alta sensibilidad, que elimina el ruido de fondo y la distorsi\u00f3n. Compatibilidad universal Los auriculares para juegos Redragon H312 son compatibles con m\u00f3viles, PC y PS3\/PS4\/PS5, por lo que ofrecen experiencias de juego perfectas en varias plataformas. Disfruta de los juegos est\u00e9s donde est\u00e9s sin problemas de compatibilidad. Ajustable y c\u00f3modo Su diadema de ajuste libre con marco de acero robusto y ligero liberar\u00e1 tu cabeza de cargas adicionales cuando juegues o escuches m\u00fasica. La fina piel sint\u00e9tica con relleno de espuma viscoel\u00e1stica de alta calidad permite que sus o\u00eddos respiren y los mantiene secos y frescos. No hay de qu\u00e9 preocuparse, incluso despu\u00e9s de horas de uso s\u00f3lo sentir\u00e1 comodidad. Sumergite en luz y sonido Eleve su experiencia de audio con la vibrante iluminaci\u00f3n RGB, que crea una atm\u00f3sfera apasionante que realza cada momento y lleva su vibraci\u00f3n de juego a un nuevo nivel.","og_url":"https:\/\/unitgames.com.ar\/pc-gamer\/producto\/auriculares-redragon-cybill-7-1-usb\/","og_site_name":"UnitGames","article_modified_time":"2026-04-14T22:38:25+00:00","og_image":[{"width":1263,"height":1285,"url":"https:\/\/unitgames.com.ar\/pc-gamer\/wp-content\/uploads\/2025\/02\/Cautivador-sonido-envolvente-7.1.png","type":"image\/png"}],"twitter_card":"summary_large_image","twitter_misc":{"Tiempo de lectura":"2 minutos"},"schema":{"@context":"https:\/\/schema.org","@graph":[{"@type":"WebPage","@id":"https:\/\/unitgames.com.ar\/pc-gamer\/producto\/auriculares-redragon-cybill-7-1-usb\/","url":"https:\/\/unitgames.com.ar\/pc-gamer\/producto\/auriculares-redragon-cybill-7-1-usb\/","name":"Auriculares REDRAGON Cybill 7.1 Usb - UnitGames","isPartOf":{"@id":"https:\/\/unitgames.com.ar\/pc-gamer\/#website"},"primaryImageOfPage":{"@id":"https:\/\/unitgames.com.ar\/pc-gamer\/producto\/auriculares-redragon-cybill-7-1-usb\/#primaryimage"},"image":{"@id":"https:\/\/unitgames.com.ar\/pc-gamer\/producto\/auriculares-redragon-cybill-7-1-usb\/#primaryimage"},"thumbnailUrl":"https:\/\/unitgames.com.ar\/pc-gamer\/wp-content\/uploads\/2025\/02\/Cautivador-sonido-envolvente-7.1.png","datePublished":"2025-02-18T03:32:11+00:00","dateModified":"2026-04-14T22:38:25+00:00","breadcrumb":{"@id":"https:\/\/unitgames.com.ar\/pc-gamer\/producto\/auriculares-redragon-cybill-7-1-usb\/#breadcrumb"},"inLanguage":"es","potentialAction":[{"@type":"ReadAction","target":["https:\/\/unitgames.com.ar\/pc-gamer\/producto\/auriculares-redragon-cybill-7-1-usb\/"]}]},{"@type":"ImageObject","inLanguage":"es","@id":"https:\/\/unitgames.com.ar\/pc-gamer\/producto\/auriculares-redragon-cybill-7-1-usb\/#primaryimage","url":"https:\/\/unitgames.com.ar\/pc-gamer\/wp-content\/uploads\/2025\/02\/Cautivador-sonido-envolvente-7.1.png","contentUrl":"https:\/\/unitgames.com.ar\/pc-gamer\/wp-content\/uploads\/2025\/02\/Cautivador-sonido-envolvente-7.1.png","width":1263,"height":1285},{"@type":"BreadcrumbList","@id":"https:\/\/unitgames.com.ar\/pc-gamer\/producto\/auriculares-redragon-cybill-7-1-usb\/#breadcrumb","itemListElement":[{"@type":"ListItem","position":1,"name":"Tienda","item":"https:\/\/unitgames.com.ar\/pc-gamer\/tienda\/"},{"@type":"ListItem","position":2,"name":"Auriculares REDRAGON Cybill 7.1 Usb"}]},{"@type":"WebSite","@id":"https:\/\/unitgames.com.ar\/pc-gamer\/#website","url":"https:\/\/unitgames.com.ar\/pc-gamer\/","name":"UnitGames","description":"Venta de PC Gamers, Consolas , Servicio Tecnico Especializado. Todos en Accesorios Informaticos y Gamers","publisher":{"@id":"https:\/\/unitgames.com.ar\/pc-gamer\/#organization"},"potentialAction":[{"@type":"SearchAction","target":{"@type":"EntryPoint","urlTemplate":"https:\/\/unitgames.com.ar\/pc-gamer\/?s={search_term_string}"},"query-input":{"@type":"PropertyValueSpecification","valueRequired":true,"valueName":"search_term_string"}}],"inLanguage":"es"},{"@type":"Organization","@id":"https:\/\/unitgames.com.ar\/pc-gamer\/#organization","name":"UnitGames","url":"https:\/\/unitgames.com.ar\/pc-gamer\/","logo":{"@type":"ImageObject","inLanguage":"es","@id":"https:\/\/unitgames.com.ar\/pc-gamer\/#\/schema\/logo\/image\/","url":"https:\/\/unitgames.com.ar\/pc-gamer\/wp-content\/uploads\/2021\/01\/cropped-logoUnitGames2.png","contentUrl":"https:\/\/unitgames.com.ar\/pc-gamer\/wp-content\/uploads\/2021\/01\/cropped-logoUnitGames2.png","width":152,"height":200,"caption":"UnitGames"},"image":{"@id":"https:\/\/unitgames.com.ar\/pc-gamer\/#\/schema\/logo\/image\/"}}]}},"_links":{"self":[{"href":"https:\/\/unitgames.com.ar\/pc-gamer\/wp-json\/wp\/v2\/product\/12789","targetHints":{"allow":["GET"]}}],"collection":[{"href":"https:\/\/unitgames.com.ar\/pc-gamer\/wp-json\/wp\/v2\/product"}],"about":[{"href":"https:\/\/unitgames.com.ar\/pc-gamer\/wp-json\/wp\/v2\/types\/product"}],"version-history":[{"count":1,"href":"https:\/\/unitgames.com.ar\/pc-gamer\/wp-json\/wp\/v2\/product\/12789\/revisions"}],"predecessor-version":[{"id":20884,"href":"https:\/\/unitgames.com.ar\/pc-gamer\/wp-json\/wp\/v2\/product\/12789\/revisions\/20884"}],"wp:featuredmedia":[{"embeddable":true,"href":"https:\/\/unitgames.com.ar\/pc-gamer\/wp-json\/wp\/v2\/media\/12794"}],"wp:attachment":[{"href":"https:\/\/unitgames.com.ar\/pc-gamer\/wp-json\/wp\/v2\/media?parent=12789"}],"wp:term":[{"taxonomy":"product_brand","embeddable":true,"href":"https:\/\/unitgames.com.ar\/pc-gamer\/wp-json\/wp\/v2\/product_brand?post=12789"},{"taxonomy":"product_cat","embeddable":true,"href":"https:\/\/unitgames.com.ar\/pc-gamer\/wp-json\/wp\/v2\/product_cat?post=12789"},{"taxonomy":"product_tag","embeddable":true,"href":"https:\/\/unitgames.com.ar\/pc-gamer\/wp-json\/wp\/v2\/product_tag?post=12789"}],"curies":[{"name":"wp","href":"https:\/\/api.w.org\/{rel}","templated":true}]}}