{"id":12795,"date":"2025-02-18T03:36:07","date_gmt":"2025-02-18T03:36:07","guid":{"rendered":"https:\/\/unitgames.com.ar\/pc-gamer\/?post_type=product&#038;p=12795"},"modified":"2026-02-26T10:16:28","modified_gmt":"2026-02-26T13:16:28","slug":"teclado-magnetico-redragon-fidd-8k-60-rgb-usb","status":"publish","type":"product","link":"https:\/\/unitgames.com.ar\/pc-gamer\/producto\/teclado-magnetico-redragon-fidd-8k-60-rgb-usb\/","title":{"rendered":"Teclado Magnetico Redragon Fidd 8K 60% RGB USB"},"content":{"rendered":"<div class=\"spec\">\n<div class=\"col-lg-6 pl-0 pull-left\">\n<p class=\"mb-0\"><b>Marca :\u00a0<\/b>Redragon<\/p>\n<p class=\"mb-0\"><b>Modelo :\u00a0<\/b>Fidd K683WBO-RGB-M<\/p>\n<p class=\"mb-0\"><b>P\/N :\u00a0<\/b>K683WBO-RGB-M<\/p>\n<p class=\"mb-0\"><b>UPC\/EAN :\u00a0<\/b>6950376724939<\/p>\n<p class=\"mb-0\"><b>Color :\u00a0<\/b>Blanco\/Azul\/Naranja<\/p>\n<p class=\"mb-0\"><b>Peso :\u00a0<\/b>0.565 kg<\/p>\n<p class=\"mb-0\"><b>Distribuci\u00f3n :\u00a0<\/b>Ingl\u00e9s<\/p>\n<p class=\"mb-0\"><b>Tama\u00f1o del enter :\u00a0<\/b>Rectangular peque\u00f1o (asumido por distribuci\u00f3n inglesa)<\/p>\n<p class=\"mb-0\"><b>Retroiluminaci\u00f3n del teclado :\u00a0<\/b>RGB Chroma<\/p>\n<p class=\"mb-0\"><b>Switch :\u00a0<\/b>Redragon Aqua-white, lineal sin click audible, distancia de actuaci\u00f3n variable<\/p>\n<\/div>\n<div class=\"col-lg-6 pl-0 pull-left\">\n<p class=\"mb-0\"><b>Conectividad del teclado :\u00a0<\/b>Cable engomado USB-C a USB-A extra\u00edble<\/p>\n<p class=\"mb-0\"><b>Keycaps adicionales :\u00a0<\/b>Keycaps PBT de inyecci\u00f3n doble, formato OEM<\/p>\n<p class=\"mb-0\"><b>Rollover del teclado :\u00a0<\/b>100% Anti-Ghosting con Full Key Rollover<\/p>\n<p class=\"mb-0\"><b>Tama\u00f1o (Full \/ TKL) :\u00a0<\/b>Compacto 60%<\/p>\n<p class=\"mb-0\"><b>Bloqueo de Windows :\u00a0<\/b>S\u00ed<\/p>\n<p class=\"mb-0\"><b>Controles de medios :\u00a0<\/b>No<\/p>\n<p class=\"mb-0\"><b>Reposamu\u00f1ecas :\u00a0<\/b>No<\/p>\n<p class=\"mb-0\"><b>Tipo de cable del teclado :\u00a0<\/b>Cable engomado USB-C a USB-A extra\u00edble<\/p>\n<p class=\"mb-0\"><b>Dimensiones :\u00a0<\/b>29.1 x 10.4 x 3.4 cm<\/p>\n<p class=\"mb-0\"><b>Luz de Bloq Mayus :\u00a0<\/b>No<\/p>\n<\/div>\n<\/div>\n","protected":false},"excerpt":{"rendered":"<p>Marca :\u00a0Redragon Modelo :\u00a0Fidd K683WBO-RGB-M P\/N :\u00a0K683WBO-RGB-M UPC\/EAN :\u00a06950376724939 Color :\u00a0Blanco\/Azul\/Naranja Peso :\u00a00.565 kg Distribuci\u00f3n :\u00a0Ingl\u00e9s Tama\u00f1o del enter :\u00a0Rectangular peque\u00f1o (asumido por distribuci\u00f3n inglesa) Retroiluminaci\u00f3n del teclado :\u00a0RGB Chroma Switch :\u00a0Redragon Aqua-white, lineal sin click audible, distancia de actuaci\u00f3n variable Conectividad del teclado :\u00a0Cable engomado USB-C a USB-A extra\u00edble Keycaps adicionales :\u00a0Keycaps PBT de inyecci\u00f3n doble, formato OEM Rollover del teclado :\u00a0100% Anti-Ghosting con Full Key Rollover Tama\u00f1o (Full \/ TKL) :\u00a0Compacto 60% Bloqueo de Windows :\u00a0S\u00ed Controles de medios :\u00a0No Reposamu\u00f1ecas :\u00a0No Tipo de cable del teclado :\u00a0Cable engomado USB-C a USB-A extra\u00edble Dimensiones :\u00a029.1 x 10.4 x 3.4 cm Luz de Bloq Mayus :\u00a0No<\/p>\n","protected":false},"featured_media":12796,"template":"","meta":{"site-sidebar-layout":"default","site-content-layout":"","ast-site-content-layout":"default","site-content-style":"default","site-sidebar-style":"default","ast-global-header-display":"","ast-banner-title-visibility":"","ast-main-header-display":"","ast-hfb-above-header-display":"","ast-hfb-below-header-display":"","ast-hfb-mobile-header-display":"","site-post-title":"","ast-breadcrumbs-content":"","ast-featured-img":"","footer-sml-layout":"","theme-transparent-header-meta":"","adv-header-id-meta":"","stick-header-meta":"","header-above-stick-meta":"","header-main-stick-meta":"","header-below-stick-meta":"","astra-migrate-meta-layouts":"default","ast-page-background-enabled":"default","ast-page-background-meta":{"desktop":{"background-color":"var(--ast-global-color-5)","background-image":"","background-repeat":"repeat","background-position":"center center","background-size":"auto","background-attachment":"scroll","background-type":"","background-media":"","overlay-type":"","overlay-color":"","overlay-opacity":"","overlay-gradient":""},"tablet":{"background-color":"","background-image":"","background-repeat":"repeat","background-position":"center center","background-size":"auto","background-attachment":"scroll","background-type":"","background-media":"","overlay-type":"","overlay-color":"","overlay-opacity":"","overlay-gradient":""},"mobile":{"background-color":"","background-image":"","background-repeat":"repeat","background-position":"center center","background-size":"auto","background-attachment":"scroll","background-type":"","background-media":"","overlay-type":"","overlay-color":"","overlay-opacity":"","overlay-gradient":""}},"ast-content-background-meta":{"desktop":{"background-color":"var(--ast-global-color-4)","background-image":"","background-repeat":"repeat","background-position":"center center","background-size":"auto","background-attachment":"scroll","background-type":"","background-media":"","overlay-type":"","overlay-color":"","overlay-opacity":"","overlay-gradient":""},"tablet":{"background-color":"var(--ast-global-color-4)","background-image":"","background-repeat":"repeat","background-position":"center center","background-size":"auto","background-attachment":"scroll","background-type":"","background-media":"","overlay-type":"","overlay-color":"","overlay-opacity":"","overlay-gradient":""},"mobile":{"background-color":"var(--ast-global-color-4)","background-image":"","background-repeat":"repeat","background-position":"center center","background-size":"auto","background-attachment":"scroll","background-type":"","background-media":"","overlay-type":"","overlay-color":"","overlay-opacity":"","overlay-gradient":""}},"_joinchat":[]},"product_brand":[],"product_cat":[92],"product_tag":[],"class_list":{"0":"post-12795","1":"product","2":"type-product","3":"status-publish","4":"has-post-thumbnail","6":"product_cat-teclados-mecanicos","7":"desktop-align-center","8":"tablet-align-left","9":"mobile-align-left","11":"first","12":"outofstock","13":"shipping-taxable","14":"purchasable","15":"product-type-simple"},"yoast_head":"<!-- This site is optimized with the Yoast SEO plugin v27.3 - https:\/\/yoast.com\/product\/yoast-seo-wordpress\/ -->\n<title>Teclado Magnetico Redragon Fidd 8K 60% RGB USB - UnitGames<\/title>\n<meta name=\"robots\" content=\"index, follow, max-snippet:-1, max-image-preview:large, max-video-preview:-1\" \/>\n<link rel=\"canonical\" href=\"https:\/\/unitgames.com.ar\/pc-gamer\/producto\/teclado-magnetico-redragon-fidd-8k-60-rgb-usb\/\" \/>\n<meta property=\"og:locale\" content=\"es_ES\" \/>\n<meta property=\"og:type\" content=\"article\" \/>\n<meta property=\"og:title\" content=\"Teclado Magnetico Redragon Fidd 8K 60% RGB USB - UnitGames\" \/>\n<meta property=\"og:description\" content=\"Marca :\u00a0Redragon Modelo :\u00a0Fidd K683WBO-RGB-M P\/N :\u00a0K683WBO-RGB-M UPC\/EAN :\u00a06950376724939 Color :\u00a0Blanco\/Azul\/Naranja Peso :\u00a00.565 kg Distribuci\u00f3n :\u00a0Ingl\u00e9s Tama\u00f1o del enter :\u00a0Rectangular peque\u00f1o (asumido por distribuci\u00f3n inglesa) Retroiluminaci\u00f3n del teclado :\u00a0RGB Chroma Switch :\u00a0Redragon Aqua-white, lineal sin click audible, distancia de actuaci\u00f3n variable Conectividad del teclado :\u00a0Cable engomado USB-C a USB-A extra\u00edble Keycaps adicionales :\u00a0Keycaps PBT de inyecci\u00f3n doble, formato OEM Rollover del teclado :\u00a0100% Anti-Ghosting con Full Key Rollover Tama\u00f1o (Full \/ TKL) :\u00a0Compacto 60% Bloqueo de Windows :\u00a0S\u00ed Controles de medios :\u00a0No Reposamu\u00f1ecas :\u00a0No Tipo de cable del teclado :\u00a0Cable engomado USB-C a USB-A extra\u00edble Dimensiones :\u00a029.1 x 10.4 x 3.4 cm Luz de Bloq Mayus :\u00a0No\" \/>\n<meta property=\"og:url\" content=\"https:\/\/unitgames.com.ar\/pc-gamer\/producto\/teclado-magnetico-redragon-fidd-8k-60-rgb-usb\/\" \/>\n<meta property=\"og:site_name\" content=\"UnitGames\" \/>\n<meta property=\"article:modified_time\" content=\"2026-02-26T13:16:28+00:00\" \/>\n<meta property=\"og:image\" content=\"https:\/\/unitgames.com.ar\/pc-gamer\/wp-content\/uploads\/2025\/02\/Magnetico-Redragon-K683-Fidd-8K-60-RGB-USB-C.png\" \/>\n\t<meta property=\"og:image:width\" content=\"1284\" \/>\n\t<meta property=\"og:image:height\" content=\"1285\" \/>\n\t<meta property=\"og:image:type\" content=\"image\/png\" \/>\n<meta name=\"twitter:card\" content=\"summary_large_image\" \/>\n<meta name=\"twitter:label1\" content=\"Tiempo de lectura\" \/>\n\t<meta name=\"twitter:data1\" content=\"1 minuto\" \/>\n<script type=\"application\/ld+json\" class=\"yoast-schema-graph\">{\"@context\":\"https:\\\/\\\/schema.org\",\"@graph\":[{\"@type\":\"WebPage\",\"@id\":\"https:\\\/\\\/unitgames.com.ar\\\/pc-gamer\\\/producto\\\/teclado-magnetico-redragon-fidd-8k-60-rgb-usb\\\/\",\"url\":\"https:\\\/\\\/unitgames.com.ar\\\/pc-gamer\\\/producto\\\/teclado-magnetico-redragon-fidd-8k-60-rgb-usb\\\/\",\"name\":\"Teclado Magnetico Redragon Fidd 8K 60% RGB USB - UnitGames\",\"isPartOf\":{\"@id\":\"https:\\\/\\\/unitgames.com.ar\\\/pc-gamer\\\/#website\"},\"primaryImageOfPage\":{\"@id\":\"https:\\\/\\\/unitgames.com.ar\\\/pc-gamer\\\/producto\\\/teclado-magnetico-redragon-fidd-8k-60-rgb-usb\\\/#primaryimage\"},\"image\":{\"@id\":\"https:\\\/\\\/unitgames.com.ar\\\/pc-gamer\\\/producto\\\/teclado-magnetico-redragon-fidd-8k-60-rgb-usb\\\/#primaryimage\"},\"thumbnailUrl\":\"https:\\\/\\\/unitgames.com.ar\\\/pc-gamer\\\/wp-content\\\/uploads\\\/2025\\\/02\\\/Magnetico-Redragon-K683-Fidd-8K-60-RGB-USB-C.png\",\"datePublished\":\"2025-02-18T03:36:07+00:00\",\"dateModified\":\"2026-02-26T13:16:28+00:00\",\"breadcrumb\":{\"@id\":\"https:\\\/\\\/unitgames.com.ar\\\/pc-gamer\\\/producto\\\/teclado-magnetico-redragon-fidd-8k-60-rgb-usb\\\/#breadcrumb\"},\"inLanguage\":\"es\",\"potentialAction\":[{\"@type\":\"ReadAction\",\"target\":[\"https:\\\/\\\/unitgames.com.ar\\\/pc-gamer\\\/producto\\\/teclado-magnetico-redragon-fidd-8k-60-rgb-usb\\\/\"]}]},{\"@type\":\"ImageObject\",\"inLanguage\":\"es\",\"@id\":\"https:\\\/\\\/unitgames.com.ar\\\/pc-gamer\\\/producto\\\/teclado-magnetico-redragon-fidd-8k-60-rgb-usb\\\/#primaryimage\",\"url\":\"https:\\\/\\\/unitgames.com.ar\\\/pc-gamer\\\/wp-content\\\/uploads\\\/2025\\\/02\\\/Magnetico-Redragon-K683-Fidd-8K-60-RGB-USB-C.png\",\"contentUrl\":\"https:\\\/\\\/unitgames.com.ar\\\/pc-gamer\\\/wp-content\\\/uploads\\\/2025\\\/02\\\/Magnetico-Redragon-K683-Fidd-8K-60-RGB-USB-C.png\",\"width\":1284,\"height\":1285},{\"@type\":\"BreadcrumbList\",\"@id\":\"https:\\\/\\\/unitgames.com.ar\\\/pc-gamer\\\/producto\\\/teclado-magnetico-redragon-fidd-8k-60-rgb-usb\\\/#breadcrumb\",\"itemListElement\":[{\"@type\":\"ListItem\",\"position\":1,\"name\":\"Tienda\",\"item\":\"https:\\\/\\\/unitgames.com.ar\\\/pc-gamer\\\/tienda\\\/\"},{\"@type\":\"ListItem\",\"position\":2,\"name\":\"Teclado Magnetico Redragon Fidd 8K 60% RGB USB\"}]},{\"@type\":\"WebSite\",\"@id\":\"https:\\\/\\\/unitgames.com.ar\\\/pc-gamer\\\/#website\",\"url\":\"https:\\\/\\\/unitgames.com.ar\\\/pc-gamer\\\/\",\"name\":\"UnitGames\",\"description\":\"Venta de PC Gamers, Consolas , Servicio Tecnico Especializado. Todos en Accesorios Informaticos y Gamers\",\"publisher\":{\"@id\":\"https:\\\/\\\/unitgames.com.ar\\\/pc-gamer\\\/#organization\"},\"potentialAction\":[{\"@type\":\"SearchAction\",\"target\":{\"@type\":\"EntryPoint\",\"urlTemplate\":\"https:\\\/\\\/unitgames.com.ar\\\/pc-gamer\\\/?s={search_term_string}\"},\"query-input\":{\"@type\":\"PropertyValueSpecification\",\"valueRequired\":true,\"valueName\":\"search_term_string\"}}],\"inLanguage\":\"es\"},{\"@type\":\"Organization\",\"@id\":\"https:\\\/\\\/unitgames.com.ar\\\/pc-gamer\\\/#organization\",\"name\":\"UnitGames\",\"url\":\"https:\\\/\\\/unitgames.com.ar\\\/pc-gamer\\\/\",\"logo\":{\"@type\":\"ImageObject\",\"inLanguage\":\"es\",\"@id\":\"https:\\\/\\\/unitgames.com.ar\\\/pc-gamer\\\/#\\\/schema\\\/logo\\\/image\\\/\",\"url\":\"https:\\\/\\\/unitgames.com.ar\\\/pc-gamer\\\/wp-content\\\/uploads\\\/2021\\\/01\\\/cropped-logoUnitGames2.png\",\"contentUrl\":\"https:\\\/\\\/unitgames.com.ar\\\/pc-gamer\\\/wp-content\\\/uploads\\\/2021\\\/01\\\/cropped-logoUnitGames2.png\",\"width\":152,\"height\":200,\"caption\":\"UnitGames\"},\"image\":{\"@id\":\"https:\\\/\\\/unitgames.com.ar\\\/pc-gamer\\\/#\\\/schema\\\/logo\\\/image\\\/\"}}]}<\/script>\n<!-- \/ Yoast SEO plugin. -->","yoast_head_json":{"title":"Teclado Magnetico Redragon Fidd 8K 60% RGB USB - UnitGames","robots":{"index":"index","follow":"follow","max-snippet":"max-snippet:-1","max-image-preview":"max-image-preview:large","max-video-preview":"max-video-preview:-1"},"canonical":"https:\/\/unitgames.com.ar\/pc-gamer\/producto\/teclado-magnetico-redragon-fidd-8k-60-rgb-usb\/","og_locale":"es_ES","og_type":"article","og_title":"Teclado Magnetico Redragon Fidd 8K 60% RGB USB - UnitGames","og_description":"Marca :\u00a0Redragon Modelo :\u00a0Fidd K683WBO-RGB-M P\/N :\u00a0K683WBO-RGB-M UPC\/EAN :\u00a06950376724939 Color :\u00a0Blanco\/Azul\/Naranja Peso :\u00a00.565 kg Distribuci\u00f3n :\u00a0Ingl\u00e9s Tama\u00f1o del enter :\u00a0Rectangular peque\u00f1o (asumido por distribuci\u00f3n inglesa) Retroiluminaci\u00f3n del teclado :\u00a0RGB Chroma Switch :\u00a0Redragon Aqua-white, lineal sin click audible, distancia de actuaci\u00f3n variable Conectividad del teclado :\u00a0Cable engomado USB-C a USB-A extra\u00edble Keycaps adicionales :\u00a0Keycaps PBT de inyecci\u00f3n doble, formato OEM Rollover del teclado :\u00a0100% Anti-Ghosting con Full Key Rollover Tama\u00f1o (Full \/ TKL) :\u00a0Compacto 60% Bloqueo de Windows :\u00a0S\u00ed Controles de medios :\u00a0No Reposamu\u00f1ecas :\u00a0No Tipo de cable del teclado :\u00a0Cable engomado USB-C a USB-A extra\u00edble Dimensiones :\u00a029.1 x 10.4 x 3.4 cm Luz de Bloq Mayus :\u00a0No","og_url":"https:\/\/unitgames.com.ar\/pc-gamer\/producto\/teclado-magnetico-redragon-fidd-8k-60-rgb-usb\/","og_site_name":"UnitGames","article_modified_time":"2026-02-26T13:16:28+00:00","og_image":[{"width":1284,"height":1285,"url":"https:\/\/unitgames.com.ar\/pc-gamer\/wp-content\/uploads\/2025\/02\/Magnetico-Redragon-K683-Fidd-8K-60-RGB-USB-C.png","type":"image\/png"}],"twitter_card":"summary_large_image","twitter_misc":{"Tiempo de lectura":"1 minuto"},"schema":{"@context":"https:\/\/schema.org","@graph":[{"@type":"WebPage","@id":"https:\/\/unitgames.com.ar\/pc-gamer\/producto\/teclado-magnetico-redragon-fidd-8k-60-rgb-usb\/","url":"https:\/\/unitgames.com.ar\/pc-gamer\/producto\/teclado-magnetico-redragon-fidd-8k-60-rgb-usb\/","name":"Teclado Magnetico Redragon Fidd 8K 60% RGB USB - UnitGames","isPartOf":{"@id":"https:\/\/unitgames.com.ar\/pc-gamer\/#website"},"primaryImageOfPage":{"@id":"https:\/\/unitgames.com.ar\/pc-gamer\/producto\/teclado-magnetico-redragon-fidd-8k-60-rgb-usb\/#primaryimage"},"image":{"@id":"https:\/\/unitgames.com.ar\/pc-gamer\/producto\/teclado-magnetico-redragon-fidd-8k-60-rgb-usb\/#primaryimage"},"thumbnailUrl":"https:\/\/unitgames.com.ar\/pc-gamer\/wp-content\/uploads\/2025\/02\/Magnetico-Redragon-K683-Fidd-8K-60-RGB-USB-C.png","datePublished":"2025-02-18T03:36:07+00:00","dateModified":"2026-02-26T13:16:28+00:00","breadcrumb":{"@id":"https:\/\/unitgames.com.ar\/pc-gamer\/producto\/teclado-magnetico-redragon-fidd-8k-60-rgb-usb\/#breadcrumb"},"inLanguage":"es","potentialAction":[{"@type":"ReadAction","target":["https:\/\/unitgames.com.ar\/pc-gamer\/producto\/teclado-magnetico-redragon-fidd-8k-60-rgb-usb\/"]}]},{"@type":"ImageObject","inLanguage":"es","@id":"https:\/\/unitgames.com.ar\/pc-gamer\/producto\/teclado-magnetico-redragon-fidd-8k-60-rgb-usb\/#primaryimage","url":"https:\/\/unitgames.com.ar\/pc-gamer\/wp-content\/uploads\/2025\/02\/Magnetico-Redragon-K683-Fidd-8K-60-RGB-USB-C.png","contentUrl":"https:\/\/unitgames.com.ar\/pc-gamer\/wp-content\/uploads\/2025\/02\/Magnetico-Redragon-K683-Fidd-8K-60-RGB-USB-C.png","width":1284,"height":1285},{"@type":"BreadcrumbList","@id":"https:\/\/unitgames.com.ar\/pc-gamer\/producto\/teclado-magnetico-redragon-fidd-8k-60-rgb-usb\/#breadcrumb","itemListElement":[{"@type":"ListItem","position":1,"name":"Tienda","item":"https:\/\/unitgames.com.ar\/pc-gamer\/tienda\/"},{"@type":"ListItem","position":2,"name":"Teclado Magnetico Redragon Fidd 8K 60% RGB USB"}]},{"@type":"WebSite","@id":"https:\/\/unitgames.com.ar\/pc-gamer\/#website","url":"https:\/\/unitgames.com.ar\/pc-gamer\/","name":"UnitGames","description":"Venta de PC Gamers, Consolas , Servicio Tecnico Especializado. Todos en Accesorios Informaticos y Gamers","publisher":{"@id":"https:\/\/unitgames.com.ar\/pc-gamer\/#organization"},"potentialAction":[{"@type":"SearchAction","target":{"@type":"EntryPoint","urlTemplate":"https:\/\/unitgames.com.ar\/pc-gamer\/?s={search_term_string}"},"query-input":{"@type":"PropertyValueSpecification","valueRequired":true,"valueName":"search_term_string"}}],"inLanguage":"es"},{"@type":"Organization","@id":"https:\/\/unitgames.com.ar\/pc-gamer\/#organization","name":"UnitGames","url":"https:\/\/unitgames.com.ar\/pc-gamer\/","logo":{"@type":"ImageObject","inLanguage":"es","@id":"https:\/\/unitgames.com.ar\/pc-gamer\/#\/schema\/logo\/image\/","url":"https:\/\/unitgames.com.ar\/pc-gamer\/wp-content\/uploads\/2021\/01\/cropped-logoUnitGames2.png","contentUrl":"https:\/\/unitgames.com.ar\/pc-gamer\/wp-content\/uploads\/2021\/01\/cropped-logoUnitGames2.png","width":152,"height":200,"caption":"UnitGames"},"image":{"@id":"https:\/\/unitgames.com.ar\/pc-gamer\/#\/schema\/logo\/image\/"}}]}},"_links":{"self":[{"href":"https:\/\/unitgames.com.ar\/pc-gamer\/wp-json\/wp\/v2\/product\/12795","targetHints":{"allow":["GET"]}}],"collection":[{"href":"https:\/\/unitgames.com.ar\/pc-gamer\/wp-json\/wp\/v2\/product"}],"about":[{"href":"https:\/\/unitgames.com.ar\/pc-gamer\/wp-json\/wp\/v2\/types\/product"}],"version-history":[{"count":0,"href":"https:\/\/unitgames.com.ar\/pc-gamer\/wp-json\/wp\/v2\/product\/12795\/revisions"}],"wp:featuredmedia":[{"embeddable":true,"href":"https:\/\/unitgames.com.ar\/pc-gamer\/wp-json\/wp\/v2\/media\/12796"}],"wp:attachment":[{"href":"https:\/\/unitgames.com.ar\/pc-gamer\/wp-json\/wp\/v2\/media?parent=12795"}],"wp:term":[{"taxonomy":"product_brand","embeddable":true,"href":"https:\/\/unitgames.com.ar\/pc-gamer\/wp-json\/wp\/v2\/product_brand?post=12795"},{"taxonomy":"product_cat","embeddable":true,"href":"https:\/\/unitgames.com.ar\/pc-gamer\/wp-json\/wp\/v2\/product_cat?post=12795"},{"taxonomy":"product_tag","embeddable":true,"href":"https:\/\/unitgames.com.ar\/pc-gamer\/wp-json\/wp\/v2\/product_tag?post=12795"}],"curies":[{"name":"wp","href":"https:\/\/api.w.org\/{rel}","templated":true}]}}