{"id":12803,"date":"2025-02-18T03:40:13","date_gmt":"2025-02-18T03:40:13","guid":{"rendered":"https:\/\/unitgames.com.ar\/pc-gamer\/?post_type=product&#038;p=12803"},"modified":"2026-01-17T10:42:40","modified_gmt":"2026-01-17T13:42:40","slug":"web-cam-redragon-fobos","status":"publish","type":"product","link":"https:\/\/unitgames.com.ar\/pc-gamer\/producto\/web-cam-redragon-fobos\/","title":{"rendered":"Web Cam REDRAGON Fobos"},"content":{"rendered":"<div class=\"spec\"><span class=\"title\">Control autom\u00e1tico: <\/span><span class=\"value\">Saturaci\u00f3n, contraste, agudeza, balance de blancos, exposici\u00f3n.<\/span><\/div>\n<div class=\"spec\"><span class=\"title\">Compatibilidad: <\/span><span class=\"value\">Win XP (SP2, SP3), VISTA, Win 7,8,10, Linux o Mac OS con driver UVC.<\/span><\/div>\n<div class=\"spec\"><span class=\"title\">Tama\u00f1o del lente: <\/span><span class=\"value\">1\/4\u201d.<\/span><\/div>\n<div class=\"spec\"><span class=\"title\">P\u00edxeles efectivos: <\/span><span class=\"value\">1296 x 732.<\/span><\/div>\n<div class=\"spec\"><span class=\"title\">Formato de datos: <\/span><span class=\"value\">MJPEG\/YUY2.<\/span><\/div>\n<div class=\"spec\"><span class=\"title\">Tama\u00f1o de pixel: <\/span><span class=\"value\">3.0\u03bcm x 3.0\u03bcm.<\/span><\/div>\n<div class=\"spec\"><\/div>\n<div class=\"spec\"><span class=\"title\">\u00c1ngulo de visi\u00f3n del lente: <\/span><span class=\"value\">D = 68,6\u00b0.<\/span><\/div>\n<div class=\"spec\"><span class=\"title\">Longitud \u00f3ptica: <\/span><span class=\"value\">7,8 mm \u00b10.1.<\/span><\/div>\n<div class=\"spec\"><span class=\"title\">Sistema de enfoque: <\/span><span class=\"value\">Fixed focus.<\/span><\/div>\n<div class=\"spec\"><span class=\"title\">Rango de enfoque: <\/span><span class=\"value\">50 cm &#8211; infinito.<\/span><\/div>\n<div class=\"spec\"><span class=\"title\">Cuadros por segundo: <\/span><span class=\"value\">720P 30fps max.<\/span><\/div>\n","protected":false},"excerpt":{"rendered":"<p>Control autom\u00e1tico: Saturaci\u00f3n, contraste, agudeza, balance de blancos, exposici\u00f3n. Compatibilidad: Win XP (SP2, SP3), VISTA, Win 7,8,10, Linux o Mac OS con driver UVC. Tama\u00f1o del lente: 1\/4\u201d. P\u00edxeles efectivos: 1296 x 732. Formato de datos: MJPEG\/YUY2. Tama\u00f1o de pixel: 3.0\u03bcm x 3.0\u03bcm. \u00c1ngulo de visi\u00f3n del lente: D = 68,6\u00b0. Longitud \u00f3ptica: 7,8 mm \u00b10.1. Sistema de enfoque: Fixed focus. Rango de enfoque: 50 cm &#8211; infinito. Cuadros por segundo: 720P 30fps max.<\/p>\n","protected":false},"featured_media":12804,"template":"","meta":{"site-sidebar-layout":"default","site-content-layout":"","ast-site-content-layout":"default","site-content-style":"default","site-sidebar-style":"default","ast-global-header-display":"","ast-banner-title-visibility":"","ast-main-header-display":"","ast-hfb-above-header-display":"","ast-hfb-below-header-display":"","ast-hfb-mobile-header-display":"","site-post-title":"","ast-breadcrumbs-content":"","ast-featured-img":"","footer-sml-layout":"","theme-transparent-header-meta":"","adv-header-id-meta":"","stick-header-meta":"","header-above-stick-meta":"","header-main-stick-meta":"","header-below-stick-meta":"","astra-migrate-meta-layouts":"default","ast-page-background-enabled":"default","ast-page-background-meta":{"desktop":{"background-color":"var(--ast-global-color-5)","background-image":"","background-repeat":"repeat","background-position":"center center","background-size":"auto","background-attachment":"scroll","background-type":"","background-media":"","overlay-type":"","overlay-color":"","overlay-opacity":"","overlay-gradient":""},"tablet":{"background-color":"","background-image":"","background-repeat":"repeat","background-position":"center center","background-size":"auto","background-attachment":"scroll","background-type":"","background-media":"","overlay-type":"","overlay-color":"","overlay-opacity":"","overlay-gradient":""},"mobile":{"background-color":"","background-image":"","background-repeat":"repeat","background-position":"center center","background-size":"auto","background-attachment":"scroll","background-type":"","background-media":"","overlay-type":"","overlay-color":"","overlay-opacity":"","overlay-gradient":""}},"ast-content-background-meta":{"desktop":{"background-color":"var(--ast-global-color-4)","background-image":"","background-repeat":"repeat","background-position":"center center","background-size":"auto","background-attachment":"scroll","background-type":"","background-media":"","overlay-type":"","overlay-color":"","overlay-opacity":"","overlay-gradient":""},"tablet":{"background-color":"var(--ast-global-color-4)","background-image":"","background-repeat":"repeat","background-position":"center center","background-size":"auto","background-attachment":"scroll","background-type":"","background-media":"","overlay-type":"","overlay-color":"","overlay-opacity":"","overlay-gradient":""},"mobile":{"background-color":"var(--ast-global-color-4)","background-image":"","background-repeat":"repeat","background-position":"center center","background-size":"auto","background-attachment":"scroll","background-type":"","background-media":"","overlay-type":"","overlay-color":"","overlay-opacity":"","overlay-gradient":""}},"_joinchat":[]},"product_brand":[],"product_cat":[97],"product_tag":[],"class_list":{"0":"post-12803","1":"product","2":"type-product","3":"status-publish","4":"has-post-thumbnail","6":"product_cat-webcam","7":"desktop-align-center","8":"tablet-align-left","9":"mobile-align-left","11":"first","12":"instock","13":"shipping-taxable","14":"purchasable","15":"product-type-simple"},"yoast_head":"<!-- This site is optimized with the Yoast SEO plugin v27.3 - https:\/\/yoast.com\/product\/yoast-seo-wordpress\/ -->\n<title>Web Cam REDRAGON Fobos - UnitGames<\/title>\n<meta name=\"robots\" content=\"index, follow, max-snippet:-1, max-image-preview:large, max-video-preview:-1\" \/>\n<link rel=\"canonical\" href=\"https:\/\/unitgames.com.ar\/pc-gamer\/producto\/web-cam-redragon-fobos\/\" \/>\n<meta property=\"og:locale\" content=\"es_ES\" \/>\n<meta property=\"og:type\" content=\"article\" \/>\n<meta property=\"og:title\" content=\"Web Cam REDRAGON Fobos - UnitGames\" \/>\n<meta property=\"og:description\" content=\"Control autom\u00e1tico: Saturaci\u00f3n, contraste, agudeza, balance de blancos, exposici\u00f3n. Compatibilidad: Win XP (SP2, SP3), VISTA, Win 7,8,10, Linux o Mac OS con driver UVC. Tama\u00f1o del lente: 1\/4\u201d. P\u00edxeles efectivos: 1296 x 732. Formato de datos: MJPEG\/YUY2. Tama\u00f1o de pixel: 3.0\u03bcm x 3.0\u03bcm. \u00c1ngulo de visi\u00f3n del lente: D = 68,6\u00b0. Longitud \u00f3ptica: 7,8 mm \u00b10.1. Sistema de enfoque: Fixed focus. Rango de enfoque: 50 cm &#8211; infinito. Cuadros por segundo: 720P 30fps max.\" \/>\n<meta property=\"og:url\" content=\"https:\/\/unitgames.com.ar\/pc-gamer\/producto\/web-cam-redragon-fobos\/\" \/>\n<meta property=\"og:site_name\" content=\"UnitGames\" \/>\n<meta property=\"article:modified_time\" content=\"2026-01-17T13:42:40+00:00\" \/>\n<meta property=\"og:image\" content=\"https:\/\/unitgames.com.ar\/pc-gamer\/wp-content\/uploads\/2025\/02\/Web-Cam-REDRAGON-Fobos.png\" \/>\n\t<meta property=\"og:image:width\" content=\"1263\" \/>\n\t<meta property=\"og:image:height\" content=\"1285\" \/>\n\t<meta property=\"og:image:type\" content=\"image\/png\" \/>\n<meta name=\"twitter:card\" content=\"summary_large_image\" \/>\n<meta name=\"twitter:label1\" content=\"Tiempo de lectura\" \/>\n\t<meta name=\"twitter:data1\" content=\"1 minuto\" \/>\n<script type=\"application\/ld+json\" class=\"yoast-schema-graph\">{\"@context\":\"https:\\\/\\\/schema.org\",\"@graph\":[{\"@type\":\"WebPage\",\"@id\":\"https:\\\/\\\/unitgames.com.ar\\\/pc-gamer\\\/producto\\\/web-cam-redragon-fobos\\\/\",\"url\":\"https:\\\/\\\/unitgames.com.ar\\\/pc-gamer\\\/producto\\\/web-cam-redragon-fobos\\\/\",\"name\":\"Web Cam REDRAGON Fobos - UnitGames\",\"isPartOf\":{\"@id\":\"https:\\\/\\\/unitgames.com.ar\\\/pc-gamer\\\/#website\"},\"primaryImageOfPage\":{\"@id\":\"https:\\\/\\\/unitgames.com.ar\\\/pc-gamer\\\/producto\\\/web-cam-redragon-fobos\\\/#primaryimage\"},\"image\":{\"@id\":\"https:\\\/\\\/unitgames.com.ar\\\/pc-gamer\\\/producto\\\/web-cam-redragon-fobos\\\/#primaryimage\"},\"thumbnailUrl\":\"https:\\\/\\\/unitgames.com.ar\\\/pc-gamer\\\/wp-content\\\/uploads\\\/2025\\\/02\\\/Web-Cam-REDRAGON-Fobos.png\",\"datePublished\":\"2025-02-18T03:40:13+00:00\",\"dateModified\":\"2026-01-17T13:42:40+00:00\",\"breadcrumb\":{\"@id\":\"https:\\\/\\\/unitgames.com.ar\\\/pc-gamer\\\/producto\\\/web-cam-redragon-fobos\\\/#breadcrumb\"},\"inLanguage\":\"es\",\"potentialAction\":[{\"@type\":\"ReadAction\",\"target\":[\"https:\\\/\\\/unitgames.com.ar\\\/pc-gamer\\\/producto\\\/web-cam-redragon-fobos\\\/\"]}]},{\"@type\":\"ImageObject\",\"inLanguage\":\"es\",\"@id\":\"https:\\\/\\\/unitgames.com.ar\\\/pc-gamer\\\/producto\\\/web-cam-redragon-fobos\\\/#primaryimage\",\"url\":\"https:\\\/\\\/unitgames.com.ar\\\/pc-gamer\\\/wp-content\\\/uploads\\\/2025\\\/02\\\/Web-Cam-REDRAGON-Fobos.png\",\"contentUrl\":\"https:\\\/\\\/unitgames.com.ar\\\/pc-gamer\\\/wp-content\\\/uploads\\\/2025\\\/02\\\/Web-Cam-REDRAGON-Fobos.png\",\"width\":1263,\"height\":1285},{\"@type\":\"BreadcrumbList\",\"@id\":\"https:\\\/\\\/unitgames.com.ar\\\/pc-gamer\\\/producto\\\/web-cam-redragon-fobos\\\/#breadcrumb\",\"itemListElement\":[{\"@type\":\"ListItem\",\"position\":1,\"name\":\"Tienda\",\"item\":\"https:\\\/\\\/unitgames.com.ar\\\/pc-gamer\\\/tienda\\\/\"},{\"@type\":\"ListItem\",\"position\":2,\"name\":\"Web Cam REDRAGON Fobos\"}]},{\"@type\":\"WebSite\",\"@id\":\"https:\\\/\\\/unitgames.com.ar\\\/pc-gamer\\\/#website\",\"url\":\"https:\\\/\\\/unitgames.com.ar\\\/pc-gamer\\\/\",\"name\":\"UnitGames\",\"description\":\"Venta de PC Gamers, Consolas , Servicio Tecnico Especializado. Todos en Accesorios Informaticos y Gamers\",\"publisher\":{\"@id\":\"https:\\\/\\\/unitgames.com.ar\\\/pc-gamer\\\/#organization\"},\"potentialAction\":[{\"@type\":\"SearchAction\",\"target\":{\"@type\":\"EntryPoint\",\"urlTemplate\":\"https:\\\/\\\/unitgames.com.ar\\\/pc-gamer\\\/?s={search_term_string}\"},\"query-input\":{\"@type\":\"PropertyValueSpecification\",\"valueRequired\":true,\"valueName\":\"search_term_string\"}}],\"inLanguage\":\"es\"},{\"@type\":\"Organization\",\"@id\":\"https:\\\/\\\/unitgames.com.ar\\\/pc-gamer\\\/#organization\",\"name\":\"UnitGames\",\"url\":\"https:\\\/\\\/unitgames.com.ar\\\/pc-gamer\\\/\",\"logo\":{\"@type\":\"ImageObject\",\"inLanguage\":\"es\",\"@id\":\"https:\\\/\\\/unitgames.com.ar\\\/pc-gamer\\\/#\\\/schema\\\/logo\\\/image\\\/\",\"url\":\"https:\\\/\\\/unitgames.com.ar\\\/pc-gamer\\\/wp-content\\\/uploads\\\/2021\\\/01\\\/cropped-logoUnitGames2.png\",\"contentUrl\":\"https:\\\/\\\/unitgames.com.ar\\\/pc-gamer\\\/wp-content\\\/uploads\\\/2021\\\/01\\\/cropped-logoUnitGames2.png\",\"width\":152,\"height\":200,\"caption\":\"UnitGames\"},\"image\":{\"@id\":\"https:\\\/\\\/unitgames.com.ar\\\/pc-gamer\\\/#\\\/schema\\\/logo\\\/image\\\/\"}}]}<\/script>\n<!-- \/ Yoast SEO plugin. -->","yoast_head_json":{"title":"Web Cam REDRAGON Fobos - UnitGames","robots":{"index":"index","follow":"follow","max-snippet":"max-snippet:-1","max-image-preview":"max-image-preview:large","max-video-preview":"max-video-preview:-1"},"canonical":"https:\/\/unitgames.com.ar\/pc-gamer\/producto\/web-cam-redragon-fobos\/","og_locale":"es_ES","og_type":"article","og_title":"Web Cam REDRAGON Fobos - UnitGames","og_description":"Control autom\u00e1tico: Saturaci\u00f3n, contraste, agudeza, balance de blancos, exposici\u00f3n. Compatibilidad: Win XP (SP2, SP3), VISTA, Win 7,8,10, Linux o Mac OS con driver UVC. Tama\u00f1o del lente: 1\/4\u201d. P\u00edxeles efectivos: 1296 x 732. Formato de datos: MJPEG\/YUY2. Tama\u00f1o de pixel: 3.0\u03bcm x 3.0\u03bcm. \u00c1ngulo de visi\u00f3n del lente: D = 68,6\u00b0. Longitud \u00f3ptica: 7,8 mm \u00b10.1. Sistema de enfoque: Fixed focus. Rango de enfoque: 50 cm &#8211; infinito. Cuadros por segundo: 720P 30fps max.","og_url":"https:\/\/unitgames.com.ar\/pc-gamer\/producto\/web-cam-redragon-fobos\/","og_site_name":"UnitGames","article_modified_time":"2026-01-17T13:42:40+00:00","og_image":[{"width":1263,"height":1285,"url":"https:\/\/unitgames.com.ar\/pc-gamer\/wp-content\/uploads\/2025\/02\/Web-Cam-REDRAGON-Fobos.png","type":"image\/png"}],"twitter_card":"summary_large_image","twitter_misc":{"Tiempo de lectura":"1 minuto"},"schema":{"@context":"https:\/\/schema.org","@graph":[{"@type":"WebPage","@id":"https:\/\/unitgames.com.ar\/pc-gamer\/producto\/web-cam-redragon-fobos\/","url":"https:\/\/unitgames.com.ar\/pc-gamer\/producto\/web-cam-redragon-fobos\/","name":"Web Cam REDRAGON Fobos - UnitGames","isPartOf":{"@id":"https:\/\/unitgames.com.ar\/pc-gamer\/#website"},"primaryImageOfPage":{"@id":"https:\/\/unitgames.com.ar\/pc-gamer\/producto\/web-cam-redragon-fobos\/#primaryimage"},"image":{"@id":"https:\/\/unitgames.com.ar\/pc-gamer\/producto\/web-cam-redragon-fobos\/#primaryimage"},"thumbnailUrl":"https:\/\/unitgames.com.ar\/pc-gamer\/wp-content\/uploads\/2025\/02\/Web-Cam-REDRAGON-Fobos.png","datePublished":"2025-02-18T03:40:13+00:00","dateModified":"2026-01-17T13:42:40+00:00","breadcrumb":{"@id":"https:\/\/unitgames.com.ar\/pc-gamer\/producto\/web-cam-redragon-fobos\/#breadcrumb"},"inLanguage":"es","potentialAction":[{"@type":"ReadAction","target":["https:\/\/unitgames.com.ar\/pc-gamer\/producto\/web-cam-redragon-fobos\/"]}]},{"@type":"ImageObject","inLanguage":"es","@id":"https:\/\/unitgames.com.ar\/pc-gamer\/producto\/web-cam-redragon-fobos\/#primaryimage","url":"https:\/\/unitgames.com.ar\/pc-gamer\/wp-content\/uploads\/2025\/02\/Web-Cam-REDRAGON-Fobos.png","contentUrl":"https:\/\/unitgames.com.ar\/pc-gamer\/wp-content\/uploads\/2025\/02\/Web-Cam-REDRAGON-Fobos.png","width":1263,"height":1285},{"@type":"BreadcrumbList","@id":"https:\/\/unitgames.com.ar\/pc-gamer\/producto\/web-cam-redragon-fobos\/#breadcrumb","itemListElement":[{"@type":"ListItem","position":1,"name":"Tienda","item":"https:\/\/unitgames.com.ar\/pc-gamer\/tienda\/"},{"@type":"ListItem","position":2,"name":"Web Cam REDRAGON Fobos"}]},{"@type":"WebSite","@id":"https:\/\/unitgames.com.ar\/pc-gamer\/#website","url":"https:\/\/unitgames.com.ar\/pc-gamer\/","name":"UnitGames","description":"Venta de PC Gamers, Consolas , Servicio Tecnico Especializado. Todos en Accesorios Informaticos y Gamers","publisher":{"@id":"https:\/\/unitgames.com.ar\/pc-gamer\/#organization"},"potentialAction":[{"@type":"SearchAction","target":{"@type":"EntryPoint","urlTemplate":"https:\/\/unitgames.com.ar\/pc-gamer\/?s={search_term_string}"},"query-input":{"@type":"PropertyValueSpecification","valueRequired":true,"valueName":"search_term_string"}}],"inLanguage":"es"},{"@type":"Organization","@id":"https:\/\/unitgames.com.ar\/pc-gamer\/#organization","name":"UnitGames","url":"https:\/\/unitgames.com.ar\/pc-gamer\/","logo":{"@type":"ImageObject","inLanguage":"es","@id":"https:\/\/unitgames.com.ar\/pc-gamer\/#\/schema\/logo\/image\/","url":"https:\/\/unitgames.com.ar\/pc-gamer\/wp-content\/uploads\/2021\/01\/cropped-logoUnitGames2.png","contentUrl":"https:\/\/unitgames.com.ar\/pc-gamer\/wp-content\/uploads\/2021\/01\/cropped-logoUnitGames2.png","width":152,"height":200,"caption":"UnitGames"},"image":{"@id":"https:\/\/unitgames.com.ar\/pc-gamer\/#\/schema\/logo\/image\/"}}]}},"_links":{"self":[{"href":"https:\/\/unitgames.com.ar\/pc-gamer\/wp-json\/wp\/v2\/product\/12803","targetHints":{"allow":["GET"]}}],"collection":[{"href":"https:\/\/unitgames.com.ar\/pc-gamer\/wp-json\/wp\/v2\/product"}],"about":[{"href":"https:\/\/unitgames.com.ar\/pc-gamer\/wp-json\/wp\/v2\/types\/product"}],"version-history":[{"count":0,"href":"https:\/\/unitgames.com.ar\/pc-gamer\/wp-json\/wp\/v2\/product\/12803\/revisions"}],"wp:featuredmedia":[{"embeddable":true,"href":"https:\/\/unitgames.com.ar\/pc-gamer\/wp-json\/wp\/v2\/media\/12804"}],"wp:attachment":[{"href":"https:\/\/unitgames.com.ar\/pc-gamer\/wp-json\/wp\/v2\/media?parent=12803"}],"wp:term":[{"taxonomy":"product_brand","embeddable":true,"href":"https:\/\/unitgames.com.ar\/pc-gamer\/wp-json\/wp\/v2\/product_brand?post=12803"},{"taxonomy":"product_cat","embeddable":true,"href":"https:\/\/unitgames.com.ar\/pc-gamer\/wp-json\/wp\/v2\/product_cat?post=12803"},{"taxonomy":"product_tag","embeddable":true,"href":"https:\/\/unitgames.com.ar\/pc-gamer\/wp-json\/wp\/v2\/product_tag?post=12803"}],"curies":[{"name":"wp","href":"https:\/\/api.w.org\/{rel}","templated":true}]}}