{"id":12812,"date":"2025-02-18T03:49:13","date_gmt":"2025-02-18T03:49:13","guid":{"rendered":"https:\/\/unitgames.com.ar\/pc-gamer\/?post_type=product&#038;p=12812"},"modified":"2026-01-09T07:16:20","modified_gmt":"2026-01-09T10:16:20","slug":"joystick-t-scorpio-pc360-ps4-inalambrico-white","status":"publish","type":"product","link":"https:\/\/unitgames.com.ar\/pc-gamer\/producto\/joystick-t-scorpio-pc360-ps4-inalambrico-white\/","title":{"rendered":"Joystick T-Scorpio PC360\/PS4 Inalambrico White"},"content":{"rendered":"<h2 class=\"ui-pdp-description__title\" data-testid=\"title\">Descripci\u00f3n<\/h2>\n<p class=\"ui-pdp-description__content\" data-testid=\"content\">T-Dagger Scorpio T-TGP802<br \/>\n!El control que necesitas para romperla!<\/p>\n<p>Especificaciones t\u00e9cnicas<br \/>\nTipo de conexi\u00f3n: Bluetooth y Cableada.<br \/>\nCompatible con: PS4, PC Xinput (X360)<br \/>\nInterfaz: Bluetooth, opcional USB en PC.<br \/>\nBotones: 10 + 2 Sticks.<br \/>\nBumpers L1\/R1: 2 tipo bot\u00f3n.<br \/>\nTriggers LT\/RT: 2, sensitivos y capacitivos.<br \/>\nD-Pad: 8 v\u00edas.<br \/>\nVibraci\u00f3n: 2 motores de vibraci\u00f3n para force-feedback.<br \/>\nFuente de alimentaci\u00f3n: Bater\u00eda interna de Li-Ion, hasta 24 hrs de uso continuo.<br \/>\nTama\u00f1o: 160 x 105 x 55 mm.<br \/>\nPeso: 197,8 g.<\/p>\n<p>LA REVANCHA ES TUYA<br \/>\nDigamos la verdad: cuanto m\u00e1s cercana es una persona, cuanto m\u00e1s compartimos con ella nuestras vidas, m\u00e1s intensamente queremos competir contra ella y ganarle, sea en MK, en Fifa o cualquiera de todos los juegos de versus que existieron, existen y existir\u00e1n. As\u00ed de elemental es la naturaleza humana, y t\u00fa no eres la excepci\u00f3n.<\/p>\n<p>MU\u00c9VETE CON LIBERTAD<br \/>\nEl Scorpio cuenta con dos posibilidades de conexi\u00f3n: inal\u00e1mbrica Bluetooth y cableada USB, lo que te permite disfrutar al m\u00e1ximo la libertad de movimiento del wireless y, si te olvidaste de cargar la bater\u00eda, recurrir a la opci\u00f3n del cable sin necesidad de interrumpir los duelos.<br \/>\nAdem\u00e1s, para impedir que te pongan excusas del tipo \u201cyo no juego en consolas, PC Master Race\u201d, el Scorpio es compatible con PS4 como con PC en modalidad XInput. Hablen en la cancha.<\/p>\n<p>SIENTE EL JUEGO<br \/>\nRelaja las manos; d\u00e9jalas hacer lo suyo. El Scorpio cuenta con gatillos sensitivos que te permiten controlar con exactitud la fuerza del movimiento, ya que son sensibles al nivel de profundidad de la activaci\u00f3n.<br \/>\nEst\u00e1 equipado, adem\u00e1s, con dos motores internos de force-feedback que aportan esa sensaci\u00f3n t\u00e1ctil incomparable que es la vibraci\u00f3n.<br \/>\nY para hacer la experiencia completa: panel t\u00e1ctil y conector de audio de 3,5 mm. Todo est\u00e1 ah\u00ed.<\/p>\n<p>\u00c9NTRALE DURO<br \/>\nPorque no ignoramos que, a veces, los duelos mano a mano pueden extenderse un poco, y un poco mucho, el Scorpio est\u00e1 provisto de una bater\u00eda interna de Li-Ion que es capaz de otorgar hasta 24 hs de uso continuo.<br \/>\n\u00c9ntrale duro, descansa, ejerc\u00edtate, vuelve luego; el Scorpio seguir\u00e1 ah\u00ed ma\u00f1ana con la misma sed de revancha.<\/p>\n","protected":false},"excerpt":{"rendered":"<p>Descripci\u00f3n T-Dagger Scorpio T-TGP802 !El control que necesitas para romperla! Especificaciones t\u00e9cnicas Tipo de conexi\u00f3n: Bluetooth y Cableada. Compatible con: PS4, PC Xinput (X360) Interfaz: Bluetooth, opcional USB en PC. Botones: 10 + 2 Sticks. Bumpers L1\/R1: 2 tipo bot\u00f3n. Triggers LT\/RT: 2, sensitivos y capacitivos. D-Pad: 8 v\u00edas. Vibraci\u00f3n: 2 motores de vibraci\u00f3n para force-feedback. Fuente de alimentaci\u00f3n: Bater\u00eda interna de Li-Ion, hasta 24 hrs de uso continuo. Tama\u00f1o: 160 x 105 x 55 mm. Peso: 197,8 g. LA REVANCHA ES TUYA Digamos la verdad: cuanto m\u00e1s cercana es una persona, cuanto m\u00e1s compartimos con ella nuestras vidas, m\u00e1s intensamente queremos competir contra ella y ganarle, sea en MK, en Fifa o cualquiera de todos los juegos de versus que existieron, existen y existir\u00e1n. As\u00ed de elemental es la naturaleza humana, y t\u00fa no eres la excepci\u00f3n. MU\u00c9VETE CON LIBERTAD El Scorpio cuenta con dos posibilidades de conexi\u00f3n: inal\u00e1mbrica Bluetooth y cableada USB, lo que te permite disfrutar al m\u00e1ximo la libertad de movimiento del wireless y, si te olvidaste de cargar la bater\u00eda, recurrir a la opci\u00f3n del cable sin necesidad de interrumpir los duelos. Adem\u00e1s, para impedir que te pongan excusas del tipo \u201cyo no juego en consolas, PC Master Race\u201d, el Scorpio es compatible con PS4 como con PC en modalidad XInput. Hablen en la cancha. SIENTE EL JUEGO Relaja las manos; d\u00e9jalas hacer lo suyo. El Scorpio cuenta con gatillos sensitivos que te permiten controlar con exactitud la fuerza del movimiento, ya que son sensibles al nivel de profundidad de la activaci\u00f3n. Est\u00e1 equipado, adem\u00e1s, con dos motores internos de force-feedback que aportan esa sensaci\u00f3n t\u00e1ctil incomparable que es la vibraci\u00f3n. Y para hacer la experiencia completa: panel t\u00e1ctil y conector de audio de 3,5 mm. Todo est\u00e1 ah\u00ed. \u00c9NTRALE DURO Porque no ignoramos que, a veces, los duelos mano a mano pueden extenderse un poco, y un poco mucho, el Scorpio est\u00e1 provisto de una bater\u00eda interna de Li-Ion que es capaz de otorgar hasta 24 hs de uso continuo. \u00c9ntrale duro, descansa, ejerc\u00edtate, vuelve luego; el Scorpio seguir\u00e1 ah\u00ed ma\u00f1ana con la misma sed de revancha.<\/p>\n","protected":false},"featured_media":12813,"template":"","meta":{"site-sidebar-layout":"default","site-content-layout":"","ast-site-content-layout":"default","site-content-style":"default","site-sidebar-style":"default","ast-global-header-display":"","ast-banner-title-visibility":"","ast-main-header-display":"","ast-hfb-above-header-display":"","ast-hfb-below-header-display":"","ast-hfb-mobile-header-display":"","site-post-title":"","ast-breadcrumbs-content":"","ast-featured-img":"","footer-sml-layout":"","theme-transparent-header-meta":"","adv-header-id-meta":"","stick-header-meta":"","header-above-stick-meta":"","header-main-stick-meta":"","header-below-stick-meta":"","astra-migrate-meta-layouts":"default","ast-page-background-enabled":"default","ast-page-background-meta":{"desktop":{"background-color":"var(--ast-global-color-5)","background-image":"","background-repeat":"repeat","background-position":"center center","background-size":"auto","background-attachment":"scroll","background-type":"","background-media":"","overlay-type":"","overlay-color":"","overlay-opacity":"","overlay-gradient":""},"tablet":{"background-color":"","background-image":"","background-repeat":"repeat","background-position":"center center","background-size":"auto","background-attachment":"scroll","background-type":"","background-media":"","overlay-type":"","overlay-color":"","overlay-opacity":"","overlay-gradient":""},"mobile":{"background-color":"","background-image":"","background-repeat":"repeat","background-position":"center center","background-size":"auto","background-attachment":"scroll","background-type":"","background-media":"","overlay-type":"","overlay-color":"","overlay-opacity":"","overlay-gradient":""}},"ast-content-background-meta":{"desktop":{"background-color":"var(--ast-global-color-4)","background-image":"","background-repeat":"repeat","background-position":"center center","background-size":"auto","background-attachment":"scroll","background-type":"","background-media":"","overlay-type":"","overlay-color":"","overlay-opacity":"","overlay-gradient":""},"tablet":{"background-color":"var(--ast-global-color-4)","background-image":"","background-repeat":"repeat","background-position":"center center","background-size":"auto","background-attachment":"scroll","background-type":"","background-media":"","overlay-type":"","overlay-color":"","overlay-opacity":"","overlay-gradient":""},"mobile":{"background-color":"var(--ast-global-color-4)","background-image":"","background-repeat":"repeat","background-position":"center center","background-size":"auto","background-attachment":"scroll","background-type":"","background-media":"","overlay-type":"","overlay-color":"","overlay-opacity":"","overlay-gradient":""}},"_joinchat":[]},"product_brand":[],"product_cat":[82],"product_tag":[],"class_list":{"0":"post-12812","1":"product","2":"type-product","3":"status-publish","4":"has-post-thumbnail","6":"product_cat-joysticks","7":"desktop-align-center","8":"tablet-align-left","9":"mobile-align-left","11":"first","12":"instock","13":"shipping-taxable","14":"purchasable","15":"product-type-simple"},"yoast_head":"<!-- This site is optimized with the Yoast SEO plugin v27.5 - https:\/\/yoast.com\/product\/yoast-seo-wordpress\/ -->\n<title>Joystick T-Scorpio PC360\/PS4 Inalambrico White - UnitGames<\/title>\n<meta name=\"robots\" content=\"index, follow, max-snippet:-1, max-image-preview:large, max-video-preview:-1\" \/>\n<link rel=\"canonical\" href=\"https:\/\/unitgames.com.ar\/pc-gamer\/producto\/joystick-t-scorpio-pc360-ps4-inalambrico-white\/\" \/>\n<meta property=\"og:locale\" content=\"es_ES\" \/>\n<meta property=\"og:type\" content=\"article\" \/>\n<meta property=\"og:title\" content=\"Joystick T-Scorpio PC360\/PS4 Inalambrico White - UnitGames\" \/>\n<meta property=\"og:description\" content=\"Descripci\u00f3n T-Dagger Scorpio T-TGP802 !El control que necesitas para romperla! Especificaciones t\u00e9cnicas Tipo de conexi\u00f3n: Bluetooth y Cableada. Compatible con: PS4, PC Xinput (X360) Interfaz: Bluetooth, opcional USB en PC. Botones: 10 + 2 Sticks. Bumpers L1\/R1: 2 tipo bot\u00f3n. Triggers LT\/RT: 2, sensitivos y capacitivos. D-Pad: 8 v\u00edas. Vibraci\u00f3n: 2 motores de vibraci\u00f3n para force-feedback. Fuente de alimentaci\u00f3n: Bater\u00eda interna de Li-Ion, hasta 24 hrs de uso continuo. Tama\u00f1o: 160 x 105 x 55 mm. Peso: 197,8 g. LA REVANCHA ES TUYA Digamos la verdad: cuanto m\u00e1s cercana es una persona, cuanto m\u00e1s compartimos con ella nuestras vidas, m\u00e1s intensamente queremos competir contra ella y ganarle, sea en MK, en Fifa o cualquiera de todos los juegos de versus que existieron, existen y existir\u00e1n. As\u00ed de elemental es la naturaleza humana, y t\u00fa no eres la excepci\u00f3n. MU\u00c9VETE CON LIBERTAD El Scorpio cuenta con dos posibilidades de conexi\u00f3n: inal\u00e1mbrica Bluetooth y cableada USB, lo que te permite disfrutar al m\u00e1ximo la libertad de movimiento del wireless y, si te olvidaste de cargar la bater\u00eda, recurrir a la opci\u00f3n del cable sin necesidad de interrumpir los duelos. Adem\u00e1s, para impedir que te pongan excusas del tipo \u201cyo no juego en consolas, PC Master Race\u201d, el Scorpio es compatible con PS4 como con PC en modalidad XInput. Hablen en la cancha. SIENTE EL JUEGO Relaja las manos; d\u00e9jalas hacer lo suyo. El Scorpio cuenta con gatillos sensitivos que te permiten controlar con exactitud la fuerza del movimiento, ya que son sensibles al nivel de profundidad de la activaci\u00f3n. Est\u00e1 equipado, adem\u00e1s, con dos motores internos de force-feedback que aportan esa sensaci\u00f3n t\u00e1ctil incomparable que es la vibraci\u00f3n. Y para hacer la experiencia completa: panel t\u00e1ctil y conector de audio de 3,5 mm. Todo est\u00e1 ah\u00ed. \u00c9NTRALE DURO Porque no ignoramos que, a veces, los duelos mano a mano pueden extenderse un poco, y un poco mucho, el Scorpio est\u00e1 provisto de una bater\u00eda interna de Li-Ion que es capaz de otorgar hasta 24 hs de uso continuo. \u00c9ntrale duro, descansa, ejerc\u00edtate, vuelve luego; el Scorpio seguir\u00e1 ah\u00ed ma\u00f1ana con la misma sed de revancha.\" \/>\n<meta property=\"og:url\" content=\"https:\/\/unitgames.com.ar\/pc-gamer\/producto\/joystick-t-scorpio-pc360-ps4-inalambrico-white\/\" \/>\n<meta property=\"og:site_name\" content=\"UnitGames\" \/>\n<meta property=\"article:modified_time\" content=\"2026-01-09T10:16:20+00:00\" \/>\n<meta property=\"og:image\" content=\"https:\/\/unitgames.com.ar\/pc-gamer\/wp-content\/uploads\/2025\/02\/Joystick-T-Scorpio-PC360PS4-Inalambrico-White.png\" \/>\n\t<meta property=\"og:image:width\" content=\"1263\" \/>\n\t<meta property=\"og:image:height\" content=\"1285\" \/>\n\t<meta property=\"og:image:type\" content=\"image\/png\" \/>\n<meta name=\"twitter:card\" content=\"summary_large_image\" \/>\n<meta name=\"twitter:label1\" content=\"Tiempo de lectura\" \/>\n\t<meta name=\"twitter:data1\" content=\"2 minutos\" \/>\n<script type=\"application\/ld+json\" class=\"yoast-schema-graph\">{\"@context\":\"https:\\\/\\\/schema.org\",\"@graph\":[{\"@type\":\"WebPage\",\"@id\":\"https:\\\/\\\/unitgames.com.ar\\\/pc-gamer\\\/producto\\\/joystick-t-scorpio-pc360-ps4-inalambrico-white\\\/\",\"url\":\"https:\\\/\\\/unitgames.com.ar\\\/pc-gamer\\\/producto\\\/joystick-t-scorpio-pc360-ps4-inalambrico-white\\\/\",\"name\":\"Joystick T-Scorpio PC360\\\/PS4 Inalambrico White - UnitGames\",\"isPartOf\":{\"@id\":\"https:\\\/\\\/unitgames.com.ar\\\/pc-gamer\\\/#website\"},\"primaryImageOfPage\":{\"@id\":\"https:\\\/\\\/unitgames.com.ar\\\/pc-gamer\\\/producto\\\/joystick-t-scorpio-pc360-ps4-inalambrico-white\\\/#primaryimage\"},\"image\":{\"@id\":\"https:\\\/\\\/unitgames.com.ar\\\/pc-gamer\\\/producto\\\/joystick-t-scorpio-pc360-ps4-inalambrico-white\\\/#primaryimage\"},\"thumbnailUrl\":\"https:\\\/\\\/unitgames.com.ar\\\/pc-gamer\\\/wp-content\\\/uploads\\\/2025\\\/02\\\/Joystick-T-Scorpio-PC360PS4-Inalambrico-White.png\",\"datePublished\":\"2025-02-18T03:49:13+00:00\",\"dateModified\":\"2026-01-09T10:16:20+00:00\",\"breadcrumb\":{\"@id\":\"https:\\\/\\\/unitgames.com.ar\\\/pc-gamer\\\/producto\\\/joystick-t-scorpio-pc360-ps4-inalambrico-white\\\/#breadcrumb\"},\"inLanguage\":\"es\",\"potentialAction\":[{\"@type\":\"ReadAction\",\"target\":[\"https:\\\/\\\/unitgames.com.ar\\\/pc-gamer\\\/producto\\\/joystick-t-scorpio-pc360-ps4-inalambrico-white\\\/\"]}]},{\"@type\":\"ImageObject\",\"inLanguage\":\"es\",\"@id\":\"https:\\\/\\\/unitgames.com.ar\\\/pc-gamer\\\/producto\\\/joystick-t-scorpio-pc360-ps4-inalambrico-white\\\/#primaryimage\",\"url\":\"https:\\\/\\\/unitgames.com.ar\\\/pc-gamer\\\/wp-content\\\/uploads\\\/2025\\\/02\\\/Joystick-T-Scorpio-PC360PS4-Inalambrico-White.png\",\"contentUrl\":\"https:\\\/\\\/unitgames.com.ar\\\/pc-gamer\\\/wp-content\\\/uploads\\\/2025\\\/02\\\/Joystick-T-Scorpio-PC360PS4-Inalambrico-White.png\",\"width\":1263,\"height\":1285},{\"@type\":\"BreadcrumbList\",\"@id\":\"https:\\\/\\\/unitgames.com.ar\\\/pc-gamer\\\/producto\\\/joystick-t-scorpio-pc360-ps4-inalambrico-white\\\/#breadcrumb\",\"itemListElement\":[{\"@type\":\"ListItem\",\"position\":1,\"name\":\"Tienda\",\"item\":\"https:\\\/\\\/unitgames.com.ar\\\/pc-gamer\\\/tienda\\\/\"},{\"@type\":\"ListItem\",\"position\":2,\"name\":\"Joystick T-Scorpio PC360\\\/PS4 Inalambrico White\"}]},{\"@type\":\"WebSite\",\"@id\":\"https:\\\/\\\/unitgames.com.ar\\\/pc-gamer\\\/#website\",\"url\":\"https:\\\/\\\/unitgames.com.ar\\\/pc-gamer\\\/\",\"name\":\"UnitGames\",\"description\":\"Venta de PC Gamers, Consolas , Servicio Tecnico Especializado. Todos en Accesorios Informaticos y Gamers\",\"publisher\":{\"@id\":\"https:\\\/\\\/unitgames.com.ar\\\/pc-gamer\\\/#organization\"},\"potentialAction\":[{\"@type\":\"SearchAction\",\"target\":{\"@type\":\"EntryPoint\",\"urlTemplate\":\"https:\\\/\\\/unitgames.com.ar\\\/pc-gamer\\\/?s={search_term_string}\"},\"query-input\":{\"@type\":\"PropertyValueSpecification\",\"valueRequired\":true,\"valueName\":\"search_term_string\"}}],\"inLanguage\":\"es\"},{\"@type\":\"Organization\",\"@id\":\"https:\\\/\\\/unitgames.com.ar\\\/pc-gamer\\\/#organization\",\"name\":\"UnitGames\",\"url\":\"https:\\\/\\\/unitgames.com.ar\\\/pc-gamer\\\/\",\"logo\":{\"@type\":\"ImageObject\",\"inLanguage\":\"es\",\"@id\":\"https:\\\/\\\/unitgames.com.ar\\\/pc-gamer\\\/#\\\/schema\\\/logo\\\/image\\\/\",\"url\":\"https:\\\/\\\/unitgames.com.ar\\\/pc-gamer\\\/wp-content\\\/uploads\\\/2021\\\/01\\\/cropped-logoUnitGames2.png\",\"contentUrl\":\"https:\\\/\\\/unitgames.com.ar\\\/pc-gamer\\\/wp-content\\\/uploads\\\/2021\\\/01\\\/cropped-logoUnitGames2.png\",\"width\":152,\"height\":200,\"caption\":\"UnitGames\"},\"image\":{\"@id\":\"https:\\\/\\\/unitgames.com.ar\\\/pc-gamer\\\/#\\\/schema\\\/logo\\\/image\\\/\"}}]}<\/script>\n<!-- \/ Yoast SEO plugin. -->","yoast_head_json":{"title":"Joystick T-Scorpio PC360\/PS4 Inalambrico White - UnitGames","robots":{"index":"index","follow":"follow","max-snippet":"max-snippet:-1","max-image-preview":"max-image-preview:large","max-video-preview":"max-video-preview:-1"},"canonical":"https:\/\/unitgames.com.ar\/pc-gamer\/producto\/joystick-t-scorpio-pc360-ps4-inalambrico-white\/","og_locale":"es_ES","og_type":"article","og_title":"Joystick T-Scorpio PC360\/PS4 Inalambrico White - UnitGames","og_description":"Descripci\u00f3n T-Dagger Scorpio T-TGP802 !El control que necesitas para romperla! Especificaciones t\u00e9cnicas Tipo de conexi\u00f3n: Bluetooth y Cableada. Compatible con: PS4, PC Xinput (X360) Interfaz: Bluetooth, opcional USB en PC. Botones: 10 + 2 Sticks. Bumpers L1\/R1: 2 tipo bot\u00f3n. Triggers LT\/RT: 2, sensitivos y capacitivos. D-Pad: 8 v\u00edas. Vibraci\u00f3n: 2 motores de vibraci\u00f3n para force-feedback. Fuente de alimentaci\u00f3n: Bater\u00eda interna de Li-Ion, hasta 24 hrs de uso continuo. Tama\u00f1o: 160 x 105 x 55 mm. Peso: 197,8 g. LA REVANCHA ES TUYA Digamos la verdad: cuanto m\u00e1s cercana es una persona, cuanto m\u00e1s compartimos con ella nuestras vidas, m\u00e1s intensamente queremos competir contra ella y ganarle, sea en MK, en Fifa o cualquiera de todos los juegos de versus que existieron, existen y existir\u00e1n. As\u00ed de elemental es la naturaleza humana, y t\u00fa no eres la excepci\u00f3n. MU\u00c9VETE CON LIBERTAD El Scorpio cuenta con dos posibilidades de conexi\u00f3n: inal\u00e1mbrica Bluetooth y cableada USB, lo que te permite disfrutar al m\u00e1ximo la libertad de movimiento del wireless y, si te olvidaste de cargar la bater\u00eda, recurrir a la opci\u00f3n del cable sin necesidad de interrumpir los duelos. Adem\u00e1s, para impedir que te pongan excusas del tipo \u201cyo no juego en consolas, PC Master Race\u201d, el Scorpio es compatible con PS4 como con PC en modalidad XInput. Hablen en la cancha. SIENTE EL JUEGO Relaja las manos; d\u00e9jalas hacer lo suyo. El Scorpio cuenta con gatillos sensitivos que te permiten controlar con exactitud la fuerza del movimiento, ya que son sensibles al nivel de profundidad de la activaci\u00f3n. Est\u00e1 equipado, adem\u00e1s, con dos motores internos de force-feedback que aportan esa sensaci\u00f3n t\u00e1ctil incomparable que es la vibraci\u00f3n. Y para hacer la experiencia completa: panel t\u00e1ctil y conector de audio de 3,5 mm. Todo est\u00e1 ah\u00ed. \u00c9NTRALE DURO Porque no ignoramos que, a veces, los duelos mano a mano pueden extenderse un poco, y un poco mucho, el Scorpio est\u00e1 provisto de una bater\u00eda interna de Li-Ion que es capaz de otorgar hasta 24 hs de uso continuo. \u00c9ntrale duro, descansa, ejerc\u00edtate, vuelve luego; el Scorpio seguir\u00e1 ah\u00ed ma\u00f1ana con la misma sed de revancha.","og_url":"https:\/\/unitgames.com.ar\/pc-gamer\/producto\/joystick-t-scorpio-pc360-ps4-inalambrico-white\/","og_site_name":"UnitGames","article_modified_time":"2026-01-09T10:16:20+00:00","og_image":[{"width":1263,"height":1285,"url":"https:\/\/unitgames.com.ar\/pc-gamer\/wp-content\/uploads\/2025\/02\/Joystick-T-Scorpio-PC360PS4-Inalambrico-White.png","type":"image\/png"}],"twitter_card":"summary_large_image","twitter_misc":{"Tiempo de lectura":"2 minutos"},"schema":{"@context":"https:\/\/schema.org","@graph":[{"@type":"WebPage","@id":"https:\/\/unitgames.com.ar\/pc-gamer\/producto\/joystick-t-scorpio-pc360-ps4-inalambrico-white\/","url":"https:\/\/unitgames.com.ar\/pc-gamer\/producto\/joystick-t-scorpio-pc360-ps4-inalambrico-white\/","name":"Joystick T-Scorpio PC360\/PS4 Inalambrico White - UnitGames","isPartOf":{"@id":"https:\/\/unitgames.com.ar\/pc-gamer\/#website"},"primaryImageOfPage":{"@id":"https:\/\/unitgames.com.ar\/pc-gamer\/producto\/joystick-t-scorpio-pc360-ps4-inalambrico-white\/#primaryimage"},"image":{"@id":"https:\/\/unitgames.com.ar\/pc-gamer\/producto\/joystick-t-scorpio-pc360-ps4-inalambrico-white\/#primaryimage"},"thumbnailUrl":"https:\/\/unitgames.com.ar\/pc-gamer\/wp-content\/uploads\/2025\/02\/Joystick-T-Scorpio-PC360PS4-Inalambrico-White.png","datePublished":"2025-02-18T03:49:13+00:00","dateModified":"2026-01-09T10:16:20+00:00","breadcrumb":{"@id":"https:\/\/unitgames.com.ar\/pc-gamer\/producto\/joystick-t-scorpio-pc360-ps4-inalambrico-white\/#breadcrumb"},"inLanguage":"es","potentialAction":[{"@type":"ReadAction","target":["https:\/\/unitgames.com.ar\/pc-gamer\/producto\/joystick-t-scorpio-pc360-ps4-inalambrico-white\/"]}]},{"@type":"ImageObject","inLanguage":"es","@id":"https:\/\/unitgames.com.ar\/pc-gamer\/producto\/joystick-t-scorpio-pc360-ps4-inalambrico-white\/#primaryimage","url":"https:\/\/unitgames.com.ar\/pc-gamer\/wp-content\/uploads\/2025\/02\/Joystick-T-Scorpio-PC360PS4-Inalambrico-White.png","contentUrl":"https:\/\/unitgames.com.ar\/pc-gamer\/wp-content\/uploads\/2025\/02\/Joystick-T-Scorpio-PC360PS4-Inalambrico-White.png","width":1263,"height":1285},{"@type":"BreadcrumbList","@id":"https:\/\/unitgames.com.ar\/pc-gamer\/producto\/joystick-t-scorpio-pc360-ps4-inalambrico-white\/#breadcrumb","itemListElement":[{"@type":"ListItem","position":1,"name":"Tienda","item":"https:\/\/unitgames.com.ar\/pc-gamer\/tienda\/"},{"@type":"ListItem","position":2,"name":"Joystick T-Scorpio PC360\/PS4 Inalambrico White"}]},{"@type":"WebSite","@id":"https:\/\/unitgames.com.ar\/pc-gamer\/#website","url":"https:\/\/unitgames.com.ar\/pc-gamer\/","name":"UnitGames","description":"Venta de PC Gamers, Consolas , Servicio Tecnico Especializado. Todos en Accesorios Informaticos y Gamers","publisher":{"@id":"https:\/\/unitgames.com.ar\/pc-gamer\/#organization"},"potentialAction":[{"@type":"SearchAction","target":{"@type":"EntryPoint","urlTemplate":"https:\/\/unitgames.com.ar\/pc-gamer\/?s={search_term_string}"},"query-input":{"@type":"PropertyValueSpecification","valueRequired":true,"valueName":"search_term_string"}}],"inLanguage":"es"},{"@type":"Organization","@id":"https:\/\/unitgames.com.ar\/pc-gamer\/#organization","name":"UnitGames","url":"https:\/\/unitgames.com.ar\/pc-gamer\/","logo":{"@type":"ImageObject","inLanguage":"es","@id":"https:\/\/unitgames.com.ar\/pc-gamer\/#\/schema\/logo\/image\/","url":"https:\/\/unitgames.com.ar\/pc-gamer\/wp-content\/uploads\/2021\/01\/cropped-logoUnitGames2.png","contentUrl":"https:\/\/unitgames.com.ar\/pc-gamer\/wp-content\/uploads\/2021\/01\/cropped-logoUnitGames2.png","width":152,"height":200,"caption":"UnitGames"},"image":{"@id":"https:\/\/unitgames.com.ar\/pc-gamer\/#\/schema\/logo\/image\/"}}]}},"_links":{"self":[{"href":"https:\/\/unitgames.com.ar\/pc-gamer\/wp-json\/wp\/v2\/product\/12812","targetHints":{"allow":["GET"]}}],"collection":[{"href":"https:\/\/unitgames.com.ar\/pc-gamer\/wp-json\/wp\/v2\/product"}],"about":[{"href":"https:\/\/unitgames.com.ar\/pc-gamer\/wp-json\/wp\/v2\/types\/product"}],"version-history":[{"count":0,"href":"https:\/\/unitgames.com.ar\/pc-gamer\/wp-json\/wp\/v2\/product\/12812\/revisions"}],"wp:featuredmedia":[{"embeddable":true,"href":"https:\/\/unitgames.com.ar\/pc-gamer\/wp-json\/wp\/v2\/media\/12813"}],"wp:attachment":[{"href":"https:\/\/unitgames.com.ar\/pc-gamer\/wp-json\/wp\/v2\/media?parent=12812"}],"wp:term":[{"taxonomy":"product_brand","embeddable":true,"href":"https:\/\/unitgames.com.ar\/pc-gamer\/wp-json\/wp\/v2\/product_brand?post=12812"},{"taxonomy":"product_cat","embeddable":true,"href":"https:\/\/unitgames.com.ar\/pc-gamer\/wp-json\/wp\/v2\/product_cat?post=12812"},{"taxonomy":"product_tag","embeddable":true,"href":"https:\/\/unitgames.com.ar\/pc-gamer\/wp-json\/wp\/v2\/product_tag?post=12812"}],"curies":[{"name":"wp","href":"https:\/\/api.w.org\/{rel}","templated":true}]}}