{"id":13239,"date":"2025-03-12T22:41:58","date_gmt":"2025-03-13T01:41:58","guid":{"rendered":"https:\/\/unitgames.com.ar\/pc-gamer\/?post_type=product&#038;p=13239"},"modified":"2026-03-17T09:35:57","modified_gmt":"2026-03-17T12:35:57","slug":"mouse-logitech-g502x-gaming-black","status":"publish","type":"product","link":"https:\/\/unitgames.com.ar\/pc-gamer\/producto\/mouse-logitech-g502x-gaming-black\/","title":{"rendered":"Mouse LOGITECH G502X Gaming Black"},"content":{"rendered":"<p>G502 X es la \u00faltima adici\u00f3n a la legendaria gama G502.<\/p>\n<p>Redise\u00f1ado para ofrecer una impresionante reducci\u00f3n de peso, con tan s\u00f3lo 89 gramos Con nuestros primer\u00edsimos interruptores LIGHTFORCE h\u00edbridos \u00f3ptico-mec\u00e1nicos y un sensor HERO 25K por debajo del micr\u00f3n.<\/p>\n<p>&nbsp;<\/p>\n<h4 class=\"specs-heading\">DIMENSIONES<\/h4>\n<div class=\"specs-column\">\n<div class=\"specs-group\">\n<div class=\"specs-block\">\n<h5 class=\"specs-title\">ESPECIFICACIONES PRINCIPALES<\/h5>\n<ul class=\"specs-description-list\">\n<li>89 gramos<\/li>\n<li>5 perfiles en la memoria integrada<\/li>\n<li>Pies de PTFE de baja fricci\u00f3n<\/li>\n<\/ul>\n<\/div>\n<div class=\"specs-block\">\n<h5 class=\"specs-title\">ESPECIFICACIONES F\u00cdSICAS<\/h5>\n<ul class=\"specs-description-list\">\n<li><strong>Peso<\/strong>: 89 g<\/li>\n<li><strong>Altura<\/strong>: 131,4 mm<\/li>\n<li><strong>Ancho<\/strong>: 41,1 mm<\/li>\n<li><strong>Profundidad<\/strong>: 79,2 mm<\/li>\n<\/ul>\n<\/div>\n<\/div>\n<\/div>\n<h4 class=\"specs-heading\">ESPECIFICACIONES T\u00c9CNICAS<\/h4>\n<div class=\"specs-column\">\n<div class=\"specs-group\">\n<div class=\"specs-block\">\n<div class=\"specs-description\">Hasta 5 perfiles de memoria integrada<\/div>\n<\/div>\n<div class=\"specs-block\">\n<div class=\"specs-description\">Pies de PTFE<\/div>\n<\/div>\n<div class=\"specs-block\">\n<div class=\"specs-description\">13 controles programables<\/div>\n<\/div>\n<div class=\"specs-block\">\n<h5 class=\"specs-title\">SEGUIMIENTO<\/h5>\n<ul class=\"specs-description-list\">\n<li><strong>Sensor<\/strong>: HERO 25K<\/li>\n<li><strong>Resoluci\u00f3n<\/strong>: 100 \u2013 25.600 dpi<\/li>\n<li><strong>Aceleraci\u00f3n m\u00e1x.<\/strong>: &gt;40G2<\/li>\n<li><strong>Velocidad m\u00e1x.<\/strong>: &gt;400 IPS2<\/li>\n<li>Sin suavizado\/aceleraci\u00f3n\/filtros<\/li>\n<\/ul>\n<\/div>\n<\/div>\n<\/div>\n","protected":false},"excerpt":{"rendered":"<p>G502 X es la \u00faltima adici\u00f3n a la legendaria gama G502. Redise\u00f1ado para ofrecer una impresionante reducci\u00f3n de peso, con tan s\u00f3lo 89 gramos Con nuestros primer\u00edsimos interruptores LIGHTFORCE h\u00edbridos \u00f3ptico-mec\u00e1nicos y un sensor HERO 25K por debajo del micr\u00f3n. &nbsp; DIMENSIONES ESPECIFICACIONES PRINCIPALES 89 gramos 5 perfiles en la memoria integrada Pies de PTFE de baja fricci\u00f3n ESPECIFICACIONES F\u00cdSICAS Peso: 89 g Altura: 131,4 mm Ancho: 41,1 mm Profundidad: 79,2 mm ESPECIFICACIONES T\u00c9CNICAS Hasta 5 perfiles de memoria integrada Pies de PTFE 13 controles programables SEGUIMIENTO Sensor: HERO 25K Resoluci\u00f3n: 100 \u2013 25.600 dpi Aceleraci\u00f3n m\u00e1x.: &gt;40G2 Velocidad m\u00e1x.: &gt;400 IPS2 Sin suavizado\/aceleraci\u00f3n\/filtros<\/p>\n","protected":false},"featured_media":13241,"template":"","meta":{"site-sidebar-layout":"default","site-content-layout":"","ast-site-content-layout":"default","site-content-style":"default","site-sidebar-style":"default","ast-global-header-display":"","ast-banner-title-visibility":"","ast-main-header-display":"","ast-hfb-above-header-display":"","ast-hfb-below-header-display":"","ast-hfb-mobile-header-display":"","site-post-title":"","ast-breadcrumbs-content":"","ast-featured-img":"","footer-sml-layout":"","theme-transparent-header-meta":"default","adv-header-id-meta":"","stick-header-meta":"","header-above-stick-meta":"","header-main-stick-meta":"","header-below-stick-meta":"","astra-migrate-meta-layouts":"set","ast-page-background-enabled":"default","ast-page-background-meta":{"desktop":{"background-color":"var(--ast-global-color-5)","background-image":"","background-repeat":"repeat","background-position":"center center","background-size":"auto","background-attachment":"scroll","background-type":"","background-media":"","overlay-type":"","overlay-color":"","overlay-opacity":"","overlay-gradient":""},"tablet":{"background-color":"","background-image":"","background-repeat":"repeat","background-position":"center center","background-size":"auto","background-attachment":"scroll","background-type":"","background-media":"","overlay-type":"","overlay-color":"","overlay-opacity":"","overlay-gradient":""},"mobile":{"background-color":"","background-image":"","background-repeat":"repeat","background-position":"center center","background-size":"auto","background-attachment":"scroll","background-type":"","background-media":"","overlay-type":"","overlay-color":"","overlay-opacity":"","overlay-gradient":""}},"ast-content-background-meta":{"desktop":{"background-color":"var(--ast-global-color-4)","background-image":"","background-repeat":"repeat","background-position":"center center","background-size":"auto","background-attachment":"scroll","background-type":"","background-media":"","overlay-type":"","overlay-color":"","overlay-opacity":"","overlay-gradient":""},"tablet":{"background-color":"var(--ast-global-color-4)","background-image":"","background-repeat":"repeat","background-position":"center center","background-size":"auto","background-attachment":"scroll","background-type":"","background-media":"","overlay-type":"","overlay-color":"","overlay-opacity":"","overlay-gradient":""},"mobile":{"background-color":"var(--ast-global-color-4)","background-image":"","background-repeat":"repeat","background-position":"center center","background-size":"auto","background-attachment":"scroll","background-type":"","background-media":"","overlay-type":"","overlay-color":"","overlay-opacity":"","overlay-gradient":""}},"_joinchat":[]},"product_brand":[],"product_cat":[89,87],"product_tag":[],"class_list":{"0":"post-13239","1":"product","2":"type-product","3":"status-publish","4":"has-post-thumbnail","6":"product_cat-gamer","7":"product_cat-teclados","8":"desktop-align-center","9":"tablet-align-left","10":"mobile-align-left","12":"first","13":"instock","14":"shipping-taxable","15":"purchasable","16":"product-type-simple"},"yoast_head":"<!-- This site is optimized with the Yoast SEO plugin v27.5 - https:\/\/yoast.com\/product\/yoast-seo-wordpress\/ -->\n<title>Mouse LOGITECH G502X Gaming Black - UnitGames<\/title>\n<meta name=\"robots\" content=\"index, follow, max-snippet:-1, max-image-preview:large, max-video-preview:-1\" \/>\n<link rel=\"canonical\" href=\"https:\/\/unitgames.com.ar\/pc-gamer\/producto\/mouse-logitech-g502x-gaming-black\/\" \/>\n<meta property=\"og:locale\" content=\"es_ES\" \/>\n<meta property=\"og:type\" content=\"article\" \/>\n<meta property=\"og:title\" content=\"Mouse LOGITECH G502X Gaming Black - UnitGames\" \/>\n<meta property=\"og:description\" content=\"G502 X es la \u00faltima adici\u00f3n a la legendaria gama G502. Redise\u00f1ado para ofrecer una impresionante reducci\u00f3n de peso, con tan s\u00f3lo 89 gramos Con nuestros primer\u00edsimos interruptores LIGHTFORCE h\u00edbridos \u00f3ptico-mec\u00e1nicos y un sensor HERO 25K por debajo del micr\u00f3n. &nbsp; DIMENSIONES ESPECIFICACIONES PRINCIPALES 89 gramos 5 perfiles en la memoria integrada Pies de PTFE de baja fricci\u00f3n ESPECIFICACIONES F\u00cdSICAS Peso: 89 g Altura: 131,4 mm Ancho: 41,1 mm Profundidad: 79,2 mm ESPECIFICACIONES T\u00c9CNICAS Hasta 5 perfiles de memoria integrada Pies de PTFE 13 controles programables SEGUIMIENTO Sensor: HERO 25K Resoluci\u00f3n: 100 \u2013 25.600 dpi Aceleraci\u00f3n m\u00e1x.: &gt;40G2 Velocidad m\u00e1x.: &gt;400 IPS2 Sin suavizado\/aceleraci\u00f3n\/filtros\" \/>\n<meta property=\"og:url\" content=\"https:\/\/unitgames.com.ar\/pc-gamer\/producto\/mouse-logitech-g502x-gaming-black\/\" \/>\n<meta property=\"og:site_name\" content=\"UnitGames\" \/>\n<meta property=\"article:modified_time\" content=\"2026-03-17T12:35:57+00:00\" \/>\n<meta property=\"og:image\" content=\"https:\/\/unitgames.com.ar\/pc-gamer\/wp-content\/uploads\/2025\/03\/Mouse-LOGITECH-G502X-Gaming-Black.png\" \/>\n\t<meta property=\"og:image:width\" content=\"1283\" \/>\n\t<meta property=\"og:image:height\" content=\"1283\" \/>\n\t<meta property=\"og:image:type\" content=\"image\/png\" \/>\n<meta name=\"twitter:card\" content=\"summary_large_image\" \/>\n<meta name=\"twitter:label1\" content=\"Tiempo de lectura\" \/>\n\t<meta name=\"twitter:data1\" content=\"1 minuto\" \/>\n<script type=\"application\/ld+json\" class=\"yoast-schema-graph\">{\"@context\":\"https:\\\/\\\/schema.org\",\"@graph\":[{\"@type\":\"WebPage\",\"@id\":\"https:\\\/\\\/unitgames.com.ar\\\/pc-gamer\\\/producto\\\/mouse-logitech-g502x-gaming-black\\\/\",\"url\":\"https:\\\/\\\/unitgames.com.ar\\\/pc-gamer\\\/producto\\\/mouse-logitech-g502x-gaming-black\\\/\",\"name\":\"Mouse LOGITECH G502X Gaming Black - UnitGames\",\"isPartOf\":{\"@id\":\"https:\\\/\\\/unitgames.com.ar\\\/pc-gamer\\\/#website\"},\"primaryImageOfPage\":{\"@id\":\"https:\\\/\\\/unitgames.com.ar\\\/pc-gamer\\\/producto\\\/mouse-logitech-g502x-gaming-black\\\/#primaryimage\"},\"image\":{\"@id\":\"https:\\\/\\\/unitgames.com.ar\\\/pc-gamer\\\/producto\\\/mouse-logitech-g502x-gaming-black\\\/#primaryimage\"},\"thumbnailUrl\":\"https:\\\/\\\/unitgames.com.ar\\\/pc-gamer\\\/wp-content\\\/uploads\\\/2025\\\/03\\\/Mouse-LOGITECH-G502X-Gaming-Black.png\",\"datePublished\":\"2025-03-13T01:41:58+00:00\",\"dateModified\":\"2026-03-17T12:35:57+00:00\",\"breadcrumb\":{\"@id\":\"https:\\\/\\\/unitgames.com.ar\\\/pc-gamer\\\/producto\\\/mouse-logitech-g502x-gaming-black\\\/#breadcrumb\"},\"inLanguage\":\"es\",\"potentialAction\":[{\"@type\":\"ReadAction\",\"target\":[\"https:\\\/\\\/unitgames.com.ar\\\/pc-gamer\\\/producto\\\/mouse-logitech-g502x-gaming-black\\\/\"]}]},{\"@type\":\"ImageObject\",\"inLanguage\":\"es\",\"@id\":\"https:\\\/\\\/unitgames.com.ar\\\/pc-gamer\\\/producto\\\/mouse-logitech-g502x-gaming-black\\\/#primaryimage\",\"url\":\"https:\\\/\\\/unitgames.com.ar\\\/pc-gamer\\\/wp-content\\\/uploads\\\/2025\\\/03\\\/Mouse-LOGITECH-G502X-Gaming-Black.png\",\"contentUrl\":\"https:\\\/\\\/unitgames.com.ar\\\/pc-gamer\\\/wp-content\\\/uploads\\\/2025\\\/03\\\/Mouse-LOGITECH-G502X-Gaming-Black.png\",\"width\":1283,\"height\":1283},{\"@type\":\"BreadcrumbList\",\"@id\":\"https:\\\/\\\/unitgames.com.ar\\\/pc-gamer\\\/producto\\\/mouse-logitech-g502x-gaming-black\\\/#breadcrumb\",\"itemListElement\":[{\"@type\":\"ListItem\",\"position\":1,\"name\":\"Tienda\",\"item\":\"https:\\\/\\\/unitgames.com.ar\\\/pc-gamer\\\/tienda\\\/\"},{\"@type\":\"ListItem\",\"position\":2,\"name\":\"Mouse LOGITECH G502X Gaming Black\"}]},{\"@type\":\"WebSite\",\"@id\":\"https:\\\/\\\/unitgames.com.ar\\\/pc-gamer\\\/#website\",\"url\":\"https:\\\/\\\/unitgames.com.ar\\\/pc-gamer\\\/\",\"name\":\"UnitGames\",\"description\":\"Venta de PC Gamers, Consolas , Servicio Tecnico Especializado. Todos en Accesorios Informaticos y Gamers\",\"publisher\":{\"@id\":\"https:\\\/\\\/unitgames.com.ar\\\/pc-gamer\\\/#organization\"},\"potentialAction\":[{\"@type\":\"SearchAction\",\"target\":{\"@type\":\"EntryPoint\",\"urlTemplate\":\"https:\\\/\\\/unitgames.com.ar\\\/pc-gamer\\\/?s={search_term_string}\"},\"query-input\":{\"@type\":\"PropertyValueSpecification\",\"valueRequired\":true,\"valueName\":\"search_term_string\"}}],\"inLanguage\":\"es\"},{\"@type\":\"Organization\",\"@id\":\"https:\\\/\\\/unitgames.com.ar\\\/pc-gamer\\\/#organization\",\"name\":\"UnitGames\",\"url\":\"https:\\\/\\\/unitgames.com.ar\\\/pc-gamer\\\/\",\"logo\":{\"@type\":\"ImageObject\",\"inLanguage\":\"es\",\"@id\":\"https:\\\/\\\/unitgames.com.ar\\\/pc-gamer\\\/#\\\/schema\\\/logo\\\/image\\\/\",\"url\":\"https:\\\/\\\/unitgames.com.ar\\\/pc-gamer\\\/wp-content\\\/uploads\\\/2021\\\/01\\\/cropped-logoUnitGames2.png\",\"contentUrl\":\"https:\\\/\\\/unitgames.com.ar\\\/pc-gamer\\\/wp-content\\\/uploads\\\/2021\\\/01\\\/cropped-logoUnitGames2.png\",\"width\":152,\"height\":200,\"caption\":\"UnitGames\"},\"image\":{\"@id\":\"https:\\\/\\\/unitgames.com.ar\\\/pc-gamer\\\/#\\\/schema\\\/logo\\\/image\\\/\"}}]}<\/script>\n<!-- \/ Yoast SEO plugin. -->","yoast_head_json":{"title":"Mouse LOGITECH G502X Gaming Black - UnitGames","robots":{"index":"index","follow":"follow","max-snippet":"max-snippet:-1","max-image-preview":"max-image-preview:large","max-video-preview":"max-video-preview:-1"},"canonical":"https:\/\/unitgames.com.ar\/pc-gamer\/producto\/mouse-logitech-g502x-gaming-black\/","og_locale":"es_ES","og_type":"article","og_title":"Mouse LOGITECH G502X Gaming Black - UnitGames","og_description":"G502 X es la \u00faltima adici\u00f3n a la legendaria gama G502. Redise\u00f1ado para ofrecer una impresionante reducci\u00f3n de peso, con tan s\u00f3lo 89 gramos Con nuestros primer\u00edsimos interruptores LIGHTFORCE h\u00edbridos \u00f3ptico-mec\u00e1nicos y un sensor HERO 25K por debajo del micr\u00f3n. &nbsp; DIMENSIONES ESPECIFICACIONES PRINCIPALES 89 gramos 5 perfiles en la memoria integrada Pies de PTFE de baja fricci\u00f3n ESPECIFICACIONES F\u00cdSICAS Peso: 89 g Altura: 131,4 mm Ancho: 41,1 mm Profundidad: 79,2 mm ESPECIFICACIONES T\u00c9CNICAS Hasta 5 perfiles de memoria integrada Pies de PTFE 13 controles programables SEGUIMIENTO Sensor: HERO 25K Resoluci\u00f3n: 100 \u2013 25.600 dpi Aceleraci\u00f3n m\u00e1x.: &gt;40G2 Velocidad m\u00e1x.: &gt;400 IPS2 Sin suavizado\/aceleraci\u00f3n\/filtros","og_url":"https:\/\/unitgames.com.ar\/pc-gamer\/producto\/mouse-logitech-g502x-gaming-black\/","og_site_name":"UnitGames","article_modified_time":"2026-03-17T12:35:57+00:00","og_image":[{"width":1283,"height":1283,"url":"https:\/\/unitgames.com.ar\/pc-gamer\/wp-content\/uploads\/2025\/03\/Mouse-LOGITECH-G502X-Gaming-Black.png","type":"image\/png"}],"twitter_card":"summary_large_image","twitter_misc":{"Tiempo de lectura":"1 minuto"},"schema":{"@context":"https:\/\/schema.org","@graph":[{"@type":"WebPage","@id":"https:\/\/unitgames.com.ar\/pc-gamer\/producto\/mouse-logitech-g502x-gaming-black\/","url":"https:\/\/unitgames.com.ar\/pc-gamer\/producto\/mouse-logitech-g502x-gaming-black\/","name":"Mouse LOGITECH G502X Gaming Black - UnitGames","isPartOf":{"@id":"https:\/\/unitgames.com.ar\/pc-gamer\/#website"},"primaryImageOfPage":{"@id":"https:\/\/unitgames.com.ar\/pc-gamer\/producto\/mouse-logitech-g502x-gaming-black\/#primaryimage"},"image":{"@id":"https:\/\/unitgames.com.ar\/pc-gamer\/producto\/mouse-logitech-g502x-gaming-black\/#primaryimage"},"thumbnailUrl":"https:\/\/unitgames.com.ar\/pc-gamer\/wp-content\/uploads\/2025\/03\/Mouse-LOGITECH-G502X-Gaming-Black.png","datePublished":"2025-03-13T01:41:58+00:00","dateModified":"2026-03-17T12:35:57+00:00","breadcrumb":{"@id":"https:\/\/unitgames.com.ar\/pc-gamer\/producto\/mouse-logitech-g502x-gaming-black\/#breadcrumb"},"inLanguage":"es","potentialAction":[{"@type":"ReadAction","target":["https:\/\/unitgames.com.ar\/pc-gamer\/producto\/mouse-logitech-g502x-gaming-black\/"]}]},{"@type":"ImageObject","inLanguage":"es","@id":"https:\/\/unitgames.com.ar\/pc-gamer\/producto\/mouse-logitech-g502x-gaming-black\/#primaryimage","url":"https:\/\/unitgames.com.ar\/pc-gamer\/wp-content\/uploads\/2025\/03\/Mouse-LOGITECH-G502X-Gaming-Black.png","contentUrl":"https:\/\/unitgames.com.ar\/pc-gamer\/wp-content\/uploads\/2025\/03\/Mouse-LOGITECH-G502X-Gaming-Black.png","width":1283,"height":1283},{"@type":"BreadcrumbList","@id":"https:\/\/unitgames.com.ar\/pc-gamer\/producto\/mouse-logitech-g502x-gaming-black\/#breadcrumb","itemListElement":[{"@type":"ListItem","position":1,"name":"Tienda","item":"https:\/\/unitgames.com.ar\/pc-gamer\/tienda\/"},{"@type":"ListItem","position":2,"name":"Mouse LOGITECH G502X Gaming Black"}]},{"@type":"WebSite","@id":"https:\/\/unitgames.com.ar\/pc-gamer\/#website","url":"https:\/\/unitgames.com.ar\/pc-gamer\/","name":"UnitGames","description":"Venta de PC Gamers, Consolas , Servicio Tecnico Especializado. Todos en Accesorios Informaticos y Gamers","publisher":{"@id":"https:\/\/unitgames.com.ar\/pc-gamer\/#organization"},"potentialAction":[{"@type":"SearchAction","target":{"@type":"EntryPoint","urlTemplate":"https:\/\/unitgames.com.ar\/pc-gamer\/?s={search_term_string}"},"query-input":{"@type":"PropertyValueSpecification","valueRequired":true,"valueName":"search_term_string"}}],"inLanguage":"es"},{"@type":"Organization","@id":"https:\/\/unitgames.com.ar\/pc-gamer\/#organization","name":"UnitGames","url":"https:\/\/unitgames.com.ar\/pc-gamer\/","logo":{"@type":"ImageObject","inLanguage":"es","@id":"https:\/\/unitgames.com.ar\/pc-gamer\/#\/schema\/logo\/image\/","url":"https:\/\/unitgames.com.ar\/pc-gamer\/wp-content\/uploads\/2021\/01\/cropped-logoUnitGames2.png","contentUrl":"https:\/\/unitgames.com.ar\/pc-gamer\/wp-content\/uploads\/2021\/01\/cropped-logoUnitGames2.png","width":152,"height":200,"caption":"UnitGames"},"image":{"@id":"https:\/\/unitgames.com.ar\/pc-gamer\/#\/schema\/logo\/image\/"}}]}},"_links":{"self":[{"href":"https:\/\/unitgames.com.ar\/pc-gamer\/wp-json\/wp\/v2\/product\/13239","targetHints":{"allow":["GET"]}}],"collection":[{"href":"https:\/\/unitgames.com.ar\/pc-gamer\/wp-json\/wp\/v2\/product"}],"about":[{"href":"https:\/\/unitgames.com.ar\/pc-gamer\/wp-json\/wp\/v2\/types\/product"}],"version-history":[{"count":0,"href":"https:\/\/unitgames.com.ar\/pc-gamer\/wp-json\/wp\/v2\/product\/13239\/revisions"}],"wp:featuredmedia":[{"embeddable":true,"href":"https:\/\/unitgames.com.ar\/pc-gamer\/wp-json\/wp\/v2\/media\/13241"}],"wp:attachment":[{"href":"https:\/\/unitgames.com.ar\/pc-gamer\/wp-json\/wp\/v2\/media?parent=13239"}],"wp:term":[{"taxonomy":"product_brand","embeddable":true,"href":"https:\/\/unitgames.com.ar\/pc-gamer\/wp-json\/wp\/v2\/product_brand?post=13239"},{"taxonomy":"product_cat","embeddable":true,"href":"https:\/\/unitgames.com.ar\/pc-gamer\/wp-json\/wp\/v2\/product_cat?post=13239"},{"taxonomy":"product_tag","embeddable":true,"href":"https:\/\/unitgames.com.ar\/pc-gamer\/wp-json\/wp\/v2\/product_tag?post=13239"}],"curies":[{"name":"wp","href":"https:\/\/api.w.org\/{rel}","templated":true}]}}