{"id":13310,"date":"2025-03-18T00:38:22","date_gmt":"2025-03-18T03:38:22","guid":{"rendered":"https:\/\/unitgames.com.ar\/pc-gamer\/?post_type=product&#038;p=13310"},"modified":"2026-01-31T21:04:46","modified_gmt":"2026-02-01T00:04:46","slug":"teclado-mecanico-redragon-eisa-inhalambrico-max","status":"publish","type":"product","link":"https:\/\/unitgames.com.ar\/pc-gamer\/producto\/teclado-mecanico-redragon-eisa-inhalambrico-max\/","title":{"rendered":"Teclado Mecanico Inalambrico REDRAGON EISA Max"},"content":{"rendered":"<p class=\"product-section--split__title\"><strong>VERS\u00c1TIL, SILENCIOSO, ENCANTADOR<\/strong><\/p>\n<p class=\"product-section--split__description\">El Eisa es un teclado mec\u00e1nico de formato 98% con triple conexi\u00f3n, amortiguaci\u00f3n gasket, compatibilidad Windows\/Mac, rueda de control y bater\u00eda de duraci\u00f3n extra larga. Cuenta tambi\u00e9n con iluminaci\u00f3n RGB Chroma y un encanto retro irresistible.<\/p>\n<p class=\"product-section--split__title\"><strong>SUAVIDAD GASKET<\/strong><\/p>\n<p class=\"product-section--split__description\">Equipado con los switches silenciosos Redragon Red,<br \/>\nel Eisa agrega un elemento extra a la experiencia del<br \/>\ntecleo ya que incluye una serie de capas internas de<br \/>\namortiguaci\u00f3n con sistema gasket que suavizan el<br \/>\nsonido y el tacto de las pulsaciones sin resignar por<br \/>\nello precisi\u00f3n ni respuesta.<\/p>\n<p class=\"product-section--split__title\"><strong>COMPATIBILIDAD AMPLIADA<\/strong><\/p>\n<p class=\"product-section--split__description\">Un rasgo genial del Eisa y de otros productos de la \u00faltima generaci\u00f3n<br \/>\nRedragon es el switch Windows\/Mac que permite presetear el teclado<br \/>\npara cualquiera de los dos sistemas operativos de manera inmediata.<\/p>\n<p class=\"product-section--split__title\"><strong>TRIPLE CONEXI\u00d3N<\/strong><\/p>\n<p class=\"product-section--split__description\">Para cada necesidad, una modalidad de conexi\u00f3n.<\/p>\n<p><img decoding=\"async\" class=\"emoji\" role=\"img\" draggable=\"false\" src=\"https:\/\/s.w.org\/images\/core\/emoji\/15.0.3\/svg\/25b6.svg\" alt=\"&#x25b6;\" \/>\u00a0Bluetooth para el uso inal\u00e1mbrico casual en m\u00faltiples dispositivos.<br \/>\n<img decoding=\"async\" class=\"emoji\" role=\"img\" draggable=\"false\" src=\"https:\/\/s.w.org\/images\/core\/emoji\/15.0.3\/svg\/25b6.svg\" alt=\"&#x25b6;\" \/>\u00a0RF de 2,4 GHz (con dongle USB) para el juego competitivo en modo inal\u00e1mbrico.<br \/>\n<img decoding=\"async\" class=\"emoji\" role=\"img\" draggable=\"false\" src=\"https:\/\/s.w.org\/images\/core\/emoji\/15.0.3\/svg\/25b6.svg\" alt=\"&#x25b6;\" \/>\u00a0Cable USB-C para el juego competitivo en modo cableado.<\/p>\n<p>&nbsp;<\/p>\n","protected":false},"excerpt":{"rendered":"<p>VERS\u00c1TIL, SILENCIOSO, ENCANTADOR El Eisa es un teclado mec\u00e1nico de formato 98% con triple conexi\u00f3n, amortiguaci\u00f3n gasket, compatibilidad Windows\/Mac, rueda de control y bater\u00eda de duraci\u00f3n extra larga. Cuenta tambi\u00e9n con iluminaci\u00f3n RGB Chroma y un encanto retro irresistible. SUAVIDAD GASKET Equipado con los switches silenciosos Redragon Red, el Eisa agrega un elemento extra a la experiencia del tecleo ya que incluye una serie de capas internas de amortiguaci\u00f3n con sistema gasket que suavizan el sonido y el tacto de las pulsaciones sin resignar por ello precisi\u00f3n ni respuesta. COMPATIBILIDAD AMPLIADA Un rasgo genial del Eisa y de otros productos de la \u00faltima generaci\u00f3n Redragon es el switch Windows\/Mac que permite presetear el teclado para cualquiera de los dos sistemas operativos de manera inmediata. TRIPLE CONEXI\u00d3N Para cada necesidad, una modalidad de conexi\u00f3n. \u00a0Bluetooth para el uso inal\u00e1mbrico casual en m\u00faltiples dispositivos. \u00a0RF de 2,4 GHz (con dongle USB) para el juego competitivo en modo inal\u00e1mbrico. \u00a0Cable USB-C para el juego competitivo en modo cableado. &nbsp;<\/p>\n","protected":false},"featured_media":13429,"template":"","meta":{"site-sidebar-layout":"default","site-content-layout":"","ast-site-content-layout":"default","site-content-style":"default","site-sidebar-style":"default","ast-global-header-display":"","ast-banner-title-visibility":"","ast-main-header-display":"","ast-hfb-above-header-display":"","ast-hfb-below-header-display":"","ast-hfb-mobile-header-display":"","site-post-title":"","ast-breadcrumbs-content":"","ast-featured-img":"","footer-sml-layout":"","theme-transparent-header-meta":"default","adv-header-id-meta":"","stick-header-meta":"","header-above-stick-meta":"","header-main-stick-meta":"","header-below-stick-meta":"","astra-migrate-meta-layouts":"set","ast-page-background-enabled":"default","ast-page-background-meta":{"desktop":{"background-color":"var(--ast-global-color-5)","background-image":"","background-repeat":"repeat","background-position":"center center","background-size":"auto","background-attachment":"scroll","background-type":"","background-media":"","overlay-type":"","overlay-color":"","overlay-opacity":"","overlay-gradient":""},"tablet":{"background-color":"","background-image":"","background-repeat":"repeat","background-position":"center center","background-size":"auto","background-attachment":"scroll","background-type":"","background-media":"","overlay-type":"","overlay-color":"","overlay-opacity":"","overlay-gradient":""},"mobile":{"background-color":"","background-image":"","background-repeat":"repeat","background-position":"center center","background-size":"auto","background-attachment":"scroll","background-type":"","background-media":"","overlay-type":"","overlay-color":"","overlay-opacity":"","overlay-gradient":""}},"ast-content-background-meta":{"desktop":{"background-color":"var(--ast-global-color-4)","background-image":"","background-repeat":"repeat","background-position":"center center","background-size":"auto","background-attachment":"scroll","background-type":"","background-media":"","overlay-type":"","overlay-color":"","overlay-opacity":"","overlay-gradient":""},"tablet":{"background-color":"var(--ast-global-color-4)","background-image":"","background-repeat":"repeat","background-position":"center center","background-size":"auto","background-attachment":"scroll","background-type":"","background-media":"","overlay-type":"","overlay-color":"","overlay-opacity":"","overlay-gradient":""},"mobile":{"background-color":"var(--ast-global-color-4)","background-image":"","background-repeat":"repeat","background-position":"center center","background-size":"auto","background-attachment":"scroll","background-type":"","background-media":"","overlay-type":"","overlay-color":"","overlay-opacity":"","overlay-gradient":""}},"_joinchat":[]},"product_brand":[],"product_cat":[92],"product_tag":[],"class_list":{"0":"post-13310","1":"product","2":"type-product","3":"status-publish","4":"has-post-thumbnail","6":"product_cat-teclados-mecanicos","7":"desktop-align-center","8":"tablet-align-left","9":"mobile-align-left","11":"first","12":"instock","13":"shipping-taxable","14":"purchasable","15":"product-type-simple"},"yoast_head":"<!-- This site is optimized with the Yoast SEO plugin v27.5 - https:\/\/yoast.com\/product\/yoast-seo-wordpress\/ -->\n<title>Teclado Mecanico Inalambrico REDRAGON EISA Max - UnitGames<\/title>\n<meta name=\"robots\" content=\"index, follow, max-snippet:-1, max-image-preview:large, max-video-preview:-1\" \/>\n<link rel=\"canonical\" href=\"https:\/\/unitgames.com.ar\/pc-gamer\/producto\/teclado-mecanico-redragon-eisa-inhalambrico-max\/\" \/>\n<meta property=\"og:locale\" content=\"es_ES\" \/>\n<meta property=\"og:type\" content=\"article\" \/>\n<meta property=\"og:title\" content=\"Teclado Mecanico Inalambrico REDRAGON EISA Max - UnitGames\" \/>\n<meta property=\"og:description\" content=\"VERS\u00c1TIL, SILENCIOSO, ENCANTADOR El Eisa es un teclado mec\u00e1nico de formato 98% con triple conexi\u00f3n, amortiguaci\u00f3n gasket, compatibilidad Windows\/Mac, rueda de control y bater\u00eda de duraci\u00f3n extra larga. Cuenta tambi\u00e9n con iluminaci\u00f3n RGB Chroma y un encanto retro irresistible. SUAVIDAD GASKET Equipado con los switches silenciosos Redragon Red, el Eisa agrega un elemento extra a la experiencia del tecleo ya que incluye una serie de capas internas de amortiguaci\u00f3n con sistema gasket que suavizan el sonido y el tacto de las pulsaciones sin resignar por ello precisi\u00f3n ni respuesta. COMPATIBILIDAD AMPLIADA Un rasgo genial del Eisa y de otros productos de la \u00faltima generaci\u00f3n Redragon es el switch Windows\/Mac que permite presetear el teclado para cualquiera de los dos sistemas operativos de manera inmediata. TRIPLE CONEXI\u00d3N Para cada necesidad, una modalidad de conexi\u00f3n. \u00a0Bluetooth para el uso inal\u00e1mbrico casual en m\u00faltiples dispositivos. \u00a0RF de 2,4 GHz (con dongle USB) para el juego competitivo en modo inal\u00e1mbrico. \u00a0Cable USB-C para el juego competitivo en modo cableado. &nbsp;\" \/>\n<meta property=\"og:url\" content=\"https:\/\/unitgames.com.ar\/pc-gamer\/producto\/teclado-mecanico-redragon-eisa-inhalambrico-max\/\" \/>\n<meta property=\"og:site_name\" content=\"UnitGames\" \/>\n<meta property=\"article:modified_time\" content=\"2026-02-01T00:04:46+00:00\" \/>\n<meta property=\"og:image\" content=\"https:\/\/unitgames.com.ar\/pc-gamer\/wp-content\/uploads\/2025\/03\/Teclado-Mecanico-REDRAGON-EISA-Inhalambrico-Max.png\" \/>\n\t<meta property=\"og:image:width\" content=\"1283\" \/>\n\t<meta property=\"og:image:height\" content=\"1283\" \/>\n\t<meta property=\"og:image:type\" content=\"image\/png\" \/>\n<meta name=\"twitter:card\" content=\"summary_large_image\" \/>\n<meta name=\"twitter:label1\" content=\"Tiempo de lectura\" \/>\n\t<meta name=\"twitter:data1\" content=\"2 minutos\" \/>\n<script type=\"application\/ld+json\" class=\"yoast-schema-graph\">{\"@context\":\"https:\\\/\\\/schema.org\",\"@graph\":[{\"@type\":\"WebPage\",\"@id\":\"https:\\\/\\\/unitgames.com.ar\\\/pc-gamer\\\/producto\\\/teclado-mecanico-redragon-eisa-inhalambrico-max\\\/\",\"url\":\"https:\\\/\\\/unitgames.com.ar\\\/pc-gamer\\\/producto\\\/teclado-mecanico-redragon-eisa-inhalambrico-max\\\/\",\"name\":\"Teclado Mecanico Inalambrico REDRAGON EISA Max - UnitGames\",\"isPartOf\":{\"@id\":\"https:\\\/\\\/unitgames.com.ar\\\/pc-gamer\\\/#website\"},\"primaryImageOfPage\":{\"@id\":\"https:\\\/\\\/unitgames.com.ar\\\/pc-gamer\\\/producto\\\/teclado-mecanico-redragon-eisa-inhalambrico-max\\\/#primaryimage\"},\"image\":{\"@id\":\"https:\\\/\\\/unitgames.com.ar\\\/pc-gamer\\\/producto\\\/teclado-mecanico-redragon-eisa-inhalambrico-max\\\/#primaryimage\"},\"thumbnailUrl\":\"https:\\\/\\\/unitgames.com.ar\\\/pc-gamer\\\/wp-content\\\/uploads\\\/2025\\\/03\\\/Teclado-Mecanico-REDRAGON-EISA-Inhalambrico-Max.png\",\"datePublished\":\"2025-03-18T03:38:22+00:00\",\"dateModified\":\"2026-02-01T00:04:46+00:00\",\"breadcrumb\":{\"@id\":\"https:\\\/\\\/unitgames.com.ar\\\/pc-gamer\\\/producto\\\/teclado-mecanico-redragon-eisa-inhalambrico-max\\\/#breadcrumb\"},\"inLanguage\":\"es\",\"potentialAction\":[{\"@type\":\"ReadAction\",\"target\":[\"https:\\\/\\\/unitgames.com.ar\\\/pc-gamer\\\/producto\\\/teclado-mecanico-redragon-eisa-inhalambrico-max\\\/\"]}]},{\"@type\":\"ImageObject\",\"inLanguage\":\"es\",\"@id\":\"https:\\\/\\\/unitgames.com.ar\\\/pc-gamer\\\/producto\\\/teclado-mecanico-redragon-eisa-inhalambrico-max\\\/#primaryimage\",\"url\":\"https:\\\/\\\/unitgames.com.ar\\\/pc-gamer\\\/wp-content\\\/uploads\\\/2025\\\/03\\\/Teclado-Mecanico-REDRAGON-EISA-Inhalambrico-Max.png\",\"contentUrl\":\"https:\\\/\\\/unitgames.com.ar\\\/pc-gamer\\\/wp-content\\\/uploads\\\/2025\\\/03\\\/Teclado-Mecanico-REDRAGON-EISA-Inhalambrico-Max.png\",\"width\":1283,\"height\":1283},{\"@type\":\"BreadcrumbList\",\"@id\":\"https:\\\/\\\/unitgames.com.ar\\\/pc-gamer\\\/producto\\\/teclado-mecanico-redragon-eisa-inhalambrico-max\\\/#breadcrumb\",\"itemListElement\":[{\"@type\":\"ListItem\",\"position\":1,\"name\":\"Tienda\",\"item\":\"https:\\\/\\\/unitgames.com.ar\\\/pc-gamer\\\/tienda\\\/\"},{\"@type\":\"ListItem\",\"position\":2,\"name\":\"Teclado Mecanico Inalambrico REDRAGON EISA Max\"}]},{\"@type\":\"WebSite\",\"@id\":\"https:\\\/\\\/unitgames.com.ar\\\/pc-gamer\\\/#website\",\"url\":\"https:\\\/\\\/unitgames.com.ar\\\/pc-gamer\\\/\",\"name\":\"UnitGames\",\"description\":\"Venta de PC Gamers, Consolas , Servicio Tecnico Especializado. Todos en Accesorios Informaticos y Gamers\",\"publisher\":{\"@id\":\"https:\\\/\\\/unitgames.com.ar\\\/pc-gamer\\\/#organization\"},\"potentialAction\":[{\"@type\":\"SearchAction\",\"target\":{\"@type\":\"EntryPoint\",\"urlTemplate\":\"https:\\\/\\\/unitgames.com.ar\\\/pc-gamer\\\/?s={search_term_string}\"},\"query-input\":{\"@type\":\"PropertyValueSpecification\",\"valueRequired\":true,\"valueName\":\"search_term_string\"}}],\"inLanguage\":\"es\"},{\"@type\":\"Organization\",\"@id\":\"https:\\\/\\\/unitgames.com.ar\\\/pc-gamer\\\/#organization\",\"name\":\"UnitGames\",\"url\":\"https:\\\/\\\/unitgames.com.ar\\\/pc-gamer\\\/\",\"logo\":{\"@type\":\"ImageObject\",\"inLanguage\":\"es\",\"@id\":\"https:\\\/\\\/unitgames.com.ar\\\/pc-gamer\\\/#\\\/schema\\\/logo\\\/image\\\/\",\"url\":\"https:\\\/\\\/unitgames.com.ar\\\/pc-gamer\\\/wp-content\\\/uploads\\\/2021\\\/01\\\/cropped-logoUnitGames2.png\",\"contentUrl\":\"https:\\\/\\\/unitgames.com.ar\\\/pc-gamer\\\/wp-content\\\/uploads\\\/2021\\\/01\\\/cropped-logoUnitGames2.png\",\"width\":152,\"height\":200,\"caption\":\"UnitGames\"},\"image\":{\"@id\":\"https:\\\/\\\/unitgames.com.ar\\\/pc-gamer\\\/#\\\/schema\\\/logo\\\/image\\\/\"}}]}<\/script>\n<!-- \/ Yoast SEO plugin. -->","yoast_head_json":{"title":"Teclado Mecanico Inalambrico REDRAGON EISA Max - UnitGames","robots":{"index":"index","follow":"follow","max-snippet":"max-snippet:-1","max-image-preview":"max-image-preview:large","max-video-preview":"max-video-preview:-1"},"canonical":"https:\/\/unitgames.com.ar\/pc-gamer\/producto\/teclado-mecanico-redragon-eisa-inhalambrico-max\/","og_locale":"es_ES","og_type":"article","og_title":"Teclado Mecanico Inalambrico REDRAGON EISA Max - UnitGames","og_description":"VERS\u00c1TIL, SILENCIOSO, ENCANTADOR El Eisa es un teclado mec\u00e1nico de formato 98% con triple conexi\u00f3n, amortiguaci\u00f3n gasket, compatibilidad Windows\/Mac, rueda de control y bater\u00eda de duraci\u00f3n extra larga. Cuenta tambi\u00e9n con iluminaci\u00f3n RGB Chroma y un encanto retro irresistible. SUAVIDAD GASKET Equipado con los switches silenciosos Redragon Red, el Eisa agrega un elemento extra a la experiencia del tecleo ya que incluye una serie de capas internas de amortiguaci\u00f3n con sistema gasket que suavizan el sonido y el tacto de las pulsaciones sin resignar por ello precisi\u00f3n ni respuesta. COMPATIBILIDAD AMPLIADA Un rasgo genial del Eisa y de otros productos de la \u00faltima generaci\u00f3n Redragon es el switch Windows\/Mac que permite presetear el teclado para cualquiera de los dos sistemas operativos de manera inmediata. TRIPLE CONEXI\u00d3N Para cada necesidad, una modalidad de conexi\u00f3n. \u00a0Bluetooth para el uso inal\u00e1mbrico casual en m\u00faltiples dispositivos. \u00a0RF de 2,4 GHz (con dongle USB) para el juego competitivo en modo inal\u00e1mbrico. \u00a0Cable USB-C para el juego competitivo en modo cableado. &nbsp;","og_url":"https:\/\/unitgames.com.ar\/pc-gamer\/producto\/teclado-mecanico-redragon-eisa-inhalambrico-max\/","og_site_name":"UnitGames","article_modified_time":"2026-02-01T00:04:46+00:00","og_image":[{"width":1283,"height":1283,"url":"https:\/\/unitgames.com.ar\/pc-gamer\/wp-content\/uploads\/2025\/03\/Teclado-Mecanico-REDRAGON-EISA-Inhalambrico-Max.png","type":"image\/png"}],"twitter_card":"summary_large_image","twitter_misc":{"Tiempo de lectura":"2 minutos"},"schema":{"@context":"https:\/\/schema.org","@graph":[{"@type":"WebPage","@id":"https:\/\/unitgames.com.ar\/pc-gamer\/producto\/teclado-mecanico-redragon-eisa-inhalambrico-max\/","url":"https:\/\/unitgames.com.ar\/pc-gamer\/producto\/teclado-mecanico-redragon-eisa-inhalambrico-max\/","name":"Teclado Mecanico Inalambrico REDRAGON EISA Max - UnitGames","isPartOf":{"@id":"https:\/\/unitgames.com.ar\/pc-gamer\/#website"},"primaryImageOfPage":{"@id":"https:\/\/unitgames.com.ar\/pc-gamer\/producto\/teclado-mecanico-redragon-eisa-inhalambrico-max\/#primaryimage"},"image":{"@id":"https:\/\/unitgames.com.ar\/pc-gamer\/producto\/teclado-mecanico-redragon-eisa-inhalambrico-max\/#primaryimage"},"thumbnailUrl":"https:\/\/unitgames.com.ar\/pc-gamer\/wp-content\/uploads\/2025\/03\/Teclado-Mecanico-REDRAGON-EISA-Inhalambrico-Max.png","datePublished":"2025-03-18T03:38:22+00:00","dateModified":"2026-02-01T00:04:46+00:00","breadcrumb":{"@id":"https:\/\/unitgames.com.ar\/pc-gamer\/producto\/teclado-mecanico-redragon-eisa-inhalambrico-max\/#breadcrumb"},"inLanguage":"es","potentialAction":[{"@type":"ReadAction","target":["https:\/\/unitgames.com.ar\/pc-gamer\/producto\/teclado-mecanico-redragon-eisa-inhalambrico-max\/"]}]},{"@type":"ImageObject","inLanguage":"es","@id":"https:\/\/unitgames.com.ar\/pc-gamer\/producto\/teclado-mecanico-redragon-eisa-inhalambrico-max\/#primaryimage","url":"https:\/\/unitgames.com.ar\/pc-gamer\/wp-content\/uploads\/2025\/03\/Teclado-Mecanico-REDRAGON-EISA-Inhalambrico-Max.png","contentUrl":"https:\/\/unitgames.com.ar\/pc-gamer\/wp-content\/uploads\/2025\/03\/Teclado-Mecanico-REDRAGON-EISA-Inhalambrico-Max.png","width":1283,"height":1283},{"@type":"BreadcrumbList","@id":"https:\/\/unitgames.com.ar\/pc-gamer\/producto\/teclado-mecanico-redragon-eisa-inhalambrico-max\/#breadcrumb","itemListElement":[{"@type":"ListItem","position":1,"name":"Tienda","item":"https:\/\/unitgames.com.ar\/pc-gamer\/tienda\/"},{"@type":"ListItem","position":2,"name":"Teclado Mecanico Inalambrico REDRAGON EISA Max"}]},{"@type":"WebSite","@id":"https:\/\/unitgames.com.ar\/pc-gamer\/#website","url":"https:\/\/unitgames.com.ar\/pc-gamer\/","name":"UnitGames","description":"Venta de PC Gamers, Consolas , Servicio Tecnico Especializado. Todos en Accesorios Informaticos y Gamers","publisher":{"@id":"https:\/\/unitgames.com.ar\/pc-gamer\/#organization"},"potentialAction":[{"@type":"SearchAction","target":{"@type":"EntryPoint","urlTemplate":"https:\/\/unitgames.com.ar\/pc-gamer\/?s={search_term_string}"},"query-input":{"@type":"PropertyValueSpecification","valueRequired":true,"valueName":"search_term_string"}}],"inLanguage":"es"},{"@type":"Organization","@id":"https:\/\/unitgames.com.ar\/pc-gamer\/#organization","name":"UnitGames","url":"https:\/\/unitgames.com.ar\/pc-gamer\/","logo":{"@type":"ImageObject","inLanguage":"es","@id":"https:\/\/unitgames.com.ar\/pc-gamer\/#\/schema\/logo\/image\/","url":"https:\/\/unitgames.com.ar\/pc-gamer\/wp-content\/uploads\/2021\/01\/cropped-logoUnitGames2.png","contentUrl":"https:\/\/unitgames.com.ar\/pc-gamer\/wp-content\/uploads\/2021\/01\/cropped-logoUnitGames2.png","width":152,"height":200,"caption":"UnitGames"},"image":{"@id":"https:\/\/unitgames.com.ar\/pc-gamer\/#\/schema\/logo\/image\/"}}]}},"_links":{"self":[{"href":"https:\/\/unitgames.com.ar\/pc-gamer\/wp-json\/wp\/v2\/product\/13310","targetHints":{"allow":["GET"]}}],"collection":[{"href":"https:\/\/unitgames.com.ar\/pc-gamer\/wp-json\/wp\/v2\/product"}],"about":[{"href":"https:\/\/unitgames.com.ar\/pc-gamer\/wp-json\/wp\/v2\/types\/product"}],"version-history":[{"count":0,"href":"https:\/\/unitgames.com.ar\/pc-gamer\/wp-json\/wp\/v2\/product\/13310\/revisions"}],"wp:featuredmedia":[{"embeddable":true,"href":"https:\/\/unitgames.com.ar\/pc-gamer\/wp-json\/wp\/v2\/media\/13429"}],"wp:attachment":[{"href":"https:\/\/unitgames.com.ar\/pc-gamer\/wp-json\/wp\/v2\/media?parent=13310"}],"wp:term":[{"taxonomy":"product_brand","embeddable":true,"href":"https:\/\/unitgames.com.ar\/pc-gamer\/wp-json\/wp\/v2\/product_brand?post=13310"},{"taxonomy":"product_cat","embeddable":true,"href":"https:\/\/unitgames.com.ar\/pc-gamer\/wp-json\/wp\/v2\/product_cat?post=13310"},{"taxonomy":"product_tag","embeddable":true,"href":"https:\/\/unitgames.com.ar\/pc-gamer\/wp-json\/wp\/v2\/product_tag?post=13310"}],"curies":[{"name":"wp","href":"https:\/\/api.w.org\/{rel}","templated":true}]}}