{"id":13482,"date":"2025-03-26T00:55:52","date_gmt":"2025-03-26T03:55:52","guid":{"rendered":"https:\/\/unitgames.com.ar\/pc-gamer\/?post_type=product&#038;p=13482"},"modified":"2026-04-28T08:25:04","modified_gmt":"2026-04-28T11:25:04","slug":"monitor-msi-21-5-pro-mp225","status":"publish","type":"product","link":"https:\/\/unitgames.com.ar\/pc-gamer\/producto\/monitor-msi-21-5-pro-mp225\/","title":{"rendered":"Monitor MSI 21.5 PRO MP225V 100hz"},"content":{"rendered":"<p><strong>Marca: <\/strong>MSI<br \/>\n<strong>L\u00ednea: <\/strong>PRO<br \/>\n<strong>Modelo: <\/strong>MP225<br \/>\n<strong>Modelo alfanum\u00e9rico:<\/strong>PRO MP225<br \/>\n<strong>Conexiones del monitor: <\/strong>1 VGA\/ 1 HDMI<br \/>\n<strong>Conexion Auriculares: <\/strong>Si<br \/>\n<strong>Es reclinable: <\/strong>S\u00ed<br \/>\n<strong>Pantalla: <\/strong>Tama\u00f1o de la pantalla 21,5 \u00bb<\/p>\n<p><strong>Frecuencia de refresco: <\/strong>100Hz<br \/>\n<strong>Tipo de pantalla: <\/strong>LED<br \/>\n<strong>Tipo de resoluci\u00f3n: <\/strong>Full HD<br \/>\n<strong>Resoluci\u00f3n de la pantalla: <\/strong>1920 px x 1080 px<br \/>\n<strong>Tipo de panel: <\/strong>IPS<br \/>\n<strong>Tecnolog\u00edas de la pantalla: <\/strong>FreeSync<br \/>\n<strong>Curvatura de la pantalla:<\/strong> No<br \/>\n<strong>Cantidad de colores de la pantalla: <\/strong>16.7 millones<br \/>\n<strong>Relaci\u00f3n de aspecto: <\/strong>16:9<br \/>\n<strong>Contraste: <\/strong>1300:1<br \/>\n<strong>\u00c1ngulo de visi\u00f3n horizontal: <\/strong>178\u00b0<br \/>\n<strong>\u00c1ngulo de visi\u00f3n vertical: <\/strong>178\u00b0<br \/>\n<strong>Brillo:<\/strong> 250 cd\/m\u00b2<br \/>\n<strong>Tiempo de respuesta GTG: <\/strong>1 ms<br \/>\n<strong>Es antireflejo: <\/strong>S\u00ed<\/p>\n<p>&nbsp;<\/p>\n","protected":false},"excerpt":{"rendered":"<p>Marca: MSI L\u00ednea: PRO Modelo: MP225 Modelo alfanum\u00e9rico:PRO MP225 Conexiones del monitor: 1 VGA\/ 1 HDMI Conexion Auriculares: Si Es reclinable: S\u00ed Pantalla: Tama\u00f1o de la pantalla 21,5 \u00bb Frecuencia de refresco: 100Hz Tipo de pantalla: LED Tipo de resoluci\u00f3n: Full HD Resoluci\u00f3n de la pantalla: 1920 px x 1080 px Tipo de panel: IPS Tecnolog\u00edas de la pantalla: FreeSync Curvatura de la pantalla: No Cantidad de colores de la pantalla: 16.7 millones Relaci\u00f3n de aspecto: 16:9 Contraste: 1300:1 \u00c1ngulo de visi\u00f3n horizontal: 178\u00b0 \u00c1ngulo de visi\u00f3n vertical: 178\u00b0 Brillo: 250 cd\/m\u00b2 Tiempo de respuesta GTG: 1 ms Es antireflejo: S\u00ed &nbsp;<\/p>\n","protected":false},"featured_media":13484,"template":"","meta":{"site-sidebar-layout":"default","site-content-layout":"","ast-site-content-layout":"default","site-content-style":"default","site-sidebar-style":"default","ast-global-header-display":"","ast-banner-title-visibility":"","ast-main-header-display":"","ast-hfb-above-header-display":"","ast-hfb-below-header-display":"","ast-hfb-mobile-header-display":"","site-post-title":"","ast-breadcrumbs-content":"","ast-featured-img":"","footer-sml-layout":"","theme-transparent-header-meta":"default","adv-header-id-meta":"","stick-header-meta":"","header-above-stick-meta":"","header-main-stick-meta":"","header-below-stick-meta":"","astra-migrate-meta-layouts":"set","ast-page-background-enabled":"default","ast-page-background-meta":{"desktop":{"background-color":"var(--ast-global-color-5)","background-image":"","background-repeat":"repeat","background-position":"center center","background-size":"auto","background-attachment":"scroll","background-type":"","background-media":"","overlay-type":"","overlay-color":"","overlay-opacity":"","overlay-gradient":""},"tablet":{"background-color":"","background-image":"","background-repeat":"repeat","background-position":"center center","background-size":"auto","background-attachment":"scroll","background-type":"","background-media":"","overlay-type":"","overlay-color":"","overlay-opacity":"","overlay-gradient":""},"mobile":{"background-color":"","background-image":"","background-repeat":"repeat","background-position":"center center","background-size":"auto","background-attachment":"scroll","background-type":"","background-media":"","overlay-type":"","overlay-color":"","overlay-opacity":"","overlay-gradient":""}},"ast-content-background-meta":{"desktop":{"background-color":"var(--ast-global-color-4)","background-image":"","background-repeat":"repeat","background-position":"center center","background-size":"auto","background-attachment":"scroll","background-type":"","background-media":"","overlay-type":"","overlay-color":"","overlay-opacity":"","overlay-gradient":""},"tablet":{"background-color":"var(--ast-global-color-4)","background-image":"","background-repeat":"repeat","background-position":"center center","background-size":"auto","background-attachment":"scroll","background-type":"","background-media":"","overlay-type":"","overlay-color":"","overlay-opacity":"","overlay-gradient":""},"mobile":{"background-color":"var(--ast-global-color-4)","background-image":"","background-repeat":"repeat","background-position":"center center","background-size":"auto","background-attachment":"scroll","background-type":"","background-media":"","overlay-type":"","overlay-color":"","overlay-opacity":"","overlay-gradient":""}},"_joinchat":[]},"product_brand":[],"product_cat":[70],"product_tag":[],"class_list":{"0":"post-13482","1":"product","2":"type-product","3":"status-publish","4":"has-post-thumbnail","6":"product_cat-monitores","7":"desktop-align-center","8":"tablet-align-left","9":"mobile-align-left","11":"first","12":"instock","13":"shipping-taxable","14":"purchasable","15":"product-type-simple"},"yoast_head":"<!-- This site is optimized with the Yoast SEO plugin v27.5 - https:\/\/yoast.com\/product\/yoast-seo-wordpress\/ -->\n<title>Monitor MSI 21.5 PRO MP225V 100hz - UnitGames<\/title>\n<meta name=\"robots\" content=\"index, follow, max-snippet:-1, max-image-preview:large, max-video-preview:-1\" \/>\n<link rel=\"canonical\" href=\"https:\/\/unitgames.com.ar\/pc-gamer\/producto\/monitor-msi-21-5-pro-mp225\/\" \/>\n<meta property=\"og:locale\" content=\"es_ES\" \/>\n<meta property=\"og:type\" content=\"article\" \/>\n<meta property=\"og:title\" content=\"Monitor MSI 21.5 PRO MP225V 100hz - UnitGames\" \/>\n<meta property=\"og:description\" content=\"Marca: MSI L\u00ednea: PRO Modelo: MP225 Modelo alfanum\u00e9rico:PRO MP225 Conexiones del monitor: 1 VGA\/ 1 HDMI Conexion Auriculares: Si Es reclinable: S\u00ed Pantalla: Tama\u00f1o de la pantalla 21,5 \u00bb Frecuencia de refresco: 100Hz Tipo de pantalla: LED Tipo de resoluci\u00f3n: Full HD Resoluci\u00f3n de la pantalla: 1920 px x 1080 px Tipo de panel: IPS Tecnolog\u00edas de la pantalla: FreeSync Curvatura de la pantalla: No Cantidad de colores de la pantalla: 16.7 millones Relaci\u00f3n de aspecto: 16:9 Contraste: 1300:1 \u00c1ngulo de visi\u00f3n horizontal: 178\u00b0 \u00c1ngulo de visi\u00f3n vertical: 178\u00b0 Brillo: 250 cd\/m\u00b2 Tiempo de respuesta GTG: 1 ms Es antireflejo: S\u00ed &nbsp;\" \/>\n<meta property=\"og:url\" content=\"https:\/\/unitgames.com.ar\/pc-gamer\/producto\/monitor-msi-21-5-pro-mp225\/\" \/>\n<meta property=\"og:site_name\" content=\"UnitGames\" \/>\n<meta property=\"article:modified_time\" content=\"2026-04-28T11:25:04+00:00\" \/>\n<meta property=\"og:image\" content=\"https:\/\/unitgames.com.ar\/pc-gamer\/wp-content\/uploads\/2025\/03\/Monitor-MSI-21.5-PRO-MP225.png\" \/>\n\t<meta property=\"og:image:width\" content=\"1282\" \/>\n\t<meta property=\"og:image:height\" content=\"1285\" \/>\n\t<meta property=\"og:image:type\" content=\"image\/png\" \/>\n<meta name=\"twitter:card\" content=\"summary_large_image\" \/>\n<meta name=\"twitter:label1\" content=\"Tiempo de lectura\" \/>\n\t<meta name=\"twitter:data1\" content=\"1 minuto\" \/>\n<script type=\"application\/ld+json\" class=\"yoast-schema-graph\">{\"@context\":\"https:\\\/\\\/schema.org\",\"@graph\":[{\"@type\":\"WebPage\",\"@id\":\"https:\\\/\\\/unitgames.com.ar\\\/pc-gamer\\\/producto\\\/monitor-msi-21-5-pro-mp225\\\/\",\"url\":\"https:\\\/\\\/unitgames.com.ar\\\/pc-gamer\\\/producto\\\/monitor-msi-21-5-pro-mp225\\\/\",\"name\":\"Monitor MSI 21.5 PRO MP225V 100hz - UnitGames\",\"isPartOf\":{\"@id\":\"https:\\\/\\\/unitgames.com.ar\\\/pc-gamer\\\/#website\"},\"primaryImageOfPage\":{\"@id\":\"https:\\\/\\\/unitgames.com.ar\\\/pc-gamer\\\/producto\\\/monitor-msi-21-5-pro-mp225\\\/#primaryimage\"},\"image\":{\"@id\":\"https:\\\/\\\/unitgames.com.ar\\\/pc-gamer\\\/producto\\\/monitor-msi-21-5-pro-mp225\\\/#primaryimage\"},\"thumbnailUrl\":\"https:\\\/\\\/unitgames.com.ar\\\/pc-gamer\\\/wp-content\\\/uploads\\\/2025\\\/03\\\/Monitor-MSI-21.5-PRO-MP225.png\",\"datePublished\":\"2025-03-26T03:55:52+00:00\",\"dateModified\":\"2026-04-28T11:25:04+00:00\",\"breadcrumb\":{\"@id\":\"https:\\\/\\\/unitgames.com.ar\\\/pc-gamer\\\/producto\\\/monitor-msi-21-5-pro-mp225\\\/#breadcrumb\"},\"inLanguage\":\"es\",\"potentialAction\":[{\"@type\":\"ReadAction\",\"target\":[\"https:\\\/\\\/unitgames.com.ar\\\/pc-gamer\\\/producto\\\/monitor-msi-21-5-pro-mp225\\\/\"]}]},{\"@type\":\"ImageObject\",\"inLanguage\":\"es\",\"@id\":\"https:\\\/\\\/unitgames.com.ar\\\/pc-gamer\\\/producto\\\/monitor-msi-21-5-pro-mp225\\\/#primaryimage\",\"url\":\"https:\\\/\\\/unitgames.com.ar\\\/pc-gamer\\\/wp-content\\\/uploads\\\/2025\\\/03\\\/Monitor-MSI-21.5-PRO-MP225.png\",\"contentUrl\":\"https:\\\/\\\/unitgames.com.ar\\\/pc-gamer\\\/wp-content\\\/uploads\\\/2025\\\/03\\\/Monitor-MSI-21.5-PRO-MP225.png\",\"width\":1282,\"height\":1285},{\"@type\":\"BreadcrumbList\",\"@id\":\"https:\\\/\\\/unitgames.com.ar\\\/pc-gamer\\\/producto\\\/monitor-msi-21-5-pro-mp225\\\/#breadcrumb\",\"itemListElement\":[{\"@type\":\"ListItem\",\"position\":1,\"name\":\"Tienda\",\"item\":\"https:\\\/\\\/unitgames.com.ar\\\/pc-gamer\\\/tienda\\\/\"},{\"@type\":\"ListItem\",\"position\":2,\"name\":\"Monitor MSI 21.5 PRO MP225V 100hz\"}]},{\"@type\":\"WebSite\",\"@id\":\"https:\\\/\\\/unitgames.com.ar\\\/pc-gamer\\\/#website\",\"url\":\"https:\\\/\\\/unitgames.com.ar\\\/pc-gamer\\\/\",\"name\":\"UnitGames\",\"description\":\"Venta de PC Gamers, Consolas , Servicio Tecnico Especializado. Todos en Accesorios Informaticos y Gamers\",\"publisher\":{\"@id\":\"https:\\\/\\\/unitgames.com.ar\\\/pc-gamer\\\/#organization\"},\"potentialAction\":[{\"@type\":\"SearchAction\",\"target\":{\"@type\":\"EntryPoint\",\"urlTemplate\":\"https:\\\/\\\/unitgames.com.ar\\\/pc-gamer\\\/?s={search_term_string}\"},\"query-input\":{\"@type\":\"PropertyValueSpecification\",\"valueRequired\":true,\"valueName\":\"search_term_string\"}}],\"inLanguage\":\"es\"},{\"@type\":\"Organization\",\"@id\":\"https:\\\/\\\/unitgames.com.ar\\\/pc-gamer\\\/#organization\",\"name\":\"UnitGames\",\"url\":\"https:\\\/\\\/unitgames.com.ar\\\/pc-gamer\\\/\",\"logo\":{\"@type\":\"ImageObject\",\"inLanguage\":\"es\",\"@id\":\"https:\\\/\\\/unitgames.com.ar\\\/pc-gamer\\\/#\\\/schema\\\/logo\\\/image\\\/\",\"url\":\"https:\\\/\\\/unitgames.com.ar\\\/pc-gamer\\\/wp-content\\\/uploads\\\/2021\\\/01\\\/cropped-logoUnitGames2.png\",\"contentUrl\":\"https:\\\/\\\/unitgames.com.ar\\\/pc-gamer\\\/wp-content\\\/uploads\\\/2021\\\/01\\\/cropped-logoUnitGames2.png\",\"width\":152,\"height\":200,\"caption\":\"UnitGames\"},\"image\":{\"@id\":\"https:\\\/\\\/unitgames.com.ar\\\/pc-gamer\\\/#\\\/schema\\\/logo\\\/image\\\/\"}}]}<\/script>\n<!-- \/ Yoast SEO plugin. -->","yoast_head_json":{"title":"Monitor MSI 21.5 PRO MP225V 100hz - UnitGames","robots":{"index":"index","follow":"follow","max-snippet":"max-snippet:-1","max-image-preview":"max-image-preview:large","max-video-preview":"max-video-preview:-1"},"canonical":"https:\/\/unitgames.com.ar\/pc-gamer\/producto\/monitor-msi-21-5-pro-mp225\/","og_locale":"es_ES","og_type":"article","og_title":"Monitor MSI 21.5 PRO MP225V 100hz - UnitGames","og_description":"Marca: MSI L\u00ednea: PRO Modelo: MP225 Modelo alfanum\u00e9rico:PRO MP225 Conexiones del monitor: 1 VGA\/ 1 HDMI Conexion Auriculares: Si Es reclinable: S\u00ed Pantalla: Tama\u00f1o de la pantalla 21,5 \u00bb Frecuencia de refresco: 100Hz Tipo de pantalla: LED Tipo de resoluci\u00f3n: Full HD Resoluci\u00f3n de la pantalla: 1920 px x 1080 px Tipo de panel: IPS Tecnolog\u00edas de la pantalla: FreeSync Curvatura de la pantalla: No Cantidad de colores de la pantalla: 16.7 millones Relaci\u00f3n de aspecto: 16:9 Contraste: 1300:1 \u00c1ngulo de visi\u00f3n horizontal: 178\u00b0 \u00c1ngulo de visi\u00f3n vertical: 178\u00b0 Brillo: 250 cd\/m\u00b2 Tiempo de respuesta GTG: 1 ms Es antireflejo: S\u00ed &nbsp;","og_url":"https:\/\/unitgames.com.ar\/pc-gamer\/producto\/monitor-msi-21-5-pro-mp225\/","og_site_name":"UnitGames","article_modified_time":"2026-04-28T11:25:04+00:00","og_image":[{"width":1282,"height":1285,"url":"https:\/\/unitgames.com.ar\/pc-gamer\/wp-content\/uploads\/2025\/03\/Monitor-MSI-21.5-PRO-MP225.png","type":"image\/png"}],"twitter_card":"summary_large_image","twitter_misc":{"Tiempo de lectura":"1 minuto"},"schema":{"@context":"https:\/\/schema.org","@graph":[{"@type":"WebPage","@id":"https:\/\/unitgames.com.ar\/pc-gamer\/producto\/monitor-msi-21-5-pro-mp225\/","url":"https:\/\/unitgames.com.ar\/pc-gamer\/producto\/monitor-msi-21-5-pro-mp225\/","name":"Monitor MSI 21.5 PRO MP225V 100hz - UnitGames","isPartOf":{"@id":"https:\/\/unitgames.com.ar\/pc-gamer\/#website"},"primaryImageOfPage":{"@id":"https:\/\/unitgames.com.ar\/pc-gamer\/producto\/monitor-msi-21-5-pro-mp225\/#primaryimage"},"image":{"@id":"https:\/\/unitgames.com.ar\/pc-gamer\/producto\/monitor-msi-21-5-pro-mp225\/#primaryimage"},"thumbnailUrl":"https:\/\/unitgames.com.ar\/pc-gamer\/wp-content\/uploads\/2025\/03\/Monitor-MSI-21.5-PRO-MP225.png","datePublished":"2025-03-26T03:55:52+00:00","dateModified":"2026-04-28T11:25:04+00:00","breadcrumb":{"@id":"https:\/\/unitgames.com.ar\/pc-gamer\/producto\/monitor-msi-21-5-pro-mp225\/#breadcrumb"},"inLanguage":"es","potentialAction":[{"@type":"ReadAction","target":["https:\/\/unitgames.com.ar\/pc-gamer\/producto\/monitor-msi-21-5-pro-mp225\/"]}]},{"@type":"ImageObject","inLanguage":"es","@id":"https:\/\/unitgames.com.ar\/pc-gamer\/producto\/monitor-msi-21-5-pro-mp225\/#primaryimage","url":"https:\/\/unitgames.com.ar\/pc-gamer\/wp-content\/uploads\/2025\/03\/Monitor-MSI-21.5-PRO-MP225.png","contentUrl":"https:\/\/unitgames.com.ar\/pc-gamer\/wp-content\/uploads\/2025\/03\/Monitor-MSI-21.5-PRO-MP225.png","width":1282,"height":1285},{"@type":"BreadcrumbList","@id":"https:\/\/unitgames.com.ar\/pc-gamer\/producto\/monitor-msi-21-5-pro-mp225\/#breadcrumb","itemListElement":[{"@type":"ListItem","position":1,"name":"Tienda","item":"https:\/\/unitgames.com.ar\/pc-gamer\/tienda\/"},{"@type":"ListItem","position":2,"name":"Monitor MSI 21.5 PRO MP225V 100hz"}]},{"@type":"WebSite","@id":"https:\/\/unitgames.com.ar\/pc-gamer\/#website","url":"https:\/\/unitgames.com.ar\/pc-gamer\/","name":"UnitGames","description":"Venta de PC Gamers, Consolas , Servicio Tecnico Especializado. Todos en Accesorios Informaticos y Gamers","publisher":{"@id":"https:\/\/unitgames.com.ar\/pc-gamer\/#organization"},"potentialAction":[{"@type":"SearchAction","target":{"@type":"EntryPoint","urlTemplate":"https:\/\/unitgames.com.ar\/pc-gamer\/?s={search_term_string}"},"query-input":{"@type":"PropertyValueSpecification","valueRequired":true,"valueName":"search_term_string"}}],"inLanguage":"es"},{"@type":"Organization","@id":"https:\/\/unitgames.com.ar\/pc-gamer\/#organization","name":"UnitGames","url":"https:\/\/unitgames.com.ar\/pc-gamer\/","logo":{"@type":"ImageObject","inLanguage":"es","@id":"https:\/\/unitgames.com.ar\/pc-gamer\/#\/schema\/logo\/image\/","url":"https:\/\/unitgames.com.ar\/pc-gamer\/wp-content\/uploads\/2021\/01\/cropped-logoUnitGames2.png","contentUrl":"https:\/\/unitgames.com.ar\/pc-gamer\/wp-content\/uploads\/2021\/01\/cropped-logoUnitGames2.png","width":152,"height":200,"caption":"UnitGames"},"image":{"@id":"https:\/\/unitgames.com.ar\/pc-gamer\/#\/schema\/logo\/image\/"}}]}},"_links":{"self":[{"href":"https:\/\/unitgames.com.ar\/pc-gamer\/wp-json\/wp\/v2\/product\/13482","targetHints":{"allow":["GET"]}}],"collection":[{"href":"https:\/\/unitgames.com.ar\/pc-gamer\/wp-json\/wp\/v2\/product"}],"about":[{"href":"https:\/\/unitgames.com.ar\/pc-gamer\/wp-json\/wp\/v2\/types\/product"}],"version-history":[{"count":0,"href":"https:\/\/unitgames.com.ar\/pc-gamer\/wp-json\/wp\/v2\/product\/13482\/revisions"}],"wp:featuredmedia":[{"embeddable":true,"href":"https:\/\/unitgames.com.ar\/pc-gamer\/wp-json\/wp\/v2\/media\/13484"}],"wp:attachment":[{"href":"https:\/\/unitgames.com.ar\/pc-gamer\/wp-json\/wp\/v2\/media?parent=13482"}],"wp:term":[{"taxonomy":"product_brand","embeddable":true,"href":"https:\/\/unitgames.com.ar\/pc-gamer\/wp-json\/wp\/v2\/product_brand?post=13482"},{"taxonomy":"product_cat","embeddable":true,"href":"https:\/\/unitgames.com.ar\/pc-gamer\/wp-json\/wp\/v2\/product_cat?post=13482"},{"taxonomy":"product_tag","embeddable":true,"href":"https:\/\/unitgames.com.ar\/pc-gamer\/wp-json\/wp\/v2\/product_tag?post=13482"}],"curies":[{"name":"wp","href":"https:\/\/api.w.org\/{rel}","templated":true}]}}