{"id":13760,"date":"2025-04-10T19:48:19","date_gmt":"2025-04-10T22:48:19","guid":{"rendered":"https:\/\/unitgames.com.ar\/pc-gamer\/?post_type=product&#038;p=13760"},"modified":"2026-01-17T12:25:36","modified_gmt":"2026-01-17T15:25:36","slug":"auricular-viewsonic-va350e","status":"publish","type":"product","link":"https:\/\/unitgames.com.ar\/pc-gamer\/producto\/auricular-viewsonic-va350e\/","title":{"rendered":"Auriculares VIEWSONIC VA350E"},"content":{"rendered":"<p>Caracteristicas :<\/p>\n<p>Sumergite por completo en tu juego de acci\u00f3n, tu m\u00fasica o pel\u00edcula favorita, con el excelente sonido que te proporcionar\u00e1n estos auriculares Viewsonic VA350E.<\/p>\n<p>Particip\u00e1 de charlas, videoconferencias y streaming usando su micr\u00f3fono flexible incorporado.<\/p>\n<p>Gracias a sus orejeras de 50mm quedaras totalmente inmerso en tus batallas. Con un acolchado suave que te dar\u00e1n total comodidad durante largas sesiones de juego. Detalles de luces LED en orejeras y micr\u00f3fono.<\/p>\n<p>Vincha acolchada recubierta y regulable en altura para un perfecto ajuste.<\/p>\n<p>Cable de 2,2 metros de largo para un libre movimiento evitando roturas.<\/p>\n<p>\u2022 Marca: Viewsonic.<br \/>\n\u2022 Modelo: VA350E.<br \/>\n\u2022 Micr\u00f3fono Integrado.<br \/>\n\u2022 Plug &amp; Play: S\u00ed.<br \/>\n\u2022 Conectividad: Doble Miniplug 3,5mm (audio\/micr\u00f3fono).<br \/>\n\u2022 Conectividad : USB (luces).<br \/>\n\u2022 Di\u00e1metro del Altavoz: 50 mm.<br \/>\n\u2022 Sensibilidad: 110dB +\/- 3dB.<br \/>\n\u2022 Potencia M\u00e1xima de salida: 30mW.<br \/>\n\u2022 Respuesta de frecuencia: 20Hz ~ 20kHz.<br \/>\n\u2022 Tama\u00f1o del producto: 224 x 183 x 92 mm.<\/p>\n<p>\u2022 Di\u00e1metro del Altavoz: 50 mm.<br \/>\n\u2022 Sensibilidad: 110dB +\/- 3dB.<br \/>\n\u2022 Potencia M\u00e1xima de salida: 30mW.<br \/>\n\u2022 Respuesta de frecuencia: 20Hz ~ 20kHz.<br \/>\n\u2022 Tama\u00f1o del producto: 224 x 183 x 92 mm.<\/p>\n","protected":false},"excerpt":{"rendered":"<p>Caracteristicas : Sumergite por completo en tu juego de acci\u00f3n, tu m\u00fasica o pel\u00edcula favorita, con el excelente sonido que te proporcionar\u00e1n estos auriculares Viewsonic VA350E. Particip\u00e1 de charlas, videoconferencias y streaming usando su micr\u00f3fono flexible incorporado. Gracias a sus orejeras de 50mm quedaras totalmente inmerso en tus batallas. Con un acolchado suave que te dar\u00e1n total comodidad durante largas sesiones de juego. Detalles de luces LED en orejeras y micr\u00f3fono. Vincha acolchada recubierta y regulable en altura para un perfecto ajuste. Cable de 2,2 metros de largo para un libre movimiento evitando roturas. \u2022 Marca: Viewsonic. \u2022 Modelo: VA350E. \u2022 Micr\u00f3fono Integrado. \u2022 Plug &amp; Play: S\u00ed. \u2022 Conectividad: Doble Miniplug 3,5mm (audio\/micr\u00f3fono). \u2022 Conectividad : USB (luces). \u2022 Di\u00e1metro del Altavoz: 50 mm. \u2022 Sensibilidad: 110dB +\/- 3dB. \u2022 Potencia M\u00e1xima de salida: 30mW. \u2022 Respuesta de frecuencia: 20Hz ~ 20kHz. \u2022 Tama\u00f1o del producto: 224 x 183 x 92 mm. \u2022 Di\u00e1metro del Altavoz: 50 mm. \u2022 Sensibilidad: 110dB +\/- 3dB. \u2022 Potencia M\u00e1xima de salida: 30mW. \u2022 Respuesta de frecuencia: 20Hz ~ 20kHz. \u2022 Tama\u00f1o del producto: 224 x 183 x 92 mm.<\/p>\n","protected":false},"featured_media":13833,"template":"","meta":{"site-sidebar-layout":"default","site-content-layout":"","ast-site-content-layout":"default","site-content-style":"default","site-sidebar-style":"default","ast-global-header-display":"","ast-banner-title-visibility":"","ast-main-header-display":"","ast-hfb-above-header-display":"","ast-hfb-below-header-display":"","ast-hfb-mobile-header-display":"","site-post-title":"","ast-breadcrumbs-content":"","ast-featured-img":"","footer-sml-layout":"","theme-transparent-header-meta":"default","adv-header-id-meta":"","stick-header-meta":"","header-above-stick-meta":"","header-main-stick-meta":"","header-below-stick-meta":"","astra-migrate-meta-layouts":"set","ast-page-background-enabled":"default","ast-page-background-meta":{"desktop":{"background-color":"var(--ast-global-color-5)","background-image":"","background-repeat":"repeat","background-position":"center center","background-size":"auto","background-attachment":"scroll","background-type":"","background-media":"","overlay-type":"","overlay-color":"","overlay-opacity":"","overlay-gradient":""},"tablet":{"background-color":"","background-image":"","background-repeat":"repeat","background-position":"center center","background-size":"auto","background-attachment":"scroll","background-type":"","background-media":"","overlay-type":"","overlay-color":"","overlay-opacity":"","overlay-gradient":""},"mobile":{"background-color":"","background-image":"","background-repeat":"repeat","background-position":"center center","background-size":"auto","background-attachment":"scroll","background-type":"","background-media":"","overlay-type":"","overlay-color":"","overlay-opacity":"","overlay-gradient":""}},"ast-content-background-meta":{"desktop":{"background-color":"var(--ast-global-color-4)","background-image":"","background-repeat":"repeat","background-position":"center center","background-size":"auto","background-attachment":"scroll","background-type":"","background-media":"","overlay-type":"","overlay-color":"","overlay-opacity":"","overlay-gradient":""},"tablet":{"background-color":"var(--ast-global-color-4)","background-image":"","background-repeat":"repeat","background-position":"center center","background-size":"auto","background-attachment":"scroll","background-type":"","background-media":"","overlay-type":"","overlay-color":"","overlay-opacity":"","overlay-gradient":""},"mobile":{"background-color":"var(--ast-global-color-4)","background-image":"","background-repeat":"repeat","background-position":"center center","background-size":"auto","background-attachment":"scroll","background-type":"","background-media":"","overlay-type":"","overlay-color":"","overlay-opacity":"","overlay-gradient":""}},"_joinchat":[]},"product_brand":[],"product_cat":[81],"product_tag":[],"class_list":{"0":"post-13760","1":"product","2":"type-product","3":"status-publish","4":"has-post-thumbnail","6":"product_cat-auriculares-pc-play-y-xbox","7":"desktop-align-center","8":"tablet-align-left","9":"mobile-align-left","11":"first","12":"instock","13":"shipping-taxable","14":"purchasable","15":"product-type-simple"},"yoast_head":"<!-- This site is optimized with the Yoast SEO plugin v27.3 - https:\/\/yoast.com\/product\/yoast-seo-wordpress\/ -->\n<title>Auriculares VIEWSONIC VA350E - UnitGames<\/title>\n<meta name=\"robots\" content=\"index, follow, max-snippet:-1, max-image-preview:large, max-video-preview:-1\" \/>\n<link rel=\"canonical\" href=\"https:\/\/unitgames.com.ar\/pc-gamer\/producto\/auricular-viewsonic-va350e\/\" \/>\n<meta property=\"og:locale\" content=\"es_ES\" \/>\n<meta property=\"og:type\" content=\"article\" \/>\n<meta property=\"og:title\" content=\"Auriculares VIEWSONIC VA350E - UnitGames\" \/>\n<meta property=\"og:description\" content=\"Caracteristicas : Sumergite por completo en tu juego de acci\u00f3n, tu m\u00fasica o pel\u00edcula favorita, con el excelente sonido que te proporcionar\u00e1n estos auriculares Viewsonic VA350E. Particip\u00e1 de charlas, videoconferencias y streaming usando su micr\u00f3fono flexible incorporado. Gracias a sus orejeras de 50mm quedaras totalmente inmerso en tus batallas. Con un acolchado suave que te dar\u00e1n total comodidad durante largas sesiones de juego. Detalles de luces LED en orejeras y micr\u00f3fono. Vincha acolchada recubierta y regulable en altura para un perfecto ajuste. Cable de 2,2 metros de largo para un libre movimiento evitando roturas. \u2022 Marca: Viewsonic. \u2022 Modelo: VA350E. \u2022 Micr\u00f3fono Integrado. \u2022 Plug &amp; Play: S\u00ed. \u2022 Conectividad: Doble Miniplug 3,5mm (audio\/micr\u00f3fono). \u2022 Conectividad : USB (luces). \u2022 Di\u00e1metro del Altavoz: 50 mm. \u2022 Sensibilidad: 110dB +\/- 3dB. \u2022 Potencia M\u00e1xima de salida: 30mW. \u2022 Respuesta de frecuencia: 20Hz ~ 20kHz. \u2022 Tama\u00f1o del producto: 224 x 183 x 92 mm. \u2022 Di\u00e1metro del Altavoz: 50 mm. \u2022 Sensibilidad: 110dB +\/- 3dB. \u2022 Potencia M\u00e1xima de salida: 30mW. \u2022 Respuesta de frecuencia: 20Hz ~ 20kHz. \u2022 Tama\u00f1o del producto: 224 x 183 x 92 mm.\" \/>\n<meta property=\"og:url\" content=\"https:\/\/unitgames.com.ar\/pc-gamer\/producto\/auricular-viewsonic-va350e\/\" \/>\n<meta property=\"og:site_name\" content=\"UnitGames\" \/>\n<meta property=\"article:modified_time\" content=\"2026-01-17T15:25:36+00:00\" \/>\n<meta property=\"og:image\" content=\"https:\/\/unitgames.com.ar\/pc-gamer\/wp-content\/uploads\/2025\/04\/Auricular-VIEWSONIC-VA350B.png\" \/>\n\t<meta property=\"og:image:width\" content=\"1263\" \/>\n\t<meta property=\"og:image:height\" content=\"1285\" \/>\n\t<meta property=\"og:image:type\" content=\"image\/png\" \/>\n<meta name=\"twitter:card\" content=\"summary_large_image\" \/>\n<meta name=\"twitter:label1\" content=\"Tiempo de lectura\" \/>\n\t<meta name=\"twitter:data1\" content=\"2 minutos\" \/>\n<script type=\"application\/ld+json\" class=\"yoast-schema-graph\">{\"@context\":\"https:\\\/\\\/schema.org\",\"@graph\":[{\"@type\":\"WebPage\",\"@id\":\"https:\\\/\\\/unitgames.com.ar\\\/pc-gamer\\\/producto\\\/auricular-viewsonic-va350e\\\/\",\"url\":\"https:\\\/\\\/unitgames.com.ar\\\/pc-gamer\\\/producto\\\/auricular-viewsonic-va350e\\\/\",\"name\":\"Auriculares VIEWSONIC VA350E - UnitGames\",\"isPartOf\":{\"@id\":\"https:\\\/\\\/unitgames.com.ar\\\/pc-gamer\\\/#website\"},\"primaryImageOfPage\":{\"@id\":\"https:\\\/\\\/unitgames.com.ar\\\/pc-gamer\\\/producto\\\/auricular-viewsonic-va350e\\\/#primaryimage\"},\"image\":{\"@id\":\"https:\\\/\\\/unitgames.com.ar\\\/pc-gamer\\\/producto\\\/auricular-viewsonic-va350e\\\/#primaryimage\"},\"thumbnailUrl\":\"https:\\\/\\\/unitgames.com.ar\\\/pc-gamer\\\/wp-content\\\/uploads\\\/2025\\\/04\\\/Auricular-VIEWSONIC-VA350B.png\",\"datePublished\":\"2025-04-10T22:48:19+00:00\",\"dateModified\":\"2026-01-17T15:25:36+00:00\",\"breadcrumb\":{\"@id\":\"https:\\\/\\\/unitgames.com.ar\\\/pc-gamer\\\/producto\\\/auricular-viewsonic-va350e\\\/#breadcrumb\"},\"inLanguage\":\"es\",\"potentialAction\":[{\"@type\":\"ReadAction\",\"target\":[\"https:\\\/\\\/unitgames.com.ar\\\/pc-gamer\\\/producto\\\/auricular-viewsonic-va350e\\\/\"]}]},{\"@type\":\"ImageObject\",\"inLanguage\":\"es\",\"@id\":\"https:\\\/\\\/unitgames.com.ar\\\/pc-gamer\\\/producto\\\/auricular-viewsonic-va350e\\\/#primaryimage\",\"url\":\"https:\\\/\\\/unitgames.com.ar\\\/pc-gamer\\\/wp-content\\\/uploads\\\/2025\\\/04\\\/Auricular-VIEWSONIC-VA350B.png\",\"contentUrl\":\"https:\\\/\\\/unitgames.com.ar\\\/pc-gamer\\\/wp-content\\\/uploads\\\/2025\\\/04\\\/Auricular-VIEWSONIC-VA350B.png\",\"width\":1263,\"height\":1285},{\"@type\":\"BreadcrumbList\",\"@id\":\"https:\\\/\\\/unitgames.com.ar\\\/pc-gamer\\\/producto\\\/auricular-viewsonic-va350e\\\/#breadcrumb\",\"itemListElement\":[{\"@type\":\"ListItem\",\"position\":1,\"name\":\"Tienda\",\"item\":\"https:\\\/\\\/unitgames.com.ar\\\/pc-gamer\\\/tienda\\\/\"},{\"@type\":\"ListItem\",\"position\":2,\"name\":\"Auriculares VIEWSONIC VA350E\"}]},{\"@type\":\"WebSite\",\"@id\":\"https:\\\/\\\/unitgames.com.ar\\\/pc-gamer\\\/#website\",\"url\":\"https:\\\/\\\/unitgames.com.ar\\\/pc-gamer\\\/\",\"name\":\"UnitGames\",\"description\":\"Venta de PC Gamers, Consolas , Servicio Tecnico Especializado. Todos en Accesorios Informaticos y Gamers\",\"publisher\":{\"@id\":\"https:\\\/\\\/unitgames.com.ar\\\/pc-gamer\\\/#organization\"},\"potentialAction\":[{\"@type\":\"SearchAction\",\"target\":{\"@type\":\"EntryPoint\",\"urlTemplate\":\"https:\\\/\\\/unitgames.com.ar\\\/pc-gamer\\\/?s={search_term_string}\"},\"query-input\":{\"@type\":\"PropertyValueSpecification\",\"valueRequired\":true,\"valueName\":\"search_term_string\"}}],\"inLanguage\":\"es\"},{\"@type\":\"Organization\",\"@id\":\"https:\\\/\\\/unitgames.com.ar\\\/pc-gamer\\\/#organization\",\"name\":\"UnitGames\",\"url\":\"https:\\\/\\\/unitgames.com.ar\\\/pc-gamer\\\/\",\"logo\":{\"@type\":\"ImageObject\",\"inLanguage\":\"es\",\"@id\":\"https:\\\/\\\/unitgames.com.ar\\\/pc-gamer\\\/#\\\/schema\\\/logo\\\/image\\\/\",\"url\":\"https:\\\/\\\/unitgames.com.ar\\\/pc-gamer\\\/wp-content\\\/uploads\\\/2021\\\/01\\\/cropped-logoUnitGames2.png\",\"contentUrl\":\"https:\\\/\\\/unitgames.com.ar\\\/pc-gamer\\\/wp-content\\\/uploads\\\/2021\\\/01\\\/cropped-logoUnitGames2.png\",\"width\":152,\"height\":200,\"caption\":\"UnitGames\"},\"image\":{\"@id\":\"https:\\\/\\\/unitgames.com.ar\\\/pc-gamer\\\/#\\\/schema\\\/logo\\\/image\\\/\"}}]}<\/script>\n<!-- \/ Yoast SEO plugin. -->","yoast_head_json":{"title":"Auriculares VIEWSONIC VA350E - UnitGames","robots":{"index":"index","follow":"follow","max-snippet":"max-snippet:-1","max-image-preview":"max-image-preview:large","max-video-preview":"max-video-preview:-1"},"canonical":"https:\/\/unitgames.com.ar\/pc-gamer\/producto\/auricular-viewsonic-va350e\/","og_locale":"es_ES","og_type":"article","og_title":"Auriculares VIEWSONIC VA350E - UnitGames","og_description":"Caracteristicas : Sumergite por completo en tu juego de acci\u00f3n, tu m\u00fasica o pel\u00edcula favorita, con el excelente sonido que te proporcionar\u00e1n estos auriculares Viewsonic VA350E. Particip\u00e1 de charlas, videoconferencias y streaming usando su micr\u00f3fono flexible incorporado. Gracias a sus orejeras de 50mm quedaras totalmente inmerso en tus batallas. Con un acolchado suave que te dar\u00e1n total comodidad durante largas sesiones de juego. Detalles de luces LED en orejeras y micr\u00f3fono. Vincha acolchada recubierta y regulable en altura para un perfecto ajuste. Cable de 2,2 metros de largo para un libre movimiento evitando roturas. \u2022 Marca: Viewsonic. \u2022 Modelo: VA350E. \u2022 Micr\u00f3fono Integrado. \u2022 Plug &amp; Play: S\u00ed. \u2022 Conectividad: Doble Miniplug 3,5mm (audio\/micr\u00f3fono). \u2022 Conectividad : USB (luces). \u2022 Di\u00e1metro del Altavoz: 50 mm. \u2022 Sensibilidad: 110dB +\/- 3dB. \u2022 Potencia M\u00e1xima de salida: 30mW. \u2022 Respuesta de frecuencia: 20Hz ~ 20kHz. \u2022 Tama\u00f1o del producto: 224 x 183 x 92 mm. \u2022 Di\u00e1metro del Altavoz: 50 mm. \u2022 Sensibilidad: 110dB +\/- 3dB. \u2022 Potencia M\u00e1xima de salida: 30mW. \u2022 Respuesta de frecuencia: 20Hz ~ 20kHz. \u2022 Tama\u00f1o del producto: 224 x 183 x 92 mm.","og_url":"https:\/\/unitgames.com.ar\/pc-gamer\/producto\/auricular-viewsonic-va350e\/","og_site_name":"UnitGames","article_modified_time":"2026-01-17T15:25:36+00:00","og_image":[{"width":1263,"height":1285,"url":"https:\/\/unitgames.com.ar\/pc-gamer\/wp-content\/uploads\/2025\/04\/Auricular-VIEWSONIC-VA350B.png","type":"image\/png"}],"twitter_card":"summary_large_image","twitter_misc":{"Tiempo de lectura":"2 minutos"},"schema":{"@context":"https:\/\/schema.org","@graph":[{"@type":"WebPage","@id":"https:\/\/unitgames.com.ar\/pc-gamer\/producto\/auricular-viewsonic-va350e\/","url":"https:\/\/unitgames.com.ar\/pc-gamer\/producto\/auricular-viewsonic-va350e\/","name":"Auriculares VIEWSONIC VA350E - UnitGames","isPartOf":{"@id":"https:\/\/unitgames.com.ar\/pc-gamer\/#website"},"primaryImageOfPage":{"@id":"https:\/\/unitgames.com.ar\/pc-gamer\/producto\/auricular-viewsonic-va350e\/#primaryimage"},"image":{"@id":"https:\/\/unitgames.com.ar\/pc-gamer\/producto\/auricular-viewsonic-va350e\/#primaryimage"},"thumbnailUrl":"https:\/\/unitgames.com.ar\/pc-gamer\/wp-content\/uploads\/2025\/04\/Auricular-VIEWSONIC-VA350B.png","datePublished":"2025-04-10T22:48:19+00:00","dateModified":"2026-01-17T15:25:36+00:00","breadcrumb":{"@id":"https:\/\/unitgames.com.ar\/pc-gamer\/producto\/auricular-viewsonic-va350e\/#breadcrumb"},"inLanguage":"es","potentialAction":[{"@type":"ReadAction","target":["https:\/\/unitgames.com.ar\/pc-gamer\/producto\/auricular-viewsonic-va350e\/"]}]},{"@type":"ImageObject","inLanguage":"es","@id":"https:\/\/unitgames.com.ar\/pc-gamer\/producto\/auricular-viewsonic-va350e\/#primaryimage","url":"https:\/\/unitgames.com.ar\/pc-gamer\/wp-content\/uploads\/2025\/04\/Auricular-VIEWSONIC-VA350B.png","contentUrl":"https:\/\/unitgames.com.ar\/pc-gamer\/wp-content\/uploads\/2025\/04\/Auricular-VIEWSONIC-VA350B.png","width":1263,"height":1285},{"@type":"BreadcrumbList","@id":"https:\/\/unitgames.com.ar\/pc-gamer\/producto\/auricular-viewsonic-va350e\/#breadcrumb","itemListElement":[{"@type":"ListItem","position":1,"name":"Tienda","item":"https:\/\/unitgames.com.ar\/pc-gamer\/tienda\/"},{"@type":"ListItem","position":2,"name":"Auriculares VIEWSONIC VA350E"}]},{"@type":"WebSite","@id":"https:\/\/unitgames.com.ar\/pc-gamer\/#website","url":"https:\/\/unitgames.com.ar\/pc-gamer\/","name":"UnitGames","description":"Venta de PC Gamers, Consolas , Servicio Tecnico Especializado. Todos en Accesorios Informaticos y Gamers","publisher":{"@id":"https:\/\/unitgames.com.ar\/pc-gamer\/#organization"},"potentialAction":[{"@type":"SearchAction","target":{"@type":"EntryPoint","urlTemplate":"https:\/\/unitgames.com.ar\/pc-gamer\/?s={search_term_string}"},"query-input":{"@type":"PropertyValueSpecification","valueRequired":true,"valueName":"search_term_string"}}],"inLanguage":"es"},{"@type":"Organization","@id":"https:\/\/unitgames.com.ar\/pc-gamer\/#organization","name":"UnitGames","url":"https:\/\/unitgames.com.ar\/pc-gamer\/","logo":{"@type":"ImageObject","inLanguage":"es","@id":"https:\/\/unitgames.com.ar\/pc-gamer\/#\/schema\/logo\/image\/","url":"https:\/\/unitgames.com.ar\/pc-gamer\/wp-content\/uploads\/2021\/01\/cropped-logoUnitGames2.png","contentUrl":"https:\/\/unitgames.com.ar\/pc-gamer\/wp-content\/uploads\/2021\/01\/cropped-logoUnitGames2.png","width":152,"height":200,"caption":"UnitGames"},"image":{"@id":"https:\/\/unitgames.com.ar\/pc-gamer\/#\/schema\/logo\/image\/"}}]}},"_links":{"self":[{"href":"https:\/\/unitgames.com.ar\/pc-gamer\/wp-json\/wp\/v2\/product\/13760","targetHints":{"allow":["GET"]}}],"collection":[{"href":"https:\/\/unitgames.com.ar\/pc-gamer\/wp-json\/wp\/v2\/product"}],"about":[{"href":"https:\/\/unitgames.com.ar\/pc-gamer\/wp-json\/wp\/v2\/types\/product"}],"version-history":[{"count":0,"href":"https:\/\/unitgames.com.ar\/pc-gamer\/wp-json\/wp\/v2\/product\/13760\/revisions"}],"wp:featuredmedia":[{"embeddable":true,"href":"https:\/\/unitgames.com.ar\/pc-gamer\/wp-json\/wp\/v2\/media\/13833"}],"wp:attachment":[{"href":"https:\/\/unitgames.com.ar\/pc-gamer\/wp-json\/wp\/v2\/media?parent=13760"}],"wp:term":[{"taxonomy":"product_brand","embeddable":true,"href":"https:\/\/unitgames.com.ar\/pc-gamer\/wp-json\/wp\/v2\/product_brand?post=13760"},{"taxonomy":"product_cat","embeddable":true,"href":"https:\/\/unitgames.com.ar\/pc-gamer\/wp-json\/wp\/v2\/product_cat?post=13760"},{"taxonomy":"product_tag","embeddable":true,"href":"https:\/\/unitgames.com.ar\/pc-gamer\/wp-json\/wp\/v2\/product_tag?post=13760"}],"curies":[{"name":"wp","href":"https:\/\/api.w.org\/{rel}","templated":true}]}}