{"id":13811,"date":"2025-04-10T23:20:16","date_gmt":"2025-04-11T02:20:16","guid":{"rendered":"https:\/\/unitgames.com.ar\/pc-gamer\/?post_type=product&#038;p=13811"},"modified":"2026-01-09T07:15:39","modified_gmt":"2026-01-09T10:15:39","slug":"cpu-cooler-solarmax-cc-421a-argb","status":"publish","type":"product","link":"https:\/\/unitgames.com.ar\/pc-gamer\/producto\/cpu-cooler-solarmax-cc-421a-argb\/","title":{"rendered":"CPU Cooler SOLARMAX CC-421A ARGB"},"content":{"rendered":"<h3 data-start=\"7\" data-end=\"73\"><strong data-start=\"14\" data-end=\"73\">Especificaciones T\u00e9cnicas<\/strong><\/h3>\n<p>&nbsp;<\/p>\n<ul>\n<li data-start=\"77\" data-end=\"127\"><strong data-start=\"77\" data-end=\"87\">Marca:<\/strong> <span class=\"relative -mx-px my-[-0.2rem] rounded px-px py-[0.2rem] transition-colors duration-100 ease-in-out\">Solarmax<\/span><\/li>\n<li data-start=\"130\" data-end=\"181\"><strong data-start=\"130\" data-end=\"141\">Modelo:<\/strong> <span class=\"relative -mx-px my-[-0.2rem] rounded px-px py-[0.2rem] transition-colors duration-100 ease-in-out\">CC-421A<\/span><\/li>\n<li data-start=\"184\" data-end=\"217\"><strong data-start=\"184\" data-end=\"210\">Tipo de refrigeraci\u00f3n:<\/strong> Aire<\/li>\n<li data-start=\"220\" data-end=\"288\"><strong data-start=\"220\" data-end=\"246\">Tama\u00f1o del ventilador:<\/strong> <span class=\"relative -mx-px my-[-0.2rem] rounded px-px py-[0.2rem] transition-colors duration-100 ease-in-out\">120 x 120 x 25 mm<\/span><\/li>\n<li data-start=\"291\" data-end=\"362\"><strong data-start=\"291\" data-end=\"320\">Velocidad del ventilador:<\/strong> <span class=\"relative -mx-px my-[-0.2rem] rounded px-px py-[0.2rem] transition-colors duration-100 ease-in-out\">800 \u2013 2300 RPM \u00b110%<\/span><\/li>\n<li data-start=\"365\" data-end=\"425\"><strong data-start=\"365\" data-end=\"383\">Flujo de aire:<\/strong> <span class=\"relative -mx-px my-[-0.2rem] rounded px-px py-[0.2rem] transition-colors duration-100 ease-in-out\">71.6 CFM \u00b110%<\/span><\/li>\n<li data-start=\"428\" data-end=\"489\"><strong data-start=\"428\" data-end=\"447\">Nivel de ruido:<\/strong> <span class=\"relative -mx-px my-[-0.2rem] rounded px-px py-[0.2rem] transition-colors duration-100 ease-in-out\">34 dBA<\/span><\/li>\n<li data-start=\"492\" data-end=\"552\"><strong data-start=\"492\" data-end=\"510\">TDP soportado:<\/strong> <span class=\"relative -mx-px my-[-0.2rem] rounded px-px py-[0.2rem] transition-colors duration-100 ease-in-out\">Hasta 200W<\/span><\/li>\n<li data-start=\"555\" data-end=\"586\"><strong data-start=\"555\" data-end=\"579\">Tipo de iluminaci\u00f3n:<\/strong> ARGB<\/li>\n<li data-start=\"589\" data-end=\"646\"><strong data-start=\"589\" data-end=\"604\">Conectores:<\/strong> <span class=\"relative -mx-px my-[-0.2rem] rounded px-px py-[0.2rem] transition-colors duration-100 ease-in-out\">Ventilador de 4 pines PWM y ARGB de 3 pines 5V<\/span><\/li>\n<li data-start=\"649\" data-end=\"714\"><strong data-start=\"649\" data-end=\"672\">Voltaje de entrada:<\/strong> <span class=\"relative -mx-px my-[-0.2rem] rounded px-px py-[0.2rem] transition-colors duration-100 ease-in-out\">12V DC \/ 0.45A<\/span><\/li>\n<li data-start=\"717\" data-end=\"789\"><strong data-start=\"717\" data-end=\"747\">Dimensiones del disipador:<\/strong> <span class=\"relative -mx-px my-[-0.2rem] rounded px-px py-[0.2rem] transition-colors duration-100 ease-in-out\">120 x 155 x 74 mm<\/span><\/li>\n<li data-start=\"792\" data-end=\"843\"><strong data-start=\"792\" data-end=\"801\">Peso:<\/strong> <span class=\"relative -mx-px my-[-0.2rem] rounded px-px py-[0.2rem] transition-colors duration-100 ease-in-out\">470 g<\/span><\/li>\n<li data-start=\"846\" data-end=\"878\"><strong data-start=\"846\" data-end=\"876\">Compatibilidad de sockets:<\/strong><\/li>\n<li data-start=\"883\" data-end=\"935\"><strong data-start=\"883\" data-end=\"893\">Intel:<\/strong> <span class=\"relative -mx-px my-[-0.2rem] rounded px-px py-[0.2rem] transition-colors duration-100 ease-in-out\">LGA 775, 115X, 1200, 1366, 1700<\/span><\/li>\n<li data-start=\"940\" data-end=\"1029\"><strong data-start=\"940\" data-end=\"948\">AMD:<\/strong> <span class=\"relative -mx-px my-[-0.2rem] rounded px-px py-[0.2rem] transition-colors duration-100 ease-in-out\">AM2, AM2+, AM3, AM3+, AM4, AM5, FM1, FM2<\/span><\/li>\n<\/ul>\n<hr data-start=\"1031\" data-end=\"1034\" \/>\n<h3 data-start=\"1036\" data-end=\"1073\"><strong data-start=\"1043\" data-end=\"1073\">Caracter\u00edsticas Destacadas<\/strong><\/h3>\n<p>&nbsp;<\/p>\n<ul>\n<li data-start=\"1077\" data-end=\"1182\"><strong data-start=\"1077\" data-end=\"1103\">Compatibilidad Amplia:<\/strong> <span class=\"relative -mx-px my-[-0.2rem] rounded px-px py-[0.2rem] transition-colors duration-100 ease-in-out\">Soporta una variedad de sockets de Intel y AMD, incluyendo los m\u00e1s recientes como AM5 y LGA 1700.<\/span><\/li>\n<li data-start=\"1186\" data-end=\"1285\"><strong data-start=\"1186\" data-end=\"1206\">Dise\u00f1o Compacto:<\/strong> <span class=\"relative -mx-px my-[-0.2rem] rounded px-px py-[0.2rem] transition-colors duration-100 ease-in-out\">Con dimensiones de 120 x 155 x 74 mm, se adapta f\u00e1cilmente a la mayor\u00eda de los gabinetes est\u00e1ndar.<\/span><span class=\"ms-1 inline-flex max-w-full items-center relative top-[-0.094rem] animate-[show_150ms_ease-in]\"><a class=\"flex h-4.5 overflow-hidden rounded-xl px-2 text-[0.5625em] font-medium text-token-text-secondary! bg-[#F4F4F4]! dark:bg-[#303030]! transition-colors duration-150 ease-in-out\" href=\"https:\/\/articulo.mercadolibre.com.ar\/MLA-1491366439-cpu-cooler-gamer-solarmax-cc-421a-argb-intel-amd-tdp-200w-_JM?utm_source=chatgpt.com\" target=\"_blank\" rel=\"noopener\"><span class=\"relative start-0 bottom-0 flex h-full w-full items-center\"><span class=\"flex h-4 w-full items-center justify-between overflow-hidden\"><span class=\"max-w-full grow truncate overflow-hidden text-center\">Mercado Libre<\/span><\/span><\/span><\/a><\/span><\/li>\n<li data-start=\"1289\" data-end=\"1389\"><strong data-start=\"1289\" data-end=\"1310\">Iluminaci\u00f3n ARGB:<\/strong> <span class=\"relative -mx-px my-[-0.2rem] rounded px-px py-[0.2rem] transition-colors duration-100 ease-in-out\">Ofrece efectos de iluminaci\u00f3n personalizables, compatibles con controladoras ARGB de 5V.<\/span><\/li>\n<li data-start=\"1393\" data-end=\"1493\"><strong data-start=\"1393\" data-end=\"1414\">Alto Rendimiento:<\/strong> <span class=\"relative -mx-px my-[-0.2rem] rounded px-px py-[0.2rem] transition-colors duration-100 ease-in-out\">Capaz de disipar hasta 200W de TDP, adecuado para CPUs de gama media y alta.<\/span><\/li>\n<\/ul>\n","protected":false},"excerpt":{"rendered":"<p>Especificaciones T\u00e9cnicas &nbsp; Marca: Solarmax Modelo: CC-421A Tipo de refrigeraci\u00f3n: Aire Tama\u00f1o del ventilador: 120 x 120 x 25 mm Velocidad del ventilador: 800 \u2013 2300 RPM \u00b110% Flujo de aire: 71.6 CFM \u00b110% Nivel de ruido: 34 dBA TDP soportado: Hasta 200W Tipo de iluminaci\u00f3n: ARGB Conectores: Ventilador de 4 pines PWM y ARGB de 3 pines 5V Voltaje de entrada: 12V DC \/ 0.45A Dimensiones del disipador: 120 x 155 x 74 mm Peso: 470 g Compatibilidad de sockets: Intel: LGA 775, 115X, 1200, 1366, 1700 AMD: AM2, AM2+, AM3, AM3+, AM4, AM5, FM1, FM2 Caracter\u00edsticas Destacadas &nbsp; Compatibilidad Amplia: Soporta una variedad de sockets de Intel y AMD, incluyendo los m\u00e1s recientes como AM5 y LGA 1700. Dise\u00f1o Compacto: Con dimensiones de 120 x 155 x 74 mm, se adapta f\u00e1cilmente a la mayor\u00eda de los gabinetes est\u00e1ndar.Mercado Libre Iluminaci\u00f3n ARGB: Ofrece efectos de iluminaci\u00f3n personalizables, compatibles con controladoras ARGB de 5V. Alto Rendimiento: Capaz de disipar hasta 200W de TDP, adecuado para CPUs de gama media y alta.<\/p>\n","protected":false},"featured_media":15265,"template":"","meta":{"site-sidebar-layout":"default","site-content-layout":"","ast-site-content-layout":"default","site-content-style":"default","site-sidebar-style":"default","ast-global-header-display":"","ast-banner-title-visibility":"","ast-main-header-display":"","ast-hfb-above-header-display":"","ast-hfb-below-header-display":"","ast-hfb-mobile-header-display":"","site-post-title":"","ast-breadcrumbs-content":"","ast-featured-img":"","footer-sml-layout":"","theme-transparent-header-meta":"default","adv-header-id-meta":"","stick-header-meta":"","header-above-stick-meta":"","header-main-stick-meta":"","header-below-stick-meta":"","astra-migrate-meta-layouts":"set","ast-page-background-enabled":"default","ast-page-background-meta":{"desktop":{"background-color":"var(--ast-global-color-5)","background-image":"","background-repeat":"repeat","background-position":"center center","background-size":"auto","background-attachment":"scroll","background-type":"","background-media":"","overlay-type":"","overlay-color":"","overlay-opacity":"","overlay-gradient":""},"tablet":{"background-color":"","background-image":"","background-repeat":"repeat","background-position":"center center","background-size":"auto","background-attachment":"scroll","background-type":"","background-media":"","overlay-type":"","overlay-color":"","overlay-opacity":"","overlay-gradient":""},"mobile":{"background-color":"","background-image":"","background-repeat":"repeat","background-position":"center center","background-size":"auto","background-attachment":"scroll","background-type":"","background-media":"","overlay-type":"","overlay-color":"","overlay-opacity":"","overlay-gradient":""}},"ast-content-background-meta":{"desktop":{"background-color":"var(--ast-global-color-4)","background-image":"","background-repeat":"repeat","background-position":"center center","background-size":"auto","background-attachment":"scroll","background-type":"","background-media":"","overlay-type":"","overlay-color":"","overlay-opacity":"","overlay-gradient":""},"tablet":{"background-color":"var(--ast-global-color-4)","background-image":"","background-repeat":"repeat","background-position":"center center","background-size":"auto","background-attachment":"scroll","background-type":"","background-media":"","overlay-type":"","overlay-color":"","overlay-opacity":"","overlay-gradient":""},"mobile":{"background-color":"var(--ast-global-color-4)","background-image":"","background-repeat":"repeat","background-position":"center center","background-size":"auto","background-attachment":"scroll","background-type":"","background-media":"","overlay-type":"","overlay-color":"","overlay-opacity":"","overlay-gradient":""}},"_joinchat":[]},"product_brand":[],"product_cat":[100],"product_tag":[],"class_list":{"0":"post-13811","1":"product","2":"type-product","3":"status-publish","4":"has-post-thumbnail","6":"product_cat-cpu-coolers","7":"desktop-align-center","8":"tablet-align-left","9":"mobile-align-left","11":"first","12":"instock","13":"shipping-taxable","14":"purchasable","15":"product-type-simple"},"yoast_head":"<!-- This site is optimized with the Yoast SEO plugin v27.5 - https:\/\/yoast.com\/product\/yoast-seo-wordpress\/ -->\n<title>CPU Cooler SOLARMAX CC-421A ARGB - UnitGames<\/title>\n<meta name=\"robots\" content=\"index, follow, max-snippet:-1, max-image-preview:large, max-video-preview:-1\" \/>\n<link rel=\"canonical\" href=\"https:\/\/unitgames.com.ar\/pc-gamer\/producto\/cpu-cooler-solarmax-cc-421a-argb\/\" \/>\n<meta property=\"og:locale\" content=\"es_ES\" \/>\n<meta property=\"og:type\" content=\"article\" \/>\n<meta property=\"og:title\" content=\"CPU Cooler SOLARMAX CC-421A ARGB - UnitGames\" \/>\n<meta property=\"og:description\" content=\"Especificaciones T\u00e9cnicas &nbsp; Marca: Solarmax Modelo: CC-421A Tipo de refrigeraci\u00f3n: Aire Tama\u00f1o del ventilador: 120 x 120 x 25 mm Velocidad del ventilador: 800 \u2013 2300 RPM \u00b110% Flujo de aire: 71.6 CFM \u00b110% Nivel de ruido: 34 dBA TDP soportado: Hasta 200W Tipo de iluminaci\u00f3n: ARGB Conectores: Ventilador de 4 pines PWM y ARGB de 3 pines 5V Voltaje de entrada: 12V DC \/ 0.45A Dimensiones del disipador: 120 x 155 x 74 mm Peso: 470 g Compatibilidad de sockets: Intel: LGA 775, 115X, 1200, 1366, 1700 AMD: AM2, AM2+, AM3, AM3+, AM4, AM5, FM1, FM2 Caracter\u00edsticas Destacadas &nbsp; Compatibilidad Amplia: Soporta una variedad de sockets de Intel y AMD, incluyendo los m\u00e1s recientes como AM5 y LGA 1700. Dise\u00f1o Compacto: Con dimensiones de 120 x 155 x 74 mm, se adapta f\u00e1cilmente a la mayor\u00eda de los gabinetes est\u00e1ndar.Mercado Libre Iluminaci\u00f3n ARGB: Ofrece efectos de iluminaci\u00f3n personalizables, compatibles con controladoras ARGB de 5V. Alto Rendimiento: Capaz de disipar hasta 200W de TDP, adecuado para CPUs de gama media y alta.\" \/>\n<meta property=\"og:url\" content=\"https:\/\/unitgames.com.ar\/pc-gamer\/producto\/cpu-cooler-solarmax-cc-421a-argb\/\" \/>\n<meta property=\"og:site_name\" content=\"UnitGames\" \/>\n<meta property=\"article:modified_time\" content=\"2026-01-09T10:15:39+00:00\" \/>\n<meta property=\"og:image\" content=\"https:\/\/unitgames.com.ar\/pc-gamer\/wp-content\/uploads\/2025\/04\/CPU-Cooler-SOLARMAX-CC-421A-ARGB.png\" \/>\n\t<meta property=\"og:image:width\" content=\"1263\" \/>\n\t<meta property=\"og:image:height\" content=\"1285\" \/>\n\t<meta property=\"og:image:type\" content=\"image\/png\" \/>\n<meta name=\"twitter:card\" content=\"summary_large_image\" \/>\n<meta name=\"twitter:label1\" content=\"Tiempo de lectura\" \/>\n\t<meta name=\"twitter:data1\" content=\"1 minuto\" \/>\n<script type=\"application\/ld+json\" class=\"yoast-schema-graph\">{\"@context\":\"https:\\\/\\\/schema.org\",\"@graph\":[{\"@type\":\"WebPage\",\"@id\":\"https:\\\/\\\/unitgames.com.ar\\\/pc-gamer\\\/producto\\\/cpu-cooler-solarmax-cc-421a-argb\\\/\",\"url\":\"https:\\\/\\\/unitgames.com.ar\\\/pc-gamer\\\/producto\\\/cpu-cooler-solarmax-cc-421a-argb\\\/\",\"name\":\"CPU Cooler SOLARMAX CC-421A ARGB - UnitGames\",\"isPartOf\":{\"@id\":\"https:\\\/\\\/unitgames.com.ar\\\/pc-gamer\\\/#website\"},\"primaryImageOfPage\":{\"@id\":\"https:\\\/\\\/unitgames.com.ar\\\/pc-gamer\\\/producto\\\/cpu-cooler-solarmax-cc-421a-argb\\\/#primaryimage\"},\"image\":{\"@id\":\"https:\\\/\\\/unitgames.com.ar\\\/pc-gamer\\\/producto\\\/cpu-cooler-solarmax-cc-421a-argb\\\/#primaryimage\"},\"thumbnailUrl\":\"https:\\\/\\\/unitgames.com.ar\\\/pc-gamer\\\/wp-content\\\/uploads\\\/2025\\\/04\\\/CPU-Cooler-SOLARMAX-CC-421A-ARGB.png\",\"datePublished\":\"2025-04-11T02:20:16+00:00\",\"dateModified\":\"2026-01-09T10:15:39+00:00\",\"breadcrumb\":{\"@id\":\"https:\\\/\\\/unitgames.com.ar\\\/pc-gamer\\\/producto\\\/cpu-cooler-solarmax-cc-421a-argb\\\/#breadcrumb\"},\"inLanguage\":\"es\",\"potentialAction\":[{\"@type\":\"ReadAction\",\"target\":[\"https:\\\/\\\/unitgames.com.ar\\\/pc-gamer\\\/producto\\\/cpu-cooler-solarmax-cc-421a-argb\\\/\"]}]},{\"@type\":\"ImageObject\",\"inLanguage\":\"es\",\"@id\":\"https:\\\/\\\/unitgames.com.ar\\\/pc-gamer\\\/producto\\\/cpu-cooler-solarmax-cc-421a-argb\\\/#primaryimage\",\"url\":\"https:\\\/\\\/unitgames.com.ar\\\/pc-gamer\\\/wp-content\\\/uploads\\\/2025\\\/04\\\/CPU-Cooler-SOLARMAX-CC-421A-ARGB.png\",\"contentUrl\":\"https:\\\/\\\/unitgames.com.ar\\\/pc-gamer\\\/wp-content\\\/uploads\\\/2025\\\/04\\\/CPU-Cooler-SOLARMAX-CC-421A-ARGB.png\",\"width\":1263,\"height\":1285},{\"@type\":\"BreadcrumbList\",\"@id\":\"https:\\\/\\\/unitgames.com.ar\\\/pc-gamer\\\/producto\\\/cpu-cooler-solarmax-cc-421a-argb\\\/#breadcrumb\",\"itemListElement\":[{\"@type\":\"ListItem\",\"position\":1,\"name\":\"Tienda\",\"item\":\"https:\\\/\\\/unitgames.com.ar\\\/pc-gamer\\\/tienda\\\/\"},{\"@type\":\"ListItem\",\"position\":2,\"name\":\"CPU Cooler SOLARMAX CC-421A ARGB\"}]},{\"@type\":\"WebSite\",\"@id\":\"https:\\\/\\\/unitgames.com.ar\\\/pc-gamer\\\/#website\",\"url\":\"https:\\\/\\\/unitgames.com.ar\\\/pc-gamer\\\/\",\"name\":\"UnitGames\",\"description\":\"Venta de PC Gamers, Consolas , Servicio Tecnico Especializado. Todos en Accesorios Informaticos y Gamers\",\"publisher\":{\"@id\":\"https:\\\/\\\/unitgames.com.ar\\\/pc-gamer\\\/#organization\"},\"potentialAction\":[{\"@type\":\"SearchAction\",\"target\":{\"@type\":\"EntryPoint\",\"urlTemplate\":\"https:\\\/\\\/unitgames.com.ar\\\/pc-gamer\\\/?s={search_term_string}\"},\"query-input\":{\"@type\":\"PropertyValueSpecification\",\"valueRequired\":true,\"valueName\":\"search_term_string\"}}],\"inLanguage\":\"es\"},{\"@type\":\"Organization\",\"@id\":\"https:\\\/\\\/unitgames.com.ar\\\/pc-gamer\\\/#organization\",\"name\":\"UnitGames\",\"url\":\"https:\\\/\\\/unitgames.com.ar\\\/pc-gamer\\\/\",\"logo\":{\"@type\":\"ImageObject\",\"inLanguage\":\"es\",\"@id\":\"https:\\\/\\\/unitgames.com.ar\\\/pc-gamer\\\/#\\\/schema\\\/logo\\\/image\\\/\",\"url\":\"https:\\\/\\\/unitgames.com.ar\\\/pc-gamer\\\/wp-content\\\/uploads\\\/2021\\\/01\\\/cropped-logoUnitGames2.png\",\"contentUrl\":\"https:\\\/\\\/unitgames.com.ar\\\/pc-gamer\\\/wp-content\\\/uploads\\\/2021\\\/01\\\/cropped-logoUnitGames2.png\",\"width\":152,\"height\":200,\"caption\":\"UnitGames\"},\"image\":{\"@id\":\"https:\\\/\\\/unitgames.com.ar\\\/pc-gamer\\\/#\\\/schema\\\/logo\\\/image\\\/\"}}]}<\/script>\n<!-- \/ Yoast SEO plugin. -->","yoast_head_json":{"title":"CPU Cooler SOLARMAX CC-421A ARGB - UnitGames","robots":{"index":"index","follow":"follow","max-snippet":"max-snippet:-1","max-image-preview":"max-image-preview:large","max-video-preview":"max-video-preview:-1"},"canonical":"https:\/\/unitgames.com.ar\/pc-gamer\/producto\/cpu-cooler-solarmax-cc-421a-argb\/","og_locale":"es_ES","og_type":"article","og_title":"CPU Cooler SOLARMAX CC-421A ARGB - UnitGames","og_description":"Especificaciones T\u00e9cnicas &nbsp; Marca: Solarmax Modelo: CC-421A Tipo de refrigeraci\u00f3n: Aire Tama\u00f1o del ventilador: 120 x 120 x 25 mm Velocidad del ventilador: 800 \u2013 2300 RPM \u00b110% Flujo de aire: 71.6 CFM \u00b110% Nivel de ruido: 34 dBA TDP soportado: Hasta 200W Tipo de iluminaci\u00f3n: ARGB Conectores: Ventilador de 4 pines PWM y ARGB de 3 pines 5V Voltaje de entrada: 12V DC \/ 0.45A Dimensiones del disipador: 120 x 155 x 74 mm Peso: 470 g Compatibilidad de sockets: Intel: LGA 775, 115X, 1200, 1366, 1700 AMD: AM2, AM2+, AM3, AM3+, AM4, AM5, FM1, FM2 Caracter\u00edsticas Destacadas &nbsp; Compatibilidad Amplia: Soporta una variedad de sockets de Intel y AMD, incluyendo los m\u00e1s recientes como AM5 y LGA 1700. Dise\u00f1o Compacto: Con dimensiones de 120 x 155 x 74 mm, se adapta f\u00e1cilmente a la mayor\u00eda de los gabinetes est\u00e1ndar.Mercado Libre Iluminaci\u00f3n ARGB: Ofrece efectos de iluminaci\u00f3n personalizables, compatibles con controladoras ARGB de 5V. Alto Rendimiento: Capaz de disipar hasta 200W de TDP, adecuado para CPUs de gama media y alta.","og_url":"https:\/\/unitgames.com.ar\/pc-gamer\/producto\/cpu-cooler-solarmax-cc-421a-argb\/","og_site_name":"UnitGames","article_modified_time":"2026-01-09T10:15:39+00:00","og_image":[{"width":1263,"height":1285,"url":"https:\/\/unitgames.com.ar\/pc-gamer\/wp-content\/uploads\/2025\/04\/CPU-Cooler-SOLARMAX-CC-421A-ARGB.png","type":"image\/png"}],"twitter_card":"summary_large_image","twitter_misc":{"Tiempo de lectura":"1 minuto"},"schema":{"@context":"https:\/\/schema.org","@graph":[{"@type":"WebPage","@id":"https:\/\/unitgames.com.ar\/pc-gamer\/producto\/cpu-cooler-solarmax-cc-421a-argb\/","url":"https:\/\/unitgames.com.ar\/pc-gamer\/producto\/cpu-cooler-solarmax-cc-421a-argb\/","name":"CPU Cooler SOLARMAX CC-421A ARGB - UnitGames","isPartOf":{"@id":"https:\/\/unitgames.com.ar\/pc-gamer\/#website"},"primaryImageOfPage":{"@id":"https:\/\/unitgames.com.ar\/pc-gamer\/producto\/cpu-cooler-solarmax-cc-421a-argb\/#primaryimage"},"image":{"@id":"https:\/\/unitgames.com.ar\/pc-gamer\/producto\/cpu-cooler-solarmax-cc-421a-argb\/#primaryimage"},"thumbnailUrl":"https:\/\/unitgames.com.ar\/pc-gamer\/wp-content\/uploads\/2025\/04\/CPU-Cooler-SOLARMAX-CC-421A-ARGB.png","datePublished":"2025-04-11T02:20:16+00:00","dateModified":"2026-01-09T10:15:39+00:00","breadcrumb":{"@id":"https:\/\/unitgames.com.ar\/pc-gamer\/producto\/cpu-cooler-solarmax-cc-421a-argb\/#breadcrumb"},"inLanguage":"es","potentialAction":[{"@type":"ReadAction","target":["https:\/\/unitgames.com.ar\/pc-gamer\/producto\/cpu-cooler-solarmax-cc-421a-argb\/"]}]},{"@type":"ImageObject","inLanguage":"es","@id":"https:\/\/unitgames.com.ar\/pc-gamer\/producto\/cpu-cooler-solarmax-cc-421a-argb\/#primaryimage","url":"https:\/\/unitgames.com.ar\/pc-gamer\/wp-content\/uploads\/2025\/04\/CPU-Cooler-SOLARMAX-CC-421A-ARGB.png","contentUrl":"https:\/\/unitgames.com.ar\/pc-gamer\/wp-content\/uploads\/2025\/04\/CPU-Cooler-SOLARMAX-CC-421A-ARGB.png","width":1263,"height":1285},{"@type":"BreadcrumbList","@id":"https:\/\/unitgames.com.ar\/pc-gamer\/producto\/cpu-cooler-solarmax-cc-421a-argb\/#breadcrumb","itemListElement":[{"@type":"ListItem","position":1,"name":"Tienda","item":"https:\/\/unitgames.com.ar\/pc-gamer\/tienda\/"},{"@type":"ListItem","position":2,"name":"CPU Cooler SOLARMAX CC-421A ARGB"}]},{"@type":"WebSite","@id":"https:\/\/unitgames.com.ar\/pc-gamer\/#website","url":"https:\/\/unitgames.com.ar\/pc-gamer\/","name":"UnitGames","description":"Venta de PC Gamers, Consolas , Servicio Tecnico Especializado. Todos en Accesorios Informaticos y Gamers","publisher":{"@id":"https:\/\/unitgames.com.ar\/pc-gamer\/#organization"},"potentialAction":[{"@type":"SearchAction","target":{"@type":"EntryPoint","urlTemplate":"https:\/\/unitgames.com.ar\/pc-gamer\/?s={search_term_string}"},"query-input":{"@type":"PropertyValueSpecification","valueRequired":true,"valueName":"search_term_string"}}],"inLanguage":"es"},{"@type":"Organization","@id":"https:\/\/unitgames.com.ar\/pc-gamer\/#organization","name":"UnitGames","url":"https:\/\/unitgames.com.ar\/pc-gamer\/","logo":{"@type":"ImageObject","inLanguage":"es","@id":"https:\/\/unitgames.com.ar\/pc-gamer\/#\/schema\/logo\/image\/","url":"https:\/\/unitgames.com.ar\/pc-gamer\/wp-content\/uploads\/2021\/01\/cropped-logoUnitGames2.png","contentUrl":"https:\/\/unitgames.com.ar\/pc-gamer\/wp-content\/uploads\/2021\/01\/cropped-logoUnitGames2.png","width":152,"height":200,"caption":"UnitGames"},"image":{"@id":"https:\/\/unitgames.com.ar\/pc-gamer\/#\/schema\/logo\/image\/"}}]}},"_links":{"self":[{"href":"https:\/\/unitgames.com.ar\/pc-gamer\/wp-json\/wp\/v2\/product\/13811","targetHints":{"allow":["GET"]}}],"collection":[{"href":"https:\/\/unitgames.com.ar\/pc-gamer\/wp-json\/wp\/v2\/product"}],"about":[{"href":"https:\/\/unitgames.com.ar\/pc-gamer\/wp-json\/wp\/v2\/types\/product"}],"version-history":[{"count":0,"href":"https:\/\/unitgames.com.ar\/pc-gamer\/wp-json\/wp\/v2\/product\/13811\/revisions"}],"wp:featuredmedia":[{"embeddable":true,"href":"https:\/\/unitgames.com.ar\/pc-gamer\/wp-json\/wp\/v2\/media\/15265"}],"wp:attachment":[{"href":"https:\/\/unitgames.com.ar\/pc-gamer\/wp-json\/wp\/v2\/media?parent=13811"}],"wp:term":[{"taxonomy":"product_brand","embeddable":true,"href":"https:\/\/unitgames.com.ar\/pc-gamer\/wp-json\/wp\/v2\/product_brand?post=13811"},{"taxonomy":"product_cat","embeddable":true,"href":"https:\/\/unitgames.com.ar\/pc-gamer\/wp-json\/wp\/v2\/product_cat?post=13811"},{"taxonomy":"product_tag","embeddable":true,"href":"https:\/\/unitgames.com.ar\/pc-gamer\/wp-json\/wp\/v2\/product_tag?post=13811"}],"curies":[{"name":"wp","href":"https:\/\/api.w.org\/{rel}","templated":true}]}}