{"id":14389,"date":"2025-04-15T10:27:05","date_gmt":"2025-04-15T13:27:05","guid":{"rendered":"https:\/\/unitgames.com.ar\/pc-gamer\/?post_type=product&#038;p=14389"},"modified":"2026-01-09T07:15:39","modified_gmt":"2026-01-09T10:15:39","slug":"microprocesador-ryzen-7-7700x","status":"publish","type":"product","link":"https:\/\/unitgames.com.ar\/pc-gamer\/producto\/microprocesador-ryzen-7-7700x\/","title":{"rendered":"Microprocesador RYZEN 7 7700x"},"content":{"rendered":"<h3 data-start=\"7\" data-end=\"43\"><strong data-start=\"14\" data-end=\"43\">Especificaciones T\u00e9cnicas<\/strong><\/h3>\n<p>&nbsp;<\/p>\n<ul>\n<li data-start=\"47\" data-end=\"139\"><strong data-start=\"47\" data-end=\"63\">Arquitectura<\/strong>: <span class=\"relative -mx-px my-[-0.2rem] rounded px-px py-[0.2rem] transition-colors duration-100 ease-in-out\">Zen 4 (Raphael)<\/span><\/li>\n<li data-start=\"143\" data-end=\"245\"><strong data-start=\"143\" data-end=\"169\">Proceso de fabricaci\u00f3n<\/strong>: <span class=\"relative -mx-px my-[-0.2rem] rounded px-px py-[0.2rem] transition-colors duration-100 ease-in-out\">5 nm (TSMC)<\/span><\/li>\n<li data-start=\"249\" data-end=\"348\"><strong data-start=\"249\" data-end=\"268\">N\u00facleos \/ Hilos<\/strong>: <span class=\"relative -mx-px my-[-0.2rem] rounded px-px py-[0.2rem] transition-colors duration-100 ease-in-out\">8 n\u00facleos y 16 hilos<\/span><\/li>\n<li data-start=\"352\" data-end=\"451\"><strong data-start=\"352\" data-end=\"371\">Frecuencia base<\/strong>: <span class=\"relative -mx-px my-[-0.2rem] rounded px-px py-[0.2rem] transition-colors duration-100 ease-in-out\">4.5 GHz<\/span><\/li>\n<li data-start=\"455\" data-end=\"564\"><strong data-start=\"455\" data-end=\"484\">Frecuencia m\u00e1xima (Boost)<\/strong>: <span class=\"relative -mx-px my-[-0.2rem] rounded px-px py-[0.2rem] transition-colors duration-100 ease-in-out\">hasta 5.4 GHz<\/span><\/li>\n<li data-start=\"568\" data-end=\"578\"><strong data-start=\"568\" data-end=\"577\">Cach\u00e9<\/strong>:<\/li>\n<li data-start=\"583\" data-end=\"626\">L1: <span class=\"relative -mx-px my-[-0.2rem] rounded px-px py-[0.2rem] transition-colors duration-100 ease-in-out\">512 KB (64 KB por n\u00facleo)<\/span><\/li>\n<li data-start=\"631\" data-end=\"674\">L2: <span class=\"relative -mx-px my-[-0.2rem] rounded px-px py-[0.2rem] transition-colors duration-100 ease-in-out\">8 MB (1 MB por n\u00facleo)<\/span><\/li>\n<li data-start=\"679\" data-end=\"761\">L3: <span class=\"relative -mx-px my-[-0.2rem] rounded px-px py-[0.2rem] transition-colors duration-100 ease-in-out\">32 MB<\/span><\/li>\n<li data-start=\"765\" data-end=\"852\"><strong data-start=\"765\" data-end=\"772\">TDP<\/strong>: <span class=\"relative -mx-px my-[-0.2rem] rounded px-px py-[0.2rem] transition-colors duration-100 ease-in-out\">105 W<\/span><\/li>\n<li data-start=\"856\" data-end=\"910\"><strong data-start=\"856\" data-end=\"866\">Socket<\/strong>: AM5<\/li>\n<li data-start=\"914\" data-end=\"1016\"><strong data-start=\"914\" data-end=\"936\">Memoria compatible<\/strong>: <span class=\"relative -mx-px my-[-0.2rem] rounded px-px py-[0.2rem] transition-colors duration-100 ease-in-out\">DDR5-5200 (hasta 128 GB en doble canal)<\/span><\/li>\n<li data-start=\"1020\" data-end=\"1123\"><strong data-start=\"1020\" data-end=\"1043\">Gr\u00e1ficos integrados<\/strong>: <span class=\"relative -mx-px my-[-0.2rem] rounded px-px py-[0.2rem] transition-colors duration-100 ease-in-out\">AMD Radeon Graphics (2 n\u00facleos de c\u00f3mputo RDNA 2, hasta 2.2 GHz)<\/span><\/li>\n<li data-start=\"1127\" data-end=\"1154\"><strong data-start=\"1127\" data-end=\"1153\">Soporte de tecnolog\u00edas<\/strong>:\n<ul>\n<li style=\"list-style-type: none;\">\n<ul>\n<li style=\"list-style-type: none;\">\n<ul>\n<li style=\"list-style-type: none;\">\n<ul>\n<li data-start=\"1159\" data-end=\"1198\"><span class=\"relative -mx-px my-[-0.2rem] rounded px-px py-[0.2rem] transition-colors duration-100 ease-in-out\">PCIe 5.0<\/span><\/li>\n<li data-start=\"1203\" data-end=\"1242\"><span class=\"relative -mx-px my-[-0.2rem] rounded px-px py-[0.2rem] transition-colors duration-100 ease-in-out\">AMD EXPO (perfiles de overclocking de memoria)<\/span><\/li>\n<li data-start=\"1247\" data-end=\"1286\"><span class=\"relative -mx-px my-[-0.2rem] rounded px-px py-[0.2rem] transition-colors duration-100 ease-in-out\">AVX-512<\/span><\/li>\n<li data-start=\"1291\" data-end=\"1369\"><span class=\"relative -mx-px my-[-0.2rem] rounded px-px py-[0.2rem] transition-colors duration-100 ease-in-out\">Virtualizaci\u00f3n<\/span><\/li>\n<\/ul>\n<\/li>\n<\/ul>\n<\/li>\n<\/ul>\n<\/li>\n<\/ul>\n<\/li>\n<li data-start=\"1373\" data-end=\"1470\"><strong data-start=\"1373\" data-end=\"1390\">Refrigeraci\u00f3n<\/strong>: <span class=\"relative -mx-px my-[-0.2rem] rounded px-px py-[0.2rem] transition-colors duration-100 ease-in-out\">No incluye cooler; se recomienda un sistema de refrigeraci\u00f3n eficiente<\/span><\/li>\n<\/ul>\n","protected":false},"excerpt":{"rendered":"<p>Especificaciones T\u00e9cnicas &nbsp; Arquitectura: Zen 4 (Raphael) Proceso de fabricaci\u00f3n: 5 nm (TSMC) N\u00facleos \/ Hilos: 8 n\u00facleos y 16 hilos Frecuencia base: 4.5 GHz Frecuencia m\u00e1xima (Boost): hasta 5.4 GHz Cach\u00e9: L1: 512 KB (64 KB por n\u00facleo) L2: 8 MB (1 MB por n\u00facleo) L3: 32 MB TDP: 105 W Socket: AM5 Memoria compatible: DDR5-5200 (hasta 128 GB en doble canal) Gr\u00e1ficos integrados: AMD Radeon Graphics (2 n\u00facleos de c\u00f3mputo RDNA 2, hasta 2.2 GHz) Soporte de tecnolog\u00edas: PCIe 5.0 AMD EXPO (perfiles de overclocking de memoria) AVX-512 Virtualizaci\u00f3n Refrigeraci\u00f3n: No incluye cooler; se recomienda un sistema de refrigeraci\u00f3n eficiente<\/p>\n","protected":false},"featured_media":15218,"template":"","meta":{"site-sidebar-layout":"default","site-content-layout":"","ast-site-content-layout":"default","site-content-style":"default","site-sidebar-style":"default","ast-global-header-display":"","ast-banner-title-visibility":"","ast-main-header-display":"","ast-hfb-above-header-display":"","ast-hfb-below-header-display":"","ast-hfb-mobile-header-display":"","site-post-title":"","ast-breadcrumbs-content":"","ast-featured-img":"","footer-sml-layout":"","theme-transparent-header-meta":"default","adv-header-id-meta":"","stick-header-meta":"","header-above-stick-meta":"","header-main-stick-meta":"","header-below-stick-meta":"","astra-migrate-meta-layouts":"set","ast-page-background-enabled":"default","ast-page-background-meta":{"desktop":{"background-color":"var(--ast-global-color-5)","background-image":"","background-repeat":"repeat","background-position":"center center","background-size":"auto","background-attachment":"scroll","background-type":"","background-media":"","overlay-type":"","overlay-color":"","overlay-opacity":"","overlay-gradient":""},"tablet":{"background-color":"","background-image":"","background-repeat":"repeat","background-position":"center center","background-size":"auto","background-attachment":"scroll","background-type":"","background-media":"","overlay-type":"","overlay-color":"","overlay-opacity":"","overlay-gradient":""},"mobile":{"background-color":"","background-image":"","background-repeat":"repeat","background-position":"center center","background-size":"auto","background-attachment":"scroll","background-type":"","background-media":"","overlay-type":"","overlay-color":"","overlay-opacity":"","overlay-gradient":""}},"ast-content-background-meta":{"desktop":{"background-color":"var(--ast-global-color-4)","background-image":"","background-repeat":"repeat","background-position":"center center","background-size":"auto","background-attachment":"scroll","background-type":"","background-media":"","overlay-type":"","overlay-color":"","overlay-opacity":"","overlay-gradient":""},"tablet":{"background-color":"var(--ast-global-color-4)","background-image":"","background-repeat":"repeat","background-position":"center center","background-size":"auto","background-attachment":"scroll","background-type":"","background-media":"","overlay-type":"","overlay-color":"","overlay-opacity":"","overlay-gradient":""},"mobile":{"background-color":"var(--ast-global-color-4)","background-image":"","background-repeat":"repeat","background-position":"center center","background-size":"auto","background-attachment":"scroll","background-type":"","background-media":"","overlay-type":"","overlay-color":"","overlay-opacity":"","overlay-gradient":""}},"_joinchat":[]},"product_brand":[],"product_cat":[69],"product_tag":[],"class_list":{"0":"post-14389","1":"product","2":"type-product","3":"status-publish","4":"has-post-thumbnail","6":"product_cat-microprocesadores","7":"desktop-align-center","8":"tablet-align-left","9":"mobile-align-left","11":"first","12":"instock","13":"shipping-taxable","14":"purchasable","15":"product-type-simple"},"yoast_head":"<!-- This site is optimized with the Yoast SEO plugin v27.5 - https:\/\/yoast.com\/product\/yoast-seo-wordpress\/ -->\n<title>Microprocesador RYZEN 7 7700x - UnitGames<\/title>\n<meta name=\"robots\" content=\"index, follow, max-snippet:-1, max-image-preview:large, max-video-preview:-1\" \/>\n<link rel=\"canonical\" href=\"https:\/\/unitgames.com.ar\/pc-gamer\/producto\/microprocesador-ryzen-7-7700x\/\" \/>\n<meta property=\"og:locale\" content=\"es_ES\" \/>\n<meta property=\"og:type\" content=\"article\" \/>\n<meta property=\"og:title\" content=\"Microprocesador RYZEN 7 7700x - UnitGames\" \/>\n<meta property=\"og:description\" content=\"Especificaciones T\u00e9cnicas &nbsp; Arquitectura: Zen 4 (Raphael) Proceso de fabricaci\u00f3n: 5 nm (TSMC) N\u00facleos \/ Hilos: 8 n\u00facleos y 16 hilos Frecuencia base: 4.5 GHz Frecuencia m\u00e1xima (Boost): hasta 5.4 GHz Cach\u00e9: L1: 512 KB (64 KB por n\u00facleo) L2: 8 MB (1 MB por n\u00facleo) L3: 32 MB TDP: 105 W Socket: AM5 Memoria compatible: DDR5-5200 (hasta 128 GB en doble canal) Gr\u00e1ficos integrados: AMD Radeon Graphics (2 n\u00facleos de c\u00f3mputo RDNA 2, hasta 2.2 GHz) Soporte de tecnolog\u00edas: PCIe 5.0 AMD EXPO (perfiles de overclocking de memoria) AVX-512 Virtualizaci\u00f3n Refrigeraci\u00f3n: No incluye cooler; se recomienda un sistema de refrigeraci\u00f3n eficiente\" \/>\n<meta property=\"og:url\" content=\"https:\/\/unitgames.com.ar\/pc-gamer\/producto\/microprocesador-ryzen-7-7700x\/\" \/>\n<meta property=\"og:site_name\" content=\"UnitGames\" \/>\n<meta property=\"article:modified_time\" content=\"2026-01-09T10:15:39+00:00\" \/>\n<meta property=\"og:image\" content=\"https:\/\/unitgames.com.ar\/pc-gamer\/wp-content\/uploads\/2025\/04\/Microprocesador-RYZEN-7-7700x.png\" \/>\n\t<meta property=\"og:image:width\" content=\"1282\" \/>\n\t<meta property=\"og:image:height\" content=\"1285\" \/>\n\t<meta property=\"og:image:type\" content=\"image\/png\" \/>\n<meta name=\"twitter:card\" content=\"summary_large_image\" \/>\n<meta name=\"twitter:label1\" content=\"Tiempo de lectura\" \/>\n\t<meta name=\"twitter:data1\" content=\"1 minuto\" \/>\n<script type=\"application\/ld+json\" class=\"yoast-schema-graph\">{\"@context\":\"https:\\\/\\\/schema.org\",\"@graph\":[{\"@type\":\"WebPage\",\"@id\":\"https:\\\/\\\/unitgames.com.ar\\\/pc-gamer\\\/producto\\\/microprocesador-ryzen-7-7700x\\\/\",\"url\":\"https:\\\/\\\/unitgames.com.ar\\\/pc-gamer\\\/producto\\\/microprocesador-ryzen-7-7700x\\\/\",\"name\":\"Microprocesador RYZEN 7 7700x - UnitGames\",\"isPartOf\":{\"@id\":\"https:\\\/\\\/unitgames.com.ar\\\/pc-gamer\\\/#website\"},\"primaryImageOfPage\":{\"@id\":\"https:\\\/\\\/unitgames.com.ar\\\/pc-gamer\\\/producto\\\/microprocesador-ryzen-7-7700x\\\/#primaryimage\"},\"image\":{\"@id\":\"https:\\\/\\\/unitgames.com.ar\\\/pc-gamer\\\/producto\\\/microprocesador-ryzen-7-7700x\\\/#primaryimage\"},\"thumbnailUrl\":\"https:\\\/\\\/unitgames.com.ar\\\/pc-gamer\\\/wp-content\\\/uploads\\\/2025\\\/04\\\/Microprocesador-RYZEN-7-7700x.png\",\"datePublished\":\"2025-04-15T13:27:05+00:00\",\"dateModified\":\"2026-01-09T10:15:39+00:00\",\"breadcrumb\":{\"@id\":\"https:\\\/\\\/unitgames.com.ar\\\/pc-gamer\\\/producto\\\/microprocesador-ryzen-7-7700x\\\/#breadcrumb\"},\"inLanguage\":\"es\",\"potentialAction\":[{\"@type\":\"ReadAction\",\"target\":[\"https:\\\/\\\/unitgames.com.ar\\\/pc-gamer\\\/producto\\\/microprocesador-ryzen-7-7700x\\\/\"]}]},{\"@type\":\"ImageObject\",\"inLanguage\":\"es\",\"@id\":\"https:\\\/\\\/unitgames.com.ar\\\/pc-gamer\\\/producto\\\/microprocesador-ryzen-7-7700x\\\/#primaryimage\",\"url\":\"https:\\\/\\\/unitgames.com.ar\\\/pc-gamer\\\/wp-content\\\/uploads\\\/2025\\\/04\\\/Microprocesador-RYZEN-7-7700x.png\",\"contentUrl\":\"https:\\\/\\\/unitgames.com.ar\\\/pc-gamer\\\/wp-content\\\/uploads\\\/2025\\\/04\\\/Microprocesador-RYZEN-7-7700x.png\",\"width\":1282,\"height\":1285},{\"@type\":\"BreadcrumbList\",\"@id\":\"https:\\\/\\\/unitgames.com.ar\\\/pc-gamer\\\/producto\\\/microprocesador-ryzen-7-7700x\\\/#breadcrumb\",\"itemListElement\":[{\"@type\":\"ListItem\",\"position\":1,\"name\":\"Tienda\",\"item\":\"https:\\\/\\\/unitgames.com.ar\\\/pc-gamer\\\/tienda\\\/\"},{\"@type\":\"ListItem\",\"position\":2,\"name\":\"Microprocesador RYZEN 7 7700x\"}]},{\"@type\":\"WebSite\",\"@id\":\"https:\\\/\\\/unitgames.com.ar\\\/pc-gamer\\\/#website\",\"url\":\"https:\\\/\\\/unitgames.com.ar\\\/pc-gamer\\\/\",\"name\":\"UnitGames\",\"description\":\"Venta de PC Gamers, Consolas , Servicio Tecnico Especializado. Todos en Accesorios Informaticos y Gamers\",\"publisher\":{\"@id\":\"https:\\\/\\\/unitgames.com.ar\\\/pc-gamer\\\/#organization\"},\"potentialAction\":[{\"@type\":\"SearchAction\",\"target\":{\"@type\":\"EntryPoint\",\"urlTemplate\":\"https:\\\/\\\/unitgames.com.ar\\\/pc-gamer\\\/?s={search_term_string}\"},\"query-input\":{\"@type\":\"PropertyValueSpecification\",\"valueRequired\":true,\"valueName\":\"search_term_string\"}}],\"inLanguage\":\"es\"},{\"@type\":\"Organization\",\"@id\":\"https:\\\/\\\/unitgames.com.ar\\\/pc-gamer\\\/#organization\",\"name\":\"UnitGames\",\"url\":\"https:\\\/\\\/unitgames.com.ar\\\/pc-gamer\\\/\",\"logo\":{\"@type\":\"ImageObject\",\"inLanguage\":\"es\",\"@id\":\"https:\\\/\\\/unitgames.com.ar\\\/pc-gamer\\\/#\\\/schema\\\/logo\\\/image\\\/\",\"url\":\"https:\\\/\\\/unitgames.com.ar\\\/pc-gamer\\\/wp-content\\\/uploads\\\/2021\\\/01\\\/cropped-logoUnitGames2.png\",\"contentUrl\":\"https:\\\/\\\/unitgames.com.ar\\\/pc-gamer\\\/wp-content\\\/uploads\\\/2021\\\/01\\\/cropped-logoUnitGames2.png\",\"width\":152,\"height\":200,\"caption\":\"UnitGames\"},\"image\":{\"@id\":\"https:\\\/\\\/unitgames.com.ar\\\/pc-gamer\\\/#\\\/schema\\\/logo\\\/image\\\/\"}}]}<\/script>\n<!-- \/ Yoast SEO plugin. -->","yoast_head_json":{"title":"Microprocesador RYZEN 7 7700x - UnitGames","robots":{"index":"index","follow":"follow","max-snippet":"max-snippet:-1","max-image-preview":"max-image-preview:large","max-video-preview":"max-video-preview:-1"},"canonical":"https:\/\/unitgames.com.ar\/pc-gamer\/producto\/microprocesador-ryzen-7-7700x\/","og_locale":"es_ES","og_type":"article","og_title":"Microprocesador RYZEN 7 7700x - UnitGames","og_description":"Especificaciones T\u00e9cnicas &nbsp; Arquitectura: Zen 4 (Raphael) Proceso de fabricaci\u00f3n: 5 nm (TSMC) N\u00facleos \/ Hilos: 8 n\u00facleos y 16 hilos Frecuencia base: 4.5 GHz Frecuencia m\u00e1xima (Boost): hasta 5.4 GHz Cach\u00e9: L1: 512 KB (64 KB por n\u00facleo) L2: 8 MB (1 MB por n\u00facleo) L3: 32 MB TDP: 105 W Socket: AM5 Memoria compatible: DDR5-5200 (hasta 128 GB en doble canal) Gr\u00e1ficos integrados: AMD Radeon Graphics (2 n\u00facleos de c\u00f3mputo RDNA 2, hasta 2.2 GHz) Soporte de tecnolog\u00edas: PCIe 5.0 AMD EXPO (perfiles de overclocking de memoria) AVX-512 Virtualizaci\u00f3n Refrigeraci\u00f3n: No incluye cooler; se recomienda un sistema de refrigeraci\u00f3n eficiente","og_url":"https:\/\/unitgames.com.ar\/pc-gamer\/producto\/microprocesador-ryzen-7-7700x\/","og_site_name":"UnitGames","article_modified_time":"2026-01-09T10:15:39+00:00","og_image":[{"width":1282,"height":1285,"url":"https:\/\/unitgames.com.ar\/pc-gamer\/wp-content\/uploads\/2025\/04\/Microprocesador-RYZEN-7-7700x.png","type":"image\/png"}],"twitter_card":"summary_large_image","twitter_misc":{"Tiempo de lectura":"1 minuto"},"schema":{"@context":"https:\/\/schema.org","@graph":[{"@type":"WebPage","@id":"https:\/\/unitgames.com.ar\/pc-gamer\/producto\/microprocesador-ryzen-7-7700x\/","url":"https:\/\/unitgames.com.ar\/pc-gamer\/producto\/microprocesador-ryzen-7-7700x\/","name":"Microprocesador RYZEN 7 7700x - UnitGames","isPartOf":{"@id":"https:\/\/unitgames.com.ar\/pc-gamer\/#website"},"primaryImageOfPage":{"@id":"https:\/\/unitgames.com.ar\/pc-gamer\/producto\/microprocesador-ryzen-7-7700x\/#primaryimage"},"image":{"@id":"https:\/\/unitgames.com.ar\/pc-gamer\/producto\/microprocesador-ryzen-7-7700x\/#primaryimage"},"thumbnailUrl":"https:\/\/unitgames.com.ar\/pc-gamer\/wp-content\/uploads\/2025\/04\/Microprocesador-RYZEN-7-7700x.png","datePublished":"2025-04-15T13:27:05+00:00","dateModified":"2026-01-09T10:15:39+00:00","breadcrumb":{"@id":"https:\/\/unitgames.com.ar\/pc-gamer\/producto\/microprocesador-ryzen-7-7700x\/#breadcrumb"},"inLanguage":"es","potentialAction":[{"@type":"ReadAction","target":["https:\/\/unitgames.com.ar\/pc-gamer\/producto\/microprocesador-ryzen-7-7700x\/"]}]},{"@type":"ImageObject","inLanguage":"es","@id":"https:\/\/unitgames.com.ar\/pc-gamer\/producto\/microprocesador-ryzen-7-7700x\/#primaryimage","url":"https:\/\/unitgames.com.ar\/pc-gamer\/wp-content\/uploads\/2025\/04\/Microprocesador-RYZEN-7-7700x.png","contentUrl":"https:\/\/unitgames.com.ar\/pc-gamer\/wp-content\/uploads\/2025\/04\/Microprocesador-RYZEN-7-7700x.png","width":1282,"height":1285},{"@type":"BreadcrumbList","@id":"https:\/\/unitgames.com.ar\/pc-gamer\/producto\/microprocesador-ryzen-7-7700x\/#breadcrumb","itemListElement":[{"@type":"ListItem","position":1,"name":"Tienda","item":"https:\/\/unitgames.com.ar\/pc-gamer\/tienda\/"},{"@type":"ListItem","position":2,"name":"Microprocesador RYZEN 7 7700x"}]},{"@type":"WebSite","@id":"https:\/\/unitgames.com.ar\/pc-gamer\/#website","url":"https:\/\/unitgames.com.ar\/pc-gamer\/","name":"UnitGames","description":"Venta de PC Gamers, Consolas , Servicio Tecnico Especializado. Todos en Accesorios Informaticos y Gamers","publisher":{"@id":"https:\/\/unitgames.com.ar\/pc-gamer\/#organization"},"potentialAction":[{"@type":"SearchAction","target":{"@type":"EntryPoint","urlTemplate":"https:\/\/unitgames.com.ar\/pc-gamer\/?s={search_term_string}"},"query-input":{"@type":"PropertyValueSpecification","valueRequired":true,"valueName":"search_term_string"}}],"inLanguage":"es"},{"@type":"Organization","@id":"https:\/\/unitgames.com.ar\/pc-gamer\/#organization","name":"UnitGames","url":"https:\/\/unitgames.com.ar\/pc-gamer\/","logo":{"@type":"ImageObject","inLanguage":"es","@id":"https:\/\/unitgames.com.ar\/pc-gamer\/#\/schema\/logo\/image\/","url":"https:\/\/unitgames.com.ar\/pc-gamer\/wp-content\/uploads\/2021\/01\/cropped-logoUnitGames2.png","contentUrl":"https:\/\/unitgames.com.ar\/pc-gamer\/wp-content\/uploads\/2021\/01\/cropped-logoUnitGames2.png","width":152,"height":200,"caption":"UnitGames"},"image":{"@id":"https:\/\/unitgames.com.ar\/pc-gamer\/#\/schema\/logo\/image\/"}}]}},"_links":{"self":[{"href":"https:\/\/unitgames.com.ar\/pc-gamer\/wp-json\/wp\/v2\/product\/14389","targetHints":{"allow":["GET"]}}],"collection":[{"href":"https:\/\/unitgames.com.ar\/pc-gamer\/wp-json\/wp\/v2\/product"}],"about":[{"href":"https:\/\/unitgames.com.ar\/pc-gamer\/wp-json\/wp\/v2\/types\/product"}],"version-history":[{"count":0,"href":"https:\/\/unitgames.com.ar\/pc-gamer\/wp-json\/wp\/v2\/product\/14389\/revisions"}],"wp:featuredmedia":[{"embeddable":true,"href":"https:\/\/unitgames.com.ar\/pc-gamer\/wp-json\/wp\/v2\/media\/15218"}],"wp:attachment":[{"href":"https:\/\/unitgames.com.ar\/pc-gamer\/wp-json\/wp\/v2\/media?parent=14389"}],"wp:term":[{"taxonomy":"product_brand","embeddable":true,"href":"https:\/\/unitgames.com.ar\/pc-gamer\/wp-json\/wp\/v2\/product_brand?post=14389"},{"taxonomy":"product_cat","embeddable":true,"href":"https:\/\/unitgames.com.ar\/pc-gamer\/wp-json\/wp\/v2\/product_cat?post=14389"},{"taxonomy":"product_tag","embeddable":true,"href":"https:\/\/unitgames.com.ar\/pc-gamer\/wp-json\/wp\/v2\/product_tag?post=14389"}],"curies":[{"name":"wp","href":"https:\/\/api.w.org\/{rel}","templated":true}]}}