{"id":14407,"date":"2025-04-15T12:16:27","date_gmt":"2025-04-15T15:16:27","guid":{"rendered":"https:\/\/unitgames.com.ar\/pc-gamer\/?post_type=product&#038;p=14407"},"modified":"2026-03-31T09:04:59","modified_gmt":"2026-03-31T12:04:59","slug":"notebook-hp-250-g10-r3-7330u","status":"publish","type":"product","link":"https:\/\/unitgames.com.ar\/pc-gamer\/producto\/notebook-hp-250-g10-r3-7330u\/","title":{"rendered":"Notebook HP 250 G10 R3-7330U"},"content":{"rendered":"<ul class=\"specs-list specs-list-primary specs-structure-medium\">\n<li class=\"specs-item specs-item-primary\"><strong>Marca: <\/strong>HP<\/li>\n<li class=\"specs-item specs-item-primary\"><strong>L\u00ednea:<\/strong> 250 G10<\/li>\n<li class=\"specs-item specs-item-primary\"><strong>Color: <\/strong>Gray Workforce<\/li>\n<li class=\"specs-item specs-item-primary\"><strong>Memoria\u00a0 RAM: <\/strong>8GB DDR5<\/li>\n<li class=\"specs-item specs-item-primary\"><strong>Unidad de Almacenamiento:\u00a0 <\/strong>Nvme 256 GB<\/li>\n<li><strong>Tama\u00f1o de la pantalla<\/strong> 15.6\u00bb<\/li>\n<li class=\"specs-item specs-item-primary\"><strong>Resoluci\u00f3n de la pantalla:<\/strong> 1280 x 720<\/li>\n<li class=\"specs-item specs-item-primary\"><strong>GPU: <\/strong>AMD Radeon<\/li>\n<li class=\"specs-item specs-item-primary\"><strong>Procesador: <\/strong>AMD<\/li>\n<li class=\"specs-item specs-item-primary\"><strong>Modelo Procesador: <\/strong>R3-7330U<\/li>\n<li><strong>Velocidad Procesador: <\/strong>4 N\u00facleos y 8 Subprocesos de 3,30 GHz,Turbo 4,30 GHz<\/li>\n<li><b>Conexiones y Puertos:<\/b>\n<ul class=\"specs-list specs-list-primary specs-structure-medium\">\n<li>Micr\u00f3fono S\u00ed<\/li>\n<li>Wifi: 6.0<\/li>\n<li>2 x USB 3.1 Gen 1<\/li>\n<li>1 x USB C<\/li>\n<li>1 x HDMI 1.4b<\/li>\n<li>1 x Bluetooth 5.3<\/li>\n<li>1 x Webcam HD (1280 x 720)<\/li>\n<li>1 x Combo jack auriculares\/micr\u00f3fono<\/li>\n<li>Lector de tarjetas SD\/SDHC\/SDXC<\/li>\n<\/ul>\n<\/li>\n<\/ul>\n","protected":false},"excerpt":{"rendered":"<p>Marca: HP L\u00ednea: 250 G10 Color: Gray Workforce Memoria\u00a0 RAM: 8GB DDR5 Unidad de Almacenamiento:\u00a0 Nvme 256 GB Tama\u00f1o de la pantalla 15.6\u00bb Resoluci\u00f3n de la pantalla: 1280 x 720 GPU: AMD Radeon Procesador: AMD Modelo Procesador: R3-7330U Velocidad Procesador: 4 N\u00facleos y 8 Subprocesos de 3,30 GHz,Turbo 4,30 GHz Conexiones y Puertos: Micr\u00f3fono S\u00ed Wifi: 6.0 2 x USB 3.1 Gen 1 1 x USB C 1 x HDMI 1.4b 1 x Bluetooth 5.3 1 x Webcam HD (1280 x 720) 1 x Combo jack auriculares\/micr\u00f3fono Lector de tarjetas SD\/SDHC\/SDXC<\/p>\n","protected":false},"featured_media":11030,"template":"","meta":{"site-sidebar-layout":"default","site-content-layout":"","ast-site-content-layout":"default","site-content-style":"default","site-sidebar-style":"default","ast-global-header-display":"","ast-banner-title-visibility":"","ast-main-header-display":"","ast-hfb-above-header-display":"","ast-hfb-below-header-display":"","ast-hfb-mobile-header-display":"","site-post-title":"","ast-breadcrumbs-content":"","ast-featured-img":"","footer-sml-layout":"","theme-transparent-header-meta":"default","adv-header-id-meta":"","stick-header-meta":"","header-above-stick-meta":"","header-main-stick-meta":"","header-below-stick-meta":"","astra-migrate-meta-layouts":"set","ast-page-background-enabled":"default","ast-page-background-meta":{"desktop":{"background-color":"var(--ast-global-color-5)","background-image":"","background-repeat":"repeat","background-position":"center center","background-size":"auto","background-attachment":"scroll","background-type":"","background-media":"","overlay-type":"","overlay-color":"","overlay-opacity":"","overlay-gradient":""},"tablet":{"background-color":"","background-image":"","background-repeat":"repeat","background-position":"center center","background-size":"auto","background-attachment":"scroll","background-type":"","background-media":"","overlay-type":"","overlay-color":"","overlay-opacity":"","overlay-gradient":""},"mobile":{"background-color":"","background-image":"","background-repeat":"repeat","background-position":"center center","background-size":"auto","background-attachment":"scroll","background-type":"","background-media":"","overlay-type":"","overlay-color":"","overlay-opacity":"","overlay-gradient":""}},"ast-content-background-meta":{"desktop":{"background-color":"var(--ast-global-color-4)","background-image":"","background-repeat":"repeat","background-position":"center center","background-size":"auto","background-attachment":"scroll","background-type":"","background-media":"","overlay-type":"","overlay-color":"","overlay-opacity":"","overlay-gradient":""},"tablet":{"background-color":"var(--ast-global-color-4)","background-image":"","background-repeat":"repeat","background-position":"center center","background-size":"auto","background-attachment":"scroll","background-type":"","background-media":"","overlay-type":"","overlay-color":"","overlay-opacity":"","overlay-gradient":""},"mobile":{"background-color":"var(--ast-global-color-4)","background-image":"","background-repeat":"repeat","background-position":"center center","background-size":"auto","background-attachment":"scroll","background-type":"","background-media":"","overlay-type":"","overlay-color":"","overlay-opacity":"","overlay-gradient":""}},"_joinchat":[]},"product_brand":[],"product_cat":[103,77],"product_tag":[],"class_list":{"0":"post-14407","1":"product","2":"type-product","3":"status-publish","4":"has-post-thumbnail","6":"product_cat-notebooks-equipos","7":"product_cat-notebooks","8":"desktop-align-center","9":"tablet-align-left","10":"mobile-align-left","12":"first","13":"instock","14":"shipping-taxable","15":"purchasable","16":"product-type-simple"},"yoast_head":"<!-- This site is optimized with the Yoast SEO plugin v27.3 - https:\/\/yoast.com\/product\/yoast-seo-wordpress\/ -->\n<title>Notebook HP 250 G10 R3-7330U - UnitGames<\/title>\n<meta name=\"robots\" content=\"index, follow, max-snippet:-1, max-image-preview:large, max-video-preview:-1\" \/>\n<link rel=\"canonical\" href=\"https:\/\/unitgames.com.ar\/pc-gamer\/producto\/notebook-hp-250-g10-r3-7330u\/\" \/>\n<meta property=\"og:locale\" content=\"es_ES\" \/>\n<meta property=\"og:type\" content=\"article\" \/>\n<meta property=\"og:title\" content=\"Notebook HP 250 G10 R3-7330U - UnitGames\" \/>\n<meta property=\"og:description\" content=\"Marca: HP L\u00ednea: 250 G10 Color: Gray Workforce Memoria\u00a0 RAM: 8GB DDR5 Unidad de Almacenamiento:\u00a0 Nvme 256 GB Tama\u00f1o de la pantalla 15.6\u00bb Resoluci\u00f3n de la pantalla: 1280 x 720 GPU: AMD Radeon Procesador: AMD Modelo Procesador: R3-7330U Velocidad Procesador: 4 N\u00facleos y 8 Subprocesos de 3,30 GHz,Turbo 4,30 GHz Conexiones y Puertos: Micr\u00f3fono S\u00ed Wifi: 6.0 2 x USB 3.1 Gen 1 1 x USB C 1 x HDMI 1.4b 1 x Bluetooth 5.3 1 x Webcam HD (1280 x 720) 1 x Combo jack auriculares\/micr\u00f3fono Lector de tarjetas SD\/SDHC\/SDXC\" \/>\n<meta property=\"og:url\" content=\"https:\/\/unitgames.com.ar\/pc-gamer\/producto\/notebook-hp-250-g10-r3-7330u\/\" \/>\n<meta property=\"og:site_name\" content=\"UnitGames\" \/>\n<meta property=\"article:modified_time\" content=\"2026-03-31T12:04:59+00:00\" \/>\n<meta property=\"og:image\" content=\"https:\/\/unitgames.com.ar\/pc-gamer\/wp-content\/uploads\/2024\/07\/Notebook-HP-250-G9-i3-1215u.png\" \/>\n\t<meta property=\"og:image:width\" content=\"1285\" \/>\n\t<meta property=\"og:image:height\" content=\"1284\" \/>\n\t<meta property=\"og:image:type\" content=\"image\/png\" \/>\n<meta name=\"twitter:card\" content=\"summary_large_image\" \/>\n<meta name=\"twitter:label1\" content=\"Tiempo de lectura\" \/>\n\t<meta name=\"twitter:data1\" content=\"1 minuto\" \/>\n<script type=\"application\/ld+json\" class=\"yoast-schema-graph\">{\"@context\":\"https:\\\/\\\/schema.org\",\"@graph\":[{\"@type\":\"WebPage\",\"@id\":\"https:\\\/\\\/unitgames.com.ar\\\/pc-gamer\\\/producto\\\/notebook-hp-250-g10-r3-7330u\\\/\",\"url\":\"https:\\\/\\\/unitgames.com.ar\\\/pc-gamer\\\/producto\\\/notebook-hp-250-g10-r3-7330u\\\/\",\"name\":\"Notebook HP 250 G10 R3-7330U - UnitGames\",\"isPartOf\":{\"@id\":\"https:\\\/\\\/unitgames.com.ar\\\/pc-gamer\\\/#website\"},\"primaryImageOfPage\":{\"@id\":\"https:\\\/\\\/unitgames.com.ar\\\/pc-gamer\\\/producto\\\/notebook-hp-250-g10-r3-7330u\\\/#primaryimage\"},\"image\":{\"@id\":\"https:\\\/\\\/unitgames.com.ar\\\/pc-gamer\\\/producto\\\/notebook-hp-250-g10-r3-7330u\\\/#primaryimage\"},\"thumbnailUrl\":\"https:\\\/\\\/unitgames.com.ar\\\/pc-gamer\\\/wp-content\\\/uploads\\\/2024\\\/07\\\/Notebook-HP-250-G9-i3-1215u.png\",\"datePublished\":\"2025-04-15T15:16:27+00:00\",\"dateModified\":\"2026-03-31T12:04:59+00:00\",\"breadcrumb\":{\"@id\":\"https:\\\/\\\/unitgames.com.ar\\\/pc-gamer\\\/producto\\\/notebook-hp-250-g10-r3-7330u\\\/#breadcrumb\"},\"inLanguage\":\"es\",\"potentialAction\":[{\"@type\":\"ReadAction\",\"target\":[\"https:\\\/\\\/unitgames.com.ar\\\/pc-gamer\\\/producto\\\/notebook-hp-250-g10-r3-7330u\\\/\"]}]},{\"@type\":\"ImageObject\",\"inLanguage\":\"es\",\"@id\":\"https:\\\/\\\/unitgames.com.ar\\\/pc-gamer\\\/producto\\\/notebook-hp-250-g10-r3-7330u\\\/#primaryimage\",\"url\":\"https:\\\/\\\/unitgames.com.ar\\\/pc-gamer\\\/wp-content\\\/uploads\\\/2024\\\/07\\\/Notebook-HP-250-G9-i3-1215u.png\",\"contentUrl\":\"https:\\\/\\\/unitgames.com.ar\\\/pc-gamer\\\/wp-content\\\/uploads\\\/2024\\\/07\\\/Notebook-HP-250-G9-i3-1215u.png\",\"width\":1285,\"height\":1284},{\"@type\":\"BreadcrumbList\",\"@id\":\"https:\\\/\\\/unitgames.com.ar\\\/pc-gamer\\\/producto\\\/notebook-hp-250-g10-r3-7330u\\\/#breadcrumb\",\"itemListElement\":[{\"@type\":\"ListItem\",\"position\":1,\"name\":\"Tienda\",\"item\":\"https:\\\/\\\/unitgames.com.ar\\\/pc-gamer\\\/tienda\\\/\"},{\"@type\":\"ListItem\",\"position\":2,\"name\":\"Notebook HP 250 G10 R3-7330U\"}]},{\"@type\":\"WebSite\",\"@id\":\"https:\\\/\\\/unitgames.com.ar\\\/pc-gamer\\\/#website\",\"url\":\"https:\\\/\\\/unitgames.com.ar\\\/pc-gamer\\\/\",\"name\":\"UnitGames\",\"description\":\"Venta de PC Gamers, Consolas , Servicio Tecnico Especializado. Todos en Accesorios Informaticos y Gamers\",\"publisher\":{\"@id\":\"https:\\\/\\\/unitgames.com.ar\\\/pc-gamer\\\/#organization\"},\"potentialAction\":[{\"@type\":\"SearchAction\",\"target\":{\"@type\":\"EntryPoint\",\"urlTemplate\":\"https:\\\/\\\/unitgames.com.ar\\\/pc-gamer\\\/?s={search_term_string}\"},\"query-input\":{\"@type\":\"PropertyValueSpecification\",\"valueRequired\":true,\"valueName\":\"search_term_string\"}}],\"inLanguage\":\"es\"},{\"@type\":\"Organization\",\"@id\":\"https:\\\/\\\/unitgames.com.ar\\\/pc-gamer\\\/#organization\",\"name\":\"UnitGames\",\"url\":\"https:\\\/\\\/unitgames.com.ar\\\/pc-gamer\\\/\",\"logo\":{\"@type\":\"ImageObject\",\"inLanguage\":\"es\",\"@id\":\"https:\\\/\\\/unitgames.com.ar\\\/pc-gamer\\\/#\\\/schema\\\/logo\\\/image\\\/\",\"url\":\"https:\\\/\\\/unitgames.com.ar\\\/pc-gamer\\\/wp-content\\\/uploads\\\/2021\\\/01\\\/cropped-logoUnitGames2.png\",\"contentUrl\":\"https:\\\/\\\/unitgames.com.ar\\\/pc-gamer\\\/wp-content\\\/uploads\\\/2021\\\/01\\\/cropped-logoUnitGames2.png\",\"width\":152,\"height\":200,\"caption\":\"UnitGames\"},\"image\":{\"@id\":\"https:\\\/\\\/unitgames.com.ar\\\/pc-gamer\\\/#\\\/schema\\\/logo\\\/image\\\/\"}}]}<\/script>\n<!-- \/ Yoast SEO plugin. -->","yoast_head_json":{"title":"Notebook HP 250 G10 R3-7330U - UnitGames","robots":{"index":"index","follow":"follow","max-snippet":"max-snippet:-1","max-image-preview":"max-image-preview:large","max-video-preview":"max-video-preview:-1"},"canonical":"https:\/\/unitgames.com.ar\/pc-gamer\/producto\/notebook-hp-250-g10-r3-7330u\/","og_locale":"es_ES","og_type":"article","og_title":"Notebook HP 250 G10 R3-7330U - UnitGames","og_description":"Marca: HP L\u00ednea: 250 G10 Color: Gray Workforce Memoria\u00a0 RAM: 8GB DDR5 Unidad de Almacenamiento:\u00a0 Nvme 256 GB Tama\u00f1o de la pantalla 15.6\u00bb Resoluci\u00f3n de la pantalla: 1280 x 720 GPU: AMD Radeon Procesador: AMD Modelo Procesador: R3-7330U Velocidad Procesador: 4 N\u00facleos y 8 Subprocesos de 3,30 GHz,Turbo 4,30 GHz Conexiones y Puertos: Micr\u00f3fono S\u00ed Wifi: 6.0 2 x USB 3.1 Gen 1 1 x USB C 1 x HDMI 1.4b 1 x Bluetooth 5.3 1 x Webcam HD (1280 x 720) 1 x Combo jack auriculares\/micr\u00f3fono Lector de tarjetas SD\/SDHC\/SDXC","og_url":"https:\/\/unitgames.com.ar\/pc-gamer\/producto\/notebook-hp-250-g10-r3-7330u\/","og_site_name":"UnitGames","article_modified_time":"2026-03-31T12:04:59+00:00","og_image":[{"width":1285,"height":1284,"url":"https:\/\/unitgames.com.ar\/pc-gamer\/wp-content\/uploads\/2024\/07\/Notebook-HP-250-G9-i3-1215u.png","type":"image\/png"}],"twitter_card":"summary_large_image","twitter_misc":{"Tiempo de lectura":"1 minuto"},"schema":{"@context":"https:\/\/schema.org","@graph":[{"@type":"WebPage","@id":"https:\/\/unitgames.com.ar\/pc-gamer\/producto\/notebook-hp-250-g10-r3-7330u\/","url":"https:\/\/unitgames.com.ar\/pc-gamer\/producto\/notebook-hp-250-g10-r3-7330u\/","name":"Notebook HP 250 G10 R3-7330U - UnitGames","isPartOf":{"@id":"https:\/\/unitgames.com.ar\/pc-gamer\/#website"},"primaryImageOfPage":{"@id":"https:\/\/unitgames.com.ar\/pc-gamer\/producto\/notebook-hp-250-g10-r3-7330u\/#primaryimage"},"image":{"@id":"https:\/\/unitgames.com.ar\/pc-gamer\/producto\/notebook-hp-250-g10-r3-7330u\/#primaryimage"},"thumbnailUrl":"https:\/\/unitgames.com.ar\/pc-gamer\/wp-content\/uploads\/2024\/07\/Notebook-HP-250-G9-i3-1215u.png","datePublished":"2025-04-15T15:16:27+00:00","dateModified":"2026-03-31T12:04:59+00:00","breadcrumb":{"@id":"https:\/\/unitgames.com.ar\/pc-gamer\/producto\/notebook-hp-250-g10-r3-7330u\/#breadcrumb"},"inLanguage":"es","potentialAction":[{"@type":"ReadAction","target":["https:\/\/unitgames.com.ar\/pc-gamer\/producto\/notebook-hp-250-g10-r3-7330u\/"]}]},{"@type":"ImageObject","inLanguage":"es","@id":"https:\/\/unitgames.com.ar\/pc-gamer\/producto\/notebook-hp-250-g10-r3-7330u\/#primaryimage","url":"https:\/\/unitgames.com.ar\/pc-gamer\/wp-content\/uploads\/2024\/07\/Notebook-HP-250-G9-i3-1215u.png","contentUrl":"https:\/\/unitgames.com.ar\/pc-gamer\/wp-content\/uploads\/2024\/07\/Notebook-HP-250-G9-i3-1215u.png","width":1285,"height":1284},{"@type":"BreadcrumbList","@id":"https:\/\/unitgames.com.ar\/pc-gamer\/producto\/notebook-hp-250-g10-r3-7330u\/#breadcrumb","itemListElement":[{"@type":"ListItem","position":1,"name":"Tienda","item":"https:\/\/unitgames.com.ar\/pc-gamer\/tienda\/"},{"@type":"ListItem","position":2,"name":"Notebook HP 250 G10 R3-7330U"}]},{"@type":"WebSite","@id":"https:\/\/unitgames.com.ar\/pc-gamer\/#website","url":"https:\/\/unitgames.com.ar\/pc-gamer\/","name":"UnitGames","description":"Venta de PC Gamers, Consolas , Servicio Tecnico Especializado. Todos en Accesorios Informaticos y Gamers","publisher":{"@id":"https:\/\/unitgames.com.ar\/pc-gamer\/#organization"},"potentialAction":[{"@type":"SearchAction","target":{"@type":"EntryPoint","urlTemplate":"https:\/\/unitgames.com.ar\/pc-gamer\/?s={search_term_string}"},"query-input":{"@type":"PropertyValueSpecification","valueRequired":true,"valueName":"search_term_string"}}],"inLanguage":"es"},{"@type":"Organization","@id":"https:\/\/unitgames.com.ar\/pc-gamer\/#organization","name":"UnitGames","url":"https:\/\/unitgames.com.ar\/pc-gamer\/","logo":{"@type":"ImageObject","inLanguage":"es","@id":"https:\/\/unitgames.com.ar\/pc-gamer\/#\/schema\/logo\/image\/","url":"https:\/\/unitgames.com.ar\/pc-gamer\/wp-content\/uploads\/2021\/01\/cropped-logoUnitGames2.png","contentUrl":"https:\/\/unitgames.com.ar\/pc-gamer\/wp-content\/uploads\/2021\/01\/cropped-logoUnitGames2.png","width":152,"height":200,"caption":"UnitGames"},"image":{"@id":"https:\/\/unitgames.com.ar\/pc-gamer\/#\/schema\/logo\/image\/"}}]}},"_links":{"self":[{"href":"https:\/\/unitgames.com.ar\/pc-gamer\/wp-json\/wp\/v2\/product\/14407","targetHints":{"allow":["GET"]}}],"collection":[{"href":"https:\/\/unitgames.com.ar\/pc-gamer\/wp-json\/wp\/v2\/product"}],"about":[{"href":"https:\/\/unitgames.com.ar\/pc-gamer\/wp-json\/wp\/v2\/types\/product"}],"version-history":[{"count":1,"href":"https:\/\/unitgames.com.ar\/pc-gamer\/wp-json\/wp\/v2\/product\/14407\/revisions"}],"predecessor-version":[{"id":20658,"href":"https:\/\/unitgames.com.ar\/pc-gamer\/wp-json\/wp\/v2\/product\/14407\/revisions\/20658"}],"wp:featuredmedia":[{"embeddable":true,"href":"https:\/\/unitgames.com.ar\/pc-gamer\/wp-json\/wp\/v2\/media\/11030"}],"wp:attachment":[{"href":"https:\/\/unitgames.com.ar\/pc-gamer\/wp-json\/wp\/v2\/media?parent=14407"}],"wp:term":[{"taxonomy":"product_brand","embeddable":true,"href":"https:\/\/unitgames.com.ar\/pc-gamer\/wp-json\/wp\/v2\/product_brand?post=14407"},{"taxonomy":"product_cat","embeddable":true,"href":"https:\/\/unitgames.com.ar\/pc-gamer\/wp-json\/wp\/v2\/product_cat?post=14407"},{"taxonomy":"product_tag","embeddable":true,"href":"https:\/\/unitgames.com.ar\/pc-gamer\/wp-json\/wp\/v2\/product_tag?post=14407"}],"curies":[{"name":"wp","href":"https:\/\/api.w.org\/{rel}","templated":true}]}}