{"id":14588,"date":"2025-04-29T17:43:23","date_gmt":"2025-04-29T20:43:23","guid":{"rendered":"https:\/\/unitgames.com.ar\/pc-gamer\/?post_type=product&#038;p=14588"},"modified":"2026-01-09T07:15:31","modified_gmt":"2026-01-09T10:15:31","slug":"monitor-gigabyte-24-ultragear-24gs60f-180hz","status":"publish","type":"product","link":"https:\/\/unitgames.com.ar\/pc-gamer\/producto\/monitor-gigabyte-24-ultragear-24gs60f-180hz\/","title":{"rendered":"Monitor LG 24\u00b4\u00b4 UltraGear 24GS60F 180Hz"},"content":{"rendered":"<h2 data-start=\"206\" data-end=\"234\">Especificaciones T\u00e9cnicas<\/h2>\n<p>&nbsp;<\/p>\n<p data-start=\"236\" data-end=\"1269\"><strong data-start=\"236\" data-end=\"246\">Marca:<\/strong> LG<br data-start=\"249\" data-end=\"252\" \/><strong data-start=\"252\" data-end=\"263\">Modelo:<\/strong> UltraGear 24GS60F-B<br data-start=\"283\" data-end=\"286\" \/><strong data-start=\"286\" data-end=\"309\">Tama\u00f1o de pantalla:<\/strong> 23.8\u2033<br data-start=\"315\" data-end=\"318\" data-is-only-node=\"\" \/><strong data-start=\"318\" data-end=\"341\">Tipo de resoluci\u00f3n:<\/strong> Full HD<br data-start=\"349\" data-end=\"352\" \/><strong data-start=\"352\" data-end=\"382\">Resoluci\u00f3n de la pantalla:<\/strong> 1920 x 1080 px<br data-start=\"397\" data-end=\"400\" \/><strong data-start=\"400\" data-end=\"418\">Tipo de panel:<\/strong> IPS<br data-start=\"422\" data-end=\"425\" \/><strong data-start=\"425\" data-end=\"456\">Tecnolog\u00edas de la pantalla:<\/strong> AMD FreeSync, NVIDIA G-SYNC Compatible, HDR10, Dynamic Action Sync, Black Stabilizer, Crosshair, Flicker Safe, Reader Mode<br data-start=\"579\" data-end=\"582\" \/><strong data-start=\"582\" data-end=\"609\">Frecuencia de refresco:<\/strong> 180 Hz<br data-start=\"616\" data-end=\"619\" \/><strong data-start=\"619\" data-end=\"643\">Tiempo de respuesta:<\/strong> 1 ms (GtG)<br data-start=\"654\" data-end=\"657\" \/><strong data-start=\"657\" data-end=\"684\">Conexiones del monitor:<\/strong> 1 HDMI 2.0, 1 DisplayPort 1.4, 1 salida de auriculares de 3.5 mm<br data-start=\"749\" data-end=\"752\" \/><strong data-start=\"752\" data-end=\"781\">Curvatura de la pantalla:<\/strong> No<br data-start=\"784\" data-end=\"787\" \/><strong data-start=\"787\" data-end=\"826\">Cantidad de colores de la pantalla:<\/strong> 16.7 millones (8 bits, sRGB 99%)<br data-start=\"859\" data-end=\"862\" \/><strong data-start=\"862\" data-end=\"886\">Relaci\u00f3n de aspecto:<\/strong> 16:9<br data-start=\"891\" data-end=\"894\" \/><strong data-start=\"894\" data-end=\"908\">Contraste:<\/strong> 1000:1<br data-start=\"915\" data-end=\"918\" \/><strong data-start=\"918\" data-end=\"950\">\u00c1ngulo de visi\u00f3n horizontal:<\/strong> 178\u00b0<br data-start=\"955\" data-end=\"958\" \/><strong data-start=\"958\" data-end=\"988\">\u00c1ngulo de visi\u00f3n vertical:<\/strong> 178\u00b0<br data-start=\"993\" data-end=\"996\" \/><strong data-start=\"996\" data-end=\"1007\">Brillo:<\/strong> 300 cd\/m\u00b2<br data-start=\"1017\" data-end=\"1020\" \/><strong data-start=\"1020\" data-end=\"1040\">Es antirreflejo:<\/strong> S\u00ed<br data-start=\"1043\" data-end=\"1046\" \/><strong data-start=\"1046\" data-end=\"1076\">Conexi\u00f3n para auriculares:<\/strong> S\u00ed<br data-start=\"1079\" data-end=\"1082\" \/><strong data-start=\"1082\" data-end=\"1102\">\u00bfEs reclinable?:<\/strong> S\u00ed (inclinaci\u00f3n de -5\u00b0 a 15\u00b0)<br data-start=\"1132\" data-end=\"1135\" \/><strong data-start=\"1135\" data-end=\"1156\">Tipo de pantalla:<\/strong> LED<br data-start=\"1160\" data-end=\"1163\" \/><strong data-start=\"1163\" data-end=\"1188\">Altavoces integrados:<\/strong> No<br data-start=\"1191\" data-end=\"1194\" \/><strong data-start=\"1194\" data-end=\"1211\">Montaje VESA:<\/strong> S\u00ed (100 x 100 mm)<br data-start=\"1229\" data-end=\"1232\" \/><strong data-start=\"1232\" data-end=\"1254\">Dise\u00f1o sin bordes:<\/strong> S\u00ed (3 lados)<\/p>\n<p>&nbsp;<\/p>\n","protected":false},"excerpt":{"rendered":"<p>Especificaciones T\u00e9cnicas &nbsp; Marca: LGModelo: UltraGear 24GS60F-BTama\u00f1o de pantalla: 23.8\u2033Tipo de resoluci\u00f3n: Full HDResoluci\u00f3n de la pantalla: 1920 x 1080 pxTipo de panel: IPSTecnolog\u00edas de la pantalla: AMD FreeSync, NVIDIA G-SYNC Compatible, HDR10, Dynamic Action Sync, Black Stabilizer, Crosshair, Flicker Safe, Reader ModeFrecuencia de refresco: 180 HzTiempo de respuesta: 1 ms (GtG)Conexiones del monitor: 1 HDMI 2.0, 1 DisplayPort 1.4, 1 salida de auriculares de 3.5 mmCurvatura de la pantalla: NoCantidad de colores de la pantalla: 16.7 millones (8 bits, sRGB 99%)Relaci\u00f3n de aspecto: 16:9Contraste: 1000:1\u00c1ngulo de visi\u00f3n horizontal: 178\u00b0\u00c1ngulo de visi\u00f3n vertical: 178\u00b0Brillo: 300 cd\/m\u00b2Es antirreflejo: S\u00edConexi\u00f3n para auriculares: S\u00ed\u00bfEs reclinable?: S\u00ed (inclinaci\u00f3n de -5\u00b0 a 15\u00b0)Tipo de pantalla: LEDAltavoces integrados: NoMontaje VESA: S\u00ed (100 x 100 mm)Dise\u00f1o sin bordes: S\u00ed (3 lados) &nbsp;<\/p>\n","protected":false},"featured_media":14607,"template":"","meta":{"site-sidebar-layout":"default","site-content-layout":"","ast-site-content-layout":"default","site-content-style":"default","site-sidebar-style":"default","ast-global-header-display":"","ast-banner-title-visibility":"","ast-main-header-display":"","ast-hfb-above-header-display":"","ast-hfb-below-header-display":"","ast-hfb-mobile-header-display":"","site-post-title":"","ast-breadcrumbs-content":"","ast-featured-img":"","footer-sml-layout":"","theme-transparent-header-meta":"default","adv-header-id-meta":"","stick-header-meta":"","header-above-stick-meta":"","header-main-stick-meta":"","header-below-stick-meta":"","astra-migrate-meta-layouts":"set","ast-page-background-enabled":"default","ast-page-background-meta":{"desktop":{"background-color":"var(--ast-global-color-5)","background-image":"","background-repeat":"repeat","background-position":"center center","background-size":"auto","background-attachment":"scroll","background-type":"","background-media":"","overlay-type":"","overlay-color":"","overlay-opacity":"","overlay-gradient":""},"tablet":{"background-color":"","background-image":"","background-repeat":"repeat","background-position":"center center","background-size":"auto","background-attachment":"scroll","background-type":"","background-media":"","overlay-type":"","overlay-color":"","overlay-opacity":"","overlay-gradient":""},"mobile":{"background-color":"","background-image":"","background-repeat":"repeat","background-position":"center center","background-size":"auto","background-attachment":"scroll","background-type":"","background-media":"","overlay-type":"","overlay-color":"","overlay-opacity":"","overlay-gradient":""}},"ast-content-background-meta":{"desktop":{"background-color":"var(--ast-global-color-4)","background-image":"","background-repeat":"repeat","background-position":"center center","background-size":"auto","background-attachment":"scroll","background-type":"","background-media":"","overlay-type":"","overlay-color":"","overlay-opacity":"","overlay-gradient":""},"tablet":{"background-color":"var(--ast-global-color-4)","background-image":"","background-repeat":"repeat","background-position":"center center","background-size":"auto","background-attachment":"scroll","background-type":"","background-media":"","overlay-type":"","overlay-color":"","overlay-opacity":"","overlay-gradient":""},"mobile":{"background-color":"var(--ast-global-color-4)","background-image":"","background-repeat":"repeat","background-position":"center center","background-size":"auto","background-attachment":"scroll","background-type":"","background-media":"","overlay-type":"","overlay-color":"","overlay-opacity":"","overlay-gradient":""}},"_joinchat":[]},"product_brand":[],"product_cat":[70],"product_tag":[],"class_list":{"0":"post-14588","1":"product","2":"type-product","3":"status-publish","4":"has-post-thumbnail","6":"product_cat-monitores","7":"desktop-align-center","8":"tablet-align-left","9":"mobile-align-left","11":"first","12":"instock","13":"shipping-taxable","14":"purchasable","15":"product-type-simple"},"yoast_head":"<!-- This site is optimized with the Yoast SEO plugin v27.5 - https:\/\/yoast.com\/product\/yoast-seo-wordpress\/ -->\n<title>Monitor LG 24\u00b4\u00b4 UltraGear 24GS60F 180Hz - UnitGames<\/title>\n<meta name=\"robots\" content=\"index, follow, max-snippet:-1, max-image-preview:large, max-video-preview:-1\" \/>\n<link rel=\"canonical\" href=\"https:\/\/unitgames.com.ar\/pc-gamer\/producto\/monitor-gigabyte-24-ultragear-24gs60f-180hz\/\" \/>\n<meta property=\"og:locale\" content=\"es_ES\" \/>\n<meta property=\"og:type\" content=\"article\" \/>\n<meta property=\"og:title\" content=\"Monitor LG 24\u00b4\u00b4 UltraGear 24GS60F 180Hz - UnitGames\" \/>\n<meta property=\"og:description\" content=\"Especificaciones T\u00e9cnicas &nbsp; Marca: LGModelo: UltraGear 24GS60F-BTama\u00f1o de pantalla: 23.8\u2033Tipo de resoluci\u00f3n: Full HDResoluci\u00f3n de la pantalla: 1920 x 1080 pxTipo de panel: IPSTecnolog\u00edas de la pantalla: AMD FreeSync, NVIDIA G-SYNC Compatible, HDR10, Dynamic Action Sync, Black Stabilizer, Crosshair, Flicker Safe, Reader ModeFrecuencia de refresco: 180 HzTiempo de respuesta: 1 ms (GtG)Conexiones del monitor: 1 HDMI 2.0, 1 DisplayPort 1.4, 1 salida de auriculares de 3.5 mmCurvatura de la pantalla: NoCantidad de colores de la pantalla: 16.7 millones (8 bits, sRGB 99%)Relaci\u00f3n de aspecto: 16:9Contraste: 1000:1\u00c1ngulo de visi\u00f3n horizontal: 178\u00b0\u00c1ngulo de visi\u00f3n vertical: 178\u00b0Brillo: 300 cd\/m\u00b2Es antirreflejo: S\u00edConexi\u00f3n para auriculares: S\u00ed\u00bfEs reclinable?: S\u00ed (inclinaci\u00f3n de -5\u00b0 a 15\u00b0)Tipo de pantalla: LEDAltavoces integrados: NoMontaje VESA: S\u00ed (100 x 100 mm)Dise\u00f1o sin bordes: S\u00ed (3 lados) &nbsp;\" \/>\n<meta property=\"og:url\" content=\"https:\/\/unitgames.com.ar\/pc-gamer\/producto\/monitor-gigabyte-24-ultragear-24gs60f-180hz\/\" \/>\n<meta property=\"og:site_name\" content=\"UnitGames\" \/>\n<meta property=\"article:modified_time\" content=\"2026-01-09T10:15:31+00:00\" \/>\n<meta property=\"og:image\" content=\"https:\/\/unitgames.com.ar\/pc-gamer\/wp-content\/uploads\/2025\/04\/Monitor-GIGABYTE-24\u00b4\u00b4-UltraGear-24GS60F-180Hz-scaled.png\" \/>\n\t<meta property=\"og:image:width\" content=\"2553\" \/>\n\t<meta property=\"og:image:height\" content=\"2560\" \/>\n\t<meta property=\"og:image:type\" content=\"image\/png\" \/>\n<meta name=\"twitter:card\" content=\"summary_large_image\" \/>\n<meta name=\"twitter:label1\" content=\"Tiempo de lectura\" \/>\n\t<meta name=\"twitter:data1\" content=\"1 minuto\" \/>\n<script type=\"application\/ld+json\" class=\"yoast-schema-graph\">{\"@context\":\"https:\\\/\\\/schema.org\",\"@graph\":[{\"@type\":\"WebPage\",\"@id\":\"https:\\\/\\\/unitgames.com.ar\\\/pc-gamer\\\/producto\\\/monitor-gigabyte-24-ultragear-24gs60f-180hz\\\/\",\"url\":\"https:\\\/\\\/unitgames.com.ar\\\/pc-gamer\\\/producto\\\/monitor-gigabyte-24-ultragear-24gs60f-180hz\\\/\",\"name\":\"Monitor LG 24\u00b4\u00b4 UltraGear 24GS60F 180Hz - UnitGames\",\"isPartOf\":{\"@id\":\"https:\\\/\\\/unitgames.com.ar\\\/pc-gamer\\\/#website\"},\"primaryImageOfPage\":{\"@id\":\"https:\\\/\\\/unitgames.com.ar\\\/pc-gamer\\\/producto\\\/monitor-gigabyte-24-ultragear-24gs60f-180hz\\\/#primaryimage\"},\"image\":{\"@id\":\"https:\\\/\\\/unitgames.com.ar\\\/pc-gamer\\\/producto\\\/monitor-gigabyte-24-ultragear-24gs60f-180hz\\\/#primaryimage\"},\"thumbnailUrl\":\"https:\\\/\\\/unitgames.com.ar\\\/pc-gamer\\\/wp-content\\\/uploads\\\/2025\\\/04\\\/Monitor-GIGABYTE-24\u00b4\u00b4-UltraGear-24GS60F-180Hz-scaled.png\",\"datePublished\":\"2025-04-29T20:43:23+00:00\",\"dateModified\":\"2026-01-09T10:15:31+00:00\",\"breadcrumb\":{\"@id\":\"https:\\\/\\\/unitgames.com.ar\\\/pc-gamer\\\/producto\\\/monitor-gigabyte-24-ultragear-24gs60f-180hz\\\/#breadcrumb\"},\"inLanguage\":\"es\",\"potentialAction\":[{\"@type\":\"ReadAction\",\"target\":[\"https:\\\/\\\/unitgames.com.ar\\\/pc-gamer\\\/producto\\\/monitor-gigabyte-24-ultragear-24gs60f-180hz\\\/\"]}]},{\"@type\":\"ImageObject\",\"inLanguage\":\"es\",\"@id\":\"https:\\\/\\\/unitgames.com.ar\\\/pc-gamer\\\/producto\\\/monitor-gigabyte-24-ultragear-24gs60f-180hz\\\/#primaryimage\",\"url\":\"https:\\\/\\\/unitgames.com.ar\\\/pc-gamer\\\/wp-content\\\/uploads\\\/2025\\\/04\\\/Monitor-GIGABYTE-24\u00b4\u00b4-UltraGear-24GS60F-180Hz-scaled.png\",\"contentUrl\":\"https:\\\/\\\/unitgames.com.ar\\\/pc-gamer\\\/wp-content\\\/uploads\\\/2025\\\/04\\\/Monitor-GIGABYTE-24\u00b4\u00b4-UltraGear-24GS60F-180Hz-scaled.png\",\"width\":2553,\"height\":2560},{\"@type\":\"BreadcrumbList\",\"@id\":\"https:\\\/\\\/unitgames.com.ar\\\/pc-gamer\\\/producto\\\/monitor-gigabyte-24-ultragear-24gs60f-180hz\\\/#breadcrumb\",\"itemListElement\":[{\"@type\":\"ListItem\",\"position\":1,\"name\":\"Tienda\",\"item\":\"https:\\\/\\\/unitgames.com.ar\\\/pc-gamer\\\/tienda\\\/\"},{\"@type\":\"ListItem\",\"position\":2,\"name\":\"Monitor LG 24\u00b4\u00b4 UltraGear 24GS60F 180Hz\"}]},{\"@type\":\"WebSite\",\"@id\":\"https:\\\/\\\/unitgames.com.ar\\\/pc-gamer\\\/#website\",\"url\":\"https:\\\/\\\/unitgames.com.ar\\\/pc-gamer\\\/\",\"name\":\"UnitGames\",\"description\":\"Venta de PC Gamers, Consolas , Servicio Tecnico Especializado. Todos en Accesorios Informaticos y Gamers\",\"publisher\":{\"@id\":\"https:\\\/\\\/unitgames.com.ar\\\/pc-gamer\\\/#organization\"},\"potentialAction\":[{\"@type\":\"SearchAction\",\"target\":{\"@type\":\"EntryPoint\",\"urlTemplate\":\"https:\\\/\\\/unitgames.com.ar\\\/pc-gamer\\\/?s={search_term_string}\"},\"query-input\":{\"@type\":\"PropertyValueSpecification\",\"valueRequired\":true,\"valueName\":\"search_term_string\"}}],\"inLanguage\":\"es\"},{\"@type\":\"Organization\",\"@id\":\"https:\\\/\\\/unitgames.com.ar\\\/pc-gamer\\\/#organization\",\"name\":\"UnitGames\",\"url\":\"https:\\\/\\\/unitgames.com.ar\\\/pc-gamer\\\/\",\"logo\":{\"@type\":\"ImageObject\",\"inLanguage\":\"es\",\"@id\":\"https:\\\/\\\/unitgames.com.ar\\\/pc-gamer\\\/#\\\/schema\\\/logo\\\/image\\\/\",\"url\":\"https:\\\/\\\/unitgames.com.ar\\\/pc-gamer\\\/wp-content\\\/uploads\\\/2021\\\/01\\\/cropped-logoUnitGames2.png\",\"contentUrl\":\"https:\\\/\\\/unitgames.com.ar\\\/pc-gamer\\\/wp-content\\\/uploads\\\/2021\\\/01\\\/cropped-logoUnitGames2.png\",\"width\":152,\"height\":200,\"caption\":\"UnitGames\"},\"image\":{\"@id\":\"https:\\\/\\\/unitgames.com.ar\\\/pc-gamer\\\/#\\\/schema\\\/logo\\\/image\\\/\"}}]}<\/script>\n<!-- \/ Yoast SEO plugin. -->","yoast_head_json":{"title":"Monitor LG 24\u00b4\u00b4 UltraGear 24GS60F 180Hz - UnitGames","robots":{"index":"index","follow":"follow","max-snippet":"max-snippet:-1","max-image-preview":"max-image-preview:large","max-video-preview":"max-video-preview:-1"},"canonical":"https:\/\/unitgames.com.ar\/pc-gamer\/producto\/monitor-gigabyte-24-ultragear-24gs60f-180hz\/","og_locale":"es_ES","og_type":"article","og_title":"Monitor LG 24\u00b4\u00b4 UltraGear 24GS60F 180Hz - UnitGames","og_description":"Especificaciones T\u00e9cnicas &nbsp; Marca: LGModelo: UltraGear 24GS60F-BTama\u00f1o de pantalla: 23.8\u2033Tipo de resoluci\u00f3n: Full HDResoluci\u00f3n de la pantalla: 1920 x 1080 pxTipo de panel: IPSTecnolog\u00edas de la pantalla: AMD FreeSync, NVIDIA G-SYNC Compatible, HDR10, Dynamic Action Sync, Black Stabilizer, Crosshair, Flicker Safe, Reader ModeFrecuencia de refresco: 180 HzTiempo de respuesta: 1 ms (GtG)Conexiones del monitor: 1 HDMI 2.0, 1 DisplayPort 1.4, 1 salida de auriculares de 3.5 mmCurvatura de la pantalla: NoCantidad de colores de la pantalla: 16.7 millones (8 bits, sRGB 99%)Relaci\u00f3n de aspecto: 16:9Contraste: 1000:1\u00c1ngulo de visi\u00f3n horizontal: 178\u00b0\u00c1ngulo de visi\u00f3n vertical: 178\u00b0Brillo: 300 cd\/m\u00b2Es antirreflejo: S\u00edConexi\u00f3n para auriculares: S\u00ed\u00bfEs reclinable?: S\u00ed (inclinaci\u00f3n de -5\u00b0 a 15\u00b0)Tipo de pantalla: LEDAltavoces integrados: NoMontaje VESA: S\u00ed (100 x 100 mm)Dise\u00f1o sin bordes: S\u00ed (3 lados) &nbsp;","og_url":"https:\/\/unitgames.com.ar\/pc-gamer\/producto\/monitor-gigabyte-24-ultragear-24gs60f-180hz\/","og_site_name":"UnitGames","article_modified_time":"2026-01-09T10:15:31+00:00","og_image":[{"width":2553,"height":2560,"url":"https:\/\/unitgames.com.ar\/pc-gamer\/wp-content\/uploads\/2025\/04\/Monitor-GIGABYTE-24\u00b4\u00b4-UltraGear-24GS60F-180Hz-scaled.png","type":"image\/png"}],"twitter_card":"summary_large_image","twitter_misc":{"Tiempo de lectura":"1 minuto"},"schema":{"@context":"https:\/\/schema.org","@graph":[{"@type":"WebPage","@id":"https:\/\/unitgames.com.ar\/pc-gamer\/producto\/monitor-gigabyte-24-ultragear-24gs60f-180hz\/","url":"https:\/\/unitgames.com.ar\/pc-gamer\/producto\/monitor-gigabyte-24-ultragear-24gs60f-180hz\/","name":"Monitor LG 24\u00b4\u00b4 UltraGear 24GS60F 180Hz - UnitGames","isPartOf":{"@id":"https:\/\/unitgames.com.ar\/pc-gamer\/#website"},"primaryImageOfPage":{"@id":"https:\/\/unitgames.com.ar\/pc-gamer\/producto\/monitor-gigabyte-24-ultragear-24gs60f-180hz\/#primaryimage"},"image":{"@id":"https:\/\/unitgames.com.ar\/pc-gamer\/producto\/monitor-gigabyte-24-ultragear-24gs60f-180hz\/#primaryimage"},"thumbnailUrl":"https:\/\/unitgames.com.ar\/pc-gamer\/wp-content\/uploads\/2025\/04\/Monitor-GIGABYTE-24\u00b4\u00b4-UltraGear-24GS60F-180Hz-scaled.png","datePublished":"2025-04-29T20:43:23+00:00","dateModified":"2026-01-09T10:15:31+00:00","breadcrumb":{"@id":"https:\/\/unitgames.com.ar\/pc-gamer\/producto\/monitor-gigabyte-24-ultragear-24gs60f-180hz\/#breadcrumb"},"inLanguage":"es","potentialAction":[{"@type":"ReadAction","target":["https:\/\/unitgames.com.ar\/pc-gamer\/producto\/monitor-gigabyte-24-ultragear-24gs60f-180hz\/"]}]},{"@type":"ImageObject","inLanguage":"es","@id":"https:\/\/unitgames.com.ar\/pc-gamer\/producto\/monitor-gigabyte-24-ultragear-24gs60f-180hz\/#primaryimage","url":"https:\/\/unitgames.com.ar\/pc-gamer\/wp-content\/uploads\/2025\/04\/Monitor-GIGABYTE-24\u00b4\u00b4-UltraGear-24GS60F-180Hz-scaled.png","contentUrl":"https:\/\/unitgames.com.ar\/pc-gamer\/wp-content\/uploads\/2025\/04\/Monitor-GIGABYTE-24\u00b4\u00b4-UltraGear-24GS60F-180Hz-scaled.png","width":2553,"height":2560},{"@type":"BreadcrumbList","@id":"https:\/\/unitgames.com.ar\/pc-gamer\/producto\/monitor-gigabyte-24-ultragear-24gs60f-180hz\/#breadcrumb","itemListElement":[{"@type":"ListItem","position":1,"name":"Tienda","item":"https:\/\/unitgames.com.ar\/pc-gamer\/tienda\/"},{"@type":"ListItem","position":2,"name":"Monitor LG 24\u00b4\u00b4 UltraGear 24GS60F 180Hz"}]},{"@type":"WebSite","@id":"https:\/\/unitgames.com.ar\/pc-gamer\/#website","url":"https:\/\/unitgames.com.ar\/pc-gamer\/","name":"UnitGames","description":"Venta de PC Gamers, Consolas , Servicio Tecnico Especializado. Todos en Accesorios Informaticos y Gamers","publisher":{"@id":"https:\/\/unitgames.com.ar\/pc-gamer\/#organization"},"potentialAction":[{"@type":"SearchAction","target":{"@type":"EntryPoint","urlTemplate":"https:\/\/unitgames.com.ar\/pc-gamer\/?s={search_term_string}"},"query-input":{"@type":"PropertyValueSpecification","valueRequired":true,"valueName":"search_term_string"}}],"inLanguage":"es"},{"@type":"Organization","@id":"https:\/\/unitgames.com.ar\/pc-gamer\/#organization","name":"UnitGames","url":"https:\/\/unitgames.com.ar\/pc-gamer\/","logo":{"@type":"ImageObject","inLanguage":"es","@id":"https:\/\/unitgames.com.ar\/pc-gamer\/#\/schema\/logo\/image\/","url":"https:\/\/unitgames.com.ar\/pc-gamer\/wp-content\/uploads\/2021\/01\/cropped-logoUnitGames2.png","contentUrl":"https:\/\/unitgames.com.ar\/pc-gamer\/wp-content\/uploads\/2021\/01\/cropped-logoUnitGames2.png","width":152,"height":200,"caption":"UnitGames"},"image":{"@id":"https:\/\/unitgames.com.ar\/pc-gamer\/#\/schema\/logo\/image\/"}}]}},"_links":{"self":[{"href":"https:\/\/unitgames.com.ar\/pc-gamer\/wp-json\/wp\/v2\/product\/14588","targetHints":{"allow":["GET"]}}],"collection":[{"href":"https:\/\/unitgames.com.ar\/pc-gamer\/wp-json\/wp\/v2\/product"}],"about":[{"href":"https:\/\/unitgames.com.ar\/pc-gamer\/wp-json\/wp\/v2\/types\/product"}],"version-history":[{"count":0,"href":"https:\/\/unitgames.com.ar\/pc-gamer\/wp-json\/wp\/v2\/product\/14588\/revisions"}],"wp:featuredmedia":[{"embeddable":true,"href":"https:\/\/unitgames.com.ar\/pc-gamer\/wp-json\/wp\/v2\/media\/14607"}],"wp:attachment":[{"href":"https:\/\/unitgames.com.ar\/pc-gamer\/wp-json\/wp\/v2\/media?parent=14588"}],"wp:term":[{"taxonomy":"product_brand","embeddable":true,"href":"https:\/\/unitgames.com.ar\/pc-gamer\/wp-json\/wp\/v2\/product_brand?post=14588"},{"taxonomy":"product_cat","embeddable":true,"href":"https:\/\/unitgames.com.ar\/pc-gamer\/wp-json\/wp\/v2\/product_cat?post=14588"},{"taxonomy":"product_tag","embeddable":true,"href":"https:\/\/unitgames.com.ar\/pc-gamer\/wp-json\/wp\/v2\/product_tag?post=14588"}],"curies":[{"name":"wp","href":"https:\/\/api.w.org\/{rel}","templated":true}]}}