{"id":14713,"date":"2025-05-03T12:11:03","date_gmt":"2025-05-03T15:11:03","guid":{"rendered":"https:\/\/unitgames.com.ar\/pc-gamer\/?post_type=product&#038;p=14713"},"modified":"2026-04-15T11:19:37","modified_gmt":"2026-04-15T14:19:37","slug":"carry-disk-netmak-m-2-sata-nvme-usb-3-2","status":"publish","type":"product","link":"https:\/\/unitgames.com.ar\/pc-gamer\/producto\/carry-disk-netmak-m-2-sata-nvme-usb-3-2\/","title":{"rendered":"Carry Disk NETMAK M.2. Sata \/ NVMe USB 3.2"},"content":{"rendered":"<h5>Caracter\u00edsticas y especificaciones<\/h5>\n<div>Netmak Carry Disk M.2 NVME a USB C 3.2 NM-CASE-6<\/p>\n<p>&#8211; Convierte tu disco interno M.2 NVMe PCI-e en un disco port\u00e1til.<br \/>\n&#8211; Transferencia de archivos r\u00e1pida y eficiente.<br \/>\n&#8211; Compatible con las alturas m\u00e1s comunes de discos SSD M.2 NVMe (2230, 2242, 2260, 2280).<br \/>\n&#8211; Compatible con discos M.2 NVMe con puerto M Key o B+M Key.<br \/>\n&#8211; Capacidad m\u00e1xima de 4TB.<br \/>\n&#8211; Transferencia de datos: hasta 10 Gbps.<br \/>\n&#8211; Compatible con todos los sistemas operativos.<br \/>\n&#8211; Plug and play, no requiere drivers.<br \/>\n&#8211; Material: Aluminio, ofrece una mayor disipaci\u00f3n de calor y protecci\u00f3n robusta para el disco duro.<br \/>\n&#8211; Incluye cable tipo-C 3.2 a USB 3.0.<\/p><\/div>\n","protected":false},"excerpt":{"rendered":"<p>Caracter\u00edsticas y especificaciones Netmak Carry Disk M.2 NVME a USB C 3.2 NM-CASE-6 &#8211; Convierte tu disco interno M.2 NVMe PCI-e en un disco port\u00e1til. &#8211; Transferencia de archivos r\u00e1pida y eficiente. &#8211; Compatible con las alturas m\u00e1s comunes de discos SSD M.2 NVMe (2230, 2242, 2260, 2280). &#8211; Compatible con discos M.2 NVMe con puerto M Key o B+M Key. &#8211; Capacidad m\u00e1xima de 4TB. &#8211; Transferencia de datos: hasta 10 Gbps. &#8211; Compatible con todos los sistemas operativos. &#8211; Plug and play, no requiere drivers. &#8211; Material: Aluminio, ofrece una mayor disipaci\u00f3n de calor y protecci\u00f3n robusta para el disco duro. &#8211; Incluye cable tipo-C 3.2 a USB 3.0.<\/p>\n","protected":false},"featured_media":14717,"template":"","meta":{"site-sidebar-layout":"default","site-content-layout":"","ast-site-content-layout":"default","site-content-style":"default","site-sidebar-style":"default","ast-global-header-display":"","ast-banner-title-visibility":"","ast-main-header-display":"","ast-hfb-above-header-display":"","ast-hfb-below-header-display":"","ast-hfb-mobile-header-display":"","site-post-title":"","ast-breadcrumbs-content":"","ast-featured-img":"","footer-sml-layout":"","theme-transparent-header-meta":"default","adv-header-id-meta":"","stick-header-meta":"","header-above-stick-meta":"","header-main-stick-meta":"","header-below-stick-meta":"","astra-migrate-meta-layouts":"set","ast-page-background-enabled":"default","ast-page-background-meta":{"desktop":{"background-color":"var(--ast-global-color-5)","background-image":"","background-repeat":"repeat","background-position":"center center","background-size":"auto","background-attachment":"scroll","background-type":"","background-media":"","overlay-type":"","overlay-color":"","overlay-opacity":"","overlay-gradient":""},"tablet":{"background-color":"","background-image":"","background-repeat":"repeat","background-position":"center center","background-size":"auto","background-attachment":"scroll","background-type":"","background-media":"","overlay-type":"","overlay-color":"","overlay-opacity":"","overlay-gradient":""},"mobile":{"background-color":"","background-image":"","background-repeat":"repeat","background-position":"center center","background-size":"auto","background-attachment":"scroll","background-type":"","background-media":"","overlay-type":"","overlay-color":"","overlay-opacity":"","overlay-gradient":""}},"ast-content-background-meta":{"desktop":{"background-color":"var(--ast-global-color-4)","background-image":"","background-repeat":"repeat","background-position":"center center","background-size":"auto","background-attachment":"scroll","background-type":"","background-media":"","overlay-type":"","overlay-color":"","overlay-opacity":"","overlay-gradient":""},"tablet":{"background-color":"var(--ast-global-color-4)","background-image":"","background-repeat":"repeat","background-position":"center center","background-size":"auto","background-attachment":"scroll","background-type":"","background-media":"","overlay-type":"","overlay-color":"","overlay-opacity":"","overlay-gradient":""},"mobile":{"background-color":"var(--ast-global-color-4)","background-image":"","background-repeat":"repeat","background-position":"center center","background-size":"auto","background-attachment":"scroll","background-type":"","background-media":"","overlay-type":"","overlay-color":"","overlay-opacity":"","overlay-gradient":""}},"_joinchat":[]},"product_brand":[],"product_cat":[64,141],"product_tag":[],"class_list":{"0":"post-14713","1":"product","2":"type-product","3":"status-publish","4":"has-post-thumbnail","6":"product_cat-almacenamiento","7":"product_cat-almacenamiento-externo","8":"desktop-align-center","9":"tablet-align-left","10":"mobile-align-left","12":"first","13":"instock","14":"shipping-taxable","15":"purchasable","16":"product-type-simple"},"yoast_head":"<!-- This site is optimized with the Yoast SEO plugin v27.3 - https:\/\/yoast.com\/product\/yoast-seo-wordpress\/ -->\n<title>Carry Disk NETMAK M.2. Sata \/ NVMe USB 3.2 - UnitGames<\/title>\n<meta name=\"robots\" content=\"index, follow, max-snippet:-1, max-image-preview:large, max-video-preview:-1\" \/>\n<link rel=\"canonical\" href=\"https:\/\/unitgames.com.ar\/pc-gamer\/producto\/carry-disk-netmak-m-2-sata-nvme-usb-3-2\/\" \/>\n<meta property=\"og:locale\" content=\"es_ES\" \/>\n<meta property=\"og:type\" content=\"article\" \/>\n<meta property=\"og:title\" content=\"Carry Disk NETMAK M.2. Sata \/ NVMe USB 3.2 - UnitGames\" \/>\n<meta property=\"og:description\" content=\"Caracter\u00edsticas y especificaciones Netmak Carry Disk M.2 NVME a USB C 3.2 NM-CASE-6 &#8211; Convierte tu disco interno M.2 NVMe PCI-e en un disco port\u00e1til. &#8211; Transferencia de archivos r\u00e1pida y eficiente. &#8211; Compatible con las alturas m\u00e1s comunes de discos SSD M.2 NVMe (2230, 2242, 2260, 2280). &#8211; Compatible con discos M.2 NVMe con puerto M Key o B+M Key. &#8211; Capacidad m\u00e1xima de 4TB. &#8211; Transferencia de datos: hasta 10 Gbps. &#8211; Compatible con todos los sistemas operativos. &#8211; Plug and play, no requiere drivers. &#8211; Material: Aluminio, ofrece una mayor disipaci\u00f3n de calor y protecci\u00f3n robusta para el disco duro. &#8211; Incluye cable tipo-C 3.2 a USB 3.0.\" \/>\n<meta property=\"og:url\" content=\"https:\/\/unitgames.com.ar\/pc-gamer\/producto\/carry-disk-netmak-m-2-sata-nvme-usb-3-2\/\" \/>\n<meta property=\"og:site_name\" content=\"UnitGames\" \/>\n<meta property=\"article:modified_time\" content=\"2026-04-15T14:19:37+00:00\" \/>\n<meta property=\"og:image\" content=\"https:\/\/unitgames.com.ar\/pc-gamer\/wp-content\/uploads\/2025\/05\/Carry-Disk-NETMAK-Sata.png\" \/>\n\t<meta property=\"og:image:width\" content=\"1282\" \/>\n\t<meta property=\"og:image:height\" content=\"1285\" \/>\n\t<meta property=\"og:image:type\" content=\"image\/png\" \/>\n<meta name=\"twitter:card\" content=\"summary_large_image\" \/>\n<meta name=\"twitter:label1\" content=\"Tiempo de lectura\" \/>\n\t<meta name=\"twitter:data1\" content=\"1 minuto\" \/>\n<script type=\"application\/ld+json\" class=\"yoast-schema-graph\">{\"@context\":\"https:\\\/\\\/schema.org\",\"@graph\":[{\"@type\":\"WebPage\",\"@id\":\"https:\\\/\\\/unitgames.com.ar\\\/pc-gamer\\\/producto\\\/carry-disk-netmak-m-2-sata-nvme-usb-3-2\\\/\",\"url\":\"https:\\\/\\\/unitgames.com.ar\\\/pc-gamer\\\/producto\\\/carry-disk-netmak-m-2-sata-nvme-usb-3-2\\\/\",\"name\":\"Carry Disk NETMAK M.2. Sata \\\/ NVMe USB 3.2 - UnitGames\",\"isPartOf\":{\"@id\":\"https:\\\/\\\/unitgames.com.ar\\\/pc-gamer\\\/#website\"},\"primaryImageOfPage\":{\"@id\":\"https:\\\/\\\/unitgames.com.ar\\\/pc-gamer\\\/producto\\\/carry-disk-netmak-m-2-sata-nvme-usb-3-2\\\/#primaryimage\"},\"image\":{\"@id\":\"https:\\\/\\\/unitgames.com.ar\\\/pc-gamer\\\/producto\\\/carry-disk-netmak-m-2-sata-nvme-usb-3-2\\\/#primaryimage\"},\"thumbnailUrl\":\"https:\\\/\\\/unitgames.com.ar\\\/pc-gamer\\\/wp-content\\\/uploads\\\/2025\\\/05\\\/Carry-Disk-NETMAK-Sata.png\",\"datePublished\":\"2025-05-03T15:11:03+00:00\",\"dateModified\":\"2026-04-15T14:19:37+00:00\",\"breadcrumb\":{\"@id\":\"https:\\\/\\\/unitgames.com.ar\\\/pc-gamer\\\/producto\\\/carry-disk-netmak-m-2-sata-nvme-usb-3-2\\\/#breadcrumb\"},\"inLanguage\":\"es\",\"potentialAction\":[{\"@type\":\"ReadAction\",\"target\":[\"https:\\\/\\\/unitgames.com.ar\\\/pc-gamer\\\/producto\\\/carry-disk-netmak-m-2-sata-nvme-usb-3-2\\\/\"]}]},{\"@type\":\"ImageObject\",\"inLanguage\":\"es\",\"@id\":\"https:\\\/\\\/unitgames.com.ar\\\/pc-gamer\\\/producto\\\/carry-disk-netmak-m-2-sata-nvme-usb-3-2\\\/#primaryimage\",\"url\":\"https:\\\/\\\/unitgames.com.ar\\\/pc-gamer\\\/wp-content\\\/uploads\\\/2025\\\/05\\\/Carry-Disk-NETMAK-Sata.png\",\"contentUrl\":\"https:\\\/\\\/unitgames.com.ar\\\/pc-gamer\\\/wp-content\\\/uploads\\\/2025\\\/05\\\/Carry-Disk-NETMAK-Sata.png\",\"width\":1282,\"height\":1285},{\"@type\":\"BreadcrumbList\",\"@id\":\"https:\\\/\\\/unitgames.com.ar\\\/pc-gamer\\\/producto\\\/carry-disk-netmak-m-2-sata-nvme-usb-3-2\\\/#breadcrumb\",\"itemListElement\":[{\"@type\":\"ListItem\",\"position\":1,\"name\":\"Tienda\",\"item\":\"https:\\\/\\\/unitgames.com.ar\\\/pc-gamer\\\/tienda\\\/\"},{\"@type\":\"ListItem\",\"position\":2,\"name\":\"Carry Disk NETMAK M.2. Sata \\\/ NVMe USB 3.2\"}]},{\"@type\":\"WebSite\",\"@id\":\"https:\\\/\\\/unitgames.com.ar\\\/pc-gamer\\\/#website\",\"url\":\"https:\\\/\\\/unitgames.com.ar\\\/pc-gamer\\\/\",\"name\":\"UnitGames\",\"description\":\"Venta de PC Gamers, Consolas , Servicio Tecnico Especializado. Todos en Accesorios Informaticos y Gamers\",\"publisher\":{\"@id\":\"https:\\\/\\\/unitgames.com.ar\\\/pc-gamer\\\/#organization\"},\"potentialAction\":[{\"@type\":\"SearchAction\",\"target\":{\"@type\":\"EntryPoint\",\"urlTemplate\":\"https:\\\/\\\/unitgames.com.ar\\\/pc-gamer\\\/?s={search_term_string}\"},\"query-input\":{\"@type\":\"PropertyValueSpecification\",\"valueRequired\":true,\"valueName\":\"search_term_string\"}}],\"inLanguage\":\"es\"},{\"@type\":\"Organization\",\"@id\":\"https:\\\/\\\/unitgames.com.ar\\\/pc-gamer\\\/#organization\",\"name\":\"UnitGames\",\"url\":\"https:\\\/\\\/unitgames.com.ar\\\/pc-gamer\\\/\",\"logo\":{\"@type\":\"ImageObject\",\"inLanguage\":\"es\",\"@id\":\"https:\\\/\\\/unitgames.com.ar\\\/pc-gamer\\\/#\\\/schema\\\/logo\\\/image\\\/\",\"url\":\"https:\\\/\\\/unitgames.com.ar\\\/pc-gamer\\\/wp-content\\\/uploads\\\/2021\\\/01\\\/cropped-logoUnitGames2.png\",\"contentUrl\":\"https:\\\/\\\/unitgames.com.ar\\\/pc-gamer\\\/wp-content\\\/uploads\\\/2021\\\/01\\\/cropped-logoUnitGames2.png\",\"width\":152,\"height\":200,\"caption\":\"UnitGames\"},\"image\":{\"@id\":\"https:\\\/\\\/unitgames.com.ar\\\/pc-gamer\\\/#\\\/schema\\\/logo\\\/image\\\/\"}}]}<\/script>\n<!-- \/ Yoast SEO plugin. -->","yoast_head_json":{"title":"Carry Disk NETMAK M.2. Sata \/ NVMe USB 3.2 - UnitGames","robots":{"index":"index","follow":"follow","max-snippet":"max-snippet:-1","max-image-preview":"max-image-preview:large","max-video-preview":"max-video-preview:-1"},"canonical":"https:\/\/unitgames.com.ar\/pc-gamer\/producto\/carry-disk-netmak-m-2-sata-nvme-usb-3-2\/","og_locale":"es_ES","og_type":"article","og_title":"Carry Disk NETMAK M.2. Sata \/ NVMe USB 3.2 - UnitGames","og_description":"Caracter\u00edsticas y especificaciones Netmak Carry Disk M.2 NVME a USB C 3.2 NM-CASE-6 &#8211; Convierte tu disco interno M.2 NVMe PCI-e en un disco port\u00e1til. &#8211; Transferencia de archivos r\u00e1pida y eficiente. &#8211; Compatible con las alturas m\u00e1s comunes de discos SSD M.2 NVMe (2230, 2242, 2260, 2280). &#8211; Compatible con discos M.2 NVMe con puerto M Key o B+M Key. &#8211; Capacidad m\u00e1xima de 4TB. &#8211; Transferencia de datos: hasta 10 Gbps. &#8211; Compatible con todos los sistemas operativos. &#8211; Plug and play, no requiere drivers. &#8211; Material: Aluminio, ofrece una mayor disipaci\u00f3n de calor y protecci\u00f3n robusta para el disco duro. &#8211; Incluye cable tipo-C 3.2 a USB 3.0.","og_url":"https:\/\/unitgames.com.ar\/pc-gamer\/producto\/carry-disk-netmak-m-2-sata-nvme-usb-3-2\/","og_site_name":"UnitGames","article_modified_time":"2026-04-15T14:19:37+00:00","og_image":[{"width":1282,"height":1285,"url":"https:\/\/unitgames.com.ar\/pc-gamer\/wp-content\/uploads\/2025\/05\/Carry-Disk-NETMAK-Sata.png","type":"image\/png"}],"twitter_card":"summary_large_image","twitter_misc":{"Tiempo de lectura":"1 minuto"},"schema":{"@context":"https:\/\/schema.org","@graph":[{"@type":"WebPage","@id":"https:\/\/unitgames.com.ar\/pc-gamer\/producto\/carry-disk-netmak-m-2-sata-nvme-usb-3-2\/","url":"https:\/\/unitgames.com.ar\/pc-gamer\/producto\/carry-disk-netmak-m-2-sata-nvme-usb-3-2\/","name":"Carry Disk NETMAK M.2. Sata \/ NVMe USB 3.2 - UnitGames","isPartOf":{"@id":"https:\/\/unitgames.com.ar\/pc-gamer\/#website"},"primaryImageOfPage":{"@id":"https:\/\/unitgames.com.ar\/pc-gamer\/producto\/carry-disk-netmak-m-2-sata-nvme-usb-3-2\/#primaryimage"},"image":{"@id":"https:\/\/unitgames.com.ar\/pc-gamer\/producto\/carry-disk-netmak-m-2-sata-nvme-usb-3-2\/#primaryimage"},"thumbnailUrl":"https:\/\/unitgames.com.ar\/pc-gamer\/wp-content\/uploads\/2025\/05\/Carry-Disk-NETMAK-Sata.png","datePublished":"2025-05-03T15:11:03+00:00","dateModified":"2026-04-15T14:19:37+00:00","breadcrumb":{"@id":"https:\/\/unitgames.com.ar\/pc-gamer\/producto\/carry-disk-netmak-m-2-sata-nvme-usb-3-2\/#breadcrumb"},"inLanguage":"es","potentialAction":[{"@type":"ReadAction","target":["https:\/\/unitgames.com.ar\/pc-gamer\/producto\/carry-disk-netmak-m-2-sata-nvme-usb-3-2\/"]}]},{"@type":"ImageObject","inLanguage":"es","@id":"https:\/\/unitgames.com.ar\/pc-gamer\/producto\/carry-disk-netmak-m-2-sata-nvme-usb-3-2\/#primaryimage","url":"https:\/\/unitgames.com.ar\/pc-gamer\/wp-content\/uploads\/2025\/05\/Carry-Disk-NETMAK-Sata.png","contentUrl":"https:\/\/unitgames.com.ar\/pc-gamer\/wp-content\/uploads\/2025\/05\/Carry-Disk-NETMAK-Sata.png","width":1282,"height":1285},{"@type":"BreadcrumbList","@id":"https:\/\/unitgames.com.ar\/pc-gamer\/producto\/carry-disk-netmak-m-2-sata-nvme-usb-3-2\/#breadcrumb","itemListElement":[{"@type":"ListItem","position":1,"name":"Tienda","item":"https:\/\/unitgames.com.ar\/pc-gamer\/tienda\/"},{"@type":"ListItem","position":2,"name":"Carry Disk NETMAK M.2. Sata \/ NVMe USB 3.2"}]},{"@type":"WebSite","@id":"https:\/\/unitgames.com.ar\/pc-gamer\/#website","url":"https:\/\/unitgames.com.ar\/pc-gamer\/","name":"UnitGames","description":"Venta de PC Gamers, Consolas , Servicio Tecnico Especializado. Todos en Accesorios Informaticos y Gamers","publisher":{"@id":"https:\/\/unitgames.com.ar\/pc-gamer\/#organization"},"potentialAction":[{"@type":"SearchAction","target":{"@type":"EntryPoint","urlTemplate":"https:\/\/unitgames.com.ar\/pc-gamer\/?s={search_term_string}"},"query-input":{"@type":"PropertyValueSpecification","valueRequired":true,"valueName":"search_term_string"}}],"inLanguage":"es"},{"@type":"Organization","@id":"https:\/\/unitgames.com.ar\/pc-gamer\/#organization","name":"UnitGames","url":"https:\/\/unitgames.com.ar\/pc-gamer\/","logo":{"@type":"ImageObject","inLanguage":"es","@id":"https:\/\/unitgames.com.ar\/pc-gamer\/#\/schema\/logo\/image\/","url":"https:\/\/unitgames.com.ar\/pc-gamer\/wp-content\/uploads\/2021\/01\/cropped-logoUnitGames2.png","contentUrl":"https:\/\/unitgames.com.ar\/pc-gamer\/wp-content\/uploads\/2021\/01\/cropped-logoUnitGames2.png","width":152,"height":200,"caption":"UnitGames"},"image":{"@id":"https:\/\/unitgames.com.ar\/pc-gamer\/#\/schema\/logo\/image\/"}}]}},"_links":{"self":[{"href":"https:\/\/unitgames.com.ar\/pc-gamer\/wp-json\/wp\/v2\/product\/14713","targetHints":{"allow":["GET"]}}],"collection":[{"href":"https:\/\/unitgames.com.ar\/pc-gamer\/wp-json\/wp\/v2\/product"}],"about":[{"href":"https:\/\/unitgames.com.ar\/pc-gamer\/wp-json\/wp\/v2\/types\/product"}],"version-history":[{"count":0,"href":"https:\/\/unitgames.com.ar\/pc-gamer\/wp-json\/wp\/v2\/product\/14713\/revisions"}],"wp:featuredmedia":[{"embeddable":true,"href":"https:\/\/unitgames.com.ar\/pc-gamer\/wp-json\/wp\/v2\/media\/14717"}],"wp:attachment":[{"href":"https:\/\/unitgames.com.ar\/pc-gamer\/wp-json\/wp\/v2\/media?parent=14713"}],"wp:term":[{"taxonomy":"product_brand","embeddable":true,"href":"https:\/\/unitgames.com.ar\/pc-gamer\/wp-json\/wp\/v2\/product_brand?post=14713"},{"taxonomy":"product_cat","embeddable":true,"href":"https:\/\/unitgames.com.ar\/pc-gamer\/wp-json\/wp\/v2\/product_cat?post=14713"},{"taxonomy":"product_tag","embeddable":true,"href":"https:\/\/unitgames.com.ar\/pc-gamer\/wp-json\/wp\/v2\/product_tag?post=14713"}],"curies":[{"name":"wp","href":"https:\/\/api.w.org\/{rel}","templated":true}]}}